{"id":3311,"date":"2023-12-07T23:46:14","date_gmt":"2023-12-07T23:46:14","guid":{"rendered":"https:\/\/www.sinchisinchi.com\/producto\/salbei-buendel\/"},"modified":"2023-12-27T10:03:05","modified_gmt":"2023-12-27T10:03:05","slug":"salbei-buendel","status":"publish","type":"product","link":"https:\/\/www.sinchisinchi.com\/de\/producto\/salbei-buendel\/","title":{"rendered":"Salvia Officinalis"},"content":{"rendered":"<h2 style=\"text-align: center;\">Geb\u00fcndelte Salbeibl\u00e4tter (Salvia officinalis)<\/h2>\n","protected":false},"excerpt":{"rendered":"<p><span style=\"color: #000000;\">B\u00fcndel Salbeibl\u00e4tter (Salvia officinalis), sorgf\u00e4ltig ausgew\u00e4hlt und gruppiert, zur Verwendung als R\u00e4ucherwerk vorbereitet. Sobald das Salbeib\u00fcndel vorbereitet ist, wird ein Ende angez\u00fcndet, sodass die Bl\u00e4tter langsam brennen k\u00f6nnen.<\/span><\/p>\n<p>&nbsp;<\/p>\n<p><span style=\"color: #000000;\">Salbei wird seit der Antike in Ritualen und Zeremonien verschiedener Kulturen wegen seiner reinigenden, verbindenden und sch\u00fctzenden Eigenschaften verwendet. Es hat auch Eigenschaften, die geistige Klarheit und Konzentration f\u00f6rdern.<\/span><\/p>\n<p>&nbsp;<\/p>\n<p><span style=\"color: #000000;\">Salbei (Salvia officinalis) ist eine mehrj\u00e4hrige Pflanze aus der Familie der Lippenbl\u00fctler (Lamiaceae), die f\u00fcr ihre gr\u00fcnlich-grauen Bl\u00e4tter und ihr unverwechselbares Aroma bekannt ist. Der im Mittelmeerraum beheimatete Salbei erfreut sich aufgrund seiner kulinarischen Verwendung sowie seiner medizinischen und esoterischen Eigenschaften weltweit gro\u00dfer Beliebtheit. Seine Bl\u00e4tter sind mit kleinen H\u00e4rchen bedeckt, die \u00e4therische \u00d6le enthalten, die zu seinem charakteristischen Aroma und Geschmack beitragen.<\/span><\/p>\n<p>&nbsp;<\/p>\n<p><span style=\"color: #000000;\">Es gab eine Zeit, in der es dank seiner umfassenden medizinischen Eigenschaften als die Pflanze galt, \u201edie alles heilt\u201c.<\/span><\/p>\n","protected":false},"featured_media":2467,"template":"","meta":{"_joinchat":[]},"product_brand":[],"product_cat":[123],"product_tag":[],"class_list":{"0":"post-3311","1":"product","2":"type-product","3":"status-publish","4":"has-post-thumbnail","6":"product_cat-salbei","8":"first","9":"instock","10":"taxable","11":"shipping-taxable","12":"purchasable","13":"product-type-simple"},"yoast_head":"<!-- This site is optimized with the Yoast SEO plugin v27.1.1 - https:\/\/yoast.com\/product\/yoast-seo-wordpress\/ -->\n<title>B\u00fcndel kalifornischer wei\u00dfer Salbei: Online-Shop von Sahumerios<\/title>\n<meta name=\"description\" content=\"B\u00fcndel Salbeibl\u00e4tter (Salvia officinalis), sorgf\u00e4ltig ausgew\u00e4hlt und gruppiert, zur Verwendung als R\u00e4ucherwerk vorbereitet.\" \/>\n<meta name=\"robots\" content=\"index, follow, max-snippet:-1, max-image-preview:large, max-video-preview:-1\" \/>\n<link rel=\"canonical\" href=\"https:\/\/www.sinchisinchi.com\/de\/producto\/salbei-buendel\/\" \/>\n<meta property=\"og:locale\" content=\"de_DE\" \/>\n<meta property=\"og:type\" content=\"article\" \/>\n<meta property=\"og:title\" content=\"B\u00fcndel kalifornischer wei\u00dfer Salbei: Online-Shop von Sahumerios\" \/>\n<meta property=\"og:description\" content=\"B\u00fcndel Salbeibl\u00e4tter (Salvia officinalis), sorgf\u00e4ltig ausgew\u00e4hlt und gruppiert, zur Verwendung als R\u00e4ucherwerk vorbereitet.\" \/>\n<meta property=\"og:url\" content=\"https:\/\/www.sinchisinchi.com\/de\/producto\/salbei-buendel\/\" \/>\n<meta property=\"og:site_name\" content=\"SINCHI RAP\u00c9\" \/>\n<meta property=\"article:publisher\" content=\"https:\/\/www.facebook.com\/sinchirape\/\" \/>\n<meta property=\"article:modified_time\" content=\"2023-12-27T10:03:05+00:00\" \/>\n<meta property=\"og:image\" content=\"https:\/\/www.sinchisinchi.com\/wp-content\/uploads\/2020\/06\/atado-de-salvia-b.jpg\" \/>\n\t<meta property=\"og:image:width\" content=\"600\" \/>\n\t<meta property=\"og:image:height\" content=\"600\" \/>\n\t<meta property=\"og:image:type\" content=\"image\/jpeg\" \/>\n<meta name=\"twitter:card\" content=\"summary_large_image\" \/>\n<script type=\"application\/ld+json\" class=\"yoast-schema-graph\">{\"@context\":\"https:\/\/schema.org\",\"@graph\":[{\"@type\":\"WebPage\",\"@id\":\"https:\/\/www.sinchisinchi.com\/de\/producto\/salbei-buendel\/\",\"url\":\"https:\/\/www.sinchisinchi.com\/de\/producto\/salbei-buendel\/\",\"name\":\"B\u00fcndel kalifornischer wei\u00dfer Salbei: Online-Shop von Sahumerios\",\"isPartOf\":{\"@id\":\"https:\/\/www.sinchisinchi.com\/de\/#website\"},\"primaryImageOfPage\":{\"@id\":\"https:\/\/www.sinchisinchi.com\/de\/producto\/salbei-buendel\/#primaryimage\"},\"image\":{\"@id\":\"https:\/\/www.sinchisinchi.com\/de\/producto\/salbei-buendel\/#primaryimage\"},\"thumbnailUrl\":\"https:\/\/www.sinchisinchi.com\/wp-content\/uploads\/2020\/06\/atado-de-salvia-b.jpg\",\"datePublished\":\"2023-12-07T23:46:14+00:00\",\"dateModified\":\"2023-12-27T10:03:05+00:00\",\"description\":\"B\u00fcndel Salbeibl\u00e4tter (Salvia officinalis), sorgf\u00e4ltig ausgew\u00e4hlt und gruppiert, zur Verwendung als R\u00e4ucherwerk vorbereitet.\",\"breadcrumb\":{\"@id\":\"https:\/\/www.sinchisinchi.com\/de\/producto\/salbei-buendel\/#breadcrumb\"},\"inLanguage\":\"de\",\"potentialAction\":[{\"@type\":\"ReadAction\",\"target\":[\"https:\/\/www.sinchisinchi.com\/de\/producto\/salbei-buendel\/\"]}]},{\"@type\":\"ImageObject\",\"inLanguage\":\"de\",\"@id\":\"https:\/\/www.sinchisinchi.com\/de\/producto\/salbei-buendel\/#primaryimage\",\"url\":\"https:\/\/www.sinchisinchi.com\/wp-content\/uploads\/2020\/06\/atado-de-salvia-b.jpg\",\"contentUrl\":\"https:\/\/www.sinchisinchi.com\/wp-content\/uploads\/2020\/06\/atado-de-salvia-b.jpg\",\"width\":600,\"height\":600},{\"@type\":\"BreadcrumbList\",\"@id\":\"https:\/\/www.sinchisinchi.com\/de\/producto\/salbei-buendel\/#breadcrumb\",\"itemListElement\":[{\"@type\":\"ListItem\",\"position\":1,\"name\":\"Titelseite\",\"item\":\"https:\/\/www.sinchisinchi.com\/de\/\"},{\"@type\":\"ListItem\",\"position\":2,\"name\":\"Produkte\",\"item\":\"https:\/\/www.sinchisinchi.com\/de\/shop\/\"},{\"@type\":\"ListItem\",\"position\":3,\"name\":\"Salvia Officinalis\"}]},{\"@type\":\"WebSite\",\"@id\":\"https:\/\/www.sinchisinchi.com\/de\/#website\",\"url\":\"https:\/\/www.sinchisinchi.com\/de\/\",\"name\":\"SINCHI\",\"description\":\"Sinchi Medicine\",\"publisher\":{\"@id\":\"https:\/\/www.sinchisinchi.com\/de\/#organization\"},\"potentialAction\":[{\"@type\":\"SearchAction\",\"target\":{\"@type\":\"EntryPoint\",\"urlTemplate\":\"https:\/\/www.sinchisinchi.com\/de\/?s={search_term_string}\"},\"query-input\":{\"@type\":\"PropertyValueSpecification\",\"valueRequired\":true,\"valueName\":\"search_term_string\"}}],\"inLanguage\":\"de\"},{\"@type\":\"Organization\",\"@id\":\"https:\/\/www.sinchisinchi.com\/de\/#organization\",\"name\":\"SINCHI S.L\",\"url\":\"https:\/\/www.sinchisinchi.com\/de\/\",\"logo\":{\"@type\":\"ImageObject\",\"inLanguage\":\"de\",\"@id\":\"https:\/\/www.sinchisinchi.com\/de\/#\/schema\/logo\/image\/\",\"url\":\"https:\/\/www.sinchisinchi.com\/wp-content\/uploads\/2026\/01\/3b-Verde-SIMPLIFICADO-HORIZONTAL-F-TRANSPARENTE-scaled.png\",\"contentUrl\":\"https:\/\/www.sinchisinchi.com\/wp-content\/uploads\/2026\/01\/3b-Verde-SIMPLIFICADO-HORIZONTAL-F-TRANSPARENTE-scaled.png\",\"width\":2560,\"height\":457,\"caption\":\"SINCHI S.L\"},\"image\":{\"@id\":\"https:\/\/www.sinchisinchi.com\/de\/#\/schema\/logo\/image\/\"},\"sameAs\":[\"https:\/\/www.facebook.com\/sinchirape\/\",\"https:\/\/www.instagram.com\/sinchi_rape\/\"]}]}<\/script>\n<!-- \/ Yoast SEO plugin. -->","yoast_head_json":{"title":"B\u00fcndel kalifornischer wei\u00dfer Salbei: Online-Shop von Sahumerios","description":"B\u00fcndel Salbeibl\u00e4tter (Salvia officinalis), sorgf\u00e4ltig ausgew\u00e4hlt und gruppiert, zur Verwendung als R\u00e4ucherwerk vorbereitet.","robots":{"index":"index","follow":"follow","max-snippet":"max-snippet:-1","max-image-preview":"max-image-preview:large","max-video-preview":"max-video-preview:-1"},"canonical":"https:\/\/www.sinchisinchi.com\/de\/producto\/salbei-buendel\/","og_locale":"de_DE","og_type":"article","og_title":"B\u00fcndel kalifornischer wei\u00dfer Salbei: Online-Shop von Sahumerios","og_description":"B\u00fcndel Salbeibl\u00e4tter (Salvia officinalis), sorgf\u00e4ltig ausgew\u00e4hlt und gruppiert, zur Verwendung als R\u00e4ucherwerk vorbereitet.","og_url":"https:\/\/www.sinchisinchi.com\/de\/producto\/salbei-buendel\/","og_site_name":"SINCHI RAP\u00c9","article_publisher":"https:\/\/www.facebook.com\/sinchirape\/","article_modified_time":"2023-12-27T10:03:05+00:00","og_image":[{"width":600,"height":600,"url":"https:\/\/www.sinchisinchi.com\/wp-content\/uploads\/2020\/06\/atado-de-salvia-b.jpg","type":"image\/jpeg"}],"twitter_card":"summary_large_image","schema":{"@context":"https:\/\/schema.org","@graph":[{"@type":"WebPage","@id":"https:\/\/www.sinchisinchi.com\/de\/producto\/salbei-buendel\/","url":"https:\/\/www.sinchisinchi.com\/de\/producto\/salbei-buendel\/","name":"B\u00fcndel kalifornischer wei\u00dfer Salbei: Online-Shop von Sahumerios","isPartOf":{"@id":"https:\/\/www.sinchisinchi.com\/de\/#website"},"primaryImageOfPage":{"@id":"https:\/\/www.sinchisinchi.com\/de\/producto\/salbei-buendel\/#primaryimage"},"image":{"@id":"https:\/\/www.sinchisinchi.com\/de\/producto\/salbei-buendel\/#primaryimage"},"thumbnailUrl":"https:\/\/www.sinchisinchi.com\/wp-content\/uploads\/2020\/06\/atado-de-salvia-b.jpg","datePublished":"2023-12-07T23:46:14+00:00","dateModified":"2023-12-27T10:03:05+00:00","description":"B\u00fcndel Salbeibl\u00e4tter (Salvia officinalis), sorgf\u00e4ltig ausgew\u00e4hlt und gruppiert, zur Verwendung als R\u00e4ucherwerk vorbereitet.","breadcrumb":{"@id":"https:\/\/www.sinchisinchi.com\/de\/producto\/salbei-buendel\/#breadcrumb"},"inLanguage":"de","potentialAction":[{"@type":"ReadAction","target":["https:\/\/www.sinchisinchi.com\/de\/producto\/salbei-buendel\/"]}]},{"@type":"ImageObject","inLanguage":"de","@id":"https:\/\/www.sinchisinchi.com\/de\/producto\/salbei-buendel\/#primaryimage","url":"https:\/\/www.sinchisinchi.com\/wp-content\/uploads\/2020\/06\/atado-de-salvia-b.jpg","contentUrl":"https:\/\/www.sinchisinchi.com\/wp-content\/uploads\/2020\/06\/atado-de-salvia-b.jpg","width":600,"height":600},{"@type":"BreadcrumbList","@id":"https:\/\/www.sinchisinchi.com\/de\/producto\/salbei-buendel\/#breadcrumb","itemListElement":[{"@type":"ListItem","position":1,"name":"Titelseite","item":"https:\/\/www.sinchisinchi.com\/de\/"},{"@type":"ListItem","position":2,"name":"Produkte","item":"https:\/\/www.sinchisinchi.com\/de\/shop\/"},{"@type":"ListItem","position":3,"name":"Salvia Officinalis"}]},{"@type":"WebSite","@id":"https:\/\/www.sinchisinchi.com\/de\/#website","url":"https:\/\/www.sinchisinchi.com\/de\/","name":"SINCHI","description":"Sinchi Medicine","publisher":{"@id":"https:\/\/www.sinchisinchi.com\/de\/#organization"},"potentialAction":[{"@type":"SearchAction","target":{"@type":"EntryPoint","urlTemplate":"https:\/\/www.sinchisinchi.com\/de\/?s={search_term_string}"},"query-input":{"@type":"PropertyValueSpecification","valueRequired":true,"valueName":"search_term_string"}}],"inLanguage":"de"},{"@type":"Organization","@id":"https:\/\/www.sinchisinchi.com\/de\/#organization","name":"SINCHI S.L","url":"https:\/\/www.sinchisinchi.com\/de\/","logo":{"@type":"ImageObject","inLanguage":"de","@id":"https:\/\/www.sinchisinchi.com\/de\/#\/schema\/logo\/image\/","url":"https:\/\/www.sinchisinchi.com\/wp-content\/uploads\/2026\/01\/3b-Verde-SIMPLIFICADO-HORIZONTAL-F-TRANSPARENTE-scaled.png","contentUrl":"https:\/\/www.sinchisinchi.com\/wp-content\/uploads\/2026\/01\/3b-Verde-SIMPLIFICADO-HORIZONTAL-F-TRANSPARENTE-scaled.png","width":2560,"height":457,"caption":"SINCHI S.L"},"image":{"@id":"https:\/\/www.sinchisinchi.com\/de\/#\/schema\/logo\/image\/"},"sameAs":["https:\/\/www.facebook.com\/sinchirape\/","https:\/\/www.instagram.com\/sinchi_rape\/"]}]}},"_links":{"self":[{"href":"https:\/\/www.sinchisinchi.com\/de\/wp-json\/wp\/v2\/product\/3311","targetHints":{"allow":["GET"]}}],"collection":[{"href":"https:\/\/www.sinchisinchi.com\/de\/wp-json\/wp\/v2\/product"}],"about":[{"href":"https:\/\/www.sinchisinchi.com\/de\/wp-json\/wp\/v2\/types\/product"}],"wp:featuredmedia":[{"embeddable":true,"href":"https:\/\/www.sinchisinchi.com\/de\/wp-json\/wp\/v2\/media\/2467"}],"wp:attachment":[{"href":"https:\/\/www.sinchisinchi.com\/de\/wp-json\/wp\/v2\/media?parent=3311"}],"wp:term":[{"taxonomy":"product_brand","embeddable":true,"href":"https:\/\/www.sinchisinchi.com\/de\/wp-json\/wp\/v2\/product_brand?post=3311"},{"taxonomy":"product_cat","embeddable":true,"href":"https:\/\/www.sinchisinchi.com\/de\/wp-json\/wp\/v2\/product_cat?post=3311"},{"taxonomy":"product_tag","embeddable":true,"href":"https:\/\/www.sinchisinchi.com\/de\/wp-json\/wp\/v2\/product_tag?post=3311"}],"curies":[{"name":"wp","href":"https:\/\/api.w.org\/{rel}","templated":true}]}}