{"id":3313,"date":"2023-12-07T00:22:17","date_gmt":"2023-12-07T00:22:17","guid":{"rendered":"https:\/\/www.sinchisinchi.com\/producto\/rotes-sandelholz\/"},"modified":"2024-07-05T10:51:05","modified_gmt":"2024-07-05T10:51:05","slug":"rotes-sandelholz","status":"publish","type":"product","link":"https:\/\/www.sinchisinchi.com\/de\/producto\/rotes-sandelholz\/","title":{"rendered":"Rotes Sandelholz"},"content":{"rendered":"<h2 style=\"text-align: center;\">Der Rote Sandelholzbaum<\/h2>\n<p>Rotes Sandelholz (Pterocarpus Soyauxii) ist ein im tropischen Afrika beheimateter Baum. Das Holz dieser Pflanze hat eine Farbe, die von leuchtendem Rot bis Orange variiert, und ist widerstandsf\u00e4higer und kompakter als das von wei\u00dfem Sandelholz.<\/p>\n<p>Rotes Sandelholz (Pterocarpus santalinus) ist allgemein als indisches rotes Sandelholz bekannt. Sie ist in S\u00fcdindien beheimatet, kommt aber auch in Sri Lanka und anderen Gebieten S\u00fcdostasiens vor.<\/p>\n","protected":false},"excerpt":{"rendered":"<p>Rotes Sandelholzpulver f\u00fcr R\u00e4uchergef\u00e4\u00dfe. Sein Aroma hat s\u00fc\u00dfe, holzige und erdige Noten.<\/p>\n<p>In verschiedenen Kulturen gilt Sandelholz als heiliges Holz. Sein Aroma wird mit Reinigung, Spiritualit\u00e4t und Verbindung mit dem G\u00f6ttlichen in Verbindung gebracht.<\/p>\n<p>Aufgrund seiner starken sch\u00fctzenden, reinigenden und verbindenden Eigenschaften wird es in Ritualen, Zeremonien und bei der Reinigung eingesetzt. Sein sanfter und beruhigender Duft tr\u00e4gt dazu bei, eine Umgebung zu schaffen, die Konzentration, Entspannung und geistige Konzentration f\u00f6rdert.<\/p>\n<p>Rotes Sandelholz wird oft mit dem Herzchakra in Verbindung gebracht und soll dabei helfen, das Herz zu \u00f6ffnen, Mitgef\u00fchl zu f\u00f6rdern und emotionale Verbindungen zu st\u00e4rken.<\/p>\n","protected":false},"featured_media":15779,"template":"","meta":{"_joinchat":[]},"product_brand":[],"product_cat":[332,371],"product_tag":[],"class_list":{"0":"post-3313","1":"product","2":"type-product","3":"status-publish","4":"has-post-thumbnail","6":"product_cat-myrrhe","7":"product_cat-sandelholz","9":"first","10":"instock","11":"taxable","12":"shipping-taxable","13":"purchasable","14":"product-type-variable"},"yoast_head":"<!-- This site is optimized with the Yoast SEO plugin v27.4 - https:\/\/yoast.com\/product\/yoast-seo-wordpress\/ -->\n<title>Rotes Sandelholzpulver: Online Sahumerios Store<\/title>\n<meta name=\"description\" content=\"Rotes Sandelholzpulver f\u00fcr R\u00e4uchergef\u00e4\u00dfe. Aufgrund seiner starken sch\u00fctzenden, reinigenden und verbindenden Eigenschaften wird es in Ritualen, Zeremonien und bei der Reinigung eingesetzt.\" \/>\n<meta name=\"robots\" content=\"index, follow, max-snippet:-1, max-image-preview:large, max-video-preview:-1\" \/>\n<link rel=\"canonical\" href=\"https:\/\/www.sinchisinchi.com\/de\/producto\/rotes-sandelholz\/\" \/>\n<meta property=\"og:locale\" content=\"de_DE\" \/>\n<meta property=\"og:type\" content=\"article\" \/>\n<meta property=\"og:title\" content=\"Rotes Sandelholzpulver: Online Sahumerios Store\" \/>\n<meta property=\"og:description\" content=\"Rotes Sandelholzpulver f\u00fcr R\u00e4uchergef\u00e4\u00dfe. Aufgrund seiner starken sch\u00fctzenden, reinigenden und verbindenden Eigenschaften wird es in Ritualen, Zeremonien und bei der Reinigung eingesetzt.\" \/>\n<meta property=\"og:url\" content=\"https:\/\/www.sinchisinchi.com\/de\/producto\/rotes-sandelholz\/\" \/>\n<meta property=\"og:site_name\" content=\"SINCHI RAP\u00c9\" \/>\n<meta property=\"article:publisher\" content=\"https:\/\/www.facebook.com\/sinchirape\/\" \/>\n<meta property=\"article:modified_time\" content=\"2024-07-05T10:51:05+00:00\" \/>\n<meta property=\"og:image\" content=\"https:\/\/www.sinchisinchi.com\/wp-content\/uploads\/2023\/12\/sandalo-rojo.png\" \/>\n\t<meta property=\"og:image:width\" content=\"600\" \/>\n\t<meta property=\"og:image:height\" content=\"600\" \/>\n\t<meta property=\"og:image:type\" content=\"image\/png\" \/>\n<meta name=\"twitter:card\" content=\"summary_large_image\" \/>\n<script type=\"application\/ld+json\" class=\"yoast-schema-graph\">{\"@context\":\"https:\\\/\\\/schema.org\",\"@graph\":[{\"@type\":\"WebPage\",\"@id\":\"https:\\\/\\\/www.sinchisinchi.com\\\/de\\\/producto\\\/rotes-sandelholz\\\/\",\"url\":\"https:\\\/\\\/www.sinchisinchi.com\\\/de\\\/producto\\\/rotes-sandelholz\\\/\",\"name\":\"Rotes Sandelholzpulver: Online Sahumerios Store\",\"isPartOf\":{\"@id\":\"https:\\\/\\\/www.sinchisinchi.com\\\/de\\\/#website\"},\"primaryImageOfPage\":{\"@id\":\"https:\\\/\\\/www.sinchisinchi.com\\\/de\\\/producto\\\/rotes-sandelholz\\\/#primaryimage\"},\"image\":{\"@id\":\"https:\\\/\\\/www.sinchisinchi.com\\\/de\\\/producto\\\/rotes-sandelholz\\\/#primaryimage\"},\"thumbnailUrl\":\"https:\\\/\\\/www.sinchisinchi.com\\\/wp-content\\\/uploads\\\/2023\\\/12\\\/sandalo-rojo.png\",\"datePublished\":\"2023-12-07T00:22:17+00:00\",\"dateModified\":\"2024-07-05T10:51:05+00:00\",\"description\":\"Rotes Sandelholzpulver f\u00fcr R\u00e4uchergef\u00e4\u00dfe. Aufgrund seiner starken sch\u00fctzenden, reinigenden und verbindenden Eigenschaften wird es in Ritualen, Zeremonien und bei der Reinigung eingesetzt.\",\"breadcrumb\":{\"@id\":\"https:\\\/\\\/www.sinchisinchi.com\\\/de\\\/producto\\\/rotes-sandelholz\\\/#breadcrumb\"},\"inLanguage\":\"de\",\"potentialAction\":[{\"@type\":\"ReadAction\",\"target\":[\"https:\\\/\\\/www.sinchisinchi.com\\\/de\\\/producto\\\/rotes-sandelholz\\\/\"]}]},{\"@type\":\"ImageObject\",\"inLanguage\":\"de\",\"@id\":\"https:\\\/\\\/www.sinchisinchi.com\\\/de\\\/producto\\\/rotes-sandelholz\\\/#primaryimage\",\"url\":\"https:\\\/\\\/www.sinchisinchi.com\\\/wp-content\\\/uploads\\\/2023\\\/12\\\/sandalo-rojo.png\",\"contentUrl\":\"https:\\\/\\\/www.sinchisinchi.com\\\/wp-content\\\/uploads\\\/2023\\\/12\\\/sandalo-rojo.png\",\"width\":600,\"height\":600},{\"@type\":\"BreadcrumbList\",\"@id\":\"https:\\\/\\\/www.sinchisinchi.com\\\/de\\\/producto\\\/rotes-sandelholz\\\/#breadcrumb\",\"itemListElement\":[{\"@type\":\"ListItem\",\"position\":1,\"name\":\"Titelseite\",\"item\":\"https:\\\/\\\/www.sinchisinchi.com\\\/de\\\/\"},{\"@type\":\"ListItem\",\"position\":2,\"name\":\"Produkte\",\"item\":\"https:\\\/\\\/www.sinchisinchi.com\\\/de\\\/shop\\\/\"},{\"@type\":\"ListItem\",\"position\":3,\"name\":\"Rotes Sandelholz\"}]},{\"@type\":\"WebSite\",\"@id\":\"https:\\\/\\\/www.sinchisinchi.com\\\/de\\\/#website\",\"url\":\"https:\\\/\\\/www.sinchisinchi.com\\\/de\\\/\",\"name\":\"SINCHI\",\"description\":\"Sinchi Medicine\",\"publisher\":{\"@id\":\"https:\\\/\\\/www.sinchisinchi.com\\\/de\\\/#organization\"},\"potentialAction\":[{\"@type\":\"SearchAction\",\"target\":{\"@type\":\"EntryPoint\",\"urlTemplate\":\"https:\\\/\\\/www.sinchisinchi.com\\\/de\\\/?s={search_term_string}\"},\"query-input\":{\"@type\":\"PropertyValueSpecification\",\"valueRequired\":true,\"valueName\":\"search_term_string\"}}],\"inLanguage\":\"de\"},{\"@type\":\"Organization\",\"@id\":\"https:\\\/\\\/www.sinchisinchi.com\\\/de\\\/#organization\",\"name\":\"SINCHI S.L\",\"url\":\"https:\\\/\\\/www.sinchisinchi.com\\\/de\\\/\",\"logo\":{\"@type\":\"ImageObject\",\"inLanguage\":\"de\",\"@id\":\"https:\\\/\\\/www.sinchisinchi.com\\\/de\\\/#\\\/schema\\\/logo\\\/image\\\/\",\"url\":\"https:\\\/\\\/www.sinchisinchi.com\\\/wp-content\\\/uploads\\\/2026\\\/01\\\/3b-Verde-SIMPLIFICADO-HORIZONTAL-F-TRANSPARENTE-scaled.png\",\"contentUrl\":\"https:\\\/\\\/www.sinchisinchi.com\\\/wp-content\\\/uploads\\\/2026\\\/01\\\/3b-Verde-SIMPLIFICADO-HORIZONTAL-F-TRANSPARENTE-scaled.png\",\"width\":2560,\"height\":457,\"caption\":\"SINCHI S.L\"},\"image\":{\"@id\":\"https:\\\/\\\/www.sinchisinchi.com\\\/de\\\/#\\\/schema\\\/logo\\\/image\\\/\"},\"sameAs\":[\"https:\\\/\\\/www.facebook.com\\\/sinchirape\\\/\",\"https:\\\/\\\/www.instagram.com\\\/sinchi_rape\\\/\"]}]}<\/script>\n<!-- \/ Yoast SEO plugin. -->","yoast_head_json":{"title":"Rotes Sandelholzpulver: Online Sahumerios Store","description":"Rotes Sandelholzpulver f\u00fcr R\u00e4uchergef\u00e4\u00dfe. Aufgrund seiner starken sch\u00fctzenden, reinigenden und verbindenden Eigenschaften wird es in Ritualen, Zeremonien und bei der Reinigung eingesetzt.","robots":{"index":"index","follow":"follow","max-snippet":"max-snippet:-1","max-image-preview":"max-image-preview:large","max-video-preview":"max-video-preview:-1"},"canonical":"https:\/\/www.sinchisinchi.com\/de\/producto\/rotes-sandelholz\/","og_locale":"de_DE","og_type":"article","og_title":"Rotes Sandelholzpulver: Online Sahumerios Store","og_description":"Rotes Sandelholzpulver f\u00fcr R\u00e4uchergef\u00e4\u00dfe. Aufgrund seiner starken sch\u00fctzenden, reinigenden und verbindenden Eigenschaften wird es in Ritualen, Zeremonien und bei der Reinigung eingesetzt.","og_url":"https:\/\/www.sinchisinchi.com\/de\/producto\/rotes-sandelholz\/","og_site_name":"SINCHI RAP\u00c9","article_publisher":"https:\/\/www.facebook.com\/sinchirape\/","article_modified_time":"2024-07-05T10:51:05+00:00","og_image":[{"width":600,"height":600,"url":"https:\/\/www.sinchisinchi.com\/wp-content\/uploads\/2023\/12\/sandalo-rojo.png","type":"image\/png"}],"twitter_card":"summary_large_image","schema":{"@context":"https:\/\/schema.org","@graph":[{"@type":"WebPage","@id":"https:\/\/www.sinchisinchi.com\/de\/producto\/rotes-sandelholz\/","url":"https:\/\/www.sinchisinchi.com\/de\/producto\/rotes-sandelholz\/","name":"Rotes Sandelholzpulver: Online Sahumerios Store","isPartOf":{"@id":"https:\/\/www.sinchisinchi.com\/de\/#website"},"primaryImageOfPage":{"@id":"https:\/\/www.sinchisinchi.com\/de\/producto\/rotes-sandelholz\/#primaryimage"},"image":{"@id":"https:\/\/www.sinchisinchi.com\/de\/producto\/rotes-sandelholz\/#primaryimage"},"thumbnailUrl":"https:\/\/www.sinchisinchi.com\/wp-content\/uploads\/2023\/12\/sandalo-rojo.png","datePublished":"2023-12-07T00:22:17+00:00","dateModified":"2024-07-05T10:51:05+00:00","description":"Rotes Sandelholzpulver f\u00fcr R\u00e4uchergef\u00e4\u00dfe. Aufgrund seiner starken sch\u00fctzenden, reinigenden und verbindenden Eigenschaften wird es in Ritualen, Zeremonien und bei der Reinigung eingesetzt.","breadcrumb":{"@id":"https:\/\/www.sinchisinchi.com\/de\/producto\/rotes-sandelholz\/#breadcrumb"},"inLanguage":"de","potentialAction":[{"@type":"ReadAction","target":["https:\/\/www.sinchisinchi.com\/de\/producto\/rotes-sandelholz\/"]}]},{"@type":"ImageObject","inLanguage":"de","@id":"https:\/\/www.sinchisinchi.com\/de\/producto\/rotes-sandelholz\/#primaryimage","url":"https:\/\/www.sinchisinchi.com\/wp-content\/uploads\/2023\/12\/sandalo-rojo.png","contentUrl":"https:\/\/www.sinchisinchi.com\/wp-content\/uploads\/2023\/12\/sandalo-rojo.png","width":600,"height":600},{"@type":"BreadcrumbList","@id":"https:\/\/www.sinchisinchi.com\/de\/producto\/rotes-sandelholz\/#breadcrumb","itemListElement":[{"@type":"ListItem","position":1,"name":"Titelseite","item":"https:\/\/www.sinchisinchi.com\/de\/"},{"@type":"ListItem","position":2,"name":"Produkte","item":"https:\/\/www.sinchisinchi.com\/de\/shop\/"},{"@type":"ListItem","position":3,"name":"Rotes Sandelholz"}]},{"@type":"WebSite","@id":"https:\/\/www.sinchisinchi.com\/de\/#website","url":"https:\/\/www.sinchisinchi.com\/de\/","name":"SINCHI","description":"Sinchi Medicine","publisher":{"@id":"https:\/\/www.sinchisinchi.com\/de\/#organization"},"potentialAction":[{"@type":"SearchAction","target":{"@type":"EntryPoint","urlTemplate":"https:\/\/www.sinchisinchi.com\/de\/?s={search_term_string}"},"query-input":{"@type":"PropertyValueSpecification","valueRequired":true,"valueName":"search_term_string"}}],"inLanguage":"de"},{"@type":"Organization","@id":"https:\/\/www.sinchisinchi.com\/de\/#organization","name":"SINCHI S.L","url":"https:\/\/www.sinchisinchi.com\/de\/","logo":{"@type":"ImageObject","inLanguage":"de","@id":"https:\/\/www.sinchisinchi.com\/de\/#\/schema\/logo\/image\/","url":"https:\/\/www.sinchisinchi.com\/wp-content\/uploads\/2026\/01\/3b-Verde-SIMPLIFICADO-HORIZONTAL-F-TRANSPARENTE-scaled.png","contentUrl":"https:\/\/www.sinchisinchi.com\/wp-content\/uploads\/2026\/01\/3b-Verde-SIMPLIFICADO-HORIZONTAL-F-TRANSPARENTE-scaled.png","width":2560,"height":457,"caption":"SINCHI S.L"},"image":{"@id":"https:\/\/www.sinchisinchi.com\/de\/#\/schema\/logo\/image\/"},"sameAs":["https:\/\/www.facebook.com\/sinchirape\/","https:\/\/www.instagram.com\/sinchi_rape\/"]}]}},"_links":{"self":[{"href":"https:\/\/www.sinchisinchi.com\/de\/wp-json\/wp\/v2\/product\/3313","targetHints":{"allow":["GET"]}}],"collection":[{"href":"https:\/\/www.sinchisinchi.com\/de\/wp-json\/wp\/v2\/product"}],"about":[{"href":"https:\/\/www.sinchisinchi.com\/de\/wp-json\/wp\/v2\/types\/product"}],"wp:featuredmedia":[{"embeddable":true,"href":"https:\/\/www.sinchisinchi.com\/de\/wp-json\/wp\/v2\/media\/15779"}],"wp:attachment":[{"href":"https:\/\/www.sinchisinchi.com\/de\/wp-json\/wp\/v2\/media?parent=3313"}],"wp:term":[{"taxonomy":"product_brand","embeddable":true,"href":"https:\/\/www.sinchisinchi.com\/de\/wp-json\/wp\/v2\/product_brand?post=3313"},{"taxonomy":"product_cat","embeddable":true,"href":"https:\/\/www.sinchisinchi.com\/de\/wp-json\/wp\/v2\/product_cat?post=3313"},{"taxonomy":"product_tag","embeddable":true,"href":"https:\/\/www.sinchisinchi.com\/de\/wp-json\/wp\/v2\/product_tag?post=3313"}],"curies":[{"name":"wp","href":"https:\/\/api.w.org\/{rel}","templated":true}]}}