{"id":3579,"date":"2023-12-07T00:08:36","date_gmt":"2023-12-07T00:08:36","guid":{"rendered":"https:\/\/www.sinchisinchi.com\/producto\/grauer-kopal\/"},"modified":"2024-07-05T10:54:01","modified_gmt":"2024-07-05T10:54:01","slug":"grauer-kopal","status":"publish","type":"product","link":"https:\/\/www.sinchisinchi.com\/de\/producto\/grauer-kopal\/","title":{"rendered":"Grauer Kopal"},"content":{"rendered":"<h2 style=\"text-align: center;\"><span style=\"color: #000000;\">Geschichte von Copal<\/span><\/h2>\n<p><span style=\"color: #000000;\">Als die Spanier in Amerika ankamen, erfuhren sie von der einheimischen Verwendung von Copal und stellten fest, dass sein Aroma fast das gleiche war wie das von Weihrauch, der in Europa f\u00fcr denselben Zweck verwendet wurde.<\/span><\/p>\n<p><span style=\"color: #000000;\">Bei diesen vorspanischen Ritualen wurde wei\u00dfes Kopalharz sowohl physisch als auch in Form von Rauch beim Verbrennen als R\u00e4ucherwerk dargebracht.<\/span><\/p>\n<p><span style=\"color: #000000;\">In vorspanischen Ritualen wurde wei\u00dfes Kopalharz sowohl physisch als auch in Form von Rauch durch Verbrennen angeboten. Mit Kopalrauch wurden die Gottheiten geehrt und die Bindung des Menschen an die G\u00f6tter gest\u00e4rkt.<\/span><\/p>\n<p><span style=\"color: #000000;\">Die Priester r\u00e4ucherten die Figuren ihrer G\u00f6tter mehrmals t\u00e4glich mit Kopal und richteten den Rauch dabei in die vier Himmelsrichtungen und zur Sonne.<\/span><\/p>\n<p><span style=\"color: #000000;\">Den Erz\u00e4hlungen der Spanier bei ihrer Ankunft in Mesoamerika zufolge galt der Weihrauch, den wir als Copal kennen, bei den alten Mexikanern als Gott mit magischen und religi\u00f6sen Kr\u00e4ften, die ihn zu einem Besch\u00fctzer machten. Sie nannten es <strong>Iztacteteo<\/strong>, was &#8222;wei\u00dfe G\u00f6tter\u201c bedeutet, wegen des Rauchs, der beim Verbrennen \u00fcber hei\u00dfer Glut entsteht.<\/span><\/p>\n<p><span style=\"color: #000000;\">Dieselben Berichten zufolge verwendeten die Menschen sehr h\u00e4ufig Kopal, mindestens zweimal am Tag, einmal morgens und einmal abends. Es wurde verwendet, um den G\u00f6ttern Opfer darzubringen, um Tempel zu reinigen, bei Beerdigungen und bei Zeremonien, um um gute Ernten zu bitten.<\/span><\/p>\n<p><span style=\"color: #000000;\">Copal wurde auch f\u00fcr Feste verwendet, die den regenspendenden G\u00f6ttern gewidmet waren, um die Numens des Mais und die Hauptg\u00f6tter des Nahua-Pantheons zu verehren: <strong>Huitzilopochtli, Tezcatlipoca, Xiuhtecuhtli<\/strong>; Es wurden Rituale mit Opfergaben und Kopal durchgef\u00fchrt, um eine gute Jagd, Fischerei, die Gewinnung von Holz, Harzen und Steinen aus den Bergen und die Etablierung von Pflanzen im Gartenbau zu f\u00f6rdern. um Krieger f\u00fcr ihre milit\u00e4rischen Siege usw. zu ehren.<\/span><\/p>\n<p><span style=\"color: #000000;\">Und nat\u00fcrlich spielte Copal bei jeder Zeremonie und jedem Ritual eine wichtige Rolle.<\/span><\/p>\n<p><span style=\"color: #000000;\">In den Kodizes finden sich Zeichnungen, die G\u00f6tter oder Priester zeigen, die Kopal anbieten.<\/span><\/p>\n<p>&nbsp;<\/p>\n<h3 style=\"text-align: center;\"><strong><span style=\"color: #000000;\">Copal und die Mayas<\/span><\/strong><\/h3>\n<p><span style=\"color: #000000;\">Die Verwendung von Kopal kam bei den Mayas vor, wie die Kopalkugeln der Heiligen Cenote von Chich\u00e9n Itz\u00e1 bezeugen.<\/span><\/p>\n<p><span style=\"color: #000000;\">Copal war bei den Mayas als Pom bekannt. Es wurde zu einem Gegenstand der Kommerzialisierung, da es seit dem 16. Jahrhundert durch die indigene Besteuerung in erheblichem Ma\u00dfe beansprucht wurde.<\/span><\/p>\n<p><span style=\"color: #000000;\">Sac\u00e1 und Chahalt\u00e9 wurden sowohl f\u00fcr R\u00e4uchergef\u00e4\u00dfe als auch f\u00fcr die Zubereitung ritueller Getr\u00e4nke verwendet, deren Hauptzutat Kakao war.<\/span><\/p>\n<p><span style=\"color: #000000;\">Tabak oder K&#8217;uts wurden h\u00e4ufig mit Copal gemischt, einer Kombination, die gekaut oder \u00fcber einen l\u00e4ngeren Zeitraum zwischen Lippe und Zahnfleisch gelegt wurde, um den Durst zu stillen und die Lebenskraft zu steigern.<\/span><\/p>\n<p><span style=\"color: #000000;\">Das heilige Feuer diente nicht nur als Katalysator f\u00fcr Kopalrauch, sondern erhitzte auch die Felsen, in die die Aufg\u00fcsse gegossen wurden, die heilende D\u00e4mpfe erzeugten, wie es bei den Temazcals der Fall ist, die in Mesoamerika und im Maya-Gebiet h\u00e4ufig verwendet werden.<\/span><\/p>\n<h3 style=\"text-align: center;\"><strong><span style=\"color: #000000;\">Copal und die Azteken<\/span><\/strong><\/h3>\n<p><span style=\"color: #000000;\">In vorspanischer Zeit war der Baum bei den Azteken als <strong>copalqu\u00e1huitl<\/strong>, &#8222;Kopalbaum&#8220;, und das daraus gewonnene Harz als <strong>copalli<\/strong>, &#8222;Weihrauch&#8220;, bekannt. Aufgrund seiner religi\u00f6sen Verwendung war es aufgrund der Farbe des Rauches, den es ausstie\u00df, als <strong>Iztacteteo<\/strong>, &#8222;wei\u00dfer Gott\u201c, bekannt.<\/span><\/p>\n<p><span style=\"color: #000000;\"><strong>Bernardino de Sahag\u00fan<\/strong> beschreibt in seiner <strong>Allgemeinen Geschichte der Dinge Neuspaniens<\/strong>, wie Kopalgummi von den Bewohnern der aztekischen Hauptstadt rituell verwendet und als Opfergabe an ihre G\u00f6tter verbrannt wurde:<\/span><\/p>\n<p><span style=\"color: #000000;\">\u201eBei der Opferung von Weihrauch oder Kopal verwendeten diese Mexikaner und alle aus Neuspanien einen wei\u00dfen Gummi, den sie Copalli nannten \u2013 der heute auch weit verbreitet ist \u2013, um ihre G\u00f6tter zu r\u00e4uchern. Sie benutzten keinen Weihrauch, obwohl es ihn in diesem Land gibt.<\/span><\/p>\n<p><span style=\"color: #000000;\">Die Satrapen verwendeten diesen Weihrauch oder Kopal im Tempel und alle anderen Menschen in ihren H\u00e4usern [\u2026].\u201c<\/span><\/p>\n<p><span style=\"color: #000000;\">Allgemeine Geschichte der Dinge Neuspaniens, Buch II.<\/span><\/p>\n<p><span style=\"color: #000000;\">\u201eCopalqu\u00e1huitl\u201c bezieht sich auf \u201eKopalbaum\u201c in Nahuatl, und obwohl einige Arten von Bursera Kopalharz produzieren, wird jeder spezifische Name normalerweise mit einer bestimmten Art in Verbindung gebracht.<\/span><\/p>\n<h3 style=\"text-align: center;\"><strong><span style=\"color: #000000;\">Tenochtitlan<\/span><\/strong><\/h3>\n<p><span style=\"color: #000000;\">Tenochtitlan war die Hauptstadt der Azteken, die sich &#8222;Mexica&#8220; nannten. Sie wurde im Jahr 1325 gegr\u00fcndet und 1521 von den Spaniern erobert und zerst\u00f6rt.<\/span><\/p>\n<p><span style=\"color: #000000;\">Sein gr\u00f6\u00dftes gefundenes Denkmal ist der sogenannte &#8222;Gro\u00dfe Tempel von Tenochtitlan&#8220;, eine Pyramide, die von zwei den G\u00f6ttern Tlaloc und Huitzilopochtli gewidmeten Tempeln gekr\u00f6nt wird und unglaubliche Ausma\u00dfe von 80 Metern auf jeder Seite und 60 Metern H\u00f6he hatte.<\/span><\/p>\n<p><span style=\"color: #000000;\">Unter seinen \u00dcberresten wurden Artefakte und Kopalfragmente aller Art gefunden; Zylinder, Kegel, Kugeln, Pyramiden- oder Rundbasen von Opfermessern, St\u00e4be, Fragmente und anthropomorphe Figuren aus Copal, einige mit Stuck bedeckt, andere aus reinwei\u00dfem Copal; Auf der Oberfl\u00e4che einiger dieser Elemente wurden Reste von Bl\u00e4ttern und Rinde von Bursera bipinnata gefunden.<\/span><\/p>\n<p><span style=\"color: #000000;\">(Derzeit im Kulturg\u00fcterlager des TMT-Museums gesammelt).<\/span><\/p>\n<p><span style=\"color: #000000;\">Die Rituale zu Ehren der G\u00f6tter wurden auf den Gipfeln der Berge durchgef\u00fchrt<\/span><\/p>\n<p><span style=\"color: #000000;\">Kirchen, Stadttempel, Viertel und h\u00e4usliche Alt\u00e4re.<\/span><\/p>\n<p><span style=\"color: #000000;\">Es wurden Opfergaben gefunden, die Kopal in Form von kleinen Tortillas, Tamales oder Maisk\u00f6rnern enthielten, was darauf hindeutet, dass Kopal als Nahrung f\u00fcr die G\u00f6tter galt.<\/span><\/p>\n<p><span style=\"color: #000000;\">Bei diesen g\u00f6ttlichen Festen wurden Speisen, Blumen und Kopal geopfert und auch schreckliche Menschenopfer dargebracht, da die landwirtschaftliche Produktion und das Gl\u00fcck f\u00fcr den Erfolg im milit\u00e4rischen Kampf von ihren G\u00f6ttern abhingen.<\/span><\/p>\n<p><span style=\"color: #000000;\">Copal wurde auch als Kleber zur Herstellung von Intarsien auf Masken und zum Zusammenf\u00fcgen von Mosaiken aus Stein, Muscheln und anderen Materialien verwendet. Mit Pigmenten vermischt wurde Kopal auch zur Herstellung von Farben verwendet, die in der Goldschmiedekunst und zur Verzierung von Wandgem\u00e4lden verwendet wurden.<\/span><\/p>\n","protected":false},"excerpt":{"rendered":"<p><span style=\"color: #000000;\"><strong>Schwarzer Kopal<\/strong>, auch <strong>Grau- oder Steinkopal genannt<\/strong>, ist ein Harz, das auf nat\u00fcrliche Weise von B\u00e4umen der Gattungen <strong>Bursera und Protium<\/strong> produziert wird. Copal hat starke esoterische Eigenschaften des Schutzes, der Reinigung, der Verbindung und der Heilung.<\/span><\/p>\n<p><span style=\"color: #000000;\">Es ist ein dunkleres und dichteres Harz mit einem holzigen und balsamischen Aroma, das insbesondere zur St\u00e4rkung des spirituellen Schutzes verwendet wird.<\/span><\/p>\n<p><span style=\"color: #000000;\">Schwarzer Copal ist in der mexikanischen Kultur sehr wichtig und die einheimischen Kulturen verwenden ihn seit Jahrhunderten als heiliges Harz f\u00fcr ihre spirituellen Praktiken.<\/span><\/p>\n<p><span style=\"color: #000000;\">Die Mayas und Azteken verwendeten es in Ritualen aller Art. In Nahuatl wurde dieser Baum Copalqu\u00e1huitl und sein Harz Copalli genannt, w\u00e4hrend er in seiner <strong>heiligen Verwendung Iztacteteo, der &#8222;wei\u00dfe Gott\u201c<\/strong>, genannt wurde.<\/span><\/p>\n<p><span style=\"color: #000000;\"><strong>Gebrauchsanweisung:<\/strong> Z\u00fcnden Sie eine Holzkohle an und gie\u00dfen Sie etwas Harz auf die Kohlen. Das Harz schmilzt und gibt seinen Duft f\u00fcr einige Minuten an die Luft ab.<\/span><\/p>\n","protected":false},"featured_media":15753,"template":"","meta":{"_joinchat":[]},"product_brand":[],"product_cat":[336,124],"product_tag":[],"class_list":{"0":"post-3579","1":"product","2":"type-product","3":"status-publish","4":"has-post-thumbnail","6":"product_cat-copalbaum","7":"product_cat-naturharze","9":"first","10":"instock","11":"taxable","12":"shipping-taxable","13":"purchasable","14":"product-type-simple"},"yoast_head":"<!-- This site is optimized with the Yoast SEO plugin v27.1.1 - https:\/\/yoast.com\/product\/yoast-seo-wordpress\/ -->\n<title>Grauer Copal aus Mexiko: Shamanic Sahumerios Shop<\/title>\n<meta name=\"description\" content=\"Grauer Kopal hat starke esoterische Eigenschaften des Schutzes, der Reinigung und der Verbindung. Bei den Amazonas-St\u00e4mmen gilt es als heiliges Harz.\" \/>\n<meta name=\"robots\" content=\"index, follow, max-snippet:-1, max-image-preview:large, max-video-preview:-1\" \/>\n<link rel=\"canonical\" href=\"https:\/\/www.sinchisinchi.com\/de\/producto\/grauer-kopal\/\" \/>\n<meta property=\"og:locale\" content=\"de_DE\" \/>\n<meta property=\"og:type\" content=\"article\" \/>\n<meta property=\"og:title\" content=\"Grauer Copal aus Mexiko: Shamanic Sahumerios Shop\" \/>\n<meta property=\"og:description\" content=\"Grauer Kopal hat starke esoterische Eigenschaften des Schutzes, der Reinigung und der Verbindung. Bei den Amazonas-St\u00e4mmen gilt es als heiliges Harz.\" \/>\n<meta property=\"og:url\" content=\"https:\/\/www.sinchisinchi.com\/de\/producto\/grauer-kopal\/\" \/>\n<meta property=\"og:site_name\" content=\"SINCHI RAP\u00c9\" \/>\n<meta property=\"article:publisher\" content=\"https:\/\/www.facebook.com\/sinchirape\/\" \/>\n<meta property=\"article:modified_time\" content=\"2024-07-05T10:54:01+00:00\" \/>\n<meta property=\"og:image\" content=\"https:\/\/www.sinchisinchi.com\/wp-content\/uploads\/2023\/12\/copal-gris.png\" \/>\n\t<meta property=\"og:image:width\" content=\"600\" \/>\n\t<meta property=\"og:image:height\" content=\"600\" \/>\n\t<meta property=\"og:image:type\" content=\"image\/png\" \/>\n<meta name=\"twitter:card\" content=\"summary_large_image\" \/>\n<meta name=\"twitter:label1\" content=\"Gesch\u00e4tzte Lesezeit\" \/>\n\t<meta name=\"twitter:data1\" content=\"5\u00a0Minuten\" \/>\n<script type=\"application\/ld+json\" class=\"yoast-schema-graph\">{\"@context\":\"https:\/\/schema.org\",\"@graph\":[{\"@type\":\"WebPage\",\"@id\":\"https:\/\/www.sinchisinchi.com\/de\/producto\/grauer-kopal\/\",\"url\":\"https:\/\/www.sinchisinchi.com\/de\/producto\/grauer-kopal\/\",\"name\":\"Grauer Copal aus Mexiko: Shamanic Sahumerios Shop\",\"isPartOf\":{\"@id\":\"https:\/\/www.sinchisinchi.com\/de\/#website\"},\"primaryImageOfPage\":{\"@id\":\"https:\/\/www.sinchisinchi.com\/de\/producto\/grauer-kopal\/#primaryimage\"},\"image\":{\"@id\":\"https:\/\/www.sinchisinchi.com\/de\/producto\/grauer-kopal\/#primaryimage\"},\"thumbnailUrl\":\"https:\/\/www.sinchisinchi.com\/wp-content\/uploads\/2023\/12\/copal-gris.png\",\"datePublished\":\"2023-12-07T00:08:36+00:00\",\"dateModified\":\"2024-07-05T10:54:01+00:00\",\"description\":\"Grauer Kopal hat starke esoterische Eigenschaften des Schutzes, der Reinigung und der Verbindung. Bei den Amazonas-St\u00e4mmen gilt es als heiliges Harz.\",\"breadcrumb\":{\"@id\":\"https:\/\/www.sinchisinchi.com\/de\/producto\/grauer-kopal\/#breadcrumb\"},\"inLanguage\":\"de\",\"potentialAction\":[{\"@type\":\"ReadAction\",\"target\":[\"https:\/\/www.sinchisinchi.com\/de\/producto\/grauer-kopal\/\"]}]},{\"@type\":\"ImageObject\",\"inLanguage\":\"de\",\"@id\":\"https:\/\/www.sinchisinchi.com\/de\/producto\/grauer-kopal\/#primaryimage\",\"url\":\"https:\/\/www.sinchisinchi.com\/wp-content\/uploads\/2023\/12\/copal-gris.png\",\"contentUrl\":\"https:\/\/www.sinchisinchi.com\/wp-content\/uploads\/2023\/12\/copal-gris.png\",\"width\":600,\"height\":600},{\"@type\":\"BreadcrumbList\",\"@id\":\"https:\/\/www.sinchisinchi.com\/de\/producto\/grauer-kopal\/#breadcrumb\",\"itemListElement\":[{\"@type\":\"ListItem\",\"position\":1,\"name\":\"Titelseite\",\"item\":\"https:\/\/www.sinchisinchi.com\/de\/\"},{\"@type\":\"ListItem\",\"position\":2,\"name\":\"Produkte\",\"item\":\"https:\/\/www.sinchisinchi.com\/de\/shop\/\"},{\"@type\":\"ListItem\",\"position\":3,\"name\":\"Grauer Kopal\"}]},{\"@type\":\"WebSite\",\"@id\":\"https:\/\/www.sinchisinchi.com\/de\/#website\",\"url\":\"https:\/\/www.sinchisinchi.com\/de\/\",\"name\":\"SINCHI\",\"description\":\"Sinchi Medicine\",\"publisher\":{\"@id\":\"https:\/\/www.sinchisinchi.com\/de\/#organization\"},\"potentialAction\":[{\"@type\":\"SearchAction\",\"target\":{\"@type\":\"EntryPoint\",\"urlTemplate\":\"https:\/\/www.sinchisinchi.com\/de\/?s={search_term_string}\"},\"query-input\":{\"@type\":\"PropertyValueSpecification\",\"valueRequired\":true,\"valueName\":\"search_term_string\"}}],\"inLanguage\":\"de\"},{\"@type\":\"Organization\",\"@id\":\"https:\/\/www.sinchisinchi.com\/de\/#organization\",\"name\":\"SINCHI S.L\",\"url\":\"https:\/\/www.sinchisinchi.com\/de\/\",\"logo\":{\"@type\":\"ImageObject\",\"inLanguage\":\"de\",\"@id\":\"https:\/\/www.sinchisinchi.com\/de\/#\/schema\/logo\/image\/\",\"url\":\"https:\/\/www.sinchisinchi.com\/wp-content\/uploads\/2026\/01\/3b-Verde-SIMPLIFICADO-HORIZONTAL-F-TRANSPARENTE-scaled.png\",\"contentUrl\":\"https:\/\/www.sinchisinchi.com\/wp-content\/uploads\/2026\/01\/3b-Verde-SIMPLIFICADO-HORIZONTAL-F-TRANSPARENTE-scaled.png\",\"width\":2560,\"height\":457,\"caption\":\"SINCHI S.L\"},\"image\":{\"@id\":\"https:\/\/www.sinchisinchi.com\/de\/#\/schema\/logo\/image\/\"},\"sameAs\":[\"https:\/\/www.facebook.com\/sinchirape\/\",\"https:\/\/www.instagram.com\/sinchi_rape\/\"]}]}<\/script>\n<!-- \/ Yoast SEO plugin. -->","yoast_head_json":{"title":"Grauer Copal aus Mexiko: Shamanic Sahumerios Shop","description":"Grauer Kopal hat starke esoterische Eigenschaften des Schutzes, der Reinigung und der Verbindung. Bei den Amazonas-St\u00e4mmen gilt es als heiliges Harz.","robots":{"index":"index","follow":"follow","max-snippet":"max-snippet:-1","max-image-preview":"max-image-preview:large","max-video-preview":"max-video-preview:-1"},"canonical":"https:\/\/www.sinchisinchi.com\/de\/producto\/grauer-kopal\/","og_locale":"de_DE","og_type":"article","og_title":"Grauer Copal aus Mexiko: Shamanic Sahumerios Shop","og_description":"Grauer Kopal hat starke esoterische Eigenschaften des Schutzes, der Reinigung und der Verbindung. Bei den Amazonas-St\u00e4mmen gilt es als heiliges Harz.","og_url":"https:\/\/www.sinchisinchi.com\/de\/producto\/grauer-kopal\/","og_site_name":"SINCHI RAP\u00c9","article_publisher":"https:\/\/www.facebook.com\/sinchirape\/","article_modified_time":"2024-07-05T10:54:01+00:00","og_image":[{"width":600,"height":600,"url":"https:\/\/www.sinchisinchi.com\/wp-content\/uploads\/2023\/12\/copal-gris.png","type":"image\/png"}],"twitter_card":"summary_large_image","twitter_misc":{"Gesch\u00e4tzte Lesezeit":"5\u00a0Minuten"},"schema":{"@context":"https:\/\/schema.org","@graph":[{"@type":"WebPage","@id":"https:\/\/www.sinchisinchi.com\/de\/producto\/grauer-kopal\/","url":"https:\/\/www.sinchisinchi.com\/de\/producto\/grauer-kopal\/","name":"Grauer Copal aus Mexiko: Shamanic Sahumerios Shop","isPartOf":{"@id":"https:\/\/www.sinchisinchi.com\/de\/#website"},"primaryImageOfPage":{"@id":"https:\/\/www.sinchisinchi.com\/de\/producto\/grauer-kopal\/#primaryimage"},"image":{"@id":"https:\/\/www.sinchisinchi.com\/de\/producto\/grauer-kopal\/#primaryimage"},"thumbnailUrl":"https:\/\/www.sinchisinchi.com\/wp-content\/uploads\/2023\/12\/copal-gris.png","datePublished":"2023-12-07T00:08:36+00:00","dateModified":"2024-07-05T10:54:01+00:00","description":"Grauer Kopal hat starke esoterische Eigenschaften des Schutzes, der Reinigung und der Verbindung. Bei den Amazonas-St\u00e4mmen gilt es als heiliges Harz.","breadcrumb":{"@id":"https:\/\/www.sinchisinchi.com\/de\/producto\/grauer-kopal\/#breadcrumb"},"inLanguage":"de","potentialAction":[{"@type":"ReadAction","target":["https:\/\/www.sinchisinchi.com\/de\/producto\/grauer-kopal\/"]}]},{"@type":"ImageObject","inLanguage":"de","@id":"https:\/\/www.sinchisinchi.com\/de\/producto\/grauer-kopal\/#primaryimage","url":"https:\/\/www.sinchisinchi.com\/wp-content\/uploads\/2023\/12\/copal-gris.png","contentUrl":"https:\/\/www.sinchisinchi.com\/wp-content\/uploads\/2023\/12\/copal-gris.png","width":600,"height":600},{"@type":"BreadcrumbList","@id":"https:\/\/www.sinchisinchi.com\/de\/producto\/grauer-kopal\/#breadcrumb","itemListElement":[{"@type":"ListItem","position":1,"name":"Titelseite","item":"https:\/\/www.sinchisinchi.com\/de\/"},{"@type":"ListItem","position":2,"name":"Produkte","item":"https:\/\/www.sinchisinchi.com\/de\/shop\/"},{"@type":"ListItem","position":3,"name":"Grauer Kopal"}]},{"@type":"WebSite","@id":"https:\/\/www.sinchisinchi.com\/de\/#website","url":"https:\/\/www.sinchisinchi.com\/de\/","name":"SINCHI","description":"Sinchi Medicine","publisher":{"@id":"https:\/\/www.sinchisinchi.com\/de\/#organization"},"potentialAction":[{"@type":"SearchAction","target":{"@type":"EntryPoint","urlTemplate":"https:\/\/www.sinchisinchi.com\/de\/?s={search_term_string}"},"query-input":{"@type":"PropertyValueSpecification","valueRequired":true,"valueName":"search_term_string"}}],"inLanguage":"de"},{"@type":"Organization","@id":"https:\/\/www.sinchisinchi.com\/de\/#organization","name":"SINCHI S.L","url":"https:\/\/www.sinchisinchi.com\/de\/","logo":{"@type":"ImageObject","inLanguage":"de","@id":"https:\/\/www.sinchisinchi.com\/de\/#\/schema\/logo\/image\/","url":"https:\/\/www.sinchisinchi.com\/wp-content\/uploads\/2026\/01\/3b-Verde-SIMPLIFICADO-HORIZONTAL-F-TRANSPARENTE-scaled.png","contentUrl":"https:\/\/www.sinchisinchi.com\/wp-content\/uploads\/2026\/01\/3b-Verde-SIMPLIFICADO-HORIZONTAL-F-TRANSPARENTE-scaled.png","width":2560,"height":457,"caption":"SINCHI S.L"},"image":{"@id":"https:\/\/www.sinchisinchi.com\/de\/#\/schema\/logo\/image\/"},"sameAs":["https:\/\/www.facebook.com\/sinchirape\/","https:\/\/www.instagram.com\/sinchi_rape\/"]}]}},"_links":{"self":[{"href":"https:\/\/www.sinchisinchi.com\/de\/wp-json\/wp\/v2\/product\/3579","targetHints":{"allow":["GET"]}}],"collection":[{"href":"https:\/\/www.sinchisinchi.com\/de\/wp-json\/wp\/v2\/product"}],"about":[{"href":"https:\/\/www.sinchisinchi.com\/de\/wp-json\/wp\/v2\/types\/product"}],"wp:featuredmedia":[{"embeddable":true,"href":"https:\/\/www.sinchisinchi.com\/de\/wp-json\/wp\/v2\/media\/15753"}],"wp:attachment":[{"href":"https:\/\/www.sinchisinchi.com\/de\/wp-json\/wp\/v2\/media?parent=3579"}],"wp:term":[{"taxonomy":"product_brand","embeddable":true,"href":"https:\/\/www.sinchisinchi.com\/de\/wp-json\/wp\/v2\/product_brand?post=3579"},{"taxonomy":"product_cat","embeddable":true,"href":"https:\/\/www.sinchisinchi.com\/de\/wp-json\/wp\/v2\/product_cat?post=3579"},{"taxonomy":"product_tag","embeddable":true,"href":"https:\/\/www.sinchisinchi.com\/de\/wp-json\/wp\/v2\/product_tag?post=3579"}],"curies":[{"name":"wp","href":"https:\/\/api.w.org\/{rel}","templated":true}]}}