{"id":3586,"date":"2023-12-07T08:44:15","date_gmt":"2023-12-07T08:44:15","guid":{"rendered":"https:\/\/www.sinchisinchi.com\/producto\/palo-santo-altar\/"},"modified":"2024-01-24T08:29:53","modified_gmt":"2024-01-24T08:29:53","slug":"groser-palo-santo","status":"publish","type":"product","link":"https:\/\/www.sinchisinchi.com\/de\/producto\/groser-palo-santo\/","title":{"rendered":"Palo Santo 1 Kg"},"content":{"rendered":"<h3 style=\"text-align: center;\"><strong><span style=\"color: #000000;\">So verwenden Sie Palo Santo<\/span><\/strong><\/h3>\n<p><span style=\"color: #000000;\">Im Gegensatz zu anderen Arten, aus denen Harze gewonnen werden, muss bei Palo Santo lediglich ein St\u00fcck Holz angez\u00fcndet werden, um seinen Rauch mit starken Eigenschaften freizusetzen.<\/span><\/p>\n<p><span style=\"color: #000000;\">Palo Santo ist ein dichtes Holz, das nicht leicht brennt, daher kann es einige Sekunden dauern, bis es brennt. Lassen Sie es idealerweise etwa 30 Sekunden lang brennen und blasen Sie dann die Flamme vorsichtig aus. Wenn Sie die Flamme l\u00f6schen, bleibt die Glut zur\u00fcck, die mehrere Minuten lang wei\u00dfen Rauch erzeugt.<\/span><\/p>\n<p><span style=\"color: #000000;\">Es ist ratsam, einen feuerfesten Beh\u00e4lter zur Hand zu haben, in dem die Asche deponiert werden kann und in dem der Palo Santo platziert werden kann, wenn er fertig ist.<\/span><\/p>\n<p><span style=\"color: #000000;\">Wenn die Glut erlischt, hilft ein wenig Luft, sie wiederzubeleben, indem man den Stab sch\u00fcttelt oder sanft bl\u00e4st. Dies funktioniert in der Regel nur als vor\u00fcbergehende Ma\u00dfnahme, daher ist ein mehrmaliges Einschalten erforderlich, damit es vollst\u00e4ndig verbraucht wird.<\/span><\/p>\n<p>&nbsp;<\/p>\n<h3 style=\"text-align: center;\"><strong><span style=\"color: #000000;\">Palo Santo, Energiereinigung<\/span><\/strong><\/h3>\n<p><span style=\"color: #000000;\">Bei der energetischen Reinigung von R\u00e4umen wird der Rauch nach dem Anz\u00fcnden durch Sch\u00fctteln der Glut in der Luft im Raum verteilt und das Holz durch die zu reinigenden Bereiche wie Ecken, Flure und Schr\u00e4nke geleitet. .<\/span><\/p>\n<p><span style=\"color: #000000;\">F\u00fcr eine tiefgreifende energetische Reinigung k\u00f6nnen Sie etwa 3 bis 4 St\u00e4bchen zusammen verbrennen und den Rauch etwa 3 Stunden lang im Raum verweilen lassen.<\/span><\/p>\n<p><span style=\"color: #000000;\">Sie k\u00f6nnen auch eine energetische Reinigung von Steinen und Edelsteinen durchf\u00fchren, die regelm\u00e4\u00dfig gereinigt werden m\u00fcssen, da sie energetische Einfl\u00fcsse absorbieren und speichern.<\/span><\/p>\n<h3 style=\"text-align: center;\"><strong><span style=\"color: #000000;\">Eigenschaften und Vorteile von Palo Santo<\/span><\/strong><\/h3>\n<p><span style=\"color: #000000;\">Traditionell wird Palo Santo zur Linderung von Erk\u00e4ltungen, Stress, Asthma, Kopfschmerzen, Angstzust\u00e4nden, Depressionen und Entz\u00fcndungen sowie als Antiseptikum, Entz\u00fcndungshemmer und Diuretikum eingesetzt.<\/span><\/p>\n<p><span style=\"color: #000000;\">Der Geruchssinn ist der einzige Sinn, der direkt mit Emotionen verbunden ist und auch der einzige, der niemals schl\u00e4ft, daher steht er auch im Zusammenhang mit Klartr\u00e4umen.<\/span><\/p>\n<p><span style=\"color: #000000;\">In der Aromatherapie wird Palo Santo h\u00e4ufig in Form eines \u00e4therischen \u00d6ls verwendet und dient dazu, Spannungen im Zusammenhang mit Stress und Depressionen zu l\u00f6sen.<\/span><\/p>\n<p><span style=\"color: #000000;\">Es ist auch ein ausgezeichnetes nat\u00fcrliches Abwehrmittel gegen Fliegen, M\u00fccken usw.<\/span><\/p>\n","protected":false},"excerpt":{"rendered":"<p><span style=\"color: #000000;\">Palo Santo-Stamm von ca. 1 kg.<\/span><\/p>\n<p><span style=\"color: #000000;\">Palo Santo wird in verschiedenen L\u00e4ndern und Kulturen verwendet, um negative Energien auszutreiben und positive anzuziehen, wodurch das Positive fokussiert und verst\u00e4rkt wird.<\/span><\/p>\n<p><span style=\"color: #000000;\">Reinigt und reinigt Umgebungen und aromatisiert sie zus\u00e4tzlich. Es lindert nerv\u00f6se Spannungen und hilft, durch Stress verursachte Krankheiten oder Beschwerden zu kontrollieren, wodurch Harmonie und Wohlbefinden gef\u00f6rdert werden.<\/span><\/p>\n","protected":false},"featured_media":11852,"template":"","meta":{"_joinchat":[]},"product_brand":[],"product_cat":[129],"product_tag":[],"class_list":{"0":"post-3586","1":"product","2":"type-product","3":"status-publish","4":"has-post-thumbnail","6":"product_cat-weihrauch","8":"first","9":"instock","10":"taxable","11":"shipping-taxable","12":"purchasable","13":"product-type-simple"},"yoast_head":"<!-- This site is optimized with the Yoast SEO plugin v27.1.1 - https:\/\/yoast.com\/product\/yoast-seo-wordpress\/ -->\n<title>Palo Santo Altar -Online-Shop f\u00fcr Weihrauch<\/title>\n<meta name=\"description\" content=\"Palo Santo (Bursera Graveolens) ist ein mystischer Baum, der an der K\u00fcste S\u00fcdamerikas w\u00e4chst und zur Amilia Bureseracea geh\u00f6rt...\" \/>\n<meta name=\"robots\" content=\"index, follow, max-snippet:-1, max-image-preview:large, max-video-preview:-1\" \/>\n<link rel=\"canonical\" href=\"https:\/\/www.sinchisinchi.com\/de\/producto\/groser-palo-santo\/\" \/>\n<meta property=\"og:locale\" content=\"de_DE\" \/>\n<meta property=\"og:type\" content=\"article\" \/>\n<meta property=\"og:title\" content=\"Palo Santo Altar -Online-Shop f\u00fcr Weihrauch\" \/>\n<meta property=\"og:description\" content=\"Palo Santo (Bursera Graveolens) ist ein mystischer Baum, der an der K\u00fcste S\u00fcdamerikas w\u00e4chst und zur Amilia Bureseracea geh\u00f6rt...\" \/>\n<meta property=\"og:url\" content=\"https:\/\/www.sinchisinchi.com\/de\/producto\/groser-palo-santo\/\" \/>\n<meta property=\"og:site_name\" content=\"SINCHI RAP\u00c9\" \/>\n<meta property=\"article:publisher\" content=\"https:\/\/www.facebook.com\/sinchirape\/\" \/>\n<meta property=\"article:modified_time\" content=\"2024-01-24T08:29:53+00:00\" \/>\n<meta property=\"og:image\" content=\"https:\/\/www.sinchisinchi.com\/wp-content\/uploads\/2023\/12\/palo-santo-de-tronco-grande-pack-1kg.jpeg\" \/>\n\t<meta property=\"og:image:width\" content=\"1000\" \/>\n\t<meta property=\"og:image:height\" content=\"1000\" \/>\n\t<meta property=\"og:image:type\" content=\"image\/jpeg\" \/>\n<meta name=\"twitter:card\" content=\"summary_large_image\" \/>\n<meta name=\"twitter:label1\" content=\"Gesch\u00e4tzte Lesezeit\" \/>\n\t<meta name=\"twitter:data1\" content=\"2\u00a0Minuten\" \/>\n<script type=\"application\/ld+json\" class=\"yoast-schema-graph\">{\"@context\":\"https:\/\/schema.org\",\"@graph\":[{\"@type\":\"WebPage\",\"@id\":\"https:\/\/www.sinchisinchi.com\/de\/producto\/groser-palo-santo\/\",\"url\":\"https:\/\/www.sinchisinchi.com\/de\/producto\/groser-palo-santo\/\",\"name\":\"Palo Santo Altar -Online-Shop f\u00fcr Weihrauch\",\"isPartOf\":{\"@id\":\"https:\/\/www.sinchisinchi.com\/de\/#website\"},\"primaryImageOfPage\":{\"@id\":\"https:\/\/www.sinchisinchi.com\/de\/producto\/groser-palo-santo\/#primaryimage\"},\"image\":{\"@id\":\"https:\/\/www.sinchisinchi.com\/de\/producto\/groser-palo-santo\/#primaryimage\"},\"thumbnailUrl\":\"https:\/\/www.sinchisinchi.com\/wp-content\/uploads\/2023\/12\/palo-santo-de-tronco-grande-pack-1kg.jpeg\",\"datePublished\":\"2023-12-07T08:44:15+00:00\",\"dateModified\":\"2024-01-24T08:29:53+00:00\",\"description\":\"Palo Santo (Bursera Graveolens) ist ein mystischer Baum, der an der K\u00fcste S\u00fcdamerikas w\u00e4chst und zur Amilia Bureseracea geh\u00f6rt...\",\"breadcrumb\":{\"@id\":\"https:\/\/www.sinchisinchi.com\/de\/producto\/groser-palo-santo\/#breadcrumb\"},\"inLanguage\":\"de\",\"potentialAction\":[{\"@type\":\"ReadAction\",\"target\":[\"https:\/\/www.sinchisinchi.com\/de\/producto\/groser-palo-santo\/\"]}]},{\"@type\":\"ImageObject\",\"inLanguage\":\"de\",\"@id\":\"https:\/\/www.sinchisinchi.com\/de\/producto\/groser-palo-santo\/#primaryimage\",\"url\":\"https:\/\/www.sinchisinchi.com\/wp-content\/uploads\/2023\/12\/palo-santo-de-tronco-grande-pack-1kg.jpeg\",\"contentUrl\":\"https:\/\/www.sinchisinchi.com\/wp-content\/uploads\/2023\/12\/palo-santo-de-tronco-grande-pack-1kg.jpeg\",\"width\":1000,\"height\":1000},{\"@type\":\"BreadcrumbList\",\"@id\":\"https:\/\/www.sinchisinchi.com\/de\/producto\/groser-palo-santo\/#breadcrumb\",\"itemListElement\":[{\"@type\":\"ListItem\",\"position\":1,\"name\":\"Titelseite\",\"item\":\"https:\/\/www.sinchisinchi.com\/de\/\"},{\"@type\":\"ListItem\",\"position\":2,\"name\":\"Produkte\",\"item\":\"https:\/\/www.sinchisinchi.com\/de\/shop\/\"},{\"@type\":\"ListItem\",\"position\":3,\"name\":\"Palo Santo 1 Kg\"}]},{\"@type\":\"WebSite\",\"@id\":\"https:\/\/www.sinchisinchi.com\/de\/#website\",\"url\":\"https:\/\/www.sinchisinchi.com\/de\/\",\"name\":\"SINCHI\",\"description\":\"Sinchi Medicine\",\"publisher\":{\"@id\":\"https:\/\/www.sinchisinchi.com\/de\/#organization\"},\"potentialAction\":[{\"@type\":\"SearchAction\",\"target\":{\"@type\":\"EntryPoint\",\"urlTemplate\":\"https:\/\/www.sinchisinchi.com\/de\/?s={search_term_string}\"},\"query-input\":{\"@type\":\"PropertyValueSpecification\",\"valueRequired\":true,\"valueName\":\"search_term_string\"}}],\"inLanguage\":\"de\"},{\"@type\":\"Organization\",\"@id\":\"https:\/\/www.sinchisinchi.com\/de\/#organization\",\"name\":\"SINCHI S.L\",\"url\":\"https:\/\/www.sinchisinchi.com\/de\/\",\"logo\":{\"@type\":\"ImageObject\",\"inLanguage\":\"de\",\"@id\":\"https:\/\/www.sinchisinchi.com\/de\/#\/schema\/logo\/image\/\",\"url\":\"https:\/\/www.sinchisinchi.com\/wp-content\/uploads\/2026\/01\/3b-Verde-SIMPLIFICADO-HORIZONTAL-F-TRANSPARENTE-scaled.png\",\"contentUrl\":\"https:\/\/www.sinchisinchi.com\/wp-content\/uploads\/2026\/01\/3b-Verde-SIMPLIFICADO-HORIZONTAL-F-TRANSPARENTE-scaled.png\",\"width\":2560,\"height\":457,\"caption\":\"SINCHI S.L\"},\"image\":{\"@id\":\"https:\/\/www.sinchisinchi.com\/de\/#\/schema\/logo\/image\/\"},\"sameAs\":[\"https:\/\/www.facebook.com\/sinchirape\/\",\"https:\/\/www.instagram.com\/sinchi_rape\/\"]}]}<\/script>\n<!-- \/ Yoast SEO plugin. -->","yoast_head_json":{"title":"Palo Santo Altar -Online-Shop f\u00fcr Weihrauch","description":"Palo Santo (Bursera Graveolens) ist ein mystischer Baum, der an der K\u00fcste S\u00fcdamerikas w\u00e4chst und zur Amilia Bureseracea geh\u00f6rt...","robots":{"index":"index","follow":"follow","max-snippet":"max-snippet:-1","max-image-preview":"max-image-preview:large","max-video-preview":"max-video-preview:-1"},"canonical":"https:\/\/www.sinchisinchi.com\/de\/producto\/groser-palo-santo\/","og_locale":"de_DE","og_type":"article","og_title":"Palo Santo Altar -Online-Shop f\u00fcr Weihrauch","og_description":"Palo Santo (Bursera Graveolens) ist ein mystischer Baum, der an der K\u00fcste S\u00fcdamerikas w\u00e4chst und zur Amilia Bureseracea geh\u00f6rt...","og_url":"https:\/\/www.sinchisinchi.com\/de\/producto\/groser-palo-santo\/","og_site_name":"SINCHI RAP\u00c9","article_publisher":"https:\/\/www.facebook.com\/sinchirape\/","article_modified_time":"2024-01-24T08:29:53+00:00","og_image":[{"width":1000,"height":1000,"url":"https:\/\/www.sinchisinchi.com\/wp-content\/uploads\/2023\/12\/palo-santo-de-tronco-grande-pack-1kg.jpeg","type":"image\/jpeg"}],"twitter_card":"summary_large_image","twitter_misc":{"Gesch\u00e4tzte Lesezeit":"2\u00a0Minuten"},"schema":{"@context":"https:\/\/schema.org","@graph":[{"@type":"WebPage","@id":"https:\/\/www.sinchisinchi.com\/de\/producto\/groser-palo-santo\/","url":"https:\/\/www.sinchisinchi.com\/de\/producto\/groser-palo-santo\/","name":"Palo Santo Altar -Online-Shop f\u00fcr Weihrauch","isPartOf":{"@id":"https:\/\/www.sinchisinchi.com\/de\/#website"},"primaryImageOfPage":{"@id":"https:\/\/www.sinchisinchi.com\/de\/producto\/groser-palo-santo\/#primaryimage"},"image":{"@id":"https:\/\/www.sinchisinchi.com\/de\/producto\/groser-palo-santo\/#primaryimage"},"thumbnailUrl":"https:\/\/www.sinchisinchi.com\/wp-content\/uploads\/2023\/12\/palo-santo-de-tronco-grande-pack-1kg.jpeg","datePublished":"2023-12-07T08:44:15+00:00","dateModified":"2024-01-24T08:29:53+00:00","description":"Palo Santo (Bursera Graveolens) ist ein mystischer Baum, der an der K\u00fcste S\u00fcdamerikas w\u00e4chst und zur Amilia Bureseracea geh\u00f6rt...","breadcrumb":{"@id":"https:\/\/www.sinchisinchi.com\/de\/producto\/groser-palo-santo\/#breadcrumb"},"inLanguage":"de","potentialAction":[{"@type":"ReadAction","target":["https:\/\/www.sinchisinchi.com\/de\/producto\/groser-palo-santo\/"]}]},{"@type":"ImageObject","inLanguage":"de","@id":"https:\/\/www.sinchisinchi.com\/de\/producto\/groser-palo-santo\/#primaryimage","url":"https:\/\/www.sinchisinchi.com\/wp-content\/uploads\/2023\/12\/palo-santo-de-tronco-grande-pack-1kg.jpeg","contentUrl":"https:\/\/www.sinchisinchi.com\/wp-content\/uploads\/2023\/12\/palo-santo-de-tronco-grande-pack-1kg.jpeg","width":1000,"height":1000},{"@type":"BreadcrumbList","@id":"https:\/\/www.sinchisinchi.com\/de\/producto\/groser-palo-santo\/#breadcrumb","itemListElement":[{"@type":"ListItem","position":1,"name":"Titelseite","item":"https:\/\/www.sinchisinchi.com\/de\/"},{"@type":"ListItem","position":2,"name":"Produkte","item":"https:\/\/www.sinchisinchi.com\/de\/shop\/"},{"@type":"ListItem","position":3,"name":"Palo Santo 1 Kg"}]},{"@type":"WebSite","@id":"https:\/\/www.sinchisinchi.com\/de\/#website","url":"https:\/\/www.sinchisinchi.com\/de\/","name":"SINCHI","description":"Sinchi Medicine","publisher":{"@id":"https:\/\/www.sinchisinchi.com\/de\/#organization"},"potentialAction":[{"@type":"SearchAction","target":{"@type":"EntryPoint","urlTemplate":"https:\/\/www.sinchisinchi.com\/de\/?s={search_term_string}"},"query-input":{"@type":"PropertyValueSpecification","valueRequired":true,"valueName":"search_term_string"}}],"inLanguage":"de"},{"@type":"Organization","@id":"https:\/\/www.sinchisinchi.com\/de\/#organization","name":"SINCHI S.L","url":"https:\/\/www.sinchisinchi.com\/de\/","logo":{"@type":"ImageObject","inLanguage":"de","@id":"https:\/\/www.sinchisinchi.com\/de\/#\/schema\/logo\/image\/","url":"https:\/\/www.sinchisinchi.com\/wp-content\/uploads\/2026\/01\/3b-Verde-SIMPLIFICADO-HORIZONTAL-F-TRANSPARENTE-scaled.png","contentUrl":"https:\/\/www.sinchisinchi.com\/wp-content\/uploads\/2026\/01\/3b-Verde-SIMPLIFICADO-HORIZONTAL-F-TRANSPARENTE-scaled.png","width":2560,"height":457,"caption":"SINCHI S.L"},"image":{"@id":"https:\/\/www.sinchisinchi.com\/de\/#\/schema\/logo\/image\/"},"sameAs":["https:\/\/www.facebook.com\/sinchirape\/","https:\/\/www.instagram.com\/sinchi_rape\/"]}]}},"_links":{"self":[{"href":"https:\/\/www.sinchisinchi.com\/de\/wp-json\/wp\/v2\/product\/3586","targetHints":{"allow":["GET"]}}],"collection":[{"href":"https:\/\/www.sinchisinchi.com\/de\/wp-json\/wp\/v2\/product"}],"about":[{"href":"https:\/\/www.sinchisinchi.com\/de\/wp-json\/wp\/v2\/types\/product"}],"wp:featuredmedia":[{"embeddable":true,"href":"https:\/\/www.sinchisinchi.com\/de\/wp-json\/wp\/v2\/media\/11852"}],"wp:attachment":[{"href":"https:\/\/www.sinchisinchi.com\/de\/wp-json\/wp\/v2\/media?parent=3586"}],"wp:term":[{"taxonomy":"product_brand","embeddable":true,"href":"https:\/\/www.sinchisinchi.com\/de\/wp-json\/wp\/v2\/product_brand?post=3586"},{"taxonomy":"product_cat","embeddable":true,"href":"https:\/\/www.sinchisinchi.com\/de\/wp-json\/wp\/v2\/product_cat?post=3586"},{"taxonomy":"product_tag","embeddable":true,"href":"https:\/\/www.sinchisinchi.com\/de\/wp-json\/wp\/v2\/product_tag?post=3586"}],"curies":[{"name":"wp","href":"https:\/\/api.w.org\/{rel}","templated":true}]}}