{"id":3590,"date":"2023-12-07T08:24:25","date_gmt":"2023-12-07T08:24:25","guid":{"rendered":"https:\/\/www.sinchisinchi.com\/producto\/mapacho\/"},"modified":"2025-02-19T09:47:20","modified_gmt":"2025-02-19T09:47:20","slug":"mapacho","status":"publish","type":"product","link":"https:\/\/www.sinchisinchi.com\/de\/producto\/mapacho\/","title":{"rendered":"Mapacho Moi"},"content":{"rendered":"","protected":false},"excerpt":{"rendered":"<p><span style=\"color: #000000;\">Bio-Mapacho-Rolle aus Brasilien.<\/span><\/p>\n<p><span style=\"color: #000000;\">Mapacho ist ein Konglomerat aus getrockneten, gep\u00f6kelten und gehackten Bl\u00e4ttern der Nicotiana Rustica.<\/span><\/p>\n<p><span style=\"color: #000000;\">Moi Mapacho ist eine zarte und exquisite Mapacho-Sorte, die im Vergleich zu anderen rustikalen Sorten weicher ist und ein fesselndes und unverwechselbares Aroma hat.<\/span><\/p>\n<p><span style=\"color: #000000;\">Der Moi-Waschb\u00e4r wird im Extrativistenreservat tief im brasilianischen Amazonasgebiet nahe der Grenze zu Peru gez\u00fcchtet. Es wird von lokalen Gemeinschaften angebaut, die aus einer Mischung aus indigenen St\u00e4mmen und Einwanderern stammen, die w\u00e4hrend des Kautschukbooms aus dem Nordosten kamen.<\/span><\/p>\n<p><span style=\"color: #000000;\">Upper Jurua ist die Heimat einheimischer St\u00e4mme wie der Ashaninka, Kuntanawa, Arara Shaw\u00e3dawa und des Kaxinawa-Stammes.<\/span><\/p>\n<p><span style=\"color: #000000;\">Nicotiana Rustica wird seit Jahrtausenden in verschiedenen Formen und f\u00fcr verschiedene Zwecke verwendet: gekaut, pulverisiert und inhaliert, ger\u00e4uchert, mazeriert, trinkbar oder \u00e4u\u00dferlich verwendet, in Umschl\u00e4gen, B\u00e4dern oder Tropfen, zur Vorbeugung oder Behandlung k\u00f6rperlicher Beschwerden, sie wurden auch in Ritualen verwendet. f\u00fcr seinen Charakter als heilige Pflanze.<\/span><\/p>\n<p><span style=\"color: #000000;\">Wenn R\u00e4ucherst\u00e4bchen hergestellt werden, dient dies dazu, die Energie eines Raumes oder einer Person zu reinigen. In Nordamerika war das Weiterreichen der Pfeife mit der Verwendung von Sprache und der Verbindung mit dem Heiligen verbunden. Beispielsweise wurde es verwendet, wenn wichtige Entscheidungen getroffen werden mussten. Bevor jemand sprach, inhalierte die gesamte Gruppe zuerst die Pfeife. Diese vorherige Verbindung mit dem, was sie als heilig betrachteten, spiegelt die Bedeutung wider, die sie dem ehrlichen und aus dem Herzen kommenden Sprechen beima\u00dfen, was als der ultimative Zweck dieser Praxis angesehen werden kann.<\/span><\/p>\n","protected":false},"featured_media":12947,"template":"","meta":{"_joinchat":[]},"product_brand":[],"product_cat":[324],"product_tag":[],"class_list":{"0":"post-3590","1":"product","2":"type-product","3":"status-publish","4":"has-post-thumbnail","6":"product_cat-mapacho-roll-de","8":"first","9":"instock","10":"taxable","11":"shipping-taxable","12":"purchasable","13":"product-type-variable","14":"has-default-attributes"},"yoast_head":"<!-- This site is optimized with the Yoast SEO plugin v27.4 - https:\/\/yoast.com\/product\/yoast-seo-wordpress\/ -->\n<title>Kaufen Sie Mapacho Moi aus Brasilien, 100 % nat\u00fcrlich \u2013 Tienda Chamanica<\/title>\n<meta name=\"description\" content=\"Moi Mapacho ist eine zarte und exquisite Mapacho-Sorte, die im Vergleich zu anderen rustikalen Sorten weicher ist und ein fesselndes und unverwechselbares Aroma hat.\" \/>\n<meta name=\"robots\" content=\"index, follow, max-snippet:-1, max-image-preview:large, max-video-preview:-1\" \/>\n<link rel=\"canonical\" href=\"https:\/\/www.sinchisinchi.com\/de\/producto\/mapacho\/\" \/>\n<meta property=\"og:locale\" content=\"de_DE\" \/>\n<meta property=\"og:type\" content=\"article\" \/>\n<meta property=\"og:title\" content=\"Kaufen Sie Mapacho Moi aus Brasilien, 100 % nat\u00fcrlich \u2013 Tienda Chamanica\" \/>\n<meta property=\"og:description\" content=\"Moi Mapacho ist eine zarte und exquisite Mapacho-Sorte, die im Vergleich zu anderen rustikalen Sorten weicher ist und ein fesselndes und unverwechselbares Aroma hat.\" \/>\n<meta property=\"og:url\" content=\"https:\/\/www.sinchisinchi.com\/de\/producto\/mapacho\/\" \/>\n<meta property=\"og:site_name\" content=\"SINCHI RAP\u00c9\" \/>\n<meta property=\"article:publisher\" content=\"https:\/\/www.facebook.com\/sinchirape\/\" \/>\n<meta property=\"article:modified_time\" content=\"2025-02-19T09:47:20+00:00\" \/>\n<meta property=\"og:image\" content=\"https:\/\/www.sinchisinchi.com\/wp-content\/uploads\/2023\/12\/Moi-Mapacho.jpg\" \/>\n\t<meta property=\"og:image:width\" content=\"900\" \/>\n\t<meta property=\"og:image:height\" content=\"900\" \/>\n\t<meta property=\"og:image:type\" content=\"image\/jpeg\" \/>\n<meta name=\"twitter:card\" content=\"summary_large_image\" \/>\n<script type=\"application\/ld+json\" class=\"yoast-schema-graph\">{\"@context\":\"https:\\\/\\\/schema.org\",\"@graph\":[{\"@type\":\"WebPage\",\"@id\":\"https:\\\/\\\/www.sinchisinchi.com\\\/de\\\/producto\\\/mapacho\\\/\",\"url\":\"https:\\\/\\\/www.sinchisinchi.com\\\/de\\\/producto\\\/mapacho\\\/\",\"name\":\"Kaufen Sie Mapacho Moi aus Brasilien, 100 % nat\u00fcrlich \u2013 Tienda Chamanica\",\"isPartOf\":{\"@id\":\"https:\\\/\\\/www.sinchisinchi.com\\\/de\\\/#website\"},\"primaryImageOfPage\":{\"@id\":\"https:\\\/\\\/www.sinchisinchi.com\\\/de\\\/producto\\\/mapacho\\\/#primaryimage\"},\"image\":{\"@id\":\"https:\\\/\\\/www.sinchisinchi.com\\\/de\\\/producto\\\/mapacho\\\/#primaryimage\"},\"thumbnailUrl\":\"https:\\\/\\\/www.sinchisinchi.com\\\/wp-content\\\/uploads\\\/2023\\\/12\\\/Moi-Mapacho.jpg\",\"datePublished\":\"2023-12-07T08:24:25+00:00\",\"dateModified\":\"2025-02-19T09:47:20+00:00\",\"description\":\"Moi Mapacho ist eine zarte und exquisite Mapacho-Sorte, die im Vergleich zu anderen rustikalen Sorten weicher ist und ein fesselndes und unverwechselbares Aroma hat.\",\"breadcrumb\":{\"@id\":\"https:\\\/\\\/www.sinchisinchi.com\\\/de\\\/producto\\\/mapacho\\\/#breadcrumb\"},\"inLanguage\":\"de\",\"potentialAction\":[{\"@type\":\"ReadAction\",\"target\":[\"https:\\\/\\\/www.sinchisinchi.com\\\/de\\\/producto\\\/mapacho\\\/\"]}]},{\"@type\":\"ImageObject\",\"inLanguage\":\"de\",\"@id\":\"https:\\\/\\\/www.sinchisinchi.com\\\/de\\\/producto\\\/mapacho\\\/#primaryimage\",\"url\":\"https:\\\/\\\/www.sinchisinchi.com\\\/wp-content\\\/uploads\\\/2023\\\/12\\\/Moi-Mapacho.jpg\",\"contentUrl\":\"https:\\\/\\\/www.sinchisinchi.com\\\/wp-content\\\/uploads\\\/2023\\\/12\\\/Moi-Mapacho.jpg\",\"width\":900,\"height\":900},{\"@type\":\"BreadcrumbList\",\"@id\":\"https:\\\/\\\/www.sinchisinchi.com\\\/de\\\/producto\\\/mapacho\\\/#breadcrumb\",\"itemListElement\":[{\"@type\":\"ListItem\",\"position\":1,\"name\":\"Titelseite\",\"item\":\"https:\\\/\\\/www.sinchisinchi.com\\\/de\\\/\"},{\"@type\":\"ListItem\",\"position\":2,\"name\":\"Produkte\",\"item\":\"https:\\\/\\\/www.sinchisinchi.com\\\/de\\\/shop\\\/\"},{\"@type\":\"ListItem\",\"position\":3,\"name\":\"Mapacho Moi\"}]},{\"@type\":\"WebSite\",\"@id\":\"https:\\\/\\\/www.sinchisinchi.com\\\/de\\\/#website\",\"url\":\"https:\\\/\\\/www.sinchisinchi.com\\\/de\\\/\",\"name\":\"SINCHI\",\"description\":\"Sinchi Medicine\",\"publisher\":{\"@id\":\"https:\\\/\\\/www.sinchisinchi.com\\\/de\\\/#organization\"},\"potentialAction\":[{\"@type\":\"SearchAction\",\"target\":{\"@type\":\"EntryPoint\",\"urlTemplate\":\"https:\\\/\\\/www.sinchisinchi.com\\\/de\\\/?s={search_term_string}\"},\"query-input\":{\"@type\":\"PropertyValueSpecification\",\"valueRequired\":true,\"valueName\":\"search_term_string\"}}],\"inLanguage\":\"de\"},{\"@type\":\"Organization\",\"@id\":\"https:\\\/\\\/www.sinchisinchi.com\\\/de\\\/#organization\",\"name\":\"SINCHI S.L\",\"url\":\"https:\\\/\\\/www.sinchisinchi.com\\\/de\\\/\",\"logo\":{\"@type\":\"ImageObject\",\"inLanguage\":\"de\",\"@id\":\"https:\\\/\\\/www.sinchisinchi.com\\\/de\\\/#\\\/schema\\\/logo\\\/image\\\/\",\"url\":\"https:\\\/\\\/www.sinchisinchi.com\\\/wp-content\\\/uploads\\\/2026\\\/01\\\/3b-Verde-SIMPLIFICADO-HORIZONTAL-F-TRANSPARENTE-scaled.png\",\"contentUrl\":\"https:\\\/\\\/www.sinchisinchi.com\\\/wp-content\\\/uploads\\\/2026\\\/01\\\/3b-Verde-SIMPLIFICADO-HORIZONTAL-F-TRANSPARENTE-scaled.png\",\"width\":2560,\"height\":457,\"caption\":\"SINCHI S.L\"},\"image\":{\"@id\":\"https:\\\/\\\/www.sinchisinchi.com\\\/de\\\/#\\\/schema\\\/logo\\\/image\\\/\"},\"sameAs\":[\"https:\\\/\\\/www.facebook.com\\\/sinchirape\\\/\",\"https:\\\/\\\/www.instagram.com\\\/sinchi_rape\\\/\"]}]}<\/script>\n<!-- \/ Yoast SEO plugin. -->","yoast_head_json":{"title":"Kaufen Sie Mapacho Moi aus Brasilien, 100 % nat\u00fcrlich \u2013 Tienda Chamanica","description":"Moi Mapacho ist eine zarte und exquisite Mapacho-Sorte, die im Vergleich zu anderen rustikalen Sorten weicher ist und ein fesselndes und unverwechselbares Aroma hat.","robots":{"index":"index","follow":"follow","max-snippet":"max-snippet:-1","max-image-preview":"max-image-preview:large","max-video-preview":"max-video-preview:-1"},"canonical":"https:\/\/www.sinchisinchi.com\/de\/producto\/mapacho\/","og_locale":"de_DE","og_type":"article","og_title":"Kaufen Sie Mapacho Moi aus Brasilien, 100 % nat\u00fcrlich \u2013 Tienda Chamanica","og_description":"Moi Mapacho ist eine zarte und exquisite Mapacho-Sorte, die im Vergleich zu anderen rustikalen Sorten weicher ist und ein fesselndes und unverwechselbares Aroma hat.","og_url":"https:\/\/www.sinchisinchi.com\/de\/producto\/mapacho\/","og_site_name":"SINCHI RAP\u00c9","article_publisher":"https:\/\/www.facebook.com\/sinchirape\/","article_modified_time":"2025-02-19T09:47:20+00:00","og_image":[{"width":900,"height":900,"url":"https:\/\/www.sinchisinchi.com\/wp-content\/uploads\/2023\/12\/Moi-Mapacho.jpg","type":"image\/jpeg"}],"twitter_card":"summary_large_image","schema":{"@context":"https:\/\/schema.org","@graph":[{"@type":"WebPage","@id":"https:\/\/www.sinchisinchi.com\/de\/producto\/mapacho\/","url":"https:\/\/www.sinchisinchi.com\/de\/producto\/mapacho\/","name":"Kaufen Sie Mapacho Moi aus Brasilien, 100 % nat\u00fcrlich \u2013 Tienda Chamanica","isPartOf":{"@id":"https:\/\/www.sinchisinchi.com\/de\/#website"},"primaryImageOfPage":{"@id":"https:\/\/www.sinchisinchi.com\/de\/producto\/mapacho\/#primaryimage"},"image":{"@id":"https:\/\/www.sinchisinchi.com\/de\/producto\/mapacho\/#primaryimage"},"thumbnailUrl":"https:\/\/www.sinchisinchi.com\/wp-content\/uploads\/2023\/12\/Moi-Mapacho.jpg","datePublished":"2023-12-07T08:24:25+00:00","dateModified":"2025-02-19T09:47:20+00:00","description":"Moi Mapacho ist eine zarte und exquisite Mapacho-Sorte, die im Vergleich zu anderen rustikalen Sorten weicher ist und ein fesselndes und unverwechselbares Aroma hat.","breadcrumb":{"@id":"https:\/\/www.sinchisinchi.com\/de\/producto\/mapacho\/#breadcrumb"},"inLanguage":"de","potentialAction":[{"@type":"ReadAction","target":["https:\/\/www.sinchisinchi.com\/de\/producto\/mapacho\/"]}]},{"@type":"ImageObject","inLanguage":"de","@id":"https:\/\/www.sinchisinchi.com\/de\/producto\/mapacho\/#primaryimage","url":"https:\/\/www.sinchisinchi.com\/wp-content\/uploads\/2023\/12\/Moi-Mapacho.jpg","contentUrl":"https:\/\/www.sinchisinchi.com\/wp-content\/uploads\/2023\/12\/Moi-Mapacho.jpg","width":900,"height":900},{"@type":"BreadcrumbList","@id":"https:\/\/www.sinchisinchi.com\/de\/producto\/mapacho\/#breadcrumb","itemListElement":[{"@type":"ListItem","position":1,"name":"Titelseite","item":"https:\/\/www.sinchisinchi.com\/de\/"},{"@type":"ListItem","position":2,"name":"Produkte","item":"https:\/\/www.sinchisinchi.com\/de\/shop\/"},{"@type":"ListItem","position":3,"name":"Mapacho Moi"}]},{"@type":"WebSite","@id":"https:\/\/www.sinchisinchi.com\/de\/#website","url":"https:\/\/www.sinchisinchi.com\/de\/","name":"SINCHI","description":"Sinchi Medicine","publisher":{"@id":"https:\/\/www.sinchisinchi.com\/de\/#organization"},"potentialAction":[{"@type":"SearchAction","target":{"@type":"EntryPoint","urlTemplate":"https:\/\/www.sinchisinchi.com\/de\/?s={search_term_string}"},"query-input":{"@type":"PropertyValueSpecification","valueRequired":true,"valueName":"search_term_string"}}],"inLanguage":"de"},{"@type":"Organization","@id":"https:\/\/www.sinchisinchi.com\/de\/#organization","name":"SINCHI S.L","url":"https:\/\/www.sinchisinchi.com\/de\/","logo":{"@type":"ImageObject","inLanguage":"de","@id":"https:\/\/www.sinchisinchi.com\/de\/#\/schema\/logo\/image\/","url":"https:\/\/www.sinchisinchi.com\/wp-content\/uploads\/2026\/01\/3b-Verde-SIMPLIFICADO-HORIZONTAL-F-TRANSPARENTE-scaled.png","contentUrl":"https:\/\/www.sinchisinchi.com\/wp-content\/uploads\/2026\/01\/3b-Verde-SIMPLIFICADO-HORIZONTAL-F-TRANSPARENTE-scaled.png","width":2560,"height":457,"caption":"SINCHI S.L"},"image":{"@id":"https:\/\/www.sinchisinchi.com\/de\/#\/schema\/logo\/image\/"},"sameAs":["https:\/\/www.facebook.com\/sinchirape\/","https:\/\/www.instagram.com\/sinchi_rape\/"]}]}},"_links":{"self":[{"href":"https:\/\/www.sinchisinchi.com\/de\/wp-json\/wp\/v2\/product\/3590","targetHints":{"allow":["GET"]}}],"collection":[{"href":"https:\/\/www.sinchisinchi.com\/de\/wp-json\/wp\/v2\/product"}],"about":[{"href":"https:\/\/www.sinchisinchi.com\/de\/wp-json\/wp\/v2\/types\/product"}],"wp:featuredmedia":[{"embeddable":true,"href":"https:\/\/www.sinchisinchi.com\/de\/wp-json\/wp\/v2\/media\/12947"}],"wp:attachment":[{"href":"https:\/\/www.sinchisinchi.com\/de\/wp-json\/wp\/v2\/media?parent=3590"}],"wp:term":[{"taxonomy":"product_brand","embeddable":true,"href":"https:\/\/www.sinchisinchi.com\/de\/wp-json\/wp\/v2\/product_brand?post=3590"},{"taxonomy":"product_cat","embeddable":true,"href":"https:\/\/www.sinchisinchi.com\/de\/wp-json\/wp\/v2\/product_cat?post=3590"},{"taxonomy":"product_tag","embeddable":true,"href":"https:\/\/www.sinchisinchi.com\/de\/wp-json\/wp\/v2\/product_tag?post=3590"}],"curies":[{"name":"wp","href":"https:\/\/api.w.org\/{rel}","templated":true}]}}