{"id":3592,"date":"2019-03-15T02:55:43","date_gmt":"2019-03-15T02:55:43","guid":{"rendered":"https:\/\/www.sinchisinchi.com\/producto\/rape-kuripe\/"},"modified":"2025-11-08T01:39:42","modified_gmt":"2025-11-08T01:39:42","slug":"rape-kuripe-applikator","status":"publish","type":"product","link":"https:\/\/www.sinchisinchi.com\/de\/producto\/rape-kuripe-applikator\/","title":{"rendered":"Teakholz Kurip\u00e9"},"content":{"rendered":"<h2 style=\"text-align: center;\"><strong>Rap\u00e9-Applikator: Wie man Kurip\u00e9 benutzt<\/strong><\/h2>\n<p>Um die uralte Medizin des Schnupftabaks zu empfangen, muss man empf\u00e4nglich und in innerer Stille sein; versuchen Sie, ihn an einem geeigneten Ort einzunehmen, widmen Sie ihm Zeit und Raum, trennen Sie ihn von Freizeitaktivit\u00e4ten und konzentrieren Sie sich immer auf ein Gebet oder eine lichtvolle Absicht.<\/p>\n<p>Der Rap\u00e9 wird durch Pusten mit einem Kurip\u00e9 oder Tepi ausgesto\u00dfen (er wird niemals geschnupft oder inhaliert); die Wirkung des Rap\u00e9 h\u00e4ngt weitgehend vom Pusten und dem Gebet oder der Absicht ab.<\/p>\n","protected":false},"excerpt":{"rendered":"<p>Das Kurip\u00e9 wird aus einem einzigen St\u00fcck Teakholz gefertigt und besticht durch seine feinen Oberfl\u00e4chen sowie seine idealen Ma\u00dfe und Winkel f\u00fcr eine harmonische Ausrichtung, die eine komfortable und flie\u00dfende Nutzung erm\u00f6glicht.<\/p>\n<p>Das Kurip\u00e9 ist ein heiliges Werkzeug, ein kraftvolles Objekt, das die Verbindung zum Geist von Rap\u00e9 erm\u00f6glicht.<\/p>\n","protected":false},"featured_media":28928,"template":"","meta":{"_joinchat":[]},"product_brand":[],"product_cat":[131,132],"product_tag":[],"class_list":{"0":"post-3592","1":"product","2":"type-product","3":"status-publish","4":"has-post-thumbnail","6":"product_cat-ohne-kategorie","7":"product_cat-projektoren","9":"first","10":"instock","11":"taxable","12":"shipping-taxable","13":"purchasable","14":"product-type-simple"},"yoast_head":"<!-- This site is optimized with the Yoast SEO plugin v27.4 - https:\/\/yoast.com\/product\/yoast-seo-wordpress\/ -->\n<title>Teakholz Kurip\u00e9 - SINCHI RAP\u00c9<\/title>\n<meta name=\"description\" content=\"Kurip\u00e9 wird aus einem einzigen St\u00fcck Teakholz gefertigt und zeichnet sich durch feine Oberfl\u00e4chenbearbeitung sowie ideale Ma\u00dfe und Winkel f\u00fcr eine harmonische Ausrichtung aus.\" \/>\n<meta name=\"robots\" content=\"index, follow, max-snippet:-1, max-image-preview:large, max-video-preview:-1\" \/>\n<link rel=\"canonical\" href=\"https:\/\/www.sinchisinchi.com\/de\/producto\/rape-kuripe-applikator\/\" \/>\n<meta property=\"og:locale\" content=\"de_DE\" \/>\n<meta property=\"og:type\" content=\"article\" \/>\n<meta property=\"og:title\" content=\"Teakholz Kurip\u00e9 - SINCHI RAP\u00c9\" \/>\n<meta property=\"og:description\" content=\"Kurip\u00e9 wird aus einem einzigen St\u00fcck Teakholz gefertigt und zeichnet sich durch feine Oberfl\u00e4chenbearbeitung sowie ideale Ma\u00dfe und Winkel f\u00fcr eine harmonische Ausrichtung aus.\" \/>\n<meta property=\"og:url\" content=\"https:\/\/www.sinchisinchi.com\/de\/producto\/rape-kuripe-applikator\/\" \/>\n<meta property=\"og:site_name\" content=\"SINCHI RAP\u00c9\" \/>\n<meta property=\"article:publisher\" content=\"https:\/\/www.facebook.com\/sinchirape\/\" \/>\n<meta property=\"article:modified_time\" content=\"2025-11-08T01:39:42+00:00\" \/>\n<meta property=\"og:image\" content=\"https:\/\/www.sinchisinchi.com\/wp-content\/uploads\/2019\/03\/Kuripe-Teca-2.jpg\" \/>\n\t<meta property=\"og:image:width\" content=\"650\" \/>\n\t<meta property=\"og:image:height\" content=\"550\" \/>\n\t<meta property=\"og:image:type\" content=\"image\/jpeg\" \/>\n<meta name=\"twitter:card\" content=\"summary_large_image\" \/>\n<script type=\"application\/ld+json\" class=\"yoast-schema-graph\">{\"@context\":\"https:\\\/\\\/schema.org\",\"@graph\":[{\"@type\":\"WebPage\",\"@id\":\"https:\\\/\\\/www.sinchisinchi.com\\\/de\\\/producto\\\/rape-kuripe-applikator\\\/\",\"url\":\"https:\\\/\\\/www.sinchisinchi.com\\\/de\\\/producto\\\/rape-kuripe-applikator\\\/\",\"name\":\"Teakholz Kurip\u00e9 - SINCHI RAP\u00c9\",\"isPartOf\":{\"@id\":\"https:\\\/\\\/www.sinchisinchi.com\\\/de\\\/#website\"},\"primaryImageOfPage\":{\"@id\":\"https:\\\/\\\/www.sinchisinchi.com\\\/de\\\/producto\\\/rape-kuripe-applikator\\\/#primaryimage\"},\"image\":{\"@id\":\"https:\\\/\\\/www.sinchisinchi.com\\\/de\\\/producto\\\/rape-kuripe-applikator\\\/#primaryimage\"},\"thumbnailUrl\":\"https:\\\/\\\/www.sinchisinchi.com\\\/wp-content\\\/uploads\\\/2019\\\/03\\\/Kuripe-Teca-2.jpg\",\"datePublished\":\"2019-03-15T02:55:43+00:00\",\"dateModified\":\"2025-11-08T01:39:42+00:00\",\"description\":\"Kurip\u00e9 wird aus einem einzigen St\u00fcck Teakholz gefertigt und zeichnet sich durch feine Oberfl\u00e4chenbearbeitung sowie ideale Ma\u00dfe und Winkel f\u00fcr eine harmonische Ausrichtung aus.\",\"breadcrumb\":{\"@id\":\"https:\\\/\\\/www.sinchisinchi.com\\\/de\\\/producto\\\/rape-kuripe-applikator\\\/#breadcrumb\"},\"inLanguage\":\"de\",\"potentialAction\":[{\"@type\":\"ReadAction\",\"target\":[\"https:\\\/\\\/www.sinchisinchi.com\\\/de\\\/producto\\\/rape-kuripe-applikator\\\/\"]}]},{\"@type\":\"ImageObject\",\"inLanguage\":\"de\",\"@id\":\"https:\\\/\\\/www.sinchisinchi.com\\\/de\\\/producto\\\/rape-kuripe-applikator\\\/#primaryimage\",\"url\":\"https:\\\/\\\/www.sinchisinchi.com\\\/wp-content\\\/uploads\\\/2019\\\/03\\\/Kuripe-Teca-2.jpg\",\"contentUrl\":\"https:\\\/\\\/www.sinchisinchi.com\\\/wp-content\\\/uploads\\\/2019\\\/03\\\/Kuripe-Teca-2.jpg\",\"width\":650,\"height\":550},{\"@type\":\"BreadcrumbList\",\"@id\":\"https:\\\/\\\/www.sinchisinchi.com\\\/de\\\/producto\\\/rape-kuripe-applikator\\\/#breadcrumb\",\"itemListElement\":[{\"@type\":\"ListItem\",\"position\":1,\"name\":\"Titelseite\",\"item\":\"https:\\\/\\\/www.sinchisinchi.com\\\/de\\\/\"},{\"@type\":\"ListItem\",\"position\":2,\"name\":\"Produkte\",\"item\":\"https:\\\/\\\/www.sinchisinchi.com\\\/de\\\/shop\\\/\"},{\"@type\":\"ListItem\",\"position\":3,\"name\":\"Teakholz Kurip\u00e9\"}]},{\"@type\":\"WebSite\",\"@id\":\"https:\\\/\\\/www.sinchisinchi.com\\\/de\\\/#website\",\"url\":\"https:\\\/\\\/www.sinchisinchi.com\\\/de\\\/\",\"name\":\"SINCHI\",\"description\":\"Sinchi Medicine\",\"publisher\":{\"@id\":\"https:\\\/\\\/www.sinchisinchi.com\\\/de\\\/#organization\"},\"potentialAction\":[{\"@type\":\"SearchAction\",\"target\":{\"@type\":\"EntryPoint\",\"urlTemplate\":\"https:\\\/\\\/www.sinchisinchi.com\\\/de\\\/?s={search_term_string}\"},\"query-input\":{\"@type\":\"PropertyValueSpecification\",\"valueRequired\":true,\"valueName\":\"search_term_string\"}}],\"inLanguage\":\"de\"},{\"@type\":\"Organization\",\"@id\":\"https:\\\/\\\/www.sinchisinchi.com\\\/de\\\/#organization\",\"name\":\"SINCHI S.L\",\"url\":\"https:\\\/\\\/www.sinchisinchi.com\\\/de\\\/\",\"logo\":{\"@type\":\"ImageObject\",\"inLanguage\":\"de\",\"@id\":\"https:\\\/\\\/www.sinchisinchi.com\\\/de\\\/#\\\/schema\\\/logo\\\/image\\\/\",\"url\":\"https:\\\/\\\/www.sinchisinchi.com\\\/wp-content\\\/uploads\\\/2026\\\/01\\\/3b-Verde-SIMPLIFICADO-HORIZONTAL-F-TRANSPARENTE-scaled.png\",\"contentUrl\":\"https:\\\/\\\/www.sinchisinchi.com\\\/wp-content\\\/uploads\\\/2026\\\/01\\\/3b-Verde-SIMPLIFICADO-HORIZONTAL-F-TRANSPARENTE-scaled.png\",\"width\":2560,\"height\":457,\"caption\":\"SINCHI S.L\"},\"image\":{\"@id\":\"https:\\\/\\\/www.sinchisinchi.com\\\/de\\\/#\\\/schema\\\/logo\\\/image\\\/\"},\"sameAs\":[\"https:\\\/\\\/www.facebook.com\\\/sinchirape\\\/\",\"https:\\\/\\\/www.instagram.com\\\/sinchi_rape\\\/\"]}]}<\/script>\n<!-- \/ Yoast SEO plugin. -->","yoast_head_json":{"title":"Teakholz Kurip\u00e9 - SINCHI RAP\u00c9","description":"Kurip\u00e9 wird aus einem einzigen St\u00fcck Teakholz gefertigt und zeichnet sich durch feine Oberfl\u00e4chenbearbeitung sowie ideale Ma\u00dfe und Winkel f\u00fcr eine harmonische Ausrichtung aus.","robots":{"index":"index","follow":"follow","max-snippet":"max-snippet:-1","max-image-preview":"max-image-preview:large","max-video-preview":"max-video-preview:-1"},"canonical":"https:\/\/www.sinchisinchi.com\/de\/producto\/rape-kuripe-applikator\/","og_locale":"de_DE","og_type":"article","og_title":"Teakholz Kurip\u00e9 - SINCHI RAP\u00c9","og_description":"Kurip\u00e9 wird aus einem einzigen St\u00fcck Teakholz gefertigt und zeichnet sich durch feine Oberfl\u00e4chenbearbeitung sowie ideale Ma\u00dfe und Winkel f\u00fcr eine harmonische Ausrichtung aus.","og_url":"https:\/\/www.sinchisinchi.com\/de\/producto\/rape-kuripe-applikator\/","og_site_name":"SINCHI RAP\u00c9","article_publisher":"https:\/\/www.facebook.com\/sinchirape\/","article_modified_time":"2025-11-08T01:39:42+00:00","og_image":[{"width":650,"height":550,"url":"https:\/\/www.sinchisinchi.com\/wp-content\/uploads\/2019\/03\/Kuripe-Teca-2.jpg","type":"image\/jpeg"}],"twitter_card":"summary_large_image","schema":{"@context":"https:\/\/schema.org","@graph":[{"@type":"WebPage","@id":"https:\/\/www.sinchisinchi.com\/de\/producto\/rape-kuripe-applikator\/","url":"https:\/\/www.sinchisinchi.com\/de\/producto\/rape-kuripe-applikator\/","name":"Teakholz Kurip\u00e9 - SINCHI RAP\u00c9","isPartOf":{"@id":"https:\/\/www.sinchisinchi.com\/de\/#website"},"primaryImageOfPage":{"@id":"https:\/\/www.sinchisinchi.com\/de\/producto\/rape-kuripe-applikator\/#primaryimage"},"image":{"@id":"https:\/\/www.sinchisinchi.com\/de\/producto\/rape-kuripe-applikator\/#primaryimage"},"thumbnailUrl":"https:\/\/www.sinchisinchi.com\/wp-content\/uploads\/2019\/03\/Kuripe-Teca-2.jpg","datePublished":"2019-03-15T02:55:43+00:00","dateModified":"2025-11-08T01:39:42+00:00","description":"Kurip\u00e9 wird aus einem einzigen St\u00fcck Teakholz gefertigt und zeichnet sich durch feine Oberfl\u00e4chenbearbeitung sowie ideale Ma\u00dfe und Winkel f\u00fcr eine harmonische Ausrichtung aus.","breadcrumb":{"@id":"https:\/\/www.sinchisinchi.com\/de\/producto\/rape-kuripe-applikator\/#breadcrumb"},"inLanguage":"de","potentialAction":[{"@type":"ReadAction","target":["https:\/\/www.sinchisinchi.com\/de\/producto\/rape-kuripe-applikator\/"]}]},{"@type":"ImageObject","inLanguage":"de","@id":"https:\/\/www.sinchisinchi.com\/de\/producto\/rape-kuripe-applikator\/#primaryimage","url":"https:\/\/www.sinchisinchi.com\/wp-content\/uploads\/2019\/03\/Kuripe-Teca-2.jpg","contentUrl":"https:\/\/www.sinchisinchi.com\/wp-content\/uploads\/2019\/03\/Kuripe-Teca-2.jpg","width":650,"height":550},{"@type":"BreadcrumbList","@id":"https:\/\/www.sinchisinchi.com\/de\/producto\/rape-kuripe-applikator\/#breadcrumb","itemListElement":[{"@type":"ListItem","position":1,"name":"Titelseite","item":"https:\/\/www.sinchisinchi.com\/de\/"},{"@type":"ListItem","position":2,"name":"Produkte","item":"https:\/\/www.sinchisinchi.com\/de\/shop\/"},{"@type":"ListItem","position":3,"name":"Teakholz Kurip\u00e9"}]},{"@type":"WebSite","@id":"https:\/\/www.sinchisinchi.com\/de\/#website","url":"https:\/\/www.sinchisinchi.com\/de\/","name":"SINCHI","description":"Sinchi Medicine","publisher":{"@id":"https:\/\/www.sinchisinchi.com\/de\/#organization"},"potentialAction":[{"@type":"SearchAction","target":{"@type":"EntryPoint","urlTemplate":"https:\/\/www.sinchisinchi.com\/de\/?s={search_term_string}"},"query-input":{"@type":"PropertyValueSpecification","valueRequired":true,"valueName":"search_term_string"}}],"inLanguage":"de"},{"@type":"Organization","@id":"https:\/\/www.sinchisinchi.com\/de\/#organization","name":"SINCHI S.L","url":"https:\/\/www.sinchisinchi.com\/de\/","logo":{"@type":"ImageObject","inLanguage":"de","@id":"https:\/\/www.sinchisinchi.com\/de\/#\/schema\/logo\/image\/","url":"https:\/\/www.sinchisinchi.com\/wp-content\/uploads\/2026\/01\/3b-Verde-SIMPLIFICADO-HORIZONTAL-F-TRANSPARENTE-scaled.png","contentUrl":"https:\/\/www.sinchisinchi.com\/wp-content\/uploads\/2026\/01\/3b-Verde-SIMPLIFICADO-HORIZONTAL-F-TRANSPARENTE-scaled.png","width":2560,"height":457,"caption":"SINCHI S.L"},"image":{"@id":"https:\/\/www.sinchisinchi.com\/de\/#\/schema\/logo\/image\/"},"sameAs":["https:\/\/www.facebook.com\/sinchirape\/","https:\/\/www.instagram.com\/sinchi_rape\/"]}]}},"_links":{"self":[{"href":"https:\/\/www.sinchisinchi.com\/de\/wp-json\/wp\/v2\/product\/3592","targetHints":{"allow":["GET"]}}],"collection":[{"href":"https:\/\/www.sinchisinchi.com\/de\/wp-json\/wp\/v2\/product"}],"about":[{"href":"https:\/\/www.sinchisinchi.com\/de\/wp-json\/wp\/v2\/types\/product"}],"wp:featuredmedia":[{"embeddable":true,"href":"https:\/\/www.sinchisinchi.com\/de\/wp-json\/wp\/v2\/media\/28928"}],"wp:attachment":[{"href":"https:\/\/www.sinchisinchi.com\/de\/wp-json\/wp\/v2\/media?parent=3592"}],"wp:term":[{"taxonomy":"product_brand","embeddable":true,"href":"https:\/\/www.sinchisinchi.com\/de\/wp-json\/wp\/v2\/product_brand?post=3592"},{"taxonomy":"product_cat","embeddable":true,"href":"https:\/\/www.sinchisinchi.com\/de\/wp-json\/wp\/v2\/product_cat?post=3592"},{"taxonomy":"product_tag","embeddable":true,"href":"https:\/\/www.sinchisinchi.com\/de\/wp-json\/wp\/v2\/product_tag?post=3592"}],"curies":[{"name":"wp","href":"https:\/\/api.w.org\/{rel}","templated":true}]}}