{"id":3798,"date":"2018-11-21T23:04:56","date_gmt":"2018-11-21T23:04:56","guid":{"rendered":"https:\/\/www.sinchisinchi.com\/producto\/kuripe-tepi\/"},"modified":"2024-04-19T07:54:40","modified_gmt":"2024-04-19T07:54:40","slug":"tepi","status":"publish","type":"product","link":"https:\/\/www.sinchisinchi.com\/de\/producto\/tepi\/","title":{"rendered":"Tepi &#8211; Rap\u00e9 Projektor"},"content":{"rendered":"<h2 style=\"text-align: center;\">Verwendung von Tepi: <strong>Wie man rap\u00e9 anwendet<\/strong><\/h2>\n<p>Es gibt mehrere Atemz\u00fcge, die verwendet werden k\u00f6nnen, wobei die Dauer, Intensit\u00e4t und der Abschluss variieren.<\/p>\n<p>Unterbrochene Ger\u00e4usche sollten vermieden werden, ebenso sehr starke oder zu schwache; der Atem sollte sch\u00f6n und flie\u00dfend sein wie eine musikalische Melodie.<\/p>\n<p>Der bei der Projektion verwendete Atem und die Verbindung, die wir mit der Medizin haben, haben gro\u00dfen Einfluss auf die Wirkung des Schusses.<\/p>\n<p>Laut Huni Kuin ist es besser, die Anwendung von Rap\u00e9 bei einem Publikum zu vermeiden, das nichts \u00fcber seine Verwendung wei\u00df; Sie k\u00f6nnen eine negative Energie von jedem empfangen, der beobachtet, ohne zu wissen, dass es sich um eine heilige Medizin handelt, und sie mit anderen Gewohnheiten verwechseln.<\/p>\n<p>Es ist besser, Rap\u00e9 nicht unter der Sonne zu nehmen, besonders wenn es sehr intensiv ist.<\/p>\n","protected":false},"excerpt":{"rendered":"<p>Tepi, emailliert und mit gr\u00fcnem Garn verziert, mit feinen Oberfl\u00e4chen und idealen Ma\u00dfen f\u00fcr eine komfortable und harmonische Nutzung.<\/p>\n<p>Der Tepi ist ein langer Projektor, mit dem Schnupftabak auf eine andere Person projiziert wird.<\/p>\n<p>Das Projizieren von rap\u00e9k auf eine andere Person impliziert eine gewisse Verantwortung, da der \u00dcberlieferung zufolge ein starker Energieaustausch stattfindet, insbesondere zwischen der Person, die es anwendet, und der Person, die es erh\u00e4lt.<\/p>\n<p>Es ist wichtig sicherzustellen, dass wir nur von jemandem schnupfen, dem wir voll und ganz vertrauen und von dem wir wissen, dass er gute Absichten uns gegen\u00fcber hat.<\/p>\n","protected":false},"featured_media":28893,"template":"","meta":{"_joinchat":[]},"product_brand":[],"product_cat":[190],"product_tag":[],"class_list":{"0":"post-3798","1":"product","2":"type-product","3":"status-publish","4":"has-post-thumbnail","6":"product_cat-tepis-de","8":"first","9":"instock","10":"taxable","11":"shipping-taxable","12":"purchasable","13":"product-type-simple"},"yoast_head":"<!-- This site is optimized with the Yoast SEO plugin v27.1.1 - https:\/\/yoast.com\/product\/yoast-seo-wordpress\/ -->\n<title>Emaillierter Tepi: Amazon Rap\u00e9 Applikator kaufen<\/title>\n<meta name=\"description\" content=\"Tepi aus Holz, emailliert und mit gr\u00fcnem Faden verziert, mit feiner Verarbeitung und idealen Ma\u00dfen f\u00fcr eine komfortable und harmonische Nutzung.\" \/>\n<meta name=\"robots\" content=\"index, follow, max-snippet:-1, max-image-preview:large, max-video-preview:-1\" \/>\n<link rel=\"canonical\" href=\"https:\/\/www.sinchisinchi.com\/de\/producto\/tepi\/\" \/>\n<meta property=\"og:locale\" content=\"de_DE\" \/>\n<meta property=\"og:type\" content=\"article\" \/>\n<meta property=\"og:title\" content=\"Emaillierter Tepi: Amazon Rap\u00e9 Applikator kaufen\" \/>\n<meta property=\"og:description\" content=\"Tepi aus Holz, emailliert und mit gr\u00fcnem Faden verziert, mit feiner Verarbeitung und idealen Ma\u00dfen f\u00fcr eine komfortable und harmonische Nutzung.\" \/>\n<meta property=\"og:url\" content=\"https:\/\/www.sinchisinchi.com\/de\/producto\/tepi\/\" \/>\n<meta property=\"og:site_name\" content=\"SINCHI RAP\u00c9\" \/>\n<meta property=\"article:publisher\" content=\"https:\/\/www.facebook.com\/sinchirape\/\" \/>\n<meta property=\"article:modified_time\" content=\"2024-04-19T07:54:40+00:00\" \/>\n<meta property=\"og:image\" content=\"https:\/\/www.sinchisinchi.com\/wp-content\/uploads\/2023\/02\/2-Tepi-Sawo-copia.jpg\" \/>\n\t<meta property=\"og:image:width\" content=\"900\" \/>\n\t<meta property=\"og:image:height\" content=\"600\" \/>\n\t<meta property=\"og:image:type\" content=\"image\/jpeg\" \/>\n<meta name=\"twitter:card\" content=\"summary_large_image\" \/>\n<meta name=\"twitter:label1\" content=\"Gesch\u00e4tzte Lesezeit\" \/>\n\t<meta name=\"twitter:data1\" content=\"1\u00a0Minute\" \/>\n<script type=\"application\/ld+json\" class=\"yoast-schema-graph\">{\"@context\":\"https:\/\/schema.org\",\"@graph\":[{\"@type\":\"WebPage\",\"@id\":\"https:\/\/www.sinchisinchi.com\/de\/producto\/tepi\/\",\"url\":\"https:\/\/www.sinchisinchi.com\/de\/producto\/tepi\/\",\"name\":\"Emaillierter Tepi: Amazon Rap\u00e9 Applikator kaufen\",\"isPartOf\":{\"@id\":\"https:\/\/www.sinchisinchi.com\/de\/#website\"},\"primaryImageOfPage\":{\"@id\":\"https:\/\/www.sinchisinchi.com\/de\/producto\/tepi\/#primaryimage\"},\"image\":{\"@id\":\"https:\/\/www.sinchisinchi.com\/de\/producto\/tepi\/#primaryimage\"},\"thumbnailUrl\":\"https:\/\/www.sinchisinchi.com\/wp-content\/uploads\/2023\/02\/2-Tepi-Sawo-copia.jpg\",\"datePublished\":\"2018-11-21T23:04:56+00:00\",\"dateModified\":\"2024-04-19T07:54:40+00:00\",\"description\":\"Tepi aus Holz, emailliert und mit gr\u00fcnem Faden verziert, mit feiner Verarbeitung und idealen Ma\u00dfen f\u00fcr eine komfortable und harmonische Nutzung.\",\"breadcrumb\":{\"@id\":\"https:\/\/www.sinchisinchi.com\/de\/producto\/tepi\/#breadcrumb\"},\"inLanguage\":\"de\",\"potentialAction\":[{\"@type\":\"ReadAction\",\"target\":[\"https:\/\/www.sinchisinchi.com\/de\/producto\/tepi\/\"]}]},{\"@type\":\"ImageObject\",\"inLanguage\":\"de\",\"@id\":\"https:\/\/www.sinchisinchi.com\/de\/producto\/tepi\/#primaryimage\",\"url\":\"https:\/\/www.sinchisinchi.com\/wp-content\/uploads\/2023\/02\/2-Tepi-Sawo-copia.jpg\",\"contentUrl\":\"https:\/\/www.sinchisinchi.com\/wp-content\/uploads\/2023\/02\/2-Tepi-Sawo-copia.jpg\",\"width\":900,\"height\":600},{\"@type\":\"BreadcrumbList\",\"@id\":\"https:\/\/www.sinchisinchi.com\/de\/producto\/tepi\/#breadcrumb\",\"itemListElement\":[{\"@type\":\"ListItem\",\"position\":1,\"name\":\"Titelseite\",\"item\":\"https:\/\/www.sinchisinchi.com\/de\/\"},{\"@type\":\"ListItem\",\"position\":2,\"name\":\"Produkte\",\"item\":\"https:\/\/www.sinchisinchi.com\/de\/shop\/\"},{\"@type\":\"ListItem\",\"position\":3,\"name\":\"Tepi &#8211; Rap\u00e9 Projektor\"}]},{\"@type\":\"WebSite\",\"@id\":\"https:\/\/www.sinchisinchi.com\/de\/#website\",\"url\":\"https:\/\/www.sinchisinchi.com\/de\/\",\"name\":\"SINCHI\",\"description\":\"Sinchi Medicine\",\"publisher\":{\"@id\":\"https:\/\/www.sinchisinchi.com\/de\/#organization\"},\"potentialAction\":[{\"@type\":\"SearchAction\",\"target\":{\"@type\":\"EntryPoint\",\"urlTemplate\":\"https:\/\/www.sinchisinchi.com\/de\/?s={search_term_string}\"},\"query-input\":{\"@type\":\"PropertyValueSpecification\",\"valueRequired\":true,\"valueName\":\"search_term_string\"}}],\"inLanguage\":\"de\"},{\"@type\":\"Organization\",\"@id\":\"https:\/\/www.sinchisinchi.com\/de\/#organization\",\"name\":\"SINCHI S.L\",\"url\":\"https:\/\/www.sinchisinchi.com\/de\/\",\"logo\":{\"@type\":\"ImageObject\",\"inLanguage\":\"de\",\"@id\":\"https:\/\/www.sinchisinchi.com\/de\/#\/schema\/logo\/image\/\",\"url\":\"https:\/\/www.sinchisinchi.com\/wp-content\/uploads\/2026\/01\/3b-Verde-SIMPLIFICADO-HORIZONTAL-F-TRANSPARENTE-scaled.png\",\"contentUrl\":\"https:\/\/www.sinchisinchi.com\/wp-content\/uploads\/2026\/01\/3b-Verde-SIMPLIFICADO-HORIZONTAL-F-TRANSPARENTE-scaled.png\",\"width\":2560,\"height\":457,\"caption\":\"SINCHI S.L\"},\"image\":{\"@id\":\"https:\/\/www.sinchisinchi.com\/de\/#\/schema\/logo\/image\/\"},\"sameAs\":[\"https:\/\/www.facebook.com\/sinchirape\/\",\"https:\/\/www.instagram.com\/sinchi_rape\/\"]}]}<\/script>\n<!-- \/ Yoast SEO plugin. -->","yoast_head_json":{"title":"Emaillierter Tepi: Amazon Rap\u00e9 Applikator kaufen","description":"Tepi aus Holz, emailliert und mit gr\u00fcnem Faden verziert, mit feiner Verarbeitung und idealen Ma\u00dfen f\u00fcr eine komfortable und harmonische Nutzung.","robots":{"index":"index","follow":"follow","max-snippet":"max-snippet:-1","max-image-preview":"max-image-preview:large","max-video-preview":"max-video-preview:-1"},"canonical":"https:\/\/www.sinchisinchi.com\/de\/producto\/tepi\/","og_locale":"de_DE","og_type":"article","og_title":"Emaillierter Tepi: Amazon Rap\u00e9 Applikator kaufen","og_description":"Tepi aus Holz, emailliert und mit gr\u00fcnem Faden verziert, mit feiner Verarbeitung und idealen Ma\u00dfen f\u00fcr eine komfortable und harmonische Nutzung.","og_url":"https:\/\/www.sinchisinchi.com\/de\/producto\/tepi\/","og_site_name":"SINCHI RAP\u00c9","article_publisher":"https:\/\/www.facebook.com\/sinchirape\/","article_modified_time":"2024-04-19T07:54:40+00:00","og_image":[{"width":900,"height":600,"url":"https:\/\/www.sinchisinchi.com\/wp-content\/uploads\/2023\/02\/2-Tepi-Sawo-copia.jpg","type":"image\/jpeg"}],"twitter_card":"summary_large_image","twitter_misc":{"Gesch\u00e4tzte Lesezeit":"1\u00a0Minute"},"schema":{"@context":"https:\/\/schema.org","@graph":[{"@type":"WebPage","@id":"https:\/\/www.sinchisinchi.com\/de\/producto\/tepi\/","url":"https:\/\/www.sinchisinchi.com\/de\/producto\/tepi\/","name":"Emaillierter Tepi: Amazon Rap\u00e9 Applikator kaufen","isPartOf":{"@id":"https:\/\/www.sinchisinchi.com\/de\/#website"},"primaryImageOfPage":{"@id":"https:\/\/www.sinchisinchi.com\/de\/producto\/tepi\/#primaryimage"},"image":{"@id":"https:\/\/www.sinchisinchi.com\/de\/producto\/tepi\/#primaryimage"},"thumbnailUrl":"https:\/\/www.sinchisinchi.com\/wp-content\/uploads\/2023\/02\/2-Tepi-Sawo-copia.jpg","datePublished":"2018-11-21T23:04:56+00:00","dateModified":"2024-04-19T07:54:40+00:00","description":"Tepi aus Holz, emailliert und mit gr\u00fcnem Faden verziert, mit feiner Verarbeitung und idealen Ma\u00dfen f\u00fcr eine komfortable und harmonische Nutzung.","breadcrumb":{"@id":"https:\/\/www.sinchisinchi.com\/de\/producto\/tepi\/#breadcrumb"},"inLanguage":"de","potentialAction":[{"@type":"ReadAction","target":["https:\/\/www.sinchisinchi.com\/de\/producto\/tepi\/"]}]},{"@type":"ImageObject","inLanguage":"de","@id":"https:\/\/www.sinchisinchi.com\/de\/producto\/tepi\/#primaryimage","url":"https:\/\/www.sinchisinchi.com\/wp-content\/uploads\/2023\/02\/2-Tepi-Sawo-copia.jpg","contentUrl":"https:\/\/www.sinchisinchi.com\/wp-content\/uploads\/2023\/02\/2-Tepi-Sawo-copia.jpg","width":900,"height":600},{"@type":"BreadcrumbList","@id":"https:\/\/www.sinchisinchi.com\/de\/producto\/tepi\/#breadcrumb","itemListElement":[{"@type":"ListItem","position":1,"name":"Titelseite","item":"https:\/\/www.sinchisinchi.com\/de\/"},{"@type":"ListItem","position":2,"name":"Produkte","item":"https:\/\/www.sinchisinchi.com\/de\/shop\/"},{"@type":"ListItem","position":3,"name":"Tepi &#8211; Rap\u00e9 Projektor"}]},{"@type":"WebSite","@id":"https:\/\/www.sinchisinchi.com\/de\/#website","url":"https:\/\/www.sinchisinchi.com\/de\/","name":"SINCHI","description":"Sinchi Medicine","publisher":{"@id":"https:\/\/www.sinchisinchi.com\/de\/#organization"},"potentialAction":[{"@type":"SearchAction","target":{"@type":"EntryPoint","urlTemplate":"https:\/\/www.sinchisinchi.com\/de\/?s={search_term_string}"},"query-input":{"@type":"PropertyValueSpecification","valueRequired":true,"valueName":"search_term_string"}}],"inLanguage":"de"},{"@type":"Organization","@id":"https:\/\/www.sinchisinchi.com\/de\/#organization","name":"SINCHI S.L","url":"https:\/\/www.sinchisinchi.com\/de\/","logo":{"@type":"ImageObject","inLanguage":"de","@id":"https:\/\/www.sinchisinchi.com\/de\/#\/schema\/logo\/image\/","url":"https:\/\/www.sinchisinchi.com\/wp-content\/uploads\/2026\/01\/3b-Verde-SIMPLIFICADO-HORIZONTAL-F-TRANSPARENTE-scaled.png","contentUrl":"https:\/\/www.sinchisinchi.com\/wp-content\/uploads\/2026\/01\/3b-Verde-SIMPLIFICADO-HORIZONTAL-F-TRANSPARENTE-scaled.png","width":2560,"height":457,"caption":"SINCHI S.L"},"image":{"@id":"https:\/\/www.sinchisinchi.com\/de\/#\/schema\/logo\/image\/"},"sameAs":["https:\/\/www.facebook.com\/sinchirape\/","https:\/\/www.instagram.com\/sinchi_rape\/"]}]}},"_links":{"self":[{"href":"https:\/\/www.sinchisinchi.com\/de\/wp-json\/wp\/v2\/product\/3798","targetHints":{"allow":["GET"]}}],"collection":[{"href":"https:\/\/www.sinchisinchi.com\/de\/wp-json\/wp\/v2\/product"}],"about":[{"href":"https:\/\/www.sinchisinchi.com\/de\/wp-json\/wp\/v2\/types\/product"}],"wp:featuredmedia":[{"embeddable":true,"href":"https:\/\/www.sinchisinchi.com\/de\/wp-json\/wp\/v2\/media\/28893"}],"wp:attachment":[{"href":"https:\/\/www.sinchisinchi.com\/de\/wp-json\/wp\/v2\/media?parent=3798"}],"wp:term":[{"taxonomy":"product_brand","embeddable":true,"href":"https:\/\/www.sinchisinchi.com\/de\/wp-json\/wp\/v2\/product_brand?post=3798"},{"taxonomy":"product_cat","embeddable":true,"href":"https:\/\/www.sinchisinchi.com\/de\/wp-json\/wp\/v2\/product_cat?post=3798"},{"taxonomy":"product_tag","embeddable":true,"href":"https:\/\/www.sinchisinchi.com\/de\/wp-json\/wp\/v2\/product_tag?post=3798"}],"curies":[{"name":"wp","href":"https:\/\/api.w.org\/{rel}","templated":true}]}}