{"id":3817,"date":"2018-12-09T01:14:50","date_gmt":"2018-12-09T01:14:50","guid":{"rendered":"https:\/\/www.sinchisinchi.com\/producto\/sananga-kaufen\/"},"modified":"2026-04-29T10:54:37","modified_gmt":"2026-04-29T10:54:37","slug":"sananga-kaufen","status":"publish","type":"product","link":"https:\/\/www.sinchisinchi.com\/de\/producto\/sananga-kaufen\/","title":{"rendered":"Sananga"},"content":{"rendered":"<div class=\"row\"  id=\"row-1285835451\">\n\n\t<div id=\"col-1165288146\" class=\"col medium-3 small-12 large-3\"  >\n\t\t\t\t<div class=\"col-inner\"  >\n\t\t\t\n\t\t\t\n\t\t<\/div>\n\t\t\t\t\t<\/div>\n\n\t\n\n\t<div id=\"col-803045098\" class=\"col medium-6 small-12 large-6\"  >\n\t\t\t\t<div class=\"col-inner\"  >\n\t\t\t\n\t\t\t\n\t<div class=\"img has-hover x md-x lg-x y md-y lg-y\" id=\"image_2033700352\">\n\t\t\t\t\t\t\t\t<div class=\"img-inner dark\" >\n\t\t\t<img loading=\"lazy\" decoding=\"async\" width=\"500\" height=\"333\" src=\"https:\/\/www.sinchisinchi.com\/wp-content\/uploads\/2018\/12\/img_7129.jpg\" class=\"attachment-large size-large\" alt=\"Sananga comprar online\" srcset=\"https:\/\/www.sinchisinchi.com\/wp-content\/uploads\/2018\/12\/img_7129.jpg 500w, https:\/\/www.sinchisinchi.com\/wp-content\/uploads\/2018\/12\/img_7129-247x165.jpg 247w, https:\/\/www.sinchisinchi.com\/wp-content\/uploads\/2018\/12\/img_7129-300x200.jpg 300w\" sizes=\"auto, (max-width: 500px) 100vw, 500px\" \/>\t\t\t\t\t\t\n\t\t\t\t\t<\/div>\n\t\t\t\t\t\t\t\t\n<style>\n#image_2033700352 {\n  width: 100%;\n}\n<\/style>\n\t<\/div>\n\t\n\t\t<\/div>\n\t\t\t\t\t<\/div>\n\n\t\n\n\t<div id=\"col-75715258\" class=\"col medium-3 small-12 large-3\"  >\n\t\t\t\t<div class=\"col-inner\"  >\n\t\t\t\n\t\t\t\n\t\t<\/div>\n\t\t\t\t\t<\/div>\n\n\t\n<\/div>\n\t<div id=\"gap-1302272202\" class=\"gap-element clearfix\" style=\"display:block; height:auto;\">\n\t\t\n<style>\n#gap-1302272202 {\n  padding-top: 30px;\n}\n<\/style>\n\t<\/div>\n\t\n<h2 style=\"text-align: center;\"><strong>Die Sananga-Pflanze: Was ist das?<\/strong><\/h2>\n<p><strong>Sananga oder Cyperus articulatus<\/strong> ist eine tropische Pflanze, die entlang der Fl\u00fcsse des Amazonas w\u00e4chst und zur Familie der Cyperaceae geh\u00f6rt.<\/p>\n<p>Sananga ist eine im Amazonasgebiet heimische Pflanze, w\u00e4chst aber auch in vielen anderen tropischen Gebieten, darunter Afrika und Asien. Es gibt etwa 30 verschiedene Sananga-Arten, die zu drei Spezies geh\u00f6ren: Eleutherine bulbosa, Cyperus articulatus und Cyperus prolixus Kunth.<\/p>\n<p>Sananga wird von indigenen St\u00e4mmen im Amazonasgebiet verwendet, um die Sehkraft und damit ihre Jagdf\u00e4higkeiten zu verbessern (als Augentropfen). Dar\u00fcber hinaus wird es f\u00fcr verschiedene medizinische Zwecke verwendet, beispielsweise zur Behandlung von Schlangenbissen und Fieber.<\/p>\n\t<div id=\"gap-937610117\" class=\"gap-element clearfix\" style=\"display:block; height:auto;\">\n\t\t\n<style>\n#gap-937610117 {\n  padding-top: 30px;\n}\n<\/style>\n\t<\/div>\n\t\n<div class=\"row\"  id=\"row-1303730138\">\n\n\t<div id=\"col-1076760622\" class=\"col medium-1 small-12 large-1\"  >\n\t\t\t\t<div class=\"col-inner\"  >\n\t\t\t\n\t\t\t\n\t\t<\/div>\n\t\t\t\t\t<\/div>\n\n\t\n\n\t<div id=\"col-2020223410\" class=\"col medium-10 small-12 large-10\"  >\n\t\t\t\t<div class=\"col-inner\"  >\n\t\t\t\n\t\t\t\n<div class=\"video video-fit mb\" style=\"padding-top:56.25%;\"><p><iframe loading=\"lazy\" title=\"Sananga Ceremony | My Experience\" width=\"1020\" height=\"574\" src=\"https:\/\/www.youtube.com\/embed\/ZdjIOGSMgv8?feature=oembed&#038;enablejsapi=1&#038;origin=https:\/\/www.sinchisinchi.com\" frameborder=\"0\" allow=\"accelerometer; autoplay; clipboard-write; encrypted-media; gyroscope; picture-in-picture; web-share\" referrerpolicy=\"strict-origin-when-cross-origin\" allowfullscreen><\/iframe><\/p>\n<\/div>\n\t\t<\/div>\n\t\t\t\t\t<\/div>\n\n\t\n\n\t<div id=\"col-1046581606\" class=\"col medium-1 small-12 large-1\"  >\n\t\t\t\t<div class=\"col-inner\"  >\n\t\t\t\n\t\t\t\n\t\t<\/div>\n\t\t\t\t\t<\/div>\n\n\t\n<\/div>\n\t<div id=\"gap-1683265044\" class=\"gap-element clearfix\" style=\"display:block; height:auto;\">\n\t\t\n<style>\n#gap-1683265044 {\n  padding-top: 30px;\n}\n<\/style>\n\t<\/div>\n\t\n<h2 style=\"text-align: center;\"><strong>Sananga Augentropfen<\/strong><\/h2>\n<h3 style=\"text-align: center;\"><strong>Vorteile und medizinische Eigenschaften:<\/strong><\/h3>\n<h4 style=\"text-align: center;\"><strong>Auswirkungen von Sananga auf der Energieebene<\/strong><\/h4>\n<p>&#8211; Sananga hilft, die innere Sicht, das dritte Auge, zu \u00f6ffnen.<\/p>\n<p>&#8211; Aktiviert die Zirbeldr\u00fcse.<\/p>\n<p>&#8211; Beseitigt geistige Verwirrung.<\/p>\n<p>&#8211; Hilft, die Chakren auszurichten und zu \u00f6ffnen, insbesondere das dritte Auge und das Kronenchakra.<\/p>\n<p>&#8211; Sananga hilft bei der Tiefenreinigung auf energetischer, k\u00f6rperlicher, emotionaler und spiritueller Ebene.<\/p>\n<p>&#8211; Hilft, vergangene Traumata zu l\u00f6sen, stagnierende negative Energien freizusetzen und L\u00f6cher in unseren Energiefeldern zu schlie\u00dfen, die durch einen negativen Lebensstil verursacht wurden.<\/p>\n<p>&#8211; Beseitigt negative Energieladungen und -ansammlungen.<\/p>\n<p>&#8211; Verbessert klares Tr\u00e4umen.<\/p>\n<p>Der Shipibo-Stamm verwendet Sananga-Tropfen auch, um sich besser auf Handwerksk\u00fcnste wie N\u00e4hen, Malen und Sticken von Textilien zu konzentrieren, f\u00fcr die er ber\u00fchmt ist. Schon in jungen Jahren werden Shipibo-Frauen von ihren M\u00fcttern und Gro\u00dfm\u00fcttern in diesen Brauch eingeweiht. Ein Shipiba sagt: \u201eAls ich ein kleines M\u00e4dchen war, gab mir meine Mutter Sananga-Tropfen in die Augen, damit ich eine Vision f\u00fcr die Motive meiner Bilder hatte.\u201c<\/p>\n<p>Sananga wird h\u00e4ufig vor und w\u00e4hrend Ayahuasca-Zeremonien verwendet, da nach der Anwendung als Augentropfen die Visionen klarer und detaillierter werden. Einige St\u00e4mme verwenden Sananga sogar als Zusatz zu ihrem Ayahuasca-Getr\u00e4nk.<\/p>\n<p>Auswirkungen von Sananga auf der physischen Ebene<\/p>\n<p>Sananga ist auch bei einigen psychosomatischen Erkrankungen hilfreich, da die Augen die Fenster sind, durch die wir diese Welt wahrnehmen. Daher hilft dieses Naturheilmittel dabei, Ungleichgewichte in der Wahrnehmung dessen, was um uns herum geschieht, auszugleichen und zu heilen und sorgt f\u00fcr Harmonie und anschlie\u00dfende geistige, emotionale und k\u00f6rperliche Heilung.<\/p>\n<p><strong>Traditionell<\/strong> wird es zur Bek\u00e4mpfung von Malaria als Nasenaufguss angewendet. Zur Wundheilung wird es zerteilt und \u00e4u\u00dferlich aufgetragen. Bei Verdauungsbeschwerden oder \u00dcbelkeit wird es als Tinktur angewendet. Bei Husten und Fieber sowie als Gegengift wird es oral als Abkochung angewendet.<\/p>\n<p>Aus den Bl\u00fcten und Bl\u00e4ttern wird ein Tee hergestellt, der eine starke aphrodisierende Wirkung hat und auch luzides Tr\u00e4umen f\u00f6rdert. Schlie\u00dflich werden halluzinogene Wirkungen beschrieben, wenn die getrockneten Rhizome mit Tabak vermischt und geraucht werden.<\/p>\n<p>Sananga hilft au\u00dferdem bei der Linderung von Zahnproblemen, wirkt Wunden entgegen und heilt verschiedene Augenverletzungen. Lindert \u00dcbelkeit und Erbrechen, hilft bei Darm-\/Verdauungsbeschwerden und wirkt beruhigend<\/p>\n<p>Sananga wurde beim Shipibo-Stamm h\u00e4ufig als Verh\u00fctungsmittel, Abtreibungsmittel und zur Vorbeugung von Geburtsschmerzen verwendet, wahrscheinlich aufgrund seines Gehalts an Mutterkornalkaloiden.<\/p>\n\t<div id=\"gap-349210206\" class=\"gap-element clearfix\" style=\"display:block; height:auto;\">\n\t\t\n<style>\n#gap-349210206 {\n  padding-top: 30px;\n}\n<\/style>\n\t<\/div>\n\t\n<div class=\"row\"  id=\"row-1158527471\">\n\n\t<div id=\"col-3068022\" class=\"col medium-2 small-12 large-2\"  >\n\t\t\t\t<div class=\"col-inner\"  >\n\t\t\t\n\t\t\t\n\t\t<\/div>\n\t\t\t\t\t<\/div>\n\n\t\n\n\t<div id=\"col-350892599\" class=\"col medium-7 small-12 large-7\"  >\n\t\t\t\t<div class=\"col-inner\"  >\n\t\t\t\n\t\t\t\n\t<div class=\"img has-hover x md-x lg-x y md-y lg-y\" id=\"image_1907707352\">\n\t\t\t\t\t\t\t\t<div class=\"img-inner dark\" >\n\t\t\t<img loading=\"lazy\" decoding=\"async\" width=\"500\" height=\"250\" src=\"https:\/\/www.sinchisinchi.com\/wp-content\/uploads\/2018\/12\/sananga-comprar-2.jpg\" class=\"attachment-large size-large\" alt=\"sananga comprar online en Espa\u00f1a\" srcset=\"https:\/\/www.sinchisinchi.com\/wp-content\/uploads\/2018\/12\/sananga-comprar-2.jpg 500w, https:\/\/www.sinchisinchi.com\/wp-content\/uploads\/2018\/12\/sananga-comprar-2-247x124.jpg 247w, https:\/\/www.sinchisinchi.com\/wp-content\/uploads\/2018\/12\/sananga-comprar-2-300x150.jpg 300w\" sizes=\"auto, (max-width: 500px) 100vw, 500px\" \/>\t\t\t\t\t\t\n\t\t\t\t\t<\/div>\n\t\t\t\t\t\t\t\t\n<style>\n#image_1907707352 {\n  width: 100%;\n}\n<\/style>\n\t<\/div>\n\t\n\t\t<\/div>\n\t\t\t\t\t<\/div>\n\n\t\n\n\t<div id=\"col-1578573244\" class=\"col medium-3 small-12 large-3\"  >\n\t\t\t\t<div class=\"col-inner\"  >\n\t\t\t\n\t\t\t\n\t\t<\/div>\n\t\t\t\t\t<\/div>\n\n\t\n<\/div>\n\t<div id=\"gap-68680960\" class=\"gap-element clearfix\" style=\"display:block; height:auto;\">\n\t\t\n<style>\n#gap-68680960 {\n  padding-top: 30px;\n}\n<\/style>\n\t<\/div>\n\t\n<h4 style=\"text-align: center;\"><strong>Anwendung und Dosierung von Sananga Tropfen<\/strong><\/h4>\n<p>Es empfiehlt sich, einen ruhigen Ort zu finden und die Anwendung vorzugsweise nachmittags durchzuf\u00fchren, damit die Augen zur Ruhe kommen.<\/p>\n<p>Es kann eine gute Idee sein, sich bei der Anwendung von einem Partner helfen zu lassen.<\/p>\n<p>F\u00fcr eine ordnungsgem\u00e4\u00dfe Anwendung empfiehlt es sich, sich hinzulegen und w\u00e4hrend der Sitzung die Augen geschlossen zu lassen. F\u00fcr eine Sitzung gen\u00fcgen 1 bis 2 Tropfen pro Auge.<\/p>\n<p>Dann blitzschnell die Fl\u00fcssigkeit verteilen. Es ist wichtig, es auf beide Augen aufzutragen, um den Energiekanal auszugleichen.<\/p>\n<p>Bei der Anwendung entsteht ein brennendes Gef\u00fchl, das je nach Zustand des Anwenders und H\u00e4ufigkeit der Anwendung von Sananga bis zu drei Minuten anh\u00e4lt. Diese Begeisterung weicht einem Gef\u00fchl der Ganzheit und Pr\u00e4senz, tief versunken in einen zeitlosen Moment.<\/p>\n<p>Am n\u00e4chsten Morgen k\u00f6nnen sich Ihre Augen etwas empfindlich und trocken anf\u00fchlen. Sie k\u00f6nnen sie mit kaltem Wasser auswaschen und das wird bald vor\u00fcbergehen. Es ist Teil des Reinigungsprozesses, den Sananga bewirkt.<\/p>\n<h4 style=\"text-align: center;\"><strong>Wirkstoffe von Sananga, Ancestral Augentropfen<\/strong><\/h4>\n<p>Sananga enth\u00e4lt mehrere Alkaloide, darunter Flavonoide, Polyphenole, Saponine, Tannine und Terpene, obwohl seine biologische Wirkung haupts\u00e4chlich Cyperonen zugeschrieben wird.<\/p>\n<p>Einer der enthaltenen Wirkstoffe ist Ibogain. Ibogain verursacht eine psychoaktive Erfahrung, die bei manchen Menschen zu schnellen Ver\u00e4nderungen und\/oder Visionen f\u00fchren kann.<\/p>\n<p>Das gesamte Wirkungsspektrum und die bioaktiven Inhaltsstoffe dieser Pflanze sind noch immer nicht vollst\u00e4ndig erforscht. Da sich die Pflanze au\u00dferdem nicht durch Samen, sondern durch Vegetation vermehrt, gibt es viele verschiedene Unterarten von Sananga mit unterschiedlicher Alkaloidzusammensetzung.<\/p>\n\t<div id=\"gap-859163006\" class=\"gap-element clearfix\" style=\"display:block; height:auto;\">\n\t\t\n<style>\n#gap-859163006 {\n  padding-top: 30px;\n}\n<\/style>\n\t<\/div>\n\t\n<div class=\"row\"  id=\"row-136667288\">\n\n\t<div id=\"col-1205370639\" class=\"col medium-2 small-12 large-2\"  >\n\t\t\t\t<div class=\"col-inner\"  >\n\t\t\t\n\t\t\t\n\t\t<\/div>\n\t\t\t\t\t<\/div>\n\n\t\n\n\t<div id=\"col-581849152\" class=\"col medium-8 small-12 large-8\"  >\n\t\t\t\t<div class=\"col-inner\"  >\n\t\t\t\n\t\t\t\n\t<div class=\"img has-hover x md-x lg-x y md-y lg-y\" id=\"image_1972329840\">\n\t\t\t\t\t\t\t\t<div class=\"img-inner dark\" >\n\t\t\t<img loading=\"lazy\" decoding=\"async\" width=\"1020\" height=\"631\" src=\"https:\/\/www.sinchisinchi.com\/wp-content\/uploads\/2018\/12\/ob_015fe0_tabernaemontana-undulata-8-1024x633.jpg\" class=\"attachment-large size-large\" alt=\"\" srcset=\"https:\/\/www.sinchisinchi.com\/wp-content\/uploads\/2018\/12\/ob_015fe0_tabernaemontana-undulata-8-1024x633.jpg 1024w, https:\/\/www.sinchisinchi.com\/wp-content\/uploads\/2018\/12\/ob_015fe0_tabernaemontana-undulata-8-600x371.jpg 600w, https:\/\/www.sinchisinchi.com\/wp-content\/uploads\/2018\/12\/ob_015fe0_tabernaemontana-undulata-8-768x475.jpg 768w, https:\/\/www.sinchisinchi.com\/wp-content\/uploads\/2018\/12\/ob_015fe0_tabernaemontana-undulata-8-1536x949.jpg 1536w, https:\/\/www.sinchisinchi.com\/wp-content\/uploads\/2018\/12\/ob_015fe0_tabernaemontana-undulata-8-247x153.jpg 247w, https:\/\/www.sinchisinchi.com\/wp-content\/uploads\/2018\/12\/ob_015fe0_tabernaemontana-undulata-8-510x315.jpg 510w, https:\/\/www.sinchisinchi.com\/wp-content\/uploads\/2018\/12\/ob_015fe0_tabernaemontana-undulata-8.jpg 1600w\" sizes=\"auto, (max-width: 1020px) 100vw, 1020px\" \/>\t\t\t\t\t\t\n\t\t\t\t\t<\/div>\n\t\t\t\t\t\t\t\t\n<style>\n#image_1972329840 {\n  width: 100%;\n}\n<\/style>\n\t<\/div>\n\t\n\t\t<\/div>\n\t\t\t\t\t<\/div>\n\n\t\n\n\t<div id=\"col-1580920098\" class=\"col medium-2 small-12 large-2\"  >\n\t\t\t\t<div class=\"col-inner\"  >\n\t\t\t\n\t\t\t\n\t\t<\/div>\n\t\t\t\t\t<\/div>\n\n\t\n<\/div>\n\t<div id=\"gap-1411289712\" class=\"gap-element clearfix\" style=\"display:block; height:auto;\">\n\t\t\n<style>\n#gap-1411289712 {\n  padding-top: 30px;\n}\n<\/style>\n\t<\/div>\n\t\n<h4 style=\"text-align: center;\"><strong>Zubereitung von Sananga, Ahnenmedizin<\/strong><\/h4>\n<p>Das g\u00e4ngigste Rezept besteht darin, die Rhizome oder St\u00e4ngel zu trocknen und zu pulverisieren und sie dann als Tee oder Augentropfen zuzubereiten. Allerdings hat jeder Stamm seine eigene Art, diese magische Pflanze zu verwenden. Der Shipibo-Stamm beispielsweise zerkleinert frische Rhizome und extrahiert den Saft, um Augentropfen herzustellen.<\/p>\n<h4 style=\"text-align: center;\"><strong>Sananga und die Huni Kuin &#8211; Kaxinaw\u00e1<\/strong><\/h4>\n<p>Beim Stamm der Kaxinaw\u00e1 besteht eine uralte Tradition darin, vor der Jagd ein oder zwei Tropfen Sananga in jedes Auge zu geben. sch\u00e4rft Ihre Sicht und erleichtert so die Erkennung von Wild auch im Dunkeln. Neben der Hervorhebung visueller Texturen, Tiefe und Farben; Laut den Indianern unterst\u00fctzt es den Jagdinstinkt bei der Suche nach Beute im Dschungel.<\/p>\n","protected":false},"excerpt":{"rendered":"<p><strong>Sananga<\/strong> ist ein uraltes Arzneimittel aus dem Amazonas, das in Form von Tropfen verwendet wird, die als Augentropfen auf die Augen aufgetragen werden.<\/p>\n<p>Im Amazonasgebiet werden Sananga-Augentropfen von verschiedenen St\u00e4mmen h\u00e4ufig verwendet, da die Wirkung von Sananga ihnen hilft, ihre Jagdf\u00e4higkeiten zu verbessern und ihre Sicht im Dunkeln und in der Sch\u00e4rfentiefe mit sch\u00e4rferer und verfeinerter Sicht zu verbessern.<\/p>\n<p>&nbsp;<\/p>\n<p><strong>Pr\u00e4sentation:<\/strong> 5ml<\/p>\n<p><strong>Vorsichtsma\u00dfnahmen:<\/strong> Kontaktlinsen m\u00fcssen vor dem Auftragen von Sananga entfernt werden.<\/p>\n<p><strong>Lagerung:<\/strong> Flasche gek\u00fchlt aufbewahren.<\/p>\n","protected":false},"featured_media":12334,"template":"","meta":{"_joinchat":[]},"product_brand":[],"product_cat":[299],"product_tag":[],"class_list":{"0":"post-3817","1":"product","2":"type-product","3":"status-publish","4":"has-post-thumbnail","6":"product_cat-flussig","8":"first","9":"instock","10":"taxable","11":"shipping-taxable","12":"purchasable","13":"product-type-simple"},"yoast_head":"<!-- This site is optimized with the Yoast SEO plugin v27.4 - https:\/\/yoast.com\/product\/yoast-seo-wordpress\/ -->\n<title>Kaufen Sie Sananga: Ancestral Augentropfen von Amazonas-St\u00e4mmen<\/title>\n<meta name=\"description\" content=\"Sananga kaufen: Im Amazonasgebiet wird Sananga seit Tausenden von Jahren von St\u00e4mmen verwendet, um die Sehkraft auf allen Ebenen zu st\u00e4rken.\" \/>\n<meta name=\"robots\" content=\"index, follow, max-snippet:-1, max-image-preview:large, max-video-preview:-1\" \/>\n<link rel=\"canonical\" href=\"https:\/\/www.sinchisinchi.com\/de\/producto\/sananga-kaufen\/\" \/>\n<meta property=\"og:locale\" content=\"de_DE\" \/>\n<meta property=\"og:type\" content=\"article\" \/>\n<meta property=\"og:title\" content=\"Kaufen Sie Sananga: Ancestral Augentropfen von Amazonas-St\u00e4mmen\" \/>\n<meta property=\"og:description\" content=\"Sananga kaufen: Im Amazonasgebiet wird Sananga seit Tausenden von Jahren von St\u00e4mmen verwendet, um die Sehkraft auf allen Ebenen zu st\u00e4rken.\" \/>\n<meta property=\"og:url\" content=\"https:\/\/www.sinchisinchi.com\/de\/producto\/sananga-kaufen\/\" \/>\n<meta property=\"og:site_name\" content=\"SINCHI RAP\u00c9\" \/>\n<meta property=\"article:publisher\" content=\"https:\/\/www.facebook.com\/sinchirape\/\" \/>\n<meta property=\"article:modified_time\" content=\"2026-04-29T10:54:37+00:00\" \/>\n<meta property=\"og:image\" content=\"https:\/\/www.sinchisinchi.com\/wp-content\/uploads\/2018\/12\/3IR0008.jpg\" \/>\n\t<meta property=\"og:image:width\" content=\"700\" \/>\n\t<meta property=\"og:image:height\" content=\"700\" \/>\n\t<meta property=\"og:image:type\" content=\"image\/jpeg\" \/>\n<meta name=\"twitter:card\" content=\"summary_large_image\" \/>\n<meta name=\"twitter:label1\" content=\"Gesch\u00e4tzte Lesezeit\" \/>\n\t<meta name=\"twitter:data1\" content=\"5\u00a0Minuten\" \/>\n<script type=\"application\/ld+json\" class=\"yoast-schema-graph\">{\"@context\":\"https:\\\/\\\/schema.org\",\"@graph\":[{\"@type\":\"WebPage\",\"@id\":\"https:\\\/\\\/www.sinchisinchi.com\\\/de\\\/producto\\\/sananga-kaufen\\\/\",\"url\":\"https:\\\/\\\/www.sinchisinchi.com\\\/de\\\/producto\\\/sananga-kaufen\\\/\",\"name\":\"Kaufen Sie Sananga: Ancestral Augentropfen von Amazonas-St\u00e4mmen\",\"isPartOf\":{\"@id\":\"https:\\\/\\\/www.sinchisinchi.com\\\/de\\\/#website\"},\"primaryImageOfPage\":{\"@id\":\"https:\\\/\\\/www.sinchisinchi.com\\\/de\\\/producto\\\/sananga-kaufen\\\/#primaryimage\"},\"image\":{\"@id\":\"https:\\\/\\\/www.sinchisinchi.com\\\/de\\\/producto\\\/sananga-kaufen\\\/#primaryimage\"},\"thumbnailUrl\":\"https:\\\/\\\/www.sinchisinchi.com\\\/wp-content\\\/uploads\\\/2018\\\/12\\\/3IR0008.jpg\",\"datePublished\":\"2018-12-09T01:14:50+00:00\",\"dateModified\":\"2026-04-29T10:54:37+00:00\",\"description\":\"Sananga kaufen: Im Amazonasgebiet wird Sananga seit Tausenden von Jahren von St\u00e4mmen verwendet, um die Sehkraft auf allen Ebenen zu st\u00e4rken.\",\"breadcrumb\":{\"@id\":\"https:\\\/\\\/www.sinchisinchi.com\\\/de\\\/producto\\\/sananga-kaufen\\\/#breadcrumb\"},\"inLanguage\":\"de\",\"potentialAction\":[{\"@type\":\"ReadAction\",\"target\":[\"https:\\\/\\\/www.sinchisinchi.com\\\/de\\\/producto\\\/sananga-kaufen\\\/\"]}]},{\"@type\":\"ImageObject\",\"inLanguage\":\"de\",\"@id\":\"https:\\\/\\\/www.sinchisinchi.com\\\/de\\\/producto\\\/sananga-kaufen\\\/#primaryimage\",\"url\":\"https:\\\/\\\/www.sinchisinchi.com\\\/wp-content\\\/uploads\\\/2018\\\/12\\\/3IR0008.jpg\",\"contentUrl\":\"https:\\\/\\\/www.sinchisinchi.com\\\/wp-content\\\/uploads\\\/2018\\\/12\\\/3IR0008.jpg\",\"width\":700,\"height\":700},{\"@type\":\"BreadcrumbList\",\"@id\":\"https:\\\/\\\/www.sinchisinchi.com\\\/de\\\/producto\\\/sananga-kaufen\\\/#breadcrumb\",\"itemListElement\":[{\"@type\":\"ListItem\",\"position\":1,\"name\":\"Titelseite\",\"item\":\"https:\\\/\\\/www.sinchisinchi.com\\\/de\\\/\"},{\"@type\":\"ListItem\",\"position\":2,\"name\":\"Produkte\",\"item\":\"https:\\\/\\\/www.sinchisinchi.com\\\/de\\\/shop\\\/\"},{\"@type\":\"ListItem\",\"position\":3,\"name\":\"Sananga\"}]},{\"@type\":\"WebSite\",\"@id\":\"https:\\\/\\\/www.sinchisinchi.com\\\/de\\\/#website\",\"url\":\"https:\\\/\\\/www.sinchisinchi.com\\\/de\\\/\",\"name\":\"SINCHI\",\"description\":\"Sinchi Medicine\",\"publisher\":{\"@id\":\"https:\\\/\\\/www.sinchisinchi.com\\\/de\\\/#organization\"},\"potentialAction\":[{\"@type\":\"SearchAction\",\"target\":{\"@type\":\"EntryPoint\",\"urlTemplate\":\"https:\\\/\\\/www.sinchisinchi.com\\\/de\\\/?s={search_term_string}\"},\"query-input\":{\"@type\":\"PropertyValueSpecification\",\"valueRequired\":true,\"valueName\":\"search_term_string\"}}],\"inLanguage\":\"de\"},{\"@type\":\"Organization\",\"@id\":\"https:\\\/\\\/www.sinchisinchi.com\\\/de\\\/#organization\",\"name\":\"SINCHI S.L\",\"url\":\"https:\\\/\\\/www.sinchisinchi.com\\\/de\\\/\",\"logo\":{\"@type\":\"ImageObject\",\"inLanguage\":\"de\",\"@id\":\"https:\\\/\\\/www.sinchisinchi.com\\\/de\\\/#\\\/schema\\\/logo\\\/image\\\/\",\"url\":\"https:\\\/\\\/www.sinchisinchi.com\\\/wp-content\\\/uploads\\\/2026\\\/01\\\/3b-Verde-SIMPLIFICADO-HORIZONTAL-F-TRANSPARENTE-scaled.png\",\"contentUrl\":\"https:\\\/\\\/www.sinchisinchi.com\\\/wp-content\\\/uploads\\\/2026\\\/01\\\/3b-Verde-SIMPLIFICADO-HORIZONTAL-F-TRANSPARENTE-scaled.png\",\"width\":2560,\"height\":457,\"caption\":\"SINCHI S.L\"},\"image\":{\"@id\":\"https:\\\/\\\/www.sinchisinchi.com\\\/de\\\/#\\\/schema\\\/logo\\\/image\\\/\"},\"sameAs\":[\"https:\\\/\\\/www.facebook.com\\\/sinchirape\\\/\",\"https:\\\/\\\/www.instagram.com\\\/sinchi_rape\\\/\"]}]}<\/script>\n<!-- \/ Yoast SEO plugin. -->","yoast_head_json":{"title":"Kaufen Sie Sananga: Ancestral Augentropfen von Amazonas-St\u00e4mmen","description":"Sananga kaufen: Im Amazonasgebiet wird Sananga seit Tausenden von Jahren von St\u00e4mmen verwendet, um die Sehkraft auf allen Ebenen zu st\u00e4rken.","robots":{"index":"index","follow":"follow","max-snippet":"max-snippet:-1","max-image-preview":"max-image-preview:large","max-video-preview":"max-video-preview:-1"},"canonical":"https:\/\/www.sinchisinchi.com\/de\/producto\/sananga-kaufen\/","og_locale":"de_DE","og_type":"article","og_title":"Kaufen Sie Sananga: Ancestral Augentropfen von Amazonas-St\u00e4mmen","og_description":"Sananga kaufen: Im Amazonasgebiet wird Sananga seit Tausenden von Jahren von St\u00e4mmen verwendet, um die Sehkraft auf allen Ebenen zu st\u00e4rken.","og_url":"https:\/\/www.sinchisinchi.com\/de\/producto\/sananga-kaufen\/","og_site_name":"SINCHI RAP\u00c9","article_publisher":"https:\/\/www.facebook.com\/sinchirape\/","article_modified_time":"2026-04-29T10:54:37+00:00","og_image":[{"width":700,"height":700,"url":"https:\/\/www.sinchisinchi.com\/wp-content\/uploads\/2018\/12\/3IR0008.jpg","type":"image\/jpeg"}],"twitter_card":"summary_large_image","twitter_misc":{"Gesch\u00e4tzte Lesezeit":"5\u00a0Minuten"},"schema":{"@context":"https:\/\/schema.org","@graph":[{"@type":"WebPage","@id":"https:\/\/www.sinchisinchi.com\/de\/producto\/sananga-kaufen\/","url":"https:\/\/www.sinchisinchi.com\/de\/producto\/sananga-kaufen\/","name":"Kaufen Sie Sananga: Ancestral Augentropfen von Amazonas-St\u00e4mmen","isPartOf":{"@id":"https:\/\/www.sinchisinchi.com\/de\/#website"},"primaryImageOfPage":{"@id":"https:\/\/www.sinchisinchi.com\/de\/producto\/sananga-kaufen\/#primaryimage"},"image":{"@id":"https:\/\/www.sinchisinchi.com\/de\/producto\/sananga-kaufen\/#primaryimage"},"thumbnailUrl":"https:\/\/www.sinchisinchi.com\/wp-content\/uploads\/2018\/12\/3IR0008.jpg","datePublished":"2018-12-09T01:14:50+00:00","dateModified":"2026-04-29T10:54:37+00:00","description":"Sananga kaufen: Im Amazonasgebiet wird Sananga seit Tausenden von Jahren von St\u00e4mmen verwendet, um die Sehkraft auf allen Ebenen zu st\u00e4rken.","breadcrumb":{"@id":"https:\/\/www.sinchisinchi.com\/de\/producto\/sananga-kaufen\/#breadcrumb"},"inLanguage":"de","potentialAction":[{"@type":"ReadAction","target":["https:\/\/www.sinchisinchi.com\/de\/producto\/sananga-kaufen\/"]}]},{"@type":"ImageObject","inLanguage":"de","@id":"https:\/\/www.sinchisinchi.com\/de\/producto\/sananga-kaufen\/#primaryimage","url":"https:\/\/www.sinchisinchi.com\/wp-content\/uploads\/2018\/12\/3IR0008.jpg","contentUrl":"https:\/\/www.sinchisinchi.com\/wp-content\/uploads\/2018\/12\/3IR0008.jpg","width":700,"height":700},{"@type":"BreadcrumbList","@id":"https:\/\/www.sinchisinchi.com\/de\/producto\/sananga-kaufen\/#breadcrumb","itemListElement":[{"@type":"ListItem","position":1,"name":"Titelseite","item":"https:\/\/www.sinchisinchi.com\/de\/"},{"@type":"ListItem","position":2,"name":"Produkte","item":"https:\/\/www.sinchisinchi.com\/de\/shop\/"},{"@type":"ListItem","position":3,"name":"Sananga"}]},{"@type":"WebSite","@id":"https:\/\/www.sinchisinchi.com\/de\/#website","url":"https:\/\/www.sinchisinchi.com\/de\/","name":"SINCHI","description":"Sinchi Medicine","publisher":{"@id":"https:\/\/www.sinchisinchi.com\/de\/#organization"},"potentialAction":[{"@type":"SearchAction","target":{"@type":"EntryPoint","urlTemplate":"https:\/\/www.sinchisinchi.com\/de\/?s={search_term_string}"},"query-input":{"@type":"PropertyValueSpecification","valueRequired":true,"valueName":"search_term_string"}}],"inLanguage":"de"},{"@type":"Organization","@id":"https:\/\/www.sinchisinchi.com\/de\/#organization","name":"SINCHI S.L","url":"https:\/\/www.sinchisinchi.com\/de\/","logo":{"@type":"ImageObject","inLanguage":"de","@id":"https:\/\/www.sinchisinchi.com\/de\/#\/schema\/logo\/image\/","url":"https:\/\/www.sinchisinchi.com\/wp-content\/uploads\/2026\/01\/3b-Verde-SIMPLIFICADO-HORIZONTAL-F-TRANSPARENTE-scaled.png","contentUrl":"https:\/\/www.sinchisinchi.com\/wp-content\/uploads\/2026\/01\/3b-Verde-SIMPLIFICADO-HORIZONTAL-F-TRANSPARENTE-scaled.png","width":2560,"height":457,"caption":"SINCHI S.L"},"image":{"@id":"https:\/\/www.sinchisinchi.com\/de\/#\/schema\/logo\/image\/"},"sameAs":["https:\/\/www.facebook.com\/sinchirape\/","https:\/\/www.instagram.com\/sinchi_rape\/"]}]}},"_links":{"self":[{"href":"https:\/\/www.sinchisinchi.com\/de\/wp-json\/wp\/v2\/product\/3817","targetHints":{"allow":["GET"]}}],"collection":[{"href":"https:\/\/www.sinchisinchi.com\/de\/wp-json\/wp\/v2\/product"}],"about":[{"href":"https:\/\/www.sinchisinchi.com\/de\/wp-json\/wp\/v2\/types\/product"}],"wp:featuredmedia":[{"embeddable":true,"href":"https:\/\/www.sinchisinchi.com\/de\/wp-json\/wp\/v2\/media\/12334"}],"wp:attachment":[{"href":"https:\/\/www.sinchisinchi.com\/de\/wp-json\/wp\/v2\/media?parent=3817"}],"wp:term":[{"taxonomy":"product_brand","embeddable":true,"href":"https:\/\/www.sinchisinchi.com\/de\/wp-json\/wp\/v2\/product_brand?post=3817"},{"taxonomy":"product_cat","embeddable":true,"href":"https:\/\/www.sinchisinchi.com\/de\/wp-json\/wp\/v2\/product_cat?post=3817"},{"taxonomy":"product_tag","embeddable":true,"href":"https:\/\/www.sinchisinchi.com\/de\/wp-json\/wp\/v2\/product_tag?post=3817"}],"curies":[{"name":"wp","href":"https:\/\/api.w.org\/{rel}","templated":true}]}}