{"id":8114,"date":"2023-02-25T21:28:28","date_gmt":"2023-02-25T21:28:28","guid":{"rendered":"https:\/\/www.sinchisinchi.com\/producto\/tepi-applikator-rape\/"},"modified":"2024-04-19T08:08:24","modified_gmt":"2024-04-19T08:08:24","slug":"tepi-applikator-rape","status":"publish","type":"product","link":"https:\/\/www.sinchisinchi.com\/de\/producto\/tepi-applikator-rape\/","title":{"rendered":"Gr\u00fcner Tepi"},"content":{"rendered":"<h2 style=\"text-align: center;\"><strong>Wie ist Rap\u00e9 der Vorfahren<\/strong> nach Traditionen einzunehmen?<\/h2>\n<p>Rap\u00e9 wird niemals eingeatmet oder geschnupft, sondern wird durch einen Atemzug projiziert; Es ist eine Wind-Element-Medizin, und die Verwendung von Atem ist wesentlich, um eine gew\u00fcnschte Wirkung zu erzielen.<\/p>\n<p>Der rap\u00e9 wird immer in beide Nasenl\u00f6cher aufgetragen, um die beiden Meridiane des K\u00f6rpers auszugleichen; die Linke, verbunden mit dem Weiblichen und Intuitiven, und die Rechte, verbunden mit dem M\u00e4nnlichen und Rationalen. F\u00fcr einige Traditionen repr\u00e4sentiert die linke Seite den Tod und die rechte Seite das Leben, also wenden sie es in dieser Reihenfolge an.<\/p>\n<p>Rap\u00e9 ist ein Verbindungsportal, das uns hilft, mit subtileren Feldern in Kontakt zu treten und die Realit\u00e4t anzuziehen oder zu materialisieren, mit der wir uns ausrichten; Aus diesem Grund ist es am wichtigsten, w\u00e4hrend des Gebrauchs positiv und leuchtend zu vibrieren.<\/p>\n","protected":false},"excerpt":{"rendered":"<p>Tepi, emailliert und mit gr\u00fcnem Garn verziert, mit feinen Oberfl\u00e4chen und idealen Abmessungen f\u00fcr eine komfortable und harmonische Nutzung.<\/p>\n<p>Der Tepi ist ein langer Projektor, mit dem Schnupftabak auf eine andere Person projiziert wird.<\/p>\n<p>Das Projizieren von Rap\u00e9 auf eine andere Person impliziert eine gewisse Verantwortung, da es laut \u00dcberlieferungen einen starken Energieaustausch gibt, insbesondere zwischen der Person, die es anwendet, und der Person, die es erh\u00e4lt. Es ist wichtig sicherzustellen, dass wir nur von jemandem schnupfen, dem wir voll und ganz vertrauen und von dem wir wissen, dass er gute Absichten uns gegen\u00fcber hat.<\/p>\n","protected":false},"featured_media":28901,"template":"","meta":{"_joinchat":[]},"product_brand":[],"product_cat":[190],"product_tag":[],"class_list":{"0":"post-8114","1":"product","2":"type-product","3":"status-publish","4":"has-post-thumbnail","6":"product_cat-tepis-de","8":"first","9":"instock","10":"taxable","11":"shipping-taxable","12":"purchasable","13":"product-type-simple"},"yoast_head":"<!-- This site is optimized with the Yoast SEO plugin v27.4 - https:\/\/yoast.com\/product\/yoast-seo-wordpress\/ -->\n<title>Gr\u00fcner Tepi: Amazonas-rap\u00e9-Applikator kaufen<\/title>\n<meta name=\"description\" content=\"Tepi f\u00fcr rap\u00e9, emailliert und mit gr\u00fcnem Garn verziert, mit feinen Oberfl\u00e4chen und idealen Abmessungen f\u00fcr einen komfortablen und harmonischen Gebrauch.\" \/>\n<meta name=\"robots\" content=\"index, follow, max-snippet:-1, max-image-preview:large, max-video-preview:-1\" \/>\n<link rel=\"canonical\" href=\"https:\/\/www.sinchisinchi.com\/de\/producto\/tepi-applikator-rape\/\" \/>\n<meta property=\"og:locale\" content=\"de_DE\" \/>\n<meta property=\"og:type\" content=\"article\" \/>\n<meta property=\"og:title\" content=\"Gr\u00fcner Tepi: Amazonas-rap\u00e9-Applikator kaufen\" \/>\n<meta property=\"og:description\" content=\"Tepi f\u00fcr rap\u00e9, emailliert und mit gr\u00fcnem Garn verziert, mit feinen Oberfl\u00e4chen und idealen Abmessungen f\u00fcr einen komfortablen und harmonischen Gebrauch.\" \/>\n<meta property=\"og:url\" content=\"https:\/\/www.sinchisinchi.com\/de\/producto\/tepi-applikator-rape\/\" \/>\n<meta property=\"og:site_name\" content=\"SINCHI RAP\u00c9\" \/>\n<meta property=\"article:publisher\" content=\"https:\/\/www.facebook.com\/sinchirape\/\" \/>\n<meta property=\"article:modified_time\" content=\"2024-04-19T08:08:24+00:00\" \/>\n<meta property=\"og:image\" content=\"https:\/\/www.sinchisinchi.com\/wp-content\/uploads\/2023\/02\/2-Tepi-Tamarindo.jpg\" \/>\n\t<meta property=\"og:image:width\" content=\"900\" \/>\n\t<meta property=\"og:image:height\" content=\"600\" \/>\n\t<meta property=\"og:image:type\" content=\"image\/jpeg\" \/>\n<meta name=\"twitter:card\" content=\"summary_large_image\" \/>\n<meta name=\"twitter:label1\" content=\"Gesch\u00e4tzte Lesezeit\" \/>\n\t<meta name=\"twitter:data1\" content=\"1\u00a0Minute\" \/>\n<script type=\"application\/ld+json\" class=\"yoast-schema-graph\">{\"@context\":\"https:\\\/\\\/schema.org\",\"@graph\":[{\"@type\":\"WebPage\",\"@id\":\"https:\\\/\\\/www.sinchisinchi.com\\\/de\\\/producto\\\/tepi-applikator-rape\\\/\",\"url\":\"https:\\\/\\\/www.sinchisinchi.com\\\/de\\\/producto\\\/tepi-applikator-rape\\\/\",\"name\":\"Gr\u00fcner Tepi: Amazonas-rap\u00e9-Applikator kaufen\",\"isPartOf\":{\"@id\":\"https:\\\/\\\/www.sinchisinchi.com\\\/de\\\/#website\"},\"primaryImageOfPage\":{\"@id\":\"https:\\\/\\\/www.sinchisinchi.com\\\/de\\\/producto\\\/tepi-applikator-rape\\\/#primaryimage\"},\"image\":{\"@id\":\"https:\\\/\\\/www.sinchisinchi.com\\\/de\\\/producto\\\/tepi-applikator-rape\\\/#primaryimage\"},\"thumbnailUrl\":\"https:\\\/\\\/www.sinchisinchi.com\\\/wp-content\\\/uploads\\\/2023\\\/02\\\/2-Tepi-Tamarindo.jpg\",\"datePublished\":\"2023-02-25T21:28:28+00:00\",\"dateModified\":\"2024-04-19T08:08:24+00:00\",\"description\":\"Tepi f\u00fcr rap\u00e9, emailliert und mit gr\u00fcnem Garn verziert, mit feinen Oberfl\u00e4chen und idealen Abmessungen f\u00fcr einen komfortablen und harmonischen Gebrauch.\",\"breadcrumb\":{\"@id\":\"https:\\\/\\\/www.sinchisinchi.com\\\/de\\\/producto\\\/tepi-applikator-rape\\\/#breadcrumb\"},\"inLanguage\":\"de\",\"potentialAction\":[{\"@type\":\"ReadAction\",\"target\":[\"https:\\\/\\\/www.sinchisinchi.com\\\/de\\\/producto\\\/tepi-applikator-rape\\\/\"]}]},{\"@type\":\"ImageObject\",\"inLanguage\":\"de\",\"@id\":\"https:\\\/\\\/www.sinchisinchi.com\\\/de\\\/producto\\\/tepi-applikator-rape\\\/#primaryimage\",\"url\":\"https:\\\/\\\/www.sinchisinchi.com\\\/wp-content\\\/uploads\\\/2023\\\/02\\\/2-Tepi-Tamarindo.jpg\",\"contentUrl\":\"https:\\\/\\\/www.sinchisinchi.com\\\/wp-content\\\/uploads\\\/2023\\\/02\\\/2-Tepi-Tamarindo.jpg\",\"width\":900,\"height\":600},{\"@type\":\"BreadcrumbList\",\"@id\":\"https:\\\/\\\/www.sinchisinchi.com\\\/de\\\/producto\\\/tepi-applikator-rape\\\/#breadcrumb\",\"itemListElement\":[{\"@type\":\"ListItem\",\"position\":1,\"name\":\"Titelseite\",\"item\":\"https:\\\/\\\/www.sinchisinchi.com\\\/de\\\/\"},{\"@type\":\"ListItem\",\"position\":2,\"name\":\"Produkte\",\"item\":\"https:\\\/\\\/www.sinchisinchi.com\\\/de\\\/shop\\\/\"},{\"@type\":\"ListItem\",\"position\":3,\"name\":\"Gr\u00fcner Tepi\"}]},{\"@type\":\"WebSite\",\"@id\":\"https:\\\/\\\/www.sinchisinchi.com\\\/de\\\/#website\",\"url\":\"https:\\\/\\\/www.sinchisinchi.com\\\/de\\\/\",\"name\":\"SINCHI\",\"description\":\"Sinchi Medicine\",\"publisher\":{\"@id\":\"https:\\\/\\\/www.sinchisinchi.com\\\/de\\\/#organization\"},\"potentialAction\":[{\"@type\":\"SearchAction\",\"target\":{\"@type\":\"EntryPoint\",\"urlTemplate\":\"https:\\\/\\\/www.sinchisinchi.com\\\/de\\\/?s={search_term_string}\"},\"query-input\":{\"@type\":\"PropertyValueSpecification\",\"valueRequired\":true,\"valueName\":\"search_term_string\"}}],\"inLanguage\":\"de\"},{\"@type\":\"Organization\",\"@id\":\"https:\\\/\\\/www.sinchisinchi.com\\\/de\\\/#organization\",\"name\":\"SINCHI S.L\",\"url\":\"https:\\\/\\\/www.sinchisinchi.com\\\/de\\\/\",\"logo\":{\"@type\":\"ImageObject\",\"inLanguage\":\"de\",\"@id\":\"https:\\\/\\\/www.sinchisinchi.com\\\/de\\\/#\\\/schema\\\/logo\\\/image\\\/\",\"url\":\"https:\\\/\\\/www.sinchisinchi.com\\\/wp-content\\\/uploads\\\/2026\\\/01\\\/3b-Verde-SIMPLIFICADO-HORIZONTAL-F-TRANSPARENTE-scaled.png\",\"contentUrl\":\"https:\\\/\\\/www.sinchisinchi.com\\\/wp-content\\\/uploads\\\/2026\\\/01\\\/3b-Verde-SIMPLIFICADO-HORIZONTAL-F-TRANSPARENTE-scaled.png\",\"width\":2560,\"height\":457,\"caption\":\"SINCHI S.L\"},\"image\":{\"@id\":\"https:\\\/\\\/www.sinchisinchi.com\\\/de\\\/#\\\/schema\\\/logo\\\/image\\\/\"},\"sameAs\":[\"https:\\\/\\\/www.facebook.com\\\/sinchirape\\\/\",\"https:\\\/\\\/www.instagram.com\\\/sinchi_rape\\\/\"]}]}<\/script>\n<!-- \/ Yoast SEO plugin. -->","yoast_head_json":{"title":"Gr\u00fcner Tepi: Amazonas-rap\u00e9-Applikator kaufen","description":"Tepi f\u00fcr rap\u00e9, emailliert und mit gr\u00fcnem Garn verziert, mit feinen Oberfl\u00e4chen und idealen Abmessungen f\u00fcr einen komfortablen und harmonischen Gebrauch.","robots":{"index":"index","follow":"follow","max-snippet":"max-snippet:-1","max-image-preview":"max-image-preview:large","max-video-preview":"max-video-preview:-1"},"canonical":"https:\/\/www.sinchisinchi.com\/de\/producto\/tepi-applikator-rape\/","og_locale":"de_DE","og_type":"article","og_title":"Gr\u00fcner Tepi: Amazonas-rap\u00e9-Applikator kaufen","og_description":"Tepi f\u00fcr rap\u00e9, emailliert und mit gr\u00fcnem Garn verziert, mit feinen Oberfl\u00e4chen und idealen Abmessungen f\u00fcr einen komfortablen und harmonischen Gebrauch.","og_url":"https:\/\/www.sinchisinchi.com\/de\/producto\/tepi-applikator-rape\/","og_site_name":"SINCHI RAP\u00c9","article_publisher":"https:\/\/www.facebook.com\/sinchirape\/","article_modified_time":"2024-04-19T08:08:24+00:00","og_image":[{"width":900,"height":600,"url":"https:\/\/www.sinchisinchi.com\/wp-content\/uploads\/2023\/02\/2-Tepi-Tamarindo.jpg","type":"image\/jpeg"}],"twitter_card":"summary_large_image","twitter_misc":{"Gesch\u00e4tzte Lesezeit":"1\u00a0Minute"},"schema":{"@context":"https:\/\/schema.org","@graph":[{"@type":"WebPage","@id":"https:\/\/www.sinchisinchi.com\/de\/producto\/tepi-applikator-rape\/","url":"https:\/\/www.sinchisinchi.com\/de\/producto\/tepi-applikator-rape\/","name":"Gr\u00fcner Tepi: Amazonas-rap\u00e9-Applikator kaufen","isPartOf":{"@id":"https:\/\/www.sinchisinchi.com\/de\/#website"},"primaryImageOfPage":{"@id":"https:\/\/www.sinchisinchi.com\/de\/producto\/tepi-applikator-rape\/#primaryimage"},"image":{"@id":"https:\/\/www.sinchisinchi.com\/de\/producto\/tepi-applikator-rape\/#primaryimage"},"thumbnailUrl":"https:\/\/www.sinchisinchi.com\/wp-content\/uploads\/2023\/02\/2-Tepi-Tamarindo.jpg","datePublished":"2023-02-25T21:28:28+00:00","dateModified":"2024-04-19T08:08:24+00:00","description":"Tepi f\u00fcr rap\u00e9, emailliert und mit gr\u00fcnem Garn verziert, mit feinen Oberfl\u00e4chen und idealen Abmessungen f\u00fcr einen komfortablen und harmonischen Gebrauch.","breadcrumb":{"@id":"https:\/\/www.sinchisinchi.com\/de\/producto\/tepi-applikator-rape\/#breadcrumb"},"inLanguage":"de","potentialAction":[{"@type":"ReadAction","target":["https:\/\/www.sinchisinchi.com\/de\/producto\/tepi-applikator-rape\/"]}]},{"@type":"ImageObject","inLanguage":"de","@id":"https:\/\/www.sinchisinchi.com\/de\/producto\/tepi-applikator-rape\/#primaryimage","url":"https:\/\/www.sinchisinchi.com\/wp-content\/uploads\/2023\/02\/2-Tepi-Tamarindo.jpg","contentUrl":"https:\/\/www.sinchisinchi.com\/wp-content\/uploads\/2023\/02\/2-Tepi-Tamarindo.jpg","width":900,"height":600},{"@type":"BreadcrumbList","@id":"https:\/\/www.sinchisinchi.com\/de\/producto\/tepi-applikator-rape\/#breadcrumb","itemListElement":[{"@type":"ListItem","position":1,"name":"Titelseite","item":"https:\/\/www.sinchisinchi.com\/de\/"},{"@type":"ListItem","position":2,"name":"Produkte","item":"https:\/\/www.sinchisinchi.com\/de\/shop\/"},{"@type":"ListItem","position":3,"name":"Gr\u00fcner Tepi"}]},{"@type":"WebSite","@id":"https:\/\/www.sinchisinchi.com\/de\/#website","url":"https:\/\/www.sinchisinchi.com\/de\/","name":"SINCHI","description":"Sinchi Medicine","publisher":{"@id":"https:\/\/www.sinchisinchi.com\/de\/#organization"},"potentialAction":[{"@type":"SearchAction","target":{"@type":"EntryPoint","urlTemplate":"https:\/\/www.sinchisinchi.com\/de\/?s={search_term_string}"},"query-input":{"@type":"PropertyValueSpecification","valueRequired":true,"valueName":"search_term_string"}}],"inLanguage":"de"},{"@type":"Organization","@id":"https:\/\/www.sinchisinchi.com\/de\/#organization","name":"SINCHI S.L","url":"https:\/\/www.sinchisinchi.com\/de\/","logo":{"@type":"ImageObject","inLanguage":"de","@id":"https:\/\/www.sinchisinchi.com\/de\/#\/schema\/logo\/image\/","url":"https:\/\/www.sinchisinchi.com\/wp-content\/uploads\/2026\/01\/3b-Verde-SIMPLIFICADO-HORIZONTAL-F-TRANSPARENTE-scaled.png","contentUrl":"https:\/\/www.sinchisinchi.com\/wp-content\/uploads\/2026\/01\/3b-Verde-SIMPLIFICADO-HORIZONTAL-F-TRANSPARENTE-scaled.png","width":2560,"height":457,"caption":"SINCHI S.L"},"image":{"@id":"https:\/\/www.sinchisinchi.com\/de\/#\/schema\/logo\/image\/"},"sameAs":["https:\/\/www.facebook.com\/sinchirape\/","https:\/\/www.instagram.com\/sinchi_rape\/"]}]}},"_links":{"self":[{"href":"https:\/\/www.sinchisinchi.com\/de\/wp-json\/wp\/v2\/product\/8114","targetHints":{"allow":["GET"]}}],"collection":[{"href":"https:\/\/www.sinchisinchi.com\/de\/wp-json\/wp\/v2\/product"}],"about":[{"href":"https:\/\/www.sinchisinchi.com\/de\/wp-json\/wp\/v2\/types\/product"}],"wp:featuredmedia":[{"embeddable":true,"href":"https:\/\/www.sinchisinchi.com\/de\/wp-json\/wp\/v2\/media\/28901"}],"wp:attachment":[{"href":"https:\/\/www.sinchisinchi.com\/de\/wp-json\/wp\/v2\/media?parent=8114"}],"wp:term":[{"taxonomy":"product_brand","embeddable":true,"href":"https:\/\/www.sinchisinchi.com\/de\/wp-json\/wp\/v2\/product_brand?post=8114"},{"taxonomy":"product_cat","embeddable":true,"href":"https:\/\/www.sinchisinchi.com\/de\/wp-json\/wp\/v2\/product_cat?post=8114"},{"taxonomy":"product_tag","embeddable":true,"href":"https:\/\/www.sinchisinchi.com\/de\/wp-json\/wp\/v2\/product_tag?post=8114"}],"curies":[{"name":"wp","href":"https:\/\/api.w.org\/{rel}","templated":true}]}}