{"id":25212,"date":"2025-01-29T10:42:24","date_gmt":"2025-01-29T10:42:24","guid":{"rendered":"https:\/\/www.sinchisinchi.com\/?page_id=25212"},"modified":"2026-03-04T13:52:24","modified_gmt":"2026-03-04T13:52:24","slug":"cosmovision","status":"publish","type":"page","link":"https:\/\/www.sinchisinchi.com\/es\/tribus\/yawanawa\/cosmovision\/","title":{"rendered":"Cosmovisi\u00f3n"},"content":{"rendered":"\n<h1 style=\"font-weight: 400; text-align: center;\"><strong>Cosmovisi\u00f3n y espiritualidad<\/strong><\/h1>\n<p style=\"font-weight: 400;\">Los Yawanaw\u00e1 son comunidades que dependen cien por cien de la Naturaleza. Como ellos mismos afirman: \u201cNosotros vivimos de la caza, la pesca, y hacemos nuestras casas y medios de transporte. Nuestra relaci\u00f3n es de respeto, armon\u00eda y reciprocidad. Porque lo que sacamos de la tierra lo damos de vuelta\u201d &#8211; Tashka Yawanaw\u00e1, joven l\u00edder de una aldea Yawanaw\u00e1.<\/p>\n\t<div class=\"img has-hover x md-x lg-x y md-y lg-y\" id=\"image_230239684\">\n\t\t\t\t\t\t\t\t<div class=\"img-inner dark\" >\n\t\t\t<img loading=\"lazy\" decoding=\"async\" width=\"1020\" height=\"574\" src=\"https:\/\/www.sinchisinchi.com\/wp-content\/uploads\/2025\/01\/8-Tribu-Yawanawa13-1024x576.png\" class=\"attachment-large size-large\" alt=\"\" srcset=\"https:\/\/www.sinchisinchi.com\/wp-content\/uploads\/2025\/01\/8-Tribu-Yawanawa13-1024x576.png 1024w, https:\/\/www.sinchisinchi.com\/wp-content\/uploads\/2025\/01\/8-Tribu-Yawanawa13-600x337.png 600w, https:\/\/www.sinchisinchi.com\/wp-content\/uploads\/2025\/01\/8-Tribu-Yawanawa13-768x432.png 768w, https:\/\/www.sinchisinchi.com\/wp-content\/uploads\/2025\/01\/8-Tribu-Yawanawa13-1536x864.png 1536w, https:\/\/www.sinchisinchi.com\/wp-content\/uploads\/2025\/01\/8-Tribu-Yawanawa13-247x139.png 247w, https:\/\/www.sinchisinchi.com\/wp-content\/uploads\/2025\/01\/8-Tribu-Yawanawa13-510x287.png 510w, https:\/\/www.sinchisinchi.com\/wp-content\/uploads\/2025\/01\/8-Tribu-Yawanawa13.png 1837w\" sizes=\"auto, (max-width: 1020px) 100vw, 1020px\" \/>\t\t\t\t\t\t\n\t\t\t\t\t<\/div>\n\t\t\t\t\t\t\t\t\n<style>\n#image_230239684 {\n  width: 100%;\n}\n<\/style>\n\t<\/div>\n\t\n\n\t<div id=\"gap-1839351849\" class=\"gap-element clearfix\" style=\"display:block; height:auto;\">\n\t\t\n<style>\n#gap-1839351849 {\n  padding-top: 30px;\n}\n<\/style>\n\t<\/div>\n\t\n\n<p style=\"font-weight: 400;\">\u201cLos pueblos ind\u00edgenas que vivimos en la selva, estamos en constante conexi\u00f3n con la espiritualidad, porque la manifestaci\u00f3n del Creador es la propia naturaleza. Entonces nosotros escuchamos y miramos todos los d\u00edas. Estamos en pleno contacto con la espiritualidad. Nosotros hacemos una ceremonia que es como un agradecimiento de la Madre Tierra por todo lo que nos ofrece, hacemos nuestros cantos y tenemos nuestras pinturas en el rostro\u201d a\u00f1ade Tashka.<\/p>\n<p style=\"font-weight: 400;\">Todas sus actividades, su estructura social y econ\u00f3mica, est\u00e1n enmarcadas en una visi\u00f3n espiritual enteramente relacionada con la Selva. \u00abNuestra tierra es nuestro hogar, nuestra amiga y camarada. Respetamos mucho nuestra tierra y tenemos la responsabilidad de cuidarla.\u201d Dice un joven Yawanaw\u00e1.<\/p>\n<p style=\"font-weight: 400;\">Ellos, junto al resto de pueblos ind\u00edgenas amaz\u00f3nicos, son los encargados de cuidar los pulmones de la Tierra, el Amazonas. Por ello mantienen con la selva una relaci\u00f3n de conexi\u00f3n y armon\u00eda que se refleja en sus propias vestimentas tocados de plumas de guacamaya y \u00e1guila harp\u00eda, en sus tatuajes con diferentes pigmentos que imitan patrones de la selva o de sus poderosos animales. Tambi\u00e9n en su manera de construir y cultivar, siempre respetando el medio en el que viven e integr\u00e1ndose en \u00e9l como un ser vivo m\u00e1s de su ecosistema.<\/p>\n<p style=\"font-weight: 400;\">\u00a0<\/p>\n<div class=\"row\"  id=\"row-1744607259\">\n\n\n\t<div id=\"col-1735549502\" class=\"col medium-1 small-12 large-1\"  >\n\t\t\t\t<div class=\"col-inner\"  >\n\t\t\t\n\t\t\t\n\n\n\t\t<\/div>\n\t\t\t\t\t<\/div>\n\n\t\n\n\t<div id=\"col-1346969630\" class=\"col medium-10 small-12 large-10\"  >\n\t\t\t\t<div class=\"col-inner\"  >\n\t\t\t\n\t\t\t\n\n\t<div class=\"img has-hover x md-x lg-x y md-y lg-y\" id=\"image_555362216\">\n\t\t\t\t\t\t\t\t<div class=\"img-inner dark\" >\n\t\t\t<img loading=\"lazy\" decoding=\"async\" width=\"1020\" height=\"318\" src=\"https:\/\/www.sinchisinchi.com\/wp-content\/uploads\/2025\/01\/3-Tribu-Yawanawa4-1024x319.jpeg\" class=\"attachment-large size-large\" alt=\"\" srcset=\"https:\/\/www.sinchisinchi.com\/wp-content\/uploads\/2025\/01\/3-Tribu-Yawanawa4-1024x319.jpeg 1024w, https:\/\/www.sinchisinchi.com\/wp-content\/uploads\/2025\/01\/3-Tribu-Yawanawa4-600x187.jpeg 600w, https:\/\/www.sinchisinchi.com\/wp-content\/uploads\/2025\/01\/3-Tribu-Yawanawa4-768x240.jpeg 768w, https:\/\/www.sinchisinchi.com\/wp-content\/uploads\/2025\/01\/3-Tribu-Yawanawa4-1536x479.jpeg 1536w, https:\/\/www.sinchisinchi.com\/wp-content\/uploads\/2025\/01\/3-Tribu-Yawanawa4-247x77.jpeg 247w, https:\/\/www.sinchisinchi.com\/wp-content\/uploads\/2025\/01\/3-Tribu-Yawanawa4-510x159.jpeg 510w, https:\/\/www.sinchisinchi.com\/wp-content\/uploads\/2025\/01\/3-Tribu-Yawanawa4.jpeg 1920w\" sizes=\"auto, (max-width: 1020px) 100vw, 1020px\" \/>\t\t\t\t\t\t\n\t\t\t\t\t<\/div>\n\t\t\t\t\t\t\t\t\n<style>\n#image_555362216 {\n  width: 100%;\n}\n<\/style>\n\t<\/div>\n\t\n\n\n\t\t<\/div>\n\t\t\t\t\t<\/div>\n\n\t\n\n\t<div id=\"col-1171295950\" class=\"col medium-1 small-12 large-1\"  >\n\t\t\t\t<div class=\"col-inner\"  >\n\t\t\t\n\t\t\t\n\n\n\t\t<\/div>\n\t\t\t\t\t<\/div>\n\n\t\n\n<\/div>\n<p style=\"font-weight: 400;\">Al explicar su cosmovisi\u00f3n, nos hablan del \u201cwak\u00e1n\u201d, que traducen como \u201calma\u201d o como \u201csombra\u201d. El \u201cwak\u00e1n\u201d constituye la fuerza vital de los seres vivos; ser humano, animales y plantas. Podemos decir, por tanto, que los Yawanaw\u00e1, como sucede con la mayor\u00eda de Pueblos Originarios, tienen una concepci\u00f3n animista del mundo.<\/p>\n<p style=\"font-weight: 400;\">Es dif\u00edcil saber si esta es una concepci\u00f3n original, o si quiz\u00e1s, est\u00e9 influenciada por casi tres siglos de sometimiento al catolicismo.<\/p>\n<p style=\"font-weight: 400;\">As\u00ed mismo, conceden a algunas entidades poderes extraordinarios, deificando la luna, el sol, las estrellas, la lluvia, la serpiente, el jaguar; regidos siempre por la fuerza omnipresente de la Madre Selva, la \u201cFloresta\u201d.<\/p>\n<p style=\"font-weight: 400;\">Para los Yawanaw\u00e1 los sue\u00f1os son de extrema importancia, son se\u00f1ales que nos indican c\u00f3mo debemos actuar. Es frecuente que decisiones de gran importancia se tomen en base a sue\u00f1os \u201cvisionarios\u201d de alg\u00fan miembro de la tribu (sobre todo si se trata del cham\u00e1n).<\/p>\n<div class=\"row\"  id=\"row-239440249\">\n\n\n\t<div id=\"col-1674033692\" class=\"col medium-2 small-12 large-2\"  >\n\t\t\t\t<div class=\"col-inner\"  >\n\t\t\t\n\t\t\t\n\n\n\t\t<\/div>\n\t\t\t\t\t<\/div>\n\n\t\n\n\t<div id=\"col-1169373952\" class=\"col medium-8 small-12 large-8\"  >\n\t\t\t\t<div class=\"col-inner\"  >\n\t\t\t\n\t\t\t\n\n<div class=\"video video-fit mb\" style=\"padding-top:56.25%;\"><iframe loading=\"lazy\" title=\"Matsini Yawanawa\" width=\"1020\" height=\"574\" src=\"https:\/\/www.youtube.com\/embed\/Jk4qHI6XHBs?feature=oembed\" frameborder=\"0\" allow=\"accelerometer; autoplay; clipboard-write; encrypted-media; gyroscope; picture-in-picture; web-share\" referrerpolicy=\"strict-origin-when-cross-origin\" allowfullscreen><\/iframe><\/div>\n\n\n\t\t<\/div>\n\t\t\t\t\t<\/div>\n\n\t\n\n\t<div id=\"col-508147936\" class=\"col medium-2 small-12 large-2\"  >\n\t\t\t\t<div class=\"col-inner\"  >\n\t\t\t\n\t\t\t\n\n\n\t\t<\/div>\n\t\t\t\t\t<\/div>\n\n\t\n\n<\/div>\n<p style=\"font-weight: 400;\">En una charla TED, un joven del pueblo Yawanaw\u00e1 relata la cosmovisi\u00f3n de su pueblo con respecto a las medicinas sagradas: \u201cUsamos las plantas sagradas durante las ceremonias para comunicarnos con el bosque. Con el ayahuasca puedes ver c\u00f3mo es la vida, empezando contigo mismo, puedes vislumbrar tu esp\u00edritu, entender porqu\u00e9 has venido a este mundo, pero para ello no basta con tomar esta bebida, tambi\u00e9n tienes que creer.\u201d Y a\u00f1ade: \u201cCuando un cham\u00e1n va a buscar una planta para curar a alguien, primero le dice a la planta, Voy a usarte para curar a mi gente, si no lo dijera no tendr\u00eda efecto por s\u00ed sola\u201d.<\/p>\n<p style=\"font-weight: 400;\">Los Yawanaw\u00e1 son expertos ancestrales en la elaboraci\u00f3n y uso de la ayahuasca, una bebida alucin\u00f3gena que se hace a partir de la decocci\u00f3n de dos plantas que crecen s\u00f3lo en el Amazonas y es una de las medicinas tradicionales m\u00e1s potentes de los pueblos amaz\u00f3nicos.<\/p>\n<p style=\"font-weight: 400;\">Desde los tiempos m\u00e1s remotos, contin\u00faa el joven, hemos utilizado el rum\u00ea (un tipo de rap\u00e9 a base de la corteza del \u00e1rbol del tsun\u00fa) como parte de nuestra tradici\u00f3n y cultura. Normalmente utilizamos rum\u00ea durante nuestras ceremonias sagradas con ayahuasca, a la que nosotros llamamos Uni.\u201d<\/p>\n<p style=\"font-weight: 400;\">\u00a0<\/p>\n<div class=\"row\"  id=\"row-1780260241\">\n\n\n\t<div id=\"col-1358235559\" class=\"col small-12 large-12\"  >\n\t\t\t\t<div class=\"col-inner\"  >\n\t\t\t\n\t\t\t\n\n<div class=\"video video-fit mb\" style=\"padding-top:56.25%;\"><p><iframe loading=\"lazy\" title=\"We are all connected with nature: Nixiwaka Yawanawa at TEDxHackney\" width=\"1020\" height=\"574\" src=\"https:\/\/www.youtube.com\/embed\/xk0-yebNA_o?feature=oembed\" frameborder=\"0\" allow=\"accelerometer; autoplay; clipboard-write; encrypted-media; gyroscope; picture-in-picture; web-share\" referrerpolicy=\"strict-origin-when-cross-origin\" allowfullscreen><\/iframe><\/p>\n<\/div>\n\n\t<div id=\"gap-884207718\" class=\"gap-element clearfix\" style=\"display:block; height:auto;\">\n\t\t\n<style>\n#gap-884207718 {\n  padding-top: 30px;\n}\n<\/style>\n\t<\/div>\n\t\n\n\n\t\t<\/div>\n\t\t\t\t\t<\/div>\n\n\t\n\n<\/div>\n<h2 style=\"text-align: center;\">Bira Yawanaw\u00e1<\/h2>\n<p style=\"font-weight: 400;\">Biraci Brasil Nixiwak\u00e1, a quien todos conocen como Bira, de unos 60 a\u00f1os, es un l\u00edder pol\u00edtico y espiritual de los Yawanaw\u00e1, jefe de la Aldea Sagrada, y es una figura ic\u00f3nica no s\u00f3lo para todos los miembros de la tribu, sino para el movimiento ind\u00edgena de su pa\u00eds.<\/p>\n<p style=\"font-weight: 400;\">A sus 18 a\u00f1os, Bira se embauc\u00f3 en una lucha pol\u00edtica y social por la conservaci\u00f3n de los territorios y la cultura, expulsando a caucheros y misioneros de sus territorios.<\/p>\n<p style=\"font-weight: 400;\">Bira nos cuenta as\u00ed su visi\u00f3n espiritual de la selva: \u201cAs\u00ed como los cristianos tienen la Biblia y los musulmanes tienen el Cor\u00e1n, para los pueblos originarios, los pueblos de la selva, los ind\u00edgenas, ese bosque es nuestra Biblia sagrada\u201d.<\/p>\n<p style=\"font-weight: 400;\">Bira confes\u00f3 que \u00e9l admira la ciencia, que reconoce a Occidente por los avances de desarrollo y las nuevas tecnolog\u00edas. Pero en cuesti\u00f3n de plantas sagradas, del conocimiento que ofrece la naturaleza, las autoridades son ellos, los que viven desde hace miles de a\u00f1os en el bosque tropical m\u00e1s grande del mundo.<\/p>\n<p>\u201cNosotros, los Pueblos originarios&#8230; sabemos hablar el lenguaje de los p\u00e1jaros, de los \u00e1rboles, de los peces. Conocemos las plantas medicinales, las plantas sagradas. Sabemos el nombre de esas plantas. Nosotros podr\u00edamos traducir eso para la humanidad.\u201d<\/p>\n<div class=\"video video-fit mb\" style=\"padding-top:56.25%;\"><p><iframe loading=\"lazy\" title=\"Indigenous wisdom - Bira YAWANAWA\u0301 (port. english)\" width=\"1020\" height=\"574\" src=\"https:\/\/www.youtube.com\/embed\/mPbDC6EBhrQ?feature=oembed\" frameborder=\"0\" allow=\"accelerometer; autoplay; clipboard-write; encrypted-media; gyroscope; picture-in-picture; web-share\" referrerpolicy=\"strict-origin-when-cross-origin\" allowfullscreen><\/iframe><\/p>\n<\/div>\n\n<p style=\"font-weight: 400;\">Bira dice que sabe que el sistema capitalista no se va a detener, que las ciudades seguir\u00e1n avanzando, creciendo y crecer\u00e1n con ellas nuevas necesidades. \u201cTenemos que construir algo paralelo a ese sistema, pero sin excluir al otro. Es posible utilizar la tecnolog\u00eda, participar en la econom\u00eda y al mismo tiempo preservar el bosque. Mantener nuestra cultura y vivir en paz en la aldea\u201d. La tarea que hacen los pueblos amaz\u00f3nicos de proteger la selva es fundamental para la humanidad.<\/p>\n<p style=\"font-weight: 400;\">En ese sentido, los Yawanaw\u00e1, sobre todo los chamanes que han viajado por todo el mundo, conocen muy bien el modo de vida de los pa\u00edses occidentales. Dicen que los esp\u00edritus en Europa duermen. Por eso se habla mucho del despertar: Nosotros los humanos, somos los responsables de despertar a los esp\u00edritus, de despertarnos entre nosotros, seg\u00fan la cosmovisi\u00f3n Yawanaw\u00e1.<\/p>\n<p style=\"font-weight: 400;\">Por tanto, han tomado como misi\u00f3n el compartir con el mundo occidental su propia medicina. Puede que parezcan muy masivas sus ceremonias en el mundo occidental, pero es su manera de dar m\u00e1s oportunidades a m\u00e1s gente para acto imprescindible de recordar, de encontrarse con su propio esp\u00edritu, de despertar.<\/p>\n<div class=\"row\"  id=\"row-593297856\">\n\n\n\t<div id=\"col-202386382\" class=\"col medium-6 small-12 large-6\"  >\n\t\t\t\t<div class=\"col-inner\"  >\n\t\t\t\n\t\t\t\n\n\t<div class=\"img has-hover x md-x lg-x y md-y lg-y\" id=\"image_433577555\">\n\t\t\t\t\t\t\t\t<div class=\"img-inner image-cover dark\" style=\"padding-top:75%;\">\n\t\t\t<img loading=\"lazy\" decoding=\"async\" width=\"1020\" height=\"787\" src=\"https:\/\/www.sinchisinchi.com\/wp-content\/uploads\/2025\/01\/B-Tribu-Yawanawa17.jpeg\" class=\"attachment-large size-large\" alt=\"\" srcset=\"https:\/\/www.sinchisinchi.com\/wp-content\/uploads\/2025\/01\/B-Tribu-Yawanawa17.jpeg 1024w, https:\/\/www.sinchisinchi.com\/wp-content\/uploads\/2025\/01\/B-Tribu-Yawanawa17-600x463.jpeg 600w, https:\/\/www.sinchisinchi.com\/wp-content\/uploads\/2025\/01\/B-Tribu-Yawanawa17-768x593.jpeg 768w, https:\/\/www.sinchisinchi.com\/wp-content\/uploads\/2025\/01\/B-Tribu-Yawanawa17-247x191.jpeg 247w, https:\/\/www.sinchisinchi.com\/wp-content\/uploads\/2025\/01\/B-Tribu-Yawanawa17-510x393.jpeg 510w\" sizes=\"auto, (max-width: 1020px) 100vw, 1020px\" \/>\t\t\t\t\t\t\n\t\t\t\t\t<\/div>\n\t\t\t\t\t\t\t\t\n<style>\n#image_433577555 {\n  width: 100%;\n}\n<\/style>\n\t<\/div>\n\t\n\n\n\t\t<\/div>\n\t\t\t\t\t<\/div>\n\n\t\n\n\t<div id=\"col-1812172134\" class=\"col medium-6 small-12 large-6\"  >\n\t\t\t\t<div class=\"col-inner\"  >\n\t\t\t\n\t\t\t\n\n\t<div class=\"img has-hover x md-x lg-x y md-y lg-y\" id=\"image_648379568\">\n\t\t\t\t\t\t\t\t<div class=\"img-inner image-cover dark\" style=\"padding-top:75%;\">\n\t\t\t<img loading=\"lazy\" decoding=\"async\" width=\"1020\" height=\"680\" src=\"https:\/\/www.sinchisinchi.com\/wp-content\/uploads\/2025\/01\/B-Tribu-Yawanawa14-1024x683.jpeg\" class=\"attachment-large size-large\" alt=\"\" srcset=\"https:\/\/www.sinchisinchi.com\/wp-content\/uploads\/2025\/01\/B-Tribu-Yawanawa14-1024x683.jpeg 1024w, https:\/\/www.sinchisinchi.com\/wp-content\/uploads\/2025\/01\/B-Tribu-Yawanawa14-600x400.jpeg 600w, https:\/\/www.sinchisinchi.com\/wp-content\/uploads\/2025\/01\/B-Tribu-Yawanawa14-768x512.jpeg 768w, https:\/\/www.sinchisinchi.com\/wp-content\/uploads\/2025\/01\/B-Tribu-Yawanawa14-1536x1024.jpeg 1536w, https:\/\/www.sinchisinchi.com\/wp-content\/uploads\/2025\/01\/B-Tribu-Yawanawa14-247x165.jpeg 247w, https:\/\/www.sinchisinchi.com\/wp-content\/uploads\/2025\/01\/B-Tribu-Yawanawa14-510x340.jpeg 510w, https:\/\/www.sinchisinchi.com\/wp-content\/uploads\/2025\/01\/B-Tribu-Yawanawa14.jpeg 1890w\" sizes=\"auto, (max-width: 1020px) 100vw, 1020px\" \/>\t\t\t\t\t\t\n\t\t\t\t\t<\/div>\n\t\t\t\t\t\t\t\t\n<style>\n#image_648379568 {\n  width: 100%;\n}\n<\/style>\n\t<\/div>\n\t\n\n\n\t\t<\/div>\n\t\t\t\t\t<\/div>\n\n\t\n\n<\/div>\n<p>\u00a0\u201cCreo que tal vez el mundo occidental pueda aprender de nosotros a vivir una vida m\u00e1s armoniosa y en paz con nuestro entorno, combinando el conocimiento Yawanaw\u00e1 con las ideas occidentales.\u201d -Bira.<\/p>\n<h2 style=\"text-align: center;\"><strong>Seguir Leyendo:<\/strong><\/h2>\n<a href=\"https:\/\/www.sinchisinchi.com\/es\/tribus\/yawanawa\/desafios\/\" class=\"button primary is-underline expand\" style=\"border-radius:9px;\">\n\t\t<span>Desaf\u00edos Yawanaw\u00e1<\/span>\n\t<\/a>\n\n\n\n","protected":false},"excerpt":{"rendered":"","protected":false},"author":1,"featured_media":0,"parent":3099,"menu_order":0,"comment_status":"closed","ping_status":"closed","template":"","meta":{"_joinchat":[],"footnotes":""},"class_list":["post-25212","page","type-page","status-publish","hentry"],"yoast_head":"<!-- This site is optimized with the Yoast SEO plugin v27.4 - https:\/\/yoast.com\/product\/yoast-seo-wordpress\/ -->\n<title>Tribu Yawanaw\u00e1: Vida y Cosmovisi\u00f3n<\/title>\n<meta name=\"description\" content=\"La cosmovisi\u00f3n Yawanaw\u00e1 habla del \u201cwak\u00e1n\u201d, que traducen como alma. Constituye para ellos la fuerza vital de todo ser vivo.\" \/>\n<meta name=\"robots\" content=\"index, follow, max-snippet:-1, max-image-preview:large, max-video-preview:-1\" \/>\n<link rel=\"canonical\" href=\"https:\/\/www.sinchisinchi.com\/es\/tribus\/yawanawa\/cosmovision\/\" \/>\n<meta property=\"og:locale\" content=\"es_ES\" \/>\n<meta property=\"og:type\" content=\"article\" \/>\n<meta property=\"og:title\" content=\"Tribu Yawanaw\u00e1: Vida y Cosmovisi\u00f3n\" \/>\n<meta property=\"og:description\" content=\"La cosmovisi\u00f3n Yawanaw\u00e1 habla del \u201cwak\u00e1n\u201d, que traducen como alma. Constituye para ellos la fuerza vital de todo ser vivo.\" \/>\n<meta property=\"og:url\" content=\"https:\/\/www.sinchisinchi.com\/es\/tribus\/yawanawa\/cosmovision\/\" \/>\n<meta property=\"og:site_name\" content=\"SINCHI RAP\u00c9\" \/>\n<meta property=\"article:publisher\" content=\"https:\/\/www.facebook.com\/sinchirape\/\" \/>\n<meta property=\"article:modified_time\" content=\"2026-03-04T13:52:24+00:00\" \/>\n<meta name=\"twitter:card\" content=\"summary_large_image\" \/>\n<script type=\"application\/ld+json\" class=\"yoast-schema-graph\">{\"@context\":\"https:\\\/\\\/schema.org\",\"@graph\":[{\"@type\":\"WebPage\",\"@id\":\"https:\\\/\\\/www.sinchisinchi.com\\\/es\\\/tribus\\\/yawanawa\\\/cosmovision\\\/\",\"url\":\"https:\\\/\\\/www.sinchisinchi.com\\\/es\\\/tribus\\\/yawanawa\\\/cosmovision\\\/\",\"name\":\"Tribu Yawanaw\u00e1: Vida y Cosmovisi\u00f3n\",\"isPartOf\":{\"@id\":\"https:\\\/\\\/www.sinchisinchi.com\\\/es\\\/#website\"},\"datePublished\":\"2025-01-29T10:42:24+00:00\",\"dateModified\":\"2026-03-04T13:52:24+00:00\",\"description\":\"La cosmovisi\u00f3n Yawanaw\u00e1 habla del \u201cwak\u00e1n\u201d, que traducen como alma. Constituye para ellos la fuerza vital de todo ser vivo.\",\"breadcrumb\":{\"@id\":\"https:\\\/\\\/www.sinchisinchi.com\\\/es\\\/tribus\\\/yawanawa\\\/cosmovision\\\/#breadcrumb\"},\"inLanguage\":\"es\",\"potentialAction\":[{\"@type\":\"ReadAction\",\"target\":[\"https:\\\/\\\/www.sinchisinchi.com\\\/es\\\/tribus\\\/yawanawa\\\/cosmovision\\\/\"]}]},{\"@type\":\"BreadcrumbList\",\"@id\":\"https:\\\/\\\/www.sinchisinchi.com\\\/es\\\/tribus\\\/yawanawa\\\/cosmovision\\\/#breadcrumb\",\"itemListElement\":[{\"@type\":\"ListItem\",\"position\":1,\"name\":\"Prima pagina\",\"item\":\"https:\\\/\\\/www.sinchisinchi.com\\\/es\\\/\"},{\"@type\":\"ListItem\",\"position\":2,\"name\":\"Tribus Amaz\u00f3nicas\",\"item\":\"https:\\\/\\\/www.sinchisinchi.com\\\/es\\\/tribus\\\/\"},{\"@type\":\"ListItem\",\"position\":3,\"name\":\"Yawanaw\u00e1\",\"item\":\"https:\\\/\\\/www.sinchisinchi.com\\\/es\\\/tribus\\\/yawanawa\\\/\"},{\"@type\":\"ListItem\",\"position\":4,\"name\":\"Cosmovisi\u00f3n\"}]},{\"@type\":\"WebSite\",\"@id\":\"https:\\\/\\\/www.sinchisinchi.com\\\/es\\\/#website\",\"url\":\"https:\\\/\\\/www.sinchisinchi.com\\\/es\\\/\",\"name\":\"SINCHI\",\"description\":\"Sinchi Medicine\",\"publisher\":{\"@id\":\"https:\\\/\\\/www.sinchisinchi.com\\\/es\\\/#organization\"},\"potentialAction\":[{\"@type\":\"SearchAction\",\"target\":{\"@type\":\"EntryPoint\",\"urlTemplate\":\"https:\\\/\\\/www.sinchisinchi.com\\\/es\\\/?s={search_term_string}\"},\"query-input\":{\"@type\":\"PropertyValueSpecification\",\"valueRequired\":true,\"valueName\":\"search_term_string\"}}],\"inLanguage\":\"es\"},{\"@type\":\"Organization\",\"@id\":\"https:\\\/\\\/www.sinchisinchi.com\\\/es\\\/#organization\",\"name\":\"SINCHI S.L\",\"url\":\"https:\\\/\\\/www.sinchisinchi.com\\\/es\\\/\",\"logo\":{\"@type\":\"ImageObject\",\"inLanguage\":\"es\",\"@id\":\"https:\\\/\\\/www.sinchisinchi.com\\\/es\\\/#\\\/schema\\\/logo\\\/image\\\/\",\"url\":\"https:\\\/\\\/www.sinchisinchi.com\\\/wp-content\\\/uploads\\\/2026\\\/01\\\/3b-Verde-SIMPLIFICADO-HORIZONTAL-F-TRANSPARENTE-scaled.png\",\"contentUrl\":\"https:\\\/\\\/www.sinchisinchi.com\\\/wp-content\\\/uploads\\\/2026\\\/01\\\/3b-Verde-SIMPLIFICADO-HORIZONTAL-F-TRANSPARENTE-scaled.png\",\"width\":2560,\"height\":457,\"caption\":\"SINCHI S.L\"},\"image\":{\"@id\":\"https:\\\/\\\/www.sinchisinchi.com\\\/es\\\/#\\\/schema\\\/logo\\\/image\\\/\"},\"sameAs\":[\"https:\\\/\\\/www.facebook.com\\\/sinchirape\\\/\",\"https:\\\/\\\/www.instagram.com\\\/sinchi_rape\\\/\"]}]}<\/script>\n<!-- \/ Yoast SEO plugin. -->","yoast_head_json":{"title":"Tribu Yawanaw\u00e1: Vida y Cosmovisi\u00f3n","description":"La cosmovisi\u00f3n Yawanaw\u00e1 habla del \u201cwak\u00e1n\u201d, que traducen como alma. Constituye para ellos la fuerza vital de todo ser vivo.","robots":{"index":"index","follow":"follow","max-snippet":"max-snippet:-1","max-image-preview":"max-image-preview:large","max-video-preview":"max-video-preview:-1"},"canonical":"https:\/\/www.sinchisinchi.com\/es\/tribus\/yawanawa\/cosmovision\/","og_locale":"es_ES","og_type":"article","og_title":"Tribu Yawanaw\u00e1: Vida y Cosmovisi\u00f3n","og_description":"La cosmovisi\u00f3n Yawanaw\u00e1 habla del \u201cwak\u00e1n\u201d, que traducen como alma. Constituye para ellos la fuerza vital de todo ser vivo.","og_url":"https:\/\/www.sinchisinchi.com\/es\/tribus\/yawanawa\/cosmovision\/","og_site_name":"SINCHI RAP\u00c9","article_publisher":"https:\/\/www.facebook.com\/sinchirape\/","article_modified_time":"2026-03-04T13:52:24+00:00","twitter_card":"summary_large_image","schema":{"@context":"https:\/\/schema.org","@graph":[{"@type":"WebPage","@id":"https:\/\/www.sinchisinchi.com\/es\/tribus\/yawanawa\/cosmovision\/","url":"https:\/\/www.sinchisinchi.com\/es\/tribus\/yawanawa\/cosmovision\/","name":"Tribu Yawanaw\u00e1: Vida y Cosmovisi\u00f3n","isPartOf":{"@id":"https:\/\/www.sinchisinchi.com\/es\/#website"},"datePublished":"2025-01-29T10:42:24+00:00","dateModified":"2026-03-04T13:52:24+00:00","description":"La cosmovisi\u00f3n Yawanaw\u00e1 habla del \u201cwak\u00e1n\u201d, que traducen como alma. Constituye para ellos la fuerza vital de todo ser vivo.","breadcrumb":{"@id":"https:\/\/www.sinchisinchi.com\/es\/tribus\/yawanawa\/cosmovision\/#breadcrumb"},"inLanguage":"es","potentialAction":[{"@type":"ReadAction","target":["https:\/\/www.sinchisinchi.com\/es\/tribus\/yawanawa\/cosmovision\/"]}]},{"@type":"BreadcrumbList","@id":"https:\/\/www.sinchisinchi.com\/es\/tribus\/yawanawa\/cosmovision\/#breadcrumb","itemListElement":[{"@type":"ListItem","position":1,"name":"Prima pagina","item":"https:\/\/www.sinchisinchi.com\/es\/"},{"@type":"ListItem","position":2,"name":"Tribus Amaz\u00f3nicas","item":"https:\/\/www.sinchisinchi.com\/es\/tribus\/"},{"@type":"ListItem","position":3,"name":"Yawanaw\u00e1","item":"https:\/\/www.sinchisinchi.com\/es\/tribus\/yawanawa\/"},{"@type":"ListItem","position":4,"name":"Cosmovisi\u00f3n"}]},{"@type":"WebSite","@id":"https:\/\/www.sinchisinchi.com\/es\/#website","url":"https:\/\/www.sinchisinchi.com\/es\/","name":"SINCHI","description":"Sinchi Medicine","publisher":{"@id":"https:\/\/www.sinchisinchi.com\/es\/#organization"},"potentialAction":[{"@type":"SearchAction","target":{"@type":"EntryPoint","urlTemplate":"https:\/\/www.sinchisinchi.com\/es\/?s={search_term_string}"},"query-input":{"@type":"PropertyValueSpecification","valueRequired":true,"valueName":"search_term_string"}}],"inLanguage":"es"},{"@type":"Organization","@id":"https:\/\/www.sinchisinchi.com\/es\/#organization","name":"SINCHI S.L","url":"https:\/\/www.sinchisinchi.com\/es\/","logo":{"@type":"ImageObject","inLanguage":"es","@id":"https:\/\/www.sinchisinchi.com\/es\/#\/schema\/logo\/image\/","url":"https:\/\/www.sinchisinchi.com\/wp-content\/uploads\/2026\/01\/3b-Verde-SIMPLIFICADO-HORIZONTAL-F-TRANSPARENTE-scaled.png","contentUrl":"https:\/\/www.sinchisinchi.com\/wp-content\/uploads\/2026\/01\/3b-Verde-SIMPLIFICADO-HORIZONTAL-F-TRANSPARENTE-scaled.png","width":2560,"height":457,"caption":"SINCHI S.L"},"image":{"@id":"https:\/\/www.sinchisinchi.com\/es\/#\/schema\/logo\/image\/"},"sameAs":["https:\/\/www.facebook.com\/sinchirape\/","https:\/\/www.instagram.com\/sinchi_rape\/"]}]}},"_links":{"self":[{"href":"https:\/\/www.sinchisinchi.com\/es\/wp-json\/wp\/v2\/pages\/25212","targetHints":{"allow":["GET"]}}],"collection":[{"href":"https:\/\/www.sinchisinchi.com\/es\/wp-json\/wp\/v2\/pages"}],"about":[{"href":"https:\/\/www.sinchisinchi.com\/es\/wp-json\/wp\/v2\/types\/page"}],"author":[{"embeddable":true,"href":"https:\/\/www.sinchisinchi.com\/es\/wp-json\/wp\/v2\/users\/1"}],"replies":[{"embeddable":true,"href":"https:\/\/www.sinchisinchi.com\/es\/wp-json\/wp\/v2\/comments?post=25212"}],"version-history":[{"count":2,"href":"https:\/\/www.sinchisinchi.com\/es\/wp-json\/wp\/v2\/pages\/25212\/revisions"}],"predecessor-version":[{"id":30099,"href":"https:\/\/www.sinchisinchi.com\/es\/wp-json\/wp\/v2\/pages\/25212\/revisions\/30099"}],"up":[{"embeddable":true,"href":"https:\/\/www.sinchisinchi.com\/es\/wp-json\/wp\/v2\/pages\/3099"}],"wp:attachment":[{"href":"https:\/\/www.sinchisinchi.com\/es\/wp-json\/wp\/v2\/media?parent=25212"}],"curies":[{"name":"wp","href":"https:\/\/api.w.org\/{rel}","templated":true}]}}