{"id":25646,"date":"2025-02-12T16:12:55","date_gmt":"2025-02-12T16:12:55","guid":{"rendered":"https:\/\/www.sinchisinchi.com\/?page_id=25646"},"modified":"2026-03-04T14:16:34","modified_gmt":"2026-03-04T14:16:34","slug":"ceremonias","status":"publish","type":"page","link":"https:\/\/www.sinchisinchi.com\/es\/tribes\/yawanawa\/ceremonias\/","title":{"rendered":"Ceremonias"},"content":{"rendered":"\n<h1 style=\"text-align: center;\">Festivales y Ceremonias<\/h1>\n<p style=\"font-weight: 400;\">Las fiestas tienen una especial importancia para la constituci\u00f3n y fortalecimiento de las relaciones sociopol\u00edticas entre los mismos Yawanaw\u00e1 y otros grupos.<\/p>\n<p style=\"font-weight: 400;\"><em>Saiti<\/em> (\u2018sai\u2019 significa gritar) es la palabra Yawanaw\u00e1 que designa gen\u00e9ricamente \u2018fiesta\u2019 y \u2018<em>Mariri<\/em>\u2019 -que no es una palabra Yawanaw\u00e1- tambi\u00e9n es empleada por otros grupos de la regi\u00f3n.<\/p>\n<div class=\"row\"  id=\"row-1605030891\">\n\n\n\t<div id=\"col-1574150893\" class=\"col medium-1 small-12 large-1\"  >\n\t\t\t\t<div class=\"col-inner\"  >\n\t\t\t\n\t\t\t\n\n\n\t\t<\/div>\n\t\t\t\t\t<\/div>\n\n\t\n\n\t<div id=\"col-1538420578\" class=\"col medium-10 small-12 large-10\"  >\n\t\t\t\t<div class=\"col-inner\"  >\n\t\t\t\n\t\t\t\n\n\t<div class=\"img has-hover x md-x lg-x y md-y lg-y\" id=\"image_2015677741\">\n\t\t\t\t\t\t\t\t<div class=\"img-inner dark\" >\n\t\t\t<img loading=\"lazy\" decoding=\"async\" width=\"1020\" height=\"681\" src=\"https:\/\/www.sinchisinchi.com\/wp-content\/uploads\/2025\/01\/6-Tribu-Yawanawa8-1024x684.jpeg\" class=\"attachment-large size-large\" alt=\"\" srcset=\"https:\/\/www.sinchisinchi.com\/wp-content\/uploads\/2025\/01\/6-Tribu-Yawanawa8-1024x684.jpeg 1024w, https:\/\/www.sinchisinchi.com\/wp-content\/uploads\/2025\/01\/6-Tribu-Yawanawa8-600x401.jpeg 600w, https:\/\/www.sinchisinchi.com\/wp-content\/uploads\/2025\/01\/6-Tribu-Yawanawa8-768x513.jpeg 768w, https:\/\/www.sinchisinchi.com\/wp-content\/uploads\/2025\/01\/6-Tribu-Yawanawa8-247x165.jpeg 247w, https:\/\/www.sinchisinchi.com\/wp-content\/uploads\/2025\/01\/6-Tribu-Yawanawa8-510x341.jpeg 510w, https:\/\/www.sinchisinchi.com\/wp-content\/uploads\/2025\/01\/6-Tribu-Yawanawa8.jpeg 1280w\" sizes=\"auto, (max-width: 1020px) 100vw, 1020px\" \/>\t\t\t\t\t\t\n\t\t\t\t\t<\/div>\n\t\t\t\t\t\t\t\t\n<style>\n#image_2015677741 {\n  width: 100%;\n}\n<\/style>\n\t<\/div>\n\t\n\n\n\t\t<\/div>\n\t\t\t\t\t<\/div>\n\n\t\n\n\t<div id=\"col-457759418\" class=\"col medium-1 small-12 large-1\"  >\n\t\t\t\t<div class=\"col-inner\"  >\n\t\t\t\n\t\t\t\n\n\n\t\t<\/div>\n\t\t\t\t\t<\/div>\n\n\t\n\n<\/div>\n<p>La \u2018<em>uma aki<\/em>\u2019 (\u2018fiesta de la cai\u00e7uma\u2019- especie de chicha de yuca), se extiende durante varios d\u00edas y se enfoca en las relaciones intergrupales, debido a que generalmente cuenta con participantes de otras comunidades. Este ritual desarrolla varias secuencias, algunas de las cuales pueden aparecer aisladas en fiestas menores: juegos, ingesti\u00f3n y purga de cai\u00e7uma, escenificaciones guerreras, bailes y cantos.<\/p>\n<p style=\"font-weight: 400;\">Con los desdoblamientos de la delimitaci\u00f3n del territorio, de la concienciaci\u00f3n de los derechos ind\u00edgenas a partir de los a\u00f1os 80 y de las nuevas posibilidades para la obtenci\u00f3n de recursos provenientes del movimiento ecol\u00f3gico, los Yawanaw\u00e1 iniciaron en los a\u00f1os 80 la revitalizaci\u00f3n de sus tradiciones y su cultura.<\/p>\n<p style=\"font-weight: 400;\">En el a\u00f1o 2000 crearon el Festival Mariri Yawanaw\u00e1, que busca preservar la cultura y las tradiciones del pueblo. Este festival re\u00fane a 17 aldeas y dura alrededor de una semana de cantos, bailes, ceremonias y juegos. Est\u00e1 abierto a un n\u00famero limitado de turistas.<\/p>\n<p style=\"font-weight: 400;\">Se celebra en la Aldea Sagrada, la m\u00e1s antigua de las comunidades Yawanaw\u00e1, pues ah\u00ed se encuentra el lugar sagrado donde los abuelos (los chamanes) construyeron el lugar donde se cocinaba la abuelita \u201cayahuasca\u201d.<\/p>\n<div class=\"row\"  id=\"row-1583559983\">\n\n\n\t<div id=\"col-735801807\" class=\"col medium-3 small-12 large-3\"  >\n\t\t\t\t<div class=\"col-inner\"  >\n\t\t\t\n\t\t\t\n\n\n\t\t<\/div>\n\t\t\t\t\t<\/div>\n\n\t\n\n\t<div id=\"col-264589359\" class=\"col medium-6 small-12 large-6\"  >\n\t\t\t\t<div class=\"col-inner\"  >\n\t\t\t\n\t\t\t\n\n\t<div class=\"img has-hover x md-x lg-x y md-y lg-y\" id=\"image_1396859113\">\n\t\t\t\t\t\t\t\t<div class=\"img-inner image-cover dark\" style=\"padding-top:100%;\">\n\t\t\t<img loading=\"lazy\" decoding=\"async\" width=\"765\" height=\"1024\" src=\"https:\/\/www.sinchisinchi.com\/wp-content\/uploads\/2025\/01\/1-Tribu-Yawanawa1-765x1024.jpeg\" class=\"attachment-large size-large\" alt=\"\" srcset=\"https:\/\/www.sinchisinchi.com\/wp-content\/uploads\/2025\/01\/1-Tribu-Yawanawa1-765x1024.jpeg 765w, https:\/\/www.sinchisinchi.com\/wp-content\/uploads\/2025\/01\/1-Tribu-Yawanawa1-448x600.jpeg 448w, https:\/\/www.sinchisinchi.com\/wp-content\/uploads\/2025\/01\/1-Tribu-Yawanawa1-768x1027.jpeg 768w, https:\/\/www.sinchisinchi.com\/wp-content\/uploads\/2025\/01\/1-Tribu-Yawanawa1-247x330.jpeg 247w, https:\/\/www.sinchisinchi.com\/wp-content\/uploads\/2025\/01\/1-Tribu-Yawanawa1-510x682.jpeg 510w, https:\/\/www.sinchisinchi.com\/wp-content\/uploads\/2025\/01\/1-Tribu-Yawanawa1.jpeg 1098w\" sizes=\"auto, (max-width: 765px) 100vw, 765px\" \/>\t\t\t\t\t\t\n\t\t\t\t\t<\/div>\n\t\t\t\t\t\t\t\t\n<style>\n#image_1396859113 {\n  width: 100%;\n}\n<\/style>\n\t<\/div>\n\t\n\n\n\t\t<\/div>\n\t\t\t\t\t<\/div>\n\n\t\n\n\t<div id=\"col-491752144\" class=\"col medium-3 small-12 large-3\"  >\n\t\t\t\t<div class=\"col-inner\"  >\n\t\t\t\n\t\t\t\n\n\n\t\t<\/div>\n\t\t\t\t\t<\/div>\n\n\t\n\n<\/div>\n<p style=\"font-weight: 400;\">Ese mismo lugar se convirti\u00f3 despu\u00e9s en el cementerio de los abuelos. Eso hace que ah\u00ed la medicina tenga una potencia todav\u00eda m\u00e1s elevada. Ah\u00ed mismo tienen tambi\u00e9n el gran \u00e1rbol, la gran liana con la que se cocina la medicina sagrada.<\/p>\n<p style=\"font-weight: 400;\">En la Aldea Sagrada se puede encontrar un huerto de hierbas medicinales, una plantaci\u00f3n de ayahuasca, paneles solares que sirven para iluminar la aldea de noche y bombear el agua del r\u00edo, caba\u00f1as preparadas para hacer dietas y retiros espirituales, peque\u00f1as playas sobre el r\u00edo, un cementerio sagrado, una antena satelital que transmite informaci\u00f3n en vivo para un proyecto de arte digital y nuevas viviendas en construcci\u00f3n.<\/p>\n<p style=\"font-weight: 400;\">Frente a la casa comunal donde los j\u00f3venes se juntan por la noche a ensayar m\u00fasica, hay un espacio circular del tama\u00f1o de media cancha de f\u00fatbol delimitado por una serpiente gigante. Es un lugar m\u00e1gico de conexi\u00f3n con la Madre Tierra, el Gran Misterio y la Gran Floresta.<\/p>\n<div class=\"row\"  id=\"row-1714757800\">\n\n\n\t<div id=\"col-406962171\" class=\"col medium-2 small-12 large-2\"  >\n\t\t\t\t<div class=\"col-inner\"  >\n\t\t\t\n\t\t\t\n\n\n\t\t<\/div>\n\t\t\t\t\t<\/div>\n\n\t\n\n\t<div id=\"col-441328401\" class=\"col medium-8 small-12 large-8\"  >\n\t\t\t\t<div class=\"col-inner\"  >\n\t\t\t\n\t\t\t\n\n<div class=\"video video-fit mb\" style=\"padding-top:56.25%;\"><iframe loading=\"lazy\" title=\"Yawanawa - Sina Vaeshu (Uniretreats Video)\" width=\"1020\" height=\"574\" src=\"https:\/\/www.youtube.com\/embed\/vbnshMF0x-o?feature=oembed\" frameborder=\"0\" allow=\"accelerometer; autoplay; clipboard-write; encrypted-media; gyroscope; picture-in-picture; web-share\" referrerpolicy=\"strict-origin-when-cross-origin\" allowfullscreen><\/iframe><\/div>\n\n\n\t\t<\/div>\n\t\t\t\t\t<\/div>\n\n\t\n\n\t<div id=\"col-135119705\" class=\"col medium-2 small-12 large-2\"  >\n\t\t\t\t<div class=\"col-inner\"  >\n\t\t\t\n\t\t\t\n\n\n\t\t<\/div>\n\t\t\t\t\t<\/div>\n\n\t\n\n<\/div>\n<p style=\"font-weight: 400;\">Una visitante europea que acudi\u00f3 hace algunos a\u00f1os a este festival, nos cuenta: \u201cEs en festivales de este tipo que el pueblo abre sus puertas a los extranjeros. A las cinco de la ma\u00f1ana se despierta la selva y con ella todos los miembros de la tribu.<\/p>\n<p style=\"font-weight: 400;\">Iban al r\u00edo a ba\u00f1arse, cocinaban, nos daban peque\u00f1os recorridos por la selva al rededor de la aldea para ense\u00f1arnos con orgullo diferentes propiedades de cada planta. Por la noche se hac\u00eda fuego y muchos cantaban con sus guitarras.<\/p>\n<p style=\"font-weight: 400;\">Duermen muy temprano, cuando se va el sol. Los trabajos se reparten por familias. Muchas de ellas se dedican a hacer artesan\u00edas incre\u00edbles. Por lo general, con chaquiras multicolores con las que dibujan animales de la selva, como papagayos, pumas, jaguares y serpientes; Son artesan\u00edas de protecci\u00f3n.<\/p>\n<p style=\"font-weight: 400;\">Estas artesan\u00edas se venden despu\u00e9s en las grandes ciudades o en el extranjero. Hay algunos que no tienen ninguna actividad concreta durante el d\u00eda. El festival es de car\u00e1cter gratuito y tiene que invitarte alguien de la aldea o de la tribu para que puedas acudir. Todos los visitantes, sin embargo, participamos en la compra de multitud de artesan\u00edas como agradecimiento a su invitaci\u00f3n\u201d.<\/p>\n<div class=\"row\"  id=\"row-597902895\">\n\n\n\t<div id=\"col-1321119173\" class=\"col medium-2 small-12 large-2\"  >\n\t\t\t\t<div class=\"col-inner\"  >\n\t\t\t\n\t\t\t\n\n\n\t\t<\/div>\n\t\t\t\t\t<\/div>\n\n\t\n\n\t<div id=\"col-313028381\" class=\"col medium-8 small-12 large-8\"  >\n\t\t\t\t<div class=\"col-inner\"  >\n\t\t\t\n\t\t\t\n\n\t<div class=\"img has-hover x md-x lg-x y md-y lg-y\" id=\"image_581981754\">\n\t\t\t\t\t\t\t\t<div class=\"img-inner dark\" >\n\t\t\t<img loading=\"lazy\" decoding=\"async\" width=\"851\" height=\"315\" src=\"https:\/\/www.sinchisinchi.com\/wp-content\/uploads\/2025\/01\/300630384_411542674416948_902718602477095590_n-1.png\" class=\"attachment-large size-large\" alt=\"\" srcset=\"https:\/\/www.sinchisinchi.com\/wp-content\/uploads\/2025\/01\/300630384_411542674416948_902718602477095590_n-1.png 851w, https:\/\/www.sinchisinchi.com\/wp-content\/uploads\/2025\/01\/300630384_411542674416948_902718602477095590_n-1-600x222.png 600w, https:\/\/www.sinchisinchi.com\/wp-content\/uploads\/2025\/01\/300630384_411542674416948_902718602477095590_n-1-768x284.png 768w, https:\/\/www.sinchisinchi.com\/wp-content\/uploads\/2025\/01\/300630384_411542674416948_902718602477095590_n-1-247x91.png 247w, https:\/\/www.sinchisinchi.com\/wp-content\/uploads\/2025\/01\/300630384_411542674416948_902718602477095590_n-1-510x189.png 510w\" sizes=\"auto, (max-width: 851px) 100vw, 851px\" \/>\t\t\t\t\t\t\n\t\t\t\t\t<\/div>\n\t\t\t\t\t\t\t\t\n<style>\n#image_581981754 {\n  width: 100%;\n}\n<\/style>\n\t<\/div>\n\t\n\n\n\t\t<\/div>\n\t\t\t\t\t<\/div>\n\n\t\n\n\t<div id=\"col-268302585\" class=\"col medium-2 small-12 large-2\"  >\n\t\t\t\t<div class=\"col-inner\"  >\n\t\t\t\n\t\t\t\n\n\n\t\t<\/div>\n\t\t\t\t\t<\/div>\n\n\t\n\n<\/div>\n<p style=\"font-weight: 400;\">En 2002 se inaugur\u00f3 en la aldea de Nova Esperan\u00e7a el Festival \u201cYawa\u00bb. Es un evento que pretende dar a conocer y compartir la cultura Yawanaw\u00e1 a otras tribus amaz\u00f3nicas pero tambi\u00e9n a todas las personas, cualquiera que sea su etnia o nacionalidad interesadas en acercarse a su cosmovisi\u00f3n.<\/p>\n<p style=\"font-weight: 400;\">Este gran encuentro en Nova Esperan\u00e7a es un momento muy expresivo para los Yawanaw\u00e1 que reivindica el recate, renacimiento y revitalizaci\u00f3n de su cultura. La festividad celebra la prosperidad de los nuevos tiempos en oposici\u00f3n al per\u00edodo anterior de conflictos, dispersi\u00f3n de familias, dificultades y opresi\u00f3n.<\/p>\n<p style=\"font-weight: 400;\">La celebraci\u00f3n tiene lugar el mes de octubre y dura cinco d\u00edas. Llegan al territorio ind\u00edgena varios grupos procedentes de los centros urbanos para ver y participar en este evento. Los ind\u00edgenas los ornamentan con las pinturas y explican su significado.<\/p>\n<p style=\"font-weight: 400;\">Algunos d\u00edas, por la noche, hay rituales con <em>rom\u00eb <\/em>y <em>uni <\/em>(Ayahuasca). Hay momentos puntuales en que los l\u00edderes locales ofrecen discursos sobre la cultura ind\u00edgena, destacando el proceso de revitalizaci\u00f3n de la cultura Yawanaw\u00e1.<\/p>\n<div class=\"row\"  id=\"row-1607133414\">\n\n\n\t<div id=\"col-1323466770\" class=\"col medium-2 small-12 large-2\"  >\n\t\t\t\t<div class=\"col-inner\"  >\n\t\t\t\n\t\t\t\n\n\n\t\t<\/div>\n\t\t\t\t\t<\/div>\n\n\t\n\n\t<div id=\"col-239179656\" class=\"col medium-8 small-12 large-8\"  >\n\t\t\t\t<div class=\"col-inner\"  >\n\t\t\t\n\t\t\t\n\n<div class=\"video video-fit mb\" style=\"padding-top:56.25%;\"><p><iframe loading=\"lazy\" title=\"XV Festival Yawanawa\" width=\"1020\" height=\"574\" src=\"https:\/\/www.youtube.com\/embed\/HTEc2xKDX-A?feature=oembed\" frameborder=\"0\" allow=\"accelerometer; autoplay; clipboard-write; encrypted-media; gyroscope; picture-in-picture; web-share\" referrerpolicy=\"strict-origin-when-cross-origin\" allowfullscreen><\/iframe><\/p>\n<\/div>\n\n<p style=\"text-align: center;\"><em>Festival Nova Esperan\u00e7a<\/em><\/p>\n\n\t\t<\/div>\n\t\t\t\t\t<\/div>\n\n\t\n\n\t<div id=\"col-158036469\" class=\"col medium-2 small-12 large-2\"  >\n\t\t\t\t<div class=\"col-inner\"  >\n\t\t\t\n\t\t\t\n\n\n\t\t<\/div>\n\t\t\t\t\t<\/div>\n\n\t\n\n<\/div>\n<p style=\"font-weight: 400;\">La chamana y compa\u00f1era del l\u00edder Bira, prepara retiros espirituales a personas que llegan de todo el mundo. Ese tipo de turismo, basado en las pr\u00e1cticas rituales Yawanaw\u00e1 con fines terap\u00e9uticos es una fuente importante de ingresos para ellos, al igual que el turismo \u201c\u00e9tnico\u201d.<\/p>\n<p style=\"font-weight: 400;\">Bailar y cantar el \u201csaiti\u201d, aprender sobre sus or\u00edgenes, beber \u201cuni\u201d son cosas que el pueblo Yawanaw\u00e1 comparte con sus visitantes extranjeros en estas festividades. En los discursos durante el Festival se presenta la historia como un renacer cultural, de afirmaci\u00f3n identitaria y pol\u00edtica.<\/p>\n<p style=\"font-weight: 400;\">Si a primera vista la etiqueta de <em>etnoturismo <\/em>puede a\u00f1adir una apariencia espec\u00edfica al evento, la mayor\u00eda de los visitantes, as\u00ed como los propios nativos, entienden el festival como algo muy diferente al turismo.<\/p>\n<p style=\"font-weight: 400;\">Hay entre los visitantes una b\u00fasqueda de una filosof\u00eda ecol\u00f3gica: \u201cpueblos aut\u00f3ctonos o minor\u00edas \u00e9tnicas o culturales de los cuatro rincones de la tierra son vistos como depositarios de saberes tradicionales respecto a su medio ambiente, y como alternativas \u00e9ticas y t\u00e9cnicas al modelo econ\u00f3mico moderno\u201d, y as\u00ed \u201cPueblos Originarios\u201d es un t\u00e9rmino relacionado con el respeto a la Madre Tierra.<\/p>\n<div class=\"row\"  id=\"row-987439812\">\n\n\n\t<div id=\"col-617234922\" class=\"col medium-2 small-12 large-2\"  >\n\t\t\t\t<div class=\"col-inner\"  >\n\t\t\t\n\t\t\t\n\n\n\t\t<\/div>\n\t\t\t\t\t<\/div>\n\n\t\n\n\t<div id=\"col-1991665940\" class=\"col medium-8 small-12 large-8\"  >\n\t\t\t\t<div class=\"col-inner\"  >\n\t\t\t\n\t\t\t\n\n<div class=\"video video-fit mb\" style=\"padding-top:56.25%;\"><p><iframe loading=\"lazy\" title=\"Yawanawa Nii Naya Naya Ne (Uniretreats Video)\" width=\"1020\" height=\"574\" src=\"https:\/\/www.youtube.com\/embed\/0TFNvCCWnqo?feature=oembed\" frameborder=\"0\" allow=\"accelerometer; autoplay; clipboard-write; encrypted-media; gyroscope; picture-in-picture; web-share\" referrerpolicy=\"strict-origin-when-cross-origin\" allowfullscreen><\/iframe><\/p>\n<\/div>\n\n\n\t\t<\/div>\n\t\t\t\t\t<\/div>\n\n\t\n\n\t<div id=\"col-1998964839\" class=\"col medium-2 small-12 large-2\"  >\n\t\t\t\t<div class=\"col-inner\"  >\n\t\t\t\n\t\t\t\n\n\n\t\t<\/div>\n\t\t\t\t\t<\/div>\n\n\t\n\n<\/div>\n<p style=\"font-weight: 400;\">Para algunos Yawanaw\u00e1, estas fiestas no est\u00e1n muy lejos de los encuentros que reun\u00edan solo a los pueblos de la regi\u00f3n. Es un espacio en el que comparten su modo de vida con los visitantes. Los conocimientos y t\u00e9cnicas cham\u00e1nicas tratan de la relaci\u00f3n con los <em>yuxin<\/em>, los esp\u00edritus que habitan el bosque y que interfieren en la vida de los humanos.<\/p>\n\t<div id=\"gap-532053328\" class=\"gap-element clearfix\" style=\"display:block; height:auto;\">\n\t\t\n<style>\n#gap-532053328 {\n  padding-top: 30px;\n}\n<\/style>\n\t<\/div>\n\t\n\n<h2 style=\"font-weight: 400; text-align: center;\">Expansi\u00f3n Cultural de la Ayahuasca<\/h2>\n<p style=\"font-weight: 400;\">Hace a\u00f1os que la abuela ayahuasca ampli\u00f3 sus fronteras, fue interpretada a trav\u00e9s de otras formas de comprensi\u00f3n de la experiencia, sali\u00f3 de la selva amaz\u00f3nica. En este momento, esta pr\u00e1ctica se expande como un movimiento global, centralizado entre Am\u00e9rica y Europa, heterog\u00e9neo en sus formas de expresi\u00f3n.<\/p>\n<p style=\"font-weight: 400;\">Surge la <em>era de la comunicaci\u00f3n y las redes sociales<\/em>, ampliando sus fronteras, sobre todo por medios virtuales. El pueblo Yawanaw\u00e1 participa en la expansi\u00f3n de la conciencia humana a trav\u00e9s de la toma de esta planta en festivales o ceremonias a lo largo de los cinco continentes.<\/p>\n<h2 style=\"text-align: center;\">Seguir Leyendo:<\/h2>\n<a href=\"https:\/\/www.sinchisinchi.com\/es\/tribus\/yawanawa\/musica\/\" class=\"button primary is-underline expand\" >\n\t\t<span>M\u00fasica Yawanaw\u00e1<\/span>\n\t<\/a>\n\n\n\n","protected":false},"excerpt":{"rendered":"","protected":false},"author":1,"featured_media":0,"parent":3157,"menu_order":0,"comment_status":"closed","ping_status":"closed","template":"","meta":{"_joinchat":[],"footnotes":""},"class_list":["post-25646","page","type-page","status-publish","hentry"],"yoast_head":"<!-- This site is optimized with the Yoast SEO plugin v27.4 - https:\/\/yoast.com\/product\/yoast-seo-wordpress\/ -->\n<title>Ceremonias y Festivales Yawanaw\u00e1<\/title>\n<meta name=\"description\" content=\"El pueblo Yawanaw\u00e1 participa en la expansi\u00f3n de la conciencia humana en festivales o ceremonias a lo largo de los cinco continentes.\" \/>\n<meta name=\"robots\" content=\"index, follow, max-snippet:-1, max-image-preview:large, max-video-preview:-1\" \/>\n<link rel=\"canonical\" href=\"https:\/\/www.sinchisinchi.com\/es\/tribes\/yawanawa\/ceremonias\/\" \/>\n<meta property=\"og:locale\" content=\"es_ES\" \/>\n<meta property=\"og:type\" content=\"article\" \/>\n<meta property=\"og:title\" content=\"Ceremonias y Festivales Yawanaw\u00e1\" \/>\n<meta property=\"og:description\" content=\"El pueblo Yawanaw\u00e1 participa en la expansi\u00f3n de la conciencia humana en festivales o ceremonias a lo largo de los cinco continentes.\" \/>\n<meta property=\"og:url\" content=\"https:\/\/www.sinchisinchi.com\/es\/tribes\/yawanawa\/ceremonias\/\" \/>\n<meta property=\"og:site_name\" content=\"SINCHI RAP\u00c9\" \/>\n<meta property=\"article:publisher\" content=\"https:\/\/www.facebook.com\/sinchirape\/\" \/>\n<meta property=\"article:modified_time\" content=\"2026-03-04T14:16:34+00:00\" \/>\n<meta name=\"twitter:card\" content=\"summary_large_image\" \/>\n<script type=\"application\/ld+json\" class=\"yoast-schema-graph\">{\"@context\":\"https:\\\/\\\/schema.org\",\"@graph\":[{\"@type\":\"WebPage\",\"@id\":\"https:\\\/\\\/www.sinchisinchi.com\\\/es\\\/tribes\\\/yawanawa\\\/ceremonias\\\/\",\"url\":\"https:\\\/\\\/www.sinchisinchi.com\\\/es\\\/tribes\\\/yawanawa\\\/ceremonias\\\/\",\"name\":\"Ceremonias y Festivales Yawanaw\u00e1\",\"isPartOf\":{\"@id\":\"https:\\\/\\\/www.sinchisinchi.com\\\/es\\\/#website\"},\"datePublished\":\"2025-02-12T16:12:55+00:00\",\"dateModified\":\"2026-03-04T14:16:34+00:00\",\"description\":\"El pueblo Yawanaw\u00e1 participa en la expansi\u00f3n de la conciencia humana en festivales o ceremonias a lo largo de los cinco continentes.\",\"breadcrumb\":{\"@id\":\"https:\\\/\\\/www.sinchisinchi.com\\\/es\\\/tribes\\\/yawanawa\\\/ceremonias\\\/#breadcrumb\"},\"inLanguage\":\"es\",\"potentialAction\":[{\"@type\":\"ReadAction\",\"target\":[\"https:\\\/\\\/www.sinchisinchi.com\\\/es\\\/tribes\\\/yawanawa\\\/ceremonias\\\/\"]}]},{\"@type\":\"BreadcrumbList\",\"@id\":\"https:\\\/\\\/www.sinchisinchi.com\\\/es\\\/tribes\\\/yawanawa\\\/ceremonias\\\/#breadcrumb\",\"itemListElement\":[{\"@type\":\"ListItem\",\"position\":1,\"name\":\"Prima pagina\",\"item\":\"https:\\\/\\\/www.sinchisinchi.com\\\/es\\\/\"},{\"@type\":\"ListItem\",\"position\":2,\"name\":\"Amazonian Tribes\",\"item\":\"https:\\\/\\\/www.sinchisinchi.com\\\/es\\\/tribes\\\/\"},{\"@type\":\"ListItem\",\"position\":3,\"name\":\"Yawanaw\u00e1\",\"item\":\"https:\\\/\\\/www.sinchisinchi.com\\\/es\\\/tribes\\\/yawanawa\\\/\"},{\"@type\":\"ListItem\",\"position\":4,\"name\":\"Ceremonias\"}]},{\"@type\":\"WebSite\",\"@id\":\"https:\\\/\\\/www.sinchisinchi.com\\\/es\\\/#website\",\"url\":\"https:\\\/\\\/www.sinchisinchi.com\\\/es\\\/\",\"name\":\"SINCHI\",\"description\":\"Sinchi Medicine\",\"publisher\":{\"@id\":\"https:\\\/\\\/www.sinchisinchi.com\\\/es\\\/#organization\"},\"potentialAction\":[{\"@type\":\"SearchAction\",\"target\":{\"@type\":\"EntryPoint\",\"urlTemplate\":\"https:\\\/\\\/www.sinchisinchi.com\\\/es\\\/?s={search_term_string}\"},\"query-input\":{\"@type\":\"PropertyValueSpecification\",\"valueRequired\":true,\"valueName\":\"search_term_string\"}}],\"inLanguage\":\"es\"},{\"@type\":\"Organization\",\"@id\":\"https:\\\/\\\/www.sinchisinchi.com\\\/es\\\/#organization\",\"name\":\"SINCHI S.L\",\"url\":\"https:\\\/\\\/www.sinchisinchi.com\\\/es\\\/\",\"logo\":{\"@type\":\"ImageObject\",\"inLanguage\":\"es\",\"@id\":\"https:\\\/\\\/www.sinchisinchi.com\\\/es\\\/#\\\/schema\\\/logo\\\/image\\\/\",\"url\":\"https:\\\/\\\/www.sinchisinchi.com\\\/wp-content\\\/uploads\\\/2026\\\/01\\\/3b-Verde-SIMPLIFICADO-HORIZONTAL-F-TRANSPARENTE-scaled.png\",\"contentUrl\":\"https:\\\/\\\/www.sinchisinchi.com\\\/wp-content\\\/uploads\\\/2026\\\/01\\\/3b-Verde-SIMPLIFICADO-HORIZONTAL-F-TRANSPARENTE-scaled.png\",\"width\":2560,\"height\":457,\"caption\":\"SINCHI S.L\"},\"image\":{\"@id\":\"https:\\\/\\\/www.sinchisinchi.com\\\/es\\\/#\\\/schema\\\/logo\\\/image\\\/\"},\"sameAs\":[\"https:\\\/\\\/www.facebook.com\\\/sinchirape\\\/\",\"https:\\\/\\\/www.instagram.com\\\/sinchi_rape\\\/\"]}]}<\/script>\n<!-- \/ Yoast SEO plugin. -->","yoast_head_json":{"title":"Ceremonias y Festivales Yawanaw\u00e1","description":"El pueblo Yawanaw\u00e1 participa en la expansi\u00f3n de la conciencia humana en festivales o ceremonias a lo largo de los cinco continentes.","robots":{"index":"index","follow":"follow","max-snippet":"max-snippet:-1","max-image-preview":"max-image-preview:large","max-video-preview":"max-video-preview:-1"},"canonical":"https:\/\/www.sinchisinchi.com\/es\/tribes\/yawanawa\/ceremonias\/","og_locale":"es_ES","og_type":"article","og_title":"Ceremonias y Festivales Yawanaw\u00e1","og_description":"El pueblo Yawanaw\u00e1 participa en la expansi\u00f3n de la conciencia humana en festivales o ceremonias a lo largo de los cinco continentes.","og_url":"https:\/\/www.sinchisinchi.com\/es\/tribes\/yawanawa\/ceremonias\/","og_site_name":"SINCHI RAP\u00c9","article_publisher":"https:\/\/www.facebook.com\/sinchirape\/","article_modified_time":"2026-03-04T14:16:34+00:00","twitter_card":"summary_large_image","schema":{"@context":"https:\/\/schema.org","@graph":[{"@type":"WebPage","@id":"https:\/\/www.sinchisinchi.com\/es\/tribes\/yawanawa\/ceremonias\/","url":"https:\/\/www.sinchisinchi.com\/es\/tribes\/yawanawa\/ceremonias\/","name":"Ceremonias y Festivales Yawanaw\u00e1","isPartOf":{"@id":"https:\/\/www.sinchisinchi.com\/es\/#website"},"datePublished":"2025-02-12T16:12:55+00:00","dateModified":"2026-03-04T14:16:34+00:00","description":"El pueblo Yawanaw\u00e1 participa en la expansi\u00f3n de la conciencia humana en festivales o ceremonias a lo largo de los cinco continentes.","breadcrumb":{"@id":"https:\/\/www.sinchisinchi.com\/es\/tribes\/yawanawa\/ceremonias\/#breadcrumb"},"inLanguage":"es","potentialAction":[{"@type":"ReadAction","target":["https:\/\/www.sinchisinchi.com\/es\/tribes\/yawanawa\/ceremonias\/"]}]},{"@type":"BreadcrumbList","@id":"https:\/\/www.sinchisinchi.com\/es\/tribes\/yawanawa\/ceremonias\/#breadcrumb","itemListElement":[{"@type":"ListItem","position":1,"name":"Prima pagina","item":"https:\/\/www.sinchisinchi.com\/es\/"},{"@type":"ListItem","position":2,"name":"Amazonian Tribes","item":"https:\/\/www.sinchisinchi.com\/es\/tribes\/"},{"@type":"ListItem","position":3,"name":"Yawanaw\u00e1","item":"https:\/\/www.sinchisinchi.com\/es\/tribes\/yawanawa\/"},{"@type":"ListItem","position":4,"name":"Ceremonias"}]},{"@type":"WebSite","@id":"https:\/\/www.sinchisinchi.com\/es\/#website","url":"https:\/\/www.sinchisinchi.com\/es\/","name":"SINCHI","description":"Sinchi Medicine","publisher":{"@id":"https:\/\/www.sinchisinchi.com\/es\/#organization"},"potentialAction":[{"@type":"SearchAction","target":{"@type":"EntryPoint","urlTemplate":"https:\/\/www.sinchisinchi.com\/es\/?s={search_term_string}"},"query-input":{"@type":"PropertyValueSpecification","valueRequired":true,"valueName":"search_term_string"}}],"inLanguage":"es"},{"@type":"Organization","@id":"https:\/\/www.sinchisinchi.com\/es\/#organization","name":"SINCHI S.L","url":"https:\/\/www.sinchisinchi.com\/es\/","logo":{"@type":"ImageObject","inLanguage":"es","@id":"https:\/\/www.sinchisinchi.com\/es\/#\/schema\/logo\/image\/","url":"https:\/\/www.sinchisinchi.com\/wp-content\/uploads\/2026\/01\/3b-Verde-SIMPLIFICADO-HORIZONTAL-F-TRANSPARENTE-scaled.png","contentUrl":"https:\/\/www.sinchisinchi.com\/wp-content\/uploads\/2026\/01\/3b-Verde-SIMPLIFICADO-HORIZONTAL-F-TRANSPARENTE-scaled.png","width":2560,"height":457,"caption":"SINCHI S.L"},"image":{"@id":"https:\/\/www.sinchisinchi.com\/es\/#\/schema\/logo\/image\/"},"sameAs":["https:\/\/www.facebook.com\/sinchirape\/","https:\/\/www.instagram.com\/sinchi_rape\/"]}]}},"_links":{"self":[{"href":"https:\/\/www.sinchisinchi.com\/es\/wp-json\/wp\/v2\/pages\/25646","targetHints":{"allow":["GET"]}}],"collection":[{"href":"https:\/\/www.sinchisinchi.com\/es\/wp-json\/wp\/v2\/pages"}],"about":[{"href":"https:\/\/www.sinchisinchi.com\/es\/wp-json\/wp\/v2\/types\/page"}],"author":[{"embeddable":true,"href":"https:\/\/www.sinchisinchi.com\/es\/wp-json\/wp\/v2\/users\/1"}],"replies":[{"embeddable":true,"href":"https:\/\/www.sinchisinchi.com\/es\/wp-json\/wp\/v2\/comments?post=25646"}],"version-history":[{"count":2,"href":"https:\/\/www.sinchisinchi.com\/es\/wp-json\/wp\/v2\/pages\/25646\/revisions"}],"predecessor-version":[{"id":30101,"href":"https:\/\/www.sinchisinchi.com\/es\/wp-json\/wp\/v2\/pages\/25646\/revisions\/30101"}],"up":[{"embeddable":true,"href":"https:\/\/www.sinchisinchi.com\/es\/wp-json\/wp\/v2\/pages\/3157"}],"wp:attachment":[{"href":"https:\/\/www.sinchisinchi.com\/es\/wp-json\/wp\/v2\/media?parent=25646"}],"curies":[{"name":"wp","href":"https:\/\/api.w.org\/{rel}","templated":true}]}}