{"id":26674,"date":"2025-03-14T17:51:33","date_gmt":"2025-03-14T17:51:33","guid":{"rendered":"https:\/\/www.sinchisinchi.com\/?page_id=26674"},"modified":"2026-03-04T15:15:35","modified_gmt":"2026-03-04T15:15:35","slug":"musica","status":"publish","type":"page","link":"https:\/\/www.sinchisinchi.com\/es\/tribus\/rape-nukini\/musica\/","title":{"rendered":"M\u00fasica"},"content":{"rendered":"\n<h1 style=\"text-align: center;\">M\u00fasica Nukini<\/h1>\n<h2 style=\"text-align: center;\">Hana He &#8211; Xiti Nukini<\/h2>\n<div class=\"row\"  id=\"row-53097836\">\n\n\n\t<div id=\"col-148598641\" class=\"col small-12 large-12\"  >\n\t\t\t\t<div class=\"col-inner\"  >\n\t\t\t\n\t\t\t\n\n<div class=\"video video-fit mb\" style=\"padding-top:56.25%;\"><iframe loading=\"lazy\" title=\"HANA HE - Xiti Nukini\" width=\"1020\" height=\"574\" src=\"https:\/\/www.youtube.com\/embed\/IaqD1P7tHAY?feature=oembed\" frameborder=\"0\" allow=\"accelerometer; autoplay; clipboard-write; encrypted-media; gyroscope; picture-in-picture; web-share\" referrerpolicy=\"strict-origin-when-cross-origin\" allowfullscreen><\/iframe><\/div>\n\n\n\t\t<\/div>\n\t\t\t\t\t<\/div>\n\n\t\n\n<\/div>\n<div class=\"row\"  id=\"row-1946302179\">\n\n\n\t<div id=\"col-2140093928\" class=\"col medium-6 small-12 large-6\"  >\n\t\t\t\t<div class=\"col-inner\"  >\n\t\t\t\n\t\t\t\n\n<h3 style=\"text-align: center;\">Hari Hariki &#8211; Nukini<\/h3>\n<div class=\"video video-fit mb\" style=\"padding-top:56.25%;\"><p><iframe loading=\"lazy\" title=\"Hari Hariki - NUKINI\" width=\"1020\" height=\"574\" src=\"https:\/\/www.youtube.com\/embed\/o76BfGdoSH4?feature=oembed\" frameborder=\"0\" allow=\"accelerometer; autoplay; clipboard-write; encrypted-media; gyroscope; picture-in-picture; web-share\" referrerpolicy=\"strict-origin-when-cross-origin\" allowfullscreen><\/iframe><\/p>\n<\/div>\n\n\n\t\t<\/div>\n\t\t\t\t\t<\/div>\n\n\t\n\n\t<div id=\"col-625003199\" class=\"col medium-6 small-12 large-6\"  >\n\t\t\t\t<div class=\"col-inner\"  >\n\t\t\t\n\t\t\t\n\n<h3 style=\"text-align: center;\">Canto do Povo Nukini &#8211; Jaguar people<\/h3>\n<div class=\"video video-fit mb\" style=\"padding-top:56.25%;\"><p><iframe loading=\"lazy\" title=\"Inu, o canto do povo Nukini - Jaguar People Song\" width=\"1020\" height=\"765\" src=\"https:\/\/www.youtube.com\/embed\/l0qJoz2HXRE?feature=oembed\" frameborder=\"0\" allow=\"accelerometer; autoplay; clipboard-write; encrypted-media; gyroscope; picture-in-picture; web-share\" referrerpolicy=\"strict-origin-when-cross-origin\" allowfullscreen><\/iframe><\/p>\n<\/div>\n\n\n\t\t<\/div>\n\t\t\t\t\t<\/div>\n\n\t\n\n<\/div>\n<div class=\"row\"  id=\"row-1288851963\">\n\n\n\t<div id=\"col-1844779555\" class=\"col small-12 large-12\"  >\n\t\t\t\t<div class=\"col-inner\"  >\n\t\t\t\n\t\t\t\n\n<h3 style=\"text-align: center;\">Pistyani Nukini &#8211; Povo Nukini<\/h3>\n<div class=\"video video-fit mb\" style=\"padding-top:56.25%;\"><p><iframe loading=\"lazy\" title=\"Pistyani Nukini - Povo Nukini\" width=\"1020\" height=\"574\" src=\"https:\/\/www.youtube.com\/embed\/wrEE4FT_xUI?feature=oembed\" frameborder=\"0\" allow=\"accelerometer; autoplay; clipboard-write; encrypted-media; gyroscope; picture-in-picture; web-share\" referrerpolicy=\"strict-origin-when-cross-origin\" allowfullscreen><\/iframe><\/p>\n<\/div>\n\n<div class=\"row\"  id=\"row-811186259\">\n\n\n\t<div id=\"col-699758886\" class=\"col medium-6 small-12 large-6\"  >\n\t\t\t\t<div class=\"col-inner\"  >\n\t\t\t\n\t\t\t\n\n<h3 style=\"text-align: center;\">Pistyani Nukini &#8211; Povo da On\u00e7a Pintada<\/h3>\n<div class=\"video video-fit mb\" style=\"padding-top:56.25%;\"><p><iframe loading=\"lazy\" title=\"Pistyani Nukini - Povo da On\u00e7a Pintada \/ Jaguar People\" width=\"1020\" height=\"574\" src=\"https:\/\/www.youtube.com\/embed\/7S3jWvQcoTQ?feature=oembed\" frameborder=\"0\" allow=\"accelerometer; autoplay; clipboard-write; encrypted-media; gyroscope; picture-in-picture; web-share\" referrerpolicy=\"strict-origin-when-cross-origin\" allowfullscreen><\/iframe><\/p>\n<\/div>\n\n\n\t\t<\/div>\n\t\t\t\t\t<\/div>\n\n\t\n\n\t<div id=\"col-2042843711\" class=\"col medium-6 small-12 large-6\"  >\n\t\t\t\t<div class=\"col-inner\"  >\n\t\t\t\n\t\t\t\n\n<div id=\"title\" class=\"style-scope ytd-watch-metadata\">\n<h3 class=\"style-scope ytd-watch-metadata\" style=\"text-align: center;\">Inu, canto Nukini &#8211; Txan\u00ea Pistyani Nukini<\/h3>\n<\/div>\n<div class=\"video video-fit mb\" style=\"padding-top:56.25%;\"><p><iframe loading=\"lazy\" title=\"Inu, canto Nukini - Txan\u00ea Pistyani Nukini\" width=\"1020\" height=\"765\" src=\"https:\/\/www.youtube.com\/embed\/I9WTa4RGaeo?feature=oembed\" frameborder=\"0\" allow=\"accelerometer; autoplay; clipboard-write; encrypted-media; gyroscope; picture-in-picture; web-share\" referrerpolicy=\"strict-origin-when-cross-origin\" allowfullscreen><\/iframe><\/p>\n<\/div>\n\n\n\t\t<\/div>\n\t\t\t\t\t<\/div>\n\n\t\n\n<\/div>\n<h2 style=\"text-align: center;\">Seguir Leyendo:<\/h2>\n<a href=\"https:\/\/www.sinchisinchi.com\/es\/tribus\/rape-nukini\/video\/\" class=\"button primary is-underline expand\" >\n\t\t<span>V\u00cdDEOS NUKINI<\/span>\n\t<\/a>\n\n\n\n\t\t<\/div>\n\t\t\t\t\t<\/div>\n\n\t\n\n<\/div>\n\n","protected":false},"excerpt":{"rendered":"","protected":false},"author":1,"featured_media":0,"parent":3197,"menu_order":0,"comment_status":"closed","ping_status":"closed","template":"","meta":{"_joinchat":[],"footnotes":""},"class_list":["post-26674","page","type-page","status-publish","hentry"],"yoast_head":"<!-- This site is optimized with the Yoast SEO plugin v27.4 - https:\/\/yoast.com\/product\/yoast-seo-wordpress\/ -->\n<title>M\u00fasica de la Tribu Amaz\u00f3nica Nukini<\/title>\n<meta name=\"description\" content=\"M\u00fasica de la tribu amaz\u00f3nica Nukini: la m\u00fasica, las plantas maestras y la espiritualidad forman parte de su d\u00eda a d\u00eda.\" \/>\n<meta name=\"robots\" content=\"index, follow, max-snippet:-1, max-image-preview:large, max-video-preview:-1\" \/>\n<link rel=\"canonical\" href=\"https:\/\/www.sinchisinchi.com\/es\/tribus\/rape-nukini\/musica\/\" \/>\n<meta property=\"og:locale\" content=\"es_ES\" \/>\n<meta property=\"og:type\" content=\"article\" \/>\n<meta property=\"og:title\" content=\"M\u00fasica de la Tribu Amaz\u00f3nica Nukini\" \/>\n<meta property=\"og:description\" content=\"M\u00fasica de la tribu amaz\u00f3nica Nukini: la m\u00fasica, las plantas maestras y la espiritualidad forman parte de su d\u00eda a d\u00eda.\" \/>\n<meta property=\"og:url\" content=\"https:\/\/www.sinchisinchi.com\/es\/tribus\/rape-nukini\/musica\/\" \/>\n<meta property=\"og:site_name\" content=\"SINCHI RAP\u00c9\" \/>\n<meta property=\"article:publisher\" content=\"https:\/\/www.facebook.com\/sinchirape\/\" \/>\n<meta property=\"article:modified_time\" content=\"2026-03-04T15:15:35+00:00\" \/>\n<meta name=\"twitter:card\" content=\"summary_large_image\" \/>\n<meta name=\"twitter:label1\" content=\"Tiempo de lectura\" \/>\n\t<meta name=\"twitter:data1\" content=\"1 minuto\" \/>\n<script type=\"application\/ld+json\" class=\"yoast-schema-graph\">{\"@context\":\"https:\\\/\\\/schema.org\",\"@graph\":[{\"@type\":\"WebPage\",\"@id\":\"https:\\\/\\\/www.sinchisinchi.com\\\/es\\\/tribus\\\/rape-nukini\\\/musica\\\/\",\"url\":\"https:\\\/\\\/www.sinchisinchi.com\\\/es\\\/tribus\\\/rape-nukini\\\/musica\\\/\",\"name\":\"M\u00fasica de la Tribu Amaz\u00f3nica Nukini\",\"isPartOf\":{\"@id\":\"https:\\\/\\\/www.sinchisinchi.com\\\/es\\\/#website\"},\"datePublished\":\"2025-03-14T17:51:33+00:00\",\"dateModified\":\"2026-03-04T15:15:35+00:00\",\"description\":\"M\u00fasica de la tribu amaz\u00f3nica Nukini: la m\u00fasica, las plantas maestras y la espiritualidad forman parte de su d\u00eda a d\u00eda.\",\"breadcrumb\":{\"@id\":\"https:\\\/\\\/www.sinchisinchi.com\\\/es\\\/tribus\\\/rape-nukini\\\/musica\\\/#breadcrumb\"},\"inLanguage\":\"es\",\"potentialAction\":[{\"@type\":\"ReadAction\",\"target\":[\"https:\\\/\\\/www.sinchisinchi.com\\\/es\\\/tribus\\\/rape-nukini\\\/musica\\\/\"]}]},{\"@type\":\"BreadcrumbList\",\"@id\":\"https:\\\/\\\/www.sinchisinchi.com\\\/es\\\/tribus\\\/rape-nukini\\\/musica\\\/#breadcrumb\",\"itemListElement\":[{\"@type\":\"ListItem\",\"position\":1,\"name\":\"Prima pagina\",\"item\":\"https:\\\/\\\/www.sinchisinchi.com\\\/es\\\/\"},{\"@type\":\"ListItem\",\"position\":2,\"name\":\"Tribus Amaz\u00f3nicas\",\"item\":\"https:\\\/\\\/www.sinchisinchi.com\\\/es\\\/tribus\\\/\"},{\"@type\":\"ListItem\",\"position\":3,\"name\":\"Rap\u00e9 Nukini\",\"item\":\"https:\\\/\\\/www.sinchisinchi.com\\\/es\\\/tribus\\\/rape-nukini\\\/\"},{\"@type\":\"ListItem\",\"position\":4,\"name\":\"M\u00fasica\"}]},{\"@type\":\"WebSite\",\"@id\":\"https:\\\/\\\/www.sinchisinchi.com\\\/es\\\/#website\",\"url\":\"https:\\\/\\\/www.sinchisinchi.com\\\/es\\\/\",\"name\":\"SINCHI\",\"description\":\"Sinchi Medicine\",\"publisher\":{\"@id\":\"https:\\\/\\\/www.sinchisinchi.com\\\/es\\\/#organization\"},\"potentialAction\":[{\"@type\":\"SearchAction\",\"target\":{\"@type\":\"EntryPoint\",\"urlTemplate\":\"https:\\\/\\\/www.sinchisinchi.com\\\/es\\\/?s={search_term_string}\"},\"query-input\":{\"@type\":\"PropertyValueSpecification\",\"valueRequired\":true,\"valueName\":\"search_term_string\"}}],\"inLanguage\":\"es\"},{\"@type\":\"Organization\",\"@id\":\"https:\\\/\\\/www.sinchisinchi.com\\\/es\\\/#organization\",\"name\":\"SINCHI S.L\",\"url\":\"https:\\\/\\\/www.sinchisinchi.com\\\/es\\\/\",\"logo\":{\"@type\":\"ImageObject\",\"inLanguage\":\"es\",\"@id\":\"https:\\\/\\\/www.sinchisinchi.com\\\/es\\\/#\\\/schema\\\/logo\\\/image\\\/\",\"url\":\"https:\\\/\\\/www.sinchisinchi.com\\\/wp-content\\\/uploads\\\/2026\\\/01\\\/3b-Verde-SIMPLIFICADO-HORIZONTAL-F-TRANSPARENTE-scaled.png\",\"contentUrl\":\"https:\\\/\\\/www.sinchisinchi.com\\\/wp-content\\\/uploads\\\/2026\\\/01\\\/3b-Verde-SIMPLIFICADO-HORIZONTAL-F-TRANSPARENTE-scaled.png\",\"width\":2560,\"height\":457,\"caption\":\"SINCHI S.L\"},\"image\":{\"@id\":\"https:\\\/\\\/www.sinchisinchi.com\\\/es\\\/#\\\/schema\\\/logo\\\/image\\\/\"},\"sameAs\":[\"https:\\\/\\\/www.facebook.com\\\/sinchirape\\\/\",\"https:\\\/\\\/www.instagram.com\\\/sinchi_rape\\\/\"]}]}<\/script>\n<!-- \/ Yoast SEO plugin. -->","yoast_head_json":{"title":"M\u00fasica de la Tribu Amaz\u00f3nica Nukini","description":"M\u00fasica de la tribu amaz\u00f3nica Nukini: la m\u00fasica, las plantas maestras y la espiritualidad forman parte de su d\u00eda a d\u00eda.","robots":{"index":"index","follow":"follow","max-snippet":"max-snippet:-1","max-image-preview":"max-image-preview:large","max-video-preview":"max-video-preview:-1"},"canonical":"https:\/\/www.sinchisinchi.com\/es\/tribus\/rape-nukini\/musica\/","og_locale":"es_ES","og_type":"article","og_title":"M\u00fasica de la Tribu Amaz\u00f3nica Nukini","og_description":"M\u00fasica de la tribu amaz\u00f3nica Nukini: la m\u00fasica, las plantas maestras y la espiritualidad forman parte de su d\u00eda a d\u00eda.","og_url":"https:\/\/www.sinchisinchi.com\/es\/tribus\/rape-nukini\/musica\/","og_site_name":"SINCHI RAP\u00c9","article_publisher":"https:\/\/www.facebook.com\/sinchirape\/","article_modified_time":"2026-03-04T15:15:35+00:00","twitter_card":"summary_large_image","twitter_misc":{"Tiempo de lectura":"1 minuto"},"schema":{"@context":"https:\/\/schema.org","@graph":[{"@type":"WebPage","@id":"https:\/\/www.sinchisinchi.com\/es\/tribus\/rape-nukini\/musica\/","url":"https:\/\/www.sinchisinchi.com\/es\/tribus\/rape-nukini\/musica\/","name":"M\u00fasica de la Tribu Amaz\u00f3nica Nukini","isPartOf":{"@id":"https:\/\/www.sinchisinchi.com\/es\/#website"},"datePublished":"2025-03-14T17:51:33+00:00","dateModified":"2026-03-04T15:15:35+00:00","description":"M\u00fasica de la tribu amaz\u00f3nica Nukini: la m\u00fasica, las plantas maestras y la espiritualidad forman parte de su d\u00eda a d\u00eda.","breadcrumb":{"@id":"https:\/\/www.sinchisinchi.com\/es\/tribus\/rape-nukini\/musica\/#breadcrumb"},"inLanguage":"es","potentialAction":[{"@type":"ReadAction","target":["https:\/\/www.sinchisinchi.com\/es\/tribus\/rape-nukini\/musica\/"]}]},{"@type":"BreadcrumbList","@id":"https:\/\/www.sinchisinchi.com\/es\/tribus\/rape-nukini\/musica\/#breadcrumb","itemListElement":[{"@type":"ListItem","position":1,"name":"Prima pagina","item":"https:\/\/www.sinchisinchi.com\/es\/"},{"@type":"ListItem","position":2,"name":"Tribus Amaz\u00f3nicas","item":"https:\/\/www.sinchisinchi.com\/es\/tribus\/"},{"@type":"ListItem","position":3,"name":"Rap\u00e9 Nukini","item":"https:\/\/www.sinchisinchi.com\/es\/tribus\/rape-nukini\/"},{"@type":"ListItem","position":4,"name":"M\u00fasica"}]},{"@type":"WebSite","@id":"https:\/\/www.sinchisinchi.com\/es\/#website","url":"https:\/\/www.sinchisinchi.com\/es\/","name":"SINCHI","description":"Sinchi Medicine","publisher":{"@id":"https:\/\/www.sinchisinchi.com\/es\/#organization"},"potentialAction":[{"@type":"SearchAction","target":{"@type":"EntryPoint","urlTemplate":"https:\/\/www.sinchisinchi.com\/es\/?s={search_term_string}"},"query-input":{"@type":"PropertyValueSpecification","valueRequired":true,"valueName":"search_term_string"}}],"inLanguage":"es"},{"@type":"Organization","@id":"https:\/\/www.sinchisinchi.com\/es\/#organization","name":"SINCHI S.L","url":"https:\/\/www.sinchisinchi.com\/es\/","logo":{"@type":"ImageObject","inLanguage":"es","@id":"https:\/\/www.sinchisinchi.com\/es\/#\/schema\/logo\/image\/","url":"https:\/\/www.sinchisinchi.com\/wp-content\/uploads\/2026\/01\/3b-Verde-SIMPLIFICADO-HORIZONTAL-F-TRANSPARENTE-scaled.png","contentUrl":"https:\/\/www.sinchisinchi.com\/wp-content\/uploads\/2026\/01\/3b-Verde-SIMPLIFICADO-HORIZONTAL-F-TRANSPARENTE-scaled.png","width":2560,"height":457,"caption":"SINCHI S.L"},"image":{"@id":"https:\/\/www.sinchisinchi.com\/es\/#\/schema\/logo\/image\/"},"sameAs":["https:\/\/www.facebook.com\/sinchirape\/","https:\/\/www.instagram.com\/sinchi_rape\/"]}]}},"_links":{"self":[{"href":"https:\/\/www.sinchisinchi.com\/es\/wp-json\/wp\/v2\/pages\/26674","targetHints":{"allow":["GET"]}}],"collection":[{"href":"https:\/\/www.sinchisinchi.com\/es\/wp-json\/wp\/v2\/pages"}],"about":[{"href":"https:\/\/www.sinchisinchi.com\/es\/wp-json\/wp\/v2\/types\/page"}],"author":[{"embeddable":true,"href":"https:\/\/www.sinchisinchi.com\/es\/wp-json\/wp\/v2\/users\/1"}],"replies":[{"embeddable":true,"href":"https:\/\/www.sinchisinchi.com\/es\/wp-json\/wp\/v2\/comments?post=26674"}],"version-history":[{"count":2,"href":"https:\/\/www.sinchisinchi.com\/es\/wp-json\/wp\/v2\/pages\/26674\/revisions"}],"predecessor-version":[{"id":30148,"href":"https:\/\/www.sinchisinchi.com\/es\/wp-json\/wp\/v2\/pages\/26674\/revisions\/30148"}],"up":[{"embeddable":true,"href":"https:\/\/www.sinchisinchi.com\/es\/wp-json\/wp\/v2\/pages\/3197"}],"wp:attachment":[{"href":"https:\/\/www.sinchisinchi.com\/es\/wp-json\/wp\/v2\/media?parent=26674"}],"curies":[{"name":"wp","href":"https:\/\/api.w.org\/{rel}","templated":true}]}}