{"id":2728,"date":"2023-10-25T21:23:00","date_gmt":"2023-10-25T21:23:00","guid":{"rendered":"https:\/\/www.sinchisinchi.com\/?page_id=2728"},"modified":"2026-03-04T20:01:44","modified_gmt":"2026-03-04T20:01:44","slug":"efectos-del-rape","status":"publish","type":"page","link":"https:\/\/www.sinchisinchi.com\/es\/conocimiento\/rape-significado\/efectos-del-rape\/","title":{"rendered":"Efectos del Rap\u00e9"},"content":{"rendered":"\n<h1 style=\"text-align: center;\"><span style=\"color: #333333;\">Efectos del Rap\u00e9<\/span><\/h1>\n<h2 style=\"text-align: center;\">Beneficios del Rap\u00e9 a nivel energ\u00e9tico y emocional:<\/h2>\n<p style=\"text-align: justify;\">Para las tribus Amaz\u00f3nicas, el rap\u00e9 es una herramienta de poder que limpia la percepci\u00f3n, despeja la mente y abre los canales energ\u00e9ticos superiores, conect\u00e1ndonos con lo m\u00e1s elevado del ser.\u00a0\u00a0\u00a0<\/p>\n<p style=\"text-align: justify;\">Al <strong>detener el dialogo interno,<\/strong> el rap\u00e9 ayuda a estar verdaderamente presente y ver m\u00e1s all\u00e1 de las interpretaciones, induciendo a un estado meditativo directo.\u00a0Es de inestimable ayuda para calmar procesos mentales recurrentes, y para reequilibrar estados emocionales desbalanceados.\u00a0<\/p>\n<p style=\"text-align: justify;\">Bien usado, el rap\u00e9 es una forma directa de <strong>tomar consciencia, desbloquear, y sanar<\/strong> estas cargas energ\u00e9ticas y emocionales que se traducen en miedos, depresiones, ansiedad, sensaci\u00f3n de abandono, celos, frustraci\u00f3n, insomnio, etc.<\/p>\n<p style=\"text-align: justify;\">Es de gran ayuda para tener <strong>claridad mental<\/strong> cuando se requiere una alta concentraci\u00f3n, ya que induce a un estado meditativo.<\/p>\n<p style=\"text-align: justify;\">Al recibir rap\u00e9, la medicina sube limpiando, ordenando y alineando el campo energ\u00e9tico, especialmente los chakras del tercer ojo y coronilla. Las rondas de rap\u00e9 en los c\u00edrculos de medicina, as\u00ed como en las tomas de ayahuasca u otras plantas maestras, sirven para sincronizar y alinear la atenci\u00f3n y la percepci\u00f3n de los participantes.<\/p>\n<div class=\"row\"  id=\"row-2070797243\">\n\n\n\t<div id=\"col-1684770233\" class=\"col medium-6 small-12 large-6\"  >\n\t\t\t\t<div class=\"col-inner\"  >\n\t\t\t\n\t\t\t\n\n\t<div class=\"img has-hover x md-x lg-x y md-y lg-y\" id=\"image_1666778915\">\n\t\t\t\t\t\t\t\t<div class=\"img-inner dark\" >\n\t\t\t<img loading=\"lazy\" decoding=\"async\" width=\"868\" height=\"563\" src=\"https:\/\/www.sinchisinchi.com\/wp-content\/uploads\/2024\/07\/R-dibujos-de-rape2-1.jpg\" class=\"attachment-large size-large\" alt=\"\" srcset=\"https:\/\/www.sinchisinchi.com\/wp-content\/uploads\/2024\/07\/R-dibujos-de-rape2-1.jpg 868w, https:\/\/www.sinchisinchi.com\/wp-content\/uploads\/2024\/07\/R-dibujos-de-rape2-1-600x389.jpg 600w, https:\/\/www.sinchisinchi.com\/wp-content\/uploads\/2024\/07\/R-dibujos-de-rape2-1-768x498.jpg 768w, https:\/\/www.sinchisinchi.com\/wp-content\/uploads\/2024\/07\/R-dibujos-de-rape2-1-247x160.jpg 247w, https:\/\/www.sinchisinchi.com\/wp-content\/uploads\/2024\/07\/R-dibujos-de-rape2-1-510x331.jpg 510w\" sizes=\"auto, (max-width: 868px) 100vw, 868px\" \/>\t\t\t\t\t\t\n\t\t\t\t\t<\/div>\n\t\t\t\t\t\t\t\t\n<style>\n#image_1666778915 {\n  width: 100%;\n}\n<\/style>\n\t<\/div>\n\t\n\n\n\t\t<\/div>\n\t\t\t\t\t<\/div>\n\n\t\n\n\t<div id=\"col-622654955\" class=\"col medium-6 small-12 large-6\"  >\n\t\t\t\t<div class=\"col-inner\"  >\n\t\t\t\n\t\t\t\n\n\t<div class=\"img has-hover x md-x lg-x y md-y lg-y\" id=\"image_1883154801\">\n\t\t\t\t\t\t\t\t<div class=\"img-inner dark\" >\n\t\t\t<img loading=\"lazy\" decoding=\"async\" width=\"868\" height=\"563\" src=\"https:\/\/www.sinchisinchi.com\/wp-content\/uploads\/2024\/07\/R-Flor-del-mapacho2-3.jpg\" class=\"attachment-large size-large\" alt=\"\" srcset=\"https:\/\/www.sinchisinchi.com\/wp-content\/uploads\/2024\/07\/R-Flor-del-mapacho2-3.jpg 868w, https:\/\/www.sinchisinchi.com\/wp-content\/uploads\/2024\/07\/R-Flor-del-mapacho2-3-600x389.jpg 600w, https:\/\/www.sinchisinchi.com\/wp-content\/uploads\/2024\/07\/R-Flor-del-mapacho2-3-768x498.jpg 768w, https:\/\/www.sinchisinchi.com\/wp-content\/uploads\/2024\/07\/R-Flor-del-mapacho2-3-247x160.jpg 247w, https:\/\/www.sinchisinchi.com\/wp-content\/uploads\/2024\/07\/R-Flor-del-mapacho2-3-510x331.jpg 510w\" sizes=\"auto, (max-width: 868px) 100vw, 868px\" \/>\t\t\t\t\t\t\n\t\t\t\t\t<\/div>\n\t\t\t\t\t\t\t\t\n<style>\n#image_1883154801 {\n  width: 100%;\n}\n<\/style>\n\t<\/div>\n\t\n\n\n\t\t<\/div>\n\t\t\t\t\t<\/div>\n\n\t\n\n<\/div>\n<div style=\"\u201dtext-align: justify;\">\n<h2 style=\"text-align: center;\">Beneficios del Rap\u00e9 a nivel f\u00edsico:<\/h2>\n<p style=\"text-align: justify;\">Los <strong>efectos<\/strong>\u00a0del Rap\u00e9 a nivel f\u00edsico son tambi\u00e9n valiosos: Es muy eficaz en el trato de problemas del sistema respiratorio, especialmente sinusitis, bronquitis cr\u00f3nica, neumon\u00eda y tuberculosis.\u00a0 Es eficaz\u00a0 tambi\u00e9n contra dolores de cabeza persistentes, migra\u00f1as, problemas del sistema digestivo y alergias.<\/p>\n<p style=\"text-align: justify;\">\u00a0El Rap\u00e9 tambi\u00e9n <strong>inmuniza<\/strong> contra enfermedades del sistema respiratorio, es un poderoso analg\u00e9sico, eliminando dolores de cabeza y cuerpo, y es relajante y antit\u00e9rmico.<\/p>\n<p style=\"text-align: justify;\">Una parte se puede hacer\u00a0 descender al sistema digestivo, donde desparasita y contribuye a limpiar el est\u00f3mago y los intestinos. Como parte de esta limpieza, se puede llegar a vomitar.<\/p>\n<p style=\"text-align: justify;\">Adem\u00e1s, se sabe que <strong>el Rap\u00e9 act\u00faa sobre la gl\u00e1ndula pineal<\/strong>. La terapeuta gestalt y especialista en el uso de las plantas medicinales Hendara Rico, cont\u00f3 al diario Efe que \u00abLa gl\u00e1ndula Pineal, a trav\u00e9s de algunas sustancias de uso diario como el fl\u00faor, se va calcificando y adormeciendo, y el rap\u00e9 act\u00faa descalcificando esa gl\u00e1ndula\u00bb<\/p>\n<p style=\"text-align: justify;\">Ayuda a reiniciar el ciclo de limpieza de los pulmones y genera la expulsi\u00f3n de flema y cuerpos extra\u00f1os; \u00a0es muy recomendado para quienes sufren asma.<\/p>\n<p style=\"text-align: justify;\">El rap\u00e9\u00a0\u00a0tambi\u00e9n se usa como una sustancia analg\u00e9sica\u00a0 que alivia la fatiga, el dolor, el hambre y la sed.<\/p>\n<p style=\"text-align: justify;\">El rap\u00e9 a base de mapacho contiene nicotina, por lo que su uso aumenta el flujo sangu\u00edneo del cerebro y afecta la liberaci\u00f3n de varios neurotransmisores que conducen a efectos antidepresivos y estimulantes.<\/p>\n<p style=\"text-align: justify;\">Tambi\u00e9n es un excelente <strong>cicatrizante y antibi\u00f3tico<\/strong> aplicado sobre heridas, especialmente los que contienen salvia y lavanda.<\/p>\n<\/div>\n<div class=\"row\"  id=\"row-171112102\">\n\n\n\t<div id=\"col-534352185\" class=\"col medium-6 small-12 large-6\"  >\n\t\t\t\t<div class=\"col-inner\"  >\n\t\t\t\n\t\t\t\n\n\t<div class=\"img has-hover x md-x lg-x y md-y lg-y\" id=\"image_333746248\">\n\t\t\t\t\t\t\t\t<div class=\"img-inner dark\" >\n\t\t\t<img loading=\"lazy\" decoding=\"async\" width=\"868\" height=\"563\" src=\"https:\/\/www.sinchisinchi.com\/wp-content\/uploads\/2024\/07\/R-toma-de-rape3-1.jpg\" class=\"attachment-large size-large\" alt=\"\" srcset=\"https:\/\/www.sinchisinchi.com\/wp-content\/uploads\/2024\/07\/R-toma-de-rape3-1.jpg 868w, https:\/\/www.sinchisinchi.com\/wp-content\/uploads\/2024\/07\/R-toma-de-rape3-1-600x389.jpg 600w, https:\/\/www.sinchisinchi.com\/wp-content\/uploads\/2024\/07\/R-toma-de-rape3-1-768x498.jpg 768w, https:\/\/www.sinchisinchi.com\/wp-content\/uploads\/2024\/07\/R-toma-de-rape3-1-247x160.jpg 247w, https:\/\/www.sinchisinchi.com\/wp-content\/uploads\/2024\/07\/R-toma-de-rape3-1-510x331.jpg 510w\" sizes=\"auto, (max-width: 868px) 100vw, 868px\" \/>\t\t\t\t\t\t\n\t\t\t\t\t<\/div>\n\t\t\t\t\t\t\t\t\n<style>\n#image_333746248 {\n  width: 100%;\n}\n<\/style>\n\t<\/div>\n\t\n\n\n\t\t<\/div>\n\t\t\t\t\t<\/div>\n\n\t\n\n\t<div id=\"col-1215321759\" class=\"col medium-6 small-12 large-6\"  >\n\t\t\t\t<div class=\"col-inner\"  >\n\t\t\t\n\t\t\t\n\n\t<div class=\"img has-hover x md-x lg-x y md-y lg-y\" id=\"image_1876752586\">\n\t\t\t\t\t\t\t\t<div class=\"img-inner dark\" >\n\t\t\t<img loading=\"lazy\" decoding=\"async\" width=\"868\" height=\"563\" src=\"https:\/\/www.sinchisinchi.com\/wp-content\/uploads\/2024\/07\/R-historia-del-tabaco1-1.jpg\" class=\"attachment-large size-large\" alt=\"\" srcset=\"https:\/\/www.sinchisinchi.com\/wp-content\/uploads\/2024\/07\/R-historia-del-tabaco1-1.jpg 868w, https:\/\/www.sinchisinchi.com\/wp-content\/uploads\/2024\/07\/R-historia-del-tabaco1-1-600x389.jpg 600w, https:\/\/www.sinchisinchi.com\/wp-content\/uploads\/2024\/07\/R-historia-del-tabaco1-1-768x498.jpg 768w, https:\/\/www.sinchisinchi.com\/wp-content\/uploads\/2024\/07\/R-historia-del-tabaco1-1-247x160.jpg 247w, https:\/\/www.sinchisinchi.com\/wp-content\/uploads\/2024\/07\/R-historia-del-tabaco1-1-510x331.jpg 510w\" sizes=\"auto, (max-width: 868px) 100vw, 868px\" \/>\t\t\t\t\t\t\n\t\t\t\t\t<\/div>\n\t\t\t\t\t\t\t\t\n<style>\n#image_1876752586 {\n  width: 100%;\n}\n<\/style>\n\t<\/div>\n\t\n\n\n\t\t<\/div>\n\t\t\t\t\t<\/div>\n\n\t\n\n<\/div>\n\t<div id=\"gap-1619411763\" class=\"gap-element clearfix\" style=\"display:block; height:auto;\">\n\t\t\n<style>\n#gap-1619411763 {\n  padding-top: 30px;\n}\n<\/style>\n\t<\/div>\n\t\n\n<div class=\"row align-bottom\"  id=\"row-997783369\">\n\n\n\t<div id=\"col-2052185825\" class=\"col medium-4 small-12 large-4\"  >\n\t\t\t\t<div class=\"col-inner\"  >\n\t\t\t\n\t\t\t\n\n\n\t\t<\/div>\n\t\t\t\t\t<\/div>\n\n\t\n\n\t<div id=\"col-1209276483\" class=\"col medium-4 small-12 large-4\"  >\n\t\t\t\t<div class=\"col-inner\"  >\n\t\t\t\n\t\t\t\n\n<a href=\"https:\/\/www.sinchisinchi.com\/es\/conocimiento\/rape-significado\/ritual-de-rape\/\" class=\"button primary is-underline reveal-icon expand\" >\n\t\t<span>seguir leyendo<\/span>\n\t<i class=\"icon-angle-right\" aria-hidden=\"true\"><\/i><\/a>\n\n\n\n\t\t<\/div>\n\t\t\t\t\t<\/div>\n\n\t\n\n\t<div id=\"col-554912261\" class=\"col medium-4 small-12 large-4\"  >\n\t\t\t\t<div class=\"col-inner\"  >\n\t\t\t\n\t\t\t\n\n\n\t\t<\/div>\n\t\t\t\t\t<\/div>\n\n\t\n\n<\/div>\n\n","protected":false},"excerpt":{"rendered":"","protected":false},"author":1,"featured_media":0,"parent":2714,"menu_order":0,"comment_status":"closed","ping_status":"closed","template":"","meta":{"_joinchat":[],"footnotes":""},"class_list":["post-2728","page","type-page","status-publish","hentry"],"yoast_head":"<!-- This site is optimized with the Yoast SEO plugin v27.4 - https:\/\/yoast.com\/product\/yoast-seo-wordpress\/ -->\n<title>Efectos del Rap\u00e9: Poderes f\u00edsicos y espirituales del Rap\u00e9<\/title>\n<meta name=\"description\" content=\"Efectos del Rap\u00e9: El rap\u00e9 es una herramienta de poder que limpia nuestra percepci\u00f3n, despeja la mente y favorece la conexi\u00f3n.\" \/>\n<meta name=\"robots\" content=\"index, follow, max-snippet:-1, max-image-preview:large, max-video-preview:-1\" \/>\n<link rel=\"canonical\" href=\"https:\/\/www.sinchisinchi.com\/es\/conocimiento\/rape-significado\/efectos-del-rape\/\" \/>\n<meta property=\"og:locale\" content=\"es_ES\" \/>\n<meta property=\"og:type\" content=\"article\" \/>\n<meta property=\"og:title\" content=\"Efectos del Rap\u00e9: Poderes f\u00edsicos y espirituales del Rap\u00e9\" \/>\n<meta property=\"og:description\" content=\"Efectos del Rap\u00e9: El rap\u00e9 es una herramienta de poder que limpia nuestra percepci\u00f3n, despeja la mente y favorece la conexi\u00f3n.\" \/>\n<meta property=\"og:url\" content=\"https:\/\/www.sinchisinchi.com\/es\/conocimiento\/rape-significado\/efectos-del-rape\/\" \/>\n<meta property=\"og:site_name\" content=\"SINCHI RAP\u00c9\" \/>\n<meta property=\"article:publisher\" content=\"https:\/\/www.facebook.com\/sinchirape\/\" \/>\n<meta property=\"article:modified_time\" content=\"2026-03-04T20:01:44+00:00\" \/>\n<meta name=\"twitter:card\" content=\"summary_large_image\" \/>\n<meta name=\"twitter:label1\" content=\"Tiempo de lectura\" \/>\n\t<meta name=\"twitter:data1\" content=\"3 minutos\" \/>\n<script type=\"application\/ld+json\" class=\"yoast-schema-graph\">{\"@context\":\"https:\\\/\\\/schema.org\",\"@graph\":[{\"@type\":\"WebPage\",\"@id\":\"https:\\\/\\\/www.sinchisinchi.com\\\/es\\\/conocimiento\\\/rape-significado\\\/efectos-del-rape\\\/\",\"url\":\"https:\\\/\\\/www.sinchisinchi.com\\\/es\\\/conocimiento\\\/rape-significado\\\/efectos-del-rape\\\/\",\"name\":\"Efectos del Rap\u00e9: Poderes f\u00edsicos y espirituales del Rap\u00e9\",\"isPartOf\":{\"@id\":\"https:\\\/\\\/www.sinchisinchi.com\\\/es\\\/#website\"},\"datePublished\":\"2023-10-25T21:23:00+00:00\",\"dateModified\":\"2026-03-04T20:01:44+00:00\",\"description\":\"Efectos del Rap\u00e9: El rap\u00e9 es una herramienta de poder que limpia nuestra percepci\u00f3n, despeja la mente y favorece la conexi\u00f3n.\",\"breadcrumb\":{\"@id\":\"https:\\\/\\\/www.sinchisinchi.com\\\/es\\\/conocimiento\\\/rape-significado\\\/efectos-del-rape\\\/#breadcrumb\"},\"inLanguage\":\"es\",\"potentialAction\":[{\"@type\":\"ReadAction\",\"target\":[\"https:\\\/\\\/www.sinchisinchi.com\\\/es\\\/conocimiento\\\/rape-significado\\\/efectos-del-rape\\\/\"]}]},{\"@type\":\"BreadcrumbList\",\"@id\":\"https:\\\/\\\/www.sinchisinchi.com\\\/es\\\/conocimiento\\\/rape-significado\\\/efectos-del-rape\\\/#breadcrumb\",\"itemListElement\":[{\"@type\":\"ListItem\",\"position\":1,\"name\":\"Prima pagina\",\"item\":\"https:\\\/\\\/www.sinchisinchi.com\\\/es\\\/\"},{\"@type\":\"ListItem\",\"position\":2,\"name\":\"Conocimiento\",\"item\":\"https:\\\/\\\/www.sinchisinchi.com\\\/es\\\/conocimiento\\\/\"},{\"@type\":\"ListItem\",\"position\":3,\"name\":\"Que es el Rap\u00e9\",\"item\":\"https:\\\/\\\/www.sinchisinchi.com\\\/es\\\/conocimiento\\\/rape-significado\\\/\"},{\"@type\":\"ListItem\",\"position\":4,\"name\":\"Efectos del Rap\u00e9\"}]},{\"@type\":\"WebSite\",\"@id\":\"https:\\\/\\\/www.sinchisinchi.com\\\/es\\\/#website\",\"url\":\"https:\\\/\\\/www.sinchisinchi.com\\\/es\\\/\",\"name\":\"SINCHI\",\"description\":\"Sinchi Medicine\",\"publisher\":{\"@id\":\"https:\\\/\\\/www.sinchisinchi.com\\\/es\\\/#organization\"},\"potentialAction\":[{\"@type\":\"SearchAction\",\"target\":{\"@type\":\"EntryPoint\",\"urlTemplate\":\"https:\\\/\\\/www.sinchisinchi.com\\\/es\\\/?s={search_term_string}\"},\"query-input\":{\"@type\":\"PropertyValueSpecification\",\"valueRequired\":true,\"valueName\":\"search_term_string\"}}],\"inLanguage\":\"es\"},{\"@type\":\"Organization\",\"@id\":\"https:\\\/\\\/www.sinchisinchi.com\\\/es\\\/#organization\",\"name\":\"SINCHI S.L\",\"url\":\"https:\\\/\\\/www.sinchisinchi.com\\\/es\\\/\",\"logo\":{\"@type\":\"ImageObject\",\"inLanguage\":\"es\",\"@id\":\"https:\\\/\\\/www.sinchisinchi.com\\\/es\\\/#\\\/schema\\\/logo\\\/image\\\/\",\"url\":\"https:\\\/\\\/www.sinchisinchi.com\\\/wp-content\\\/uploads\\\/2026\\\/01\\\/3b-Verde-SIMPLIFICADO-HORIZONTAL-F-TRANSPARENTE-scaled.png\",\"contentUrl\":\"https:\\\/\\\/www.sinchisinchi.com\\\/wp-content\\\/uploads\\\/2026\\\/01\\\/3b-Verde-SIMPLIFICADO-HORIZONTAL-F-TRANSPARENTE-scaled.png\",\"width\":2560,\"height\":457,\"caption\":\"SINCHI S.L\"},\"image\":{\"@id\":\"https:\\\/\\\/www.sinchisinchi.com\\\/es\\\/#\\\/schema\\\/logo\\\/image\\\/\"},\"sameAs\":[\"https:\\\/\\\/www.facebook.com\\\/sinchirape\\\/\",\"https:\\\/\\\/www.instagram.com\\\/sinchi_rape\\\/\"]}]}<\/script>\n<!-- \/ Yoast SEO plugin. -->","yoast_head_json":{"title":"Efectos del Rap\u00e9: Poderes f\u00edsicos y espirituales del Rap\u00e9","description":"Efectos del Rap\u00e9: El rap\u00e9 es una herramienta de poder que limpia nuestra percepci\u00f3n, despeja la mente y favorece la conexi\u00f3n.","robots":{"index":"index","follow":"follow","max-snippet":"max-snippet:-1","max-image-preview":"max-image-preview:large","max-video-preview":"max-video-preview:-1"},"canonical":"https:\/\/www.sinchisinchi.com\/es\/conocimiento\/rape-significado\/efectos-del-rape\/","og_locale":"es_ES","og_type":"article","og_title":"Efectos del Rap\u00e9: Poderes f\u00edsicos y espirituales del Rap\u00e9","og_description":"Efectos del Rap\u00e9: El rap\u00e9 es una herramienta de poder que limpia nuestra percepci\u00f3n, despeja la mente y favorece la conexi\u00f3n.","og_url":"https:\/\/www.sinchisinchi.com\/es\/conocimiento\/rape-significado\/efectos-del-rape\/","og_site_name":"SINCHI RAP\u00c9","article_publisher":"https:\/\/www.facebook.com\/sinchirape\/","article_modified_time":"2026-03-04T20:01:44+00:00","twitter_card":"summary_large_image","twitter_misc":{"Tiempo de lectura":"3 minutos"},"schema":{"@context":"https:\/\/schema.org","@graph":[{"@type":"WebPage","@id":"https:\/\/www.sinchisinchi.com\/es\/conocimiento\/rape-significado\/efectos-del-rape\/","url":"https:\/\/www.sinchisinchi.com\/es\/conocimiento\/rape-significado\/efectos-del-rape\/","name":"Efectos del Rap\u00e9: Poderes f\u00edsicos y espirituales del Rap\u00e9","isPartOf":{"@id":"https:\/\/www.sinchisinchi.com\/es\/#website"},"datePublished":"2023-10-25T21:23:00+00:00","dateModified":"2026-03-04T20:01:44+00:00","description":"Efectos del Rap\u00e9: El rap\u00e9 es una herramienta de poder que limpia nuestra percepci\u00f3n, despeja la mente y favorece la conexi\u00f3n.","breadcrumb":{"@id":"https:\/\/www.sinchisinchi.com\/es\/conocimiento\/rape-significado\/efectos-del-rape\/#breadcrumb"},"inLanguage":"es","potentialAction":[{"@type":"ReadAction","target":["https:\/\/www.sinchisinchi.com\/es\/conocimiento\/rape-significado\/efectos-del-rape\/"]}]},{"@type":"BreadcrumbList","@id":"https:\/\/www.sinchisinchi.com\/es\/conocimiento\/rape-significado\/efectos-del-rape\/#breadcrumb","itemListElement":[{"@type":"ListItem","position":1,"name":"Prima pagina","item":"https:\/\/www.sinchisinchi.com\/es\/"},{"@type":"ListItem","position":2,"name":"Conocimiento","item":"https:\/\/www.sinchisinchi.com\/es\/conocimiento\/"},{"@type":"ListItem","position":3,"name":"Que es el Rap\u00e9","item":"https:\/\/www.sinchisinchi.com\/es\/conocimiento\/rape-significado\/"},{"@type":"ListItem","position":4,"name":"Efectos del Rap\u00e9"}]},{"@type":"WebSite","@id":"https:\/\/www.sinchisinchi.com\/es\/#website","url":"https:\/\/www.sinchisinchi.com\/es\/","name":"SINCHI","description":"Sinchi Medicine","publisher":{"@id":"https:\/\/www.sinchisinchi.com\/es\/#organization"},"potentialAction":[{"@type":"SearchAction","target":{"@type":"EntryPoint","urlTemplate":"https:\/\/www.sinchisinchi.com\/es\/?s={search_term_string}"},"query-input":{"@type":"PropertyValueSpecification","valueRequired":true,"valueName":"search_term_string"}}],"inLanguage":"es"},{"@type":"Organization","@id":"https:\/\/www.sinchisinchi.com\/es\/#organization","name":"SINCHI S.L","url":"https:\/\/www.sinchisinchi.com\/es\/","logo":{"@type":"ImageObject","inLanguage":"es","@id":"https:\/\/www.sinchisinchi.com\/es\/#\/schema\/logo\/image\/","url":"https:\/\/www.sinchisinchi.com\/wp-content\/uploads\/2026\/01\/3b-Verde-SIMPLIFICADO-HORIZONTAL-F-TRANSPARENTE-scaled.png","contentUrl":"https:\/\/www.sinchisinchi.com\/wp-content\/uploads\/2026\/01\/3b-Verde-SIMPLIFICADO-HORIZONTAL-F-TRANSPARENTE-scaled.png","width":2560,"height":457,"caption":"SINCHI S.L"},"image":{"@id":"https:\/\/www.sinchisinchi.com\/es\/#\/schema\/logo\/image\/"},"sameAs":["https:\/\/www.facebook.com\/sinchirape\/","https:\/\/www.instagram.com\/sinchi_rape\/"]}]}},"_links":{"self":[{"href":"https:\/\/www.sinchisinchi.com\/es\/wp-json\/wp\/v2\/pages\/2728","targetHints":{"allow":["GET"]}}],"collection":[{"href":"https:\/\/www.sinchisinchi.com\/es\/wp-json\/wp\/v2\/pages"}],"about":[{"href":"https:\/\/www.sinchisinchi.com\/es\/wp-json\/wp\/v2\/types\/page"}],"author":[{"embeddable":true,"href":"https:\/\/www.sinchisinchi.com\/es\/wp-json\/wp\/v2\/users\/1"}],"replies":[{"embeddable":true,"href":"https:\/\/www.sinchisinchi.com\/es\/wp-json\/wp\/v2\/comments?post=2728"}],"version-history":[{"count":1,"href":"https:\/\/www.sinchisinchi.com\/es\/wp-json\/wp\/v2\/pages\/2728\/revisions"}],"predecessor-version":[{"id":30238,"href":"https:\/\/www.sinchisinchi.com\/es\/wp-json\/wp\/v2\/pages\/2728\/revisions\/30238"}],"up":[{"embeddable":true,"href":"https:\/\/www.sinchisinchi.com\/es\/wp-json\/wp\/v2\/pages\/2714"}],"wp:attachment":[{"href":"https:\/\/www.sinchisinchi.com\/es\/wp-json\/wp\/v2\/media?parent=2728"}],"curies":[{"name":"wp","href":"https:\/\/api.w.org\/{rel}","templated":true}]}}