{"id":6963,"date":"2022-12-01T22:33:09","date_gmt":"2022-12-01T22:33:09","guid":{"rendered":"https:\/\/www.sinchisinchi.com\/terminos-y-condiciones\/"},"modified":"2024-07-15T13:58:00","modified_gmt":"2024-07-15T13:58:00","slug":"terminos-y-condiciones","status":"publish","type":"page","link":"https:\/\/www.sinchisinchi.com\/es\/terminos-y-condiciones\/","title":{"rendered":"T\u00e9rminos y condiciones"},"content":{"rendered":"\n<h2 style=\"font-weight: 400; text-align: center;\"><strong>ENV\u00cdO Y DEVOLUCIONES<\/strong><\/h2>\n<h3 style=\"font-weight: 400; text-align: center;\"><strong>Destinos de los env\u00edos<\/strong><\/h3>\n<p style=\"font-weight: 400;\">Actualmente no se excluye ning\u00fan destino de env\u00edo.<\/p>\n<h3 style=\"font-weight: 400; text-align: center;\"><strong>Gastos de Env\u00edo<\/strong><\/h3>\n<p style=\"font-weight: 400;\">Los gastos de env\u00edo ser\u00e1n:<\/p>\n<ul style=\"font-weight: 400;\">\n<li>8\u20ac para env\u00edo nacional.<\/li>\n<\/ul>\n<ul style=\"font-weight: 400;\">\n<li>12\u20ac para env\u00edo nacional con procesado urgente en 24 \/ 48 horas.<\/li>\n<\/ul>\n<p style=\"font-weight: 400;\">(Este modo de env\u00edo incluye una preferencia de procesado, generalmente de 24 o 48 horas, que podr\u00eda ser superior dependiendo de la lista de espera existente u otras causas similares).<\/p>\n<p style=\"font-weight: 400;\">Este tiempo no incluye el tiempo de env\u00edo por parte de la mensajer\u00eda, generalmente de 24 horas a territorio Nacional, que puede ser superior dependiendo de causas internas o externas a la mensajer\u00eda.<\/p>\n<p style=\"font-weight: 400;\">Igualmente, el tiempo de env\u00edo puede ser superior para env\u00edos a Islas o lugares que por su localizaci\u00f3n requieren de un mayor tiempo de env\u00edo.<\/p>\n<ul style=\"font-weight: 400;\">\n<li>15\u20ac para env\u00edos al resto de pa\u00edses de Europa<\/li>\n<li>20\u20ac para env\u00edos intercontinentales<\/li>\n<\/ul>\n<p style=\"font-weight: 400;\">El servicio de transporte y entrega se realizar\u00e1 mediante empresas de mensajer\u00eda y paqueter\u00eda.<\/p>\n<p style=\"font-weight: 400;\">Los precios pueden cambiar en cualquier momento, pero los posibles cambios no afectar\u00e1n a las compras de las que el usuario haya recibido confirmaci\u00f3n del pedido y el pago se haya completado.<\/p>\n<h3 style=\"font-weight: 400; text-align: center;\"><strong>Frecuencia de env\u00edo:<\/strong><\/h3>\n<p style=\"font-weight: 400;\">Salvo excepciones, los env\u00edos se realizan de lunes a jueves, incluidos; por lo que los env\u00edos recibidos los jueves por la tarde o viernes, ser\u00e1n enviados por lo general el lunes.<\/p>\n<h3 style=\"font-weight: 400; text-align: center;\"><strong>Forma de pago:<\/strong><\/h3>\n<p style=\"font-weight: 400;\">Los medios de pago aceptados son: transferencia bancaria y tarjeta bancaria.<\/p>\n<p style=\"font-weight: 400;\">El pago mediante tarjeta de pago bancaria se realiza a trav\u00e9s de pasarela de pago segura. Las tarjetas bancarias estar\u00e1n sujetas a comprobaci\u00f3n y autorizaci\u00f3n por parte de la entidad financiera gestora del medio de pago, si dicha entidad no autorizase el pago SINCHI S.L. no podr\u00e1 formalizar el pedido. Cualquier reclamaci\u00f3n sobre la falta de operatividad de la tarjeta bancaria debe el usuario realizarla ante su entidad financiera.<\/p>\n<h3 style=\"font-weight: 400; text-align: center;\"><strong>Plazo de Entrega:<\/strong><\/h3>\n<p style=\"font-weight: 400;\">Las entregas se efect\u00faan en el \u00e1mbito del territorio nacional en el plazo se\u00f1alado en el sitio web y en todo caso en el plazo m\u00e1ximo de 15 a 20 d\u00edas naturales a contar desde la fecha de la confirmaci\u00f3n del pedido. En el caso de env\u00edos intercontinentales, el plazo m\u00e1ximo es de tres a cinco semanas desde la fecha de confirmaci\u00f3n del pedido.<\/p>\n<p style=\"font-weight: 400;\">Si por alg\u00fan motivo el cual le fuera imputable a SINCHI S.L. no pudiera cumplir con la fecha de entrega, contactar\u00e1 con el usuario para informarle de estas circunstancias estableciendo una nueva fecha de entrega o en su caso la anulaci\u00f3n del pedido y el reembolso del importe.<\/p>\n<h3 style=\"font-weight: 400; text-align: center;\"><strong>Derechos del comprador:<\/strong><\/h3>\n<p style=\"font-weight: 400;\">Al usuario que adquiere productos en el sitio web le asisten una serie de derechos descritos a continuaci\u00f3n:<\/p>\n<ul style=\"font-weight: 400;\">\n<li>Derecho de desistimiento.\u00a0 El usuario, tiene un plazo de 14 d\u00edas naturales desde la recepci\u00f3n del pedido sin necesidad de justificaci\u00f3n para ejercer este derecho. El usuario debe notificar su decisi\u00f3n a hola@sinchisinchi.com. El importe de la compra se reembolsar\u00e1 por el mismo medio de pago utilizado en su adquisici\u00f3n y una vez SINCHI S.L. haya recibido los productos, verificado su correcto estado; o el usuario presente una prueba de devoluci\u00f3n de los mismos. En cualquier caso, ser\u00e1 el usuario quien asuma los gastos de la devoluci\u00f3n.<\/li>\n<\/ul>\n<p style=\"font-weight: 400;\">El usuario reconoce saber que existen excepciones al derecho de desistimiento tal y como se recoge en el art\u00edculo 103 del RD 1\/2007 de 16 de noviembre por el que se aprueba el texto refundido del LG para la defensa de consumidores y usuarios y otras leyes complementarias, de forma enunciativa este ser\u00eda el caso de productos personalizados, productos que puedan deteriorarse o caducar con rapidez, productos precintados por razones de higiene y\/ o salud etc.<\/p>\n<p style=\"font-weight: 400;\">Puede solicitar un modelo de derecho de desistimiento aqu\u00ed.<\/p>\n<ul style=\"font-weight: 400;\">\n<li>No se admitir\u00e1n devoluciones del producto; salvo en aquellos casos estrictamente previstos por la ley.<\/li>\n<\/ul>\n<p style=\"font-weight: 400;\">Puede solicitar un modelo de hoja de reclamaciones aqu\u00ed.<\/p>\n\n","protected":false},"excerpt":{"rendered":"","protected":false},"author":1,"featured_media":0,"parent":0,"menu_order":0,"comment_status":"closed","ping_status":"closed","template":"","meta":{"_joinchat":[],"footnotes":""},"class_list":["post-6963","page","type-page","status-publish","hentry"],"yoast_head":"<!-- This site is optimized with the Yoast SEO plugin v27.4 - https:\/\/yoast.com\/product\/yoast-seo-wordpress\/ -->\n<title>T\u00e9rminos y condiciones - SINCHI RAP\u00c9<\/title>\n<meta name=\"robots\" content=\"index, follow, max-snippet:-1, max-image-preview:large, max-video-preview:-1\" \/>\n<link rel=\"canonical\" href=\"https:\/\/www.sinchisinchi.com\/es\/terminos-y-condiciones\/\" \/>\n<meta property=\"og:locale\" content=\"es_ES\" \/>\n<meta property=\"og:type\" content=\"article\" \/>\n<meta property=\"og:title\" content=\"T\u00e9rminos y condiciones - SINCHI RAP\u00c9\" \/>\n<meta property=\"og:url\" content=\"https:\/\/www.sinchisinchi.com\/es\/terminos-y-condiciones\/\" \/>\n<meta property=\"og:site_name\" content=\"SINCHI RAP\u00c9\" \/>\n<meta property=\"article:publisher\" content=\"https:\/\/www.facebook.com\/sinchirape\/\" \/>\n<meta property=\"article:modified_time\" content=\"2024-07-15T13:58:00+00:00\" \/>\n<meta name=\"twitter:card\" content=\"summary_large_image\" \/>\n<meta name=\"twitter:label1\" content=\"Tiempo de lectura\" \/>\n\t<meta name=\"twitter:data1\" content=\"3 minutos\" \/>\n<script type=\"application\/ld+json\" class=\"yoast-schema-graph\">{\"@context\":\"https:\\\/\\\/schema.org\",\"@graph\":[{\"@type\":\"WebPage\",\"@id\":\"https:\\\/\\\/www.sinchisinchi.com\\\/es\\\/terminos-y-condiciones\\\/\",\"url\":\"https:\\\/\\\/www.sinchisinchi.com\\\/es\\\/terminos-y-condiciones\\\/\",\"name\":\"T\u00e9rminos y condiciones - SINCHI RAP\u00c9\",\"isPartOf\":{\"@id\":\"https:\\\/\\\/www.sinchisinchi.com\\\/es\\\/#website\"},\"datePublished\":\"2022-12-01T22:33:09+00:00\",\"dateModified\":\"2024-07-15T13:58:00+00:00\",\"breadcrumb\":{\"@id\":\"https:\\\/\\\/www.sinchisinchi.com\\\/es\\\/terminos-y-condiciones\\\/#breadcrumb\"},\"inLanguage\":\"es\",\"potentialAction\":[{\"@type\":\"ReadAction\",\"target\":[\"https:\\\/\\\/www.sinchisinchi.com\\\/es\\\/terminos-y-condiciones\\\/\"]}]},{\"@type\":\"BreadcrumbList\",\"@id\":\"https:\\\/\\\/www.sinchisinchi.com\\\/es\\\/terminos-y-condiciones\\\/#breadcrumb\",\"itemListElement\":[{\"@type\":\"ListItem\",\"position\":1,\"name\":\"Prima pagina\",\"item\":\"https:\\\/\\\/www.sinchisinchi.com\\\/es\\\/\"},{\"@type\":\"ListItem\",\"position\":2,\"name\":\"T\u00e9rminos y condiciones\"}]},{\"@type\":\"WebSite\",\"@id\":\"https:\\\/\\\/www.sinchisinchi.com\\\/es\\\/#website\",\"url\":\"https:\\\/\\\/www.sinchisinchi.com\\\/es\\\/\",\"name\":\"SINCHI\",\"description\":\"Sinchi Medicine\",\"publisher\":{\"@id\":\"https:\\\/\\\/www.sinchisinchi.com\\\/es\\\/#organization\"},\"potentialAction\":[{\"@type\":\"SearchAction\",\"target\":{\"@type\":\"EntryPoint\",\"urlTemplate\":\"https:\\\/\\\/www.sinchisinchi.com\\\/es\\\/?s={search_term_string}\"},\"query-input\":{\"@type\":\"PropertyValueSpecification\",\"valueRequired\":true,\"valueName\":\"search_term_string\"}}],\"inLanguage\":\"es\"},{\"@type\":\"Organization\",\"@id\":\"https:\\\/\\\/www.sinchisinchi.com\\\/es\\\/#organization\",\"name\":\"SINCHI S.L\",\"url\":\"https:\\\/\\\/www.sinchisinchi.com\\\/es\\\/\",\"logo\":{\"@type\":\"ImageObject\",\"inLanguage\":\"es\",\"@id\":\"https:\\\/\\\/www.sinchisinchi.com\\\/es\\\/#\\\/schema\\\/logo\\\/image\\\/\",\"url\":\"https:\\\/\\\/www.sinchisinchi.com\\\/wp-content\\\/uploads\\\/2026\\\/01\\\/3b-Verde-SIMPLIFICADO-HORIZONTAL-F-TRANSPARENTE-scaled.png\",\"contentUrl\":\"https:\\\/\\\/www.sinchisinchi.com\\\/wp-content\\\/uploads\\\/2026\\\/01\\\/3b-Verde-SIMPLIFICADO-HORIZONTAL-F-TRANSPARENTE-scaled.png\",\"width\":2560,\"height\":457,\"caption\":\"SINCHI S.L\"},\"image\":{\"@id\":\"https:\\\/\\\/www.sinchisinchi.com\\\/es\\\/#\\\/schema\\\/logo\\\/image\\\/\"},\"sameAs\":[\"https:\\\/\\\/www.facebook.com\\\/sinchirape\\\/\",\"https:\\\/\\\/www.instagram.com\\\/sinchi_rape\\\/\"]}]}<\/script>\n<!-- \/ Yoast SEO plugin. -->","yoast_head_json":{"title":"T\u00e9rminos y condiciones - SINCHI RAP\u00c9","robots":{"index":"index","follow":"follow","max-snippet":"max-snippet:-1","max-image-preview":"max-image-preview:large","max-video-preview":"max-video-preview:-1"},"canonical":"https:\/\/www.sinchisinchi.com\/es\/terminos-y-condiciones\/","og_locale":"es_ES","og_type":"article","og_title":"T\u00e9rminos y condiciones - SINCHI RAP\u00c9","og_url":"https:\/\/www.sinchisinchi.com\/es\/terminos-y-condiciones\/","og_site_name":"SINCHI RAP\u00c9","article_publisher":"https:\/\/www.facebook.com\/sinchirape\/","article_modified_time":"2024-07-15T13:58:00+00:00","twitter_card":"summary_large_image","twitter_misc":{"Tiempo de lectura":"3 minutos"},"schema":{"@context":"https:\/\/schema.org","@graph":[{"@type":"WebPage","@id":"https:\/\/www.sinchisinchi.com\/es\/terminos-y-condiciones\/","url":"https:\/\/www.sinchisinchi.com\/es\/terminos-y-condiciones\/","name":"T\u00e9rminos y condiciones - SINCHI RAP\u00c9","isPartOf":{"@id":"https:\/\/www.sinchisinchi.com\/es\/#website"},"datePublished":"2022-12-01T22:33:09+00:00","dateModified":"2024-07-15T13:58:00+00:00","breadcrumb":{"@id":"https:\/\/www.sinchisinchi.com\/es\/terminos-y-condiciones\/#breadcrumb"},"inLanguage":"es","potentialAction":[{"@type":"ReadAction","target":["https:\/\/www.sinchisinchi.com\/es\/terminos-y-condiciones\/"]}]},{"@type":"BreadcrumbList","@id":"https:\/\/www.sinchisinchi.com\/es\/terminos-y-condiciones\/#breadcrumb","itemListElement":[{"@type":"ListItem","position":1,"name":"Prima pagina","item":"https:\/\/www.sinchisinchi.com\/es\/"},{"@type":"ListItem","position":2,"name":"T\u00e9rminos y condiciones"}]},{"@type":"WebSite","@id":"https:\/\/www.sinchisinchi.com\/es\/#website","url":"https:\/\/www.sinchisinchi.com\/es\/","name":"SINCHI","description":"Sinchi Medicine","publisher":{"@id":"https:\/\/www.sinchisinchi.com\/es\/#organization"},"potentialAction":[{"@type":"SearchAction","target":{"@type":"EntryPoint","urlTemplate":"https:\/\/www.sinchisinchi.com\/es\/?s={search_term_string}"},"query-input":{"@type":"PropertyValueSpecification","valueRequired":true,"valueName":"search_term_string"}}],"inLanguage":"es"},{"@type":"Organization","@id":"https:\/\/www.sinchisinchi.com\/es\/#organization","name":"SINCHI S.L","url":"https:\/\/www.sinchisinchi.com\/es\/","logo":{"@type":"ImageObject","inLanguage":"es","@id":"https:\/\/www.sinchisinchi.com\/es\/#\/schema\/logo\/image\/","url":"https:\/\/www.sinchisinchi.com\/wp-content\/uploads\/2026\/01\/3b-Verde-SIMPLIFICADO-HORIZONTAL-F-TRANSPARENTE-scaled.png","contentUrl":"https:\/\/www.sinchisinchi.com\/wp-content\/uploads\/2026\/01\/3b-Verde-SIMPLIFICADO-HORIZONTAL-F-TRANSPARENTE-scaled.png","width":2560,"height":457,"caption":"SINCHI S.L"},"image":{"@id":"https:\/\/www.sinchisinchi.com\/es\/#\/schema\/logo\/image\/"},"sameAs":["https:\/\/www.facebook.com\/sinchirape\/","https:\/\/www.instagram.com\/sinchi_rape\/"]}]}},"_links":{"self":[{"href":"https:\/\/www.sinchisinchi.com\/es\/wp-json\/wp\/v2\/pages\/6963","targetHints":{"allow":["GET"]}}],"collection":[{"href":"https:\/\/www.sinchisinchi.com\/es\/wp-json\/wp\/v2\/pages"}],"about":[{"href":"https:\/\/www.sinchisinchi.com\/es\/wp-json\/wp\/v2\/types\/page"}],"author":[{"embeddable":true,"href":"https:\/\/www.sinchisinchi.com\/es\/wp-json\/wp\/v2\/users\/1"}],"replies":[{"embeddable":true,"href":"https:\/\/www.sinchisinchi.com\/es\/wp-json\/wp\/v2\/comments?post=6963"}],"version-history":[{"count":0,"href":"https:\/\/www.sinchisinchi.com\/es\/wp-json\/wp\/v2\/pages\/6963\/revisions"}],"wp:attachment":[{"href":"https:\/\/www.sinchisinchi.com\/es\/wp-json\/wp\/v2\/media?parent=6963"}],"curies":[{"name":"wp","href":"https:\/\/api.w.org\/{rel}","templated":true}]}}