{"id":7008,"date":"2022-12-02T00:44:11","date_gmt":"2022-12-02T00:44:11","guid":{"rendered":"https:\/\/www.sinchisinchi.com\/terminos-y-condiciones\/politica-de-cookies\/"},"modified":"2025-03-14T10:51:55","modified_gmt":"2025-03-14T10:51:55","slug":"politica-de-cookies","status":"publish","type":"page","link":"https:\/\/www.sinchisinchi.com\/es\/terminos-y-condiciones\/politica-de-cookies\/","title":{"rendered":"Pol\u00edtica de cookies"},"content":{"rendered":"\n<h2 style=\"font-weight: 400; text-align: center;\"><strong>COOKIES<\/strong><\/h2>\n<p style=\"font-weight: 400; text-align: justify;\">Utilizamos cookies para facilitar tu navegaci\u00f3n en la Web, conocer c\u00f3mo interact\u00faas con nosotros y, en determinados casos, poder mostrarte publicidad en funci\u00f3n de tus h\u00e1bitos de navegaci\u00f3n.\u00a0<\/p>\n<p style=\"font-weight: 400; text-align: justify;\">Las Cookies forman parte de la tecnolog\u00eda necesaria para el funcionamiento de una web y no son perjudiciales, pero es importante que conozcas las implicaciones que pueden tener\u00a0 para tu privacidad.<\/p>\n<p style=\"font-weight: 400; text-align: justify;\">Por favor, lee esta Informaci\u00f3n sobre Cookies para conocer con mayor detalle las cookies y dispositivos similares que usamos, su finalidad y otra informaci\u00f3n de inter\u00e9s.<\/p>\n<p style=\"font-weight: 400; text-align: justify;\">\u00a0<\/p>\n<h3 style=\"font-weight: 400; text-align: center;\"><strong>Qu\u00e9 son las cookies:<\/strong><\/h3>\n<p style=\"font-weight: 400; text-align: justify;\">Una cookie es un fichero que se descarga y ejecuta en tu ordenador, tel\u00e9fono o dispositivo m\u00f3vil al acceder a determinadas p\u00e1ginas web. Las cookies permiten a una p\u00e1gina web, entre otras cosas, almacenar y recuperar informaci\u00f3n sobre los h\u00e1bitos de navegaci\u00f3n de un usuario o de su equipo y, dependiendo de la informaci\u00f3n que contengan y de la forma en que utilice su equipo, pueden utilizarse para reconocer al usuario.<\/p>\n<p style=\"font-weight: 400; text-align: justify;\">Las cookies no da\u00f1an el equipo y son necesarias para facilitar la navegaci\u00f3n online.<\/p>\n<p style=\"font-weight: 400; text-align: justify;\">El usuario puede en todo momento configurar su programa de navegaci\u00f3n para impedir (bloquear) el uso de cookies por parte de determinadas webs, as\u00ed como borrar las cookies almacenadas previamente.<\/p>\n<p style=\"font-weight: 400; text-align: justify;\">Tambi\u00e9n puede otorgar o retirar su consentimiento al uso de las cookies y a modificar su decisi\u00f3n.<\/p>\n<h3 style=\"font-weight: 400; text-align: center;\"><strong>Qu\u00e9 es el almac\u00e9n local<\/strong><\/h3>\n<p style=\"font-weight: 400; text-align: justify;\">Por almacenamiento local entendemos cualquier fichero creado por la web en tu dispositivo de navegaci\u00f3n. Las cookies son una forma de almacenamiento local, pero existen otras como el almacenamiento local del navegador,\u00a0 el del complemento Flash o SilverLiht y t\u00e9cnicas de rastreo.\u00a0<\/p>\n<p style=\"font-weight: 400; text-align: justify;\">Cuando nos refiramos en esta pol\u00edtica al t\u00e9rmino cookie debe entenderse tambi\u00e9n aplicable a los m\u00e9todos de almacenamiento local.<\/p>\n<h3 style=\"font-weight: 400; text-align: center;\"><strong>Para qu\u00e9 se utilizan los cookies en nuestra web<\/strong><\/h3>\n<p style=\"font-weight: 400; text-align: justify;\">Para facilitar el control y gesti\u00f3n de la navegaci\u00f3n y la comunicaci\u00f3n, facilitarte la navegaci\u00f3n, mejorar tu experiencia en la navegaci\u00f3n recordando determinadas preferencias para futuras visitas. Tambi\u00e9n nos ayuda a mejorar la web mediante estimaciones sobre n\u00fameros y patrones de uso, la adaptaci\u00f3n del sitio web a los intereses individuales de los usuarios, la aceleraci\u00f3n de las b\u00fasquedas, etc.<\/p>\n<p style=\"font-weight: 400; text-align: justify;\">En ocasiones, previa obtenci\u00f3n de su consentimiento informado, podremos utilizar Cookies para obtener informaci\u00f3n que nos permita mostrarle desde nuestro sitio web, las de terceros, o cualquier otro medio o publicidad basada en el an\u00e1lisis de sus h\u00e1bitos de navegaci\u00f3n.\u00a0<\/p>\n<p style=\"font-weight: 400; text-align: justify;\">\u00a0<\/p>\n<h3 style=\"font-weight: 400; text-align: center;\"><strong>Qu\u00e9 tipos de cookies utilizan nuestra web:<\/strong><\/h3>\n<p style=\"font-weight: 400; text-align: justify;\">Cookies t\u00e9cnicas esenciales. Son aquellas que permiten al usuario la navegaci\u00f3n a trav\u00e9s de la p\u00e1gina web, plataforma o aplicaci\u00f3n y la utilizaci\u00f3n de las diferentes opciones o servicios que en ella existan, incluyendo aquellas que se utilizan para permitir la gesti\u00f3n y operativa de la\u00a0 p\u00e1gina\u00a0 web y habilitar sus funciones y servicios, como, por ejemplo, controlar el tr\u00e1fico y la comunicaci\u00f3n de\u00a0 datos, identificar la sesi\u00f3n, acceder a partes de acceso restringido, recordar los elementos que integran un pedido, realizar el proceso de compra de un pedido, gestionar el\u00a0 pago y controlar el fraude vinculado a la seguridad del servicio, entre otras acciones.<\/p>\n<p style=\"font-weight: 400; text-align: justify;\">Al deshabilitarlas, es posible que alg\u00fan apartado de la web no funcione correctamente.Cookies de preferencias o personalizaci\u00f3n. Son aquellas\u00a0 que permiten recordar informaci\u00f3 para que el usuario\u00a0 acceda al servicio con determinadas caracter\u00edsticas que pueden diferenciar su experiencia de la de otros usuarios, como, por ejemplo, el idioma, el n\u00famero de resultados a mostrar cuando el usuario realiza una b\u00fasqueda, el aspecto o contenido del servicio en funci\u00f3n del tipo de navegador a trav\u00e9s del cual el usuario accede al servicio o de la regi\u00f3n desde la que accede al servicio, etc.<\/p>\n<p style=\"font-weight: 400; text-align: justify;\">\u00a0<\/p>\n<h3 style=\"font-weight: 400; text-align: center;\"><strong>Para qu\u00e9 no utilizamos las cookies<\/strong><\/h3>\n<p style=\"font-weight: 400; text-align: justify;\">Nuestras cookies no almacenan informaci\u00f3n sobre tu identificaci\u00f3n personal, direcci\u00f3n, contrase\u00f1a, los datos de su tarjeta de cr\u00e9dito o d\u00e9bito, etc.<\/p>\n<p style=\"font-weight: 400; text-align: justify;\">\u00a0<\/p>\n<h3 style=\"font-weight: 400; text-align: center;\"><strong>\u00bfQu\u00e9 son las cookies de terceros?<\/strong><\/h3>\n<p style=\"font-weight: 400; text-align: justify;\">Muchas webs incorporan funciones o caracter\u00edsticas proporcionadas por terceros, como por ejemplo:<\/p>\n<ul style=\"font-weight: 400; text-align: justify;\">\n<li>Anal\u00edticas de acceso y uso de las p\u00e1ginas.<\/li>\n<li>Mapas interactivos.<\/li>\n<li>V\u00eddeos y otros elementos multimedia.<\/li>\n<li>Botones sociales.<\/li>\n<li>Comunicaciones de chat.<\/li>\n<\/ul>\n<p style=\"font-weight: 400; text-align: justify;\">Nuestra web no hace uso de cookies de terceros.<\/p>\n<p style=\"font-weight: 400; text-align: justify;\">\u00a0<\/p>\n<h3 style=\"font-weight: 400; text-align: center;\"><strong>\u00bfQui\u00e9n utiliza la informaci\u00f3n contenida en las cookies?<\/strong><\/h3>\n<p style=\"font-weight: 400; text-align: justify;\">La informaci\u00f3n almacenada en las Cookies de nuestro sitio web es utilizada exclusivamente por nosotros.<\/p>\n<p style=\"font-weight: 400; text-align: justify;\">\u00a0<\/p>\n<h3 style=\"font-weight: 400; text-align: center;\"><strong>\u00bfPuedo evitar el uso de cookies de esta web?<\/strong><\/h3>\n<p style=\"font-weight: 400; text-align: justify;\">Dispones de varios m\u00e9todos para hacerlo.<\/p>\n<ul style=\"text-align: justify;\">\n<li>Puede restringir, bloquear o borrar las Cookies de este sitio web, en cualquier momento, modificando la configuraci\u00f3n de su navegador. Esta parametrizaci\u00f3n es diferente para cada navegador. Para m\u00e1s detalle sobre la configuraci\u00f3n de las Cookies en su navegador, consulte el men\u00fa \u00abAyuda\u00bb del mismo.<\/li>\n<li>Puede utilizar un navegador que elimine todo rastro de cookies y otros almacenamientos en su equipo al cerrar la sesi\u00f3n de navegaci\u00f3n.<\/li>\n<li>Puede realizar una elecci\u00f3n sobre sus preferencias accediendo a nuestra pol\u00edtica de cookies o a la solicitud de consentimiento que le propondremos la primera vez que se conecte a nuestra web.<\/li>\n<\/ul>\n<p style=\"font-weight: 400; text-align: justify;\">\u00a0<\/p>\n<h3 style=\"font-weight: 400; text-align: center;\"><strong>Cookies que utilizan nuestra web y su finalidad<\/strong><\/h3>\n<p style=\"font-weight: 400; text-align: justify;\">A continuaci\u00f3n, una relaci\u00f3n de las distintas cookies utilizadas en la web:<\/p>\n<table style=\"font-weight: 400;\">\n<tbody>\n<tr>\n<td>\n<p><strong>Cookie<\/strong><\/p>\n<\/td>\n<td>\n<p><strong>Descripci\u00f3n<\/strong><\/p>\n<\/td>\n<td>\n<p><strong>Tipo<\/strong><\/p>\n<\/td>\n<td>\n<p><strong>Propietario<\/strong><\/p>\n<\/td>\n<td>\n<p><strong>Duraci\u00f3n<\/strong><\/p>\n<\/td>\n<\/tr>\n<tr>\n<td>\n<p>et-editor-available-post<\/p>\n<\/td>\n<td>\n<p>Sirve para la gesti\u00f3n del contenido de la p\u00e1gina web<\/p>\n<\/td>\n<td>\n<p>T\u00e9cnica<\/p>\n<\/td>\n<td>\n<p>Propia<\/p>\n<\/td>\n<td>\n<p>Sesi\u00f3n<\/p>\n<\/td>\n<\/tr>\n<tr>\n<td>\n<p>woocommerce_session<\/p>\n<\/td>\n<td>\n<p>A\u00f1ade un c\u00f3digo \u00fanico a cada cliente para poder identificar su carrito en la base de datos<\/p>\n<\/td>\n<td>\n<p>T\u00e9cnica<\/p>\n<\/td>\n<td>\n<p>Propia<\/p>\n<\/td>\n<td>\n<p>2 D\u00edas<\/p>\n<\/td>\n<\/tr>\n<tr>\n<td>\n<p>woocommerce_items<\/p>\n<\/td>\n<td>\n<p>Coookie que ayuda a detectar y guardar cambios en el carrito<\/p>\n<\/td>\n<td>\n<p>T\u00e9cnica<\/p>\n<\/td>\n<td>\n<p>Propia<\/p>\n<\/td>\n<td>\n<p>Sesi\u00f3n<\/p>\n<\/td>\n<\/tr>\n<tr>\n<td>\n<p>woocommerce_cart<\/p>\n<\/td>\n<td>\n<p>\u00a0Coookie que ayuda a detectar y guardar cambios en el carrito<\/p>\n<\/td>\n<td>\n<p>T\u00e9cnica<\/p>\n<\/td>\n<td>\n<p>Propia<\/p>\n<\/td>\n<td>\n<p>Sesi\u00f3n<\/p>\n<\/td>\n<\/tr>\n<tr>\n<td>\n<p>_fbp<\/p>\n<\/td>\n<td>\n<p>Almacena y rastrea visitas a traves de sitios web<\/p>\n<\/td>\n<td>\n<p>An\u00e1lisis<\/p>\n<\/td>\n<td>\n<p>Facebook<\/p>\n<\/td>\n<td>\n<p>90 D\u00edas<\/p>\n<\/td>\n<\/tr>\n<\/tbody>\n<\/table>\n<p style=\"text-align: justify;\">\u00a0<\/p>\n<p>\u00a0<\/p>\n\n","protected":false},"excerpt":{"rendered":"","protected":false},"author":1,"featured_media":0,"parent":6963,"menu_order":0,"comment_status":"closed","ping_status":"closed","template":"","meta":{"_joinchat":[],"footnotes":""},"class_list":["post-7008","page","type-page","status-publish","hentry"],"yoast_head":"<!-- This site is optimized with the Yoast SEO plugin v27.4 - https:\/\/yoast.com\/product\/yoast-seo-wordpress\/ -->\n<title>Pol\u00edtica de cookies - SINCHI RAP\u00c9<\/title>\n<meta name=\"robots\" content=\"index, follow, max-snippet:-1, max-image-preview:large, max-video-preview:-1\" \/>\n<link rel=\"canonical\" href=\"https:\/\/www.sinchisinchi.com\/es\/terminos-y-condiciones\/politica-de-cookies\/\" \/>\n<meta property=\"og:locale\" content=\"es_ES\" \/>\n<meta property=\"og:type\" content=\"article\" \/>\n<meta property=\"og:title\" content=\"Pol\u00edtica de cookies - SINCHI RAP\u00c9\" \/>\n<meta property=\"og:url\" content=\"https:\/\/www.sinchisinchi.com\/es\/terminos-y-condiciones\/politica-de-cookies\/\" \/>\n<meta property=\"og:site_name\" content=\"SINCHI RAP\u00c9\" \/>\n<meta property=\"article:publisher\" content=\"https:\/\/www.facebook.com\/sinchirape\/\" \/>\n<meta property=\"article:modified_time\" content=\"2025-03-14T10:51:55+00:00\" \/>\n<meta name=\"twitter:card\" content=\"summary_large_image\" \/>\n<meta name=\"twitter:label1\" content=\"Tiempo de lectura\" \/>\n\t<meta name=\"twitter:data1\" content=\"5 minutos\" \/>\n<script type=\"application\/ld+json\" class=\"yoast-schema-graph\">{\"@context\":\"https:\\\/\\\/schema.org\",\"@graph\":[{\"@type\":\"WebPage\",\"@id\":\"https:\\\/\\\/www.sinchisinchi.com\\\/es\\\/terminos-y-condiciones\\\/politica-de-cookies\\\/\",\"url\":\"https:\\\/\\\/www.sinchisinchi.com\\\/es\\\/terminos-y-condiciones\\\/politica-de-cookies\\\/\",\"name\":\"Pol\u00edtica de cookies - SINCHI RAP\u00c9\",\"isPartOf\":{\"@id\":\"https:\\\/\\\/www.sinchisinchi.com\\\/es\\\/#website\"},\"datePublished\":\"2022-12-02T00:44:11+00:00\",\"dateModified\":\"2025-03-14T10:51:55+00:00\",\"breadcrumb\":{\"@id\":\"https:\\\/\\\/www.sinchisinchi.com\\\/es\\\/terminos-y-condiciones\\\/politica-de-cookies\\\/#breadcrumb\"},\"inLanguage\":\"es\",\"potentialAction\":[{\"@type\":\"ReadAction\",\"target\":[\"https:\\\/\\\/www.sinchisinchi.com\\\/es\\\/terminos-y-condiciones\\\/politica-de-cookies\\\/\"]}]},{\"@type\":\"BreadcrumbList\",\"@id\":\"https:\\\/\\\/www.sinchisinchi.com\\\/es\\\/terminos-y-condiciones\\\/politica-de-cookies\\\/#breadcrumb\",\"itemListElement\":[{\"@type\":\"ListItem\",\"position\":1,\"name\":\"Prima pagina\",\"item\":\"https:\\\/\\\/www.sinchisinchi.com\\\/es\\\/\"},{\"@type\":\"ListItem\",\"position\":2,\"name\":\"T\u00e9rminos y condiciones\",\"item\":\"https:\\\/\\\/www.sinchisinchi.com\\\/es\\\/terminos-y-condiciones\\\/\"},{\"@type\":\"ListItem\",\"position\":3,\"name\":\"Pol\u00edtica de cookies\"}]},{\"@type\":\"WebSite\",\"@id\":\"https:\\\/\\\/www.sinchisinchi.com\\\/es\\\/#website\",\"url\":\"https:\\\/\\\/www.sinchisinchi.com\\\/es\\\/\",\"name\":\"SINCHI\",\"description\":\"Sinchi Medicine\",\"publisher\":{\"@id\":\"https:\\\/\\\/www.sinchisinchi.com\\\/es\\\/#organization\"},\"potentialAction\":[{\"@type\":\"SearchAction\",\"target\":{\"@type\":\"EntryPoint\",\"urlTemplate\":\"https:\\\/\\\/www.sinchisinchi.com\\\/es\\\/?s={search_term_string}\"},\"query-input\":{\"@type\":\"PropertyValueSpecification\",\"valueRequired\":true,\"valueName\":\"search_term_string\"}}],\"inLanguage\":\"es\"},{\"@type\":\"Organization\",\"@id\":\"https:\\\/\\\/www.sinchisinchi.com\\\/es\\\/#organization\",\"name\":\"SINCHI S.L\",\"url\":\"https:\\\/\\\/www.sinchisinchi.com\\\/es\\\/\",\"logo\":{\"@type\":\"ImageObject\",\"inLanguage\":\"es\",\"@id\":\"https:\\\/\\\/www.sinchisinchi.com\\\/es\\\/#\\\/schema\\\/logo\\\/image\\\/\",\"url\":\"https:\\\/\\\/www.sinchisinchi.com\\\/wp-content\\\/uploads\\\/2026\\\/01\\\/3b-Verde-SIMPLIFICADO-HORIZONTAL-F-TRANSPARENTE-scaled.png\",\"contentUrl\":\"https:\\\/\\\/www.sinchisinchi.com\\\/wp-content\\\/uploads\\\/2026\\\/01\\\/3b-Verde-SIMPLIFICADO-HORIZONTAL-F-TRANSPARENTE-scaled.png\",\"width\":2560,\"height\":457,\"caption\":\"SINCHI S.L\"},\"image\":{\"@id\":\"https:\\\/\\\/www.sinchisinchi.com\\\/es\\\/#\\\/schema\\\/logo\\\/image\\\/\"},\"sameAs\":[\"https:\\\/\\\/www.facebook.com\\\/sinchirape\\\/\",\"https:\\\/\\\/www.instagram.com\\\/sinchi_rape\\\/\"]}]}<\/script>\n<!-- \/ Yoast SEO plugin. -->","yoast_head_json":{"title":"Pol\u00edtica de cookies - SINCHI RAP\u00c9","robots":{"index":"index","follow":"follow","max-snippet":"max-snippet:-1","max-image-preview":"max-image-preview:large","max-video-preview":"max-video-preview:-1"},"canonical":"https:\/\/www.sinchisinchi.com\/es\/terminos-y-condiciones\/politica-de-cookies\/","og_locale":"es_ES","og_type":"article","og_title":"Pol\u00edtica de cookies - SINCHI RAP\u00c9","og_url":"https:\/\/www.sinchisinchi.com\/es\/terminos-y-condiciones\/politica-de-cookies\/","og_site_name":"SINCHI RAP\u00c9","article_publisher":"https:\/\/www.facebook.com\/sinchirape\/","article_modified_time":"2025-03-14T10:51:55+00:00","twitter_card":"summary_large_image","twitter_misc":{"Tiempo de lectura":"5 minutos"},"schema":{"@context":"https:\/\/schema.org","@graph":[{"@type":"WebPage","@id":"https:\/\/www.sinchisinchi.com\/es\/terminos-y-condiciones\/politica-de-cookies\/","url":"https:\/\/www.sinchisinchi.com\/es\/terminos-y-condiciones\/politica-de-cookies\/","name":"Pol\u00edtica de cookies - SINCHI RAP\u00c9","isPartOf":{"@id":"https:\/\/www.sinchisinchi.com\/es\/#website"},"datePublished":"2022-12-02T00:44:11+00:00","dateModified":"2025-03-14T10:51:55+00:00","breadcrumb":{"@id":"https:\/\/www.sinchisinchi.com\/es\/terminos-y-condiciones\/politica-de-cookies\/#breadcrumb"},"inLanguage":"es","potentialAction":[{"@type":"ReadAction","target":["https:\/\/www.sinchisinchi.com\/es\/terminos-y-condiciones\/politica-de-cookies\/"]}]},{"@type":"BreadcrumbList","@id":"https:\/\/www.sinchisinchi.com\/es\/terminos-y-condiciones\/politica-de-cookies\/#breadcrumb","itemListElement":[{"@type":"ListItem","position":1,"name":"Prima pagina","item":"https:\/\/www.sinchisinchi.com\/es\/"},{"@type":"ListItem","position":2,"name":"T\u00e9rminos y condiciones","item":"https:\/\/www.sinchisinchi.com\/es\/terminos-y-condiciones\/"},{"@type":"ListItem","position":3,"name":"Pol\u00edtica de cookies"}]},{"@type":"WebSite","@id":"https:\/\/www.sinchisinchi.com\/es\/#website","url":"https:\/\/www.sinchisinchi.com\/es\/","name":"SINCHI","description":"Sinchi Medicine","publisher":{"@id":"https:\/\/www.sinchisinchi.com\/es\/#organization"},"potentialAction":[{"@type":"SearchAction","target":{"@type":"EntryPoint","urlTemplate":"https:\/\/www.sinchisinchi.com\/es\/?s={search_term_string}"},"query-input":{"@type":"PropertyValueSpecification","valueRequired":true,"valueName":"search_term_string"}}],"inLanguage":"es"},{"@type":"Organization","@id":"https:\/\/www.sinchisinchi.com\/es\/#organization","name":"SINCHI S.L","url":"https:\/\/www.sinchisinchi.com\/es\/","logo":{"@type":"ImageObject","inLanguage":"es","@id":"https:\/\/www.sinchisinchi.com\/es\/#\/schema\/logo\/image\/","url":"https:\/\/www.sinchisinchi.com\/wp-content\/uploads\/2026\/01\/3b-Verde-SIMPLIFICADO-HORIZONTAL-F-TRANSPARENTE-scaled.png","contentUrl":"https:\/\/www.sinchisinchi.com\/wp-content\/uploads\/2026\/01\/3b-Verde-SIMPLIFICADO-HORIZONTAL-F-TRANSPARENTE-scaled.png","width":2560,"height":457,"caption":"SINCHI S.L"},"image":{"@id":"https:\/\/www.sinchisinchi.com\/es\/#\/schema\/logo\/image\/"},"sameAs":["https:\/\/www.facebook.com\/sinchirape\/","https:\/\/www.instagram.com\/sinchi_rape\/"]}]}},"_links":{"self":[{"href":"https:\/\/www.sinchisinchi.com\/es\/wp-json\/wp\/v2\/pages\/7008","targetHints":{"allow":["GET"]}}],"collection":[{"href":"https:\/\/www.sinchisinchi.com\/es\/wp-json\/wp\/v2\/pages"}],"about":[{"href":"https:\/\/www.sinchisinchi.com\/es\/wp-json\/wp\/v2\/types\/page"}],"author":[{"embeddable":true,"href":"https:\/\/www.sinchisinchi.com\/es\/wp-json\/wp\/v2\/users\/1"}],"replies":[{"embeddable":true,"href":"https:\/\/www.sinchisinchi.com\/es\/wp-json\/wp\/v2\/comments?post=7008"}],"version-history":[{"count":0,"href":"https:\/\/www.sinchisinchi.com\/es\/wp-json\/wp\/v2\/pages\/7008\/revisions"}],"up":[{"embeddable":true,"href":"https:\/\/www.sinchisinchi.com\/es\/wp-json\/wp\/v2\/pages\/6963"}],"wp:attachment":[{"href":"https:\/\/www.sinchisinchi.com\/es\/wp-json\/wp\/v2\/media?parent=7008"}],"curies":[{"name":"wp","href":"https:\/\/api.w.org\/{rel}","templated":true}]}}