{"id":7019,"date":"2022-12-02T01:13:15","date_gmt":"2022-12-02T01:13:15","guid":{"rendered":"https:\/\/www.sinchisinchi.com\/terminos-y-condiciones\/politica-de-privacidad\/"},"modified":"2024-07-15T15:02:14","modified_gmt":"2024-07-15T15:02:14","slug":"politica-de-privacidad","status":"publish","type":"page","link":"https:\/\/www.sinchisinchi.com\/es\/terminos-y-condiciones\/politica-de-privacidad\/","title":{"rendered":"Pol\u00edtica de Privacidad"},"content":{"rendered":"\n<h2 style=\"font-weight: 400; text-align: center;\"><strong>Pol\u00edtica de Privacidad<\/strong><\/h2>\n<p style=\"font-weight: 400; text-align: justify;\">En esta Pol\u00edtica de Privacidad encontrar\u00e1s toda la informaci\u00f3n relativa al uso que hacemos de los datos personales que utilices para interactuar con nosotros como usuario.<\/p>\n<p style=\"font-weight: 400; text-align: justify;\">Dispones de forma permanente de esta Pol\u00edtica de Privacidad que puedes consultar en esta web cuando lo estimes oportuno.<\/p>\n<p style=\"font-weight: 400; text-align: justify;\">Cualquier duda que te surja en la lectura de esta informaci\u00f3n no dudes en preguntarnos al email lopd@edutedis.com.<span style=\"font-size: 18px; text-align: left;\">\u00a0<\/span><\/p>\n<p style=\"font-weight: 400; text-align: justify;\">El uso de los servicios de la web, as\u00ed como la adquisici\u00f3n de cualquiera de los productos ofertados, supone tu aceptaci\u00f3n como Cliente, sin reservas de ninguna clase, de todas las manifestaciones contenidas en esta Pol\u00edtica de Privacidad y en las Condiciones Generales.<\/p>\n<h3 style=\"font-weight: 400; text-align: center;\"><strong>Qui\u00e9nes somos<\/strong><\/h3>\n<p style=\"font-weight: 400; text-align: justify;\">Somos SINCHI, S.L.\u00a0 titular de la web WWW.SINCHISINCHI.COM y responsables del tratamiento de tus datos personales, de sus usos y de su protecci\u00f3n. Nuestra identificaci\u00f3n fiscal completa la tienes en nuestro Aviso Legal.<\/p>\n<p>\u00a0<\/p>\n<h3 style=\"font-weight: 400; text-align: center;\"><strong>Titularidad Con qu\u00e9 finalidades usamos tus datos personales<\/strong><\/h3>\n<p style=\"font-weight: 400; text-align: justify;\">Los datos personales obtenidos a trav\u00e9s de la web los usaremos, entre otras finalidades, para gestionar tu registro como usuario de la web, gestionar tus adquisiciones, su env\u00edo, el pago de productos, tus posibles devoluciones y\/o reclamaciones y el historial de tus compras, y para atender las consultas, sugerencias o solicitudes que nos realices a trav\u00e9s de la web, enviarte comunicaciones personalizadas relacionadas con los productos adquiridos y que consideramos que pueden resultar de tu inter\u00e9s, en caso de que as\u00ed lo desees.<\/p>\n<p style=\"font-weight: 400; text-align: justify;\">De una manera m\u00e1s detallada, las finalidades para las que realizaremos tratamiento de tus datos personales son:<\/p>\n<p>\u00a0<\/p>\n<h3 style=\"font-weight: 400; text-align: center;\"><strong>Gestionar la Cuenta de Usuario:<\/strong><\/h3>\n<p style=\"font-weight: 400; text-align: left;\">Si decides registrarte como usuario de nuestra web, necesitaremos tratar tus datos personales para identificarte en la misma y facilitarle el acceso a las diferentes funcionalidades de la misma como usuario registrado. Si en alg\u00fan momento decides cancelar tu cuenta de usuario debes solicitarlo a trav\u00e9s de los formularios de Atenci\u00f3n al Cliente.<\/p>\n<p>\u00a0<\/p>\n<h3 style=\"font-weight: 400; text-align: center;\"><strong>Gestionar Compras:<\/strong><\/h3>\n<p style=\"font-weight: 400; text-align: left;\"><br \/>Esta finalidad est\u00e1 referida al desarrollo y cumplimiento del contrato de compraventa de productos que realizas con nosotros en cada acci\u00f3n de compra en la web.<br \/>&#8211; Incluye el tratamiento de datos personales para contactar contigo y mantenerte informado de cualquier incidencia relacionada con tus adquisiciones.<br \/>&#8211; Gestionar el pago de tus compras y activar mecanismos para detectar y prevenir posibles fraudes con ti o contra nosotros. En caso de considerarse la operaci\u00f3n como fraudulenta la transacci\u00f3n quedar\u00e1 bloqueada.<br \/>&#8211; Gestionar tus devoluciones, las posibles incidencias en el env\u00edo y tus posibles reclamaciones.<br \/>&#8211; Para atender nuestras obligaciones fiscales en cuanto a proporcionarte factura de tus compras.<br \/>Comunicaciones de marketing individualizadas:<br \/>Esta finalidad incluye el tratamiento de datos personales para contactar contigo en relaci\u00f3n al env\u00edo de comunicaciones comerciales informativas relacionadas con tus adquisiciones de productos.<\/p>\n<h3 style=\"font-weight: 400; text-align: center;\"><strong>Acciones de Atenci\u00f3n al Usuario:<\/strong><\/h3>\n<p style=\"font-weight: 400; text-align: justify;\"><strong><br \/><\/strong>Esta finalidad consiste en atender las peticiones y solicitudes que nos realices a trav\u00e9s del formulario de Atenci\u00f3n al Cliente. S\u00f3lo trataremos tus datos personales necesarios para gestionar o resolver tu solicitud, petici\u00f3n, o reclamaci\u00f3n.<\/p>\n<p>\u00a0<\/p>\n<h3 style=\"font-weight: 400; text-align: center;\"><strong>\u00bfQu\u00e9 datos personales te solicitaremos?<\/strong><\/h3>\n<p style=\"font-weight: 400; text-align: justify;\">Dependiendo de las finalidades para las que usemos tus datos personales necesitaremos tratar unos datos u otros, que en general ser\u00e1n, seg\u00fan el caso, los siguientes:\u00a0<\/p>\n<h3 style=\"font-weight: 400; text-align: center;\"><strong>Para Gestionar la Cuenta de Usuario:<\/strong><\/h3>\n<p style=\"font-weight: 400; text-align: left;\"><br \/>&#8211; Datos de tipo identificativos: dni, nombre, apellidos, direcci\u00f3n completa, tel\u00e9fono, email.<br \/>&#8211; Datos relativos a los pagos de las compras: historial de compras.\u00a0<\/p>\n<p style=\"text-align: justify;\"><strong>Para Gestionar Compras:<\/strong><br \/>&#8211; Datos de tipo identificativos: dni, nombre, apellidos, direcci\u00f3n completa, tel\u00e9fono, email.<br \/>&#8211; Datos relativos a los pagos de las compras: modalidad de pago, historial de compras.<br \/>&#8211; Datos de los destinatarios de los env\u00edos de las compras: nombre y apellidos, direcci\u00f3n completa de env\u00edo, tel\u00e9fono, email.<\/p>\n<h3 style=\"text-align: center;\"><strong>Para Comunicaciones de marketing individualizadas:<\/strong><\/h3>\n<p style=\"text-align: left;\"><br \/>&#8211; Datos de contacto para el env\u00edo de comunicaciones comerciales relacionadas con tus adquisiciones: nombre, email, tel\u00e9fono.<\/p>\n<p style=\"text-align: justify;\"><strong>Para Acciones de Atenci\u00f3n al Usuario:<\/strong><br \/>&#8211; Datos de contacto para la gesti\u00f3n de atenci\u00f3n al cliente: dni, nombre, email, tel\u00e9fono.<\/p>\n<p style=\"font-weight: 400; text-align: justify;\">Recuerda que, cuando rellenes tus datos personales a trav\u00e9s de los formularios de la web para acceder a algunas de sus funcionalidades, encontrar\u00e1s algunos marcados con un asterisco. Estos datos marcados como obligatorios son los m\u00ednimos necesarios para poder prestarte el servicio o permitirte el acceso a determinada funcionalidad de la web.<\/p>\n<p style=\"font-weight: 400; text-align: justify;\">No podr\u00e1s enviarnos o confirmar el servicios o la funcionalidad\u00a0 que solicitas si se omiten algunos de estos datos.<\/p>\n<p style=\"font-weight: 400; text-align: justify;\">\u00a0<\/p>\n<h3 style=\"font-weight: 400; text-align: center;\"><strong>Datos de terceros<\/strong><\/h3>\n<p style=\"font-weight: 400; text-align: justify;\">Si nos has proporcionas datos personales de terceras personas, te haces responsable de garantizar que les has informado sobre las finalidades y la forma en la que necesitamos tratar sus datos personales.<\/p>\n<p>\u00a0<\/p>\n<p style=\"font-weight: 400; text-align: justify;\"><strong>\u00bfPor qu\u00e9 usamos tus datos?<\/strong><\/p>\n<p style=\"font-weight: 400; text-align: justify;\">La legitimaci\u00f3n para el tratamiento de tus datos proviene de que necesitamos tratarlos para cumplir con determinadas finalidades. Dependiendo de estas, la base jur\u00eddica para realizar el tratamiento de tus datos ser\u00e1 variable.<\/p>\n<p style=\"font-weight: 400; text-align: justify;\">A continuaci\u00f3n te mostramos las distintas legitimaciones que aplicaremos al tratamiento de tus datos.<\/p>\n<p>\u00a0<\/p>\n<p style=\"font-weight: 400; text-align: justify;\"><strong>Gestionar la Cuenta de Usuario<\/strong><br \/>El tratamiento de tus datos es necesario para la gesti\u00f3n de tu registro en la web y poder proporcionarte acceso y funcionalidades de la misma. La legitimaci\u00f3n para hacerlo est\u00e1 basada en el consentimiento que nos prestas al realizar tu inscripci\u00f3n como usuario de nuestra web.<\/p>\n<p>\u00a0<\/p>\n<p style=\"text-align: justify;\"><strong>Gestionar Compras<\/strong><br \/>La legitimaci\u00f3n para el tratamiento de tus datos proviene de que necesitamos tratarlos para ejecutar el contrato de compraventa de productos que aceptas con nosotros. Tambi\u00e9n realizaremos con tus datos personales comprobaciones para detectar posibles fraudes cuando realices una compra, sobre todo cuando se produce su pago, para lo que consideramos que tenemos inter\u00e9s leg\u00edtimo para realizarlos. Tambi\u00e9n es posible que algunos tratamientos del proceso de compra se activen porque lo has solicitado o nos has autorizado a ello. En estos casos la legitimaci\u00f3n est\u00e1 basada en el consentimiento que nos prestas para hacerlo.<\/p>\n<p style=\"text-align: justify;\"><strong>Comunicaciones de marketing individualizadas<\/strong><br \/>Consideramos que tenemos un interes leg\u00edtimo para mostrarte o enviarte informaci\u00f3n personalidad relacionada con tus adquisiciones o preferencias. No obstante puedes, en cualquier momento, solicitarnos excluirte de la misma.<\/p>\n<p>\u00a0<\/p>\n<p style=\"text-align: justify;\"><strong>Acciones de Atenci\u00f3n al Usuario<\/strong><br \/>Consideramos que disponemos de un inter\u00e9s leg\u00edtimo para el tratamiento de tus datos personales relacionados con tus consultas o solicitudes y poder atenderlas adecuadamente. Si el motivo de tu consulta o solicitud est\u00e1 relacionado con tu pedido, compra o incidencias, la legitimaci\u00f3n para el tratamiento de tus datos es su necesidad para el cumplimiento del contrato de compraventa. En cambio, cuando tu consulta est\u00e9 relacionada con el ejercicio de tus derechos en materia de protecci\u00f3n de datos personales, o con reclamaciones asociadas a tus adquisiciones, el tratamiento de tus datos est\u00e1 legitimado en el cumplimiento de obligaciones legales por nuestra parte.<\/p>\n<p style=\"font-weight: 400; text-align: justify;\">En la Pol\u00edtica de cookies podr\u00e1s encontrar qu\u00e9 otro tipo de informaci\u00f3n recogeremos a trav\u00e9s del uso de cookies.<\/p>\n<p style=\"font-weight: 400; text-align: justify;\">Los datos personales que nos hayas facilitado pasar\u00e1n a formar parte de ficheros para su tratamiento con la finalidad, legitimaci\u00f3n, cesiones y periodos de conservaci\u00f3n que se detallan en este documento, y que declaras conocer.<\/p>\n<p>\u00a0<\/p>\n<h3 style=\"font-weight: 400; text-align: center;\"><strong>\u00bfCu\u00e1nto tiempo conservamos tus datos?<\/strong><\/h3>\n<p style=\"font-weight: 400; text-align: justify;\">El plazo de conservaci\u00f3n de tus datos personales depender\u00e1 de las finalidades para las que se han obtenido y tratado, en concreto:<\/p>\n<p style=\"font-weight: 400; text-align: justify;\">&#8211; Gestionar la Cuenta de Usuario:<br \/>Trataremos tus datos personales durante el tiempo en que mantengas la condici\u00f3n de usuario registrado, esto es, hasta que decidas comunicarnos tu baja.<br \/>&#8211; Gestionar Compras:<br \/>Trataremos tus datos el tiempo necesario para gestionar la compra de los productos o servicios que hayas adquirido, incluyendo posibles devoluciones,\u00a0 incidencias o reclamaciones relacionadas con la compra.<br \/>Para el cumplimiento de obligaciones fiscales por nuestra parte, los datos de tu factura de compra los conservaremos el plazo establecido por la legislaci\u00f3n para la prescripci\u00f3n de responsabilidades que actualmente es de 4 a\u00f1os. Durante este periodo tus datos permanecer\u00e1n bloqueados.<br \/>&#8211; Comunicaciones de marketing individualizadas:<br \/>Trataremos tus datos personales hasta que solicites tu exclusi\u00f3n de las comunicaciones comerciales relacionadas con tus adquisiciones.<br \/>&#8211; Acciones de Atenci\u00f3n al Usuario:<br \/>Trataremos tus datos el tiempo necesario para atender tu solicitud, petici\u00f3n, incidencia o ejercicio de derechos.<\/p>\n<p style=\"font-weight: 400; text-align: justify;\">Una vez finalizados los plazos, los datos ser\u00e1n eliminados de nuestros registros.<\/p>\n<p>\u00a0<\/p>\n<h3 style=\"font-weight: 400; text-align: center;\"><strong>\u00bfCon qui\u00e9n compartimos tus datos?<\/strong><\/h3>\n<p style=\"font-weight: 400; text-align: justify;\">Para el cumplimiento de las finalidades expresadas, tus datos personales ser\u00e1n comunicados a prestadores de servicios auxiliares que nos facilitan la prestaci\u00f3n\u00a0 de los servicios que te ofrecemos entre las que se encuentran:<\/p>\n<p style=\"font-weight: 400; text-align: justify;\">&#8211; Gestionar la Cuenta de Usuario:<br \/>&#8211; Gestionar Compras:<br \/>Entidades financieras para la gesti\u00f3n de los pagos y devoluciones y prevenci\u00f3n del fraude.<br \/>Proveedores de servicios de transporte, log\u00edstica y entrega.<br \/>&#8211; Comunicaciones de marketing individualizadas:<br \/>&#8211; Acciones de Atenci\u00f3n al Usuario:<\/p>\n<p style=\"font-weight: 400; text-align: justify;\">Colaboradores que nos asesoran en los distintos cumplimientos normativos a los que estamos obligados.<\/p>\n<p style=\"font-weight: 400; text-align: justify;\">Algunos de los mencionados prestadores de servicios no est\u00e1n ubicados en territorios de la Uni\u00f3n Europea por lo que realizaremos transferencias internacionales con tus datos personales a estos pa\u00edses. En estos casos estas transferencias se realizaran con las garant\u00edas adecuadas y velando por la seguridad de tus datos a trav\u00e9s de la formalizaci\u00f3n de Cl\u00e1usulas Contractuales Tipo aprobadas por la Comisi\u00f3n Europea.<\/p>\n<p style=\"font-weight: 400; text-align: justify;\">Tambi\u00e9n cederemos tus datos personales a Organismos o Administraciones p\u00fablicas a las que estemos obligados por exigencia legal.<\/p>\n<p style=\"font-weight: 400; text-align: justify;\">Puedes solicitar una lista de estas empresas y organismo a trav\u00e9s de nuestro email lopd@edutedis.com.<\/p>\n<p>\u00a0<\/p>\n<h3 style=\"font-weight: 400; text-align: center;\"><strong>\u00bfQu\u00e9 derechos tienes sobre tus datos personales?<\/strong><\/h3>\n<p style=\"font-weight: 400; text-align: justify;\">Con independencia de la justificaci\u00f3n legal con la que hemos realizado el tratamiento de tus datos personales, tienes una serie de derechos que puedes ejercer ante SINCHI, S.L., mediante comunicaci\u00f3n al email lopd@edutedis.com.<\/p>\n<ul style=\"font-weight: 400; text-align: justify;\">\n<li>Derecho de acceso a los datos personales que tenemos de ti.<\/li>\n<\/ul>\n<p style=\"font-weight: 400; text-align: justify;\">Puedes solicitarnos que te facilitemos tus datos personales mediante el email facilitado.<br \/>Te recordamos que como usuario registrado puedes consultar esos datos en la web, en la secci\u00f3n correspondiente a tu perfil.<\/p>\n<ul style=\"font-weight: 400; text-align: justify;\">\n<li>Derecho a la rectificaci\u00f3n de tus datos personales.<\/li>\n<\/ul>\n<p style=\"font-weight: 400; text-align: justify;\">Recuerda que puedes realizar la correcci\u00f3n t\u00fa mismo en la secci\u00f3n correspondiente a tu perfil en la plataforma. Como tus datos personales han sido introducidos directamente por ti en la web, la actualizaci\u00f3n y veracidad de estos datos, as\u00ed como los perjuicios derivados de proporcionar datos inexactos o no veraces es responsabilidad tuya.<\/p>\n<ul style=\"text-align: justify;\">\n<li>Derecho a que suprimamos tus datos.<\/li>\n<\/ul>\n<p style=\"font-weight: 400; text-align: justify;\">Puedes solicitarnos que eliminemos tus datos personales en la medida en que ya no sean necesarios para la finalidad para los que necesitemos tratarlos o que ya no contemos con legitimaci\u00f3n para hacerlo o hayas revocado un consentimiento otorgado.<\/p>\n<p style=\"font-weight: 400; text-align: justify;\">Cuando ejerzas este derecho de supresi\u00f3n, bloquearemos tus datos personales para cualquier tipo de tratamiento durante el periodo de conservaci\u00f3n que te hemos indicado m\u00e1s arriba. Y una vez transcurrido el mismo procederemos a su eliminaci\u00f3n definitiva.<\/p>\n<ul style=\"font-weight: 400; text-align: justify;\">\n<li>Derecho a que limitemos el tratamiento de tus datos, lo que supone que en determinados casos puedas solicitarnos que suspendamos temporalmente el tratamiento de los datos o que los conservemos m\u00e1s all\u00e1 del tiempo necesario cuando puedas necesitarlo.<\/li>\n<\/ul>\n<ul style=\"font-weight: 400; text-align: justify;\">\n<li>Derecho a solicitar la portabilidad de tus datos personales. Esto significa que tendr\u00e1s derecho a recibir los datos personales que nos hayas facilitado en un formato estructurado, de uso com\u00fan y legible por una m\u00e1quina, para poder transmitirlo a otra entidad directamente, siempre que t\u00e9cnicamente sea posible.<\/li>\n<\/ul>\n<ul style=\"font-weight: 400; text-align: justify;\">\n<li>Tambi\u00e9n puedes presentar una reclamaci\u00f3n ante la autoridad de control en materia de protecci\u00f3n de datos, en particular, ante la Agencia Espa\u00f1ola de Protecci\u00f3n de Datos.<\/li>\n<\/ul>\n<p>\u00a0<\/p>\n<p style=\"font-weight: 400; text-align: justify;\"><strong>Cambios en la Pol\u00edtica de Privacidad<\/strong><\/p>\n<p style=\"font-weight: 400; text-align: justify;\">Es posible que adaptemos o modifiquemos la informaci\u00f3n contenida en esta Pol\u00edtica de Privacidad cuando lo estimemos conveniente o incorporemos nuevas funcionalidades en la web que as\u00ed lo exijan.<\/p>\n<p style=\"font-weight: 400; text-align: justify;\">En caso de que lo hagamos, te lo notificaremos mediante un banner informativo en la propia web.<\/p>\n<p style=\"font-weight: 400; text-align: justify;\">Te aconsejamos revises peri\u00f3dicamente esta Pol\u00edtica de Privacidad.<\/p>\n\n","protected":false},"excerpt":{"rendered":"","protected":false},"author":1,"featured_media":0,"parent":6963,"menu_order":0,"comment_status":"closed","ping_status":"closed","template":"","meta":{"_joinchat":[],"footnotes":""},"class_list":["post-7019","page","type-page","status-publish","hentry"],"yoast_head":"<!-- This site is optimized with the Yoast SEO plugin v27.4 - https:\/\/yoast.com\/product\/yoast-seo-wordpress\/ -->\n<title>Pol\u00edtica de Privacidad - SINCHI RAP\u00c9<\/title>\n<meta name=\"robots\" content=\"index, follow, max-snippet:-1, max-image-preview:large, max-video-preview:-1\" \/>\n<link rel=\"canonical\" href=\"https:\/\/www.sinchisinchi.com\/es\/terminos-y-condiciones\/politica-de-privacidad\/\" \/>\n<meta property=\"og:locale\" content=\"es_ES\" \/>\n<meta property=\"og:type\" content=\"article\" \/>\n<meta property=\"og:title\" content=\"Pol\u00edtica de Privacidad - SINCHI RAP\u00c9\" \/>\n<meta property=\"og:url\" content=\"https:\/\/www.sinchisinchi.com\/es\/terminos-y-condiciones\/politica-de-privacidad\/\" \/>\n<meta property=\"og:site_name\" content=\"SINCHI RAP\u00c9\" \/>\n<meta property=\"article:publisher\" content=\"https:\/\/www.facebook.com\/sinchirape\/\" \/>\n<meta property=\"article:modified_time\" content=\"2024-07-15T15:02:14+00:00\" \/>\n<meta name=\"twitter:card\" content=\"summary_large_image\" \/>\n<meta name=\"twitter:label1\" content=\"Tiempo de lectura\" \/>\n\t<meta name=\"twitter:data1\" content=\"9 minutos\" \/>\n<script type=\"application\/ld+json\" class=\"yoast-schema-graph\">{\"@context\":\"https:\\\/\\\/schema.org\",\"@graph\":[{\"@type\":\"WebPage\",\"@id\":\"https:\\\/\\\/www.sinchisinchi.com\\\/es\\\/terminos-y-condiciones\\\/politica-de-privacidad\\\/\",\"url\":\"https:\\\/\\\/www.sinchisinchi.com\\\/es\\\/terminos-y-condiciones\\\/politica-de-privacidad\\\/\",\"name\":\"Pol\u00edtica de Privacidad - SINCHI RAP\u00c9\",\"isPartOf\":{\"@id\":\"https:\\\/\\\/www.sinchisinchi.com\\\/es\\\/#website\"},\"datePublished\":\"2022-12-02T01:13:15+00:00\",\"dateModified\":\"2024-07-15T15:02:14+00:00\",\"breadcrumb\":{\"@id\":\"https:\\\/\\\/www.sinchisinchi.com\\\/es\\\/terminos-y-condiciones\\\/politica-de-privacidad\\\/#breadcrumb\"},\"inLanguage\":\"es\",\"potentialAction\":[{\"@type\":\"ReadAction\",\"target\":[\"https:\\\/\\\/www.sinchisinchi.com\\\/es\\\/terminos-y-condiciones\\\/politica-de-privacidad\\\/\"]}]},{\"@type\":\"BreadcrumbList\",\"@id\":\"https:\\\/\\\/www.sinchisinchi.com\\\/es\\\/terminos-y-condiciones\\\/politica-de-privacidad\\\/#breadcrumb\",\"itemListElement\":[{\"@type\":\"ListItem\",\"position\":1,\"name\":\"Prima pagina\",\"item\":\"https:\\\/\\\/www.sinchisinchi.com\\\/es\\\/\"},{\"@type\":\"ListItem\",\"position\":2,\"name\":\"T\u00e9rminos y condiciones\",\"item\":\"https:\\\/\\\/www.sinchisinchi.com\\\/es\\\/terminos-y-condiciones\\\/\"},{\"@type\":\"ListItem\",\"position\":3,\"name\":\"Pol\u00edtica de Privacidad\"}]},{\"@type\":\"WebSite\",\"@id\":\"https:\\\/\\\/www.sinchisinchi.com\\\/es\\\/#website\",\"url\":\"https:\\\/\\\/www.sinchisinchi.com\\\/es\\\/\",\"name\":\"SINCHI\",\"description\":\"Sinchi Medicine\",\"publisher\":{\"@id\":\"https:\\\/\\\/www.sinchisinchi.com\\\/es\\\/#organization\"},\"potentialAction\":[{\"@type\":\"SearchAction\",\"target\":{\"@type\":\"EntryPoint\",\"urlTemplate\":\"https:\\\/\\\/www.sinchisinchi.com\\\/es\\\/?s={search_term_string}\"},\"query-input\":{\"@type\":\"PropertyValueSpecification\",\"valueRequired\":true,\"valueName\":\"search_term_string\"}}],\"inLanguage\":\"es\"},{\"@type\":\"Organization\",\"@id\":\"https:\\\/\\\/www.sinchisinchi.com\\\/es\\\/#organization\",\"name\":\"SINCHI S.L\",\"url\":\"https:\\\/\\\/www.sinchisinchi.com\\\/es\\\/\",\"logo\":{\"@type\":\"ImageObject\",\"inLanguage\":\"es\",\"@id\":\"https:\\\/\\\/www.sinchisinchi.com\\\/es\\\/#\\\/schema\\\/logo\\\/image\\\/\",\"url\":\"https:\\\/\\\/www.sinchisinchi.com\\\/wp-content\\\/uploads\\\/2026\\\/01\\\/3b-Verde-SIMPLIFICADO-HORIZONTAL-F-TRANSPARENTE-scaled.png\",\"contentUrl\":\"https:\\\/\\\/www.sinchisinchi.com\\\/wp-content\\\/uploads\\\/2026\\\/01\\\/3b-Verde-SIMPLIFICADO-HORIZONTAL-F-TRANSPARENTE-scaled.png\",\"width\":2560,\"height\":457,\"caption\":\"SINCHI S.L\"},\"image\":{\"@id\":\"https:\\\/\\\/www.sinchisinchi.com\\\/es\\\/#\\\/schema\\\/logo\\\/image\\\/\"},\"sameAs\":[\"https:\\\/\\\/www.facebook.com\\\/sinchirape\\\/\",\"https:\\\/\\\/www.instagram.com\\\/sinchi_rape\\\/\"]}]}<\/script>\n<!-- \/ Yoast SEO plugin. -->","yoast_head_json":{"title":"Pol\u00edtica de Privacidad - SINCHI RAP\u00c9","robots":{"index":"index","follow":"follow","max-snippet":"max-snippet:-1","max-image-preview":"max-image-preview:large","max-video-preview":"max-video-preview:-1"},"canonical":"https:\/\/www.sinchisinchi.com\/es\/terminos-y-condiciones\/politica-de-privacidad\/","og_locale":"es_ES","og_type":"article","og_title":"Pol\u00edtica de Privacidad - SINCHI RAP\u00c9","og_url":"https:\/\/www.sinchisinchi.com\/es\/terminos-y-condiciones\/politica-de-privacidad\/","og_site_name":"SINCHI RAP\u00c9","article_publisher":"https:\/\/www.facebook.com\/sinchirape\/","article_modified_time":"2024-07-15T15:02:14+00:00","twitter_card":"summary_large_image","twitter_misc":{"Tiempo de lectura":"9 minutos"},"schema":{"@context":"https:\/\/schema.org","@graph":[{"@type":"WebPage","@id":"https:\/\/www.sinchisinchi.com\/es\/terminos-y-condiciones\/politica-de-privacidad\/","url":"https:\/\/www.sinchisinchi.com\/es\/terminos-y-condiciones\/politica-de-privacidad\/","name":"Pol\u00edtica de Privacidad - SINCHI RAP\u00c9","isPartOf":{"@id":"https:\/\/www.sinchisinchi.com\/es\/#website"},"datePublished":"2022-12-02T01:13:15+00:00","dateModified":"2024-07-15T15:02:14+00:00","breadcrumb":{"@id":"https:\/\/www.sinchisinchi.com\/es\/terminos-y-condiciones\/politica-de-privacidad\/#breadcrumb"},"inLanguage":"es","potentialAction":[{"@type":"ReadAction","target":["https:\/\/www.sinchisinchi.com\/es\/terminos-y-condiciones\/politica-de-privacidad\/"]}]},{"@type":"BreadcrumbList","@id":"https:\/\/www.sinchisinchi.com\/es\/terminos-y-condiciones\/politica-de-privacidad\/#breadcrumb","itemListElement":[{"@type":"ListItem","position":1,"name":"Prima pagina","item":"https:\/\/www.sinchisinchi.com\/es\/"},{"@type":"ListItem","position":2,"name":"T\u00e9rminos y condiciones","item":"https:\/\/www.sinchisinchi.com\/es\/terminos-y-condiciones\/"},{"@type":"ListItem","position":3,"name":"Pol\u00edtica de Privacidad"}]},{"@type":"WebSite","@id":"https:\/\/www.sinchisinchi.com\/es\/#website","url":"https:\/\/www.sinchisinchi.com\/es\/","name":"SINCHI","description":"Sinchi Medicine","publisher":{"@id":"https:\/\/www.sinchisinchi.com\/es\/#organization"},"potentialAction":[{"@type":"SearchAction","target":{"@type":"EntryPoint","urlTemplate":"https:\/\/www.sinchisinchi.com\/es\/?s={search_term_string}"},"query-input":{"@type":"PropertyValueSpecification","valueRequired":true,"valueName":"search_term_string"}}],"inLanguage":"es"},{"@type":"Organization","@id":"https:\/\/www.sinchisinchi.com\/es\/#organization","name":"SINCHI S.L","url":"https:\/\/www.sinchisinchi.com\/es\/","logo":{"@type":"ImageObject","inLanguage":"es","@id":"https:\/\/www.sinchisinchi.com\/es\/#\/schema\/logo\/image\/","url":"https:\/\/www.sinchisinchi.com\/wp-content\/uploads\/2026\/01\/3b-Verde-SIMPLIFICADO-HORIZONTAL-F-TRANSPARENTE-scaled.png","contentUrl":"https:\/\/www.sinchisinchi.com\/wp-content\/uploads\/2026\/01\/3b-Verde-SIMPLIFICADO-HORIZONTAL-F-TRANSPARENTE-scaled.png","width":2560,"height":457,"caption":"SINCHI S.L"},"image":{"@id":"https:\/\/www.sinchisinchi.com\/es\/#\/schema\/logo\/image\/"},"sameAs":["https:\/\/www.facebook.com\/sinchirape\/","https:\/\/www.instagram.com\/sinchi_rape\/"]}]}},"_links":{"self":[{"href":"https:\/\/www.sinchisinchi.com\/es\/wp-json\/wp\/v2\/pages\/7019","targetHints":{"allow":["GET"]}}],"collection":[{"href":"https:\/\/www.sinchisinchi.com\/es\/wp-json\/wp\/v2\/pages"}],"about":[{"href":"https:\/\/www.sinchisinchi.com\/es\/wp-json\/wp\/v2\/types\/page"}],"author":[{"embeddable":true,"href":"https:\/\/www.sinchisinchi.com\/es\/wp-json\/wp\/v2\/users\/1"}],"replies":[{"embeddable":true,"href":"https:\/\/www.sinchisinchi.com\/es\/wp-json\/wp\/v2\/comments?post=7019"}],"version-history":[{"count":0,"href":"https:\/\/www.sinchisinchi.com\/es\/wp-json\/wp\/v2\/pages\/7019\/revisions"}],"up":[{"embeddable":true,"href":"https:\/\/www.sinchisinchi.com\/es\/wp-json\/wp\/v2\/pages\/6963"}],"wp:attachment":[{"href":"https:\/\/www.sinchisinchi.com\/es\/wp-json\/wp\/v2\/media?parent=7019"}],"curies":[{"name":"wp","href":"https:\/\/api.w.org\/{rel}","templated":true}]}}