{"id":11359,"date":"2023-12-15T20:45:44","date_gmt":"2023-12-15T20:45:44","guid":{"rendered":"https:\/\/www.sinchisinchi.com\/?post_type=product&#038;p=11359"},"modified":"2026-01-13T08:15:03","modified_gmt":"2026-01-13T08:15:03","slug":"salvia-azul","status":"publish","type":"product","link":"https:\/\/www.sinchisinchi.com\/es\/producto\/salvia-azul\/","title":{"rendered":"Salvia Azul"},"content":{"rendered":"<h3 style=\"text-align: center;\"><span style=\"color: #000000;\">Atado para Sahumerio de hojas de Salvia Azul (Salvia farin\u00e1cea)<\/span><\/h3>\n","protected":false},"excerpt":{"rendered":"<p style=\"font-weight: 400;\"><span style=\"color: #000000;\">Atado para Sahumerio de hojas de Salvia Azul (Salvia farin\u00e1cea), una encantadora planta originaria del suroeste de Estados Unidos y M\u00e9xico que destaca por su colorida floraci\u00f3n azul.<\/span><\/p>\n<p style=\"font-weight: 400;\"><span style=\"color: #000000;\">La Salvia Azul presenta hojas estrechas y ligeramente peludas, formando una base verde exuberante que sirve como tel\u00f3n de fondo para sus espectaculares racimos florales. Las flores se agrupan en espigas altas y esbeltas.<\/span><\/p>\n<p style=\"font-weight: 400;\"><span style=\"color: #000000;\">La Salvia es especialmente apreciada en rituales de limpieza, conexi\u00f3n y protecci\u00f3n gracias a sus poderosas propiedades.<\/span><\/p>\n","protected":false},"featured_media":11360,"template":"","meta":{"_joinchat":[]},"product_brand":[],"product_cat":[264],"product_tag":[],"class_list":{"0":"post-11359","1":"product","2":"type-product","3":"status-publish","4":"has-post-thumbnail","6":"product_cat-sage-2-2","8":"first","9":"instock","10":"taxable","11":"shipping-taxable","12":"purchasable","13":"product-type-simple"},"yoast_head":"<!-- This site is optimized with the Yoast SEO plugin v27.4 - https:\/\/yoast.com\/product\/yoast-seo-wordpress\/ -->\n<title>Atado de Salvia Azul: Tienda de Sahumerios Cham\u00e1nicos<\/title>\n<meta name=\"description\" content=\"Atado para Sahumerio de hojas de Salvia Azul (Salvia farin\u00e1cea), una encantadora planta que destaca por su colorida floraci\u00f3n azul.\" \/>\n<meta name=\"robots\" content=\"index, follow, max-snippet:-1, max-image-preview:large, max-video-preview:-1\" \/>\n<link rel=\"canonical\" href=\"https:\/\/www.sinchisinchi.com\/es\/producto\/salvia-azul\/\" \/>\n<meta property=\"og:locale\" content=\"es_ES\" \/>\n<meta property=\"og:type\" content=\"article\" \/>\n<meta property=\"og:title\" content=\"Atado de Salvia Azul: Tienda de Sahumerios Cham\u00e1nicos\" \/>\n<meta property=\"og:description\" content=\"Atado para Sahumerio de hojas de Salvia Azul (Salvia farin\u00e1cea), una encantadora planta que destaca por su colorida floraci\u00f3n azul.\" \/>\n<meta property=\"og:url\" content=\"https:\/\/www.sinchisinchi.com\/es\/producto\/salvia-azul\/\" \/>\n<meta property=\"og:site_name\" content=\"SINCHI RAP\u00c9\" \/>\n<meta property=\"article:publisher\" content=\"https:\/\/www.facebook.com\/sinchirape\/\" \/>\n<meta property=\"article:modified_time\" content=\"2026-01-13T08:15:03+00:00\" \/>\n<meta property=\"og:image\" content=\"https:\/\/www.sinchisinchi.com\/wp-content\/uploads\/2023\/12\/salvia-azul-california-salvia-farinacea-1.jpeg\" \/>\n\t<meta property=\"og:image:width\" content=\"1000\" \/>\n\t<meta property=\"og:image:height\" content=\"1000\" \/>\n\t<meta property=\"og:image:type\" content=\"image\/jpeg\" \/>\n<meta name=\"twitter:card\" content=\"summary_large_image\" \/>\n<meta name=\"twitter:label1\" content=\"Tiempo de lectura\" \/>\n\t<meta name=\"twitter:data1\" content=\"1 minuto\" \/>\n<script type=\"application\/ld+json\" class=\"yoast-schema-graph\">{\"@context\":\"https:\\\/\\\/schema.org\",\"@graph\":[{\"@type\":\"WebPage\",\"@id\":\"https:\\\/\\\/www.sinchisinchi.com\\\/es\\\/producto\\\/salvia-azul\\\/\",\"url\":\"https:\\\/\\\/www.sinchisinchi.com\\\/es\\\/producto\\\/salvia-azul\\\/\",\"name\":\"Atado de Salvia Azul: Tienda de Sahumerios Cham\u00e1nicos\",\"isPartOf\":{\"@id\":\"https:\\\/\\\/www.sinchisinchi.com\\\/es\\\/#website\"},\"primaryImageOfPage\":{\"@id\":\"https:\\\/\\\/www.sinchisinchi.com\\\/es\\\/producto\\\/salvia-azul\\\/#primaryimage\"},\"image\":{\"@id\":\"https:\\\/\\\/www.sinchisinchi.com\\\/es\\\/producto\\\/salvia-azul\\\/#primaryimage\"},\"thumbnailUrl\":\"https:\\\/\\\/www.sinchisinchi.com\\\/wp-content\\\/uploads\\\/2023\\\/12\\\/salvia-azul-california-salvia-farinacea-1.jpeg\",\"datePublished\":\"2023-12-15T20:45:44+00:00\",\"dateModified\":\"2026-01-13T08:15:03+00:00\",\"description\":\"Atado para Sahumerio de hojas de Salvia Azul (Salvia farin\u00e1cea), una encantadora planta que destaca por su colorida floraci\u00f3n azul.\",\"breadcrumb\":{\"@id\":\"https:\\\/\\\/www.sinchisinchi.com\\\/es\\\/producto\\\/salvia-azul\\\/#breadcrumb\"},\"inLanguage\":\"es\",\"potentialAction\":[{\"@type\":\"ReadAction\",\"target\":[\"https:\\\/\\\/www.sinchisinchi.com\\\/es\\\/producto\\\/salvia-azul\\\/\"]}]},{\"@type\":\"ImageObject\",\"inLanguage\":\"es\",\"@id\":\"https:\\\/\\\/www.sinchisinchi.com\\\/es\\\/producto\\\/salvia-azul\\\/#primaryimage\",\"url\":\"https:\\\/\\\/www.sinchisinchi.com\\\/wp-content\\\/uploads\\\/2023\\\/12\\\/salvia-azul-california-salvia-farinacea-1.jpeg\",\"contentUrl\":\"https:\\\/\\\/www.sinchisinchi.com\\\/wp-content\\\/uploads\\\/2023\\\/12\\\/salvia-azul-california-salvia-farinacea-1.jpeg\",\"width\":1000,\"height\":1000},{\"@type\":\"BreadcrumbList\",\"@id\":\"https:\\\/\\\/www.sinchisinchi.com\\\/es\\\/producto\\\/salvia-azul\\\/#breadcrumb\",\"itemListElement\":[{\"@type\":\"ListItem\",\"position\":1,\"name\":\"Prima pagina\",\"item\":\"https:\\\/\\\/www.sinchisinchi.com\\\/es\\\/\"},{\"@type\":\"ListItem\",\"position\":2,\"name\":\"Productos\",\"item\":\"https:\\\/\\\/www.sinchisinchi.com\\\/es\\\/shop\\\/\"},{\"@type\":\"ListItem\",\"position\":3,\"name\":\"Salvia Azul\"}]},{\"@type\":\"WebSite\",\"@id\":\"https:\\\/\\\/www.sinchisinchi.com\\\/es\\\/#website\",\"url\":\"https:\\\/\\\/www.sinchisinchi.com\\\/es\\\/\",\"name\":\"SINCHI\",\"description\":\"Sinchi Medicine\",\"publisher\":{\"@id\":\"https:\\\/\\\/www.sinchisinchi.com\\\/es\\\/#organization\"},\"potentialAction\":[{\"@type\":\"SearchAction\",\"target\":{\"@type\":\"EntryPoint\",\"urlTemplate\":\"https:\\\/\\\/www.sinchisinchi.com\\\/es\\\/?s={search_term_string}\"},\"query-input\":{\"@type\":\"PropertyValueSpecification\",\"valueRequired\":true,\"valueName\":\"search_term_string\"}}],\"inLanguage\":\"es\"},{\"@type\":\"Organization\",\"@id\":\"https:\\\/\\\/www.sinchisinchi.com\\\/es\\\/#organization\",\"name\":\"SINCHI S.L\",\"url\":\"https:\\\/\\\/www.sinchisinchi.com\\\/es\\\/\",\"logo\":{\"@type\":\"ImageObject\",\"inLanguage\":\"es\",\"@id\":\"https:\\\/\\\/www.sinchisinchi.com\\\/es\\\/#\\\/schema\\\/logo\\\/image\\\/\",\"url\":\"https:\\\/\\\/www.sinchisinchi.com\\\/wp-content\\\/uploads\\\/2026\\\/01\\\/3b-Verde-SIMPLIFICADO-HORIZONTAL-F-TRANSPARENTE-scaled.png\",\"contentUrl\":\"https:\\\/\\\/www.sinchisinchi.com\\\/wp-content\\\/uploads\\\/2026\\\/01\\\/3b-Verde-SIMPLIFICADO-HORIZONTAL-F-TRANSPARENTE-scaled.png\",\"width\":2560,\"height\":457,\"caption\":\"SINCHI S.L\"},\"image\":{\"@id\":\"https:\\\/\\\/www.sinchisinchi.com\\\/es\\\/#\\\/schema\\\/logo\\\/image\\\/\"},\"sameAs\":[\"https:\\\/\\\/www.facebook.com\\\/sinchirape\\\/\",\"https:\\\/\\\/www.instagram.com\\\/sinchi_rape\\\/\"]}]}<\/script>\n<!-- \/ Yoast SEO plugin. -->","yoast_head_json":{"title":"Atado de Salvia Azul: Tienda de Sahumerios Cham\u00e1nicos","description":"Atado para Sahumerio de hojas de Salvia Azul (Salvia farin\u00e1cea), una encantadora planta que destaca por su colorida floraci\u00f3n azul.","robots":{"index":"index","follow":"follow","max-snippet":"max-snippet:-1","max-image-preview":"max-image-preview:large","max-video-preview":"max-video-preview:-1"},"canonical":"https:\/\/www.sinchisinchi.com\/es\/producto\/salvia-azul\/","og_locale":"es_ES","og_type":"article","og_title":"Atado de Salvia Azul: Tienda de Sahumerios Cham\u00e1nicos","og_description":"Atado para Sahumerio de hojas de Salvia Azul (Salvia farin\u00e1cea), una encantadora planta que destaca por su colorida floraci\u00f3n azul.","og_url":"https:\/\/www.sinchisinchi.com\/es\/producto\/salvia-azul\/","og_site_name":"SINCHI RAP\u00c9","article_publisher":"https:\/\/www.facebook.com\/sinchirape\/","article_modified_time":"2026-01-13T08:15:03+00:00","og_image":[{"width":1000,"height":1000,"url":"https:\/\/www.sinchisinchi.com\/wp-content\/uploads\/2023\/12\/salvia-azul-california-salvia-farinacea-1.jpeg","type":"image\/jpeg"}],"twitter_card":"summary_large_image","twitter_misc":{"Tiempo de lectura":"1 minuto"},"schema":{"@context":"https:\/\/schema.org","@graph":[{"@type":"WebPage","@id":"https:\/\/www.sinchisinchi.com\/es\/producto\/salvia-azul\/","url":"https:\/\/www.sinchisinchi.com\/es\/producto\/salvia-azul\/","name":"Atado de Salvia Azul: Tienda de Sahumerios Cham\u00e1nicos","isPartOf":{"@id":"https:\/\/www.sinchisinchi.com\/es\/#website"},"primaryImageOfPage":{"@id":"https:\/\/www.sinchisinchi.com\/es\/producto\/salvia-azul\/#primaryimage"},"image":{"@id":"https:\/\/www.sinchisinchi.com\/es\/producto\/salvia-azul\/#primaryimage"},"thumbnailUrl":"https:\/\/www.sinchisinchi.com\/wp-content\/uploads\/2023\/12\/salvia-azul-california-salvia-farinacea-1.jpeg","datePublished":"2023-12-15T20:45:44+00:00","dateModified":"2026-01-13T08:15:03+00:00","description":"Atado para Sahumerio de hojas de Salvia Azul (Salvia farin\u00e1cea), una encantadora planta que destaca por su colorida floraci\u00f3n azul.","breadcrumb":{"@id":"https:\/\/www.sinchisinchi.com\/es\/producto\/salvia-azul\/#breadcrumb"},"inLanguage":"es","potentialAction":[{"@type":"ReadAction","target":["https:\/\/www.sinchisinchi.com\/es\/producto\/salvia-azul\/"]}]},{"@type":"ImageObject","inLanguage":"es","@id":"https:\/\/www.sinchisinchi.com\/es\/producto\/salvia-azul\/#primaryimage","url":"https:\/\/www.sinchisinchi.com\/wp-content\/uploads\/2023\/12\/salvia-azul-california-salvia-farinacea-1.jpeg","contentUrl":"https:\/\/www.sinchisinchi.com\/wp-content\/uploads\/2023\/12\/salvia-azul-california-salvia-farinacea-1.jpeg","width":1000,"height":1000},{"@type":"BreadcrumbList","@id":"https:\/\/www.sinchisinchi.com\/es\/producto\/salvia-azul\/#breadcrumb","itemListElement":[{"@type":"ListItem","position":1,"name":"Prima pagina","item":"https:\/\/www.sinchisinchi.com\/es\/"},{"@type":"ListItem","position":2,"name":"Productos","item":"https:\/\/www.sinchisinchi.com\/es\/shop\/"},{"@type":"ListItem","position":3,"name":"Salvia Azul"}]},{"@type":"WebSite","@id":"https:\/\/www.sinchisinchi.com\/es\/#website","url":"https:\/\/www.sinchisinchi.com\/es\/","name":"SINCHI","description":"Sinchi Medicine","publisher":{"@id":"https:\/\/www.sinchisinchi.com\/es\/#organization"},"potentialAction":[{"@type":"SearchAction","target":{"@type":"EntryPoint","urlTemplate":"https:\/\/www.sinchisinchi.com\/es\/?s={search_term_string}"},"query-input":{"@type":"PropertyValueSpecification","valueRequired":true,"valueName":"search_term_string"}}],"inLanguage":"es"},{"@type":"Organization","@id":"https:\/\/www.sinchisinchi.com\/es\/#organization","name":"SINCHI S.L","url":"https:\/\/www.sinchisinchi.com\/es\/","logo":{"@type":"ImageObject","inLanguage":"es","@id":"https:\/\/www.sinchisinchi.com\/es\/#\/schema\/logo\/image\/","url":"https:\/\/www.sinchisinchi.com\/wp-content\/uploads\/2026\/01\/3b-Verde-SIMPLIFICADO-HORIZONTAL-F-TRANSPARENTE-scaled.png","contentUrl":"https:\/\/www.sinchisinchi.com\/wp-content\/uploads\/2026\/01\/3b-Verde-SIMPLIFICADO-HORIZONTAL-F-TRANSPARENTE-scaled.png","width":2560,"height":457,"caption":"SINCHI S.L"},"image":{"@id":"https:\/\/www.sinchisinchi.com\/es\/#\/schema\/logo\/image\/"},"sameAs":["https:\/\/www.facebook.com\/sinchirape\/","https:\/\/www.instagram.com\/sinchi_rape\/"]}]}},"_links":{"self":[{"href":"https:\/\/www.sinchisinchi.com\/es\/wp-json\/wp\/v2\/product\/11359","targetHints":{"allow":["GET"]}}],"collection":[{"href":"https:\/\/www.sinchisinchi.com\/es\/wp-json\/wp\/v2\/product"}],"about":[{"href":"https:\/\/www.sinchisinchi.com\/es\/wp-json\/wp\/v2\/types\/product"}],"wp:featuredmedia":[{"embeddable":true,"href":"https:\/\/www.sinchisinchi.com\/es\/wp-json\/wp\/v2\/media\/11360"}],"wp:attachment":[{"href":"https:\/\/www.sinchisinchi.com\/es\/wp-json\/wp\/v2\/media?parent=11359"}],"wp:term":[{"taxonomy":"product_brand","embeddable":true,"href":"https:\/\/www.sinchisinchi.com\/es\/wp-json\/wp\/v2\/product_brand?post=11359"},{"taxonomy":"product_cat","embeddable":true,"href":"https:\/\/www.sinchisinchi.com\/es\/wp-json\/wp\/v2\/product_cat?post=11359"},{"taxonomy":"product_tag","embeddable":true,"href":"https:\/\/www.sinchisinchi.com\/es\/wp-json\/wp\/v2\/product_tag?post=11359"}],"curies":[{"name":"wp","href":"https:\/\/api.w.org\/{rel}","templated":true}]}}