{"id":11855,"date":"2024-01-23T12:31:36","date_gmt":"2024-01-23T12:31:36","guid":{"rendered":"https:\/\/www.sinchisinchi.com\/?post_type=product&#038;p=11855"},"modified":"2026-01-13T08:14:27","modified_gmt":"2026-01-13T08:14:27","slug":"palo-santo-300-gr","status":"publish","type":"product","link":"https:\/\/www.sinchisinchi.com\/es\/producto\/palo-santo-300-gr\/","title":{"rendered":"Palo Santo 300 gr"},"content":{"rendered":"<h2 style=\"font-weight: 400; text-align: center;\"><span style=\"color: #000000;\"><strong>Palo Santo, \u00e1rbol sagrado<\/strong><\/span><\/h2>\n<p style=\"font-weight: 400;\"><span style=\"color: #000000;\">Tras la ca\u00edda natural del \u00e1rbol, esta madera debe curarse naturalmente, lo que lleva un tiempo estimado de entre 4-8 a\u00f1os, donde diversos insectos y peque\u00f1os animales se posan por toda la madera, transformando la savia y el tronco. Despu\u00e9s de este largo proceso, esta madera se puede recolectar de los bosques, y ya ha adquirido su fuerte y \u00fanico aroma a Palo Santo.<\/span><\/p>\n<p style=\"font-weight: 400;\"><span style=\"color: #000000;\">Actualmente, Per\u00fa y Ecuador tienen leyes espec\u00edficas para la extracci\u00f3n de Palo Santo, y talar el \u00e1rbol es ilegal. Sin embargo, cuando el Palo Santo se obtiene de un \u00e1rbol que fue cortado mientras estaba vivo, se sabe que no se respet\u00f3 el tiempo natural de todo el proceso ya que el resultado es una madera sin aroma, que se quema r\u00e1pidamente y de color amarillo muy claro, casi blanco. El aroma debe ser dulce y amaderado.<\/span><\/p>\n<p style=\"font-weight: 400;\"><span style=\"color: #000000;\">El Palo Santo peruano no se considera un \u00e1rbol en peligro de extinci\u00f3n. Existen otras especies de Palo Santo distribuidas en las Islas Gal\u00e1pagos, M\u00e9xico, Chile, Bolivia, Uruguay, Paraguay, Argentina y Brasil, como Bulnesia sarmientoi, Bursera malacophylla, Guaiacum officinale, Guaiacum sanctum, algunas de las cuales se mencionan en la lista de \u201cespecies en extinci\u00f3n\u201d de la Uni\u00f3n Internacional para la Conservaci\u00f3n de la Naturaleza (UICN), pero no son la arom\u00e1tica madera arom\u00e1tica utilizada durante siglos y conocida mundialmente como Palo Santo.<\/span><\/p>\n<p style=\"font-weight: 400;\"><span style=\"color: #000000;\">La apariencia visual del Palo Santo indica, a trav\u00e9s de su coloraci\u00f3n amarillenta o anaranjada, si se trata de la especie Bursera graveolens, y cuanto m\u00e1s oscura sea su coloraci\u00f3n, m\u00e1s tiempo repos\u00f3 en el bosque y m\u00e1s tiempo tuvo para su proceso de transformaci\u00f3n.\u00a0<\/span><\/p>\n<p style=\"font-weight: 400;\"><span style=\"color: #000000;\">Adem\u00e1s de en Sahumerios o como repelente de insectos, tambi\u00e9n se considera una planta medicinal; La infusi\u00f3n de las hojas alivia los ataques de tos. La madera tambi\u00e9n se utiliza en forma de t\u00e9, mediante decocci\u00f3n, para aliviar los s\u00edntomas de la gripe, como la tos y la fiebre, y se debe utilizar en bajas cantidades ya que su sabor es muy amargo.<\/span><\/p>\n","protected":false},"excerpt":{"rendered":"<div>\n<p class=\"Cuerpo\"><span class=\"Ninguno\" style=\"color: #000000;\"><span lang=\"ES-TRAD\">El \u00e1rbol de Palo Santo (Bursera graveolens) es end\u00e9mico del norte de Per\u00fa y sur de Ecuador. Habita ecosistemas de tierra seca, bosques secos y bosques tropicales, desde el nivel del mar hasta los 600 metros de altitud. <\/span><\/span><\/p>\n<\/div>\n<div>\n<p class=\"Cuerpo\"><span class=\"Ninguno\" style=\"color: #000000;\"><span lang=\"ES-TRAD\">\u00a0<\/span><\/span><\/p>\n<\/div>\n<div>\n<p class=\"Cuerpo\"><span class=\"Ninguno\" style=\"color: #000000;\"><span lang=\"ES-TRAD\">Palo Santo ha sido conocido durante siglos como una planta m\u00e1gica y sagrada. Es un \u00e1rbol de tama\u00f1o mediano que alcanza entre 4 y 6 metros de altura. Su esperanza de vida es de entre 80 a 100 a\u00f1os.<\/span><\/span><\/p>\n<\/div>\n<div>\n<p class=\"Cuerpo\"><span class=\"Ninguno\" style=\"color: #000000;\"><span lang=\"ES-TRAD\">\u00a0<\/span><\/span><\/p>\n<\/div>\n<div>\n<p class=\"Cuerpo\"><span style=\"color: #000000;\"><span class=\"Ninguno\"><b><span lang=\"ES-TRAD\">Nombre Cient\u00edfico: <\/span><\/b><\/span><span class=\"Ninguno\"><span lang=\"ES-TRAD\">Bursera graveolens<\/span><\/span><\/span><\/p>\n<\/div>\n<div>\n<p class=\"Cuerpo\"><span class=\"Ninguno\" style=\"color: #000000;\"><span lang=\"ES-TRAD\">\u00a0<\/span><\/span><\/p>\n<\/div>\n<div>\n<p class=\"Cuerpo\"><span style=\"color: #000000;\"><span class=\"Ninguno\"><b><span lang=\"ES-TRAD\">Origen:<\/span><\/b><\/span><span class=\"Ninguno\"><span lang=\"ES-TRAD\"> Per\u00fa<\/span><\/span><\/span><\/p>\n<\/div>\n<div>\n<p class=\"Cuerpo\"><span class=\"Ninguno\" style=\"color: #000000;\"><span lang=\"ES-TRAD\">\u00a0<\/span><\/span><\/p>\n<\/div>\n<div>\n<p class=\"Cuerpo\"><span style=\"color: #000000;\"><span class=\"Ninguno\"><b><span lang=\"ES-TRAD\">Aroma:<\/span><\/b><\/span><span class=\"Ninguno\"><span lang=\"ES-TRAD\"> C\u00e1lido, amaderado, dulce<\/span><\/span><\/span><\/p>\n<\/div>\n","protected":false},"featured_media":11856,"template":"","meta":{"_joinchat":[]},"product_brand":[],"product_cat":[37],"product_tag":[],"class_list":{"0":"post-11855","1":"product","2":"type-product","3":"status-publish","4":"has-post-thumbnail","6":"product_cat-incense","8":"first","9":"instock","10":"taxable","11":"shipping-taxable","12":"purchasable","13":"product-type-simple"},"yoast_head":"<!-- This site is optimized with the Yoast SEO plugin v27.4 - https:\/\/yoast.com\/product\/yoast-seo-wordpress\/ -->\n<title>Comprar Palo Santo Online: Tienda de sahumerios cham\u00e1nicos.<\/title>\n<meta name=\"description\" content=\"Palo Santo ha sido conocido durante miles de a\u00f1os como un \u00e1rbol m\u00e1gico y sagrado usado por sus propiedades de limpieza y conexi\u00f3n.\" \/>\n<meta name=\"robots\" content=\"index, follow, max-snippet:-1, max-image-preview:large, max-video-preview:-1\" \/>\n<link rel=\"canonical\" href=\"https:\/\/www.sinchisinchi.com\/es\/producto\/palo-santo-300-gr\/\" \/>\n<meta property=\"og:locale\" content=\"es_ES\" \/>\n<meta property=\"og:type\" content=\"article\" \/>\n<meta property=\"og:title\" content=\"Comprar Palo Santo Online: Tienda de sahumerios cham\u00e1nicos.\" \/>\n<meta property=\"og:description\" content=\"Palo Santo ha sido conocido durante miles de a\u00f1os como un \u00e1rbol m\u00e1gico y sagrado usado por sus propiedades de limpieza y conexi\u00f3n.\" \/>\n<meta property=\"og:url\" content=\"https:\/\/www.sinchisinchi.com\/es\/producto\/palo-santo-300-gr\/\" \/>\n<meta property=\"og:site_name\" content=\"SINCHI RAP\u00c9\" \/>\n<meta property=\"article:publisher\" content=\"https:\/\/www.facebook.com\/sinchirape\/\" \/>\n<meta property=\"article:modified_time\" content=\"2026-01-13T08:14:27+00:00\" \/>\n<meta property=\"og:image\" content=\"https:\/\/www.sinchisinchi.com\/wp-content\/uploads\/2024\/01\/1-Palo-santo-300gr.jpg\" \/>\n\t<meta property=\"og:image:width\" content=\"1000\" \/>\n\t<meta property=\"og:image:height\" content=\"1000\" \/>\n\t<meta property=\"og:image:type\" content=\"image\/jpeg\" \/>\n<meta name=\"twitter:card\" content=\"summary_large_image\" \/>\n<meta name=\"twitter:label1\" content=\"Tiempo de lectura\" \/>\n\t<meta name=\"twitter:data1\" content=\"2 minutos\" \/>\n<script type=\"application\/ld+json\" class=\"yoast-schema-graph\">{\"@context\":\"https:\\\/\\\/schema.org\",\"@graph\":[{\"@type\":\"WebPage\",\"@id\":\"https:\\\/\\\/www.sinchisinchi.com\\\/es\\\/producto\\\/palo-santo-300-gr\\\/\",\"url\":\"https:\\\/\\\/www.sinchisinchi.com\\\/es\\\/producto\\\/palo-santo-300-gr\\\/\",\"name\":\"Comprar Palo Santo Online: Tienda de sahumerios cham\u00e1nicos.\",\"isPartOf\":{\"@id\":\"https:\\\/\\\/www.sinchisinchi.com\\\/es\\\/#website\"},\"primaryImageOfPage\":{\"@id\":\"https:\\\/\\\/www.sinchisinchi.com\\\/es\\\/producto\\\/palo-santo-300-gr\\\/#primaryimage\"},\"image\":{\"@id\":\"https:\\\/\\\/www.sinchisinchi.com\\\/es\\\/producto\\\/palo-santo-300-gr\\\/#primaryimage\"},\"thumbnailUrl\":\"https:\\\/\\\/www.sinchisinchi.com\\\/wp-content\\\/uploads\\\/2024\\\/01\\\/1-Palo-santo-300gr.jpg\",\"datePublished\":\"2024-01-23T12:31:36+00:00\",\"dateModified\":\"2026-01-13T08:14:27+00:00\",\"description\":\"Palo Santo ha sido conocido durante miles de a\u00f1os como un \u00e1rbol m\u00e1gico y sagrado usado por sus propiedades de limpieza y conexi\u00f3n.\",\"breadcrumb\":{\"@id\":\"https:\\\/\\\/www.sinchisinchi.com\\\/es\\\/producto\\\/palo-santo-300-gr\\\/#breadcrumb\"},\"inLanguage\":\"es\",\"potentialAction\":[{\"@type\":\"ReadAction\",\"target\":[\"https:\\\/\\\/www.sinchisinchi.com\\\/es\\\/producto\\\/palo-santo-300-gr\\\/\"]}]},{\"@type\":\"ImageObject\",\"inLanguage\":\"es\",\"@id\":\"https:\\\/\\\/www.sinchisinchi.com\\\/es\\\/producto\\\/palo-santo-300-gr\\\/#primaryimage\",\"url\":\"https:\\\/\\\/www.sinchisinchi.com\\\/wp-content\\\/uploads\\\/2024\\\/01\\\/1-Palo-santo-300gr.jpg\",\"contentUrl\":\"https:\\\/\\\/www.sinchisinchi.com\\\/wp-content\\\/uploads\\\/2024\\\/01\\\/1-Palo-santo-300gr.jpg\",\"width\":1000,\"height\":1000},{\"@type\":\"BreadcrumbList\",\"@id\":\"https:\\\/\\\/www.sinchisinchi.com\\\/es\\\/producto\\\/palo-santo-300-gr\\\/#breadcrumb\",\"itemListElement\":[{\"@type\":\"ListItem\",\"position\":1,\"name\":\"Prima pagina\",\"item\":\"https:\\\/\\\/www.sinchisinchi.com\\\/es\\\/\"},{\"@type\":\"ListItem\",\"position\":2,\"name\":\"Productos\",\"item\":\"https:\\\/\\\/www.sinchisinchi.com\\\/es\\\/shop\\\/\"},{\"@type\":\"ListItem\",\"position\":3,\"name\":\"Palo Santo 300 gr\"}]},{\"@type\":\"WebSite\",\"@id\":\"https:\\\/\\\/www.sinchisinchi.com\\\/es\\\/#website\",\"url\":\"https:\\\/\\\/www.sinchisinchi.com\\\/es\\\/\",\"name\":\"SINCHI\",\"description\":\"Sinchi Medicine\",\"publisher\":{\"@id\":\"https:\\\/\\\/www.sinchisinchi.com\\\/es\\\/#organization\"},\"potentialAction\":[{\"@type\":\"SearchAction\",\"target\":{\"@type\":\"EntryPoint\",\"urlTemplate\":\"https:\\\/\\\/www.sinchisinchi.com\\\/es\\\/?s={search_term_string}\"},\"query-input\":{\"@type\":\"PropertyValueSpecification\",\"valueRequired\":true,\"valueName\":\"search_term_string\"}}],\"inLanguage\":\"es\"},{\"@type\":\"Organization\",\"@id\":\"https:\\\/\\\/www.sinchisinchi.com\\\/es\\\/#organization\",\"name\":\"SINCHI S.L\",\"url\":\"https:\\\/\\\/www.sinchisinchi.com\\\/es\\\/\",\"logo\":{\"@type\":\"ImageObject\",\"inLanguage\":\"es\",\"@id\":\"https:\\\/\\\/www.sinchisinchi.com\\\/es\\\/#\\\/schema\\\/logo\\\/image\\\/\",\"url\":\"https:\\\/\\\/www.sinchisinchi.com\\\/wp-content\\\/uploads\\\/2026\\\/01\\\/3b-Verde-SIMPLIFICADO-HORIZONTAL-F-TRANSPARENTE-scaled.png\",\"contentUrl\":\"https:\\\/\\\/www.sinchisinchi.com\\\/wp-content\\\/uploads\\\/2026\\\/01\\\/3b-Verde-SIMPLIFICADO-HORIZONTAL-F-TRANSPARENTE-scaled.png\",\"width\":2560,\"height\":457,\"caption\":\"SINCHI S.L\"},\"image\":{\"@id\":\"https:\\\/\\\/www.sinchisinchi.com\\\/es\\\/#\\\/schema\\\/logo\\\/image\\\/\"},\"sameAs\":[\"https:\\\/\\\/www.facebook.com\\\/sinchirape\\\/\",\"https:\\\/\\\/www.instagram.com\\\/sinchi_rape\\\/\"]}]}<\/script>\n<!-- \/ Yoast SEO plugin. -->","yoast_head_json":{"title":"Comprar Palo Santo Online: Tienda de sahumerios cham\u00e1nicos.","description":"Palo Santo ha sido conocido durante miles de a\u00f1os como un \u00e1rbol m\u00e1gico y sagrado usado por sus propiedades de limpieza y conexi\u00f3n.","robots":{"index":"index","follow":"follow","max-snippet":"max-snippet:-1","max-image-preview":"max-image-preview:large","max-video-preview":"max-video-preview:-1"},"canonical":"https:\/\/www.sinchisinchi.com\/es\/producto\/palo-santo-300-gr\/","og_locale":"es_ES","og_type":"article","og_title":"Comprar Palo Santo Online: Tienda de sahumerios cham\u00e1nicos.","og_description":"Palo Santo ha sido conocido durante miles de a\u00f1os como un \u00e1rbol m\u00e1gico y sagrado usado por sus propiedades de limpieza y conexi\u00f3n.","og_url":"https:\/\/www.sinchisinchi.com\/es\/producto\/palo-santo-300-gr\/","og_site_name":"SINCHI RAP\u00c9","article_publisher":"https:\/\/www.facebook.com\/sinchirape\/","article_modified_time":"2026-01-13T08:14:27+00:00","og_image":[{"width":1000,"height":1000,"url":"https:\/\/www.sinchisinchi.com\/wp-content\/uploads\/2024\/01\/1-Palo-santo-300gr.jpg","type":"image\/jpeg"}],"twitter_card":"summary_large_image","twitter_misc":{"Tiempo de lectura":"2 minutos"},"schema":{"@context":"https:\/\/schema.org","@graph":[{"@type":"WebPage","@id":"https:\/\/www.sinchisinchi.com\/es\/producto\/palo-santo-300-gr\/","url":"https:\/\/www.sinchisinchi.com\/es\/producto\/palo-santo-300-gr\/","name":"Comprar Palo Santo Online: Tienda de sahumerios cham\u00e1nicos.","isPartOf":{"@id":"https:\/\/www.sinchisinchi.com\/es\/#website"},"primaryImageOfPage":{"@id":"https:\/\/www.sinchisinchi.com\/es\/producto\/palo-santo-300-gr\/#primaryimage"},"image":{"@id":"https:\/\/www.sinchisinchi.com\/es\/producto\/palo-santo-300-gr\/#primaryimage"},"thumbnailUrl":"https:\/\/www.sinchisinchi.com\/wp-content\/uploads\/2024\/01\/1-Palo-santo-300gr.jpg","datePublished":"2024-01-23T12:31:36+00:00","dateModified":"2026-01-13T08:14:27+00:00","description":"Palo Santo ha sido conocido durante miles de a\u00f1os como un \u00e1rbol m\u00e1gico y sagrado usado por sus propiedades de limpieza y conexi\u00f3n.","breadcrumb":{"@id":"https:\/\/www.sinchisinchi.com\/es\/producto\/palo-santo-300-gr\/#breadcrumb"},"inLanguage":"es","potentialAction":[{"@type":"ReadAction","target":["https:\/\/www.sinchisinchi.com\/es\/producto\/palo-santo-300-gr\/"]}]},{"@type":"ImageObject","inLanguage":"es","@id":"https:\/\/www.sinchisinchi.com\/es\/producto\/palo-santo-300-gr\/#primaryimage","url":"https:\/\/www.sinchisinchi.com\/wp-content\/uploads\/2024\/01\/1-Palo-santo-300gr.jpg","contentUrl":"https:\/\/www.sinchisinchi.com\/wp-content\/uploads\/2024\/01\/1-Palo-santo-300gr.jpg","width":1000,"height":1000},{"@type":"BreadcrumbList","@id":"https:\/\/www.sinchisinchi.com\/es\/producto\/palo-santo-300-gr\/#breadcrumb","itemListElement":[{"@type":"ListItem","position":1,"name":"Prima pagina","item":"https:\/\/www.sinchisinchi.com\/es\/"},{"@type":"ListItem","position":2,"name":"Productos","item":"https:\/\/www.sinchisinchi.com\/es\/shop\/"},{"@type":"ListItem","position":3,"name":"Palo Santo 300 gr"}]},{"@type":"WebSite","@id":"https:\/\/www.sinchisinchi.com\/es\/#website","url":"https:\/\/www.sinchisinchi.com\/es\/","name":"SINCHI","description":"Sinchi Medicine","publisher":{"@id":"https:\/\/www.sinchisinchi.com\/es\/#organization"},"potentialAction":[{"@type":"SearchAction","target":{"@type":"EntryPoint","urlTemplate":"https:\/\/www.sinchisinchi.com\/es\/?s={search_term_string}"},"query-input":{"@type":"PropertyValueSpecification","valueRequired":true,"valueName":"search_term_string"}}],"inLanguage":"es"},{"@type":"Organization","@id":"https:\/\/www.sinchisinchi.com\/es\/#organization","name":"SINCHI S.L","url":"https:\/\/www.sinchisinchi.com\/es\/","logo":{"@type":"ImageObject","inLanguage":"es","@id":"https:\/\/www.sinchisinchi.com\/es\/#\/schema\/logo\/image\/","url":"https:\/\/www.sinchisinchi.com\/wp-content\/uploads\/2026\/01\/3b-Verde-SIMPLIFICADO-HORIZONTAL-F-TRANSPARENTE-scaled.png","contentUrl":"https:\/\/www.sinchisinchi.com\/wp-content\/uploads\/2026\/01\/3b-Verde-SIMPLIFICADO-HORIZONTAL-F-TRANSPARENTE-scaled.png","width":2560,"height":457,"caption":"SINCHI S.L"},"image":{"@id":"https:\/\/www.sinchisinchi.com\/es\/#\/schema\/logo\/image\/"},"sameAs":["https:\/\/www.facebook.com\/sinchirape\/","https:\/\/www.instagram.com\/sinchi_rape\/"]}]}},"_links":{"self":[{"href":"https:\/\/www.sinchisinchi.com\/es\/wp-json\/wp\/v2\/product\/11855","targetHints":{"allow":["GET"]}}],"collection":[{"href":"https:\/\/www.sinchisinchi.com\/es\/wp-json\/wp\/v2\/product"}],"about":[{"href":"https:\/\/www.sinchisinchi.com\/es\/wp-json\/wp\/v2\/types\/product"}],"wp:featuredmedia":[{"embeddable":true,"href":"https:\/\/www.sinchisinchi.com\/es\/wp-json\/wp\/v2\/media\/11856"}],"wp:attachment":[{"href":"https:\/\/www.sinchisinchi.com\/es\/wp-json\/wp\/v2\/media?parent=11855"}],"wp:term":[{"taxonomy":"product_brand","embeddable":true,"href":"https:\/\/www.sinchisinchi.com\/es\/wp-json\/wp\/v2\/product_brand?post=11855"},{"taxonomy":"product_cat","embeddable":true,"href":"https:\/\/www.sinchisinchi.com\/es\/wp-json\/wp\/v2\/product_cat?post=11855"},{"taxonomy":"product_tag","embeddable":true,"href":"https:\/\/www.sinchisinchi.com\/es\/wp-json\/wp\/v2\/product_tag?post=11855"}],"curies":[{"name":"wp","href":"https:\/\/api.w.org\/{rel}","templated":true}]}}