{"id":12970,"date":"2024-04-11T13:42:09","date_gmt":"2024-04-11T13:42:09","guid":{"rendered":"https:\/\/www.sinchisinchi.com\/?post_type=product&#038;p=12970"},"modified":"2026-01-13T08:13:35","modified_gmt":"2026-01-13T08:13:35","slug":"ceniza-de-samauma","status":"publish","type":"product","link":"https:\/\/www.sinchisinchi.com\/es\/producto\/ceniza-de-samauma\/","title":{"rendered":"Ceniza de Samauma"},"content":{"rendered":"<h2 style=\"font-weight: 400; text-align: center;\"><span style=\"color: #000000;\"><strong>Las cenizas sagradas en otras culturas<\/strong><\/span><\/h2>\n<p style=\"font-weight: 400;\"><span style=\"color: #000000;\">En todo el mundo, hay muchas culturas que utilizan las cenizas de forma sagrada en pr\u00e1cticas espirituales.<\/span><\/p>\n<p style=\"font-weight: 400;\"><span style=\"color: #000000;\">Utilizadas en el hinduismo, el budismo, el chamanismo, el cristianismo, en \u00c1frica y por los pueblos ind\u00edgenas de la Amazonia, el uso de las cenizas tiene un significado espiritual asociado con la purificaci\u00f3n, la renovaci\u00f3n y la transformaci\u00f3n.<\/span><\/p>\n<p style=\"font-weight: 400;\"><span style=\"color: #000000;\">En el hinduismo, donde se las conoce como \u00abvibhuti\u00bb, las cenizas sagradas. Se utilizan en rituales de purificaci\u00f3n, renovaci\u00f3n espiritual y simbolizan la devoci\u00f3n y la protecci\u00f3n espiritual. Las cenizas se elaboran a partir de la quema de madera sagrada, generalmente utilizando bael, margosa o higuera.<\/span><\/p>\n<p style=\"font-weight: 400;\"><span style=\"color: #000000;\">En el budismo, se utilizan para construir estupas, monumentos sagrados que representan la iluminaci\u00f3n y el despertar espiritual.<\/span><\/p>\n<p style=\"font-weight: 400;\"><span style=\"color: #000000;\">En el cristianismo, las cenizas son muy utilizadas en la celebraci\u00f3n del Mi\u00e9rcoles de Ceniza, como s\u00edmbolo de la fragilidad humana y de la necesidad de arrepentimiento y penitencia. Durante la ceremonia, se colocan cenizas en la frente de los fieles en forma de cruz.<\/span><\/p>\n<p>&nbsp;<\/p>\n","protected":false},"excerpt":{"rendered":"<p style=\"font-weight: 400;\"><span style=\"color: #000000;\">Las tribus nativas del Amazonas utilizan las cenizas para fabricar rap\u00e9. La ceniza es una parte muy importante de la mezcla. Alcaliniza, neutralizando la acidez.<\/span><\/p>\n<p style=\"font-weight: 400;\"><span style=\"color: #000000;\">La ceniza se elabora a partir de la corteza del \u00e1rbol Sama\u00fama, que se quema hasta convertirla en cenizas, luego se tamizan y se muelen hasta obtener un polvo fino. <\/span><\/p>\n<p style=\"font-weight: 400;\"><span style=\"color: #000000;\">Esta ceniza en polvo se a\u00f1ade al mapacho y a otras plantas para fabricar rap\u00e9.<\/span><\/p>\n<p>&nbsp;<\/p>\n<p><span style=\"color: #000000;\">Tama\u00f1o: 10 ml<\/span><\/p>\n","protected":false},"featured_media":15819,"template":"","meta":{"_joinchat":[]},"product_brand":[],"product_cat":[302],"product_tag":[],"class_list":{"0":"post-12970","1":"product","2":"type-product","3":"status-publish","4":"has-post-thumbnail","6":"product_cat-mapacho-roll","8":"first","9":"instock","10":"taxable","11":"shipping-taxable","12":"purchasable","13":"product-type-simple"},"yoast_head":"<!-- This site is optimized with the Yoast SEO plugin v27.1.1 - https:\/\/yoast.com\/product\/yoast-seo-wordpress\/ -->\n<title>Comprar Ceniza de Samauma: Tienda Cham\u00e1nica Online<\/title>\n<meta name=\"robots\" content=\"index, follow, max-snippet:-1, max-image-preview:large, max-video-preview:-1\" \/>\n<link rel=\"canonical\" href=\"https:\/\/www.sinchisinchi.com\/es\/producto\/ceniza-de-samauma\/\" \/>\n<meta property=\"og:locale\" content=\"es_ES\" \/>\n<meta property=\"og:type\" content=\"article\" \/>\n<meta property=\"og:title\" content=\"Comprar Ceniza de Samauma: Tienda Cham\u00e1nica Online\" \/>\n<meta property=\"og:description\" content=\"Las tribus nativas del Amazonas utilizan las cenizas para fabricar rap\u00e9. La ceniza es una parte muy importante de la mezcla. Alcaliniza, neutralizando la acidez. La ceniza se elabora a partir de la corteza del \u00e1rbol Sama\u00fama, que se quema hasta convertirla en cenizas, luego se tamizan y se muelen hasta obtener un polvo fino.  Esta ceniza en polvo se a\u00f1ade al mapacho y a otras plantas para fabricar rap\u00e9. &nbsp;  Tama\u00f1o: 10 ml\" \/>\n<meta property=\"og:url\" content=\"https:\/\/www.sinchisinchi.com\/es\/producto\/ceniza-de-samauma\/\" \/>\n<meta property=\"og:site_name\" content=\"SINCHI RAP\u00c9\" \/>\n<meta property=\"article:publisher\" content=\"https:\/\/www.facebook.com\/sinchirape\/\" \/>\n<meta property=\"article:modified_time\" content=\"2026-01-13T08:13:35+00:00\" \/>\n<meta property=\"og:image\" content=\"https:\/\/www.sinchisinchi.com\/wp-content\/uploads\/2024\/04\/ceniza.png\" \/>\n\t<meta property=\"og:image:width\" content=\"600\" \/>\n\t<meta property=\"og:image:height\" content=\"600\" \/>\n\t<meta property=\"og:image:type\" content=\"image\/png\" \/>\n<meta name=\"twitter:card\" content=\"summary_large_image\" \/>\n<meta name=\"twitter:label1\" content=\"Tiempo de lectura\" \/>\n\t<meta name=\"twitter:data1\" content=\"1 minuto\" \/>\n<script type=\"application\/ld+json\" class=\"yoast-schema-graph\">{\"@context\":\"https:\/\/schema.org\",\"@graph\":[{\"@type\":\"WebPage\",\"@id\":\"https:\/\/www.sinchisinchi.com\/es\/producto\/ceniza-de-samauma\/\",\"url\":\"https:\/\/www.sinchisinchi.com\/es\/producto\/ceniza-de-samauma\/\",\"name\":\"Comprar Ceniza de Samauma: Tienda Cham\u00e1nica Online\",\"isPartOf\":{\"@id\":\"https:\/\/www.sinchisinchi.com\/es\/#website\"},\"primaryImageOfPage\":{\"@id\":\"https:\/\/www.sinchisinchi.com\/es\/producto\/ceniza-de-samauma\/#primaryimage\"},\"image\":{\"@id\":\"https:\/\/www.sinchisinchi.com\/es\/producto\/ceniza-de-samauma\/#primaryimage\"},\"thumbnailUrl\":\"https:\/\/www.sinchisinchi.com\/wp-content\/uploads\/2024\/04\/ceniza.png\",\"datePublished\":\"2024-04-11T13:42:09+00:00\",\"dateModified\":\"2026-01-13T08:13:35+00:00\",\"breadcrumb\":{\"@id\":\"https:\/\/www.sinchisinchi.com\/es\/producto\/ceniza-de-samauma\/#breadcrumb\"},\"inLanguage\":\"es\",\"potentialAction\":[{\"@type\":\"ReadAction\",\"target\":[\"https:\/\/www.sinchisinchi.com\/es\/producto\/ceniza-de-samauma\/\"]}]},{\"@type\":\"ImageObject\",\"inLanguage\":\"es\",\"@id\":\"https:\/\/www.sinchisinchi.com\/es\/producto\/ceniza-de-samauma\/#primaryimage\",\"url\":\"https:\/\/www.sinchisinchi.com\/wp-content\/uploads\/2024\/04\/ceniza.png\",\"contentUrl\":\"https:\/\/www.sinchisinchi.com\/wp-content\/uploads\/2024\/04\/ceniza.png\",\"width\":600,\"height\":600},{\"@type\":\"BreadcrumbList\",\"@id\":\"https:\/\/www.sinchisinchi.com\/es\/producto\/ceniza-de-samauma\/#breadcrumb\",\"itemListElement\":[{\"@type\":\"ListItem\",\"position\":1,\"name\":\"Prima pagina\",\"item\":\"https:\/\/www.sinchisinchi.com\/es\/\"},{\"@type\":\"ListItem\",\"position\":2,\"name\":\"Productos\",\"item\":\"https:\/\/www.sinchisinchi.com\/es\/shop\/\"},{\"@type\":\"ListItem\",\"position\":3,\"name\":\"Ceniza de Samauma\"}]},{\"@type\":\"WebSite\",\"@id\":\"https:\/\/www.sinchisinchi.com\/es\/#website\",\"url\":\"https:\/\/www.sinchisinchi.com\/es\/\",\"name\":\"SINCHI\",\"description\":\"Sinchi Medicine\",\"publisher\":{\"@id\":\"https:\/\/www.sinchisinchi.com\/es\/#organization\"},\"potentialAction\":[{\"@type\":\"SearchAction\",\"target\":{\"@type\":\"EntryPoint\",\"urlTemplate\":\"https:\/\/www.sinchisinchi.com\/es\/?s={search_term_string}\"},\"query-input\":{\"@type\":\"PropertyValueSpecification\",\"valueRequired\":true,\"valueName\":\"search_term_string\"}}],\"inLanguage\":\"es\"},{\"@type\":\"Organization\",\"@id\":\"https:\/\/www.sinchisinchi.com\/es\/#organization\",\"name\":\"SINCHI S.L\",\"url\":\"https:\/\/www.sinchisinchi.com\/es\/\",\"logo\":{\"@type\":\"ImageObject\",\"inLanguage\":\"es\",\"@id\":\"https:\/\/www.sinchisinchi.com\/es\/#\/schema\/logo\/image\/\",\"url\":\"https:\/\/www.sinchisinchi.com\/wp-content\/uploads\/2026\/01\/3b-Verde-SIMPLIFICADO-HORIZONTAL-F-TRANSPARENTE-scaled.png\",\"contentUrl\":\"https:\/\/www.sinchisinchi.com\/wp-content\/uploads\/2026\/01\/3b-Verde-SIMPLIFICADO-HORIZONTAL-F-TRANSPARENTE-scaled.png\",\"width\":2560,\"height\":457,\"caption\":\"SINCHI S.L\"},\"image\":{\"@id\":\"https:\/\/www.sinchisinchi.com\/es\/#\/schema\/logo\/image\/\"},\"sameAs\":[\"https:\/\/www.facebook.com\/sinchirape\/\",\"https:\/\/www.instagram.com\/sinchi_rape\/\"]}]}<\/script>\n<!-- \/ Yoast SEO plugin. -->","yoast_head_json":{"title":"Comprar Ceniza de Samauma: Tienda Cham\u00e1nica Online","robots":{"index":"index","follow":"follow","max-snippet":"max-snippet:-1","max-image-preview":"max-image-preview:large","max-video-preview":"max-video-preview:-1"},"canonical":"https:\/\/www.sinchisinchi.com\/es\/producto\/ceniza-de-samauma\/","og_locale":"es_ES","og_type":"article","og_title":"Comprar Ceniza de Samauma: Tienda Cham\u00e1nica Online","og_description":"Las tribus nativas del Amazonas utilizan las cenizas para fabricar rap\u00e9. La ceniza es una parte muy importante de la mezcla. Alcaliniza, neutralizando la acidez. La ceniza se elabora a partir de la corteza del \u00e1rbol Sama\u00fama, que se quema hasta convertirla en cenizas, luego se tamizan y se muelen hasta obtener un polvo fino.  Esta ceniza en polvo se a\u00f1ade al mapacho y a otras plantas para fabricar rap\u00e9. &nbsp;  Tama\u00f1o: 10 ml","og_url":"https:\/\/www.sinchisinchi.com\/es\/producto\/ceniza-de-samauma\/","og_site_name":"SINCHI RAP\u00c9","article_publisher":"https:\/\/www.facebook.com\/sinchirape\/","article_modified_time":"2026-01-13T08:13:35+00:00","og_image":[{"width":600,"height":600,"url":"https:\/\/www.sinchisinchi.com\/wp-content\/uploads\/2024\/04\/ceniza.png","type":"image\/png"}],"twitter_card":"summary_large_image","twitter_misc":{"Tiempo de lectura":"1 minuto"},"schema":{"@context":"https:\/\/schema.org","@graph":[{"@type":"WebPage","@id":"https:\/\/www.sinchisinchi.com\/es\/producto\/ceniza-de-samauma\/","url":"https:\/\/www.sinchisinchi.com\/es\/producto\/ceniza-de-samauma\/","name":"Comprar Ceniza de Samauma: Tienda Cham\u00e1nica Online","isPartOf":{"@id":"https:\/\/www.sinchisinchi.com\/es\/#website"},"primaryImageOfPage":{"@id":"https:\/\/www.sinchisinchi.com\/es\/producto\/ceniza-de-samauma\/#primaryimage"},"image":{"@id":"https:\/\/www.sinchisinchi.com\/es\/producto\/ceniza-de-samauma\/#primaryimage"},"thumbnailUrl":"https:\/\/www.sinchisinchi.com\/wp-content\/uploads\/2024\/04\/ceniza.png","datePublished":"2024-04-11T13:42:09+00:00","dateModified":"2026-01-13T08:13:35+00:00","breadcrumb":{"@id":"https:\/\/www.sinchisinchi.com\/es\/producto\/ceniza-de-samauma\/#breadcrumb"},"inLanguage":"es","potentialAction":[{"@type":"ReadAction","target":["https:\/\/www.sinchisinchi.com\/es\/producto\/ceniza-de-samauma\/"]}]},{"@type":"ImageObject","inLanguage":"es","@id":"https:\/\/www.sinchisinchi.com\/es\/producto\/ceniza-de-samauma\/#primaryimage","url":"https:\/\/www.sinchisinchi.com\/wp-content\/uploads\/2024\/04\/ceniza.png","contentUrl":"https:\/\/www.sinchisinchi.com\/wp-content\/uploads\/2024\/04\/ceniza.png","width":600,"height":600},{"@type":"BreadcrumbList","@id":"https:\/\/www.sinchisinchi.com\/es\/producto\/ceniza-de-samauma\/#breadcrumb","itemListElement":[{"@type":"ListItem","position":1,"name":"Prima pagina","item":"https:\/\/www.sinchisinchi.com\/es\/"},{"@type":"ListItem","position":2,"name":"Productos","item":"https:\/\/www.sinchisinchi.com\/es\/shop\/"},{"@type":"ListItem","position":3,"name":"Ceniza de Samauma"}]},{"@type":"WebSite","@id":"https:\/\/www.sinchisinchi.com\/es\/#website","url":"https:\/\/www.sinchisinchi.com\/es\/","name":"SINCHI","description":"Sinchi Medicine","publisher":{"@id":"https:\/\/www.sinchisinchi.com\/es\/#organization"},"potentialAction":[{"@type":"SearchAction","target":{"@type":"EntryPoint","urlTemplate":"https:\/\/www.sinchisinchi.com\/es\/?s={search_term_string}"},"query-input":{"@type":"PropertyValueSpecification","valueRequired":true,"valueName":"search_term_string"}}],"inLanguage":"es"},{"@type":"Organization","@id":"https:\/\/www.sinchisinchi.com\/es\/#organization","name":"SINCHI S.L","url":"https:\/\/www.sinchisinchi.com\/es\/","logo":{"@type":"ImageObject","inLanguage":"es","@id":"https:\/\/www.sinchisinchi.com\/es\/#\/schema\/logo\/image\/","url":"https:\/\/www.sinchisinchi.com\/wp-content\/uploads\/2026\/01\/3b-Verde-SIMPLIFICADO-HORIZONTAL-F-TRANSPARENTE-scaled.png","contentUrl":"https:\/\/www.sinchisinchi.com\/wp-content\/uploads\/2026\/01\/3b-Verde-SIMPLIFICADO-HORIZONTAL-F-TRANSPARENTE-scaled.png","width":2560,"height":457,"caption":"SINCHI S.L"},"image":{"@id":"https:\/\/www.sinchisinchi.com\/es\/#\/schema\/logo\/image\/"},"sameAs":["https:\/\/www.facebook.com\/sinchirape\/","https:\/\/www.instagram.com\/sinchi_rape\/"]}]}},"_links":{"self":[{"href":"https:\/\/www.sinchisinchi.com\/es\/wp-json\/wp\/v2\/product\/12970","targetHints":{"allow":["GET"]}}],"collection":[{"href":"https:\/\/www.sinchisinchi.com\/es\/wp-json\/wp\/v2\/product"}],"about":[{"href":"https:\/\/www.sinchisinchi.com\/es\/wp-json\/wp\/v2\/types\/product"}],"wp:featuredmedia":[{"embeddable":true,"href":"https:\/\/www.sinchisinchi.com\/es\/wp-json\/wp\/v2\/media\/15819"}],"wp:attachment":[{"href":"https:\/\/www.sinchisinchi.com\/es\/wp-json\/wp\/v2\/media?parent=12970"}],"wp:term":[{"taxonomy":"product_brand","embeddable":true,"href":"https:\/\/www.sinchisinchi.com\/es\/wp-json\/wp\/v2\/product_brand?post=12970"},{"taxonomy":"product_cat","embeddable":true,"href":"https:\/\/www.sinchisinchi.com\/es\/wp-json\/wp\/v2\/product_cat?post=12970"},{"taxonomy":"product_tag","embeddable":true,"href":"https:\/\/www.sinchisinchi.com\/es\/wp-json\/wp\/v2\/product_tag?post=12970"}],"curies":[{"name":"wp","href":"https:\/\/api.w.org\/{rel}","templated":true}]}}