{"id":13056,"date":"2024-04-20T18:45:43","date_gmt":"2024-04-20T18:45:43","guid":{"rendered":"https:\/\/www.sinchisinchi.com\/?post_type=product&#038;p=13056"},"modified":"2026-01-13T08:13:25","modified_gmt":"2026-01-13T08:13:25","slug":"copal-manila","status":"publish","type":"product","link":"https:\/\/www.sinchisinchi.com\/es\/producto\/copal-manila\/","title":{"rendered":"Copal Manila"},"content":{"rendered":"<h2 style=\"text-align: center;\"><span style=\"color: #000000;\">\u00c1rboles de Copal: G\u00e9neros Bursera y Protium<\/span><\/h2>\n<p style=\"font-weight: 400;\"><span style=\"color: #000000;\">El copal procede de \u00e1rboles pertenecientes a la familia Burseraceae, espec\u00edficamente de los g\u00e9neros Bursera y Protium.<\/span><\/p>\n<p style=\"font-weight: 400;\"><span style=\"color: #000000;\">El t\u00e9rmino copal deriva del vocablo n\u00e1huatl copalli, que se aplica a diversas resinas arom\u00e1ticas: copales de \u00c1frica Oriental (de Zanz\u00edbar, de Madagascar y de Mozambique), de Manila (Indonesia, Filipinas, Malasia e indias Orientales), entre otros.<\/span><\/p>\n<p style=\"font-weight: 400;\"><span style=\"color: #000000;\">Los Copales son \u00e1rboles t\u00edpicos de las selvas bajas caducifolias, que es la vegetaci\u00f3n que se desarrolla en los lugares donde hay una sequ\u00eda muy fuerte durante m\u00e1s de cuatro meses al a\u00f1o, lo que hace que los \u00e1rboles tiren todas sus hojas y luego con las lluvias reverdezcan.<\/span><\/p>\n<p style=\"font-weight: 400;\"><span style=\"color: #000000;\">La mayor\u00eda de los copales produce flores al principio de la temporada de lluvias las flores aparecen al mismo tiempo que los renuevos de las hojas, y la floraci\u00f3n es r\u00e1pida.<\/span><\/p>\n<p style=\"font-weight: 400;\"><span style=\"color: #000000;\">Bursera Bipinnata representa a las plantas que son explotadas de manera preferencial para obtener el copal blanco, pero tambi\u00e9n, los \u00e1rboles en segundo lugar son sujetos de recolecci\u00f3n por la resina que liberan de forma natural y que se conoce bajo diferentes nombres: copal de piedra, copal negro, goma de copal.<\/span><\/p>\n","protected":false},"excerpt":{"rendered":"<div>\n<p class=\"Cuerpo\"><span style=\"color: #000000;\"><span class=\"Ninguno\"><span lang=\"ES-TRAD\">El copal de Manila es una resina obtenida de una especie de \u00e1rbol llamado Hymenaea courbaril, originario de Am<\/span><\/span><span class=\"Ninguno\"><span lang=\"FR\">\u00e9<\/span><\/span><span class=\"Ninguno\"><span lang=\"ES-TRAD\">rica Central y del Sur.<\/span><\/span><\/span><\/p>\n<p>&nbsp;<\/p>\n<\/div>\n<div>\n<p class=\"Cuerpo\"><span style=\"color: #000000;\"><span class=\"Ninguno\"><span lang=\"ES-TRAD\">El copal de Manila tiene un aroma dulce, bals\u00e1mico y amaderado. Se utiliza a menudo en ceremonias de purificaci\u00f3n y limpieza espiritual, considerada una de las resinas m<\/span><span lang=\"IT\">\u00e1<\/span><\/span><span class=\"Ninguno\"><span lang=\"ES-TRAD\">s sagradas y valiosas de la cultura nativa de Centro y Sudam\u00e9rica<\/span><span lang=\"IT\">.<\/span><\/span><\/span><\/p>\n<p>&nbsp;<\/p>\n<\/div>\n<div>\n<p class=\"Cuerpo\"><span style=\"color: #000000;\"><b>Modo de empleo:<\/b> Encender un carb\u00f3n y echar un poco de resina sobre las brasas. La resina se derretir\u00e1 liberando su fragancia en el aire durante varios minutos.<\/span><\/p>\n<p><span style=\"color: #000000;\"><strong>Tama\u00f1o:<\/strong> 50gr<\/span><\/p>\n<\/div>\n","protected":false},"featured_media":15744,"template":"","meta":{"_joinchat":[]},"product_brand":[],"product_cat":[327],"product_tag":[],"class_list":{"0":"post-13056","1":"product","2":"type-product","3":"status-publish","4":"has-post-thumbnail","6":"product_cat-copal","8":"first","9":"instock","10":"taxable","11":"shipping-taxable","12":"purchasable","13":"product-type-simple"},"yoast_head":"<!-- This site is optimized with the Yoast SEO plugin v27.4 - https:\/\/yoast.com\/product\/yoast-seo-wordpress\/ -->\n<title>Copal Manila del Amazonas: Tienda Cham\u00e1nica Online<\/title>\n<meta name=\"description\" content=\"El copal de Manila tiene un aroma dulce, bals\u00e1mico y amaderado, se utiliza en ceremonias como una de las resinas m\u00e1s sagradas.\" \/>\n<meta name=\"robots\" content=\"index, follow, max-snippet:-1, max-image-preview:large, max-video-preview:-1\" \/>\n<link rel=\"canonical\" href=\"https:\/\/www.sinchisinchi.com\/es\/producto\/copal-manila\/\" \/>\n<meta property=\"og:locale\" content=\"es_ES\" \/>\n<meta property=\"og:type\" content=\"article\" \/>\n<meta property=\"og:title\" content=\"Copal Manila del Amazonas: Tienda Cham\u00e1nica Online\" \/>\n<meta property=\"og:description\" content=\"El copal de Manila tiene un aroma dulce, bals\u00e1mico y amaderado, se utiliza en ceremonias como una de las resinas m\u00e1s sagradas.\" \/>\n<meta property=\"og:url\" content=\"https:\/\/www.sinchisinchi.com\/es\/producto\/copal-manila\/\" \/>\n<meta property=\"og:site_name\" content=\"SINCHI RAP\u00c9\" \/>\n<meta property=\"article:publisher\" content=\"https:\/\/www.facebook.com\/sinchirape\/\" \/>\n<meta property=\"article:modified_time\" content=\"2026-01-13T08:13:25+00:00\" \/>\n<meta property=\"og:image\" content=\"https:\/\/www.sinchisinchi.com\/wp-content\/uploads\/2024\/04\/copal-manila.png\" \/>\n\t<meta property=\"og:image:width\" content=\"600\" \/>\n\t<meta property=\"og:image:height\" content=\"600\" \/>\n\t<meta property=\"og:image:type\" content=\"image\/png\" \/>\n<meta name=\"twitter:card\" content=\"summary_large_image\" \/>\n<meta name=\"twitter:label1\" content=\"Tiempo de lectura\" \/>\n\t<meta name=\"twitter:data1\" content=\"2 minutos\" \/>\n<script type=\"application\/ld+json\" class=\"yoast-schema-graph\">{\"@context\":\"https:\\\/\\\/schema.org\",\"@graph\":[{\"@type\":\"WebPage\",\"@id\":\"https:\\\/\\\/www.sinchisinchi.com\\\/es\\\/producto\\\/copal-manila\\\/\",\"url\":\"https:\\\/\\\/www.sinchisinchi.com\\\/es\\\/producto\\\/copal-manila\\\/\",\"name\":\"Copal Manila del Amazonas: Tienda Cham\u00e1nica Online\",\"isPartOf\":{\"@id\":\"https:\\\/\\\/www.sinchisinchi.com\\\/es\\\/#website\"},\"primaryImageOfPage\":{\"@id\":\"https:\\\/\\\/www.sinchisinchi.com\\\/es\\\/producto\\\/copal-manila\\\/#primaryimage\"},\"image\":{\"@id\":\"https:\\\/\\\/www.sinchisinchi.com\\\/es\\\/producto\\\/copal-manila\\\/#primaryimage\"},\"thumbnailUrl\":\"https:\\\/\\\/www.sinchisinchi.com\\\/wp-content\\\/uploads\\\/2024\\\/04\\\/copal-manila.png\",\"datePublished\":\"2024-04-20T18:45:43+00:00\",\"dateModified\":\"2026-01-13T08:13:25+00:00\",\"description\":\"El copal de Manila tiene un aroma dulce, bals\u00e1mico y amaderado, se utiliza en ceremonias como una de las resinas m\u00e1s sagradas.\",\"breadcrumb\":{\"@id\":\"https:\\\/\\\/www.sinchisinchi.com\\\/es\\\/producto\\\/copal-manila\\\/#breadcrumb\"},\"inLanguage\":\"es\",\"potentialAction\":[{\"@type\":\"ReadAction\",\"target\":[\"https:\\\/\\\/www.sinchisinchi.com\\\/es\\\/producto\\\/copal-manila\\\/\"]}]},{\"@type\":\"ImageObject\",\"inLanguage\":\"es\",\"@id\":\"https:\\\/\\\/www.sinchisinchi.com\\\/es\\\/producto\\\/copal-manila\\\/#primaryimage\",\"url\":\"https:\\\/\\\/www.sinchisinchi.com\\\/wp-content\\\/uploads\\\/2024\\\/04\\\/copal-manila.png\",\"contentUrl\":\"https:\\\/\\\/www.sinchisinchi.com\\\/wp-content\\\/uploads\\\/2024\\\/04\\\/copal-manila.png\",\"width\":600,\"height\":600},{\"@type\":\"BreadcrumbList\",\"@id\":\"https:\\\/\\\/www.sinchisinchi.com\\\/es\\\/producto\\\/copal-manila\\\/#breadcrumb\",\"itemListElement\":[{\"@type\":\"ListItem\",\"position\":1,\"name\":\"Prima pagina\",\"item\":\"https:\\\/\\\/www.sinchisinchi.com\\\/es\\\/\"},{\"@type\":\"ListItem\",\"position\":2,\"name\":\"Productos\",\"item\":\"https:\\\/\\\/www.sinchisinchi.com\\\/es\\\/shop\\\/\"},{\"@type\":\"ListItem\",\"position\":3,\"name\":\"Copal Manila\"}]},{\"@type\":\"WebSite\",\"@id\":\"https:\\\/\\\/www.sinchisinchi.com\\\/es\\\/#website\",\"url\":\"https:\\\/\\\/www.sinchisinchi.com\\\/es\\\/\",\"name\":\"SINCHI\",\"description\":\"Sinchi Medicine\",\"publisher\":{\"@id\":\"https:\\\/\\\/www.sinchisinchi.com\\\/es\\\/#organization\"},\"potentialAction\":[{\"@type\":\"SearchAction\",\"target\":{\"@type\":\"EntryPoint\",\"urlTemplate\":\"https:\\\/\\\/www.sinchisinchi.com\\\/es\\\/?s={search_term_string}\"},\"query-input\":{\"@type\":\"PropertyValueSpecification\",\"valueRequired\":true,\"valueName\":\"search_term_string\"}}],\"inLanguage\":\"es\"},{\"@type\":\"Organization\",\"@id\":\"https:\\\/\\\/www.sinchisinchi.com\\\/es\\\/#organization\",\"name\":\"SINCHI S.L\",\"url\":\"https:\\\/\\\/www.sinchisinchi.com\\\/es\\\/\",\"logo\":{\"@type\":\"ImageObject\",\"inLanguage\":\"es\",\"@id\":\"https:\\\/\\\/www.sinchisinchi.com\\\/es\\\/#\\\/schema\\\/logo\\\/image\\\/\",\"url\":\"https:\\\/\\\/www.sinchisinchi.com\\\/wp-content\\\/uploads\\\/2026\\\/01\\\/3b-Verde-SIMPLIFICADO-HORIZONTAL-F-TRANSPARENTE-scaled.png\",\"contentUrl\":\"https:\\\/\\\/www.sinchisinchi.com\\\/wp-content\\\/uploads\\\/2026\\\/01\\\/3b-Verde-SIMPLIFICADO-HORIZONTAL-F-TRANSPARENTE-scaled.png\",\"width\":2560,\"height\":457,\"caption\":\"SINCHI S.L\"},\"image\":{\"@id\":\"https:\\\/\\\/www.sinchisinchi.com\\\/es\\\/#\\\/schema\\\/logo\\\/image\\\/\"},\"sameAs\":[\"https:\\\/\\\/www.facebook.com\\\/sinchirape\\\/\",\"https:\\\/\\\/www.instagram.com\\\/sinchi_rape\\\/\"]}]}<\/script>\n<!-- \/ Yoast SEO plugin. -->","yoast_head_json":{"title":"Copal Manila del Amazonas: Tienda Cham\u00e1nica Online","description":"El copal de Manila tiene un aroma dulce, bals\u00e1mico y amaderado, se utiliza en ceremonias como una de las resinas m\u00e1s sagradas.","robots":{"index":"index","follow":"follow","max-snippet":"max-snippet:-1","max-image-preview":"max-image-preview:large","max-video-preview":"max-video-preview:-1"},"canonical":"https:\/\/www.sinchisinchi.com\/es\/producto\/copal-manila\/","og_locale":"es_ES","og_type":"article","og_title":"Copal Manila del Amazonas: Tienda Cham\u00e1nica Online","og_description":"El copal de Manila tiene un aroma dulce, bals\u00e1mico y amaderado, se utiliza en ceremonias como una de las resinas m\u00e1s sagradas.","og_url":"https:\/\/www.sinchisinchi.com\/es\/producto\/copal-manila\/","og_site_name":"SINCHI RAP\u00c9","article_publisher":"https:\/\/www.facebook.com\/sinchirape\/","article_modified_time":"2026-01-13T08:13:25+00:00","og_image":[{"width":600,"height":600,"url":"https:\/\/www.sinchisinchi.com\/wp-content\/uploads\/2024\/04\/copal-manila.png","type":"image\/png"}],"twitter_card":"summary_large_image","twitter_misc":{"Tiempo de lectura":"2 minutos"},"schema":{"@context":"https:\/\/schema.org","@graph":[{"@type":"WebPage","@id":"https:\/\/www.sinchisinchi.com\/es\/producto\/copal-manila\/","url":"https:\/\/www.sinchisinchi.com\/es\/producto\/copal-manila\/","name":"Copal Manila del Amazonas: Tienda Cham\u00e1nica Online","isPartOf":{"@id":"https:\/\/www.sinchisinchi.com\/es\/#website"},"primaryImageOfPage":{"@id":"https:\/\/www.sinchisinchi.com\/es\/producto\/copal-manila\/#primaryimage"},"image":{"@id":"https:\/\/www.sinchisinchi.com\/es\/producto\/copal-manila\/#primaryimage"},"thumbnailUrl":"https:\/\/www.sinchisinchi.com\/wp-content\/uploads\/2024\/04\/copal-manila.png","datePublished":"2024-04-20T18:45:43+00:00","dateModified":"2026-01-13T08:13:25+00:00","description":"El copal de Manila tiene un aroma dulce, bals\u00e1mico y amaderado, se utiliza en ceremonias como una de las resinas m\u00e1s sagradas.","breadcrumb":{"@id":"https:\/\/www.sinchisinchi.com\/es\/producto\/copal-manila\/#breadcrumb"},"inLanguage":"es","potentialAction":[{"@type":"ReadAction","target":["https:\/\/www.sinchisinchi.com\/es\/producto\/copal-manila\/"]}]},{"@type":"ImageObject","inLanguage":"es","@id":"https:\/\/www.sinchisinchi.com\/es\/producto\/copal-manila\/#primaryimage","url":"https:\/\/www.sinchisinchi.com\/wp-content\/uploads\/2024\/04\/copal-manila.png","contentUrl":"https:\/\/www.sinchisinchi.com\/wp-content\/uploads\/2024\/04\/copal-manila.png","width":600,"height":600},{"@type":"BreadcrumbList","@id":"https:\/\/www.sinchisinchi.com\/es\/producto\/copal-manila\/#breadcrumb","itemListElement":[{"@type":"ListItem","position":1,"name":"Prima pagina","item":"https:\/\/www.sinchisinchi.com\/es\/"},{"@type":"ListItem","position":2,"name":"Productos","item":"https:\/\/www.sinchisinchi.com\/es\/shop\/"},{"@type":"ListItem","position":3,"name":"Copal Manila"}]},{"@type":"WebSite","@id":"https:\/\/www.sinchisinchi.com\/es\/#website","url":"https:\/\/www.sinchisinchi.com\/es\/","name":"SINCHI","description":"Sinchi Medicine","publisher":{"@id":"https:\/\/www.sinchisinchi.com\/es\/#organization"},"potentialAction":[{"@type":"SearchAction","target":{"@type":"EntryPoint","urlTemplate":"https:\/\/www.sinchisinchi.com\/es\/?s={search_term_string}"},"query-input":{"@type":"PropertyValueSpecification","valueRequired":true,"valueName":"search_term_string"}}],"inLanguage":"es"},{"@type":"Organization","@id":"https:\/\/www.sinchisinchi.com\/es\/#organization","name":"SINCHI S.L","url":"https:\/\/www.sinchisinchi.com\/es\/","logo":{"@type":"ImageObject","inLanguage":"es","@id":"https:\/\/www.sinchisinchi.com\/es\/#\/schema\/logo\/image\/","url":"https:\/\/www.sinchisinchi.com\/wp-content\/uploads\/2026\/01\/3b-Verde-SIMPLIFICADO-HORIZONTAL-F-TRANSPARENTE-scaled.png","contentUrl":"https:\/\/www.sinchisinchi.com\/wp-content\/uploads\/2026\/01\/3b-Verde-SIMPLIFICADO-HORIZONTAL-F-TRANSPARENTE-scaled.png","width":2560,"height":457,"caption":"SINCHI S.L"},"image":{"@id":"https:\/\/www.sinchisinchi.com\/es\/#\/schema\/logo\/image\/"},"sameAs":["https:\/\/www.facebook.com\/sinchirape\/","https:\/\/www.instagram.com\/sinchi_rape\/"]}]}},"_links":{"self":[{"href":"https:\/\/www.sinchisinchi.com\/es\/wp-json\/wp\/v2\/product\/13056","targetHints":{"allow":["GET"]}}],"collection":[{"href":"https:\/\/www.sinchisinchi.com\/es\/wp-json\/wp\/v2\/product"}],"about":[{"href":"https:\/\/www.sinchisinchi.com\/es\/wp-json\/wp\/v2\/types\/product"}],"wp:featuredmedia":[{"embeddable":true,"href":"https:\/\/www.sinchisinchi.com\/es\/wp-json\/wp\/v2\/media\/15744"}],"wp:attachment":[{"href":"https:\/\/www.sinchisinchi.com\/es\/wp-json\/wp\/v2\/media?parent=13056"}],"wp:term":[{"taxonomy":"product_brand","embeddable":true,"href":"https:\/\/www.sinchisinchi.com\/es\/wp-json\/wp\/v2\/product_brand?post=13056"},{"taxonomy":"product_cat","embeddable":true,"href":"https:\/\/www.sinchisinchi.com\/es\/wp-json\/wp\/v2\/product_cat?post=13056"},{"taxonomy":"product_tag","embeddable":true,"href":"https:\/\/www.sinchisinchi.com\/es\/wp-json\/wp\/v2\/product_tag?post=13056"}],"curies":[{"name":"wp","href":"https:\/\/api.w.org\/{rel}","templated":true}]}}