{"id":13107,"date":"2024-04-21T17:33:27","date_gmt":"2024-04-21T17:33:27","guid":{"rendered":"https:\/\/www.sinchisinchi.com\/?post_type=product&#038;p=13107"},"modified":"2026-01-13T08:12:36","modified_gmt":"2026-01-13T08:12:36","slug":"resina-sepa","status":"publish","type":"product","link":"https:\/\/www.sinchisinchi.com\/es\/producto\/resina-sepa\/","title":{"rendered":"Sep\u00e1 Yawanaw\u00e1"},"content":{"rendered":"","protected":false},"excerpt":{"rendered":"<div>\n<p class=\"Cuerpo\"><span class=\"Ninguno\" style=\"color: #000000;\"><span lang=\"ES-TRAD\">Sep\u00e1 es una resina de aroma refrescante t\u00edpica de los Yawanawa, que la extraen de un \u00e1rbol llamado \u201cVixu\u201d. <\/span><\/span><\/p>\n<\/div>\n<div>\n<p class=\"Cuerpo\"><span class=\"Ninguno\" style=\"color: #000000;\"><span lang=\"ES-TRAD\">\u00a0<\/span><\/span><\/p>\n<\/div>\n<div>\n<p class=\"Cuerpo\"><span class=\"Ninguno\" style=\"color: #000000;\"><span lang=\"ES-TRAD\">Dentro de la tradici\u00f3n Yawanaw\u00e1, el sep\u00e1 es un perfume natural utilizado en rituales espirituales y trabajos de sanaci\u00f3n; se considera una resina curativa y suele estar presente en los hogares de todos los Yawanaw\u00e1.\u00a0 <\/span><\/span><\/p>\n<\/div>\n<div>\n<p class=\"Cuerpo\"><span class=\"Ninguno\" style=\"color: #000000;\"><span lang=\"ES-TRAD\">\u00a0<\/span><\/span><\/p>\n<\/div>\n<div>\n<p class=\"Cuerpo\"><span class=\"Ninguno\" style=\"color: #000000;\"><span lang=\"ES-TRAD\">Los Yawanaw\u00e1 tambi\u00e9n preparan con resina de sep\u00e1 una pasta de achiote para sus pinturas corporales rojas, as\u00ed como tintes negros con genipapa y carb\u00f3n. <\/span><\/span><\/p>\n<\/div>\n<div>\n<p class=\"Cuerpo\"><span class=\"Ninguno\" style=\"color: #000000;\"><span lang=\"ES-TRAD\">\u00a0<\/span><\/span><\/p>\n<\/div>\n<div>\n<p class=\"Cuerpo\"><span class=\"Ninguno\" style=\"color: #000000;\"><span lang=\"ES-TRAD\">Usado en sahumerios, purifica objetos, personas y espacios. Ayuda a proteger contra energ\u00edas negativas e influencias externas. Es com\u00fan que las personas que practican rituales con resina de Sep\u00e1 lleven consigo peque\u00f1os trozos de resina o la guarden en sus casas como amuleto.<\/span><\/span><\/p>\n<\/div>\n<div>\n<p class=\"Cuerpo\"><span class=\"Ninguno\" style=\"color: #000000;\"><span lang=\"ES-TRAD\">\u00a0<\/span><\/span><\/p>\n<\/div>\n<div>\n<p class=\"Cuerpo\"><span class=\"Ninguno\" style=\"color: #000000;\"><span lang=\"ES-TRAD\">Al recolectarse, tiene una consistencia pegajosa y se debe manipular con ayuda de un trozo de madera o unas pinzas de metal; se solidifica al entrar en contacto con el aire.<\/span><\/span><\/p>\n<\/div>\n<div>\n<p class=\"Cuerpo\"><span class=\"Ninguno\" style=\"color: #000000;\"><span lang=\"ES-TRAD\">\u00a0<\/span><\/span><\/p>\n<\/div>\n<div>\n<p class=\"Cuerpo\"><span style=\"color: #000000;\"><span class=\"Ninguno\"><b><span lang=\"ES-TRAD\">Origen:<\/span><\/b><\/span><span class=\"Ninguno\"><span lang=\"ES-TRAD\"> Brasil.<\/span><\/span><\/span><\/p>\n<\/div>\n<div>\n<p class=\"Cuerpo\"><span class=\"Ninguno\" style=\"color: #000000;\"><span lang=\"ES-TRAD\">\u00a0<\/span><\/span><\/p>\n<\/div>\n<div>\n<p class=\"Cuerpo\"><span style=\"color: #000000;\"><span class=\"Ninguno\"><b><span lang=\"ES-TRAD\">Aroma:<\/span><\/b><\/span><span class=\"Ninguno\"><span lang=\"ES-TRAD\"> Suave y refrescante.<\/span><\/span><\/span><\/p>\n<\/div>\n","protected":false},"featured_media":0,"template":"","meta":{"_joinchat":[]},"product_brand":[],"product_cat":[38],"product_tag":[],"class_list":{"0":"post-13107","1":"product","2":"type-product","3":"status-publish","5":"product_cat-resins","7":"first","8":"instock","9":"taxable","10":"shipping-taxable","11":"product-type-simple"},"yoast_head":"<!-- This site is optimized with the Yoast SEO plugin v27.4 - https:\/\/yoast.com\/product\/yoast-seo-wordpress\/ -->\n<title>Resina Sep\u00e1: Sinchi, Tienda Cham\u00e1nica Online<\/title>\n<meta name=\"description\" content=\"Resina Sep\u00e1 de aroma refrescante t\u00edpica de los Yawanawa, que la extraen de un \u00e1rbol llamado \u201cVixu\u201d. Purifica objetos, personas y espacios.\" \/>\n<meta name=\"robots\" content=\"index, follow, max-snippet:-1, max-image-preview:large, max-video-preview:-1\" \/>\n<link rel=\"canonical\" href=\"https:\/\/www.sinchisinchi.com\/es\/producto\/resina-sepa\/\" \/>\n<meta property=\"og:locale\" content=\"es_ES\" \/>\n<meta property=\"og:type\" content=\"article\" \/>\n<meta property=\"og:title\" content=\"Resina Sep\u00e1: Sinchi, Tienda Cham\u00e1nica Online\" \/>\n<meta property=\"og:description\" content=\"Resina Sep\u00e1 de aroma refrescante t\u00edpica de los Yawanawa, que la extraen de un \u00e1rbol llamado \u201cVixu\u201d. Purifica objetos, personas y espacios.\" \/>\n<meta property=\"og:url\" content=\"https:\/\/www.sinchisinchi.com\/es\/producto\/resina-sepa\/\" \/>\n<meta property=\"og:site_name\" content=\"SINCHI RAP\u00c9\" \/>\n<meta property=\"article:publisher\" content=\"https:\/\/www.facebook.com\/sinchirape\/\" \/>\n<meta property=\"article:modified_time\" content=\"2026-01-13T08:12:36+00:00\" \/>\n<meta name=\"twitter:card\" content=\"summary_large_image\" \/>\n<meta name=\"twitter:label1\" content=\"Tiempo de lectura\" \/>\n\t<meta name=\"twitter:data1\" content=\"1 minuto\" \/>\n<script type=\"application\/ld+json\" class=\"yoast-schema-graph\">{\"@context\":\"https:\\\/\\\/schema.org\",\"@graph\":[{\"@type\":\"WebPage\",\"@id\":\"https:\\\/\\\/www.sinchisinchi.com\\\/es\\\/producto\\\/resina-sepa\\\/\",\"url\":\"https:\\\/\\\/www.sinchisinchi.com\\\/es\\\/producto\\\/resina-sepa\\\/\",\"name\":\"Resina Sep\u00e1: Sinchi, Tienda Cham\u00e1nica Online\",\"isPartOf\":{\"@id\":\"https:\\\/\\\/www.sinchisinchi.com\\\/es\\\/#website\"},\"datePublished\":\"2024-04-21T17:33:27+00:00\",\"dateModified\":\"2026-01-13T08:12:36+00:00\",\"description\":\"Resina Sep\u00e1 de aroma refrescante t\u00edpica de los Yawanawa, que la extraen de un \u00e1rbol llamado \u201cVixu\u201d. Purifica objetos, personas y espacios.\",\"breadcrumb\":{\"@id\":\"https:\\\/\\\/www.sinchisinchi.com\\\/es\\\/producto\\\/resina-sepa\\\/#breadcrumb\"},\"inLanguage\":\"es\",\"potentialAction\":[{\"@type\":\"ReadAction\",\"target\":[\"https:\\\/\\\/www.sinchisinchi.com\\\/es\\\/producto\\\/resina-sepa\\\/\"]}]},{\"@type\":\"BreadcrumbList\",\"@id\":\"https:\\\/\\\/www.sinchisinchi.com\\\/es\\\/producto\\\/resina-sepa\\\/#breadcrumb\",\"itemListElement\":[{\"@type\":\"ListItem\",\"position\":1,\"name\":\"Prima pagina\",\"item\":\"https:\\\/\\\/www.sinchisinchi.com\\\/es\\\/\"},{\"@type\":\"ListItem\",\"position\":2,\"name\":\"Productos\",\"item\":\"https:\\\/\\\/www.sinchisinchi.com\\\/es\\\/shop\\\/\"},{\"@type\":\"ListItem\",\"position\":3,\"name\":\"Sep\u00e1 Yawanaw\u00e1\"}]},{\"@type\":\"WebSite\",\"@id\":\"https:\\\/\\\/www.sinchisinchi.com\\\/es\\\/#website\",\"url\":\"https:\\\/\\\/www.sinchisinchi.com\\\/es\\\/\",\"name\":\"SINCHI\",\"description\":\"Sinchi Medicine\",\"publisher\":{\"@id\":\"https:\\\/\\\/www.sinchisinchi.com\\\/es\\\/#organization\"},\"potentialAction\":[{\"@type\":\"SearchAction\",\"target\":{\"@type\":\"EntryPoint\",\"urlTemplate\":\"https:\\\/\\\/www.sinchisinchi.com\\\/es\\\/?s={search_term_string}\"},\"query-input\":{\"@type\":\"PropertyValueSpecification\",\"valueRequired\":true,\"valueName\":\"search_term_string\"}}],\"inLanguage\":\"es\"},{\"@type\":\"Organization\",\"@id\":\"https:\\\/\\\/www.sinchisinchi.com\\\/es\\\/#organization\",\"name\":\"SINCHI S.L\",\"url\":\"https:\\\/\\\/www.sinchisinchi.com\\\/es\\\/\",\"logo\":{\"@type\":\"ImageObject\",\"inLanguage\":\"es\",\"@id\":\"https:\\\/\\\/www.sinchisinchi.com\\\/es\\\/#\\\/schema\\\/logo\\\/image\\\/\",\"url\":\"https:\\\/\\\/www.sinchisinchi.com\\\/wp-content\\\/uploads\\\/2026\\\/01\\\/3b-Verde-SIMPLIFICADO-HORIZONTAL-F-TRANSPARENTE-scaled.png\",\"contentUrl\":\"https:\\\/\\\/www.sinchisinchi.com\\\/wp-content\\\/uploads\\\/2026\\\/01\\\/3b-Verde-SIMPLIFICADO-HORIZONTAL-F-TRANSPARENTE-scaled.png\",\"width\":2560,\"height\":457,\"caption\":\"SINCHI S.L\"},\"image\":{\"@id\":\"https:\\\/\\\/www.sinchisinchi.com\\\/es\\\/#\\\/schema\\\/logo\\\/image\\\/\"},\"sameAs\":[\"https:\\\/\\\/www.facebook.com\\\/sinchirape\\\/\",\"https:\\\/\\\/www.instagram.com\\\/sinchi_rape\\\/\"]}]}<\/script>\n<!-- \/ Yoast SEO plugin. -->","yoast_head_json":{"title":"Resina Sep\u00e1: Sinchi, Tienda Cham\u00e1nica Online","description":"Resina Sep\u00e1 de aroma refrescante t\u00edpica de los Yawanawa, que la extraen de un \u00e1rbol llamado \u201cVixu\u201d. Purifica objetos, personas y espacios.","robots":{"index":"index","follow":"follow","max-snippet":"max-snippet:-1","max-image-preview":"max-image-preview:large","max-video-preview":"max-video-preview:-1"},"canonical":"https:\/\/www.sinchisinchi.com\/es\/producto\/resina-sepa\/","og_locale":"es_ES","og_type":"article","og_title":"Resina Sep\u00e1: Sinchi, Tienda Cham\u00e1nica Online","og_description":"Resina Sep\u00e1 de aroma refrescante t\u00edpica de los Yawanawa, que la extraen de un \u00e1rbol llamado \u201cVixu\u201d. Purifica objetos, personas y espacios.","og_url":"https:\/\/www.sinchisinchi.com\/es\/producto\/resina-sepa\/","og_site_name":"SINCHI RAP\u00c9","article_publisher":"https:\/\/www.facebook.com\/sinchirape\/","article_modified_time":"2026-01-13T08:12:36+00:00","twitter_card":"summary_large_image","twitter_misc":{"Tiempo de lectura":"1 minuto"},"schema":{"@context":"https:\/\/schema.org","@graph":[{"@type":"WebPage","@id":"https:\/\/www.sinchisinchi.com\/es\/producto\/resina-sepa\/","url":"https:\/\/www.sinchisinchi.com\/es\/producto\/resina-sepa\/","name":"Resina Sep\u00e1: Sinchi, Tienda Cham\u00e1nica Online","isPartOf":{"@id":"https:\/\/www.sinchisinchi.com\/es\/#website"},"datePublished":"2024-04-21T17:33:27+00:00","dateModified":"2026-01-13T08:12:36+00:00","description":"Resina Sep\u00e1 de aroma refrescante t\u00edpica de los Yawanawa, que la extraen de un \u00e1rbol llamado \u201cVixu\u201d. Purifica objetos, personas y espacios.","breadcrumb":{"@id":"https:\/\/www.sinchisinchi.com\/es\/producto\/resina-sepa\/#breadcrumb"},"inLanguage":"es","potentialAction":[{"@type":"ReadAction","target":["https:\/\/www.sinchisinchi.com\/es\/producto\/resina-sepa\/"]}]},{"@type":"BreadcrumbList","@id":"https:\/\/www.sinchisinchi.com\/es\/producto\/resina-sepa\/#breadcrumb","itemListElement":[{"@type":"ListItem","position":1,"name":"Prima pagina","item":"https:\/\/www.sinchisinchi.com\/es\/"},{"@type":"ListItem","position":2,"name":"Productos","item":"https:\/\/www.sinchisinchi.com\/es\/shop\/"},{"@type":"ListItem","position":3,"name":"Sep\u00e1 Yawanaw\u00e1"}]},{"@type":"WebSite","@id":"https:\/\/www.sinchisinchi.com\/es\/#website","url":"https:\/\/www.sinchisinchi.com\/es\/","name":"SINCHI","description":"Sinchi Medicine","publisher":{"@id":"https:\/\/www.sinchisinchi.com\/es\/#organization"},"potentialAction":[{"@type":"SearchAction","target":{"@type":"EntryPoint","urlTemplate":"https:\/\/www.sinchisinchi.com\/es\/?s={search_term_string}"},"query-input":{"@type":"PropertyValueSpecification","valueRequired":true,"valueName":"search_term_string"}}],"inLanguage":"es"},{"@type":"Organization","@id":"https:\/\/www.sinchisinchi.com\/es\/#organization","name":"SINCHI S.L","url":"https:\/\/www.sinchisinchi.com\/es\/","logo":{"@type":"ImageObject","inLanguage":"es","@id":"https:\/\/www.sinchisinchi.com\/es\/#\/schema\/logo\/image\/","url":"https:\/\/www.sinchisinchi.com\/wp-content\/uploads\/2026\/01\/3b-Verde-SIMPLIFICADO-HORIZONTAL-F-TRANSPARENTE-scaled.png","contentUrl":"https:\/\/www.sinchisinchi.com\/wp-content\/uploads\/2026\/01\/3b-Verde-SIMPLIFICADO-HORIZONTAL-F-TRANSPARENTE-scaled.png","width":2560,"height":457,"caption":"SINCHI S.L"},"image":{"@id":"https:\/\/www.sinchisinchi.com\/es\/#\/schema\/logo\/image\/"},"sameAs":["https:\/\/www.facebook.com\/sinchirape\/","https:\/\/www.instagram.com\/sinchi_rape\/"]}]}},"_links":{"self":[{"href":"https:\/\/www.sinchisinchi.com\/es\/wp-json\/wp\/v2\/product\/13107","targetHints":{"allow":["GET"]}}],"collection":[{"href":"https:\/\/www.sinchisinchi.com\/es\/wp-json\/wp\/v2\/product"}],"about":[{"href":"https:\/\/www.sinchisinchi.com\/es\/wp-json\/wp\/v2\/types\/product"}],"wp:attachment":[{"href":"https:\/\/www.sinchisinchi.com\/es\/wp-json\/wp\/v2\/media?parent=13107"}],"wp:term":[{"taxonomy":"product_brand","embeddable":true,"href":"https:\/\/www.sinchisinchi.com\/es\/wp-json\/wp\/v2\/product_brand?post=13107"},{"taxonomy":"product_cat","embeddable":true,"href":"https:\/\/www.sinchisinchi.com\/es\/wp-json\/wp\/v2\/product_cat?post=13107"},{"taxonomy":"product_tag","embeddable":true,"href":"https:\/\/www.sinchisinchi.com\/es\/wp-json\/wp\/v2\/product_tag?post=13107"}],"curies":[{"name":"wp","href":"https:\/\/api.w.org\/{rel}","templated":true}]}}