{"id":13122,"date":"2024-04-21T17:57:32","date_gmt":"2024-04-21T17:57:32","guid":{"rendered":"https:\/\/www.sinchisinchi.com\/?post_type=product&#038;p=13122"},"modified":"2026-01-13T08:12:18","modified_gmt":"2026-01-13T08:12:18","slug":"resina-jatoba","status":"publish","type":"product","link":"https:\/\/www.sinchisinchi.com\/es\/producto\/resina-jatoba\/","title":{"rendered":"Resina Jatob\u00e1"},"content":{"rendered":"","protected":false},"excerpt":{"rendered":"<div>\n<p class=\"Cuerpo\"><span style=\"color: #000000;\"><span lang=\"ES-TRAD\">El \u00e1rbol de Jatob\u00e1 es <\/span>muy apreciado por su resina, <span class=\"Ninguno\"><span lang=\"ES-TRAD\">conocida como jutaicica, <\/span><\/span>que tiene poderosas propiedades medicinales <span class=\"Ninguno\"><span lang=\"ES-TRAD\">y espirituales. <\/span><\/span><\/span><\/p>\n<\/div>\n<div>\n<p class=\"Cuerpo\"><span class=\"Ninguno\" style=\"color: #000000;\"><span lang=\"ES-TRAD\">\u00a0<\/span><\/span><\/p>\n<\/div>\n<div>\n<p class=\"Cuerpo\"><span class=\"Ninguno\" style=\"color: #000000;\"><span lang=\"ES-TRAD\">En rituales cham\u00e1nicos, se utiliza en sahumerios, y se considera un poderoso tonificante mental.\u00a0 Gracias a sus propiedades, tambi\u00e9n es muy utilizada en sesiones de meditaci\u00f3n, yoga y otras actividades similares. <\/span><\/span><\/p>\n<\/div>\n<div>\n<p class=\"Cuerpo\"><span class=\"Ninguno\" style=\"color: #000000;\"><span lang=\"ES-TRAD\">\u00a0<\/span><\/span><\/p>\n<\/div>\n<div>\n<p class=\"Cuerpo\"><span style=\"color: #000000;\"><span class=\"Ninguno\"><span lang=\"ES-TRAD\">El Jatob\u00e1<\/span> <\/span><span class=\"Ninguno\"><span lang=\"ES-TRAD\">(Hymenaea courbaril L.) es un \u00e1rbol de gran tama\u00f1o, que alcanza hasta 40 metros de altura, con un tronco de casi un metro de di\u00e1metro<\/span><\/span><span class=\"Ninguno\"><span lang=\"PT\">, origin\u00e1rio de<\/span><\/span><span class=\"Ninguno\"><span lang=\"ES-TRAD\"> Oriente Medio y la pen\u00ednsula Ar\u00e1<\/span><span lang=\"IT\">biga.<\/span><\/span><\/span><\/p>\n<\/div>\n<div>\n<p class=\"Cuerpo\"><span class=\"Ninguno\" style=\"color: #000000;\"><span lang=\"IT\">\u00a0<\/span><\/span><\/p>\n<\/div>\n<div>\n<p class=\"Cuerpo\"><span class=\"Ninguno\" style=\"color: #000000;\"><span lang=\"ES-TRAD\">Se utilizan diversas partes del \u00e1rbol, como corteza, savia, resina, frutos y hojas. Algunos grupos ind\u00edgenas de la Amazonia usan su madera para fabricar canoas.<\/span><\/span><\/p>\n<\/div>\n<div>\n<p class=\"Cuerpo\"><span style=\"color: #000000;\"><b>\u00a0<\/b><\/span><\/p>\n<\/div>\n<div>\n<p class=\"Poromisin\"><span style=\"color: #000000;\">Tambi\u00e9n es una fuente<span lang=\"ES-TRAD\"> de alimento y se menciona entre las especies frutales, debido al extraordinario valor nutritivo de la pulpa comestible que rodea las semillas.<\/span><\/span><\/p>\n<p class=\"Poromisin\"><span style=\"color: #000000;\">Su madera es de excelente calidad, dura y pesada.<\/span><\/p>\n<p class=\"Poromisin\"><span style=\"color: #000000;\">Su savia reci\u00e9n extra\u00edda tiene color vino y se usa en la medicina tradicional para tratar multitud de afecciones.<\/span><\/p>\n<p class=\"Poromisin\"><span class=\"Ninguno\" style=\"color: #000000;\"><span lang=\"PT\">Las abundantes flores de Jatob\u00e1<\/span> <\/span><span class=\"Ninguno\" style=\"color: #000000;\"><span lang=\"ES-TRAD\">son muy atractivas para las abejas Jata<\/span><span lang=\"IT\">\u00ed<\/span><\/span><span class=\"Ninguno\" style=\"color: #000000;\"><span lang=\"ES-TRAD\">, que producen una miel especialmente indicada para combatir problemas respiratorios.\u00a0<\/span><\/span><\/p>\n<p class=\"Poromisin\"><span style=\"color: #000000;\">La bebida jutaicica se prepara mezclando los granos de resina en agua y luego bebi\u00e9ndola en un ritual de purificaci\u00f3n.<\/span><\/p>\n<\/div>\n<div>\n<p>&nbsp;<\/p>\n<\/div>\n<div>\n<p class=\"Cuerpo\"><span style=\"color: #000000;\"><b>Nombre Cient\u00edfico:<\/b> Hymenaea courbaril L.<\/span><\/p>\n<p class=\"Cuerpo\"><b style=\"color: #000000;\">Origen:<\/b><span style=\"color: #000000;\"> Brasil.<\/span><\/p>\n<p class=\"Cuerpo\"><b style=\"color: #000000;\">Aroma:<\/b><span style=\"color: #000000;\"> C\u00edtrico y refrescante.<\/span><\/p>\n<\/div>\n","protected":false},"featured_media":13123,"template":"","meta":{"_joinchat":[]},"product_brand":[],"product_cat":[38],"product_tag":[],"class_list":{"0":"post-13122","1":"product","2":"type-product","3":"status-publish","4":"has-post-thumbnail","6":"product_cat-resins","8":"first","9":"instock","10":"taxable","11":"shipping-taxable","12":"product-type-simple"},"yoast_head":"<!-- This site is optimized with the Yoast SEO plugin v27.4 - https:\/\/yoast.com\/product\/yoast-seo-wordpress\/ -->\n<title>Resina de Jatob\u00e1: Sinchi, Tienda Cham\u00e1nica Online<\/title>\n<meta name=\"description\" content=\"El \u00e1rbol de Jatob\u00e1 es muy apreciado por su resina, conocida como jutaicica, que tiene poderosas propiedades medicinales y espirituales.\" \/>\n<meta name=\"robots\" content=\"index, follow, max-snippet:-1, max-image-preview:large, max-video-preview:-1\" \/>\n<link rel=\"canonical\" href=\"https:\/\/www.sinchisinchi.com\/es\/producto\/resina-jatoba\/\" \/>\n<meta property=\"og:locale\" content=\"es_ES\" \/>\n<meta property=\"og:type\" content=\"article\" \/>\n<meta property=\"og:title\" content=\"Resina de Jatob\u00e1: Sinchi, Tienda Cham\u00e1nica Online\" \/>\n<meta property=\"og:description\" content=\"El \u00e1rbol de Jatob\u00e1 es muy apreciado por su resina, conocida como jutaicica, que tiene poderosas propiedades medicinales y espirituales.\" \/>\n<meta property=\"og:url\" content=\"https:\/\/www.sinchisinchi.com\/es\/producto\/resina-jatoba\/\" \/>\n<meta property=\"og:site_name\" content=\"SINCHI RAP\u00c9\" \/>\n<meta property=\"article:publisher\" content=\"https:\/\/www.facebook.com\/sinchirape\/\" \/>\n<meta property=\"article:modified_time\" content=\"2026-01-13T08:12:18+00:00\" \/>\n<meta property=\"og:image\" content=\"https:\/\/www.sinchisinchi.com\/wp-content\/uploads\/2024\/04\/Mukani-Resina-Jatoba.jpeg\" \/>\n\t<meta property=\"og:image:width\" content=\"420\" \/>\n\t<meta property=\"og:image:height\" content=\"545\" \/>\n\t<meta property=\"og:image:type\" content=\"image\/jpeg\" \/>\n<meta name=\"twitter:card\" content=\"summary_large_image\" \/>\n<meta name=\"twitter:label1\" content=\"Tiempo de lectura\" \/>\n\t<meta name=\"twitter:data1\" content=\"1 minuto\" \/>\n<script type=\"application\/ld+json\" class=\"yoast-schema-graph\">{\"@context\":\"https:\\\/\\\/schema.org\",\"@graph\":[{\"@type\":\"WebPage\",\"@id\":\"https:\\\/\\\/www.sinchisinchi.com\\\/es\\\/producto\\\/resina-jatoba\\\/\",\"url\":\"https:\\\/\\\/www.sinchisinchi.com\\\/es\\\/producto\\\/resina-jatoba\\\/\",\"name\":\"Resina de Jatob\u00e1: Sinchi, Tienda Cham\u00e1nica Online\",\"isPartOf\":{\"@id\":\"https:\\\/\\\/www.sinchisinchi.com\\\/es\\\/#website\"},\"primaryImageOfPage\":{\"@id\":\"https:\\\/\\\/www.sinchisinchi.com\\\/es\\\/producto\\\/resina-jatoba\\\/#primaryimage\"},\"image\":{\"@id\":\"https:\\\/\\\/www.sinchisinchi.com\\\/es\\\/producto\\\/resina-jatoba\\\/#primaryimage\"},\"thumbnailUrl\":\"https:\\\/\\\/www.sinchisinchi.com\\\/wp-content\\\/uploads\\\/2024\\\/04\\\/Mukani-Resina-Jatoba.jpeg\",\"datePublished\":\"2024-04-21T17:57:32+00:00\",\"dateModified\":\"2026-01-13T08:12:18+00:00\",\"description\":\"El \u00e1rbol de Jatob\u00e1 es muy apreciado por su resina, conocida como jutaicica, que tiene poderosas propiedades medicinales y espirituales.\",\"breadcrumb\":{\"@id\":\"https:\\\/\\\/www.sinchisinchi.com\\\/es\\\/producto\\\/resina-jatoba\\\/#breadcrumb\"},\"inLanguage\":\"es\",\"potentialAction\":[{\"@type\":\"ReadAction\",\"target\":[\"https:\\\/\\\/www.sinchisinchi.com\\\/es\\\/producto\\\/resina-jatoba\\\/\"]}]},{\"@type\":\"ImageObject\",\"inLanguage\":\"es\",\"@id\":\"https:\\\/\\\/www.sinchisinchi.com\\\/es\\\/producto\\\/resina-jatoba\\\/#primaryimage\",\"url\":\"https:\\\/\\\/www.sinchisinchi.com\\\/wp-content\\\/uploads\\\/2024\\\/04\\\/Mukani-Resina-Jatoba.jpeg\",\"contentUrl\":\"https:\\\/\\\/www.sinchisinchi.com\\\/wp-content\\\/uploads\\\/2024\\\/04\\\/Mukani-Resina-Jatoba.jpeg\",\"width\":420,\"height\":545},{\"@type\":\"BreadcrumbList\",\"@id\":\"https:\\\/\\\/www.sinchisinchi.com\\\/es\\\/producto\\\/resina-jatoba\\\/#breadcrumb\",\"itemListElement\":[{\"@type\":\"ListItem\",\"position\":1,\"name\":\"Prima pagina\",\"item\":\"https:\\\/\\\/www.sinchisinchi.com\\\/es\\\/\"},{\"@type\":\"ListItem\",\"position\":2,\"name\":\"Productos\",\"item\":\"https:\\\/\\\/www.sinchisinchi.com\\\/es\\\/shop\\\/\"},{\"@type\":\"ListItem\",\"position\":3,\"name\":\"Resina Jatob\u00e1\"}]},{\"@type\":\"WebSite\",\"@id\":\"https:\\\/\\\/www.sinchisinchi.com\\\/es\\\/#website\",\"url\":\"https:\\\/\\\/www.sinchisinchi.com\\\/es\\\/\",\"name\":\"SINCHI\",\"description\":\"Sinchi Medicine\",\"publisher\":{\"@id\":\"https:\\\/\\\/www.sinchisinchi.com\\\/es\\\/#organization\"},\"potentialAction\":[{\"@type\":\"SearchAction\",\"target\":{\"@type\":\"EntryPoint\",\"urlTemplate\":\"https:\\\/\\\/www.sinchisinchi.com\\\/es\\\/?s={search_term_string}\"},\"query-input\":{\"@type\":\"PropertyValueSpecification\",\"valueRequired\":true,\"valueName\":\"search_term_string\"}}],\"inLanguage\":\"es\"},{\"@type\":\"Organization\",\"@id\":\"https:\\\/\\\/www.sinchisinchi.com\\\/es\\\/#organization\",\"name\":\"SINCHI S.L\",\"url\":\"https:\\\/\\\/www.sinchisinchi.com\\\/es\\\/\",\"logo\":{\"@type\":\"ImageObject\",\"inLanguage\":\"es\",\"@id\":\"https:\\\/\\\/www.sinchisinchi.com\\\/es\\\/#\\\/schema\\\/logo\\\/image\\\/\",\"url\":\"https:\\\/\\\/www.sinchisinchi.com\\\/wp-content\\\/uploads\\\/2026\\\/01\\\/3b-Verde-SIMPLIFICADO-HORIZONTAL-F-TRANSPARENTE-scaled.png\",\"contentUrl\":\"https:\\\/\\\/www.sinchisinchi.com\\\/wp-content\\\/uploads\\\/2026\\\/01\\\/3b-Verde-SIMPLIFICADO-HORIZONTAL-F-TRANSPARENTE-scaled.png\",\"width\":2560,\"height\":457,\"caption\":\"SINCHI S.L\"},\"image\":{\"@id\":\"https:\\\/\\\/www.sinchisinchi.com\\\/es\\\/#\\\/schema\\\/logo\\\/image\\\/\"},\"sameAs\":[\"https:\\\/\\\/www.facebook.com\\\/sinchirape\\\/\",\"https:\\\/\\\/www.instagram.com\\\/sinchi_rape\\\/\"]}]}<\/script>\n<!-- \/ Yoast SEO plugin. -->","yoast_head_json":{"title":"Resina de Jatob\u00e1: Sinchi, Tienda Cham\u00e1nica Online","description":"El \u00e1rbol de Jatob\u00e1 es muy apreciado por su resina, conocida como jutaicica, que tiene poderosas propiedades medicinales y espirituales.","robots":{"index":"index","follow":"follow","max-snippet":"max-snippet:-1","max-image-preview":"max-image-preview:large","max-video-preview":"max-video-preview:-1"},"canonical":"https:\/\/www.sinchisinchi.com\/es\/producto\/resina-jatoba\/","og_locale":"es_ES","og_type":"article","og_title":"Resina de Jatob\u00e1: Sinchi, Tienda Cham\u00e1nica Online","og_description":"El \u00e1rbol de Jatob\u00e1 es muy apreciado por su resina, conocida como jutaicica, que tiene poderosas propiedades medicinales y espirituales.","og_url":"https:\/\/www.sinchisinchi.com\/es\/producto\/resina-jatoba\/","og_site_name":"SINCHI RAP\u00c9","article_publisher":"https:\/\/www.facebook.com\/sinchirape\/","article_modified_time":"2026-01-13T08:12:18+00:00","og_image":[{"width":420,"height":545,"url":"https:\/\/www.sinchisinchi.com\/wp-content\/uploads\/2024\/04\/Mukani-Resina-Jatoba.jpeg","type":"image\/jpeg"}],"twitter_card":"summary_large_image","twitter_misc":{"Tiempo de lectura":"1 minuto"},"schema":{"@context":"https:\/\/schema.org","@graph":[{"@type":"WebPage","@id":"https:\/\/www.sinchisinchi.com\/es\/producto\/resina-jatoba\/","url":"https:\/\/www.sinchisinchi.com\/es\/producto\/resina-jatoba\/","name":"Resina de Jatob\u00e1: Sinchi, Tienda Cham\u00e1nica Online","isPartOf":{"@id":"https:\/\/www.sinchisinchi.com\/es\/#website"},"primaryImageOfPage":{"@id":"https:\/\/www.sinchisinchi.com\/es\/producto\/resina-jatoba\/#primaryimage"},"image":{"@id":"https:\/\/www.sinchisinchi.com\/es\/producto\/resina-jatoba\/#primaryimage"},"thumbnailUrl":"https:\/\/www.sinchisinchi.com\/wp-content\/uploads\/2024\/04\/Mukani-Resina-Jatoba.jpeg","datePublished":"2024-04-21T17:57:32+00:00","dateModified":"2026-01-13T08:12:18+00:00","description":"El \u00e1rbol de Jatob\u00e1 es muy apreciado por su resina, conocida como jutaicica, que tiene poderosas propiedades medicinales y espirituales.","breadcrumb":{"@id":"https:\/\/www.sinchisinchi.com\/es\/producto\/resina-jatoba\/#breadcrumb"},"inLanguage":"es","potentialAction":[{"@type":"ReadAction","target":["https:\/\/www.sinchisinchi.com\/es\/producto\/resina-jatoba\/"]}]},{"@type":"ImageObject","inLanguage":"es","@id":"https:\/\/www.sinchisinchi.com\/es\/producto\/resina-jatoba\/#primaryimage","url":"https:\/\/www.sinchisinchi.com\/wp-content\/uploads\/2024\/04\/Mukani-Resina-Jatoba.jpeg","contentUrl":"https:\/\/www.sinchisinchi.com\/wp-content\/uploads\/2024\/04\/Mukani-Resina-Jatoba.jpeg","width":420,"height":545},{"@type":"BreadcrumbList","@id":"https:\/\/www.sinchisinchi.com\/es\/producto\/resina-jatoba\/#breadcrumb","itemListElement":[{"@type":"ListItem","position":1,"name":"Prima pagina","item":"https:\/\/www.sinchisinchi.com\/es\/"},{"@type":"ListItem","position":2,"name":"Productos","item":"https:\/\/www.sinchisinchi.com\/es\/shop\/"},{"@type":"ListItem","position":3,"name":"Resina Jatob\u00e1"}]},{"@type":"WebSite","@id":"https:\/\/www.sinchisinchi.com\/es\/#website","url":"https:\/\/www.sinchisinchi.com\/es\/","name":"SINCHI","description":"Sinchi Medicine","publisher":{"@id":"https:\/\/www.sinchisinchi.com\/es\/#organization"},"potentialAction":[{"@type":"SearchAction","target":{"@type":"EntryPoint","urlTemplate":"https:\/\/www.sinchisinchi.com\/es\/?s={search_term_string}"},"query-input":{"@type":"PropertyValueSpecification","valueRequired":true,"valueName":"search_term_string"}}],"inLanguage":"es"},{"@type":"Organization","@id":"https:\/\/www.sinchisinchi.com\/es\/#organization","name":"SINCHI S.L","url":"https:\/\/www.sinchisinchi.com\/es\/","logo":{"@type":"ImageObject","inLanguage":"es","@id":"https:\/\/www.sinchisinchi.com\/es\/#\/schema\/logo\/image\/","url":"https:\/\/www.sinchisinchi.com\/wp-content\/uploads\/2026\/01\/3b-Verde-SIMPLIFICADO-HORIZONTAL-F-TRANSPARENTE-scaled.png","contentUrl":"https:\/\/www.sinchisinchi.com\/wp-content\/uploads\/2026\/01\/3b-Verde-SIMPLIFICADO-HORIZONTAL-F-TRANSPARENTE-scaled.png","width":2560,"height":457,"caption":"SINCHI S.L"},"image":{"@id":"https:\/\/www.sinchisinchi.com\/es\/#\/schema\/logo\/image\/"},"sameAs":["https:\/\/www.facebook.com\/sinchirape\/","https:\/\/www.instagram.com\/sinchi_rape\/"]}]}},"_links":{"self":[{"href":"https:\/\/www.sinchisinchi.com\/es\/wp-json\/wp\/v2\/product\/13122","targetHints":{"allow":["GET"]}}],"collection":[{"href":"https:\/\/www.sinchisinchi.com\/es\/wp-json\/wp\/v2\/product"}],"about":[{"href":"https:\/\/www.sinchisinchi.com\/es\/wp-json\/wp\/v2\/types\/product"}],"wp:featuredmedia":[{"embeddable":true,"href":"https:\/\/www.sinchisinchi.com\/es\/wp-json\/wp\/v2\/media\/13123"}],"wp:attachment":[{"href":"https:\/\/www.sinchisinchi.com\/es\/wp-json\/wp\/v2\/media?parent=13122"}],"wp:term":[{"taxonomy":"product_brand","embeddable":true,"href":"https:\/\/www.sinchisinchi.com\/es\/wp-json\/wp\/v2\/product_brand?post=13122"},{"taxonomy":"product_cat","embeddable":true,"href":"https:\/\/www.sinchisinchi.com\/es\/wp-json\/wp\/v2\/product_cat?post=13122"},{"taxonomy":"product_tag","embeddable":true,"href":"https:\/\/www.sinchisinchi.com\/es\/wp-json\/wp\/v2\/product_tag?post=13122"}],"curies":[{"name":"wp","href":"https:\/\/api.w.org\/{rel}","templated":true}]}}