{"id":13137,"date":"2024-04-22T11:40:01","date_gmt":"2024-04-22T11:40:01","guid":{"rendered":"https:\/\/www.sinchisinchi.com\/?post_type=product&#038;p=13137"},"modified":"2026-01-13T08:12:09","modified_gmt":"2026-01-13T08:12:09","slug":"aceite-de-argan","status":"publish","type":"product","link":"https:\/\/www.sinchisinchi.com\/es\/producto\/aceite-de-argan\/","title":{"rendered":"Aceite de Arg\u00e1n"},"content":{"rendered":"<h2 style=\"font-weight: 400; text-align: center;\"><strong><span style=\"color: #000000;\">\u00c1rbol<\/span><\/strong><\/h2>\n<p style=\"font-weight: 400;\"><span style=\"color: #000000;\">El arg\u00e1n (Argania spinosa L., Fam. Sapotaceae) es un \u00e1rbol silvestre aut\u00f3ctono del suroeste de Marruecos, en el l\u00edmite sahariano, y tambi\u00e9n est\u00e1 presente en las tierras calc\u00e1reas semides\u00e9rticas de la regi\u00f3n argelina de Tindouf.<\/span><\/p>\n<p style=\"font-weight: 400;\"><span style=\"color: #000000;\">Puede alcanzar los 8 m de altura, tiene hojas peque\u00f1as alargadas y flores amarillas. El fruto es de color verde a amarillo y del tama\u00f1o de una nuez. Cuando empieza a madurar, a primeros de junio, los frutos se recogen para extraer el aceite de sus semillas.<\/span><\/p>\n<p style=\"font-weight: 400;\"><span style=\"color: #000000;\">El arg\u00e1n crece en zonas de altitud inferior a 800 m y con clima seco, que resiste bien gracias a sus profundas ra\u00edces. En \u00e9pocas de gran sequ\u00eda, pierde sus hojas para evitar la excesiva transpiraci\u00f3n y las recupera con las primeras lluvias.<\/span><\/p>\n<h3 style=\"font-weight: 400; text-align: center;\"><strong><span style=\"color: #000000;\">Aceite<\/span><\/strong><\/h3>\n<p style=\"font-weight: 400;\"><span style=\"color: #000000;\">El Arg\u00e1n, conocido como oro del desierto, es un aceite comestible de alto valor, con sabor a nuez. Es considerado el santo grial de los aceites para la piel y el cabello porque no es ni demasiado pesado ni demasiado ligero, se absorbe f\u00e1cilmente y es muy hidratante.<\/span><\/p>\n<p style=\"font-weight: 400;\"><span style=\"color: #000000;\">Tambi\u00e9n tiene propiedades antibacterianas y fungicidas, ayuda a tratar y prevenir infecciones bacterianas y por hongos en la piel.<\/span><\/p>\n<p style=\"font-weight: 400;\"><span style=\"color: #000000;\">Alrededor del 99% del aceite de arg\u00e1n est\u00e1 formado por \u00e1cido oleico y <\/span><span style=\"color: #000000;\">linoleico, y el 1% restante contiene vitamina E, carotenoides, esteroles y polifenoles.<\/span><\/p>\n<p style=\"font-weight: 400;\"><span style=\"color: #000000;\">Las mujeres marroqu\u00edes han usado durante mucho tiempo el aceite de arg\u00e1n para <\/span><span style=\"color: #000000;\">proteger su piel del da\u00f1o solar, ya que la actividad antioxidante en el aceite de arg\u00e1n protege la piel contra el da\u00f1o de los radicales libres causados por el sol, adem\u00e1s de fortalecer y mejorar la salud general de la piel.<\/span><\/p>\n","protected":false},"excerpt":{"rendered":"<p style=\"font-weight: 400;\"><span style=\"color: #000000;\">El jab\u00f3n de aceite de arg\u00e1n es muy apreciado por sus propiedades para la piel. Limpia y purifica, es rico en vitamina E, vitamina A y contiene una gran cantidad de antioxidantes.<\/span><\/p>\n<p style=\"font-weight: 400;\"><span style=\"color: #000000;\">El aceite de arg\u00e1n es extra\u00eddo de las semillas maduras de la baya del \u00e1rbol de arg\u00e1n (Argania spinosa).<\/span><\/p>\n<p style=\"font-weight: 400;\"><span style=\"color: #000000;\">La poderosa combinaci\u00f3n de antioxidantes y vitamina E del aceite de arg\u00e1n aumenta la elasticidad de la piel, tiene propiedades rejuvenecedoras e hidrata y estimula la capacidad de la piel para retener la humedad, e incluso ayuda a que las heridas y cortes se curen m\u00e1s r\u00e1pido.<\/span><\/p>\n<p><span style=\"color: #000000;\"><strong>Tama\u00f1o:<\/strong> 100gr<\/span><\/p>\n","protected":false},"featured_media":13138,"template":"","meta":{"_joinchat":[]},"product_brand":[],"product_cat":[329],"product_tag":[],"class_list":{"0":"post-13137","1":"product","2":"type-product","3":"status-publish","4":"has-post-thumbnail","6":"product_cat-jabones","8":"first","9":"instock","10":"taxable","11":"shipping-taxable","12":"purchasable","13":"product-type-simple"},"yoast_head":"<!-- This site is optimized with the Yoast SEO plugin v27.4 - https:\/\/yoast.com\/product\/yoast-seo-wordpress\/ -->\n<title>Jab\u00f3n con Aceite de Arg\u00e1n: Tienda Cham\u00e1nica<\/title>\n<meta name=\"description\" content=\"Jab\u00f3n de aceite de Arg\u00e1n: Es el oro del desierto, considerado el santo grial de los aceites para la piel y el cabello, altamente hidratante.\" \/>\n<meta name=\"robots\" content=\"index, follow, max-snippet:-1, max-image-preview:large, max-video-preview:-1\" \/>\n<link rel=\"canonical\" href=\"https:\/\/www.sinchisinchi.com\/es\/producto\/aceite-de-argan\/\" \/>\n<meta property=\"og:locale\" content=\"es_ES\" \/>\n<meta property=\"og:type\" content=\"article\" \/>\n<meta property=\"og:title\" content=\"Jab\u00f3n con Aceite de Arg\u00e1n: Tienda Cham\u00e1nica\" \/>\n<meta property=\"og:description\" content=\"Jab\u00f3n de aceite de Arg\u00e1n: Es el oro del desierto, considerado el santo grial de los aceites para la piel y el cabello, altamente hidratante.\" \/>\n<meta property=\"og:url\" content=\"https:\/\/www.sinchisinchi.com\/es\/producto\/aceite-de-argan\/\" \/>\n<meta property=\"og:site_name\" content=\"SINCHI RAP\u00c9\" \/>\n<meta property=\"article:publisher\" content=\"https:\/\/www.facebook.com\/sinchirape\/\" \/>\n<meta property=\"article:modified_time\" content=\"2026-01-13T08:12:09+00:00\" \/>\n<meta property=\"og:image\" content=\"https:\/\/www.sinchisinchi.com\/wp-content\/uploads\/2024\/04\/1-Aceite-de-Argan.jpeg\" \/>\n\t<meta property=\"og:image:width\" content=\"750\" \/>\n\t<meta property=\"og:image:height\" content=\"750\" \/>\n\t<meta property=\"og:image:type\" content=\"image\/jpeg\" \/>\n<meta name=\"twitter:card\" content=\"summary_large_image\" \/>\n<meta name=\"twitter:label1\" content=\"Tiempo de lectura\" \/>\n\t<meta name=\"twitter:data1\" content=\"2 minutos\" \/>\n<script type=\"application\/ld+json\" class=\"yoast-schema-graph\">{\"@context\":\"https:\\\/\\\/schema.org\",\"@graph\":[{\"@type\":\"WebPage\",\"@id\":\"https:\\\/\\\/www.sinchisinchi.com\\\/es\\\/producto\\\/aceite-de-argan\\\/\",\"url\":\"https:\\\/\\\/www.sinchisinchi.com\\\/es\\\/producto\\\/aceite-de-argan\\\/\",\"name\":\"Jab\u00f3n con Aceite de Arg\u00e1n: Tienda Cham\u00e1nica\",\"isPartOf\":{\"@id\":\"https:\\\/\\\/www.sinchisinchi.com\\\/es\\\/#website\"},\"primaryImageOfPage\":{\"@id\":\"https:\\\/\\\/www.sinchisinchi.com\\\/es\\\/producto\\\/aceite-de-argan\\\/#primaryimage\"},\"image\":{\"@id\":\"https:\\\/\\\/www.sinchisinchi.com\\\/es\\\/producto\\\/aceite-de-argan\\\/#primaryimage\"},\"thumbnailUrl\":\"https:\\\/\\\/www.sinchisinchi.com\\\/wp-content\\\/uploads\\\/2024\\\/04\\\/1-Aceite-de-Argan.jpeg\",\"datePublished\":\"2024-04-22T11:40:01+00:00\",\"dateModified\":\"2026-01-13T08:12:09+00:00\",\"description\":\"Jab\u00f3n de aceite de Arg\u00e1n: Es el oro del desierto, considerado el santo grial de los aceites para la piel y el cabello, altamente hidratante.\",\"breadcrumb\":{\"@id\":\"https:\\\/\\\/www.sinchisinchi.com\\\/es\\\/producto\\\/aceite-de-argan\\\/#breadcrumb\"},\"inLanguage\":\"es\",\"potentialAction\":[{\"@type\":\"ReadAction\",\"target\":[\"https:\\\/\\\/www.sinchisinchi.com\\\/es\\\/producto\\\/aceite-de-argan\\\/\"]}]},{\"@type\":\"ImageObject\",\"inLanguage\":\"es\",\"@id\":\"https:\\\/\\\/www.sinchisinchi.com\\\/es\\\/producto\\\/aceite-de-argan\\\/#primaryimage\",\"url\":\"https:\\\/\\\/www.sinchisinchi.com\\\/wp-content\\\/uploads\\\/2024\\\/04\\\/1-Aceite-de-Argan.jpeg\",\"contentUrl\":\"https:\\\/\\\/www.sinchisinchi.com\\\/wp-content\\\/uploads\\\/2024\\\/04\\\/1-Aceite-de-Argan.jpeg\",\"width\":750,\"height\":750},{\"@type\":\"BreadcrumbList\",\"@id\":\"https:\\\/\\\/www.sinchisinchi.com\\\/es\\\/producto\\\/aceite-de-argan\\\/#breadcrumb\",\"itemListElement\":[{\"@type\":\"ListItem\",\"position\":1,\"name\":\"Prima pagina\",\"item\":\"https:\\\/\\\/www.sinchisinchi.com\\\/es\\\/\"},{\"@type\":\"ListItem\",\"position\":2,\"name\":\"Productos\",\"item\":\"https:\\\/\\\/www.sinchisinchi.com\\\/es\\\/shop\\\/\"},{\"@type\":\"ListItem\",\"position\":3,\"name\":\"Aceite de Arg\u00e1n\"}]},{\"@type\":\"WebSite\",\"@id\":\"https:\\\/\\\/www.sinchisinchi.com\\\/es\\\/#website\",\"url\":\"https:\\\/\\\/www.sinchisinchi.com\\\/es\\\/\",\"name\":\"SINCHI\",\"description\":\"Sinchi Medicine\",\"publisher\":{\"@id\":\"https:\\\/\\\/www.sinchisinchi.com\\\/es\\\/#organization\"},\"potentialAction\":[{\"@type\":\"SearchAction\",\"target\":{\"@type\":\"EntryPoint\",\"urlTemplate\":\"https:\\\/\\\/www.sinchisinchi.com\\\/es\\\/?s={search_term_string}\"},\"query-input\":{\"@type\":\"PropertyValueSpecification\",\"valueRequired\":true,\"valueName\":\"search_term_string\"}}],\"inLanguage\":\"es\"},{\"@type\":\"Organization\",\"@id\":\"https:\\\/\\\/www.sinchisinchi.com\\\/es\\\/#organization\",\"name\":\"SINCHI S.L\",\"url\":\"https:\\\/\\\/www.sinchisinchi.com\\\/es\\\/\",\"logo\":{\"@type\":\"ImageObject\",\"inLanguage\":\"es\",\"@id\":\"https:\\\/\\\/www.sinchisinchi.com\\\/es\\\/#\\\/schema\\\/logo\\\/image\\\/\",\"url\":\"https:\\\/\\\/www.sinchisinchi.com\\\/wp-content\\\/uploads\\\/2026\\\/01\\\/3b-Verde-SIMPLIFICADO-HORIZONTAL-F-TRANSPARENTE-scaled.png\",\"contentUrl\":\"https:\\\/\\\/www.sinchisinchi.com\\\/wp-content\\\/uploads\\\/2026\\\/01\\\/3b-Verde-SIMPLIFICADO-HORIZONTAL-F-TRANSPARENTE-scaled.png\",\"width\":2560,\"height\":457,\"caption\":\"SINCHI S.L\"},\"image\":{\"@id\":\"https:\\\/\\\/www.sinchisinchi.com\\\/es\\\/#\\\/schema\\\/logo\\\/image\\\/\"},\"sameAs\":[\"https:\\\/\\\/www.facebook.com\\\/sinchirape\\\/\",\"https:\\\/\\\/www.instagram.com\\\/sinchi_rape\\\/\"]}]}<\/script>\n<!-- \/ Yoast SEO plugin. -->","yoast_head_json":{"title":"Jab\u00f3n con Aceite de Arg\u00e1n: Tienda Cham\u00e1nica","description":"Jab\u00f3n de aceite de Arg\u00e1n: Es el oro del desierto, considerado el santo grial de los aceites para la piel y el cabello, altamente hidratante.","robots":{"index":"index","follow":"follow","max-snippet":"max-snippet:-1","max-image-preview":"max-image-preview:large","max-video-preview":"max-video-preview:-1"},"canonical":"https:\/\/www.sinchisinchi.com\/es\/producto\/aceite-de-argan\/","og_locale":"es_ES","og_type":"article","og_title":"Jab\u00f3n con Aceite de Arg\u00e1n: Tienda Cham\u00e1nica","og_description":"Jab\u00f3n de aceite de Arg\u00e1n: Es el oro del desierto, considerado el santo grial de los aceites para la piel y el cabello, altamente hidratante.","og_url":"https:\/\/www.sinchisinchi.com\/es\/producto\/aceite-de-argan\/","og_site_name":"SINCHI RAP\u00c9","article_publisher":"https:\/\/www.facebook.com\/sinchirape\/","article_modified_time":"2026-01-13T08:12:09+00:00","og_image":[{"width":750,"height":750,"url":"https:\/\/www.sinchisinchi.com\/wp-content\/uploads\/2024\/04\/1-Aceite-de-Argan.jpeg","type":"image\/jpeg"}],"twitter_card":"summary_large_image","twitter_misc":{"Tiempo de lectura":"2 minutos"},"schema":{"@context":"https:\/\/schema.org","@graph":[{"@type":"WebPage","@id":"https:\/\/www.sinchisinchi.com\/es\/producto\/aceite-de-argan\/","url":"https:\/\/www.sinchisinchi.com\/es\/producto\/aceite-de-argan\/","name":"Jab\u00f3n con Aceite de Arg\u00e1n: Tienda Cham\u00e1nica","isPartOf":{"@id":"https:\/\/www.sinchisinchi.com\/es\/#website"},"primaryImageOfPage":{"@id":"https:\/\/www.sinchisinchi.com\/es\/producto\/aceite-de-argan\/#primaryimage"},"image":{"@id":"https:\/\/www.sinchisinchi.com\/es\/producto\/aceite-de-argan\/#primaryimage"},"thumbnailUrl":"https:\/\/www.sinchisinchi.com\/wp-content\/uploads\/2024\/04\/1-Aceite-de-Argan.jpeg","datePublished":"2024-04-22T11:40:01+00:00","dateModified":"2026-01-13T08:12:09+00:00","description":"Jab\u00f3n de aceite de Arg\u00e1n: Es el oro del desierto, considerado el santo grial de los aceites para la piel y el cabello, altamente hidratante.","breadcrumb":{"@id":"https:\/\/www.sinchisinchi.com\/es\/producto\/aceite-de-argan\/#breadcrumb"},"inLanguage":"es","potentialAction":[{"@type":"ReadAction","target":["https:\/\/www.sinchisinchi.com\/es\/producto\/aceite-de-argan\/"]}]},{"@type":"ImageObject","inLanguage":"es","@id":"https:\/\/www.sinchisinchi.com\/es\/producto\/aceite-de-argan\/#primaryimage","url":"https:\/\/www.sinchisinchi.com\/wp-content\/uploads\/2024\/04\/1-Aceite-de-Argan.jpeg","contentUrl":"https:\/\/www.sinchisinchi.com\/wp-content\/uploads\/2024\/04\/1-Aceite-de-Argan.jpeg","width":750,"height":750},{"@type":"BreadcrumbList","@id":"https:\/\/www.sinchisinchi.com\/es\/producto\/aceite-de-argan\/#breadcrumb","itemListElement":[{"@type":"ListItem","position":1,"name":"Prima pagina","item":"https:\/\/www.sinchisinchi.com\/es\/"},{"@type":"ListItem","position":2,"name":"Productos","item":"https:\/\/www.sinchisinchi.com\/es\/shop\/"},{"@type":"ListItem","position":3,"name":"Aceite de Arg\u00e1n"}]},{"@type":"WebSite","@id":"https:\/\/www.sinchisinchi.com\/es\/#website","url":"https:\/\/www.sinchisinchi.com\/es\/","name":"SINCHI","description":"Sinchi Medicine","publisher":{"@id":"https:\/\/www.sinchisinchi.com\/es\/#organization"},"potentialAction":[{"@type":"SearchAction","target":{"@type":"EntryPoint","urlTemplate":"https:\/\/www.sinchisinchi.com\/es\/?s={search_term_string}"},"query-input":{"@type":"PropertyValueSpecification","valueRequired":true,"valueName":"search_term_string"}}],"inLanguage":"es"},{"@type":"Organization","@id":"https:\/\/www.sinchisinchi.com\/es\/#organization","name":"SINCHI S.L","url":"https:\/\/www.sinchisinchi.com\/es\/","logo":{"@type":"ImageObject","inLanguage":"es","@id":"https:\/\/www.sinchisinchi.com\/es\/#\/schema\/logo\/image\/","url":"https:\/\/www.sinchisinchi.com\/wp-content\/uploads\/2026\/01\/3b-Verde-SIMPLIFICADO-HORIZONTAL-F-TRANSPARENTE-scaled.png","contentUrl":"https:\/\/www.sinchisinchi.com\/wp-content\/uploads\/2026\/01\/3b-Verde-SIMPLIFICADO-HORIZONTAL-F-TRANSPARENTE-scaled.png","width":2560,"height":457,"caption":"SINCHI S.L"},"image":{"@id":"https:\/\/www.sinchisinchi.com\/es\/#\/schema\/logo\/image\/"},"sameAs":["https:\/\/www.facebook.com\/sinchirape\/","https:\/\/www.instagram.com\/sinchi_rape\/"]}]}},"_links":{"self":[{"href":"https:\/\/www.sinchisinchi.com\/es\/wp-json\/wp\/v2\/product\/13137","targetHints":{"allow":["GET"]}}],"collection":[{"href":"https:\/\/www.sinchisinchi.com\/es\/wp-json\/wp\/v2\/product"}],"about":[{"href":"https:\/\/www.sinchisinchi.com\/es\/wp-json\/wp\/v2\/types\/product"}],"wp:featuredmedia":[{"embeddable":true,"href":"https:\/\/www.sinchisinchi.com\/es\/wp-json\/wp\/v2\/media\/13138"}],"wp:attachment":[{"href":"https:\/\/www.sinchisinchi.com\/es\/wp-json\/wp\/v2\/media?parent=13137"}],"wp:term":[{"taxonomy":"product_brand","embeddable":true,"href":"https:\/\/www.sinchisinchi.com\/es\/wp-json\/wp\/v2\/product_brand?post=13137"},{"taxonomy":"product_cat","embeddable":true,"href":"https:\/\/www.sinchisinchi.com\/es\/wp-json\/wp\/v2\/product_cat?post=13137"},{"taxonomy":"product_tag","embeddable":true,"href":"https:\/\/www.sinchisinchi.com\/es\/wp-json\/wp\/v2\/product_tag?post=13137"}],"curies":[{"name":"wp","href":"https:\/\/api.w.org\/{rel}","templated":true}]}}