{"id":13180,"date":"2024-04-22T11:56:40","date_gmt":"2024-04-22T11:56:40","guid":{"rendered":"https:\/\/www.sinchisinchi.com\/?post_type=product&#038;p=13180"},"modified":"2026-01-13T08:11:38","modified_gmt":"2026-01-13T08:11:38","slug":"jazmin","status":"publish","type":"product","link":"https:\/\/www.sinchisinchi.com\/es\/producto\/jazmin\/","title":{"rendered":"Jazm\u00edn"},"content":{"rendered":"<h2 style=\"font-weight: 400; text-align: center;\"><span style=\"color: #000000;\"><strong>Propiedades m\u00e1gicas<\/strong><\/span><\/h2>\n<p style=\"font-weight: 400;\"><span style=\"color: #000000;\">El Jazm\u00edn es una planta de g\u00e9nero femenino, se asocia a la luna, al elemento agua y al dios Visn\u00fa.<\/span><\/p>\n<p style=\"font-weight: 400;\"><span style=\"color: #000000;\">Tradicionalmente, se usa por sus virtudes afines al amor, el dinero y los sue\u00f1os prof\u00e9ticos.<\/span><\/p>\n<p style=\"font-weight: 400;\"><span style=\"color: #000000;\">Atrae especialmente el amor espiritual, entendido como el opuesto al amor f\u00edsico, as\u00ed como dinero y riqueza. Potencia los sue\u00f1os prof\u00e9ticos si se lleva consigo o se quema en una estancia.<\/span><\/p>\n<p style=\"font-weight: 400;\"><span style=\"color: #000000;\">Es relajante y apoya la energ\u00eda del coraz\u00f3n, calma los nervios, aligera la tensi\u00f3n y eleva la mente.<\/span><\/p>\n<p style=\"font-weight: 400;\"><span style=\"color: #000000;\"><strong>Promueve un cutis de apariencia saludable y radiante. Nutre y protege<\/strong><\/span><span style=\"color: #000000;\"><strong>\u00a0la piel y el cuero cabelludo.<\/strong><\/span><\/p>\n","protected":false},"excerpt":{"rendered":"<p style=\"font-weight: 400;\"><span style=\"color: #000000;\">El jab\u00f3n natural de jazm\u00edn eleva el \u00e1nimo, revitaliza la piel y aumenta su elasticidad.<\/span><\/p>\n<p style=\"font-weight: 400;\"><span style=\"color: #000000;\">Tiene propiedades afrodis\u00edacas, se relaciona con el amor y la abundancia, beneficia las relaciones de pareja en el aspecto espiritual, atrae vibraciones positivas, y favorece los sue\u00f1os l\u00facidos.<\/span><\/p>\n<p style=\"font-weight: 400;\"><span style=\"color: #000000;\">El jazm\u00edn (Jasminum officinale), es un arbusto trepador originario de Asia central, sus peque\u00f1as flores blancas emanan su muy caracter\u00edstica y exquisita fragancia.<\/span><\/p>\n<p style=\"font-weight: 400;\"><span style=\"color: #000000;\">El nombre Jazm\u00edn, en \u00e1rabe \u00ab\u062c\u0627\u0633\u0645\u064a\u0646\u00bb, tiene sus or\u00edgenes en la voz persa \u00ab\u06cc\u0627\u0633\u0645\u0646\u00bb (Yasamin), que luego ser\u00eda latinizada como (jesminium), y la cual est\u00e1 vinculada a la flor de la planta con el mismo nombre. El significado de este nombre puede ser traducido como \u201cel regalo divino\u201d.<\/span><\/p>\n","protected":false},"featured_media":13181,"template":"","meta":{"_joinchat":[]},"product_brand":[],"product_cat":[329],"product_tag":[],"class_list":{"0":"post-13180","1":"product","2":"type-product","3":"status-publish","4":"has-post-thumbnail","6":"product_cat-jabones","8":"first","9":"instock","10":"taxable","11":"shipping-taxable","12":"purchasable","13":"product-type-simple"},"yoast_head":"<!-- This site is optimized with the Yoast SEO plugin v27.1.1 - https:\/\/yoast.com\/product\/yoast-seo-wordpress\/ -->\n<title>Jab\u00f3n con Jazm\u00edn: Tienda Cham\u00e1nica<\/title>\n<meta name=\"description\" content=\"El Jazm\u00edn, tiene sus or\u00edgenes en la voz persa (Yasamin), est\u00e1 vinculada a la flor de la planta con el mismo nombre, traducido como \u201cel regalo divino\u201d.\" \/>\n<meta name=\"robots\" content=\"index, follow, max-snippet:-1, max-image-preview:large, max-video-preview:-1\" \/>\n<link rel=\"canonical\" href=\"https:\/\/www.sinchisinchi.com\/es\/producto\/jazmin\/\" \/>\n<meta property=\"og:locale\" content=\"es_ES\" \/>\n<meta property=\"og:type\" content=\"article\" \/>\n<meta property=\"og:title\" content=\"Jab\u00f3n con Jazm\u00edn: Tienda Cham\u00e1nica\" \/>\n<meta property=\"og:description\" content=\"El Jazm\u00edn, tiene sus or\u00edgenes en la voz persa (Yasamin), est\u00e1 vinculada a la flor de la planta con el mismo nombre, traducido como \u201cel regalo divino\u201d.\" \/>\n<meta property=\"og:url\" content=\"https:\/\/www.sinchisinchi.com\/es\/producto\/jazmin\/\" \/>\n<meta property=\"og:site_name\" content=\"SINCHI RAP\u00c9\" \/>\n<meta property=\"article:publisher\" content=\"https:\/\/www.facebook.com\/sinchirape\/\" \/>\n<meta property=\"article:modified_time\" content=\"2026-01-13T08:11:38+00:00\" \/>\n<meta property=\"og:image\" content=\"https:\/\/www.sinchisinchi.com\/wp-content\/uploads\/2024\/04\/4-jazmin.jpeg\" \/>\n\t<meta property=\"og:image:width\" content=\"750\" \/>\n\t<meta property=\"og:image:height\" content=\"750\" \/>\n\t<meta property=\"og:image:type\" content=\"image\/jpeg\" \/>\n<meta name=\"twitter:card\" content=\"summary_large_image\" \/>\n<meta name=\"twitter:label1\" content=\"Tiempo de lectura\" \/>\n\t<meta name=\"twitter:data1\" content=\"1 minuto\" \/>\n<script type=\"application\/ld+json\" class=\"yoast-schema-graph\">{\"@context\":\"https:\/\/schema.org\",\"@graph\":[{\"@type\":\"WebPage\",\"@id\":\"https:\/\/www.sinchisinchi.com\/es\/producto\/jazmin\/\",\"url\":\"https:\/\/www.sinchisinchi.com\/es\/producto\/jazmin\/\",\"name\":\"Jab\u00f3n con Jazm\u00edn: Tienda Cham\u00e1nica\",\"isPartOf\":{\"@id\":\"https:\/\/www.sinchisinchi.com\/es\/#website\"},\"primaryImageOfPage\":{\"@id\":\"https:\/\/www.sinchisinchi.com\/es\/producto\/jazmin\/#primaryimage\"},\"image\":{\"@id\":\"https:\/\/www.sinchisinchi.com\/es\/producto\/jazmin\/#primaryimage\"},\"thumbnailUrl\":\"https:\/\/www.sinchisinchi.com\/wp-content\/uploads\/2024\/04\/4-jazmin.jpeg\",\"datePublished\":\"2024-04-22T11:56:40+00:00\",\"dateModified\":\"2026-01-13T08:11:38+00:00\",\"description\":\"El Jazm\u00edn, tiene sus or\u00edgenes en la voz persa (Yasamin), est\u00e1 vinculada a la flor de la planta con el mismo nombre, traducido como \u201cel regalo divino\u201d.\",\"breadcrumb\":{\"@id\":\"https:\/\/www.sinchisinchi.com\/es\/producto\/jazmin\/#breadcrumb\"},\"inLanguage\":\"es\",\"potentialAction\":[{\"@type\":\"ReadAction\",\"target\":[\"https:\/\/www.sinchisinchi.com\/es\/producto\/jazmin\/\"]}]},{\"@type\":\"ImageObject\",\"inLanguage\":\"es\",\"@id\":\"https:\/\/www.sinchisinchi.com\/es\/producto\/jazmin\/#primaryimage\",\"url\":\"https:\/\/www.sinchisinchi.com\/wp-content\/uploads\/2024\/04\/4-jazmin.jpeg\",\"contentUrl\":\"https:\/\/www.sinchisinchi.com\/wp-content\/uploads\/2024\/04\/4-jazmin.jpeg\",\"width\":750,\"height\":750},{\"@type\":\"BreadcrumbList\",\"@id\":\"https:\/\/www.sinchisinchi.com\/es\/producto\/jazmin\/#breadcrumb\",\"itemListElement\":[{\"@type\":\"ListItem\",\"position\":1,\"name\":\"Prima pagina\",\"item\":\"https:\/\/www.sinchisinchi.com\/es\/\"},{\"@type\":\"ListItem\",\"position\":2,\"name\":\"Productos\",\"item\":\"https:\/\/www.sinchisinchi.com\/es\/shop\/\"},{\"@type\":\"ListItem\",\"position\":3,\"name\":\"Jazm\u00edn\"}]},{\"@type\":\"WebSite\",\"@id\":\"https:\/\/www.sinchisinchi.com\/es\/#website\",\"url\":\"https:\/\/www.sinchisinchi.com\/es\/\",\"name\":\"SINCHI\",\"description\":\"Sinchi Medicine\",\"publisher\":{\"@id\":\"https:\/\/www.sinchisinchi.com\/es\/#organization\"},\"potentialAction\":[{\"@type\":\"SearchAction\",\"target\":{\"@type\":\"EntryPoint\",\"urlTemplate\":\"https:\/\/www.sinchisinchi.com\/es\/?s={search_term_string}\"},\"query-input\":{\"@type\":\"PropertyValueSpecification\",\"valueRequired\":true,\"valueName\":\"search_term_string\"}}],\"inLanguage\":\"es\"},{\"@type\":\"Organization\",\"@id\":\"https:\/\/www.sinchisinchi.com\/es\/#organization\",\"name\":\"SINCHI S.L\",\"url\":\"https:\/\/www.sinchisinchi.com\/es\/\",\"logo\":{\"@type\":\"ImageObject\",\"inLanguage\":\"es\",\"@id\":\"https:\/\/www.sinchisinchi.com\/es\/#\/schema\/logo\/image\/\",\"url\":\"https:\/\/www.sinchisinchi.com\/wp-content\/uploads\/2026\/01\/3b-Verde-SIMPLIFICADO-HORIZONTAL-F-TRANSPARENTE-scaled.png\",\"contentUrl\":\"https:\/\/www.sinchisinchi.com\/wp-content\/uploads\/2026\/01\/3b-Verde-SIMPLIFICADO-HORIZONTAL-F-TRANSPARENTE-scaled.png\",\"width\":2560,\"height\":457,\"caption\":\"SINCHI S.L\"},\"image\":{\"@id\":\"https:\/\/www.sinchisinchi.com\/es\/#\/schema\/logo\/image\/\"},\"sameAs\":[\"https:\/\/www.facebook.com\/sinchirape\/\",\"https:\/\/www.instagram.com\/sinchi_rape\/\"]}]}<\/script>\n<!-- \/ Yoast SEO plugin. -->","yoast_head_json":{"title":"Jab\u00f3n con Jazm\u00edn: Tienda Cham\u00e1nica","description":"El Jazm\u00edn, tiene sus or\u00edgenes en la voz persa (Yasamin), est\u00e1 vinculada a la flor de la planta con el mismo nombre, traducido como \u201cel regalo divino\u201d.","robots":{"index":"index","follow":"follow","max-snippet":"max-snippet:-1","max-image-preview":"max-image-preview:large","max-video-preview":"max-video-preview:-1"},"canonical":"https:\/\/www.sinchisinchi.com\/es\/producto\/jazmin\/","og_locale":"es_ES","og_type":"article","og_title":"Jab\u00f3n con Jazm\u00edn: Tienda Cham\u00e1nica","og_description":"El Jazm\u00edn, tiene sus or\u00edgenes en la voz persa (Yasamin), est\u00e1 vinculada a la flor de la planta con el mismo nombre, traducido como \u201cel regalo divino\u201d.","og_url":"https:\/\/www.sinchisinchi.com\/es\/producto\/jazmin\/","og_site_name":"SINCHI RAP\u00c9","article_publisher":"https:\/\/www.facebook.com\/sinchirape\/","article_modified_time":"2026-01-13T08:11:38+00:00","og_image":[{"width":750,"height":750,"url":"https:\/\/www.sinchisinchi.com\/wp-content\/uploads\/2024\/04\/4-jazmin.jpeg","type":"image\/jpeg"}],"twitter_card":"summary_large_image","twitter_misc":{"Tiempo de lectura":"1 minuto"},"schema":{"@context":"https:\/\/schema.org","@graph":[{"@type":"WebPage","@id":"https:\/\/www.sinchisinchi.com\/es\/producto\/jazmin\/","url":"https:\/\/www.sinchisinchi.com\/es\/producto\/jazmin\/","name":"Jab\u00f3n con Jazm\u00edn: Tienda Cham\u00e1nica","isPartOf":{"@id":"https:\/\/www.sinchisinchi.com\/es\/#website"},"primaryImageOfPage":{"@id":"https:\/\/www.sinchisinchi.com\/es\/producto\/jazmin\/#primaryimage"},"image":{"@id":"https:\/\/www.sinchisinchi.com\/es\/producto\/jazmin\/#primaryimage"},"thumbnailUrl":"https:\/\/www.sinchisinchi.com\/wp-content\/uploads\/2024\/04\/4-jazmin.jpeg","datePublished":"2024-04-22T11:56:40+00:00","dateModified":"2026-01-13T08:11:38+00:00","description":"El Jazm\u00edn, tiene sus or\u00edgenes en la voz persa (Yasamin), est\u00e1 vinculada a la flor de la planta con el mismo nombre, traducido como \u201cel regalo divino\u201d.","breadcrumb":{"@id":"https:\/\/www.sinchisinchi.com\/es\/producto\/jazmin\/#breadcrumb"},"inLanguage":"es","potentialAction":[{"@type":"ReadAction","target":["https:\/\/www.sinchisinchi.com\/es\/producto\/jazmin\/"]}]},{"@type":"ImageObject","inLanguage":"es","@id":"https:\/\/www.sinchisinchi.com\/es\/producto\/jazmin\/#primaryimage","url":"https:\/\/www.sinchisinchi.com\/wp-content\/uploads\/2024\/04\/4-jazmin.jpeg","contentUrl":"https:\/\/www.sinchisinchi.com\/wp-content\/uploads\/2024\/04\/4-jazmin.jpeg","width":750,"height":750},{"@type":"BreadcrumbList","@id":"https:\/\/www.sinchisinchi.com\/es\/producto\/jazmin\/#breadcrumb","itemListElement":[{"@type":"ListItem","position":1,"name":"Prima pagina","item":"https:\/\/www.sinchisinchi.com\/es\/"},{"@type":"ListItem","position":2,"name":"Productos","item":"https:\/\/www.sinchisinchi.com\/es\/shop\/"},{"@type":"ListItem","position":3,"name":"Jazm\u00edn"}]},{"@type":"WebSite","@id":"https:\/\/www.sinchisinchi.com\/es\/#website","url":"https:\/\/www.sinchisinchi.com\/es\/","name":"SINCHI","description":"Sinchi Medicine","publisher":{"@id":"https:\/\/www.sinchisinchi.com\/es\/#organization"},"potentialAction":[{"@type":"SearchAction","target":{"@type":"EntryPoint","urlTemplate":"https:\/\/www.sinchisinchi.com\/es\/?s={search_term_string}"},"query-input":{"@type":"PropertyValueSpecification","valueRequired":true,"valueName":"search_term_string"}}],"inLanguage":"es"},{"@type":"Organization","@id":"https:\/\/www.sinchisinchi.com\/es\/#organization","name":"SINCHI S.L","url":"https:\/\/www.sinchisinchi.com\/es\/","logo":{"@type":"ImageObject","inLanguage":"es","@id":"https:\/\/www.sinchisinchi.com\/es\/#\/schema\/logo\/image\/","url":"https:\/\/www.sinchisinchi.com\/wp-content\/uploads\/2026\/01\/3b-Verde-SIMPLIFICADO-HORIZONTAL-F-TRANSPARENTE-scaled.png","contentUrl":"https:\/\/www.sinchisinchi.com\/wp-content\/uploads\/2026\/01\/3b-Verde-SIMPLIFICADO-HORIZONTAL-F-TRANSPARENTE-scaled.png","width":2560,"height":457,"caption":"SINCHI S.L"},"image":{"@id":"https:\/\/www.sinchisinchi.com\/es\/#\/schema\/logo\/image\/"},"sameAs":["https:\/\/www.facebook.com\/sinchirape\/","https:\/\/www.instagram.com\/sinchi_rape\/"]}]}},"_links":{"self":[{"href":"https:\/\/www.sinchisinchi.com\/es\/wp-json\/wp\/v2\/product\/13180","targetHints":{"allow":["GET"]}}],"collection":[{"href":"https:\/\/www.sinchisinchi.com\/es\/wp-json\/wp\/v2\/product"}],"about":[{"href":"https:\/\/www.sinchisinchi.com\/es\/wp-json\/wp\/v2\/types\/product"}],"wp:featuredmedia":[{"embeddable":true,"href":"https:\/\/www.sinchisinchi.com\/es\/wp-json\/wp\/v2\/media\/13181"}],"wp:attachment":[{"href":"https:\/\/www.sinchisinchi.com\/es\/wp-json\/wp\/v2\/media?parent=13180"}],"wp:term":[{"taxonomy":"product_brand","embeddable":true,"href":"https:\/\/www.sinchisinchi.com\/es\/wp-json\/wp\/v2\/product_brand?post=13180"},{"taxonomy":"product_cat","embeddable":true,"href":"https:\/\/www.sinchisinchi.com\/es\/wp-json\/wp\/v2\/product_cat?post=13180"},{"taxonomy":"product_tag","embeddable":true,"href":"https:\/\/www.sinchisinchi.com\/es\/wp-json\/wp\/v2\/product_tag?post=13180"}],"curies":[{"name":"wp","href":"https:\/\/api.w.org\/{rel}","templated":true}]}}