{"id":13246,"date":"2024-04-22T12:06:31","date_gmt":"2024-04-22T12:06:31","guid":{"rendered":"https:\/\/www.sinchisinchi.com\/?post_type=product&#038;p=13246"},"modified":"2026-01-13T08:10:04","modified_gmt":"2026-01-13T08:10:04","slug":"vainilla","status":"publish","type":"product","link":"https:\/\/www.sinchisinchi.com\/es\/producto\/vainilla\/","title":{"rendered":"Vainilla"},"content":{"rendered":"<h2 style=\"font-weight: 400; text-align: center;\"><span style=\"color: #000000;\"><strong>Historia<\/strong><\/span><\/h2>\n<p style=\"font-weight: 400;\"><span style=\"color: #000000;\">La primera referencia hist\u00f3rica al cultivo de los vainillales data del siglo XVIII, en el estado de <strong>Veracruz, M\u00e9xico<\/strong>.<\/span><\/p>\n<p style=\"font-weight: 400;\"><span style=\"color: #000000;\">En esa regi\u00f3n, los grupos <strong>Totonacas <\/strong>nombraron a la vainilla como <strong>Axi-Xanath<\/strong> <strong>(flor rec\u00f3ndita), <\/strong>y desarrollaron la t\u00e9cnica de curado de esta vaina para perfumar la bebida de chocolate.<\/span><\/p>\n<p style=\"font-weight: 400;\"><span style=\"color: #000000;\">Com\u00fanmente se relaciona el origen del cultivo de la vainilla con la cultura Totonaca; tambi\u00e9n existen evidencias de recolecci\u00f3n de vainilla y su cultivo proveniente de las <strong>Tierras Bajas Mayas<\/strong>, sus pobladores nombraban a la vainilla como <strong>sisbic-ak (bejuco oloroso),<\/strong> y era usada como medicina y perfume.<\/span><\/p>\n<p style=\"font-weight: 400;\"><span style=\"color: #000000;\">En el C\u00f3dice de la Cruz, se menciona el uso ritual las semillas curadas de vainilla, que se mezclaban con resina de copal produciendo un perfume que utilizaban en sus templos.<\/span><\/p>\n<p style=\"font-weight: 400;\"><span style=\"color: #000000;\">Su uso se reporta asociado con el consumo de cacao (Theobroma cacao L.), especie con la que se elabora la bebida de chocolate proveniente del \u00e1rea Maya. El chocolate era un producto de alt\u00edsimo valor reservado para la \u00e9lite Maya y Azteca, quienes llamaban a la vainilla Tlilxochitl (flor negra), en lengua n\u00e1huatl.<\/span><\/p>\n<p style=\"font-weight: 400;\"><span style=\"color: #000000;\"><strong>\u00a0<\/strong><\/span><\/p>\n<h2 style=\"font-weight: 400; text-align: center;\"><span style=\"color: #000000;\"><strong>Planta<\/strong><\/span><\/h2>\n<p style=\"font-weight: 400;\"><span style=\"color: #000000;\">La planta de la vainilla (Vanilla planifolia Andrews) es una especie del g\u00e9nero de orqu\u00eddeas Vanilla, de h\u00e1bito trepador y crecimiento rastrero, originaria de las zonas boscosas de Mesoam\u00e9rica, especialmente M\u00e9xico.<\/span><\/p>\n<p style=\"font-weight: 400;\"><span style=\"color: #000000;\">Estructuralmente, es una liana trepadora de ramas le\u00f1osas, que trepa por los \u00e1rboles para poder nutrirse de la luz del sol, de la humedad del ambiente y de los nutrientes que capta del aire, gracias a los cuales, cuando se corta su ra\u00edz la planta puede seguir viva.<\/span><\/p>\n<p style=\"font-weight: 400;\"><span style=\"color: #000000;\">Puede llegar a medir m\u00e1s de 10 metros de longitud, sus hojas son de color verde oscuro, brillantes, planas (de ah\u00ed su nombre cient\u00edfico planifolia) y puntiagudas.<\/span><\/p>\n<p style=\"font-weight: 400;\">\n","protected":false},"excerpt":{"rendered":"<p style=\"font-weight: 400;\"><span style=\"color: #000000;\">El Jab\u00f3n de Vainilla tiene propiedades que favorecen la regeneraci\u00f3n celular. Nutre, hidrata y regenera en profundidad, y gracias a sus propiedades antioxidantes, protege la piel de radicales libres.<\/span><\/p>\n<p style=\"font-weight: 400;\"><span style=\"color: #000000;\">El aroma a Vainilla eleva el \u00e1nimo, estimula las sensaciones y emociones positivas, funcionando como un gran potenciador de la sensualidad. Es de g\u00e9nero femenino, se asocia al planeta venus y al elemento agua.<\/span><\/p>\n<p style=\"font-weight: 400;\"><span style=\"color: #000000;\">Tradicionalmente, es usada por sus propiedades asociadas con el amor, el deseo sexual y los poderes mentales. Su aroma y sabor tienen propiedades afrodis\u00edacas.<\/span><\/p>\n<p>&nbsp;<\/p>\n<p><span style=\"color: #000000;\"><strong>Tama\u00f1o:<\/strong> 100gr<\/span><\/p>\n","protected":false},"featured_media":13247,"template":"","meta":{"_joinchat":[]},"product_brand":[],"product_cat":[329],"product_tag":[],"class_list":{"0":"post-13246","1":"product","2":"type-product","3":"status-publish","4":"has-post-thumbnail","6":"product_cat-jabones","8":"first","9":"instock","10":"taxable","11":"shipping-taxable","12":"purchasable","13":"product-type-simple"},"yoast_head":"<!-- This site is optimized with the Yoast SEO plugin v27.4 - https:\/\/yoast.com\/product\/yoast-seo-wordpress\/ -->\n<title>Jab\u00f3n con Vainilla: Tienda Cham\u00e1nica<\/title>\n<meta name=\"description\" content=\"Jab\u00f3n de Vainilla: Favorece la regeneraci\u00f3n celular. Nutre, hidrata y regenera en profundidad, y posee propiedades antioxidantes.\" \/>\n<meta name=\"robots\" content=\"index, follow, max-snippet:-1, max-image-preview:large, max-video-preview:-1\" \/>\n<link rel=\"canonical\" href=\"https:\/\/www.sinchisinchi.com\/es\/producto\/vainilla\/\" \/>\n<meta property=\"og:locale\" content=\"es_ES\" \/>\n<meta property=\"og:type\" content=\"article\" \/>\n<meta property=\"og:title\" content=\"Jab\u00f3n con Vainilla: Tienda Cham\u00e1nica\" \/>\n<meta property=\"og:description\" content=\"Jab\u00f3n de Vainilla: Favorece la regeneraci\u00f3n celular. Nutre, hidrata y regenera en profundidad, y posee propiedades antioxidantes.\" \/>\n<meta property=\"og:url\" content=\"https:\/\/www.sinchisinchi.com\/es\/producto\/vainilla\/\" \/>\n<meta property=\"og:site_name\" content=\"SINCHI RAP\u00c9\" \/>\n<meta property=\"article:publisher\" content=\"https:\/\/www.facebook.com\/sinchirape\/\" \/>\n<meta property=\"article:modified_time\" content=\"2026-01-13T08:10:04+00:00\" \/>\n<meta property=\"og:image\" content=\"https:\/\/www.sinchisinchi.com\/wp-content\/uploads\/2024\/04\/9-Vainilla.jpeg\" \/>\n\t<meta property=\"og:image:width\" content=\"1024\" \/>\n\t<meta property=\"og:image:height\" content=\"1024\" \/>\n\t<meta property=\"og:image:type\" content=\"image\/jpeg\" \/>\n<meta name=\"twitter:card\" content=\"summary_large_image\" \/>\n<meta name=\"twitter:label1\" content=\"Tiempo de lectura\" \/>\n\t<meta name=\"twitter:data1\" content=\"2 minutos\" \/>\n<script type=\"application\/ld+json\" class=\"yoast-schema-graph\">{\"@context\":\"https:\\\/\\\/schema.org\",\"@graph\":[{\"@type\":\"WebPage\",\"@id\":\"https:\\\/\\\/www.sinchisinchi.com\\\/es\\\/producto\\\/vainilla\\\/\",\"url\":\"https:\\\/\\\/www.sinchisinchi.com\\\/es\\\/producto\\\/vainilla\\\/\",\"name\":\"Jab\u00f3n con Vainilla: Tienda Cham\u00e1nica\",\"isPartOf\":{\"@id\":\"https:\\\/\\\/www.sinchisinchi.com\\\/es\\\/#website\"},\"primaryImageOfPage\":{\"@id\":\"https:\\\/\\\/www.sinchisinchi.com\\\/es\\\/producto\\\/vainilla\\\/#primaryimage\"},\"image\":{\"@id\":\"https:\\\/\\\/www.sinchisinchi.com\\\/es\\\/producto\\\/vainilla\\\/#primaryimage\"},\"thumbnailUrl\":\"https:\\\/\\\/www.sinchisinchi.com\\\/wp-content\\\/uploads\\\/2024\\\/04\\\/9-Vainilla.jpeg\",\"datePublished\":\"2024-04-22T12:06:31+00:00\",\"dateModified\":\"2026-01-13T08:10:04+00:00\",\"description\":\"Jab\u00f3n de Vainilla: Favorece la regeneraci\u00f3n celular. Nutre, hidrata y regenera en profundidad, y posee propiedades antioxidantes.\",\"breadcrumb\":{\"@id\":\"https:\\\/\\\/www.sinchisinchi.com\\\/es\\\/producto\\\/vainilla\\\/#breadcrumb\"},\"inLanguage\":\"es\",\"potentialAction\":[{\"@type\":\"ReadAction\",\"target\":[\"https:\\\/\\\/www.sinchisinchi.com\\\/es\\\/producto\\\/vainilla\\\/\"]}]},{\"@type\":\"ImageObject\",\"inLanguage\":\"es\",\"@id\":\"https:\\\/\\\/www.sinchisinchi.com\\\/es\\\/producto\\\/vainilla\\\/#primaryimage\",\"url\":\"https:\\\/\\\/www.sinchisinchi.com\\\/wp-content\\\/uploads\\\/2024\\\/04\\\/9-Vainilla.jpeg\",\"contentUrl\":\"https:\\\/\\\/www.sinchisinchi.com\\\/wp-content\\\/uploads\\\/2024\\\/04\\\/9-Vainilla.jpeg\",\"width\":1024,\"height\":1024},{\"@type\":\"BreadcrumbList\",\"@id\":\"https:\\\/\\\/www.sinchisinchi.com\\\/es\\\/producto\\\/vainilla\\\/#breadcrumb\",\"itemListElement\":[{\"@type\":\"ListItem\",\"position\":1,\"name\":\"Prima pagina\",\"item\":\"https:\\\/\\\/www.sinchisinchi.com\\\/es\\\/\"},{\"@type\":\"ListItem\",\"position\":2,\"name\":\"Productos\",\"item\":\"https:\\\/\\\/www.sinchisinchi.com\\\/es\\\/shop\\\/\"},{\"@type\":\"ListItem\",\"position\":3,\"name\":\"Vainilla\"}]},{\"@type\":\"WebSite\",\"@id\":\"https:\\\/\\\/www.sinchisinchi.com\\\/es\\\/#website\",\"url\":\"https:\\\/\\\/www.sinchisinchi.com\\\/es\\\/\",\"name\":\"SINCHI\",\"description\":\"Sinchi Medicine\",\"publisher\":{\"@id\":\"https:\\\/\\\/www.sinchisinchi.com\\\/es\\\/#organization\"},\"potentialAction\":[{\"@type\":\"SearchAction\",\"target\":{\"@type\":\"EntryPoint\",\"urlTemplate\":\"https:\\\/\\\/www.sinchisinchi.com\\\/es\\\/?s={search_term_string}\"},\"query-input\":{\"@type\":\"PropertyValueSpecification\",\"valueRequired\":true,\"valueName\":\"search_term_string\"}}],\"inLanguage\":\"es\"},{\"@type\":\"Organization\",\"@id\":\"https:\\\/\\\/www.sinchisinchi.com\\\/es\\\/#organization\",\"name\":\"SINCHI S.L\",\"url\":\"https:\\\/\\\/www.sinchisinchi.com\\\/es\\\/\",\"logo\":{\"@type\":\"ImageObject\",\"inLanguage\":\"es\",\"@id\":\"https:\\\/\\\/www.sinchisinchi.com\\\/es\\\/#\\\/schema\\\/logo\\\/image\\\/\",\"url\":\"https:\\\/\\\/www.sinchisinchi.com\\\/wp-content\\\/uploads\\\/2026\\\/01\\\/3b-Verde-SIMPLIFICADO-HORIZONTAL-F-TRANSPARENTE-scaled.png\",\"contentUrl\":\"https:\\\/\\\/www.sinchisinchi.com\\\/wp-content\\\/uploads\\\/2026\\\/01\\\/3b-Verde-SIMPLIFICADO-HORIZONTAL-F-TRANSPARENTE-scaled.png\",\"width\":2560,\"height\":457,\"caption\":\"SINCHI S.L\"},\"image\":{\"@id\":\"https:\\\/\\\/www.sinchisinchi.com\\\/es\\\/#\\\/schema\\\/logo\\\/image\\\/\"},\"sameAs\":[\"https:\\\/\\\/www.facebook.com\\\/sinchirape\\\/\",\"https:\\\/\\\/www.instagram.com\\\/sinchi_rape\\\/\"]}]}<\/script>\n<!-- \/ Yoast SEO plugin. -->","yoast_head_json":{"title":"Jab\u00f3n con Vainilla: Tienda Cham\u00e1nica","description":"Jab\u00f3n de Vainilla: Favorece la regeneraci\u00f3n celular. Nutre, hidrata y regenera en profundidad, y posee propiedades antioxidantes.","robots":{"index":"index","follow":"follow","max-snippet":"max-snippet:-1","max-image-preview":"max-image-preview:large","max-video-preview":"max-video-preview:-1"},"canonical":"https:\/\/www.sinchisinchi.com\/es\/producto\/vainilla\/","og_locale":"es_ES","og_type":"article","og_title":"Jab\u00f3n con Vainilla: Tienda Cham\u00e1nica","og_description":"Jab\u00f3n de Vainilla: Favorece la regeneraci\u00f3n celular. Nutre, hidrata y regenera en profundidad, y posee propiedades antioxidantes.","og_url":"https:\/\/www.sinchisinchi.com\/es\/producto\/vainilla\/","og_site_name":"SINCHI RAP\u00c9","article_publisher":"https:\/\/www.facebook.com\/sinchirape\/","article_modified_time":"2026-01-13T08:10:04+00:00","og_image":[{"width":1024,"height":1024,"url":"https:\/\/www.sinchisinchi.com\/wp-content\/uploads\/2024\/04\/9-Vainilla.jpeg","type":"image\/jpeg"}],"twitter_card":"summary_large_image","twitter_misc":{"Tiempo de lectura":"2 minutos"},"schema":{"@context":"https:\/\/schema.org","@graph":[{"@type":"WebPage","@id":"https:\/\/www.sinchisinchi.com\/es\/producto\/vainilla\/","url":"https:\/\/www.sinchisinchi.com\/es\/producto\/vainilla\/","name":"Jab\u00f3n con Vainilla: Tienda Cham\u00e1nica","isPartOf":{"@id":"https:\/\/www.sinchisinchi.com\/es\/#website"},"primaryImageOfPage":{"@id":"https:\/\/www.sinchisinchi.com\/es\/producto\/vainilla\/#primaryimage"},"image":{"@id":"https:\/\/www.sinchisinchi.com\/es\/producto\/vainilla\/#primaryimage"},"thumbnailUrl":"https:\/\/www.sinchisinchi.com\/wp-content\/uploads\/2024\/04\/9-Vainilla.jpeg","datePublished":"2024-04-22T12:06:31+00:00","dateModified":"2026-01-13T08:10:04+00:00","description":"Jab\u00f3n de Vainilla: Favorece la regeneraci\u00f3n celular. Nutre, hidrata y regenera en profundidad, y posee propiedades antioxidantes.","breadcrumb":{"@id":"https:\/\/www.sinchisinchi.com\/es\/producto\/vainilla\/#breadcrumb"},"inLanguage":"es","potentialAction":[{"@type":"ReadAction","target":["https:\/\/www.sinchisinchi.com\/es\/producto\/vainilla\/"]}]},{"@type":"ImageObject","inLanguage":"es","@id":"https:\/\/www.sinchisinchi.com\/es\/producto\/vainilla\/#primaryimage","url":"https:\/\/www.sinchisinchi.com\/wp-content\/uploads\/2024\/04\/9-Vainilla.jpeg","contentUrl":"https:\/\/www.sinchisinchi.com\/wp-content\/uploads\/2024\/04\/9-Vainilla.jpeg","width":1024,"height":1024},{"@type":"BreadcrumbList","@id":"https:\/\/www.sinchisinchi.com\/es\/producto\/vainilla\/#breadcrumb","itemListElement":[{"@type":"ListItem","position":1,"name":"Prima pagina","item":"https:\/\/www.sinchisinchi.com\/es\/"},{"@type":"ListItem","position":2,"name":"Productos","item":"https:\/\/www.sinchisinchi.com\/es\/shop\/"},{"@type":"ListItem","position":3,"name":"Vainilla"}]},{"@type":"WebSite","@id":"https:\/\/www.sinchisinchi.com\/es\/#website","url":"https:\/\/www.sinchisinchi.com\/es\/","name":"SINCHI","description":"Sinchi Medicine","publisher":{"@id":"https:\/\/www.sinchisinchi.com\/es\/#organization"},"potentialAction":[{"@type":"SearchAction","target":{"@type":"EntryPoint","urlTemplate":"https:\/\/www.sinchisinchi.com\/es\/?s={search_term_string}"},"query-input":{"@type":"PropertyValueSpecification","valueRequired":true,"valueName":"search_term_string"}}],"inLanguage":"es"},{"@type":"Organization","@id":"https:\/\/www.sinchisinchi.com\/es\/#organization","name":"SINCHI S.L","url":"https:\/\/www.sinchisinchi.com\/es\/","logo":{"@type":"ImageObject","inLanguage":"es","@id":"https:\/\/www.sinchisinchi.com\/es\/#\/schema\/logo\/image\/","url":"https:\/\/www.sinchisinchi.com\/wp-content\/uploads\/2026\/01\/3b-Verde-SIMPLIFICADO-HORIZONTAL-F-TRANSPARENTE-scaled.png","contentUrl":"https:\/\/www.sinchisinchi.com\/wp-content\/uploads\/2026\/01\/3b-Verde-SIMPLIFICADO-HORIZONTAL-F-TRANSPARENTE-scaled.png","width":2560,"height":457,"caption":"SINCHI S.L"},"image":{"@id":"https:\/\/www.sinchisinchi.com\/es\/#\/schema\/logo\/image\/"},"sameAs":["https:\/\/www.facebook.com\/sinchirape\/","https:\/\/www.instagram.com\/sinchi_rape\/"]}]}},"_links":{"self":[{"href":"https:\/\/www.sinchisinchi.com\/es\/wp-json\/wp\/v2\/product\/13246","targetHints":{"allow":["GET"]}}],"collection":[{"href":"https:\/\/www.sinchisinchi.com\/es\/wp-json\/wp\/v2\/product"}],"about":[{"href":"https:\/\/www.sinchisinchi.com\/es\/wp-json\/wp\/v2\/types\/product"}],"wp:featuredmedia":[{"embeddable":true,"href":"https:\/\/www.sinchisinchi.com\/es\/wp-json\/wp\/v2\/media\/13247"}],"wp:attachment":[{"href":"https:\/\/www.sinchisinchi.com\/es\/wp-json\/wp\/v2\/media?parent=13246"}],"wp:term":[{"taxonomy":"product_brand","embeddable":true,"href":"https:\/\/www.sinchisinchi.com\/es\/wp-json\/wp\/v2\/product_brand?post=13246"},{"taxonomy":"product_cat","embeddable":true,"href":"https:\/\/www.sinchisinchi.com\/es\/wp-json\/wp\/v2\/product_cat?post=13246"},{"taxonomy":"product_tag","embeddable":true,"href":"https:\/\/www.sinchisinchi.com\/es\/wp-json\/wp\/v2\/product_tag?post=13246"}],"curies":[{"name":"wp","href":"https:\/\/api.w.org\/{rel}","templated":true}]}}