{"id":13268,"date":"2024-04-22T12:10:58","date_gmt":"2024-04-22T12:10:58","guid":{"rendered":"https:\/\/www.sinchisinchi.com\/?post_type=product&#038;p=13268"},"modified":"2026-01-13T08:09:24","modified_gmt":"2026-01-13T08:09:24","slug":"bergamota","status":"publish","type":"product","link":"https:\/\/www.sinchisinchi.com\/es\/producto\/bergamota\/","title":{"rendered":"Bergamota"},"content":{"rendered":"<h2 style=\"font-weight: 400; text-align: center;\"><span style=\"color: #000000;\"><strong>Planta<\/strong><\/span><\/h2>\n<p style=\"font-weight: 400;\"><span style=\"color: #000000;\">La bergamota (C. aurantium subsp. Bergamia, o Citrus bergamia) es una variedad de naranja agria, considerada una mezcla entre lim\u00f3n y naranja, crece en la zona de B\u00e9rgamo en el norte de Italia, aunque son originarias de Asia del Sur.<\/span><\/p>\n<p style=\"font-weight: 400;\"><span style=\"color: #000000;\">Es un c\u00edtrico muy nutritivo de color amarillo, tama\u00f1o similar al de una naranja y jugo \u00e1cido y amargo. El aceite esencial de bergamota se extrae de la piel del fruto. Tiene propiedades suavizantes, refrescantes y vigorizantes para la piel.<\/span><\/p>\n<p style=\"font-weight: 400;\"><span style=\"color: #000000;\">Bergamota no se debe aplicar antes de tomar el sol, ya que puede causar manchas antiest\u00e9ticas en la piel, debido a sus propiedades foto sensibilizadoras.<\/span><\/p>\n<p style=\"font-weight: 400;\"><span style=\"color: #000000;\">El \u00e1rbol de bergamota es originario del Sureste Asi\u00e1tico, lugar del que provienen los \u00e1rboles c\u00edtricos, despu\u00e9s fue llevado a Persia y el Mediterraneo por la Ruta de la Seda.<\/span><\/p>\n<p style=\"font-weight: 400;\"><span style=\"color: #000000;\">La palabra \u00abbergamota\u00bb tiene dos posibles or\u00edgenes. Una historia dice que deriva del nombre de la ciudad italiana de B\u00e9rgamo, famosa por sus huertos de bergamota. Otra cuenta que el nombre proviene de la palabra bey \u00abarmut\u00bb, que en turco significa \u00abpera del pr\u00edncipe\u00bb.<\/span><\/p>\n","protected":false},"excerpt":{"rendered":"<p style=\"font-weight: 400;\"><span style=\"color: #000000;\">El jab\u00f3n natural de bergamota es ideal para disminuir el exceso de grasa en el rostro y prevenir arrugas. Es energizante y estimulante, su fragancia es fresca, dulce y afrutada. Tiene propiedades analg\u00e9sicas, antis\u00e9pticas, cicatrizantes y sedantes.<\/span><\/p>\n<p style=\"font-weight: 400;\"><span style=\"color: #000000;\">Este jab\u00f3n es fabricado de forma artesanal en Marsella siguiendo los antiguos m\u00e9todos y recetas ancestrales utilizando ingredientes completamente naturales: agua de mar del Mediterr\u00e1neo, aceite esencial de S\u00e1ndalo, aceites vegetales de gran calidad, y carbonato de sodio. Es 100% biodegradable.<\/span><\/p>\n<p>&nbsp;<\/p>\n<p><span style=\"color: #000000;\"><strong>Tama\u00f1o:<\/strong> 125gr<\/span><\/p>\n","protected":false},"featured_media":13621,"template":"","meta":{"_joinchat":[]},"product_brand":[],"product_cat":[329],"product_tag":[],"class_list":{"0":"post-13268","1":"product","2":"type-product","3":"status-publish","4":"has-post-thumbnail","6":"product_cat-jabones","8":"first","9":"instock","10":"taxable","11":"shipping-taxable","12":"purchasable","13":"product-type-simple"},"yoast_head":"<!-- This site is optimized with the Yoast SEO plugin v27.1.1 - https:\/\/yoast.com\/product\/yoast-seo-wordpress\/ -->\n<title>Jab\u00f3n con Bergamota: Tienda Cham\u00e1nica<\/title>\n<meta name=\"description\" content=\"La bergamota es una variedad de naranja agria, considerada una mezcla entre lim\u00f3n y naranja, crece en la zona de B\u00e9rgamo en el norte de Italia.\" \/>\n<meta name=\"robots\" content=\"index, follow, max-snippet:-1, max-image-preview:large, max-video-preview:-1\" \/>\n<link rel=\"canonical\" href=\"https:\/\/www.sinchisinchi.com\/es\/producto\/bergamota\/\" \/>\n<meta property=\"og:locale\" content=\"es_ES\" \/>\n<meta property=\"og:type\" content=\"article\" \/>\n<meta property=\"og:title\" content=\"Jab\u00f3n con Bergamota: Tienda Cham\u00e1nica\" \/>\n<meta property=\"og:description\" content=\"La bergamota es una variedad de naranja agria, considerada una mezcla entre lim\u00f3n y naranja, crece en la zona de B\u00e9rgamo en el norte de Italia.\" \/>\n<meta property=\"og:url\" content=\"https:\/\/www.sinchisinchi.com\/es\/producto\/bergamota\/\" \/>\n<meta property=\"og:site_name\" content=\"SINCHI RAP\u00c9\" \/>\n<meta property=\"article:publisher\" content=\"https:\/\/www.facebook.com\/sinchirape\/\" \/>\n<meta property=\"article:modified_time\" content=\"2026-01-13T08:09:24+00:00\" \/>\n<meta property=\"og:image\" content=\"https:\/\/www.sinchisinchi.com\/wp-content\/uploads\/2024\/04\/12-bergamota-copia.jpg\" \/>\n\t<meta property=\"og:image:width\" content=\"1024\" \/>\n\t<meta property=\"og:image:height\" content=\"1024\" \/>\n\t<meta property=\"og:image:type\" content=\"image\/jpeg\" \/>\n<meta name=\"twitter:card\" content=\"summary_large_image\" \/>\n<meta name=\"twitter:label1\" content=\"Tiempo de lectura\" \/>\n\t<meta name=\"twitter:data1\" content=\"1 minuto\" \/>\n<script type=\"application\/ld+json\" class=\"yoast-schema-graph\">{\"@context\":\"https:\/\/schema.org\",\"@graph\":[{\"@type\":\"WebPage\",\"@id\":\"https:\/\/www.sinchisinchi.com\/es\/producto\/bergamota\/\",\"url\":\"https:\/\/www.sinchisinchi.com\/es\/producto\/bergamota\/\",\"name\":\"Jab\u00f3n con Bergamota: Tienda Cham\u00e1nica\",\"isPartOf\":{\"@id\":\"https:\/\/www.sinchisinchi.com\/es\/#website\"},\"primaryImageOfPage\":{\"@id\":\"https:\/\/www.sinchisinchi.com\/es\/producto\/bergamota\/#primaryimage\"},\"image\":{\"@id\":\"https:\/\/www.sinchisinchi.com\/es\/producto\/bergamota\/#primaryimage\"},\"thumbnailUrl\":\"https:\/\/www.sinchisinchi.com\/wp-content\/uploads\/2024\/04\/12-bergamota-copia.jpg\",\"datePublished\":\"2024-04-22T12:10:58+00:00\",\"dateModified\":\"2026-01-13T08:09:24+00:00\",\"description\":\"La bergamota es una variedad de naranja agria, considerada una mezcla entre lim\u00f3n y naranja, crece en la zona de B\u00e9rgamo en el norte de Italia.\",\"breadcrumb\":{\"@id\":\"https:\/\/www.sinchisinchi.com\/es\/producto\/bergamota\/#breadcrumb\"},\"inLanguage\":\"es\",\"potentialAction\":[{\"@type\":\"ReadAction\",\"target\":[\"https:\/\/www.sinchisinchi.com\/es\/producto\/bergamota\/\"]}]},{\"@type\":\"ImageObject\",\"inLanguage\":\"es\",\"@id\":\"https:\/\/www.sinchisinchi.com\/es\/producto\/bergamota\/#primaryimage\",\"url\":\"https:\/\/www.sinchisinchi.com\/wp-content\/uploads\/2024\/04\/12-bergamota-copia.jpg\",\"contentUrl\":\"https:\/\/www.sinchisinchi.com\/wp-content\/uploads\/2024\/04\/12-bergamota-copia.jpg\",\"width\":1024,\"height\":1024},{\"@type\":\"BreadcrumbList\",\"@id\":\"https:\/\/www.sinchisinchi.com\/es\/producto\/bergamota\/#breadcrumb\",\"itemListElement\":[{\"@type\":\"ListItem\",\"position\":1,\"name\":\"Prima pagina\",\"item\":\"https:\/\/www.sinchisinchi.com\/es\/\"},{\"@type\":\"ListItem\",\"position\":2,\"name\":\"Productos\",\"item\":\"https:\/\/www.sinchisinchi.com\/es\/shop\/\"},{\"@type\":\"ListItem\",\"position\":3,\"name\":\"Bergamota\"}]},{\"@type\":\"WebSite\",\"@id\":\"https:\/\/www.sinchisinchi.com\/es\/#website\",\"url\":\"https:\/\/www.sinchisinchi.com\/es\/\",\"name\":\"SINCHI\",\"description\":\"Sinchi Medicine\",\"publisher\":{\"@id\":\"https:\/\/www.sinchisinchi.com\/es\/#organization\"},\"potentialAction\":[{\"@type\":\"SearchAction\",\"target\":{\"@type\":\"EntryPoint\",\"urlTemplate\":\"https:\/\/www.sinchisinchi.com\/es\/?s={search_term_string}\"},\"query-input\":{\"@type\":\"PropertyValueSpecification\",\"valueRequired\":true,\"valueName\":\"search_term_string\"}}],\"inLanguage\":\"es\"},{\"@type\":\"Organization\",\"@id\":\"https:\/\/www.sinchisinchi.com\/es\/#organization\",\"name\":\"SINCHI S.L\",\"url\":\"https:\/\/www.sinchisinchi.com\/es\/\",\"logo\":{\"@type\":\"ImageObject\",\"inLanguage\":\"es\",\"@id\":\"https:\/\/www.sinchisinchi.com\/es\/#\/schema\/logo\/image\/\",\"url\":\"https:\/\/www.sinchisinchi.com\/wp-content\/uploads\/2026\/01\/3b-Verde-SIMPLIFICADO-HORIZONTAL-F-TRANSPARENTE-scaled.png\",\"contentUrl\":\"https:\/\/www.sinchisinchi.com\/wp-content\/uploads\/2026\/01\/3b-Verde-SIMPLIFICADO-HORIZONTAL-F-TRANSPARENTE-scaled.png\",\"width\":2560,\"height\":457,\"caption\":\"SINCHI S.L\"},\"image\":{\"@id\":\"https:\/\/www.sinchisinchi.com\/es\/#\/schema\/logo\/image\/\"},\"sameAs\":[\"https:\/\/www.facebook.com\/sinchirape\/\",\"https:\/\/www.instagram.com\/sinchi_rape\/\"]}]}<\/script>\n<!-- \/ Yoast SEO plugin. -->","yoast_head_json":{"title":"Jab\u00f3n con Bergamota: Tienda Cham\u00e1nica","description":"La bergamota es una variedad de naranja agria, considerada una mezcla entre lim\u00f3n y naranja, crece en la zona de B\u00e9rgamo en el norte de Italia.","robots":{"index":"index","follow":"follow","max-snippet":"max-snippet:-1","max-image-preview":"max-image-preview:large","max-video-preview":"max-video-preview:-1"},"canonical":"https:\/\/www.sinchisinchi.com\/es\/producto\/bergamota\/","og_locale":"es_ES","og_type":"article","og_title":"Jab\u00f3n con Bergamota: Tienda Cham\u00e1nica","og_description":"La bergamota es una variedad de naranja agria, considerada una mezcla entre lim\u00f3n y naranja, crece en la zona de B\u00e9rgamo en el norte de Italia.","og_url":"https:\/\/www.sinchisinchi.com\/es\/producto\/bergamota\/","og_site_name":"SINCHI RAP\u00c9","article_publisher":"https:\/\/www.facebook.com\/sinchirape\/","article_modified_time":"2026-01-13T08:09:24+00:00","og_image":[{"width":1024,"height":1024,"url":"https:\/\/www.sinchisinchi.com\/wp-content\/uploads\/2024\/04\/12-bergamota-copia.jpg","type":"image\/jpeg"}],"twitter_card":"summary_large_image","twitter_misc":{"Tiempo de lectura":"1 minuto"},"schema":{"@context":"https:\/\/schema.org","@graph":[{"@type":"WebPage","@id":"https:\/\/www.sinchisinchi.com\/es\/producto\/bergamota\/","url":"https:\/\/www.sinchisinchi.com\/es\/producto\/bergamota\/","name":"Jab\u00f3n con Bergamota: Tienda Cham\u00e1nica","isPartOf":{"@id":"https:\/\/www.sinchisinchi.com\/es\/#website"},"primaryImageOfPage":{"@id":"https:\/\/www.sinchisinchi.com\/es\/producto\/bergamota\/#primaryimage"},"image":{"@id":"https:\/\/www.sinchisinchi.com\/es\/producto\/bergamota\/#primaryimage"},"thumbnailUrl":"https:\/\/www.sinchisinchi.com\/wp-content\/uploads\/2024\/04\/12-bergamota-copia.jpg","datePublished":"2024-04-22T12:10:58+00:00","dateModified":"2026-01-13T08:09:24+00:00","description":"La bergamota es una variedad de naranja agria, considerada una mezcla entre lim\u00f3n y naranja, crece en la zona de B\u00e9rgamo en el norte de Italia.","breadcrumb":{"@id":"https:\/\/www.sinchisinchi.com\/es\/producto\/bergamota\/#breadcrumb"},"inLanguage":"es","potentialAction":[{"@type":"ReadAction","target":["https:\/\/www.sinchisinchi.com\/es\/producto\/bergamota\/"]}]},{"@type":"ImageObject","inLanguage":"es","@id":"https:\/\/www.sinchisinchi.com\/es\/producto\/bergamota\/#primaryimage","url":"https:\/\/www.sinchisinchi.com\/wp-content\/uploads\/2024\/04\/12-bergamota-copia.jpg","contentUrl":"https:\/\/www.sinchisinchi.com\/wp-content\/uploads\/2024\/04\/12-bergamota-copia.jpg","width":1024,"height":1024},{"@type":"BreadcrumbList","@id":"https:\/\/www.sinchisinchi.com\/es\/producto\/bergamota\/#breadcrumb","itemListElement":[{"@type":"ListItem","position":1,"name":"Prima pagina","item":"https:\/\/www.sinchisinchi.com\/es\/"},{"@type":"ListItem","position":2,"name":"Productos","item":"https:\/\/www.sinchisinchi.com\/es\/shop\/"},{"@type":"ListItem","position":3,"name":"Bergamota"}]},{"@type":"WebSite","@id":"https:\/\/www.sinchisinchi.com\/es\/#website","url":"https:\/\/www.sinchisinchi.com\/es\/","name":"SINCHI","description":"Sinchi Medicine","publisher":{"@id":"https:\/\/www.sinchisinchi.com\/es\/#organization"},"potentialAction":[{"@type":"SearchAction","target":{"@type":"EntryPoint","urlTemplate":"https:\/\/www.sinchisinchi.com\/es\/?s={search_term_string}"},"query-input":{"@type":"PropertyValueSpecification","valueRequired":true,"valueName":"search_term_string"}}],"inLanguage":"es"},{"@type":"Organization","@id":"https:\/\/www.sinchisinchi.com\/es\/#organization","name":"SINCHI S.L","url":"https:\/\/www.sinchisinchi.com\/es\/","logo":{"@type":"ImageObject","inLanguage":"es","@id":"https:\/\/www.sinchisinchi.com\/es\/#\/schema\/logo\/image\/","url":"https:\/\/www.sinchisinchi.com\/wp-content\/uploads\/2026\/01\/3b-Verde-SIMPLIFICADO-HORIZONTAL-F-TRANSPARENTE-scaled.png","contentUrl":"https:\/\/www.sinchisinchi.com\/wp-content\/uploads\/2026\/01\/3b-Verde-SIMPLIFICADO-HORIZONTAL-F-TRANSPARENTE-scaled.png","width":2560,"height":457,"caption":"SINCHI S.L"},"image":{"@id":"https:\/\/www.sinchisinchi.com\/es\/#\/schema\/logo\/image\/"},"sameAs":["https:\/\/www.facebook.com\/sinchirape\/","https:\/\/www.instagram.com\/sinchi_rape\/"]}]}},"_links":{"self":[{"href":"https:\/\/www.sinchisinchi.com\/es\/wp-json\/wp\/v2\/product\/13268","targetHints":{"allow":["GET"]}}],"collection":[{"href":"https:\/\/www.sinchisinchi.com\/es\/wp-json\/wp\/v2\/product"}],"about":[{"href":"https:\/\/www.sinchisinchi.com\/es\/wp-json\/wp\/v2\/types\/product"}],"wp:featuredmedia":[{"embeddable":true,"href":"https:\/\/www.sinchisinchi.com\/es\/wp-json\/wp\/v2\/media\/13621"}],"wp:attachment":[{"href":"https:\/\/www.sinchisinchi.com\/es\/wp-json\/wp\/v2\/media?parent=13268"}],"wp:term":[{"taxonomy":"product_brand","embeddable":true,"href":"https:\/\/www.sinchisinchi.com\/es\/wp-json\/wp\/v2\/product_brand?post=13268"},{"taxonomy":"product_cat","embeddable":true,"href":"https:\/\/www.sinchisinchi.com\/es\/wp-json\/wp\/v2\/product_cat?post=13268"},{"taxonomy":"product_tag","embeddable":true,"href":"https:\/\/www.sinchisinchi.com\/es\/wp-json\/wp\/v2\/product_tag?post=13268"}],"curies":[{"name":"wp","href":"https:\/\/api.w.org\/{rel}","templated":true}]}}