{"id":13275,"date":"2024-04-22T12:12:17","date_gmt":"2024-04-22T12:12:17","guid":{"rendered":"https:\/\/www.sinchisinchi.com\/?post_type=product&#038;p=13275"},"modified":"2026-01-13T08:09:12","modified_gmt":"2026-01-13T08:09:12","slug":"fresa","status":"publish","type":"product","link":"https:\/\/www.sinchisinchi.com\/es\/producto\/fresa\/","title":{"rendered":"Fresa"},"content":{"rendered":"<h2 style=\"font-weight: 400; text-align: center;\"><strong><span style=\"color: #000000;\">Propiedades m\u00e1gicas<\/span><\/strong><\/h2>\n<p style=\"font-weight: 400;\"><span style=\"color: #000000;\">Las fresas se asocian con el <strong>planeta del amor,<\/strong> Venus, y con Afrodita, la <strong>diosa del amor<\/strong> y de la belleza.Tambi\u00e9n con <strong>Freya,<\/strong> diosa de la mitolog\u00eda n\u00f3rdica y germ\u00e1nica, que se relaciona con la maternidad y fertilidad.<\/span><\/p>\n<p style=\"font-weight: 400;\"><span style=\"color: #000000;\">La <strong>Virgen Mar\u00eda<\/strong> se ha representado rodeada de fresas, o acompa\u00f1ando a ni\u00f1os a recogerlas; la fresa se relaciona con lo maternal, con el amor profundo, con el afecto cari\u00f1oso que brindan desde la amistad hasta el romance.<\/span><\/p>\n<p style=\"font-weight: 400;\"><span style=\"color: #000000;\">Antiguos relatos europeos se\u00f1alan que las <strong>hadas del bosque<\/strong> adoraban las fresas, y los campesinos las atra\u00edan con plant\u00e1ndolas, ya que ayudaban a tener buenas cosechas, brindaban buena salud y fecundidad a la familia y el ganado.<\/span><\/p>\n<p style=\"font-weight: 400;\"><span style=\"color: #000000;\">La fresa es un excelente afrodisiaco por su color, sabor, y aroma.<\/span><\/p>\n<h2 style=\"font-weight: 400; text-align: center;\"><strong><span style=\"color: #000000;\">Historia<\/span><\/strong><\/h2>\n<p style=\"font-weight: 400;\"><span style=\"color: #000000;\">En el a\u00f1o <strong>2500 a.C, en Asia<\/strong> ya se conoc\u00edan los poderes desintoxicantes de la fresa, pues se usaban las hojas para hacer t\u00e9 y reducir las toxinas en el cuerpo, as\u00ed como retrasar el envejecimiento y combatir el cansancio.<\/span><\/p>\n<p style=\"font-weight: 400;\"><span style=\"color: #000000;\"><strong>Los romanos<\/strong> usaban fresas por sus propiedades beneficiosas para el sistema digestivo y para proporcionar buen aliento, adem\u00e1s de por sus virtudes afrodisiacas.<\/span><\/p>\n<p style=\"font-weight: 400;\"><span style=\"color: #000000;\"><strong>En Am\u00e9rica,<\/strong> los nativos conocieron la fresa de la mano de los espa\u00f1oles, portugueses y brit\u00e1nicos, y tradicionalmente se usa en t\u00e9 incluyendo la planta completa; fruto, hojas y ra\u00edces. Tambi\u00e9n machacan las hojas creando una pomada para la piel.<\/span><\/p>\n","protected":false},"excerpt":{"rendered":"<p style=\"font-weight: 400;\"><span style=\"color: #000000;\">El jab\u00f3n natural de fresa es rico en antioxidantes, vitamina C y E, que combaten el efecto de los radicales libres sobre la piel. Combate el envejecimiento prematuro de la piel y reduce las arrugas.<\/span><\/p>\n<p style=\"font-weight: 400;\"><span style=\"color: #000000;\">El manganeso y el potasio ayudan a mejorar la salud general de la piel, ayudando a que los antioxidantes act\u00faen mejor y a que las c\u00e9lulas retengan m\u00e1s agua.<\/span><\/p>\n<p style=\"font-weight: 400;\"><span style=\"color: #000000;\">Su capacidad hidratante deja la piel suave y nutrida, es muy indicado para pieles secas.<\/span><\/p>\n<p style=\"font-weight: 400;\"><span style=\"color: #000000;\">La fresa es una planta de g\u00e9nero <strong>femenino<\/strong>, se asocia al planeta <strong>venus,<\/strong> a la diosa <strong>Afrodita,<\/strong> al elemento <strong>agua,<\/strong> <strong>al amor y a la buena fortuna.<\/strong><\/span><\/p>\n","protected":false},"featured_media":13276,"template":"","meta":{"_joinchat":[]},"product_brand":[],"product_cat":[329],"product_tag":[],"class_list":{"0":"post-13275","1":"product","2":"type-product","3":"status-publish","4":"has-post-thumbnail","6":"product_cat-jabones","8":"first","9":"instock","10":"taxable","11":"shipping-taxable","12":"purchasable","13":"product-type-simple"},"yoast_head":"<!-- This site is optimized with the Yoast SEO plugin v27.4 - https:\/\/yoast.com\/product\/yoast-seo-wordpress\/ -->\n<title>Jab\u00f3n con Fresa: Tienda Cham\u00e1nica<\/title>\n<meta name=\"description\" content=\"La fresa es una planta de g\u00e9nero femenino, se asocia al planeta venus, a la diosa Afrodita, al elemento agua, al amor y a la buena fortuna.\" \/>\n<meta name=\"robots\" content=\"index, follow, max-snippet:-1, max-image-preview:large, max-video-preview:-1\" \/>\n<link rel=\"canonical\" href=\"https:\/\/www.sinchisinchi.com\/es\/producto\/fresa\/\" \/>\n<meta property=\"og:locale\" content=\"es_ES\" \/>\n<meta property=\"og:type\" content=\"article\" \/>\n<meta property=\"og:title\" content=\"Jab\u00f3n con Fresa: Tienda Cham\u00e1nica\" \/>\n<meta property=\"og:description\" content=\"La fresa es una planta de g\u00e9nero femenino, se asocia al planeta venus, a la diosa Afrodita, al elemento agua, al amor y a la buena fortuna.\" \/>\n<meta property=\"og:url\" content=\"https:\/\/www.sinchisinchi.com\/es\/producto\/fresa\/\" \/>\n<meta property=\"og:site_name\" content=\"SINCHI RAP\u00c9\" \/>\n<meta property=\"article:publisher\" content=\"https:\/\/www.facebook.com\/sinchirape\/\" \/>\n<meta property=\"article:modified_time\" content=\"2026-01-13T08:09:12+00:00\" \/>\n<meta property=\"og:image\" content=\"https:\/\/www.sinchisinchi.com\/wp-content\/uploads\/2024\/04\/13-fresa.jpeg\" \/>\n\t<meta property=\"og:image:width\" content=\"1024\" \/>\n\t<meta property=\"og:image:height\" content=\"1024\" \/>\n\t<meta property=\"og:image:type\" content=\"image\/jpeg\" \/>\n<meta name=\"twitter:card\" content=\"summary_large_image\" \/>\n<meta name=\"twitter:label1\" content=\"Tiempo de lectura\" \/>\n\t<meta name=\"twitter:data1\" content=\"2 minutos\" \/>\n<script type=\"application\/ld+json\" class=\"yoast-schema-graph\">{\"@context\":\"https:\\\/\\\/schema.org\",\"@graph\":[{\"@type\":\"WebPage\",\"@id\":\"https:\\\/\\\/www.sinchisinchi.com\\\/es\\\/producto\\\/fresa\\\/\",\"url\":\"https:\\\/\\\/www.sinchisinchi.com\\\/es\\\/producto\\\/fresa\\\/\",\"name\":\"Jab\u00f3n con Fresa: Tienda Cham\u00e1nica\",\"isPartOf\":{\"@id\":\"https:\\\/\\\/www.sinchisinchi.com\\\/es\\\/#website\"},\"primaryImageOfPage\":{\"@id\":\"https:\\\/\\\/www.sinchisinchi.com\\\/es\\\/producto\\\/fresa\\\/#primaryimage\"},\"image\":{\"@id\":\"https:\\\/\\\/www.sinchisinchi.com\\\/es\\\/producto\\\/fresa\\\/#primaryimage\"},\"thumbnailUrl\":\"https:\\\/\\\/www.sinchisinchi.com\\\/wp-content\\\/uploads\\\/2024\\\/04\\\/13-fresa.jpeg\",\"datePublished\":\"2024-04-22T12:12:17+00:00\",\"dateModified\":\"2026-01-13T08:09:12+00:00\",\"description\":\"La fresa es una planta de g\u00e9nero femenino, se asocia al planeta venus, a la diosa Afrodita, al elemento agua, al amor y a la buena fortuna.\",\"breadcrumb\":{\"@id\":\"https:\\\/\\\/www.sinchisinchi.com\\\/es\\\/producto\\\/fresa\\\/#breadcrumb\"},\"inLanguage\":\"es\",\"potentialAction\":[{\"@type\":\"ReadAction\",\"target\":[\"https:\\\/\\\/www.sinchisinchi.com\\\/es\\\/producto\\\/fresa\\\/\"]}]},{\"@type\":\"ImageObject\",\"inLanguage\":\"es\",\"@id\":\"https:\\\/\\\/www.sinchisinchi.com\\\/es\\\/producto\\\/fresa\\\/#primaryimage\",\"url\":\"https:\\\/\\\/www.sinchisinchi.com\\\/wp-content\\\/uploads\\\/2024\\\/04\\\/13-fresa.jpeg\",\"contentUrl\":\"https:\\\/\\\/www.sinchisinchi.com\\\/wp-content\\\/uploads\\\/2024\\\/04\\\/13-fresa.jpeg\",\"width\":1024,\"height\":1024},{\"@type\":\"BreadcrumbList\",\"@id\":\"https:\\\/\\\/www.sinchisinchi.com\\\/es\\\/producto\\\/fresa\\\/#breadcrumb\",\"itemListElement\":[{\"@type\":\"ListItem\",\"position\":1,\"name\":\"Prima pagina\",\"item\":\"https:\\\/\\\/www.sinchisinchi.com\\\/es\\\/\"},{\"@type\":\"ListItem\",\"position\":2,\"name\":\"Productos\",\"item\":\"https:\\\/\\\/www.sinchisinchi.com\\\/es\\\/shop\\\/\"},{\"@type\":\"ListItem\",\"position\":3,\"name\":\"Fresa\"}]},{\"@type\":\"WebSite\",\"@id\":\"https:\\\/\\\/www.sinchisinchi.com\\\/es\\\/#website\",\"url\":\"https:\\\/\\\/www.sinchisinchi.com\\\/es\\\/\",\"name\":\"SINCHI\",\"description\":\"Sinchi Medicine\",\"publisher\":{\"@id\":\"https:\\\/\\\/www.sinchisinchi.com\\\/es\\\/#organization\"},\"potentialAction\":[{\"@type\":\"SearchAction\",\"target\":{\"@type\":\"EntryPoint\",\"urlTemplate\":\"https:\\\/\\\/www.sinchisinchi.com\\\/es\\\/?s={search_term_string}\"},\"query-input\":{\"@type\":\"PropertyValueSpecification\",\"valueRequired\":true,\"valueName\":\"search_term_string\"}}],\"inLanguage\":\"es\"},{\"@type\":\"Organization\",\"@id\":\"https:\\\/\\\/www.sinchisinchi.com\\\/es\\\/#organization\",\"name\":\"SINCHI S.L\",\"url\":\"https:\\\/\\\/www.sinchisinchi.com\\\/es\\\/\",\"logo\":{\"@type\":\"ImageObject\",\"inLanguage\":\"es\",\"@id\":\"https:\\\/\\\/www.sinchisinchi.com\\\/es\\\/#\\\/schema\\\/logo\\\/image\\\/\",\"url\":\"https:\\\/\\\/www.sinchisinchi.com\\\/wp-content\\\/uploads\\\/2026\\\/01\\\/3b-Verde-SIMPLIFICADO-HORIZONTAL-F-TRANSPARENTE-scaled.png\",\"contentUrl\":\"https:\\\/\\\/www.sinchisinchi.com\\\/wp-content\\\/uploads\\\/2026\\\/01\\\/3b-Verde-SIMPLIFICADO-HORIZONTAL-F-TRANSPARENTE-scaled.png\",\"width\":2560,\"height\":457,\"caption\":\"SINCHI S.L\"},\"image\":{\"@id\":\"https:\\\/\\\/www.sinchisinchi.com\\\/es\\\/#\\\/schema\\\/logo\\\/image\\\/\"},\"sameAs\":[\"https:\\\/\\\/www.facebook.com\\\/sinchirape\\\/\",\"https:\\\/\\\/www.instagram.com\\\/sinchi_rape\\\/\"]}]}<\/script>\n<!-- \/ Yoast SEO plugin. -->","yoast_head_json":{"title":"Jab\u00f3n con Fresa: Tienda Cham\u00e1nica","description":"La fresa es una planta de g\u00e9nero femenino, se asocia al planeta venus, a la diosa Afrodita, al elemento agua, al amor y a la buena fortuna.","robots":{"index":"index","follow":"follow","max-snippet":"max-snippet:-1","max-image-preview":"max-image-preview:large","max-video-preview":"max-video-preview:-1"},"canonical":"https:\/\/www.sinchisinchi.com\/es\/producto\/fresa\/","og_locale":"es_ES","og_type":"article","og_title":"Jab\u00f3n con Fresa: Tienda Cham\u00e1nica","og_description":"La fresa es una planta de g\u00e9nero femenino, se asocia al planeta venus, a la diosa Afrodita, al elemento agua, al amor y a la buena fortuna.","og_url":"https:\/\/www.sinchisinchi.com\/es\/producto\/fresa\/","og_site_name":"SINCHI RAP\u00c9","article_publisher":"https:\/\/www.facebook.com\/sinchirape\/","article_modified_time":"2026-01-13T08:09:12+00:00","og_image":[{"width":1024,"height":1024,"url":"https:\/\/www.sinchisinchi.com\/wp-content\/uploads\/2024\/04\/13-fresa.jpeg","type":"image\/jpeg"}],"twitter_card":"summary_large_image","twitter_misc":{"Tiempo de lectura":"2 minutos"},"schema":{"@context":"https:\/\/schema.org","@graph":[{"@type":"WebPage","@id":"https:\/\/www.sinchisinchi.com\/es\/producto\/fresa\/","url":"https:\/\/www.sinchisinchi.com\/es\/producto\/fresa\/","name":"Jab\u00f3n con Fresa: Tienda Cham\u00e1nica","isPartOf":{"@id":"https:\/\/www.sinchisinchi.com\/es\/#website"},"primaryImageOfPage":{"@id":"https:\/\/www.sinchisinchi.com\/es\/producto\/fresa\/#primaryimage"},"image":{"@id":"https:\/\/www.sinchisinchi.com\/es\/producto\/fresa\/#primaryimage"},"thumbnailUrl":"https:\/\/www.sinchisinchi.com\/wp-content\/uploads\/2024\/04\/13-fresa.jpeg","datePublished":"2024-04-22T12:12:17+00:00","dateModified":"2026-01-13T08:09:12+00:00","description":"La fresa es una planta de g\u00e9nero femenino, se asocia al planeta venus, a la diosa Afrodita, al elemento agua, al amor y a la buena fortuna.","breadcrumb":{"@id":"https:\/\/www.sinchisinchi.com\/es\/producto\/fresa\/#breadcrumb"},"inLanguage":"es","potentialAction":[{"@type":"ReadAction","target":["https:\/\/www.sinchisinchi.com\/es\/producto\/fresa\/"]}]},{"@type":"ImageObject","inLanguage":"es","@id":"https:\/\/www.sinchisinchi.com\/es\/producto\/fresa\/#primaryimage","url":"https:\/\/www.sinchisinchi.com\/wp-content\/uploads\/2024\/04\/13-fresa.jpeg","contentUrl":"https:\/\/www.sinchisinchi.com\/wp-content\/uploads\/2024\/04\/13-fresa.jpeg","width":1024,"height":1024},{"@type":"BreadcrumbList","@id":"https:\/\/www.sinchisinchi.com\/es\/producto\/fresa\/#breadcrumb","itemListElement":[{"@type":"ListItem","position":1,"name":"Prima pagina","item":"https:\/\/www.sinchisinchi.com\/es\/"},{"@type":"ListItem","position":2,"name":"Productos","item":"https:\/\/www.sinchisinchi.com\/es\/shop\/"},{"@type":"ListItem","position":3,"name":"Fresa"}]},{"@type":"WebSite","@id":"https:\/\/www.sinchisinchi.com\/es\/#website","url":"https:\/\/www.sinchisinchi.com\/es\/","name":"SINCHI","description":"Sinchi Medicine","publisher":{"@id":"https:\/\/www.sinchisinchi.com\/es\/#organization"},"potentialAction":[{"@type":"SearchAction","target":{"@type":"EntryPoint","urlTemplate":"https:\/\/www.sinchisinchi.com\/es\/?s={search_term_string}"},"query-input":{"@type":"PropertyValueSpecification","valueRequired":true,"valueName":"search_term_string"}}],"inLanguage":"es"},{"@type":"Organization","@id":"https:\/\/www.sinchisinchi.com\/es\/#organization","name":"SINCHI S.L","url":"https:\/\/www.sinchisinchi.com\/es\/","logo":{"@type":"ImageObject","inLanguage":"es","@id":"https:\/\/www.sinchisinchi.com\/es\/#\/schema\/logo\/image\/","url":"https:\/\/www.sinchisinchi.com\/wp-content\/uploads\/2026\/01\/3b-Verde-SIMPLIFICADO-HORIZONTAL-F-TRANSPARENTE-scaled.png","contentUrl":"https:\/\/www.sinchisinchi.com\/wp-content\/uploads\/2026\/01\/3b-Verde-SIMPLIFICADO-HORIZONTAL-F-TRANSPARENTE-scaled.png","width":2560,"height":457,"caption":"SINCHI S.L"},"image":{"@id":"https:\/\/www.sinchisinchi.com\/es\/#\/schema\/logo\/image\/"},"sameAs":["https:\/\/www.facebook.com\/sinchirape\/","https:\/\/www.instagram.com\/sinchi_rape\/"]}]}},"_links":{"self":[{"href":"https:\/\/www.sinchisinchi.com\/es\/wp-json\/wp\/v2\/product\/13275","targetHints":{"allow":["GET"]}}],"collection":[{"href":"https:\/\/www.sinchisinchi.com\/es\/wp-json\/wp\/v2\/product"}],"about":[{"href":"https:\/\/www.sinchisinchi.com\/es\/wp-json\/wp\/v2\/types\/product"}],"wp:featuredmedia":[{"embeddable":true,"href":"https:\/\/www.sinchisinchi.com\/es\/wp-json\/wp\/v2\/media\/13276"}],"wp:attachment":[{"href":"https:\/\/www.sinchisinchi.com\/es\/wp-json\/wp\/v2\/media?parent=13275"}],"wp:term":[{"taxonomy":"product_brand","embeddable":true,"href":"https:\/\/www.sinchisinchi.com\/es\/wp-json\/wp\/v2\/product_brand?post=13275"},{"taxonomy":"product_cat","embeddable":true,"href":"https:\/\/www.sinchisinchi.com\/es\/wp-json\/wp\/v2\/product_cat?post=13275"},{"taxonomy":"product_tag","embeddable":true,"href":"https:\/\/www.sinchisinchi.com\/es\/wp-json\/wp\/v2\/product_tag?post=13275"}],"curies":[{"name":"wp","href":"https:\/\/api.w.org\/{rel}","templated":true}]}}