{"id":13282,"date":"2024-04-22T12:13:48","date_gmt":"2024-04-22T12:13:48","guid":{"rendered":"https:\/\/www.sinchisinchi.com\/?post_type=product&#038;p=13282"},"modified":"2026-01-13T08:09:01","modified_gmt":"2026-01-13T08:09:01","slug":"leche-de-coco","status":"publish","type":"product","link":"https:\/\/www.sinchisinchi.com\/es\/producto\/leche-de-coco\/","title":{"rendered":"Leche de Coco"},"content":{"rendered":"<div>\n<h3 style=\"text-align: center;\"><strong><span style=\"color: #000000;\">Propiedades M\u00e1gicas<\/span><\/strong><\/h3>\n<p>&nbsp;<\/p>\n<p><span style=\"color: #000000;\">El coco es el fruto de la palmera cocotera, ambos considerados del g\u00e9nero femenino, asociado a la luna, al elemento agua. Tradicionalmente se usado por sus propiedados de purificaci\u00f3n, protecci\u00f3n y castidad.<\/span><\/p>\n<\/div>\n<p style=\"font-weight: 400;\"><span style=\"color: #000000;\">Los jabones naturales con resinas y plantas arom\u00e1ticas tienen un profundo efecto tanto en el plano f\u00edsico como en el energ\u00e9tico. Ayudan a proteger contra fuerzas negativas, conectar con frecuencias positivas y promueven la limpieza f\u00edsica y energ\u00e9tica.<\/span><\/p>\n<p style=\"font-weight: 400;\"><span style=\"color: #000000;\"><strong>Protecci\u00f3n y purificaci\u00f3n:<\/strong> Los jabones m\u00edsticos crean un escudo protector contra energ\u00edas negativas.<\/span><\/p>\n<p style=\"font-weight: 400;\"><span style=\"color: #000000;\"><strong>Equilibrio energ\u00e9tico:<\/strong> Ayudan a equilibrar las energ\u00edas del cuerpo, promoviendo la armon\u00eda y el bienestar.<\/span><\/p>\n<p style=\"font-weight: 400;\"><span style=\"color: #000000;\"><strong>Conexi\u00f3n espiritual<\/strong>: Facilitan la conexi\u00f3n con energ\u00edas c\u00f3smicas, permitiendo una meditaci\u00f3n m\u00e1s profunda.<\/span><\/p>\n","protected":false},"excerpt":{"rendered":"<div>\n<p style=\"font-weight: 400;\"><span style=\"color: #000000;\">Los jabones de leche de coco se caracterizan por limpiar la piel desde adentro sin causar sequedad excesiva, a diferencia de los jabones usuales, ya que, al ser ricos en leche de coco pura, los jabones de leche de coco contienen gran cantidad de \u00e1cidos grasos y nutrientes que restauran la hidrataci\u00f3n, proporcionando una piel suave, flexible y lisa.<\/span><\/p>\n<p style=\"font-weight: 400;\"><span style=\"color: #000000;\">Cuando se usa de forma habitual jab\u00f3n de leche de coco, se retrasan los s\u00edntomas del envejecimiento prematuro. Posee gran cantidad de antioxidantes, como vitaminas E y C, que enriquecen la piel y reducen los radicales libres, previniendo da\u00f1os oxidativos.<\/span><\/p>\n<p style=\"font-weight: 400;\"><span style=\"color: #000000;\">Adem\u00e1s, contiene micronutrientes como selenio, zinc, hierro y cobre, que mejoran la salud de la piel. L<\/span><span style=\"color: #000000;\">a leche de coco aporta \u00e1cidos grasos como \u00e1cido l\u00e1urico, \u00e1cido y \u00e1cido c\u00e1prico, poderosos agentes antimicrobianos, antivirales y antif\u00fangicos.<\/span><\/p>\n<p style=\"font-weight: 400;\"><span style=\"color: #000000;\">Usado como champ\u00fa, proporciona la m\u00e1xima nutrici\u00f3n, haciendo que el cabello luzca fuerte y saludable.<\/span><\/p>\n<p style=\"font-weight: 400;\"><span style=\"color: #000000;\">Este jab\u00f3n es fabricado de forma artesanal en Marsella siguiendo los antiguos m\u00e9todos y recetas ancestrales utilizando ingredientes completamente naturales: agua de mar del Mediterr\u00e1neo, aceite esencial de S\u00e1ndalo, aceites vegetales de gran calidad, y carbonato de sodio. Es 100% biodegradable.<\/span><\/p>\n<\/div>\n<div>\n<p>&nbsp;<\/p>\n<p><span style=\"color: #000000;\"><strong>Tama\u00f1o:<\/strong> 125gr<\/span><\/p>\n<\/div>\n","protected":false},"featured_media":13283,"template":"","meta":{"_joinchat":[]},"product_brand":[],"product_cat":[329],"product_tag":[],"class_list":{"0":"post-13282","1":"product","2":"type-product","3":"status-publish","4":"has-post-thumbnail","6":"product_cat-jabones","8":"first","9":"instock","10":"taxable","11":"shipping-taxable","12":"purchasable","13":"product-type-simple"},"yoast_head":"<!-- This site is optimized with the Yoast SEO plugin v27.4 - https:\/\/yoast.com\/product\/yoast-seo-wordpress\/ -->\n<title>Jab\u00f3n con Leche de Coco: Tienda Cham\u00e1nica<\/title>\n<meta name=\"description\" content=\"Jab\u00f3n de leche de coco: se caracteriza por limpiar la piel desde adentro sin causar sequedad excesiva, proporcionando una piel suave, flexible y lisa.\" \/>\n<meta name=\"robots\" content=\"index, follow, max-snippet:-1, max-image-preview:large, max-video-preview:-1\" \/>\n<link rel=\"canonical\" href=\"https:\/\/www.sinchisinchi.com\/es\/producto\/leche-de-coco\/\" \/>\n<meta property=\"og:locale\" content=\"es_ES\" \/>\n<meta property=\"og:type\" content=\"article\" \/>\n<meta property=\"og:title\" content=\"Jab\u00f3n con Leche de Coco: Tienda Cham\u00e1nica\" \/>\n<meta property=\"og:description\" content=\"Jab\u00f3n de leche de coco: se caracteriza por limpiar la piel desde adentro sin causar sequedad excesiva, proporcionando una piel suave, flexible y lisa.\" \/>\n<meta property=\"og:url\" content=\"https:\/\/www.sinchisinchi.com\/es\/producto\/leche-de-coco\/\" \/>\n<meta property=\"og:site_name\" content=\"SINCHI RAP\u00c9\" \/>\n<meta property=\"article:publisher\" content=\"https:\/\/www.facebook.com\/sinchirape\/\" \/>\n<meta property=\"article:modified_time\" content=\"2026-01-13T08:09:01+00:00\" \/>\n<meta property=\"og:image\" content=\"https:\/\/www.sinchisinchi.com\/wp-content\/uploads\/2024\/04\/14-leche-de-coco.jpeg\" \/>\n\t<meta property=\"og:image:width\" content=\"1024\" \/>\n\t<meta property=\"og:image:height\" content=\"1024\" \/>\n\t<meta property=\"og:image:type\" content=\"image\/jpeg\" \/>\n<meta name=\"twitter:card\" content=\"summary_large_image\" \/>\n<meta name=\"twitter:label1\" content=\"Tiempo de lectura\" \/>\n\t<meta name=\"twitter:data1\" content=\"1 minuto\" \/>\n<script type=\"application\/ld+json\" class=\"yoast-schema-graph\">{\"@context\":\"https:\\\/\\\/schema.org\",\"@graph\":[{\"@type\":\"WebPage\",\"@id\":\"https:\\\/\\\/www.sinchisinchi.com\\\/es\\\/producto\\\/leche-de-coco\\\/\",\"url\":\"https:\\\/\\\/www.sinchisinchi.com\\\/es\\\/producto\\\/leche-de-coco\\\/\",\"name\":\"Jab\u00f3n con Leche de Coco: Tienda Cham\u00e1nica\",\"isPartOf\":{\"@id\":\"https:\\\/\\\/www.sinchisinchi.com\\\/es\\\/#website\"},\"primaryImageOfPage\":{\"@id\":\"https:\\\/\\\/www.sinchisinchi.com\\\/es\\\/producto\\\/leche-de-coco\\\/#primaryimage\"},\"image\":{\"@id\":\"https:\\\/\\\/www.sinchisinchi.com\\\/es\\\/producto\\\/leche-de-coco\\\/#primaryimage\"},\"thumbnailUrl\":\"https:\\\/\\\/www.sinchisinchi.com\\\/wp-content\\\/uploads\\\/2024\\\/04\\\/14-leche-de-coco.jpeg\",\"datePublished\":\"2024-04-22T12:13:48+00:00\",\"dateModified\":\"2026-01-13T08:09:01+00:00\",\"description\":\"Jab\u00f3n de leche de coco: se caracteriza por limpiar la piel desde adentro sin causar sequedad excesiva, proporcionando una piel suave, flexible y lisa.\",\"breadcrumb\":{\"@id\":\"https:\\\/\\\/www.sinchisinchi.com\\\/es\\\/producto\\\/leche-de-coco\\\/#breadcrumb\"},\"inLanguage\":\"es\",\"potentialAction\":[{\"@type\":\"ReadAction\",\"target\":[\"https:\\\/\\\/www.sinchisinchi.com\\\/es\\\/producto\\\/leche-de-coco\\\/\"]}]},{\"@type\":\"ImageObject\",\"inLanguage\":\"es\",\"@id\":\"https:\\\/\\\/www.sinchisinchi.com\\\/es\\\/producto\\\/leche-de-coco\\\/#primaryimage\",\"url\":\"https:\\\/\\\/www.sinchisinchi.com\\\/wp-content\\\/uploads\\\/2024\\\/04\\\/14-leche-de-coco.jpeg\",\"contentUrl\":\"https:\\\/\\\/www.sinchisinchi.com\\\/wp-content\\\/uploads\\\/2024\\\/04\\\/14-leche-de-coco.jpeg\",\"width\":1024,\"height\":1024},{\"@type\":\"BreadcrumbList\",\"@id\":\"https:\\\/\\\/www.sinchisinchi.com\\\/es\\\/producto\\\/leche-de-coco\\\/#breadcrumb\",\"itemListElement\":[{\"@type\":\"ListItem\",\"position\":1,\"name\":\"Prima pagina\",\"item\":\"https:\\\/\\\/www.sinchisinchi.com\\\/es\\\/\"},{\"@type\":\"ListItem\",\"position\":2,\"name\":\"Productos\",\"item\":\"https:\\\/\\\/www.sinchisinchi.com\\\/es\\\/shop\\\/\"},{\"@type\":\"ListItem\",\"position\":3,\"name\":\"Leche de Coco\"}]},{\"@type\":\"WebSite\",\"@id\":\"https:\\\/\\\/www.sinchisinchi.com\\\/es\\\/#website\",\"url\":\"https:\\\/\\\/www.sinchisinchi.com\\\/es\\\/\",\"name\":\"SINCHI\",\"description\":\"Sinchi Medicine\",\"publisher\":{\"@id\":\"https:\\\/\\\/www.sinchisinchi.com\\\/es\\\/#organization\"},\"potentialAction\":[{\"@type\":\"SearchAction\",\"target\":{\"@type\":\"EntryPoint\",\"urlTemplate\":\"https:\\\/\\\/www.sinchisinchi.com\\\/es\\\/?s={search_term_string}\"},\"query-input\":{\"@type\":\"PropertyValueSpecification\",\"valueRequired\":true,\"valueName\":\"search_term_string\"}}],\"inLanguage\":\"es\"},{\"@type\":\"Organization\",\"@id\":\"https:\\\/\\\/www.sinchisinchi.com\\\/es\\\/#organization\",\"name\":\"SINCHI S.L\",\"url\":\"https:\\\/\\\/www.sinchisinchi.com\\\/es\\\/\",\"logo\":{\"@type\":\"ImageObject\",\"inLanguage\":\"es\",\"@id\":\"https:\\\/\\\/www.sinchisinchi.com\\\/es\\\/#\\\/schema\\\/logo\\\/image\\\/\",\"url\":\"https:\\\/\\\/www.sinchisinchi.com\\\/wp-content\\\/uploads\\\/2026\\\/01\\\/3b-Verde-SIMPLIFICADO-HORIZONTAL-F-TRANSPARENTE-scaled.png\",\"contentUrl\":\"https:\\\/\\\/www.sinchisinchi.com\\\/wp-content\\\/uploads\\\/2026\\\/01\\\/3b-Verde-SIMPLIFICADO-HORIZONTAL-F-TRANSPARENTE-scaled.png\",\"width\":2560,\"height\":457,\"caption\":\"SINCHI S.L\"},\"image\":{\"@id\":\"https:\\\/\\\/www.sinchisinchi.com\\\/es\\\/#\\\/schema\\\/logo\\\/image\\\/\"},\"sameAs\":[\"https:\\\/\\\/www.facebook.com\\\/sinchirape\\\/\",\"https:\\\/\\\/www.instagram.com\\\/sinchi_rape\\\/\"]}]}<\/script>\n<!-- \/ Yoast SEO plugin. -->","yoast_head_json":{"title":"Jab\u00f3n con Leche de Coco: Tienda Cham\u00e1nica","description":"Jab\u00f3n de leche de coco: se caracteriza por limpiar la piel desde adentro sin causar sequedad excesiva, proporcionando una piel suave, flexible y lisa.","robots":{"index":"index","follow":"follow","max-snippet":"max-snippet:-1","max-image-preview":"max-image-preview:large","max-video-preview":"max-video-preview:-1"},"canonical":"https:\/\/www.sinchisinchi.com\/es\/producto\/leche-de-coco\/","og_locale":"es_ES","og_type":"article","og_title":"Jab\u00f3n con Leche de Coco: Tienda Cham\u00e1nica","og_description":"Jab\u00f3n de leche de coco: se caracteriza por limpiar la piel desde adentro sin causar sequedad excesiva, proporcionando una piel suave, flexible y lisa.","og_url":"https:\/\/www.sinchisinchi.com\/es\/producto\/leche-de-coco\/","og_site_name":"SINCHI RAP\u00c9","article_publisher":"https:\/\/www.facebook.com\/sinchirape\/","article_modified_time":"2026-01-13T08:09:01+00:00","og_image":[{"width":1024,"height":1024,"url":"https:\/\/www.sinchisinchi.com\/wp-content\/uploads\/2024\/04\/14-leche-de-coco.jpeg","type":"image\/jpeg"}],"twitter_card":"summary_large_image","twitter_misc":{"Tiempo de lectura":"1 minuto"},"schema":{"@context":"https:\/\/schema.org","@graph":[{"@type":"WebPage","@id":"https:\/\/www.sinchisinchi.com\/es\/producto\/leche-de-coco\/","url":"https:\/\/www.sinchisinchi.com\/es\/producto\/leche-de-coco\/","name":"Jab\u00f3n con Leche de Coco: Tienda Cham\u00e1nica","isPartOf":{"@id":"https:\/\/www.sinchisinchi.com\/es\/#website"},"primaryImageOfPage":{"@id":"https:\/\/www.sinchisinchi.com\/es\/producto\/leche-de-coco\/#primaryimage"},"image":{"@id":"https:\/\/www.sinchisinchi.com\/es\/producto\/leche-de-coco\/#primaryimage"},"thumbnailUrl":"https:\/\/www.sinchisinchi.com\/wp-content\/uploads\/2024\/04\/14-leche-de-coco.jpeg","datePublished":"2024-04-22T12:13:48+00:00","dateModified":"2026-01-13T08:09:01+00:00","description":"Jab\u00f3n de leche de coco: se caracteriza por limpiar la piel desde adentro sin causar sequedad excesiva, proporcionando una piel suave, flexible y lisa.","breadcrumb":{"@id":"https:\/\/www.sinchisinchi.com\/es\/producto\/leche-de-coco\/#breadcrumb"},"inLanguage":"es","potentialAction":[{"@type":"ReadAction","target":["https:\/\/www.sinchisinchi.com\/es\/producto\/leche-de-coco\/"]}]},{"@type":"ImageObject","inLanguage":"es","@id":"https:\/\/www.sinchisinchi.com\/es\/producto\/leche-de-coco\/#primaryimage","url":"https:\/\/www.sinchisinchi.com\/wp-content\/uploads\/2024\/04\/14-leche-de-coco.jpeg","contentUrl":"https:\/\/www.sinchisinchi.com\/wp-content\/uploads\/2024\/04\/14-leche-de-coco.jpeg","width":1024,"height":1024},{"@type":"BreadcrumbList","@id":"https:\/\/www.sinchisinchi.com\/es\/producto\/leche-de-coco\/#breadcrumb","itemListElement":[{"@type":"ListItem","position":1,"name":"Prima pagina","item":"https:\/\/www.sinchisinchi.com\/es\/"},{"@type":"ListItem","position":2,"name":"Productos","item":"https:\/\/www.sinchisinchi.com\/es\/shop\/"},{"@type":"ListItem","position":3,"name":"Leche de Coco"}]},{"@type":"WebSite","@id":"https:\/\/www.sinchisinchi.com\/es\/#website","url":"https:\/\/www.sinchisinchi.com\/es\/","name":"SINCHI","description":"Sinchi Medicine","publisher":{"@id":"https:\/\/www.sinchisinchi.com\/es\/#organization"},"potentialAction":[{"@type":"SearchAction","target":{"@type":"EntryPoint","urlTemplate":"https:\/\/www.sinchisinchi.com\/es\/?s={search_term_string}"},"query-input":{"@type":"PropertyValueSpecification","valueRequired":true,"valueName":"search_term_string"}}],"inLanguage":"es"},{"@type":"Organization","@id":"https:\/\/www.sinchisinchi.com\/es\/#organization","name":"SINCHI S.L","url":"https:\/\/www.sinchisinchi.com\/es\/","logo":{"@type":"ImageObject","inLanguage":"es","@id":"https:\/\/www.sinchisinchi.com\/es\/#\/schema\/logo\/image\/","url":"https:\/\/www.sinchisinchi.com\/wp-content\/uploads\/2026\/01\/3b-Verde-SIMPLIFICADO-HORIZONTAL-F-TRANSPARENTE-scaled.png","contentUrl":"https:\/\/www.sinchisinchi.com\/wp-content\/uploads\/2026\/01\/3b-Verde-SIMPLIFICADO-HORIZONTAL-F-TRANSPARENTE-scaled.png","width":2560,"height":457,"caption":"SINCHI S.L"},"image":{"@id":"https:\/\/www.sinchisinchi.com\/es\/#\/schema\/logo\/image\/"},"sameAs":["https:\/\/www.facebook.com\/sinchirape\/","https:\/\/www.instagram.com\/sinchi_rape\/"]}]}},"_links":{"self":[{"href":"https:\/\/www.sinchisinchi.com\/es\/wp-json\/wp\/v2\/product\/13282","targetHints":{"allow":["GET"]}}],"collection":[{"href":"https:\/\/www.sinchisinchi.com\/es\/wp-json\/wp\/v2\/product"}],"about":[{"href":"https:\/\/www.sinchisinchi.com\/es\/wp-json\/wp\/v2\/types\/product"}],"wp:featuredmedia":[{"embeddable":true,"href":"https:\/\/www.sinchisinchi.com\/es\/wp-json\/wp\/v2\/media\/13283"}],"wp:attachment":[{"href":"https:\/\/www.sinchisinchi.com\/es\/wp-json\/wp\/v2\/media?parent=13282"}],"wp:term":[{"taxonomy":"product_brand","embeddable":true,"href":"https:\/\/www.sinchisinchi.com\/es\/wp-json\/wp\/v2\/product_brand?post=13282"},{"taxonomy":"product_cat","embeddable":true,"href":"https:\/\/www.sinchisinchi.com\/es\/wp-json\/wp\/v2\/product_cat?post=13282"},{"taxonomy":"product_tag","embeddable":true,"href":"https:\/\/www.sinchisinchi.com\/es\/wp-json\/wp\/v2\/product_tag?post=13282"}],"curies":[{"name":"wp","href":"https:\/\/api.w.org\/{rel}","templated":true}]}}