{"id":13296,"date":"2024-04-22T12:17:03","date_gmt":"2024-04-22T12:17:03","guid":{"rendered":"https:\/\/www.sinchisinchi.com\/?post_type=product&#038;p=13296"},"modified":"2026-01-13T08:08:41","modified_gmt":"2026-01-13T08:08:41","slug":"leche-de-burra","status":"publish","type":"product","link":"https:\/\/www.sinchisinchi.com\/es\/producto\/leche-de-burra\/","title":{"rendered":"Leche de Burra"},"content":{"rendered":"<p style=\"font-weight: 400;\"><span style=\"color: #000000;\">El primer autor en escribir sobre las propiedades medicinales de la leche de burra fue el medico griego <strong>Hip\u00f3crates,<\/strong> padre de la medicina, que la prescrib\u00eda para numerosas afecciones. (375 a.C.)<\/span><\/p>\n<p style=\"font-weight: 400;\"><span style=\"color: #000000;\">Los romanos hac\u00edan con la leche de burra una bebida de lujo, adem\u00e1s de productos cosm\u00e9ticos.<\/span><\/p>\n<p style=\"font-weight: 400;\"><span style=\"color: #000000;\">Las excelentes propiedades de la leche de burra fueron bien conocidas por <strong>Pope<\/strong>, Emperatriz de Roma y <strong>esposa de Ner\u00f3n<\/strong>, quien adem\u00e1s de darse ba\u00f1os de leche de burra, invent\u00f3 una mascarilla empapada en esta leche para el rostro, para cuidar y mantener la tersura de su piel.<\/span><\/p>\n<p style=\"font-weight: 400;\"><span style=\"color: #000000;\">La hermana de Napole\u00f3n, Paulina, tambi\u00e9n usaba leche de burra para cuidar y mantener su piel joven.<\/span><\/p>\n<p style=\"font-weight: 400;\"><span style=\"color: #000000;\">El jab\u00f3n de Marsella es apreciado por sus m\u00faltiples usos y beneficios. Sus propiedades hipoalerg\u00e9nicas y su suavidad lo hacen ideal para pieles sensibles y para el uso diario.<\/span><\/p>\n<p style=\"font-weight: 400;\"><span style=\"color: #000000;\">Tiene propiedades antis\u00e9pticas y cicatrizantes. Contribuye en mantener el pH de la piel en un nivel adecuado.<\/span><\/p>\n","protected":false},"excerpt":{"rendered":"<p style=\"font-weight: 400;\"><span style=\"color: #000000;\">El jab\u00f3n de leche de burra es un gran aliado de la piel y para tratamientos de belleza. La leche de burra es uno de los productos m\u00e1s cotizados para la belleza, debido a sus propiedades reconocidas desde tiempos remotos.<\/span><\/p>\n<p style=\"font-weight: 400;\"><span style=\"color: #000000;\"><strong>Cleopatra,<\/strong> al igual que otras reinas y princesas de las antiguas civilizaciones hac\u00edan ba\u00f1os con esta leche rica en nutrientes para mantener su piel joven y tersa. Seg\u00fan la leyenda, Cleopatra pose\u00eda una manada de <strong>300 burras<\/strong> destinadas a ese uso.<\/span><\/p>\n<p style=\"font-weight: 400;\"><span style=\"color: #000000;\">La leche de burra es rica en vitaminas A, B1, B2, B6, C, D, E y minerales, as\u00ed como \u00e1cidos grasos.<\/span><\/p>\n<p style=\"font-weight: 400;\"><span style=\"color: #000000;\">Es especialmente \u00fatil para el tratamiento de pieles secas y sensibles debido a sus propiedades hidratantes, y su riqueza en minerales como el calcio, f\u00f3sforo, hierro, zinc y magnesio. Fortalece el tejido d\u00e9rmico.<\/span><\/p>\n<p style=\"font-weight: 400;\"><span style=\"color: #000000;\">Ayuda a prevenir y disminuir las arrugas al estimular las c\u00e9lulas con su efecto regenerador y antioxidante. Gracias a su capacidad regeneradora y a que fortalece el crecimiento celular, es \u00fatil para eliminar marcas de la piel.<\/span><\/p>\n<p style=\"font-weight: 400;\"><span style=\"color: #000000;\">La leche de burra es la m\u00e1s cercana a la leche materna, muy diferente de la leche de los rumiantes que poseen varios est\u00f3magos y que, debido a su prolongado proceso digestivo de tres d\u00edas, oxidan los \u00e1cidos grasos y las vitaminas.<\/span><\/p>\n<p><span style=\"color: #000000;\"><strong>Tama\u00f1o:<\/strong> 125gr<\/span><\/p>\n","protected":false},"featured_media":13297,"template":"","meta":{"_joinchat":[]},"product_brand":[],"product_cat":[329],"product_tag":[],"class_list":{"0":"post-13296","1":"product","2":"type-product","3":"status-publish","4":"has-post-thumbnail","6":"product_cat-jabones","8":"first","9":"instock","10":"taxable","11":"shipping-taxable","12":"purchasable","13":"product-type-simple"},"yoast_head":"<!-- This site is optimized with the Yoast SEO plugin v27.4 - https:\/\/yoast.com\/product\/yoast-seo-wordpress\/ -->\n<title>Jab\u00f3n con Leche de Burra: Tienda Cham\u00e1nica<\/title>\n<meta name=\"description\" content=\"Jabon de Leche de Burra: Cleopatra hac\u00eda ba\u00f1os con esta leche para mantener su piel joven y tersa, y pose\u00eda una manada de 300 burras destinadas a ese uso.\" \/>\n<meta name=\"robots\" content=\"index, follow, max-snippet:-1, max-image-preview:large, max-video-preview:-1\" \/>\n<link rel=\"canonical\" href=\"https:\/\/www.sinchisinchi.com\/es\/producto\/leche-de-burra\/\" \/>\n<meta property=\"og:locale\" content=\"es_ES\" \/>\n<meta property=\"og:type\" content=\"article\" \/>\n<meta property=\"og:title\" content=\"Jab\u00f3n con Leche de Burra: Tienda Cham\u00e1nica\" \/>\n<meta property=\"og:description\" content=\"Jabon de Leche de Burra: Cleopatra hac\u00eda ba\u00f1os con esta leche para mantener su piel joven y tersa, y pose\u00eda una manada de 300 burras destinadas a ese uso.\" \/>\n<meta property=\"og:url\" content=\"https:\/\/www.sinchisinchi.com\/es\/producto\/leche-de-burra\/\" \/>\n<meta property=\"og:site_name\" content=\"SINCHI RAP\u00c9\" \/>\n<meta property=\"article:publisher\" content=\"https:\/\/www.facebook.com\/sinchirape\/\" \/>\n<meta property=\"article:modified_time\" content=\"2026-01-13T08:08:41+00:00\" \/>\n<meta property=\"og:image\" content=\"https:\/\/www.sinchisinchi.com\/wp-content\/uploads\/2024\/04\/16-leche-de-burra.jpeg\" \/>\n\t<meta property=\"og:image:width\" content=\"1024\" \/>\n\t<meta property=\"og:image:height\" content=\"1024\" \/>\n\t<meta property=\"og:image:type\" content=\"image\/jpeg\" \/>\n<meta name=\"twitter:card\" content=\"summary_large_image\" \/>\n<meta name=\"twitter:label1\" content=\"Tiempo de lectura\" \/>\n\t<meta name=\"twitter:data1\" content=\"1 minuto\" \/>\n<script type=\"application\/ld+json\" class=\"yoast-schema-graph\">{\"@context\":\"https:\\\/\\\/schema.org\",\"@graph\":[{\"@type\":\"WebPage\",\"@id\":\"https:\\\/\\\/www.sinchisinchi.com\\\/es\\\/producto\\\/leche-de-burra\\\/\",\"url\":\"https:\\\/\\\/www.sinchisinchi.com\\\/es\\\/producto\\\/leche-de-burra\\\/\",\"name\":\"Jab\u00f3n con Leche de Burra: Tienda Cham\u00e1nica\",\"isPartOf\":{\"@id\":\"https:\\\/\\\/www.sinchisinchi.com\\\/es\\\/#website\"},\"primaryImageOfPage\":{\"@id\":\"https:\\\/\\\/www.sinchisinchi.com\\\/es\\\/producto\\\/leche-de-burra\\\/#primaryimage\"},\"image\":{\"@id\":\"https:\\\/\\\/www.sinchisinchi.com\\\/es\\\/producto\\\/leche-de-burra\\\/#primaryimage\"},\"thumbnailUrl\":\"https:\\\/\\\/www.sinchisinchi.com\\\/wp-content\\\/uploads\\\/2024\\\/04\\\/16-leche-de-burra.jpeg\",\"datePublished\":\"2024-04-22T12:17:03+00:00\",\"dateModified\":\"2026-01-13T08:08:41+00:00\",\"description\":\"Jabon de Leche de Burra: Cleopatra hac\u00eda ba\u00f1os con esta leche para mantener su piel joven y tersa, y pose\u00eda una manada de 300 burras destinadas a ese uso.\",\"breadcrumb\":{\"@id\":\"https:\\\/\\\/www.sinchisinchi.com\\\/es\\\/producto\\\/leche-de-burra\\\/#breadcrumb\"},\"inLanguage\":\"es\",\"potentialAction\":[{\"@type\":\"ReadAction\",\"target\":[\"https:\\\/\\\/www.sinchisinchi.com\\\/es\\\/producto\\\/leche-de-burra\\\/\"]}]},{\"@type\":\"ImageObject\",\"inLanguage\":\"es\",\"@id\":\"https:\\\/\\\/www.sinchisinchi.com\\\/es\\\/producto\\\/leche-de-burra\\\/#primaryimage\",\"url\":\"https:\\\/\\\/www.sinchisinchi.com\\\/wp-content\\\/uploads\\\/2024\\\/04\\\/16-leche-de-burra.jpeg\",\"contentUrl\":\"https:\\\/\\\/www.sinchisinchi.com\\\/wp-content\\\/uploads\\\/2024\\\/04\\\/16-leche-de-burra.jpeg\",\"width\":1024,\"height\":1024},{\"@type\":\"BreadcrumbList\",\"@id\":\"https:\\\/\\\/www.sinchisinchi.com\\\/es\\\/producto\\\/leche-de-burra\\\/#breadcrumb\",\"itemListElement\":[{\"@type\":\"ListItem\",\"position\":1,\"name\":\"Prima pagina\",\"item\":\"https:\\\/\\\/www.sinchisinchi.com\\\/es\\\/\"},{\"@type\":\"ListItem\",\"position\":2,\"name\":\"Productos\",\"item\":\"https:\\\/\\\/www.sinchisinchi.com\\\/es\\\/shop\\\/\"},{\"@type\":\"ListItem\",\"position\":3,\"name\":\"Leche de Burra\"}]},{\"@type\":\"WebSite\",\"@id\":\"https:\\\/\\\/www.sinchisinchi.com\\\/es\\\/#website\",\"url\":\"https:\\\/\\\/www.sinchisinchi.com\\\/es\\\/\",\"name\":\"SINCHI\",\"description\":\"Sinchi Medicine\",\"publisher\":{\"@id\":\"https:\\\/\\\/www.sinchisinchi.com\\\/es\\\/#organization\"},\"potentialAction\":[{\"@type\":\"SearchAction\",\"target\":{\"@type\":\"EntryPoint\",\"urlTemplate\":\"https:\\\/\\\/www.sinchisinchi.com\\\/es\\\/?s={search_term_string}\"},\"query-input\":{\"@type\":\"PropertyValueSpecification\",\"valueRequired\":true,\"valueName\":\"search_term_string\"}}],\"inLanguage\":\"es\"},{\"@type\":\"Organization\",\"@id\":\"https:\\\/\\\/www.sinchisinchi.com\\\/es\\\/#organization\",\"name\":\"SINCHI S.L\",\"url\":\"https:\\\/\\\/www.sinchisinchi.com\\\/es\\\/\",\"logo\":{\"@type\":\"ImageObject\",\"inLanguage\":\"es\",\"@id\":\"https:\\\/\\\/www.sinchisinchi.com\\\/es\\\/#\\\/schema\\\/logo\\\/image\\\/\",\"url\":\"https:\\\/\\\/www.sinchisinchi.com\\\/wp-content\\\/uploads\\\/2026\\\/01\\\/3b-Verde-SIMPLIFICADO-HORIZONTAL-F-TRANSPARENTE-scaled.png\",\"contentUrl\":\"https:\\\/\\\/www.sinchisinchi.com\\\/wp-content\\\/uploads\\\/2026\\\/01\\\/3b-Verde-SIMPLIFICADO-HORIZONTAL-F-TRANSPARENTE-scaled.png\",\"width\":2560,\"height\":457,\"caption\":\"SINCHI S.L\"},\"image\":{\"@id\":\"https:\\\/\\\/www.sinchisinchi.com\\\/es\\\/#\\\/schema\\\/logo\\\/image\\\/\"},\"sameAs\":[\"https:\\\/\\\/www.facebook.com\\\/sinchirape\\\/\",\"https:\\\/\\\/www.instagram.com\\\/sinchi_rape\\\/\"]}]}<\/script>\n<!-- \/ Yoast SEO plugin. -->","yoast_head_json":{"title":"Jab\u00f3n con Leche de Burra: Tienda Cham\u00e1nica","description":"Jabon de Leche de Burra: Cleopatra hac\u00eda ba\u00f1os con esta leche para mantener su piel joven y tersa, y pose\u00eda una manada de 300 burras destinadas a ese uso.","robots":{"index":"index","follow":"follow","max-snippet":"max-snippet:-1","max-image-preview":"max-image-preview:large","max-video-preview":"max-video-preview:-1"},"canonical":"https:\/\/www.sinchisinchi.com\/es\/producto\/leche-de-burra\/","og_locale":"es_ES","og_type":"article","og_title":"Jab\u00f3n con Leche de Burra: Tienda Cham\u00e1nica","og_description":"Jabon de Leche de Burra: Cleopatra hac\u00eda ba\u00f1os con esta leche para mantener su piel joven y tersa, y pose\u00eda una manada de 300 burras destinadas a ese uso.","og_url":"https:\/\/www.sinchisinchi.com\/es\/producto\/leche-de-burra\/","og_site_name":"SINCHI RAP\u00c9","article_publisher":"https:\/\/www.facebook.com\/sinchirape\/","article_modified_time":"2026-01-13T08:08:41+00:00","og_image":[{"width":1024,"height":1024,"url":"https:\/\/www.sinchisinchi.com\/wp-content\/uploads\/2024\/04\/16-leche-de-burra.jpeg","type":"image\/jpeg"}],"twitter_card":"summary_large_image","twitter_misc":{"Tiempo de lectura":"1 minuto"},"schema":{"@context":"https:\/\/schema.org","@graph":[{"@type":"WebPage","@id":"https:\/\/www.sinchisinchi.com\/es\/producto\/leche-de-burra\/","url":"https:\/\/www.sinchisinchi.com\/es\/producto\/leche-de-burra\/","name":"Jab\u00f3n con Leche de Burra: Tienda Cham\u00e1nica","isPartOf":{"@id":"https:\/\/www.sinchisinchi.com\/es\/#website"},"primaryImageOfPage":{"@id":"https:\/\/www.sinchisinchi.com\/es\/producto\/leche-de-burra\/#primaryimage"},"image":{"@id":"https:\/\/www.sinchisinchi.com\/es\/producto\/leche-de-burra\/#primaryimage"},"thumbnailUrl":"https:\/\/www.sinchisinchi.com\/wp-content\/uploads\/2024\/04\/16-leche-de-burra.jpeg","datePublished":"2024-04-22T12:17:03+00:00","dateModified":"2026-01-13T08:08:41+00:00","description":"Jabon de Leche de Burra: Cleopatra hac\u00eda ba\u00f1os con esta leche para mantener su piel joven y tersa, y pose\u00eda una manada de 300 burras destinadas a ese uso.","breadcrumb":{"@id":"https:\/\/www.sinchisinchi.com\/es\/producto\/leche-de-burra\/#breadcrumb"},"inLanguage":"es","potentialAction":[{"@type":"ReadAction","target":["https:\/\/www.sinchisinchi.com\/es\/producto\/leche-de-burra\/"]}]},{"@type":"ImageObject","inLanguage":"es","@id":"https:\/\/www.sinchisinchi.com\/es\/producto\/leche-de-burra\/#primaryimage","url":"https:\/\/www.sinchisinchi.com\/wp-content\/uploads\/2024\/04\/16-leche-de-burra.jpeg","contentUrl":"https:\/\/www.sinchisinchi.com\/wp-content\/uploads\/2024\/04\/16-leche-de-burra.jpeg","width":1024,"height":1024},{"@type":"BreadcrumbList","@id":"https:\/\/www.sinchisinchi.com\/es\/producto\/leche-de-burra\/#breadcrumb","itemListElement":[{"@type":"ListItem","position":1,"name":"Prima pagina","item":"https:\/\/www.sinchisinchi.com\/es\/"},{"@type":"ListItem","position":2,"name":"Productos","item":"https:\/\/www.sinchisinchi.com\/es\/shop\/"},{"@type":"ListItem","position":3,"name":"Leche de Burra"}]},{"@type":"WebSite","@id":"https:\/\/www.sinchisinchi.com\/es\/#website","url":"https:\/\/www.sinchisinchi.com\/es\/","name":"SINCHI","description":"Sinchi Medicine","publisher":{"@id":"https:\/\/www.sinchisinchi.com\/es\/#organization"},"potentialAction":[{"@type":"SearchAction","target":{"@type":"EntryPoint","urlTemplate":"https:\/\/www.sinchisinchi.com\/es\/?s={search_term_string}"},"query-input":{"@type":"PropertyValueSpecification","valueRequired":true,"valueName":"search_term_string"}}],"inLanguage":"es"},{"@type":"Organization","@id":"https:\/\/www.sinchisinchi.com\/es\/#organization","name":"SINCHI S.L","url":"https:\/\/www.sinchisinchi.com\/es\/","logo":{"@type":"ImageObject","inLanguage":"es","@id":"https:\/\/www.sinchisinchi.com\/es\/#\/schema\/logo\/image\/","url":"https:\/\/www.sinchisinchi.com\/wp-content\/uploads\/2026\/01\/3b-Verde-SIMPLIFICADO-HORIZONTAL-F-TRANSPARENTE-scaled.png","contentUrl":"https:\/\/www.sinchisinchi.com\/wp-content\/uploads\/2026\/01\/3b-Verde-SIMPLIFICADO-HORIZONTAL-F-TRANSPARENTE-scaled.png","width":2560,"height":457,"caption":"SINCHI S.L"},"image":{"@id":"https:\/\/www.sinchisinchi.com\/es\/#\/schema\/logo\/image\/"},"sameAs":["https:\/\/www.facebook.com\/sinchirape\/","https:\/\/www.instagram.com\/sinchi_rape\/"]}]}},"_links":{"self":[{"href":"https:\/\/www.sinchisinchi.com\/es\/wp-json\/wp\/v2\/product\/13296","targetHints":{"allow":["GET"]}}],"collection":[{"href":"https:\/\/www.sinchisinchi.com\/es\/wp-json\/wp\/v2\/product"}],"about":[{"href":"https:\/\/www.sinchisinchi.com\/es\/wp-json\/wp\/v2\/types\/product"}],"wp:featuredmedia":[{"embeddable":true,"href":"https:\/\/www.sinchisinchi.com\/es\/wp-json\/wp\/v2\/media\/13297"}],"wp:attachment":[{"href":"https:\/\/www.sinchisinchi.com\/es\/wp-json\/wp\/v2\/media?parent=13296"}],"wp:term":[{"taxonomy":"product_brand","embeddable":true,"href":"https:\/\/www.sinchisinchi.com\/es\/wp-json\/wp\/v2\/product_brand?post=13296"},{"taxonomy":"product_cat","embeddable":true,"href":"https:\/\/www.sinchisinchi.com\/es\/wp-json\/wp\/v2\/product_cat?post=13296"},{"taxonomy":"product_tag","embeddable":true,"href":"https:\/\/www.sinchisinchi.com\/es\/wp-json\/wp\/v2\/product_tag?post=13296"}],"curies":[{"name":"wp","href":"https:\/\/api.w.org\/{rel}","templated":true}]}}