{"id":13419,"date":"2024-04-23T09:29:08","date_gmt":"2024-04-23T09:29:08","guid":{"rendered":"https:\/\/www.sinchisinchi.com\/?post_type=product&#038;p=13419"},"modified":"2026-01-13T08:08:16","modified_gmt":"2026-01-13T08:08:16","slug":"mapacho-arapiraca","status":"publish","type":"product","link":"https:\/\/www.sinchisinchi.com\/es\/producto\/mapacho-arapiraca\/","title":{"rendered":"Mapacho Arapiraca"},"content":{"rendered":"<h3 style=\"font-weight: 400; text-align: center;\"><span style=\"color: #000000;\">Almacenamiento del Mapacho<\/span><\/h3>\n<p style=\"font-weight: 400;\"><span style=\"color: #000000;\">\u00a0<\/span><span style=\"color: #000000;\">El mapacho se puede conservar durante muchos meses si est\u00e1 envasado al vac\u00edo, sin abrir. Una vez abierto, se debe guardar en un envoltorio de papel. Cuando el exterior se vuelve quebradizo con el tiempo, puede rociar el exterior con agua destilada, de modo que el material absorber\u00e1 lentamente el agua y la capa exterior volver\u00e1 a estar fresca. Embala el Mapacho humidificado en una bolsa de pl\u00e1stico durante uno o dos d\u00edas como m\u00e1ximo. Luego cons\u00e9rvalo nuevamente en papel seco.<\/span><\/p>\n<p style=\"font-weight: 400;\"><span style=\"color: #000000;\">El Mapacho no se puede almacenar en una bolsa de pl\u00e1stico si no est\u00e1 envasado al vac\u00edo, ya que esto puede causar que se forme moho. Gu\u00e1rdalo en papel, en un lugar fresco y seco.<\/span><\/p>\n","protected":false},"excerpt":{"rendered":"<p style=\"font-weight: 400;\"><span style=\"color: #000000;\">En el hermoso y r\u00fastico noreste de Brasil se encuentra un pueblo llamado Arapiraca, capital del estado de Alagoas, el principal productor brasile\u00f1o Mapacho.<\/span><\/p>\n<p style=\"font-weight: 400;\"><span style=\"color: #000000;\">En el Nordeste brasile\u00f1o, este Mapacho se cultiva desde la \u00e9poca de las grandes plantaciones y del comercio internacional transportado por galeones, hace cientos de a\u00f1os. Hoy en d\u00eda todav\u00eda es utilizado por comunidades rurales tradicionales y en ceremonias religiosas. Los antiguos campesinos lo fuman en pipas o envuelto en hojas de ma\u00edz.<\/span><\/p>\n<p style=\"font-weight: 400;\"><span style=\"color: #000000;\">El Mapacho Arapiraca es producido de forma totalmente natural y se procesa y enrolla manualmente en grandes rollos. Mientras que el mapacho peruano y amaz\u00f3nico se enrolla en palos, la arapiraca se golpea con cuerdas de m\u00faltiples hebras, al igual que una cuerda de lino normal. Tiene un aroma profundo y agradable, y su color es negro e intenso.<\/span><\/p>\n<p><span style=\"color: #000000;\">Regi\u00f3n de origen: Arapiraca, Brasil<\/span><\/p>\n","protected":false},"featured_media":13420,"template":"","meta":{"_joinchat":[]},"product_brand":[],"product_cat":[302],"product_tag":[],"class_list":{"0":"post-13419","1":"product","2":"type-product","3":"status-publish","4":"has-post-thumbnail","6":"product_cat-mapacho-roll","8":"first","9":"instock","10":"taxable","11":"shipping-taxable","12":"purchasable","13":"product-type-variable","14":"has-default-attributes"},"yoast_head":"<!-- This site is optimized with the Yoast SEO plugin v27.1.1 - https:\/\/yoast.com\/product\/yoast-seo-wordpress\/ -->\n<title>TIENDA SINCHI: Brazo de Mapacho Arapiraca de Brasil<\/title>\n<meta name=\"description\" content=\"El Mapacho Arapiraca es producido de forma totalmente natural y se procesa y enrolla manualmente en rollos, es un Mapacho Amaz\u00f3nico.\" \/>\n<meta name=\"robots\" content=\"index, follow, max-snippet:-1, max-image-preview:large, max-video-preview:-1\" \/>\n<link rel=\"canonical\" href=\"https:\/\/www.sinchisinchi.com\/es\/producto\/mapacho-arapiraca\/\" \/>\n<meta property=\"og:locale\" content=\"es_ES\" \/>\n<meta property=\"og:type\" content=\"article\" \/>\n<meta property=\"og:title\" content=\"TIENDA SINCHI: Brazo de Mapacho Arapiraca de Brasil\" \/>\n<meta property=\"og:description\" content=\"El Mapacho Arapiraca es producido de forma totalmente natural y se procesa y enrolla manualmente en rollos, es un Mapacho Amaz\u00f3nico.\" \/>\n<meta property=\"og:url\" content=\"https:\/\/www.sinchisinchi.com\/es\/producto\/mapacho-arapiraca\/\" \/>\n<meta property=\"og:site_name\" content=\"SINCHI RAP\u00c9\" \/>\n<meta property=\"article:publisher\" content=\"https:\/\/www.facebook.com\/sinchirape\/\" \/>\n<meta property=\"article:modified_time\" content=\"2026-01-13T08:08:16+00:00\" \/>\n<meta property=\"og:image\" content=\"https:\/\/www.sinchisinchi.com\/wp-content\/uploads\/2024\/04\/Arapiraca-Mapacho.jpg\" \/>\n\t<meta property=\"og:image:width\" content=\"900\" \/>\n\t<meta property=\"og:image:height\" content=\"900\" \/>\n\t<meta property=\"og:image:type\" content=\"image\/jpeg\" \/>\n<meta name=\"twitter:card\" content=\"summary_large_image\" \/>\n<meta name=\"twitter:label1\" content=\"Tiempo de lectura\" \/>\n\t<meta name=\"twitter:data1\" content=\"1 minuto\" \/>\n<script type=\"application\/ld+json\" class=\"yoast-schema-graph\">{\"@context\":\"https:\/\/schema.org\",\"@graph\":[{\"@type\":\"WebPage\",\"@id\":\"https:\/\/www.sinchisinchi.com\/es\/producto\/mapacho-arapiraca\/\",\"url\":\"https:\/\/www.sinchisinchi.com\/es\/producto\/mapacho-arapiraca\/\",\"name\":\"TIENDA SINCHI: Brazo de Mapacho Arapiraca de Brasil\",\"isPartOf\":{\"@id\":\"https:\/\/www.sinchisinchi.com\/es\/#website\"},\"primaryImageOfPage\":{\"@id\":\"https:\/\/www.sinchisinchi.com\/es\/producto\/mapacho-arapiraca\/#primaryimage\"},\"image\":{\"@id\":\"https:\/\/www.sinchisinchi.com\/es\/producto\/mapacho-arapiraca\/#primaryimage\"},\"thumbnailUrl\":\"https:\/\/www.sinchisinchi.com\/wp-content\/uploads\/2024\/04\/Arapiraca-Mapacho.jpg\",\"datePublished\":\"2024-04-23T09:29:08+00:00\",\"dateModified\":\"2026-01-13T08:08:16+00:00\",\"description\":\"El Mapacho Arapiraca es producido de forma totalmente natural y se procesa y enrolla manualmente en rollos, es un Mapacho Amaz\u00f3nico.\",\"breadcrumb\":{\"@id\":\"https:\/\/www.sinchisinchi.com\/es\/producto\/mapacho-arapiraca\/#breadcrumb\"},\"inLanguage\":\"es\",\"potentialAction\":[{\"@type\":\"ReadAction\",\"target\":[\"https:\/\/www.sinchisinchi.com\/es\/producto\/mapacho-arapiraca\/\"]}]},{\"@type\":\"ImageObject\",\"inLanguage\":\"es\",\"@id\":\"https:\/\/www.sinchisinchi.com\/es\/producto\/mapacho-arapiraca\/#primaryimage\",\"url\":\"https:\/\/www.sinchisinchi.com\/wp-content\/uploads\/2024\/04\/Arapiraca-Mapacho.jpg\",\"contentUrl\":\"https:\/\/www.sinchisinchi.com\/wp-content\/uploads\/2024\/04\/Arapiraca-Mapacho.jpg\",\"width\":900,\"height\":900},{\"@type\":\"BreadcrumbList\",\"@id\":\"https:\/\/www.sinchisinchi.com\/es\/producto\/mapacho-arapiraca\/#breadcrumb\",\"itemListElement\":[{\"@type\":\"ListItem\",\"position\":1,\"name\":\"Prima pagina\",\"item\":\"https:\/\/www.sinchisinchi.com\/es\/\"},{\"@type\":\"ListItem\",\"position\":2,\"name\":\"Productos\",\"item\":\"https:\/\/www.sinchisinchi.com\/es\/shop\/\"},{\"@type\":\"ListItem\",\"position\":3,\"name\":\"Mapacho Arapiraca\"}]},{\"@type\":\"WebSite\",\"@id\":\"https:\/\/www.sinchisinchi.com\/es\/#website\",\"url\":\"https:\/\/www.sinchisinchi.com\/es\/\",\"name\":\"SINCHI\",\"description\":\"Sinchi Medicine\",\"publisher\":{\"@id\":\"https:\/\/www.sinchisinchi.com\/es\/#organization\"},\"potentialAction\":[{\"@type\":\"SearchAction\",\"target\":{\"@type\":\"EntryPoint\",\"urlTemplate\":\"https:\/\/www.sinchisinchi.com\/es\/?s={search_term_string}\"},\"query-input\":{\"@type\":\"PropertyValueSpecification\",\"valueRequired\":true,\"valueName\":\"search_term_string\"}}],\"inLanguage\":\"es\"},{\"@type\":\"Organization\",\"@id\":\"https:\/\/www.sinchisinchi.com\/es\/#organization\",\"name\":\"SINCHI S.L\",\"url\":\"https:\/\/www.sinchisinchi.com\/es\/\",\"logo\":{\"@type\":\"ImageObject\",\"inLanguage\":\"es\",\"@id\":\"https:\/\/www.sinchisinchi.com\/es\/#\/schema\/logo\/image\/\",\"url\":\"https:\/\/www.sinchisinchi.com\/wp-content\/uploads\/2026\/01\/3b-Verde-SIMPLIFICADO-HORIZONTAL-F-TRANSPARENTE-scaled.png\",\"contentUrl\":\"https:\/\/www.sinchisinchi.com\/wp-content\/uploads\/2026\/01\/3b-Verde-SIMPLIFICADO-HORIZONTAL-F-TRANSPARENTE-scaled.png\",\"width\":2560,\"height\":457,\"caption\":\"SINCHI S.L\"},\"image\":{\"@id\":\"https:\/\/www.sinchisinchi.com\/es\/#\/schema\/logo\/image\/\"},\"sameAs\":[\"https:\/\/www.facebook.com\/sinchirape\/\",\"https:\/\/www.instagram.com\/sinchi_rape\/\"]}]}<\/script>\n<!-- \/ Yoast SEO plugin. -->","yoast_head_json":{"title":"TIENDA SINCHI: Brazo de Mapacho Arapiraca de Brasil","description":"El Mapacho Arapiraca es producido de forma totalmente natural y se procesa y enrolla manualmente en rollos, es un Mapacho Amaz\u00f3nico.","robots":{"index":"index","follow":"follow","max-snippet":"max-snippet:-1","max-image-preview":"max-image-preview:large","max-video-preview":"max-video-preview:-1"},"canonical":"https:\/\/www.sinchisinchi.com\/es\/producto\/mapacho-arapiraca\/","og_locale":"es_ES","og_type":"article","og_title":"TIENDA SINCHI: Brazo de Mapacho Arapiraca de Brasil","og_description":"El Mapacho Arapiraca es producido de forma totalmente natural y se procesa y enrolla manualmente en rollos, es un Mapacho Amaz\u00f3nico.","og_url":"https:\/\/www.sinchisinchi.com\/es\/producto\/mapacho-arapiraca\/","og_site_name":"SINCHI RAP\u00c9","article_publisher":"https:\/\/www.facebook.com\/sinchirape\/","article_modified_time":"2026-01-13T08:08:16+00:00","og_image":[{"width":900,"height":900,"url":"https:\/\/www.sinchisinchi.com\/wp-content\/uploads\/2024\/04\/Arapiraca-Mapacho.jpg","type":"image\/jpeg"}],"twitter_card":"summary_large_image","twitter_misc":{"Tiempo de lectura":"1 minuto"},"schema":{"@context":"https:\/\/schema.org","@graph":[{"@type":"WebPage","@id":"https:\/\/www.sinchisinchi.com\/es\/producto\/mapacho-arapiraca\/","url":"https:\/\/www.sinchisinchi.com\/es\/producto\/mapacho-arapiraca\/","name":"TIENDA SINCHI: Brazo de Mapacho Arapiraca de Brasil","isPartOf":{"@id":"https:\/\/www.sinchisinchi.com\/es\/#website"},"primaryImageOfPage":{"@id":"https:\/\/www.sinchisinchi.com\/es\/producto\/mapacho-arapiraca\/#primaryimage"},"image":{"@id":"https:\/\/www.sinchisinchi.com\/es\/producto\/mapacho-arapiraca\/#primaryimage"},"thumbnailUrl":"https:\/\/www.sinchisinchi.com\/wp-content\/uploads\/2024\/04\/Arapiraca-Mapacho.jpg","datePublished":"2024-04-23T09:29:08+00:00","dateModified":"2026-01-13T08:08:16+00:00","description":"El Mapacho Arapiraca es producido de forma totalmente natural y se procesa y enrolla manualmente en rollos, es un Mapacho Amaz\u00f3nico.","breadcrumb":{"@id":"https:\/\/www.sinchisinchi.com\/es\/producto\/mapacho-arapiraca\/#breadcrumb"},"inLanguage":"es","potentialAction":[{"@type":"ReadAction","target":["https:\/\/www.sinchisinchi.com\/es\/producto\/mapacho-arapiraca\/"]}]},{"@type":"ImageObject","inLanguage":"es","@id":"https:\/\/www.sinchisinchi.com\/es\/producto\/mapacho-arapiraca\/#primaryimage","url":"https:\/\/www.sinchisinchi.com\/wp-content\/uploads\/2024\/04\/Arapiraca-Mapacho.jpg","contentUrl":"https:\/\/www.sinchisinchi.com\/wp-content\/uploads\/2024\/04\/Arapiraca-Mapacho.jpg","width":900,"height":900},{"@type":"BreadcrumbList","@id":"https:\/\/www.sinchisinchi.com\/es\/producto\/mapacho-arapiraca\/#breadcrumb","itemListElement":[{"@type":"ListItem","position":1,"name":"Prima pagina","item":"https:\/\/www.sinchisinchi.com\/es\/"},{"@type":"ListItem","position":2,"name":"Productos","item":"https:\/\/www.sinchisinchi.com\/es\/shop\/"},{"@type":"ListItem","position":3,"name":"Mapacho Arapiraca"}]},{"@type":"WebSite","@id":"https:\/\/www.sinchisinchi.com\/es\/#website","url":"https:\/\/www.sinchisinchi.com\/es\/","name":"SINCHI","description":"Sinchi Medicine","publisher":{"@id":"https:\/\/www.sinchisinchi.com\/es\/#organization"},"potentialAction":[{"@type":"SearchAction","target":{"@type":"EntryPoint","urlTemplate":"https:\/\/www.sinchisinchi.com\/es\/?s={search_term_string}"},"query-input":{"@type":"PropertyValueSpecification","valueRequired":true,"valueName":"search_term_string"}}],"inLanguage":"es"},{"@type":"Organization","@id":"https:\/\/www.sinchisinchi.com\/es\/#organization","name":"SINCHI S.L","url":"https:\/\/www.sinchisinchi.com\/es\/","logo":{"@type":"ImageObject","inLanguage":"es","@id":"https:\/\/www.sinchisinchi.com\/es\/#\/schema\/logo\/image\/","url":"https:\/\/www.sinchisinchi.com\/wp-content\/uploads\/2026\/01\/3b-Verde-SIMPLIFICADO-HORIZONTAL-F-TRANSPARENTE-scaled.png","contentUrl":"https:\/\/www.sinchisinchi.com\/wp-content\/uploads\/2026\/01\/3b-Verde-SIMPLIFICADO-HORIZONTAL-F-TRANSPARENTE-scaled.png","width":2560,"height":457,"caption":"SINCHI S.L"},"image":{"@id":"https:\/\/www.sinchisinchi.com\/es\/#\/schema\/logo\/image\/"},"sameAs":["https:\/\/www.facebook.com\/sinchirape\/","https:\/\/www.instagram.com\/sinchi_rape\/"]}]}},"_links":{"self":[{"href":"https:\/\/www.sinchisinchi.com\/es\/wp-json\/wp\/v2\/product\/13419","targetHints":{"allow":["GET"]}}],"collection":[{"href":"https:\/\/www.sinchisinchi.com\/es\/wp-json\/wp\/v2\/product"}],"about":[{"href":"https:\/\/www.sinchisinchi.com\/es\/wp-json\/wp\/v2\/types\/product"}],"wp:featuredmedia":[{"embeddable":true,"href":"https:\/\/www.sinchisinchi.com\/es\/wp-json\/wp\/v2\/media\/13420"}],"wp:attachment":[{"href":"https:\/\/www.sinchisinchi.com\/es\/wp-json\/wp\/v2\/media?parent=13419"}],"wp:term":[{"taxonomy":"product_brand","embeddable":true,"href":"https:\/\/www.sinchisinchi.com\/es\/wp-json\/wp\/v2\/product_brand?post=13419"},{"taxonomy":"product_cat","embeddable":true,"href":"https:\/\/www.sinchisinchi.com\/es\/wp-json\/wp\/v2\/product_cat?post=13419"},{"taxonomy":"product_tag","embeddable":true,"href":"https:\/\/www.sinchisinchi.com\/es\/wp-json\/wp\/v2\/product_tag?post=13419"}],"curies":[{"name":"wp","href":"https:\/\/api.w.org\/{rel}","templated":true}]}}