{"id":13633,"date":"2024-04-24T11:25:31","date_gmt":"2024-04-24T11:25:31","guid":{"rendered":"https:\/\/www.sinchisinchi.com\/?post_type=product&#038;p=13633"},"modified":"2026-01-13T08:07:32","modified_gmt":"2026-01-13T08:07:32","slug":"resina-copal-blanco","status":"publish","type":"product","link":"https:\/\/www.sinchisinchi.com\/es\/producto\/resina-copal-blanco\/","title":{"rendered":"Copal Blanco"},"content":{"rendered":"<h2 style=\"font-weight: 400; text-align: center;\"><span style=\"color: #000000;\"><strong>Uso esot\u00e9rico del Copal<\/strong><\/span><\/h2>\n<p style=\"font-weight: 400;\"><span style=\"color: #000000;\">Quemado como incienso, purifica el ambiente, eleva el esp\u00edritu, brinda protecci\u00f3n espiritual y honra a los antepasados, alejando las energ\u00edas negativas y creando un ambiente armonioso.\u00a0<\/span><\/p>\n<p style=\"font-weight: 400;\"><span style=\"color: #000000;\">El copal tambi\u00e9n se utiliza en la fabricaci\u00f3n de tinturas y ung\u00fcentos en la medicina tradicional para tratar diversas afecciones de salud como dolores de cabeza, infecciones respiratorias y problemas de la piel.<\/span><\/p>\n<p style=\"font-weight: 400;\"><span style=\"color: #000000;\">El copal blanco de M\u00e9xico es valorado por sus propiedades arom\u00e1ticas y se utiliza a menudo en perfumer\u00eda y productos de belleza naturales. La resina tiene un aroma suave y bals\u00e1mico y, a menudo, se agrega a aceites esenciales, cremas y otros productos de cuidado personal.<\/span><\/p>\n<h3 style=\"font-weight: 400; text-align: center;\"><span style=\"color: #000000;\"><strong>El \u00e1rbol del Copal<\/strong><\/span><\/h3>\n<p style=\"font-weight: 400;\"><span style=\"color: #000000;\">El tipo de Copal m\u00e1s com\u00fan y conocido es el proveniente de los \u00e1rboles de la <strong>familia Burseraceae:<\/strong> <em>Bursera aloexylon, B. graveolens\u00a0 y \u00a0B. jorullensis,<\/em> aunque tambi\u00e9n se extrae de algunas especies de la familia Protium.<\/span><\/p>\n<p style=\"font-weight: 400;\"><span style=\"color: #000000;\"><strong>Bursera<\/strong> es un g\u00e9nero formado por casi cien especies que se encuentran en toda la Rep\u00fablica Mexicana. Entre las especies de Bursera, <em>B. bipinnata<\/em> es la que tiene m\u00e1s amplia distribuci\u00f3n geogr\u00e1fica en M\u00e9xico: se le encuentra desde el sur de Sonora hasta Honduras y s\u00f3lo est\u00e1 ausente en la pen\u00ednsula de Yucat\u00e1n.<\/span><\/p>\n<p style=\"font-weight: 400;\"><span style=\"color: #000000;\">Bursera, <em>B. bipinnata<\/em> es la especie usualmente empleada para obtener el copal blanco, la resina arom\u00e1tica m\u00e1s apreciada y de mayor calidad comercial; pero tambi\u00e9n para la resina que liberan estos \u00e1rboles liberan de forma natural, el conocido como copal de piedra, copal negro, o goma de copal.<\/span><\/p>\n<p style=\"font-weight: 400;\"><span style=\"color: #000000;\">Bursera, <em>B. bipinnata<\/em> es un \u00e1rbol bajo, de corteza gris\u00e1cea y muy ramificado, su altura media es de seis metros, habita en lugares escarpados y forma parte de la transici\u00f3n entre los bosques de pinos y encinos y las selvas bajas caducifolias.<\/span><\/p>\n<p style=\"font-weight: 400;\"><span style=\"color: #000000;\">Se halla en lugares de entre 800 y 1 600 m de altitud, con clima por lo general c\u00e1lido subh\u00famedo o seco. En estos lugares, se da una sequ\u00eda muy fuerte durante m\u00e1s de cuatro meses al a\u00f1o, lo que hace que los \u00e1rboles tiren todas sus hojas y luego con las lluvias reverdezcan.<\/span><\/p>\n<p style=\"font-weight: 400;\"><span style=\"color: #000000;\">La mayor\u00eda de los copales produce flores al principio de la temporada de lluvias, hacia fines de mayo y principios de junio. La floraci\u00f3n es r\u00e1pida y hacia finales de junio ya hay frutos verdes. En M\u00e9xico, estados que tienen una mayor cantidad de tipos distintos de burseras son Guerrero, Michoac\u00e1n y Oaxaca.\u00a0<\/span><\/p>\n<h3 style=\"font-weight: 400; text-align: center;\"><span style=\"color: #000000;\"><strong>Extracci\u00f3n del copal<\/strong><\/span><\/h3>\n<p style=\"font-weight: 400;\"><span style=\"color: #000000;\">La resina de copal se extrae en la \u00e9poca lluviosa del a\u00f1o (de julio a octubre) por los copaleros, campesinos especializados, con el fin de disponer de la resina para las fiestas de los muertos en noviembre, que se celebra en muchos hogares mexicanos.\u00a0<\/span><\/p>\n<p style=\"font-weight: 400;\"><span style=\"color: #000000;\">Los campesinos y copaleros de Jolalpan (Puebla), por ejemplo, extraen la resina de copal haciendo cortes o rayas con una peque\u00f1a cuchilla sobre la corteza de las ramas m\u00e1s gruesas de los \u00e1rboles de copal, y la resina que fluye de esos cortes es dirigida hacia recipientes que penden amarrados de cada una de las ramas del \u00e1rbol.<\/span><\/p>\n<p style=\"font-weight: 400;\"><span style=\"color: #000000;\">Los copaleros, a fin de evitar da\u00f1ar del \u00e1rbol, realizan los cortes cada tercer d\u00eda.\u00a0 Seg\u00fan el copal se va depositando en el recipiente, se va limpiando de restos de hojas y otras impurezas; cuanto m\u00e1s puro y limpio es, mayor es su valor.<\/span><\/p>\n<p style=\"font-weight: 400;\"><span style=\"color: #000000;\">Para la cosecha del copal blanco, en numerosas ocasiones, los copaleros se internan en los montes con toda su familia durante semanas enteras. Regresan del monte cerca del 15 de octubre, ya que el d\u00eda 18, comercializan el copal con motivo de la fiesta de San Lucas en Tzicatl\u00e1n (Puebla), ya que acuden los mayoristas a comprar el copal blanco y a trav\u00e9s de ellos se logra la distribuci\u00f3n anual a gran parte de M\u00e9xico.<\/span><\/p>\n<p style=\"font-weight: 400;\"><span style=\"color: #000000;\">El tipo de resina a la que llaman copal de piedra, negro o de \u00e1rbol es aquella que los \u00e1rboles de copal segregan de forma natural. Adem\u00e1s del copal blanco y el gris, <strong>los copaleros recuperan <\/strong>fragmentos laminares de corteza, a manera de astillas, impregnados con resina de copal.\u00a0<\/span><\/p>\n<p style=\"font-weight: 400;\"><span style=\"color: #000000;\">Otro tipo de copal de Bursera bipinnata es el tecopal, una estructura peque\u00f1a, redondeada, muy compacta y configurada de manera natural, con piedras de hormiguero amalgamadas con resina de copal. Es un producto especialmente terap\u00e9utico y de valor igual o superior al de copal blanco.<\/span><\/p>\n","protected":false},"excerpt":{"rendered":"<p style=\"font-weight: 400;\"><span style=\"color: #000000;\">El Copal Blanco de M\u00e9xico es una resina arom\u00e1tica producida por \u00e1rboles del g\u00e9nero Bursera, nativos de M\u00e9xico y otras partes de Centroam\u00e9rica. Esta resina ha sido utilizada desde hace miles de a\u00f1os por las culturas ind\u00edgenas de la regi\u00f3n en pr\u00e1cticas espirituales.<\/span><\/p>\n<p style=\"font-weight: 400;\"><span style=\"color: #000000;\">En M\u00e9xico y algunos pa\u00edses de Centroam\u00e9rica se conoce como <strong>copal<\/strong> (del N\u00e1huatl, <strong>copalli,\u200b <\/strong>que significaba resina o incienso\u200b)<strong>.<\/strong><\/span><\/p>\n<p style=\"font-weight: 400;\"><span style=\"color: #000000;\">El Copal Blanco se utiliza en ceremonias y tambi\u00e9n para la limpieza energ\u00e9tica de personas, lugares y objetos.<\/span><\/p>\n<p style=\"font-weight: 400;\"><span style=\"color: #000000;\">El copal blanco es el m\u00e1s limpio y valioso de todos. Cuando se quema, emite un aroma distintivo y acogedor con notas resinosas, dulces y ligeramente c\u00edtricas.<\/span><\/p>\n<p style=\"font-weight: 400;\"><span style=\"color: #000000;\">Para las culturas nativas Amaz\u00f3nicas, el humo del copal se considera un canal para conectar y comunicarse con lo divino, purificar el esp\u00edritu y limpiar energ\u00edas negativas.<\/span><\/p>\n<p style=\"font-weight: 400;\"><span style=\"color: #000000;\"><strong>Modo de empleo:<\/strong> Encender un carb\u00f3n y echar un poco de resina sobre las brasas. La resina se derretir\u00e1 liberando su fragancia en el aire durante varios minutos.<\/span><\/p>\n<p><span style=\"color: #000000;\"><strong>Tama\u00f1o:<\/strong> 50gr<\/span><\/p>\n","protected":false},"featured_media":15757,"template":"","meta":{"_joinchat":[]},"product_brand":[],"product_cat":[327,38],"product_tag":[],"class_list":{"0":"post-13633","1":"product","2":"type-product","3":"status-publish","4":"has-post-thumbnail","6":"product_cat-copal","7":"product_cat-resins","9":"first","10":"instock","11":"taxable","12":"shipping-taxable","13":"purchasable","14":"product-type-simple"},"yoast_head":"<!-- This site is optimized with the Yoast SEO plugin v27.1.1 - https:\/\/yoast.com\/product\/yoast-seo-wordpress\/ -->\n<title>Copal Blanco de M\u00e9xico: Tienda de resinas Amaz\u00f3nicas Online<\/title>\n<meta name=\"description\" content=\"El copal blanco es el m\u00e1s limpio y valioso de todos: Emite un aroma distintivo y acogedor con notas resinosas, dulces y ligeramente c\u00edtricas.\" \/>\n<meta name=\"robots\" content=\"index, follow, max-snippet:-1, max-image-preview:large, max-video-preview:-1\" \/>\n<link rel=\"canonical\" href=\"https:\/\/www.sinchisinchi.com\/es\/producto\/resina-copal-blanco\/\" \/>\n<meta property=\"og:locale\" content=\"es_ES\" \/>\n<meta property=\"og:type\" content=\"article\" \/>\n<meta property=\"og:title\" content=\"Copal Blanco de M\u00e9xico: Tienda de resinas Amaz\u00f3nicas Online\" \/>\n<meta property=\"og:description\" content=\"El copal blanco es el m\u00e1s limpio y valioso de todos: Emite un aroma distintivo y acogedor con notas resinosas, dulces y ligeramente c\u00edtricas.\" \/>\n<meta property=\"og:url\" content=\"https:\/\/www.sinchisinchi.com\/es\/producto\/resina-copal-blanco\/\" \/>\n<meta property=\"og:site_name\" content=\"SINCHI RAP\u00c9\" \/>\n<meta property=\"article:publisher\" content=\"https:\/\/www.facebook.com\/sinchirape\/\" \/>\n<meta property=\"article:modified_time\" content=\"2026-01-13T08:07:32+00:00\" \/>\n<meta property=\"og:image\" content=\"https:\/\/www.sinchisinchi.com\/wp-content\/uploads\/2024\/04\/copal-blanco.png\" \/>\n\t<meta property=\"og:image:width\" content=\"600\" \/>\n\t<meta property=\"og:image:height\" content=\"600\" \/>\n\t<meta property=\"og:image:type\" content=\"image\/png\" \/>\n<meta name=\"twitter:card\" content=\"summary_large_image\" \/>\n<meta name=\"twitter:label1\" content=\"Tiempo de lectura\" \/>\n\t<meta name=\"twitter:data1\" content=\"4 minutos\" \/>\n<script type=\"application\/ld+json\" class=\"yoast-schema-graph\">{\"@context\":\"https:\/\/schema.org\",\"@graph\":[{\"@type\":\"WebPage\",\"@id\":\"https:\/\/www.sinchisinchi.com\/es\/producto\/resina-copal-blanco\/\",\"url\":\"https:\/\/www.sinchisinchi.com\/es\/producto\/resina-copal-blanco\/\",\"name\":\"Copal Blanco de M\u00e9xico: Tienda de resinas Amaz\u00f3nicas Online\",\"isPartOf\":{\"@id\":\"https:\/\/www.sinchisinchi.com\/es\/#website\"},\"primaryImageOfPage\":{\"@id\":\"https:\/\/www.sinchisinchi.com\/es\/producto\/resina-copal-blanco\/#primaryimage\"},\"image\":{\"@id\":\"https:\/\/www.sinchisinchi.com\/es\/producto\/resina-copal-blanco\/#primaryimage\"},\"thumbnailUrl\":\"https:\/\/www.sinchisinchi.com\/wp-content\/uploads\/2024\/04\/copal-blanco.png\",\"datePublished\":\"2024-04-24T11:25:31+00:00\",\"dateModified\":\"2026-01-13T08:07:32+00:00\",\"description\":\"El copal blanco es el m\u00e1s limpio y valioso de todos: Emite un aroma distintivo y acogedor con notas resinosas, dulces y ligeramente c\u00edtricas.\",\"breadcrumb\":{\"@id\":\"https:\/\/www.sinchisinchi.com\/es\/producto\/resina-copal-blanco\/#breadcrumb\"},\"inLanguage\":\"es\",\"potentialAction\":[{\"@type\":\"ReadAction\",\"target\":[\"https:\/\/www.sinchisinchi.com\/es\/producto\/resina-copal-blanco\/\"]}]},{\"@type\":\"ImageObject\",\"inLanguage\":\"es\",\"@id\":\"https:\/\/www.sinchisinchi.com\/es\/producto\/resina-copal-blanco\/#primaryimage\",\"url\":\"https:\/\/www.sinchisinchi.com\/wp-content\/uploads\/2024\/04\/copal-blanco.png\",\"contentUrl\":\"https:\/\/www.sinchisinchi.com\/wp-content\/uploads\/2024\/04\/copal-blanco.png\",\"width\":600,\"height\":600},{\"@type\":\"BreadcrumbList\",\"@id\":\"https:\/\/www.sinchisinchi.com\/es\/producto\/resina-copal-blanco\/#breadcrumb\",\"itemListElement\":[{\"@type\":\"ListItem\",\"position\":1,\"name\":\"Prima pagina\",\"item\":\"https:\/\/www.sinchisinchi.com\/es\/\"},{\"@type\":\"ListItem\",\"position\":2,\"name\":\"Productos\",\"item\":\"https:\/\/www.sinchisinchi.com\/es\/shop\/\"},{\"@type\":\"ListItem\",\"position\":3,\"name\":\"Copal Blanco\"}]},{\"@type\":\"WebSite\",\"@id\":\"https:\/\/www.sinchisinchi.com\/es\/#website\",\"url\":\"https:\/\/www.sinchisinchi.com\/es\/\",\"name\":\"SINCHI\",\"description\":\"Sinchi Medicine\",\"publisher\":{\"@id\":\"https:\/\/www.sinchisinchi.com\/es\/#organization\"},\"potentialAction\":[{\"@type\":\"SearchAction\",\"target\":{\"@type\":\"EntryPoint\",\"urlTemplate\":\"https:\/\/www.sinchisinchi.com\/es\/?s={search_term_string}\"},\"query-input\":{\"@type\":\"PropertyValueSpecification\",\"valueRequired\":true,\"valueName\":\"search_term_string\"}}],\"inLanguage\":\"es\"},{\"@type\":\"Organization\",\"@id\":\"https:\/\/www.sinchisinchi.com\/es\/#organization\",\"name\":\"SINCHI S.L\",\"url\":\"https:\/\/www.sinchisinchi.com\/es\/\",\"logo\":{\"@type\":\"ImageObject\",\"inLanguage\":\"es\",\"@id\":\"https:\/\/www.sinchisinchi.com\/es\/#\/schema\/logo\/image\/\",\"url\":\"https:\/\/www.sinchisinchi.com\/wp-content\/uploads\/2026\/01\/3b-Verde-SIMPLIFICADO-HORIZONTAL-F-TRANSPARENTE-scaled.png\",\"contentUrl\":\"https:\/\/www.sinchisinchi.com\/wp-content\/uploads\/2026\/01\/3b-Verde-SIMPLIFICADO-HORIZONTAL-F-TRANSPARENTE-scaled.png\",\"width\":2560,\"height\":457,\"caption\":\"SINCHI S.L\"},\"image\":{\"@id\":\"https:\/\/www.sinchisinchi.com\/es\/#\/schema\/logo\/image\/\"},\"sameAs\":[\"https:\/\/www.facebook.com\/sinchirape\/\",\"https:\/\/www.instagram.com\/sinchi_rape\/\"]}]}<\/script>\n<!-- \/ Yoast SEO plugin. -->","yoast_head_json":{"title":"Copal Blanco de M\u00e9xico: Tienda de resinas Amaz\u00f3nicas Online","description":"El copal blanco es el m\u00e1s limpio y valioso de todos: Emite un aroma distintivo y acogedor con notas resinosas, dulces y ligeramente c\u00edtricas.","robots":{"index":"index","follow":"follow","max-snippet":"max-snippet:-1","max-image-preview":"max-image-preview:large","max-video-preview":"max-video-preview:-1"},"canonical":"https:\/\/www.sinchisinchi.com\/es\/producto\/resina-copal-blanco\/","og_locale":"es_ES","og_type":"article","og_title":"Copal Blanco de M\u00e9xico: Tienda de resinas Amaz\u00f3nicas Online","og_description":"El copal blanco es el m\u00e1s limpio y valioso de todos: Emite un aroma distintivo y acogedor con notas resinosas, dulces y ligeramente c\u00edtricas.","og_url":"https:\/\/www.sinchisinchi.com\/es\/producto\/resina-copal-blanco\/","og_site_name":"SINCHI RAP\u00c9","article_publisher":"https:\/\/www.facebook.com\/sinchirape\/","article_modified_time":"2026-01-13T08:07:32+00:00","og_image":[{"width":600,"height":600,"url":"https:\/\/www.sinchisinchi.com\/wp-content\/uploads\/2024\/04\/copal-blanco.png","type":"image\/png"}],"twitter_card":"summary_large_image","twitter_misc":{"Tiempo de lectura":"4 minutos"},"schema":{"@context":"https:\/\/schema.org","@graph":[{"@type":"WebPage","@id":"https:\/\/www.sinchisinchi.com\/es\/producto\/resina-copal-blanco\/","url":"https:\/\/www.sinchisinchi.com\/es\/producto\/resina-copal-blanco\/","name":"Copal Blanco de M\u00e9xico: Tienda de resinas Amaz\u00f3nicas Online","isPartOf":{"@id":"https:\/\/www.sinchisinchi.com\/es\/#website"},"primaryImageOfPage":{"@id":"https:\/\/www.sinchisinchi.com\/es\/producto\/resina-copal-blanco\/#primaryimage"},"image":{"@id":"https:\/\/www.sinchisinchi.com\/es\/producto\/resina-copal-blanco\/#primaryimage"},"thumbnailUrl":"https:\/\/www.sinchisinchi.com\/wp-content\/uploads\/2024\/04\/copal-blanco.png","datePublished":"2024-04-24T11:25:31+00:00","dateModified":"2026-01-13T08:07:32+00:00","description":"El copal blanco es el m\u00e1s limpio y valioso de todos: Emite un aroma distintivo y acogedor con notas resinosas, dulces y ligeramente c\u00edtricas.","breadcrumb":{"@id":"https:\/\/www.sinchisinchi.com\/es\/producto\/resina-copal-blanco\/#breadcrumb"},"inLanguage":"es","potentialAction":[{"@type":"ReadAction","target":["https:\/\/www.sinchisinchi.com\/es\/producto\/resina-copal-blanco\/"]}]},{"@type":"ImageObject","inLanguage":"es","@id":"https:\/\/www.sinchisinchi.com\/es\/producto\/resina-copal-blanco\/#primaryimage","url":"https:\/\/www.sinchisinchi.com\/wp-content\/uploads\/2024\/04\/copal-blanco.png","contentUrl":"https:\/\/www.sinchisinchi.com\/wp-content\/uploads\/2024\/04\/copal-blanco.png","width":600,"height":600},{"@type":"BreadcrumbList","@id":"https:\/\/www.sinchisinchi.com\/es\/producto\/resina-copal-blanco\/#breadcrumb","itemListElement":[{"@type":"ListItem","position":1,"name":"Prima pagina","item":"https:\/\/www.sinchisinchi.com\/es\/"},{"@type":"ListItem","position":2,"name":"Productos","item":"https:\/\/www.sinchisinchi.com\/es\/shop\/"},{"@type":"ListItem","position":3,"name":"Copal Blanco"}]},{"@type":"WebSite","@id":"https:\/\/www.sinchisinchi.com\/es\/#website","url":"https:\/\/www.sinchisinchi.com\/es\/","name":"SINCHI","description":"Sinchi Medicine","publisher":{"@id":"https:\/\/www.sinchisinchi.com\/es\/#organization"},"potentialAction":[{"@type":"SearchAction","target":{"@type":"EntryPoint","urlTemplate":"https:\/\/www.sinchisinchi.com\/es\/?s={search_term_string}"},"query-input":{"@type":"PropertyValueSpecification","valueRequired":true,"valueName":"search_term_string"}}],"inLanguage":"es"},{"@type":"Organization","@id":"https:\/\/www.sinchisinchi.com\/es\/#organization","name":"SINCHI S.L","url":"https:\/\/www.sinchisinchi.com\/es\/","logo":{"@type":"ImageObject","inLanguage":"es","@id":"https:\/\/www.sinchisinchi.com\/es\/#\/schema\/logo\/image\/","url":"https:\/\/www.sinchisinchi.com\/wp-content\/uploads\/2026\/01\/3b-Verde-SIMPLIFICADO-HORIZONTAL-F-TRANSPARENTE-scaled.png","contentUrl":"https:\/\/www.sinchisinchi.com\/wp-content\/uploads\/2026\/01\/3b-Verde-SIMPLIFICADO-HORIZONTAL-F-TRANSPARENTE-scaled.png","width":2560,"height":457,"caption":"SINCHI S.L"},"image":{"@id":"https:\/\/www.sinchisinchi.com\/es\/#\/schema\/logo\/image\/"},"sameAs":["https:\/\/www.facebook.com\/sinchirape\/","https:\/\/www.instagram.com\/sinchi_rape\/"]}]}},"_links":{"self":[{"href":"https:\/\/www.sinchisinchi.com\/es\/wp-json\/wp\/v2\/product\/13633","targetHints":{"allow":["GET"]}}],"collection":[{"href":"https:\/\/www.sinchisinchi.com\/es\/wp-json\/wp\/v2\/product"}],"about":[{"href":"https:\/\/www.sinchisinchi.com\/es\/wp-json\/wp\/v2\/types\/product"}],"wp:featuredmedia":[{"embeddable":true,"href":"https:\/\/www.sinchisinchi.com\/es\/wp-json\/wp\/v2\/media\/15757"}],"wp:attachment":[{"href":"https:\/\/www.sinchisinchi.com\/es\/wp-json\/wp\/v2\/media?parent=13633"}],"wp:term":[{"taxonomy":"product_brand","embeddable":true,"href":"https:\/\/www.sinchisinchi.com\/es\/wp-json\/wp\/v2\/product_brand?post=13633"},{"taxonomy":"product_cat","embeddable":true,"href":"https:\/\/www.sinchisinchi.com\/es\/wp-json\/wp\/v2\/product_cat?post=13633"},{"taxonomy":"product_tag","embeddable":true,"href":"https:\/\/www.sinchisinchi.com\/es\/wp-json\/wp\/v2\/product_tag?post=13633"}],"curies":[{"name":"wp","href":"https:\/\/api.w.org\/{rel}","templated":true}]}}