{"id":13928,"date":"2024-05-07T08:30:43","date_gmt":"2024-05-07T08:30:43","guid":{"rendered":"https:\/\/www.sinchisinchi.com\/?post_type=product&#038;p=13928"},"modified":"2026-01-13T08:07:10","modified_gmt":"2026-01-13T08:07:10","slug":"aceite-de-oliva","status":"publish","type":"product","link":"https:\/\/www.sinchisinchi.com\/es\/producto\/aceite-de-oliva\/","title":{"rendered":"Aceite de Oliva"},"content":{"rendered":"<h2 style=\"font-weight: 400; text-align: center;\"><span style=\"color: #000000;\"><strong>Historia del Olivo y su aceite<\/strong><\/span><\/h2>\n<p style=\"font-weight: 400;\"><span style=\"color: #000000;\">El Olivo, s\u00edmbolo de la sabidur\u00eda y de la paz, ha sido adoptado por la raza humana como fuente de riqueza y alimento desde hace milenios. La historia del Olivo se remonta al origen de la agricultura en las primeras civilizaciones del mediterr\u00e1neo y el oriente pr\u00f3ximo.<\/span><\/p>\n<h3 style=\"font-weight: 400; text-align: center;\"><strong><span style=\"color: #000000;\">Prehistoria<\/span><\/strong><\/h3>\n<p style=\"font-weight: 400;\"><span style=\"color: #000000;\">La existencia del olivo se remonta a 12.000 a\u00f1os a.C. Se han encontrado f\u00f3siles de hojas de olivo en dep\u00f3sitos del plioceno de Mongardino, Italia, as\u00ed como en estratos rocosos del per\u00edodo Paleol\u00edtico Superior en el norte de \u00c1frica y en excavaciones de la era de bronce en Espa\u00f1a.<\/span><\/p>\n<h3 style=\"font-weight: 400; text-align: center;\"><strong><span style=\"color: #000000;\">Egipto<\/span><\/strong><\/h3>\n<p style=\"font-weight: 400;\"><span style=\"color: #000000;\">El inicio del cultivo del Olivo se sit\u00faa en oriente medio y pr\u00f3ximo, y las primeras referencias documentales y arqueol\u00f3gicas sobre la aparici\u00f3n y uso del aceite de oliva provienen de la \u00e9poca del <strong>Antiguo Egipto<\/strong>, donde era venerado y estaba s\u00f3lo al alcance de las clases privilegiadas.<\/span><\/p>\n<p style=\"font-weight: 400;\"><span style=\"color: #000000;\">En Egipto el olivo aparece representado en los sarc\u00f3fagos de algunos faraones. El aceite de oliva se preparaba con esencias arom\u00e1ticas y era usado como aceite sacramental de los Faraones en el m\u00e1s all\u00e1.<\/span><\/p>\n<p style=\"font-weight: 400;\"><span style=\"color: #000000;\">Seg\u00fan la mitolog\u00eda egipcia, fue Isis quien ense\u00f1\u00f3 a los hombres el cultivo del olivo. Las mayores plantaciones de olivo se encontraban cerca del delta del Nilo muy cerca de la ciudad de Alejandr\u00eda. Por ejemplo, se habla del olivo en el Fayum y en el Tebaida.<\/span><\/p>\n<p style=\"font-weight: 400;\"><span style=\"color: #000000;\">La variedad de olivos empleada en Egipto no ten\u00eda un gran rendimiento de aceite, quiz\u00e1s por ser el clima poco apropiado para su crecimiento y desarrollo; por ello, el empleo del aceite de oliva como alimento era escaso, y principalmente se usaba para aplicaciones medicinales y cosm\u00e9ticas.<\/span><\/p>\n<p style=\"font-weight: 400;\"><span style=\"color: #000000;\">El Papiro Harris I menciona diversas fuentes de aceite de oliva, y un importante comercio de este con las tribus griegas. El uso de aceite en las l\u00e1mparas funerarias se hizo com\u00fan, y Rams\u00e9s III destin\u00f3 plantaciones a su producci\u00f3n.<\/span><\/p>\n<p style=\"font-weight: 400;\"><span style=\"color: #000000;\">La palabra aceite no aparece en los textos hasta cerca de la novena dinast\u00eda de Egipto.<\/span><\/p>\n<p style=\"font-weight: 400;\"><span style=\"color: #000000;\">En las poblaciones esclavas egipcias de religi\u00f3n jud\u00eda, el aceite de oliva cobraba un simbolismo especial. Era a\u00f1adido a bebidas como el khilmi y el alontit, e incluso al vino anigron.<\/span><\/p>\n<p style=\"font-weight: 400;\"><span style=\"color: #000000;\">Junto con otras esencias y hierbas arom\u00e1ticas, fue utilizado en la fabricaci\u00f3n de embriagadores perfumes, en el ba\u00f1o para embellecer y limpiar los poros, en ung\u00fcentos con azafr\u00e1n y hierbas para hidratar la piel y evitar la aparici\u00f3n de arrugas, para abrillantar los cabellos y para masajes terap\u00e9uticos.<\/span><\/p>\n<p style=\"font-weight: 400;\"><span style=\"color: #000000;\">Ten\u00eda profundas connotaciones espirituales, y era usado en las l\u00e1mparas encendidas en honor de los dioses.<\/span><\/p>\n<p style=\"font-weight: 400;\"><span style=\"color: #000000;\"><strong>\u00a0<\/strong><\/span><\/p>\n<h3 style=\"font-weight: 400; text-align: center;\"><strong><span style=\"color: #000000;\">Grecia<\/span><\/strong><\/h3>\n<p style=\"font-weight: 400;\"><span style=\"color: #000000;\"><strong>La mitolog\u00eda griega<\/strong> es rica en leyendas y menciones al Olivo, Dioses como Atenea, H\u00e9rcules, o los juegos Ol\u00edmpicos tienen al Olivo, sus ramas, hojas y fruto como elemento caracter\u00edstico. Las primeras referencias documentadas sobre el Olivo son griegas: Simbolizaba la paz y la prosperidad, as\u00ed como la resurrecci\u00f3n y la esperanza.<\/span><\/p>\n<p style=\"font-weight: 400;\"><span style=\"color: #000000;\">En los <strong>primeros juegos ol\u00edmpicos<\/strong> celebrados en 776 a.C, ya se ofrec\u00eda a los ganadores de las pruebas deportivas una <strong>ramita de olivo<\/strong> como reconocimiento de su triunfo, y <strong>la primera antorcha ol\u00edmpica<\/strong> fue una rama de olivo en llamas. Los gimnastas, antes del ejercicio, se daban masajes para poner a punto los m\u00fasculos, evitar las lesiones y proteger la piel contra diferencias de temperatura.<\/span><\/p>\n<p style=\"font-weight: 400;\"><span style=\"color: #000000;\">En las <strong>fiestas panateneas<\/strong>, similares en importancia a los juegos ol\u00edmpicos, se ofrendaba a los ganadores con <strong>\u00e1nforas de aceite de oliva<\/strong>. La cantidad de aceite ofrecida como premio al deportista ganador pod\u00eda ser grande, incluso varias toneladas.<\/span><\/p>\n<p style=\"font-weight: 400;\"><span style=\"color: #000000;\">La aparici\u00f3n del aceite de oliva en Grecia ocurre en la isla de <strong>Creta<\/strong>, su cultivo lleva al establecimiento de las primeras rutas comerciales a lo largo del mar mediterr\u00e1neo con Egipto y otros pueblos.<\/span><\/p>\n<p style=\"font-weight: 400;\"><span style=\"color: #000000;\">Las clases sociales bajas no consum\u00edan el aceite de oliva en cocina quedando reservado para las clases m\u00e1s favorecidas. El uso como combustible para iluminar, como remedio medicinal, y como aceite corporal, era muy habitual.<\/span><\/p>\n<p style=\"font-weight: 400;\"><span style=\"color: #000000;\">Diosc\u00f3rides menciona el onfacino, aceite extra\u00eddo de la aceituna no madura, indicando que es \u00fatil para el estr\u00e9s muscular, el cuidado de la piel y el pelo. Hip\u00f3crates menciona tambi\u00e9n sus propiedades medicinales.<\/span><\/p>\n<p style=\"font-weight: 400;\"><span style=\"color: #000000;\">En el siglo V a. C. el rey persa Jerjes incendi\u00f3 la ciudad de Atenas, dentro de la cual se hallaba el olivo centenario de Atenea, que qued\u00f3 calcinado. Cuando los atenienses entraron a la ciudad arrasada, el olivo ya hab\u00eda crecido un codo, presagio de la r\u00e1pida recuperaci\u00f3n y renovaci\u00f3n de los atenienses ante la adversidad.<\/span><\/p>\n<p style=\"font-weight: 400;\"><span style=\"color: #000000;\">El olivo aparece en unas <strong>tablillas mic\u00e9nicas<\/strong> de barro, que dan testimonio de la importancia del olivo en la econom\u00eda cretense (2500 a.C.).<\/span><\/p>\n<p style=\"font-weight: 400;\"><span style=\"color: #000000;\">La adoraci\u00f3n de los griegos por el aceite de oliva se muestra en los frescos de los muros del <strong>palacio de Cnosos<\/strong>, en los que aparecen numerosas representaciones de olivos.<\/span><\/p>\n<p style=\"font-weight: 400;\"><span style=\"color: #000000;\">Con frecuencia pueden verse olivos en las decoraciones de los vasos, en las joyas y dem\u00e1s utensilios de la vida cotidiana de la \u00e9poca.<\/span><\/p>\n<p style=\"font-weight: 400;\"><span style=\"color: #000000;\">Las unciones ya aparecen con frecuencia en Homero y las daban las mujeres y los sirvientes. Ulises dice a Nausicaa (Od. VI 96) \u00abSabr\u00e9 sin vuestra ayuda lavarme con espuma y ungirme con este aceite que despu\u00e9s de tanto tiempo mi piel no conoce\u00bb.<\/span><\/p>\n<p style=\"font-weight: 400;\"><span style=\"color: #000000;\">Cada persona llevaba a los ba\u00f1os su frasco de aceite (lecythus).<\/span><\/p>\n<p style=\"font-weight: 400;\"><span style=\"color: #000000;\">El aceite serv\u00eda de base para elaborar los perfumes (Myron), aunque su aroma era considerado por s\u00ed mismo un perfume. La arqueolog\u00eda (tablillas mic\u00e9nicas), las pinturas murales de Pompeya y los textos de Diosc\u00f3rides, Teofrasto y Plinio, mencionan este uso.<\/span><\/p>\n<p style=\"font-weight: 400;\"><span style=\"color: #000000;\">Se consideraba el mejor excipiente para elaborar un perfume, especialmente el acerbo de olivas verdes que rindieran poco aceite, por ser receptivo, conservarse bien y resistir el calor.<\/span><\/p>\n<p style=\"font-weight: 400;\"><span style=\"color: #000000;\">Los antiguos griegos se aseaban con agua y una esponja, sin jab\u00f3n (s\u00f3lo a partir del siglo I a. C. se obtuvo del aceite una suerte de emulsi\u00f3n jabonosa), y al salir del ba\u00f1o se ung\u00edan con aceite.<\/span><\/p>\n<h3 style=\"font-weight: 400; text-align: center;\"><strong><span style=\"color: #000000;\">Fenicios<\/span><\/strong><\/h3>\n<p style=\"font-weight: 400;\"><span style=\"color: #000000;\">En Espa\u00f1a, el cultivo del olivo fue introducido por los <strong>Fenicios<\/strong> (1100 a. C.).<\/span><\/p>\n<h3 style=\"font-weight: 400; text-align: center;\"><strong><span style=\"color: #000000;\">Roma<\/span><\/strong><\/h3>\n<p style=\"font-weight: 400;\"><span style=\"color: #000000;\">A partir del a\u00f1o 206 a. C, tras la ocupaci\u00f3n romana en Hispania, la producci\u00f3n olivarera empez\u00f3 a cobrar importancia.<\/span><\/p>\n<p style=\"font-weight: 400;\"><span style=\"color: #000000;\">El contacto comercial y guerrero de los griegos con los etruscos hizo que el cultivo del olivo se introdujese en Italia durante el reinado de Lucio Tarquinio Prisco, en el periodo 616 a. C. a 578 a. C., aunque pudo haber llegado a Italia trescientos a\u00f1os antes de la ca\u00edda de Troya.<\/span><\/p>\n<p style=\"font-weight: 400;\"><span style=\"color: #000000;\">En los siglos II y III el olivo se expandi\u00f3 por el mediterr\u00e1neo, gracias a los avances territoriales y militares del Imperio romano. Las coronas de olivo se empleaban como ofrenda a los generales romanos victoriosos, al igual que hac\u00edan los griegos.<\/span><\/p>\n<p style=\"font-weight: 400;\"><span style=\"color: #000000;\">El uso del aceite de oliva estaba muy extendido entre los habitantes de la ciudad de Roma, y la producci\u00f3n de aceite de oliva gener\u00f3 un paisaje agrario en las colonias romanas.<\/span><\/p>\n<p style=\"font-weight: 400;\"><span style=\"color: #000000;\">Plinio el Viejo recopila recetas de ung\u00fcentos y pomadas con aceite de oliva.<\/span><\/p>\n<p style=\"font-weight: 400;\"><span style=\"color: #000000;\">Cat\u00f3n el Viejo describe en su libro De agricultura numerosos m\u00e9todos de cultivo, poda y cuidado del olivo, que aprendieron de los griegos.<\/span><\/p>\n<p style=\"font-weight: 400;\"><span style=\"color: #000000;\">La aparici\u00f3n de la primera crema hidratante se debe al m\u00e9dico turco Claudio Galeno (129-199 d.C.) quien descubri\u00f3 que mezclando aceite de oliva con agua y cera de abejas se obten\u00eda una refrescante crema que confer\u00eda gran elasticidad a la piel.<\/span><\/p>\n<h3 style=\"font-weight: 400; text-align: center;\"><strong><span style=\"color: #000000;\">Edad media<\/span><\/strong><\/h3>\n<p style=\"font-weight: 400;\"><span style=\"color: #000000;\">Tras la Decadencia del Imperio romano, son las \u00f3rdenes religiosas las que empiezan a tomar las riendas de la producci\u00f3n en la Europa Medieval. El consumo entre cl\u00e9rigos que habitaban en monasterios y personas de la clase alta siempre se mantuvo.<\/span><\/p>\n<p style=\"font-weight: 400;\"><span style=\"color: #000000;\">Se usaba en cocina, en la iluminaci\u00f3n de casas, elaboraci\u00f3n de jabones y textiles, aplicaciones para las que era muy \u00fatil y dif\u00edcil de reemplazar.<\/span><\/p>\n<h3 style=\"font-weight: 400; text-align: center;\"><strong><span style=\"color: #000000;\">Biblia<\/span><\/strong><\/h3>\n<p style=\"font-weight: 400;\"><span style=\"color: #000000;\"><strong>En la Biblia,<\/strong> se encuentran unas cuatrocientas menciones al olivo o a su aceite. Era la base del ung\u00fcento de la unci\u00f3n y la luz que iluminaba la oscuridad de los templos y hogares. En el <strong>Libro del<\/strong> <strong>G\u00e9nesis,<\/strong> una paloma entreg\u00f3 una rama de olivo a <strong>No\u00e9<\/strong>, se\u00f1alando el final del diluvio y las inundaciones. No\u00e9 reconoci\u00f3 este gesto como una se\u00f1al de la paz que vendr\u00eda. En el <strong>Libro del<\/strong> <strong>\u00c9xodo,<\/strong> Dios le dice a <strong>Mois\u00e9s<\/strong> c\u00f3mo preparar un aceite de oliva y especias para ungir a su pueblo; tambi\u00e9n menciona la oraci\u00f3n de Jesucristo en el monte de los Olivos.<\/span><\/p>\n<p style=\"font-weight: 400;\"><span style=\"color: #000000;\">En <strong>Al-\u00e1ndalus<\/strong> la producci\u00f3n de aceite de oliva era muy intensa y hab\u00eda zonas, como el Aljarafe cerca de Sevilla, que estaban pobladas de olivos. El escritor musulm\u00e1n de la \u00e9poca Al-Idrisi menciona que la riqueza de los habitantes de Sevilla se deb\u00eda en gran parte a la exportaci\u00f3n del aceite de oliva.<\/span><\/p>\n","protected":false},"excerpt":{"rendered":"<p style=\"font-weight: 400;\"><span style=\"color: #000000;\">Jab\u00f3n natural con aceite de oliva, de poderosas propiedades nutritivas, revitalizantes y antioxidantes. Ayuda a retrasar los signos del envejecimiento cut\u00e1neo por su alto contenido en Vitamina E.<\/span><\/p>\n<p style=\"font-weight: 400;\"><span style=\"color: #000000;\">Es un jab\u00f3n suave, protege la piel, proporciona brillo, frescura, y elasticidad.<\/span><span style=\"color: #000000;\"><strong>\u00a0<\/strong><\/span><\/p>\n<p style=\"font-weight: 400;\"><span style=\"color: #000000;\">Es un excelente nutriente, funciona como agente antienvejecimiento, y proporciona a la piel brillo, una textura suave y elasticidad.<\/span><\/p>\n<p style=\"font-weight: 400;\"><span style=\"color: #000000;\">En el aceite de oliva se encuentran varias sustancias antioxidantes: los flavonoides, los polifenoles y la vitamina E, que es la que aporta al aceite la propiedad de conservante; y al ser un antioxidante celular, retarda el envejecimiento de las c\u00e9lulas.<\/span><\/p>\n<p style=\"font-weight: 400;\"><span style=\"color: #000000;\">El aceite de oliva virgen extra tiene un perfil lip\u00eddico muy similar al de la piel del ser humano, protege la piel frente a factores ambientales externos, la hidrata y mantiene la estructura \u00edntegra de la dermis, permitiendo una mejor regeneraci\u00f3n.<\/span><\/p>\n<p style=\"font-weight: 400;\"><span style=\"color: #000000;\">Es muy eficaz para el cabello devolvi\u00e9ndole fuerza, brillo, e hidratando en profundidad el cuero cabelludo.<\/span><\/p>\n<p style=\"font-weight: 400;\"><span style=\"color: #000000;\">A lo largo de la historia el uso del aceite de oliva para el cuidado de la piel fue venerado por todas las civilizaciones que lo conocieron.<\/span><\/p>\n<p><span style=\"color: #000000;\"><strong>Tama\u00f1o:<\/strong> 125gr<\/span><\/p>\n","protected":false},"featured_media":13929,"template":"","meta":{"_joinchat":[]},"product_brand":[],"product_cat":[329,16],"product_tag":[],"class_list":{"0":"post-13928","1":"product","2":"type-product","3":"status-publish","4":"has-post-thumbnail","6":"product_cat-jabones","7":"product_cat-varios","9":"first","10":"instock","11":"taxable","12":"shipping-taxable","13":"purchasable","14":"product-type-simple"},"yoast_head":"<!-- This site is optimized with the Yoast SEO plugin v27.1.1 - https:\/\/yoast.com\/product\/yoast-seo-wordpress\/ -->\n<title>Jab\u00f3n con Aceite de Oliva: Tienda Cham\u00e1nica<\/title>\n<meta name=\"description\" content=\"Dioses como Atenea y H\u00e9rcules tienen al Olivo como elemento caracter\u00edstico: Simbolizaba la paz y la prosperidad, as\u00ed como la resurrecci\u00f3n y la esperanza.\" \/>\n<meta name=\"robots\" content=\"index, follow, max-snippet:-1, max-image-preview:large, max-video-preview:-1\" \/>\n<link rel=\"canonical\" href=\"https:\/\/www.sinchisinchi.com\/es\/producto\/aceite-de-oliva\/\" \/>\n<meta property=\"og:locale\" content=\"es_ES\" \/>\n<meta property=\"og:type\" content=\"article\" \/>\n<meta property=\"og:title\" content=\"Jab\u00f3n con Aceite de Oliva: Tienda Cham\u00e1nica\" \/>\n<meta property=\"og:description\" content=\"Dioses como Atenea y H\u00e9rcules tienen al Olivo como elemento caracter\u00edstico: Simbolizaba la paz y la prosperidad, as\u00ed como la resurrecci\u00f3n y la esperanza.\" \/>\n<meta property=\"og:url\" content=\"https:\/\/www.sinchisinchi.com\/es\/producto\/aceite-de-oliva\/\" \/>\n<meta property=\"og:site_name\" content=\"SINCHI RAP\u00c9\" \/>\n<meta property=\"article:publisher\" content=\"https:\/\/www.facebook.com\/sinchirape\/\" \/>\n<meta property=\"article:modified_time\" content=\"2026-01-13T08:07:10+00:00\" \/>\n<meta property=\"og:image\" content=\"https:\/\/www.sinchisinchi.com\/wp-content\/uploads\/2024\/05\/aceite-de-oliva.webp\" \/>\n\t<meta property=\"og:image:width\" content=\"800\" \/>\n\t<meta property=\"og:image:height\" content=\"800\" \/>\n\t<meta property=\"og:image:type\" content=\"image\/webp\" \/>\n<meta name=\"twitter:card\" content=\"summary_large_image\" \/>\n<meta name=\"twitter:label1\" content=\"Tiempo de lectura\" \/>\n\t<meta name=\"twitter:data1\" content=\"7 minutos\" \/>\n<script type=\"application\/ld+json\" class=\"yoast-schema-graph\">{\"@context\":\"https:\/\/schema.org\",\"@graph\":[{\"@type\":\"WebPage\",\"@id\":\"https:\/\/www.sinchisinchi.com\/es\/producto\/aceite-de-oliva\/\",\"url\":\"https:\/\/www.sinchisinchi.com\/es\/producto\/aceite-de-oliva\/\",\"name\":\"Jab\u00f3n con Aceite de Oliva: Tienda Cham\u00e1nica\",\"isPartOf\":{\"@id\":\"https:\/\/www.sinchisinchi.com\/es\/#website\"},\"primaryImageOfPage\":{\"@id\":\"https:\/\/www.sinchisinchi.com\/es\/producto\/aceite-de-oliva\/#primaryimage\"},\"image\":{\"@id\":\"https:\/\/www.sinchisinchi.com\/es\/producto\/aceite-de-oliva\/#primaryimage\"},\"thumbnailUrl\":\"https:\/\/www.sinchisinchi.com\/wp-content\/uploads\/2024\/05\/aceite-de-oliva.webp\",\"datePublished\":\"2024-05-07T08:30:43+00:00\",\"dateModified\":\"2026-01-13T08:07:10+00:00\",\"description\":\"Dioses como Atenea y H\u00e9rcules tienen al Olivo como elemento caracter\u00edstico: Simbolizaba la paz y la prosperidad, as\u00ed como la resurrecci\u00f3n y la esperanza.\",\"breadcrumb\":{\"@id\":\"https:\/\/www.sinchisinchi.com\/es\/producto\/aceite-de-oliva\/#breadcrumb\"},\"inLanguage\":\"es\",\"potentialAction\":[{\"@type\":\"ReadAction\",\"target\":[\"https:\/\/www.sinchisinchi.com\/es\/producto\/aceite-de-oliva\/\"]}]},{\"@type\":\"ImageObject\",\"inLanguage\":\"es\",\"@id\":\"https:\/\/www.sinchisinchi.com\/es\/producto\/aceite-de-oliva\/#primaryimage\",\"url\":\"https:\/\/www.sinchisinchi.com\/wp-content\/uploads\/2024\/05\/aceite-de-oliva.webp\",\"contentUrl\":\"https:\/\/www.sinchisinchi.com\/wp-content\/uploads\/2024\/05\/aceite-de-oliva.webp\",\"width\":800,\"height\":800},{\"@type\":\"BreadcrumbList\",\"@id\":\"https:\/\/www.sinchisinchi.com\/es\/producto\/aceite-de-oliva\/#breadcrumb\",\"itemListElement\":[{\"@type\":\"ListItem\",\"position\":1,\"name\":\"Prima pagina\",\"item\":\"https:\/\/www.sinchisinchi.com\/es\/\"},{\"@type\":\"ListItem\",\"position\":2,\"name\":\"Productos\",\"item\":\"https:\/\/www.sinchisinchi.com\/es\/shop\/\"},{\"@type\":\"ListItem\",\"position\":3,\"name\":\"Aceite de Oliva\"}]},{\"@type\":\"WebSite\",\"@id\":\"https:\/\/www.sinchisinchi.com\/es\/#website\",\"url\":\"https:\/\/www.sinchisinchi.com\/es\/\",\"name\":\"SINCHI\",\"description\":\"Sinchi Medicine\",\"publisher\":{\"@id\":\"https:\/\/www.sinchisinchi.com\/es\/#organization\"},\"potentialAction\":[{\"@type\":\"SearchAction\",\"target\":{\"@type\":\"EntryPoint\",\"urlTemplate\":\"https:\/\/www.sinchisinchi.com\/es\/?s={search_term_string}\"},\"query-input\":{\"@type\":\"PropertyValueSpecification\",\"valueRequired\":true,\"valueName\":\"search_term_string\"}}],\"inLanguage\":\"es\"},{\"@type\":\"Organization\",\"@id\":\"https:\/\/www.sinchisinchi.com\/es\/#organization\",\"name\":\"SINCHI S.L\",\"url\":\"https:\/\/www.sinchisinchi.com\/es\/\",\"logo\":{\"@type\":\"ImageObject\",\"inLanguage\":\"es\",\"@id\":\"https:\/\/www.sinchisinchi.com\/es\/#\/schema\/logo\/image\/\",\"url\":\"https:\/\/www.sinchisinchi.com\/wp-content\/uploads\/2026\/01\/3b-Verde-SIMPLIFICADO-HORIZONTAL-F-TRANSPARENTE-scaled.png\",\"contentUrl\":\"https:\/\/www.sinchisinchi.com\/wp-content\/uploads\/2026\/01\/3b-Verde-SIMPLIFICADO-HORIZONTAL-F-TRANSPARENTE-scaled.png\",\"width\":2560,\"height\":457,\"caption\":\"SINCHI S.L\"},\"image\":{\"@id\":\"https:\/\/www.sinchisinchi.com\/es\/#\/schema\/logo\/image\/\"},\"sameAs\":[\"https:\/\/www.facebook.com\/sinchirape\/\",\"https:\/\/www.instagram.com\/sinchi_rape\/\"]}]}<\/script>\n<!-- \/ Yoast SEO plugin. -->","yoast_head_json":{"title":"Jab\u00f3n con Aceite de Oliva: Tienda Cham\u00e1nica","description":"Dioses como Atenea y H\u00e9rcules tienen al Olivo como elemento caracter\u00edstico: Simbolizaba la paz y la prosperidad, as\u00ed como la resurrecci\u00f3n y la esperanza.","robots":{"index":"index","follow":"follow","max-snippet":"max-snippet:-1","max-image-preview":"max-image-preview:large","max-video-preview":"max-video-preview:-1"},"canonical":"https:\/\/www.sinchisinchi.com\/es\/producto\/aceite-de-oliva\/","og_locale":"es_ES","og_type":"article","og_title":"Jab\u00f3n con Aceite de Oliva: Tienda Cham\u00e1nica","og_description":"Dioses como Atenea y H\u00e9rcules tienen al Olivo como elemento caracter\u00edstico: Simbolizaba la paz y la prosperidad, as\u00ed como la resurrecci\u00f3n y la esperanza.","og_url":"https:\/\/www.sinchisinchi.com\/es\/producto\/aceite-de-oliva\/","og_site_name":"SINCHI RAP\u00c9","article_publisher":"https:\/\/www.facebook.com\/sinchirape\/","article_modified_time":"2026-01-13T08:07:10+00:00","og_image":[{"width":800,"height":800,"url":"https:\/\/www.sinchisinchi.com\/wp-content\/uploads\/2024\/05\/aceite-de-oliva.webp","type":"image\/webp"}],"twitter_card":"summary_large_image","twitter_misc":{"Tiempo de lectura":"7 minutos"},"schema":{"@context":"https:\/\/schema.org","@graph":[{"@type":"WebPage","@id":"https:\/\/www.sinchisinchi.com\/es\/producto\/aceite-de-oliva\/","url":"https:\/\/www.sinchisinchi.com\/es\/producto\/aceite-de-oliva\/","name":"Jab\u00f3n con Aceite de Oliva: Tienda Cham\u00e1nica","isPartOf":{"@id":"https:\/\/www.sinchisinchi.com\/es\/#website"},"primaryImageOfPage":{"@id":"https:\/\/www.sinchisinchi.com\/es\/producto\/aceite-de-oliva\/#primaryimage"},"image":{"@id":"https:\/\/www.sinchisinchi.com\/es\/producto\/aceite-de-oliva\/#primaryimage"},"thumbnailUrl":"https:\/\/www.sinchisinchi.com\/wp-content\/uploads\/2024\/05\/aceite-de-oliva.webp","datePublished":"2024-05-07T08:30:43+00:00","dateModified":"2026-01-13T08:07:10+00:00","description":"Dioses como Atenea y H\u00e9rcules tienen al Olivo como elemento caracter\u00edstico: Simbolizaba la paz y la prosperidad, as\u00ed como la resurrecci\u00f3n y la esperanza.","breadcrumb":{"@id":"https:\/\/www.sinchisinchi.com\/es\/producto\/aceite-de-oliva\/#breadcrumb"},"inLanguage":"es","potentialAction":[{"@type":"ReadAction","target":["https:\/\/www.sinchisinchi.com\/es\/producto\/aceite-de-oliva\/"]}]},{"@type":"ImageObject","inLanguage":"es","@id":"https:\/\/www.sinchisinchi.com\/es\/producto\/aceite-de-oliva\/#primaryimage","url":"https:\/\/www.sinchisinchi.com\/wp-content\/uploads\/2024\/05\/aceite-de-oliva.webp","contentUrl":"https:\/\/www.sinchisinchi.com\/wp-content\/uploads\/2024\/05\/aceite-de-oliva.webp","width":800,"height":800},{"@type":"BreadcrumbList","@id":"https:\/\/www.sinchisinchi.com\/es\/producto\/aceite-de-oliva\/#breadcrumb","itemListElement":[{"@type":"ListItem","position":1,"name":"Prima pagina","item":"https:\/\/www.sinchisinchi.com\/es\/"},{"@type":"ListItem","position":2,"name":"Productos","item":"https:\/\/www.sinchisinchi.com\/es\/shop\/"},{"@type":"ListItem","position":3,"name":"Aceite de Oliva"}]},{"@type":"WebSite","@id":"https:\/\/www.sinchisinchi.com\/es\/#website","url":"https:\/\/www.sinchisinchi.com\/es\/","name":"SINCHI","description":"Sinchi Medicine","publisher":{"@id":"https:\/\/www.sinchisinchi.com\/es\/#organization"},"potentialAction":[{"@type":"SearchAction","target":{"@type":"EntryPoint","urlTemplate":"https:\/\/www.sinchisinchi.com\/es\/?s={search_term_string}"},"query-input":{"@type":"PropertyValueSpecification","valueRequired":true,"valueName":"search_term_string"}}],"inLanguage":"es"},{"@type":"Organization","@id":"https:\/\/www.sinchisinchi.com\/es\/#organization","name":"SINCHI S.L","url":"https:\/\/www.sinchisinchi.com\/es\/","logo":{"@type":"ImageObject","inLanguage":"es","@id":"https:\/\/www.sinchisinchi.com\/es\/#\/schema\/logo\/image\/","url":"https:\/\/www.sinchisinchi.com\/wp-content\/uploads\/2026\/01\/3b-Verde-SIMPLIFICADO-HORIZONTAL-F-TRANSPARENTE-scaled.png","contentUrl":"https:\/\/www.sinchisinchi.com\/wp-content\/uploads\/2026\/01\/3b-Verde-SIMPLIFICADO-HORIZONTAL-F-TRANSPARENTE-scaled.png","width":2560,"height":457,"caption":"SINCHI S.L"},"image":{"@id":"https:\/\/www.sinchisinchi.com\/es\/#\/schema\/logo\/image\/"},"sameAs":["https:\/\/www.facebook.com\/sinchirape\/","https:\/\/www.instagram.com\/sinchi_rape\/"]}]}},"_links":{"self":[{"href":"https:\/\/www.sinchisinchi.com\/es\/wp-json\/wp\/v2\/product\/13928","targetHints":{"allow":["GET"]}}],"collection":[{"href":"https:\/\/www.sinchisinchi.com\/es\/wp-json\/wp\/v2\/product"}],"about":[{"href":"https:\/\/www.sinchisinchi.com\/es\/wp-json\/wp\/v2\/types\/product"}],"wp:featuredmedia":[{"embeddable":true,"href":"https:\/\/www.sinchisinchi.com\/es\/wp-json\/wp\/v2\/media\/13929"}],"wp:attachment":[{"href":"https:\/\/www.sinchisinchi.com\/es\/wp-json\/wp\/v2\/media?parent=13928"}],"wp:term":[{"taxonomy":"product_brand","embeddable":true,"href":"https:\/\/www.sinchisinchi.com\/es\/wp-json\/wp\/v2\/product_brand?post=13928"},{"taxonomy":"product_cat","embeddable":true,"href":"https:\/\/www.sinchisinchi.com\/es\/wp-json\/wp\/v2\/product_cat?post=13928"},{"taxonomy":"product_tag","embeddable":true,"href":"https:\/\/www.sinchisinchi.com\/es\/wp-json\/wp\/v2\/product_tag?post=13928"}],"curies":[{"name":"wp","href":"https:\/\/api.w.org\/{rel}","templated":true}]}}