{"id":13944,"date":"2024-05-07T11:05:04","date_gmt":"2024-05-07T11:05:04","guid":{"rendered":"https:\/\/www.sinchisinchi.com\/?post_type=product&#038;p=13944"},"modified":"2026-01-13T08:06:52","modified_gmt":"2026-01-13T08:06:52","slug":"aloe-vera","status":"publish","type":"product","link":"https:\/\/www.sinchisinchi.com\/es\/producto\/aloe-vera\/","title":{"rendered":"Aloe Vera"},"content":{"rendered":"<h2 style=\"font-weight: 400; text-align: center;\"><strong><span style=\"color: #000000;\">Historia<\/span><\/strong><\/h2>\n<p>&nbsp;<\/p>\n<h3 style=\"font-weight: 400; text-align: center;\"><strong><span style=\"color: #000000;\">Mundo \u00c1rabe<\/span><\/strong><\/h3>\n<p style=\"font-weight: 400;\"><span style=\"color: #000000;\">La planta de Aloe vera es originaria de \u00c1frica, espec\u00edficamente de la pen\u00ednsula de Arabia. Su nombre gen\u00e9rico Aloe proviene del t\u00e9rmino \u00e1rabe alloeh que significa sustancia brillante y amarga, se le denomina tambi\u00e9n con el nombre de s\u00e1bila; \u00e9sta y otras variantes se debe a la deformaci\u00f3n del vocablo \u00e1rabe \u00c7abila que significa planta espinosa.<\/span><\/p>\n<p style=\"font-weight: 400;\"><span style=\"color: #000000;\">Fueron los primeros en comercializar la planta. Extra\u00edan la pulpa en un procedimiento con prensas de madera o pisando las mismas hojas, de modo similar al proceso de obtenci\u00f3n del vino.<\/span><\/p>\n<p style=\"font-weight: 400;\"><span style=\"color: #000000;\">Despu\u00e9s, lo dejaban secar al sol y el gel que quedaba reducido a polvo, haciendo m\u00e1s f\u00e1cil su comercializaci\u00f3n. Gracias a ello, en el siglo VI a.C el Aloe Vera ya hab\u00eda sido exportado a Persia e India.<\/span><\/p>\n<p>&nbsp;<\/p>\n<h3 style=\"font-weight: 400; text-align: center;\"><strong><span style=\"color: #000000;\">Egipto<\/span><\/strong><\/h3>\n<p style=\"font-weight: 400;\"><span style=\"color: #000000;\">Al contener propiedades cosm\u00e9ticas, Cleopatra y Nefertiti utilizaban el jugo de la planta para sus rituales de belleza diarios. Tambi\u00e9n se utilizaba por parte de los sacerdotes en el proceso de embalsamamiento de los faraones, en los rituales de enterramiento egipcios. Entre los antiguos egipcios, se le conoc\u00eda como la planta de la inmortalidad.<\/span><\/p>\n<p style=\"font-weight: 400;\"><span style=\"color: #000000;\">En el papiro Ebers, o \u201cLibro de los remedios\u201d, tratado egipcio de medicina del siglo XV a.C, que se conserva en Leipzig, se detalla m\u00e1s de una docena de remedios elaborados con aloe vera.<\/span><\/p>\n<p>&nbsp;<\/p>\n<h3 style=\"font-weight: 400; text-align: center;\"><strong><span style=\"color: #000000;\">Grecia<\/span><\/strong><\/h3>\n<p style=\"font-weight: 400;\"><span style=\"color: #000000;\">Hip\u00f3crates, habla sobre sus propiedades medicinales.<\/span><\/p>\n<p style=\"font-weight: 400;\"><span style=\"color: #000000;\">Seg\u00fan la leyenda, Alejandro Magno, herido por una flecha en el asedio a Gaza, us\u00f3 un brebaje con Aloe Vera para sanar su herida. Al quedar fascinado por los poderes curativos de la planta, decide conquistar Socotra, una isla en donde abundaban los cultivos de Aloe vera.<\/span><\/p>\n<p>&nbsp;<\/p>\n<h3 style=\"font-weight: 400; text-align: center;\"><strong><span style=\"color: #000000;\">Roma<\/span><\/strong><\/h3>\n<p style=\"font-weight: 400;\"><span style=\"color: #000000;\">Los romanos descubren la planta durante las guerras p\u00fanicas y quedan fascinados por su poder curativo en las y cicatrices de los guerreros.<\/span><\/p>\n<p style=\"font-weight: 400;\"><span style=\"color: #000000;\">Durante el mandato del emperador Ner\u00f3n, su m\u00e9dico Diosc\u00f3rides, relat\u00f3 en su tratado De materia m\u00e9dica el uso hist\u00f3rico de unas 600 plantas medicinales entre las que estaba una de sus favoritas, el Aloe Vera. Consideraba la planta id\u00f3nea para el tratamiento de enfermedades y dolencias, destacada por su poder anticoagulante de la sangre de las heridas y por sus virtudes cicatrizantes.<\/span><\/p>\n<p>&nbsp;<\/p>\n<h3 style=\"font-weight: 400; text-align: center;\"><strong><span style=\"color: #000000;\">Extremo Oriente<\/span><\/strong><\/h3>\n<p style=\"font-weight: 400;\"><span style=\"color: #000000;\">Los chinos fueron los primeros en usar la planta con fines medicinales. En Jap\u00f3n, los samur\u00e1is se untaban el gel de la planta para ahuyentar a los malos esp\u00edritus y conseguir la inmortalidad.<\/span><\/p>\n<p>&nbsp;<\/p>\n<h3 style=\"font-weight: 400; text-align: center;\"><strong><span style=\"color: #000000;\">Espa\u00f1a<\/span><\/strong><\/h3>\n<p style=\"font-weight: 400;\"><span style=\"color: #000000;\">Durante el siglo XVI, los monjes jesuitas espa\u00f1oles recolectaron el aloe vera silvestre y lo esparcieron en \u00e1reas donde a\u00fan no se hab\u00eda cultivado. Los indios mayas bautizaron el zumo de esta planta del desierto como la \u00abFuente de la Juventud\u201d y tambi\u00e9n la usaron como repelente de insectos sobre madera y otros materiales vulnerables que a da\u00f1os por insectos.<\/span><\/p>\n<p style=\"font-weight: 400;\"><span style=\"color: #000000;\">Al continente americano fue introducida por Crist\u00f3bal Col\u00f3n en los tiempos del descubrimiento de Am\u00e9rica, debido a que \u00e9ste la utilizaba como medicina para su tripulaci\u00f3n. En esos a\u00f1os Espa\u00f1a ya ten\u00eda plantaciones considerables de este vegetal, probablemente dejadas como herencia de la invasi\u00f3n musulmana.<\/span><\/p>\n<p>&nbsp;<\/p>\n<h2 style=\"font-weight: 400; text-align: center;\"><strong><span style=\"color: #000000;\">Planta<\/span><\/strong><\/h2>\n<p style=\"font-weight: 400;\"><span style=\"color: #000000;\">El Aloe vera (Aloe barbadensis Miller) pertenece a la misma familia que el ajo, la cebolla y los esp\u00e1rragos, todos conocidos por presentar propiedades medicinales.<\/span><\/p>\n<p style=\"font-weight: 400;\"><span style=\"color: #000000;\">Tiene hojas alongadas, carnosas y ricas en agua, alcanza una altura de 50 a 70 cm con tallos de 30 a 40 cm de longitud, con el borde dentado, y sus flores son amarillas. Se adapta a vivir en \u00e1reas de poca disponibilidad de agua y tiene gran capacidad para su almacenamiento.<\/span><\/p>\n<p style=\"font-weight: 400;\"><span style=\"color: #000000;\">De alrededor de 300 especies de Aloe, son cuatro tipos las que presentan mayores propiedades medicinales: Aloe barbadensis Miller, Aloe perryi Baker, Aloe ferox y Aloe arborescens. Aloe barbadensis Miller es la m\u00e1s utilizada en medicina y cosm\u00e9tica.<\/span><\/p>\n","protected":false},"excerpt":{"rendered":"<p style=\"font-weight: 400;\"><span style=\"color: #000000;\">El jab\u00f3n natural de Aloe Vera combina las excelentes propiedades del jab\u00f3n de Marsella con las del Aloe, ayudando a una r\u00e1pida regeneraci\u00f3n de la piel gracias a sus vitaminas A, C, amino\u00e1cidos y antraquinonas.<\/span><\/p>\n<p style=\"font-weight: 400;\"><span style=\"color: #000000;\">Desde la antig\u00fcedad, diferentes pueblos y culturas observaron que cuando se produce un corte en alguna de las hojas del Aloe Vera, cicatriza de inmediato. Tradicionalmente es usado para curar quemaduras, heridas y afecciones cut\u00e1neas.<\/span><\/p>\n<p style=\"font-weight: 400;\"><span style=\"color: #000000;\">El aloe vera fue para los egipcios la planta de la inmortalidad, para los sumerios una m\u00e1gica virtud, para los templarios el elixir de Jerusal\u00e9n, y para los \u00e1rabes la fuente eterna de la juventud. El pueblo egipcio fue, probablemente, el primero en utilizar el aloe vera. El documento m\u00e1s antiguo en el que aparece es el papiro Ebers.<\/span><\/p>\n<p style=\"font-weight: 400;\"><span style=\"color: #000000;\">El Aloe Vera es una planta perteneciente al g\u00e9nero femenino, se asocia a la luna, al elemento agua. Tradicionalmente, se usa para atraer la buena suerte y por sus poderosas propiedades de protecci\u00f3n.<\/span><\/p>\n<p style=\"font-weight: 400;\"><span style=\"color: #000000;\">Este jab\u00f3n es fabricado de forma artesanal en Marsella siguiendo los antiguos m\u00e9todos y recetas ancestrales utilizando ingredientes completamente naturales: agua de mar del Mediterr\u00e1neo, aceite esencial de S\u00e1ndalo, aceites vegetales de gran calidad, y carbonato de sodio. Es 100% biodegradable.<\/span><\/p>\n<p>&nbsp;<\/p>\n<p><span style=\"color: #000000;\"><strong>Tama\u00f1o:<\/strong> 125gr<\/span><\/p>\n<p style=\"font-weight: 400;\">\n","protected":false},"featured_media":13946,"template":"","meta":{"_joinchat":[]},"product_brand":[],"product_cat":[329,16],"product_tag":[],"class_list":{"0":"post-13944","1":"product","2":"type-product","3":"status-publish","4":"has-post-thumbnail","6":"product_cat-jabones","7":"product_cat-varios","9":"first","10":"instock","11":"taxable","12":"shipping-taxable","13":"purchasable","14":"product-type-simple"},"yoast_head":"<!-- This site is optimized with the Yoast SEO plugin v27.1.1 - https:\/\/yoast.com\/product\/yoast-seo-wordpress\/ -->\n<title>Jab\u00f3n de Aloe Vera: Tienda Cham\u00e1nica<\/title>\n<meta name=\"description\" content=\"El aloe vera fue para los egipcios la planta de la inmortalidad, para los templarios el elixir de Jerusal\u00e9n, y para los \u00e1rabes la fuente de la juventud.\" \/>\n<meta name=\"robots\" content=\"index, follow, max-snippet:-1, max-image-preview:large, max-video-preview:-1\" \/>\n<link rel=\"canonical\" href=\"https:\/\/www.sinchisinchi.com\/es\/producto\/aloe-vera\/\" \/>\n<meta property=\"og:locale\" content=\"es_ES\" \/>\n<meta property=\"og:type\" content=\"article\" \/>\n<meta property=\"og:title\" content=\"Jab\u00f3n de Aloe Vera: Tienda Cham\u00e1nica\" \/>\n<meta property=\"og:description\" content=\"El aloe vera fue para los egipcios la planta de la inmortalidad, para los templarios el elixir de Jerusal\u00e9n, y para los \u00e1rabes la fuente de la juventud.\" \/>\n<meta property=\"og:url\" content=\"https:\/\/www.sinchisinchi.com\/es\/producto\/aloe-vera\/\" \/>\n<meta property=\"og:site_name\" content=\"SINCHI RAP\u00c9\" \/>\n<meta property=\"article:publisher\" content=\"https:\/\/www.facebook.com\/sinchirape\/\" \/>\n<meta property=\"article:modified_time\" content=\"2026-01-13T08:06:52+00:00\" \/>\n<meta property=\"og:image\" content=\"https:\/\/www.sinchisinchi.com\/wp-content\/uploads\/2024\/05\/18-Aloe-vera.jpg\" \/>\n\t<meta property=\"og:image:width\" content=\"1024\" \/>\n\t<meta property=\"og:image:height\" content=\"1024\" \/>\n\t<meta property=\"og:image:type\" content=\"image\/jpeg\" \/>\n<meta name=\"twitter:card\" content=\"summary_large_image\" \/>\n<meta name=\"twitter:label1\" content=\"Tiempo de lectura\" \/>\n\t<meta name=\"twitter:data1\" content=\"3 minutos\" \/>\n<script type=\"application\/ld+json\" class=\"yoast-schema-graph\">{\"@context\":\"https:\/\/schema.org\",\"@graph\":[{\"@type\":\"WebPage\",\"@id\":\"https:\/\/www.sinchisinchi.com\/es\/producto\/aloe-vera\/\",\"url\":\"https:\/\/www.sinchisinchi.com\/es\/producto\/aloe-vera\/\",\"name\":\"Jab\u00f3n de Aloe Vera: Tienda Cham\u00e1nica\",\"isPartOf\":{\"@id\":\"https:\/\/www.sinchisinchi.com\/es\/#website\"},\"primaryImageOfPage\":{\"@id\":\"https:\/\/www.sinchisinchi.com\/es\/producto\/aloe-vera\/#primaryimage\"},\"image\":{\"@id\":\"https:\/\/www.sinchisinchi.com\/es\/producto\/aloe-vera\/#primaryimage\"},\"thumbnailUrl\":\"https:\/\/www.sinchisinchi.com\/wp-content\/uploads\/2024\/05\/18-Aloe-vera.jpg\",\"datePublished\":\"2024-05-07T11:05:04+00:00\",\"dateModified\":\"2026-01-13T08:06:52+00:00\",\"description\":\"El aloe vera fue para los egipcios la planta de la inmortalidad, para los templarios el elixir de Jerusal\u00e9n, y para los \u00e1rabes la fuente de la juventud.\",\"breadcrumb\":{\"@id\":\"https:\/\/www.sinchisinchi.com\/es\/producto\/aloe-vera\/#breadcrumb\"},\"inLanguage\":\"es\",\"potentialAction\":[{\"@type\":\"ReadAction\",\"target\":[\"https:\/\/www.sinchisinchi.com\/es\/producto\/aloe-vera\/\"]}]},{\"@type\":\"ImageObject\",\"inLanguage\":\"es\",\"@id\":\"https:\/\/www.sinchisinchi.com\/es\/producto\/aloe-vera\/#primaryimage\",\"url\":\"https:\/\/www.sinchisinchi.com\/wp-content\/uploads\/2024\/05\/18-Aloe-vera.jpg\",\"contentUrl\":\"https:\/\/www.sinchisinchi.com\/wp-content\/uploads\/2024\/05\/18-Aloe-vera.jpg\",\"width\":1024,\"height\":1024},{\"@type\":\"BreadcrumbList\",\"@id\":\"https:\/\/www.sinchisinchi.com\/es\/producto\/aloe-vera\/#breadcrumb\",\"itemListElement\":[{\"@type\":\"ListItem\",\"position\":1,\"name\":\"Prima pagina\",\"item\":\"https:\/\/www.sinchisinchi.com\/es\/\"},{\"@type\":\"ListItem\",\"position\":2,\"name\":\"Productos\",\"item\":\"https:\/\/www.sinchisinchi.com\/es\/shop\/\"},{\"@type\":\"ListItem\",\"position\":3,\"name\":\"Aloe Vera\"}]},{\"@type\":\"WebSite\",\"@id\":\"https:\/\/www.sinchisinchi.com\/es\/#website\",\"url\":\"https:\/\/www.sinchisinchi.com\/es\/\",\"name\":\"SINCHI\",\"description\":\"Sinchi Medicine\",\"publisher\":{\"@id\":\"https:\/\/www.sinchisinchi.com\/es\/#organization\"},\"potentialAction\":[{\"@type\":\"SearchAction\",\"target\":{\"@type\":\"EntryPoint\",\"urlTemplate\":\"https:\/\/www.sinchisinchi.com\/es\/?s={search_term_string}\"},\"query-input\":{\"@type\":\"PropertyValueSpecification\",\"valueRequired\":true,\"valueName\":\"search_term_string\"}}],\"inLanguage\":\"es\"},{\"@type\":\"Organization\",\"@id\":\"https:\/\/www.sinchisinchi.com\/es\/#organization\",\"name\":\"SINCHI S.L\",\"url\":\"https:\/\/www.sinchisinchi.com\/es\/\",\"logo\":{\"@type\":\"ImageObject\",\"inLanguage\":\"es\",\"@id\":\"https:\/\/www.sinchisinchi.com\/es\/#\/schema\/logo\/image\/\",\"url\":\"https:\/\/www.sinchisinchi.com\/wp-content\/uploads\/2026\/01\/3b-Verde-SIMPLIFICADO-HORIZONTAL-F-TRANSPARENTE-scaled.png\",\"contentUrl\":\"https:\/\/www.sinchisinchi.com\/wp-content\/uploads\/2026\/01\/3b-Verde-SIMPLIFICADO-HORIZONTAL-F-TRANSPARENTE-scaled.png\",\"width\":2560,\"height\":457,\"caption\":\"SINCHI S.L\"},\"image\":{\"@id\":\"https:\/\/www.sinchisinchi.com\/es\/#\/schema\/logo\/image\/\"},\"sameAs\":[\"https:\/\/www.facebook.com\/sinchirape\/\",\"https:\/\/www.instagram.com\/sinchi_rape\/\"]}]}<\/script>\n<!-- \/ Yoast SEO plugin. -->","yoast_head_json":{"title":"Jab\u00f3n de Aloe Vera: Tienda Cham\u00e1nica","description":"El aloe vera fue para los egipcios la planta de la inmortalidad, para los templarios el elixir de Jerusal\u00e9n, y para los \u00e1rabes la fuente de la juventud.","robots":{"index":"index","follow":"follow","max-snippet":"max-snippet:-1","max-image-preview":"max-image-preview:large","max-video-preview":"max-video-preview:-1"},"canonical":"https:\/\/www.sinchisinchi.com\/es\/producto\/aloe-vera\/","og_locale":"es_ES","og_type":"article","og_title":"Jab\u00f3n de Aloe Vera: Tienda Cham\u00e1nica","og_description":"El aloe vera fue para los egipcios la planta de la inmortalidad, para los templarios el elixir de Jerusal\u00e9n, y para los \u00e1rabes la fuente de la juventud.","og_url":"https:\/\/www.sinchisinchi.com\/es\/producto\/aloe-vera\/","og_site_name":"SINCHI RAP\u00c9","article_publisher":"https:\/\/www.facebook.com\/sinchirape\/","article_modified_time":"2026-01-13T08:06:52+00:00","og_image":[{"width":1024,"height":1024,"url":"https:\/\/www.sinchisinchi.com\/wp-content\/uploads\/2024\/05\/18-Aloe-vera.jpg","type":"image\/jpeg"}],"twitter_card":"summary_large_image","twitter_misc":{"Tiempo de lectura":"3 minutos"},"schema":{"@context":"https:\/\/schema.org","@graph":[{"@type":"WebPage","@id":"https:\/\/www.sinchisinchi.com\/es\/producto\/aloe-vera\/","url":"https:\/\/www.sinchisinchi.com\/es\/producto\/aloe-vera\/","name":"Jab\u00f3n de Aloe Vera: Tienda Cham\u00e1nica","isPartOf":{"@id":"https:\/\/www.sinchisinchi.com\/es\/#website"},"primaryImageOfPage":{"@id":"https:\/\/www.sinchisinchi.com\/es\/producto\/aloe-vera\/#primaryimage"},"image":{"@id":"https:\/\/www.sinchisinchi.com\/es\/producto\/aloe-vera\/#primaryimage"},"thumbnailUrl":"https:\/\/www.sinchisinchi.com\/wp-content\/uploads\/2024\/05\/18-Aloe-vera.jpg","datePublished":"2024-05-07T11:05:04+00:00","dateModified":"2026-01-13T08:06:52+00:00","description":"El aloe vera fue para los egipcios la planta de la inmortalidad, para los templarios el elixir de Jerusal\u00e9n, y para los \u00e1rabes la fuente de la juventud.","breadcrumb":{"@id":"https:\/\/www.sinchisinchi.com\/es\/producto\/aloe-vera\/#breadcrumb"},"inLanguage":"es","potentialAction":[{"@type":"ReadAction","target":["https:\/\/www.sinchisinchi.com\/es\/producto\/aloe-vera\/"]}]},{"@type":"ImageObject","inLanguage":"es","@id":"https:\/\/www.sinchisinchi.com\/es\/producto\/aloe-vera\/#primaryimage","url":"https:\/\/www.sinchisinchi.com\/wp-content\/uploads\/2024\/05\/18-Aloe-vera.jpg","contentUrl":"https:\/\/www.sinchisinchi.com\/wp-content\/uploads\/2024\/05\/18-Aloe-vera.jpg","width":1024,"height":1024},{"@type":"BreadcrumbList","@id":"https:\/\/www.sinchisinchi.com\/es\/producto\/aloe-vera\/#breadcrumb","itemListElement":[{"@type":"ListItem","position":1,"name":"Prima pagina","item":"https:\/\/www.sinchisinchi.com\/es\/"},{"@type":"ListItem","position":2,"name":"Productos","item":"https:\/\/www.sinchisinchi.com\/es\/shop\/"},{"@type":"ListItem","position":3,"name":"Aloe Vera"}]},{"@type":"WebSite","@id":"https:\/\/www.sinchisinchi.com\/es\/#website","url":"https:\/\/www.sinchisinchi.com\/es\/","name":"SINCHI","description":"Sinchi Medicine","publisher":{"@id":"https:\/\/www.sinchisinchi.com\/es\/#organization"},"potentialAction":[{"@type":"SearchAction","target":{"@type":"EntryPoint","urlTemplate":"https:\/\/www.sinchisinchi.com\/es\/?s={search_term_string}"},"query-input":{"@type":"PropertyValueSpecification","valueRequired":true,"valueName":"search_term_string"}}],"inLanguage":"es"},{"@type":"Organization","@id":"https:\/\/www.sinchisinchi.com\/es\/#organization","name":"SINCHI S.L","url":"https:\/\/www.sinchisinchi.com\/es\/","logo":{"@type":"ImageObject","inLanguage":"es","@id":"https:\/\/www.sinchisinchi.com\/es\/#\/schema\/logo\/image\/","url":"https:\/\/www.sinchisinchi.com\/wp-content\/uploads\/2026\/01\/3b-Verde-SIMPLIFICADO-HORIZONTAL-F-TRANSPARENTE-scaled.png","contentUrl":"https:\/\/www.sinchisinchi.com\/wp-content\/uploads\/2026\/01\/3b-Verde-SIMPLIFICADO-HORIZONTAL-F-TRANSPARENTE-scaled.png","width":2560,"height":457,"caption":"SINCHI S.L"},"image":{"@id":"https:\/\/www.sinchisinchi.com\/es\/#\/schema\/logo\/image\/"},"sameAs":["https:\/\/www.facebook.com\/sinchirape\/","https:\/\/www.instagram.com\/sinchi_rape\/"]}]}},"_links":{"self":[{"href":"https:\/\/www.sinchisinchi.com\/es\/wp-json\/wp\/v2\/product\/13944","targetHints":{"allow":["GET"]}}],"collection":[{"href":"https:\/\/www.sinchisinchi.com\/es\/wp-json\/wp\/v2\/product"}],"about":[{"href":"https:\/\/www.sinchisinchi.com\/es\/wp-json\/wp\/v2\/types\/product"}],"wp:featuredmedia":[{"embeddable":true,"href":"https:\/\/www.sinchisinchi.com\/es\/wp-json\/wp\/v2\/media\/13946"}],"wp:attachment":[{"href":"https:\/\/www.sinchisinchi.com\/es\/wp-json\/wp\/v2\/media?parent=13944"}],"wp:term":[{"taxonomy":"product_brand","embeddable":true,"href":"https:\/\/www.sinchisinchi.com\/es\/wp-json\/wp\/v2\/product_brand?post=13944"},{"taxonomy":"product_cat","embeddable":true,"href":"https:\/\/www.sinchisinchi.com\/es\/wp-json\/wp\/v2\/product_cat?post=13944"},{"taxonomy":"product_tag","embeddable":true,"href":"https:\/\/www.sinchisinchi.com\/es\/wp-json\/wp\/v2\/product_tag?post=13944"}],"curies":[{"name":"wp","href":"https:\/\/api.w.org\/{rel}","templated":true}]}}