{"id":13974,"date":"2024-05-08T07:58:35","date_gmt":"2024-05-08T07:58:35","guid":{"rendered":"https:\/\/www.sinchisinchi.com\/?post_type=product&#038;p=13974"},"modified":"2026-01-13T08:06:43","modified_gmt":"2026-01-13T08:06:43","slug":"rosa","status":"publish","type":"product","link":"https:\/\/www.sinchisinchi.com\/es\/producto\/rosa\/","title":{"rendered":"Rosa"},"content":{"rendered":"<p style=\"font-weight: 400;\"><span style=\"color: #000000;\">La rosa es una planta de <strong>g\u00e9nero femenino<\/strong>, asociada a <strong>venus,<\/strong> al <strong>elemento agua<\/strong> y a una gran cantidad de <strong>dioses:<\/strong> Hathor, Hulda, Eros, Cupido, Dem\u00e9ter, Isis, Harpocrates y Aurora. Tradicionalmente se usa por sus propiedades relacionadas con el amor, el poder mental, la sanaci\u00f3n, adivinaci\u00f3n, buena fortuna y protecci\u00f3n.<\/span><\/p>\n<p style=\"font-weight: 400;\"><span style=\"color: #000000;\">La rosa es una planta relacionada con el amor; su sensualidad floral y seductora la hace afrodisiaca, se considera una flor sagrada, s\u00edmbolo del amor desinteresado.<\/span><\/p>\n<p style=\"font-weight: 400;\"><span style=\"color: #000000;\">Tiene una gran capacidad para curar heridas emocionales; cuando el rechazo o alguna p\u00e9rdida han disminuido el amor propio, el aceite de rosa brinda un consuelo dulce, uniendo la mente con el coraz\u00f3n y llevando calor al alma.<\/span><\/p>\n<p><span style=\"font-weight: 400; color: #000000;\">La mitolog\u00eda griega atribuye el origen de las rosas a la diosa Cibeles, tambi\u00e9n conocida como Frigia, quien, ya que la belleza de Afrodita no ten\u00eda rival, cre\u00f3 esta delicada y hermosa flor para que la diosa del amor y la belleza tuviera una digna comparaci\u00f3n.<\/span><\/p>\n","protected":false},"excerpt":{"rendered":"<p style=\"font-weight: 400;\"><span style=\"color: #000000;\">El jab\u00f3n de Rosas est\u00e1 especialmente indicado para pieles sensibles. Tiene propiedades calmantes, purificantes, antiinflamatorias y, cicatrizantes.<\/span><\/p>\n<p style=\"font-weight: 400;\"><span style=\"color: #000000;\">Cuida, protege, fortalece la piel. Reduce la aparici\u00f3n de imperfecciones, promoviendo una piel uniforme y saludable. Gracias a su alto contenido en vitamina C, tiene propiedades rejuvenecedoras.<\/span><\/p>\n<p style=\"font-weight: 400;\"><span style=\"color: #000000;\">El jab\u00f3n de rosa contiene aceites naturales que devuelven la humedad e hidrataci\u00f3n a la piel, la suaviza y alisa gracias a sus propiedades regeneradoras de la epidermis.<\/span><\/p>\n<p style=\"font-weight: 400;\"><span style=\"color: #000000;\">Debido a las propiedades de las rosas, es ideal como t\u00f3nico y limpiador facial, tonifica y brinda una apariencia fresca, su uso diario disminuye la aparici\u00f3n de arrugas cerrando los poros abiertos y devolviendo la elasticidad.<\/span><\/p>\n<p style=\"font-weight: 400;\"><span style=\"color: #000000;\">Este jab\u00f3n es fabricado de forma artesanal en Marsella siguiendo el m\u00e9todo ancestral e ingredientes naturales, agua de mar del Mediterr\u00e1neo, aceite esencial de rosa, p\u00e9talos de rosas, aceites vegetales de la mejor calidad y carbonato de sodio.<\/span><\/p>\n<p>&nbsp;<\/p>\n<p><span style=\"color: #000000;\"><strong>Tama\u00f1o:<\/strong> 125gr<\/span><\/p>\n","protected":false},"featured_media":13975,"template":"","meta":{"_joinchat":[]},"product_brand":[],"product_cat":[329],"product_tag":[],"class_list":{"0":"post-13974","1":"product","2":"type-product","3":"status-publish","4":"has-post-thumbnail","6":"product_cat-jabones","8":"first","9":"instock","10":"taxable","11":"shipping-taxable","12":"purchasable","13":"product-type-simple"},"yoast_head":"<!-- This site is optimized with the Yoast SEO plugin v27.4 - https:\/\/yoast.com\/product\/yoast-seo-wordpress\/ -->\n<title>Jab\u00f3n de Rosas: Tienda Cham\u00e1nica<\/title>\n<meta name=\"description\" content=\"Jab\u00f3n de Rosas: Est\u00e1 especialmente indicado para pieles sensibles. Tiene propiedades calmantes, purificantes, antiinflamatorias y, cicatrizantes.\" \/>\n<meta name=\"robots\" content=\"index, follow, max-snippet:-1, max-image-preview:large, max-video-preview:-1\" \/>\n<link rel=\"canonical\" href=\"https:\/\/www.sinchisinchi.com\/es\/producto\/rosa\/\" \/>\n<meta property=\"og:locale\" content=\"es_ES\" \/>\n<meta property=\"og:type\" content=\"article\" \/>\n<meta property=\"og:title\" content=\"Jab\u00f3n de Rosas: Tienda Cham\u00e1nica\" \/>\n<meta property=\"og:description\" content=\"Jab\u00f3n de Rosas: Est\u00e1 especialmente indicado para pieles sensibles. Tiene propiedades calmantes, purificantes, antiinflamatorias y, cicatrizantes.\" \/>\n<meta property=\"og:url\" content=\"https:\/\/www.sinchisinchi.com\/es\/producto\/rosa\/\" \/>\n<meta property=\"og:site_name\" content=\"SINCHI RAP\u00c9\" \/>\n<meta property=\"article:publisher\" content=\"https:\/\/www.facebook.com\/sinchirape\/\" \/>\n<meta property=\"article:modified_time\" content=\"2026-01-13T08:06:43+00:00\" \/>\n<meta property=\"og:image\" content=\"https:\/\/www.sinchisinchi.com\/wp-content\/uploads\/2024\/05\/WhatsApp-Image-2024-05-08-at-09.55.28.jpeg\" \/>\n\t<meta property=\"og:image:width\" content=\"1024\" \/>\n\t<meta property=\"og:image:height\" content=\"1024\" \/>\n\t<meta property=\"og:image:type\" content=\"image\/jpeg\" \/>\n<meta name=\"twitter:card\" content=\"summary_large_image\" \/>\n<meta name=\"twitter:label1\" content=\"Tiempo de lectura\" \/>\n\t<meta name=\"twitter:data1\" content=\"1 minuto\" \/>\n<script type=\"application\/ld+json\" class=\"yoast-schema-graph\">{\"@context\":\"https:\\\/\\\/schema.org\",\"@graph\":[{\"@type\":\"WebPage\",\"@id\":\"https:\\\/\\\/www.sinchisinchi.com\\\/es\\\/producto\\\/rosa\\\/\",\"url\":\"https:\\\/\\\/www.sinchisinchi.com\\\/es\\\/producto\\\/rosa\\\/\",\"name\":\"Jab\u00f3n de Rosas: Tienda Cham\u00e1nica\",\"isPartOf\":{\"@id\":\"https:\\\/\\\/www.sinchisinchi.com\\\/es\\\/#website\"},\"primaryImageOfPage\":{\"@id\":\"https:\\\/\\\/www.sinchisinchi.com\\\/es\\\/producto\\\/rosa\\\/#primaryimage\"},\"image\":{\"@id\":\"https:\\\/\\\/www.sinchisinchi.com\\\/es\\\/producto\\\/rosa\\\/#primaryimage\"},\"thumbnailUrl\":\"https:\\\/\\\/www.sinchisinchi.com\\\/wp-content\\\/uploads\\\/2024\\\/05\\\/WhatsApp-Image-2024-05-08-at-09.55.28.jpeg\",\"datePublished\":\"2024-05-08T07:58:35+00:00\",\"dateModified\":\"2026-01-13T08:06:43+00:00\",\"description\":\"Jab\u00f3n de Rosas: Est\u00e1 especialmente indicado para pieles sensibles. Tiene propiedades calmantes, purificantes, antiinflamatorias y, cicatrizantes.\",\"breadcrumb\":{\"@id\":\"https:\\\/\\\/www.sinchisinchi.com\\\/es\\\/producto\\\/rosa\\\/#breadcrumb\"},\"inLanguage\":\"es\",\"potentialAction\":[{\"@type\":\"ReadAction\",\"target\":[\"https:\\\/\\\/www.sinchisinchi.com\\\/es\\\/producto\\\/rosa\\\/\"]}]},{\"@type\":\"ImageObject\",\"inLanguage\":\"es\",\"@id\":\"https:\\\/\\\/www.sinchisinchi.com\\\/es\\\/producto\\\/rosa\\\/#primaryimage\",\"url\":\"https:\\\/\\\/www.sinchisinchi.com\\\/wp-content\\\/uploads\\\/2024\\\/05\\\/WhatsApp-Image-2024-05-08-at-09.55.28.jpeg\",\"contentUrl\":\"https:\\\/\\\/www.sinchisinchi.com\\\/wp-content\\\/uploads\\\/2024\\\/05\\\/WhatsApp-Image-2024-05-08-at-09.55.28.jpeg\",\"width\":1024,\"height\":1024},{\"@type\":\"BreadcrumbList\",\"@id\":\"https:\\\/\\\/www.sinchisinchi.com\\\/es\\\/producto\\\/rosa\\\/#breadcrumb\",\"itemListElement\":[{\"@type\":\"ListItem\",\"position\":1,\"name\":\"Prima pagina\",\"item\":\"https:\\\/\\\/www.sinchisinchi.com\\\/es\\\/\"},{\"@type\":\"ListItem\",\"position\":2,\"name\":\"Productos\",\"item\":\"https:\\\/\\\/www.sinchisinchi.com\\\/es\\\/shop\\\/\"},{\"@type\":\"ListItem\",\"position\":3,\"name\":\"Rosa\"}]},{\"@type\":\"WebSite\",\"@id\":\"https:\\\/\\\/www.sinchisinchi.com\\\/es\\\/#website\",\"url\":\"https:\\\/\\\/www.sinchisinchi.com\\\/es\\\/\",\"name\":\"SINCHI\",\"description\":\"Sinchi Medicine\",\"publisher\":{\"@id\":\"https:\\\/\\\/www.sinchisinchi.com\\\/es\\\/#organization\"},\"potentialAction\":[{\"@type\":\"SearchAction\",\"target\":{\"@type\":\"EntryPoint\",\"urlTemplate\":\"https:\\\/\\\/www.sinchisinchi.com\\\/es\\\/?s={search_term_string}\"},\"query-input\":{\"@type\":\"PropertyValueSpecification\",\"valueRequired\":true,\"valueName\":\"search_term_string\"}}],\"inLanguage\":\"es\"},{\"@type\":\"Organization\",\"@id\":\"https:\\\/\\\/www.sinchisinchi.com\\\/es\\\/#organization\",\"name\":\"SINCHI S.L\",\"url\":\"https:\\\/\\\/www.sinchisinchi.com\\\/es\\\/\",\"logo\":{\"@type\":\"ImageObject\",\"inLanguage\":\"es\",\"@id\":\"https:\\\/\\\/www.sinchisinchi.com\\\/es\\\/#\\\/schema\\\/logo\\\/image\\\/\",\"url\":\"https:\\\/\\\/www.sinchisinchi.com\\\/wp-content\\\/uploads\\\/2026\\\/01\\\/3b-Verde-SIMPLIFICADO-HORIZONTAL-F-TRANSPARENTE-scaled.png\",\"contentUrl\":\"https:\\\/\\\/www.sinchisinchi.com\\\/wp-content\\\/uploads\\\/2026\\\/01\\\/3b-Verde-SIMPLIFICADO-HORIZONTAL-F-TRANSPARENTE-scaled.png\",\"width\":2560,\"height\":457,\"caption\":\"SINCHI S.L\"},\"image\":{\"@id\":\"https:\\\/\\\/www.sinchisinchi.com\\\/es\\\/#\\\/schema\\\/logo\\\/image\\\/\"},\"sameAs\":[\"https:\\\/\\\/www.facebook.com\\\/sinchirape\\\/\",\"https:\\\/\\\/www.instagram.com\\\/sinchi_rape\\\/\"]}]}<\/script>\n<!-- \/ Yoast SEO plugin. -->","yoast_head_json":{"title":"Jab\u00f3n de Rosas: Tienda Cham\u00e1nica","description":"Jab\u00f3n de Rosas: Est\u00e1 especialmente indicado para pieles sensibles. Tiene propiedades calmantes, purificantes, antiinflamatorias y, cicatrizantes.","robots":{"index":"index","follow":"follow","max-snippet":"max-snippet:-1","max-image-preview":"max-image-preview:large","max-video-preview":"max-video-preview:-1"},"canonical":"https:\/\/www.sinchisinchi.com\/es\/producto\/rosa\/","og_locale":"es_ES","og_type":"article","og_title":"Jab\u00f3n de Rosas: Tienda Cham\u00e1nica","og_description":"Jab\u00f3n de Rosas: Est\u00e1 especialmente indicado para pieles sensibles. Tiene propiedades calmantes, purificantes, antiinflamatorias y, cicatrizantes.","og_url":"https:\/\/www.sinchisinchi.com\/es\/producto\/rosa\/","og_site_name":"SINCHI RAP\u00c9","article_publisher":"https:\/\/www.facebook.com\/sinchirape\/","article_modified_time":"2026-01-13T08:06:43+00:00","og_image":[{"width":1024,"height":1024,"url":"https:\/\/www.sinchisinchi.com\/wp-content\/uploads\/2024\/05\/WhatsApp-Image-2024-05-08-at-09.55.28.jpeg","type":"image\/jpeg"}],"twitter_card":"summary_large_image","twitter_misc":{"Tiempo de lectura":"1 minuto"},"schema":{"@context":"https:\/\/schema.org","@graph":[{"@type":"WebPage","@id":"https:\/\/www.sinchisinchi.com\/es\/producto\/rosa\/","url":"https:\/\/www.sinchisinchi.com\/es\/producto\/rosa\/","name":"Jab\u00f3n de Rosas: Tienda Cham\u00e1nica","isPartOf":{"@id":"https:\/\/www.sinchisinchi.com\/es\/#website"},"primaryImageOfPage":{"@id":"https:\/\/www.sinchisinchi.com\/es\/producto\/rosa\/#primaryimage"},"image":{"@id":"https:\/\/www.sinchisinchi.com\/es\/producto\/rosa\/#primaryimage"},"thumbnailUrl":"https:\/\/www.sinchisinchi.com\/wp-content\/uploads\/2024\/05\/WhatsApp-Image-2024-05-08-at-09.55.28.jpeg","datePublished":"2024-05-08T07:58:35+00:00","dateModified":"2026-01-13T08:06:43+00:00","description":"Jab\u00f3n de Rosas: Est\u00e1 especialmente indicado para pieles sensibles. Tiene propiedades calmantes, purificantes, antiinflamatorias y, cicatrizantes.","breadcrumb":{"@id":"https:\/\/www.sinchisinchi.com\/es\/producto\/rosa\/#breadcrumb"},"inLanguage":"es","potentialAction":[{"@type":"ReadAction","target":["https:\/\/www.sinchisinchi.com\/es\/producto\/rosa\/"]}]},{"@type":"ImageObject","inLanguage":"es","@id":"https:\/\/www.sinchisinchi.com\/es\/producto\/rosa\/#primaryimage","url":"https:\/\/www.sinchisinchi.com\/wp-content\/uploads\/2024\/05\/WhatsApp-Image-2024-05-08-at-09.55.28.jpeg","contentUrl":"https:\/\/www.sinchisinchi.com\/wp-content\/uploads\/2024\/05\/WhatsApp-Image-2024-05-08-at-09.55.28.jpeg","width":1024,"height":1024},{"@type":"BreadcrumbList","@id":"https:\/\/www.sinchisinchi.com\/es\/producto\/rosa\/#breadcrumb","itemListElement":[{"@type":"ListItem","position":1,"name":"Prima pagina","item":"https:\/\/www.sinchisinchi.com\/es\/"},{"@type":"ListItem","position":2,"name":"Productos","item":"https:\/\/www.sinchisinchi.com\/es\/shop\/"},{"@type":"ListItem","position":3,"name":"Rosa"}]},{"@type":"WebSite","@id":"https:\/\/www.sinchisinchi.com\/es\/#website","url":"https:\/\/www.sinchisinchi.com\/es\/","name":"SINCHI","description":"Sinchi Medicine","publisher":{"@id":"https:\/\/www.sinchisinchi.com\/es\/#organization"},"potentialAction":[{"@type":"SearchAction","target":{"@type":"EntryPoint","urlTemplate":"https:\/\/www.sinchisinchi.com\/es\/?s={search_term_string}"},"query-input":{"@type":"PropertyValueSpecification","valueRequired":true,"valueName":"search_term_string"}}],"inLanguage":"es"},{"@type":"Organization","@id":"https:\/\/www.sinchisinchi.com\/es\/#organization","name":"SINCHI S.L","url":"https:\/\/www.sinchisinchi.com\/es\/","logo":{"@type":"ImageObject","inLanguage":"es","@id":"https:\/\/www.sinchisinchi.com\/es\/#\/schema\/logo\/image\/","url":"https:\/\/www.sinchisinchi.com\/wp-content\/uploads\/2026\/01\/3b-Verde-SIMPLIFICADO-HORIZONTAL-F-TRANSPARENTE-scaled.png","contentUrl":"https:\/\/www.sinchisinchi.com\/wp-content\/uploads\/2026\/01\/3b-Verde-SIMPLIFICADO-HORIZONTAL-F-TRANSPARENTE-scaled.png","width":2560,"height":457,"caption":"SINCHI S.L"},"image":{"@id":"https:\/\/www.sinchisinchi.com\/es\/#\/schema\/logo\/image\/"},"sameAs":["https:\/\/www.facebook.com\/sinchirape\/","https:\/\/www.instagram.com\/sinchi_rape\/"]}]}},"_links":{"self":[{"href":"https:\/\/www.sinchisinchi.com\/es\/wp-json\/wp\/v2\/product\/13974","targetHints":{"allow":["GET"]}}],"collection":[{"href":"https:\/\/www.sinchisinchi.com\/es\/wp-json\/wp\/v2\/product"}],"about":[{"href":"https:\/\/www.sinchisinchi.com\/es\/wp-json\/wp\/v2\/types\/product"}],"wp:featuredmedia":[{"embeddable":true,"href":"https:\/\/www.sinchisinchi.com\/es\/wp-json\/wp\/v2\/media\/13975"}],"wp:attachment":[{"href":"https:\/\/www.sinchisinchi.com\/es\/wp-json\/wp\/v2\/media?parent=13974"}],"wp:term":[{"taxonomy":"product_brand","embeddable":true,"href":"https:\/\/www.sinchisinchi.com\/es\/wp-json\/wp\/v2\/product_brand?post=13974"},{"taxonomy":"product_cat","embeddable":true,"href":"https:\/\/www.sinchisinchi.com\/es\/wp-json\/wp\/v2\/product_cat?post=13974"},{"taxonomy":"product_tag","embeddable":true,"href":"https:\/\/www.sinchisinchi.com\/es\/wp-json\/wp\/v2\/product_tag?post=13974"}],"curies":[{"name":"wp","href":"https:\/\/api.w.org\/{rel}","templated":true}]}}