{"id":14254,"date":"2024-05-27T09:51:40","date_gmt":"2024-05-27T09:51:40","guid":{"rendered":"https:\/\/www.sinchisinchi.com\/?post_type=product&#038;p=14254"},"modified":"2026-01-13T08:06:22","modified_gmt":"2026-01-13T08:06:22","slug":"cacao-maya-de-belice","status":"publish","type":"product","link":"https:\/\/www.sinchisinchi.com\/es\/producto\/cacao-maya-de-belice\/","title":{"rendered":"Cacao Ceremonial Maya"},"content":{"rendered":"<h2 style=\"font-weight: 400; text-align: center;\"><strong><span style=\"color: #000000;\">Cacao ceremonial de origen Maya<\/span><\/strong><\/h2>\n<p style=\"font-weight: 400;\"><span style=\"color: #000000;\">Cacao ceremonial de origen Maya, proveniente de peque\u00f1os agricultores familiares <strong>ind\u00edgenas mayas mopan y q&#8217;eqchi<\/strong>, que habitan en las selvas profundas de las tierras altas de <strong>Guatemala y la cordillera maya <\/strong>del sur de Belice.<\/span><\/p>\n<p style=\"font-weight: 400;\"><span style=\"color: #000000;\">Sus tradiciones y conocimientos sobre el cultivo de plantas maestras se han conservado durante miles de a\u00f1os transmiti\u00e9ndose de generaci\u00f3n en generaci\u00f3n. El Cacao Ceremonial tiene un significado especial para los Mayas; los dioses regalaron el cacao a los humanos para infundir esp\u00edritu y esencia en el cuerpo.<\/span><\/p>\n<p style=\"font-weight: 400;\"><span style=\"color: #000000;\">En estas tierras repletas de biodiversidad, el cacao florece junto con otros cultivos sagrados como el ma\u00edz y el mapacho. Despu\u00e9s, se comparte en comunidad y se toma en sus ceremonias con una profunda conciencia, amor y respeto, tal como han hecho desde tiempos ancestrales; ofrendando con gran gratitud al universo y la creaci\u00f3n.<\/span><\/p>\n<p style=\"font-weight: 400;\"><span style=\"color: #000000;\">Es un s\u00edmbolo de vida y fertilidad, que nutre de bienestar f\u00edsico, emocional y espiritual. \u00a0Se ofrenda a la Tierra, como reconocimiento de la energ\u00eda que sustenta la existencia, y se consume ceremonialmente como elixir sagrado, reforzando la conexi\u00f3n la naturaleza y lo divino.<\/span><\/p>\n<h3 style=\"font-weight: 400; text-align: center;\"><strong><span style=\"color: #000000;\">La Monta\u00f1a Maya: Belice, nativos Mopan y Q&#8217;eqchi<\/span><\/strong><\/h3>\n<p style=\"font-weight: 400;\"><span style=\"color: #000000;\">El cacao de Belice procede de familias de agricultores ind\u00edgenas mayas, procedentes de dos naciones mayas diferentes: Mopan y Q&#8217;eqchi, situadas en la regi\u00f3n conocida como Monta\u00f1as Mayas, que tambi\u00e9n es la regi\u00f3n menos desarrollada y m\u00e1s rural de Belice, donde la antigua variedad criolla de cacao crece de forma natural, en perfecta armon\u00eda a la sombra de otros plataneros, aguacateros, cocoteros, anacardos y vainilleros locales.<\/span><\/p>\n<p style=\"font-weight: 400;\"><span style=\"color: #000000;\">La naci\u00f3n maya Q&#8217;eqchi denomina al cacao \u00abCucu\u00bb. La temporada de cosecha es entre enero y junio y alrededor de octubre \/ noviembre, cuando las temperaturas son bajas. Las habas de cacao reci\u00e9n cosechadas y sin fermentar son recogidas por un equipo Maya Belice\u00f1o y fermentadas. Despu\u00e9s se secan al sol, se seleccionan y clasifican a mano.<\/span><\/p>\n<p style=\"font-weight: 400;\"><span style=\"color: #000000;\">Muchas de las familias ind\u00edgenas Mayas Q&#8217;eqchi&#8217; viven aisladas en las tierras altas de Guatemala, alrededor de la Laguna Lachu\u00e1, un gran cenote de aguas cristalinas. El \u00e1rbol del cacao ha crecido all\u00ed de forma nativa durante miles de a\u00f1os.<\/span><\/p>\n<p style=\"font-weight: 400;\"><span style=\"color: #000000;\">Las comunidades ind\u00edgenas Q&#8217;eqchi&#8217; han sido los guardianes de la sacralidad del cacao y han preservado las ceremonias del fuego sagrado y el cacao durante miles de a\u00f1os.<\/span><\/p>\n<p style=\"font-weight: 400;\"><span style=\"color: #000000;\">Las familias de agricultores ind\u00edgenas Mayas transmiten sus conocimientos sobre las plantas sagradas de generaci\u00f3n en generaci\u00f3n y cosechan su cacao con profundo respeto por la tierra, apoyando la agricultura ecol\u00f3gica y sostenible en su comunidad.<\/span><\/p>\n<p style=\"font-weight: 400;\"><span style=\"color: #000000;\">El Cacao Criollo es una variedad aut\u00f3ctona, llamada \u00abReina del Cacao\u00bb, y s\u00f3lo representa el cinco por ciento de la producci\u00f3n mundial de cacao, considerando habitualmente el mejor y m\u00e1s fino cacao del mundo.<\/span><\/p>\n<h3 style=\"font-weight: 400; text-align: center;\"><strong><span style=\"color: #000000;\">Efectos Sobre La Salud<\/span><\/strong><\/h3>\n<p style=\"font-weight: 400;\"><span style=\"color: #000000;\">El cacao ceremonial promueve una experiencia espiritual profunda, conecta con el yo interior y brinda de gu\u00eda y conocimiento.<\/span><\/p>\n<p style=\"font-weight: 400;\"><span style=\"color: #000000;\">Es rico en multitud de nutrientes, incluidos antioxidantes, minerales (como magnesio, hierro y zinc) y vitaminas (como la vitamina B).<\/span><\/p>\n<p style=\"font-weight: 400;\"><span style=\"color: #000000;\">El cacao contiene teobromina y anandamida, que mejoran el estado de \u00e1nimo e incrementan la felicidad. El cacao ceremonial es conocido por sus poderosas cualidades de apertura del coraz\u00f3n, conexi\u00f3n emocional, compasi\u00f3n y autorreflexi\u00f3n, permitiendo profundizar en las emociones y cultivar el sentido de la empat\u00eda y el amor.<\/span><\/p>\n<p style=\"font-weight: 400;\"><span style=\"color: #000000;\">La teobromina y las peque\u00f1as cantidades de cafe\u00edna presentes en el cacao, estimulan la producci\u00f3n natural de energ\u00eda, mejoran la concentraci\u00f3n y la claridad mental.<\/span><\/p>\n<p style=\"font-weight: 400;\"><span style=\"color: #000000;\">En la antigua civilizaci\u00f3n maya, el cacao ceremonial se consideraba un regalo sagrado que conectaba a los humanos con lo divino.<\/span><\/p>\n<p style=\"font-weight: 400;\"><span style=\"color: #000000;\">Los mayas utilizaban el cacao tanto con fines pr\u00e1cticos como ceremoniales, donde serv\u00eda como v\u00eda de iluminaci\u00f3n espiritual y abr\u00eda la comunicaci\u00f3n con sus antepasados. Trataban el cacao con gran cuidado, amor e intenci\u00f3n. Estaba profundamente arraigado en su cultura, sirviendo como moneda, y fuente de vitalidad.<\/span><\/p>\n<p style=\"font-weight: 400;\"><span style=\"color: #000000;\">Los Mayas recolectaban vainas de cacao maduras del \u00e1rbol, extra\u00edan cuidadosamente los granos, los colocaban con cuidado para la fase de fermentaci\u00f3n y los secaban al sol.<\/span><\/p>\n<p style=\"font-weight: 400;\"><span style=\"color: #000000;\">Luego pelaban los granos a mano para quitarles la c\u00e1scara exterior y los mol\u00edan finamente. A\u00f1ad\u00edan tambi\u00e9n especias como vainilla, chile y canela para realzar el sabor. Mezclaban esta pasta de cacao con agua, luego la vert\u00edan entre vasijas o utilizaban un batidor de madera tradicional para crear la bebida de consistencia espumosa.<\/span><\/p>\n<p style=\"font-weight: 400;\"><span style=\"color: #000000;\">Durante las reuniones ceremoniales, los mayas consum\u00edan esta bebida sagrada de cacao para conectarse con lo divino, obtener sabidur\u00eda y entrar en un estado elevado de conciencia,\u00a0<strong>nutriendo tanto el cuerpo como el esp\u00edritu<\/strong>, abriendo el coraz\u00f3n, mejorando el enfoque y promoviendo el despertar espiritual.<\/span><\/p>\n<p style=\"font-weight: 400;\"><span style=\"color: #000000;\">Como ocurre con cualquier alimento o sustancia, la moderaci\u00f3n es clave y es fundamental tener en cuenta la cantidad de cacao consumido para evitar cualquier efecto. Comience con cantidades peque\u00f1as y aumente gradualmente si lo desea, permiti\u00e9ndole familiarizarse con los efectos y la sensibilidad al cacao.<\/span><\/p>\n<h3 style=\"font-weight: 400; text-align: center;\"><strong><span style=\"color: #000000;\">Beneficios del cacao ceremonial:<\/span><\/strong><\/h3>\n<p style=\"font-weight: 400;\"><span style=\"color: #000000;\"><strong>Bienestar emocional: <\/strong>La bebida de cacao se ha asociado con la mejora del estado de \u00e1nimo, fomentando sentimientos de felicidad y reduciendo la ansiedad y el estr\u00e9s, gracias a componentes como la feniletilamina (PEA) y la anandamida.<\/span><\/p>\n<p style=\"font-weight: 400;\"><span style=\"color: #000000;\"><strong>Salud del coraz\u00f3n:<\/strong> Los flavonoides que se encuentran en el cacao se han relacionado con beneficios cardiovasculares, que incluyen un mejor flujo sangu\u00edneo, una reducci\u00f3n de la inflamaci\u00f3n y una disminuci\u00f3n de la presi\u00f3n arterial.<\/span><\/p>\n<p style=\"font-weight: 400;\"><span style=\"color: #000000;\"><strong>Aumento de la atenci\u00f3n y concentraci\u00f3n:<\/strong> El cacao contiene estimulantes como la teobromina y la cafe\u00edna, que proporcionan energ\u00eda y mejoran la atenci\u00f3n y la concentraci\u00f3n.<\/span><\/p>\n<p style=\"font-weight: 400;\"><span style=\"color: #000000;\"><strong>Fuente de antioxidantes:<\/strong> La bebida ceremonial de cacao est\u00e1 repleta de antioxidantes, como flavonoides y polifenoles, que ayudan a combatir los radicales libres y el estr\u00e9s oxidativo, contribuyendo a la salud general y con propiedades rejuvenecedoras.<\/span><\/p>\n<p style=\"font-weight: 400;\"><span style=\"color: #000000;\"><strong>Conexi\u00f3n espiritual:<\/strong> La mezcla \u00fanica de compuestos bioactivos y el uso ceremonial de la bebida de cacao ayudan a la meditaci\u00f3n, la atenci\u00f3n plena y la exploraci\u00f3n interior.<\/span><\/p>\n<p style=\"font-weight: 400;\"><span style=\"color: #000000;\"><strong>Aporte nutricional:<\/strong> El cacao ceremonial es una excelente fuente de minerales como el magnesio, hierro y zinc. Estos minerales son vitales para diversas funciones de nuestro cuerpo, incluida la funci\u00f3n muscular y nerviosa, el apoyo inmunol\u00f3gico y la producci\u00f3n de energ\u00eda.<\/span><\/p>\n","protected":false},"excerpt":{"rendered":"<p style=\"font-weight: 400;\"><span style=\"color: #000000;\">Cacao de Grado Ceremonial 100% Puro, procedente de la Monta\u00f1a Maya, Belice, cultivado y cosechado por tribus nativas mayas.<\/span><\/p>\n<p style=\"font-weight: 400;\"><span style=\"color: #000000;\">El \u00e1rbol del cacao, al quelos Mayas llaman \u201cCucu\u201d, es un \u00e1rbol tradicional en su comunidad y crece en perfecta armon\u00eda junto con los \u00e1rboles de pi\u00f1a, vainilla y Mapacho.<\/span><\/p>\n<p style=\"font-weight: 400;\"><span style=\"color: #000000;\">Los agricultores mayas hacen sus cultivos en armon\u00eda con su entorno y transmiten su conocimiento ancestral sobre el cultivo del cacao generaci\u00f3n en generaci\u00f3n. Despu\u00e9s, lo cosechan con un profundo respeto por la tierra y el ecosistema en el que habitan.<\/span><\/p>\n<p>&nbsp;<\/p>\n<p style=\"font-weight: 400;\"><span style=\"color: #000000;\"><strong>Tipo:<\/strong> Cacao de Grado Ceremonial.<\/span><\/p>\n<p style=\"font-weight: 400;\"><span style=\"color: #000000;\"><strong>Procedencia:<\/strong> Sur de Belice, cordillera \u201cMonta\u00f1a Maya\u201d.<\/span><\/p>\n<p style=\"font-weight: 400;\"><span style=\"color: #000000;\"><strong>Presentaci\u00f3n:<\/strong> Cacao en bloque.<\/span><\/p>\n<p style=\"font-weight: 400;\"><span style=\"color: #000000;\"><strong>Tama\u00f1o:<\/strong> 500 gramos.<\/span><\/p>\n<p style=\"font-weight: 400;\"><span style=\"color: #000000;\"><strong>Ingredientes:<\/strong> 100% Cacao puro de Grado Ceremonial.<\/span><\/p>\n<p style=\"font-weight: 400;\"><span style=\"font-weight: 400; color: #000000;\"><strong>Almacenamiento:<\/strong> Almacenar en un lugar fresco y seco lejos de la luz solar directa.<\/span><\/p>\n","protected":false},"featured_media":14395,"template":"","meta":{"_joinchat":[]},"product_brand":[],"product_cat":[400,512],"product_tag":[],"class_list":{"0":"post-14254","1":"product","2":"type-product","3":"status-publish","4":"has-post-thumbnail","6":"product_cat-cacao","7":"product_cat-ceremonial","9":"first","10":"instock","11":"taxable","12":"shipping-taxable","13":"purchasable","14":"product-type-simple"},"yoast_head":"<!-- This site is optimized with the Yoast SEO plugin v27.1.1 - https:\/\/yoast.com\/product\/yoast-seo-wordpress\/ -->\n<title>Cacao Ceremonial: Cacao Maya Procedente de Belice<\/title>\n<meta name=\"description\" content=\"Cacao de Grado Ceremonial 100% Puro, procedente de la Monta\u00f1a Maya, Belice, cultivado y cosechado por tribus nativas mayas.\" \/>\n<meta name=\"robots\" content=\"index, follow, max-snippet:-1, max-image-preview:large, max-video-preview:-1\" \/>\n<link rel=\"canonical\" href=\"https:\/\/www.sinchisinchi.com\/es\/producto\/cacao-maya-de-belice\/\" \/>\n<meta property=\"og:locale\" content=\"es_ES\" \/>\n<meta property=\"og:type\" content=\"article\" \/>\n<meta property=\"og:title\" content=\"Cacao Ceremonial: Cacao Maya Procedente de Belice\" \/>\n<meta property=\"og:description\" content=\"Cacao de Grado Ceremonial 100% Puro, procedente de la Monta\u00f1a Maya, Belice, cultivado y cosechado por tribus nativas mayas.\" \/>\n<meta property=\"og:url\" content=\"https:\/\/www.sinchisinchi.com\/es\/producto\/cacao-maya-de-belice\/\" \/>\n<meta property=\"og:site_name\" content=\"SINCHI RAP\u00c9\" \/>\n<meta property=\"article:publisher\" content=\"https:\/\/www.facebook.com\/sinchirape\/\" \/>\n<meta property=\"article:modified_time\" content=\"2026-01-13T08:06:22+00:00\" \/>\n<meta property=\"og:image\" content=\"https:\/\/www.sinchisinchi.com\/wp-content\/uploads\/2024\/05\/2-Cacao-Ceremonial1-1.webp\" \/>\n\t<meta property=\"og:image:width\" content=\"2048\" \/>\n\t<meta property=\"og:image:height\" content=\"1365\" \/>\n\t<meta property=\"og:image:type\" content=\"image\/webp\" \/>\n<meta name=\"twitter:card\" content=\"summary_large_image\" \/>\n<meta name=\"twitter:label1\" content=\"Tiempo de lectura\" \/>\n\t<meta name=\"twitter:data1\" content=\"5 minutos\" \/>\n<script type=\"application\/ld+json\" class=\"yoast-schema-graph\">{\"@context\":\"https:\/\/schema.org\",\"@graph\":[{\"@type\":\"WebPage\",\"@id\":\"https:\/\/www.sinchisinchi.com\/es\/producto\/cacao-maya-de-belice\/\",\"url\":\"https:\/\/www.sinchisinchi.com\/es\/producto\/cacao-maya-de-belice\/\",\"name\":\"Cacao Ceremonial: Cacao Maya Procedente de Belice\",\"isPartOf\":{\"@id\":\"https:\/\/www.sinchisinchi.com\/es\/#website\"},\"primaryImageOfPage\":{\"@id\":\"https:\/\/www.sinchisinchi.com\/es\/producto\/cacao-maya-de-belice\/#primaryimage\"},\"image\":{\"@id\":\"https:\/\/www.sinchisinchi.com\/es\/producto\/cacao-maya-de-belice\/#primaryimage\"},\"thumbnailUrl\":\"https:\/\/www.sinchisinchi.com\/wp-content\/uploads\/2024\/05\/2-Cacao-Ceremonial1-1.webp\",\"datePublished\":\"2024-05-27T09:51:40+00:00\",\"dateModified\":\"2026-01-13T08:06:22+00:00\",\"description\":\"Cacao de Grado Ceremonial 100% Puro, procedente de la Monta\u00f1a Maya, Belice, cultivado y cosechado por tribus nativas mayas.\",\"breadcrumb\":{\"@id\":\"https:\/\/www.sinchisinchi.com\/es\/producto\/cacao-maya-de-belice\/#breadcrumb\"},\"inLanguage\":\"es\",\"potentialAction\":[{\"@type\":\"ReadAction\",\"target\":[\"https:\/\/www.sinchisinchi.com\/es\/producto\/cacao-maya-de-belice\/\"]}]},{\"@type\":\"ImageObject\",\"inLanguage\":\"es\",\"@id\":\"https:\/\/www.sinchisinchi.com\/es\/producto\/cacao-maya-de-belice\/#primaryimage\",\"url\":\"https:\/\/www.sinchisinchi.com\/wp-content\/uploads\/2024\/05\/2-Cacao-Ceremonial1-1.webp\",\"contentUrl\":\"https:\/\/www.sinchisinchi.com\/wp-content\/uploads\/2024\/05\/2-Cacao-Ceremonial1-1.webp\",\"width\":2048,\"height\":1365,\"caption\":\"Imagen de Cacao Ceremonial\"},{\"@type\":\"BreadcrumbList\",\"@id\":\"https:\/\/www.sinchisinchi.com\/es\/producto\/cacao-maya-de-belice\/#breadcrumb\",\"itemListElement\":[{\"@type\":\"ListItem\",\"position\":1,\"name\":\"Prima pagina\",\"item\":\"https:\/\/www.sinchisinchi.com\/es\/\"},{\"@type\":\"ListItem\",\"position\":2,\"name\":\"Productos\",\"item\":\"https:\/\/www.sinchisinchi.com\/es\/shop\/\"},{\"@type\":\"ListItem\",\"position\":3,\"name\":\"Cacao Ceremonial Maya\"}]},{\"@type\":\"WebSite\",\"@id\":\"https:\/\/www.sinchisinchi.com\/es\/#website\",\"url\":\"https:\/\/www.sinchisinchi.com\/es\/\",\"name\":\"SINCHI\",\"description\":\"Sinchi Medicine\",\"publisher\":{\"@id\":\"https:\/\/www.sinchisinchi.com\/es\/#organization\"},\"potentialAction\":[{\"@type\":\"SearchAction\",\"target\":{\"@type\":\"EntryPoint\",\"urlTemplate\":\"https:\/\/www.sinchisinchi.com\/es\/?s={search_term_string}\"},\"query-input\":{\"@type\":\"PropertyValueSpecification\",\"valueRequired\":true,\"valueName\":\"search_term_string\"}}],\"inLanguage\":\"es\"},{\"@type\":\"Organization\",\"@id\":\"https:\/\/www.sinchisinchi.com\/es\/#organization\",\"name\":\"SINCHI S.L\",\"url\":\"https:\/\/www.sinchisinchi.com\/es\/\",\"logo\":{\"@type\":\"ImageObject\",\"inLanguage\":\"es\",\"@id\":\"https:\/\/www.sinchisinchi.com\/es\/#\/schema\/logo\/image\/\",\"url\":\"https:\/\/www.sinchisinchi.com\/wp-content\/uploads\/2026\/01\/3b-Verde-SIMPLIFICADO-HORIZONTAL-F-TRANSPARENTE-scaled.png\",\"contentUrl\":\"https:\/\/www.sinchisinchi.com\/wp-content\/uploads\/2026\/01\/3b-Verde-SIMPLIFICADO-HORIZONTAL-F-TRANSPARENTE-scaled.png\",\"width\":2560,\"height\":457,\"caption\":\"SINCHI S.L\"},\"image\":{\"@id\":\"https:\/\/www.sinchisinchi.com\/es\/#\/schema\/logo\/image\/\"},\"sameAs\":[\"https:\/\/www.facebook.com\/sinchirape\/\",\"https:\/\/www.instagram.com\/sinchi_rape\/\"]}]}<\/script>\n<!-- \/ Yoast SEO plugin. -->","yoast_head_json":{"title":"Cacao Ceremonial: Cacao Maya Procedente de Belice","description":"Cacao de Grado Ceremonial 100% Puro, procedente de la Monta\u00f1a Maya, Belice, cultivado y cosechado por tribus nativas mayas.","robots":{"index":"index","follow":"follow","max-snippet":"max-snippet:-1","max-image-preview":"max-image-preview:large","max-video-preview":"max-video-preview:-1"},"canonical":"https:\/\/www.sinchisinchi.com\/es\/producto\/cacao-maya-de-belice\/","og_locale":"es_ES","og_type":"article","og_title":"Cacao Ceremonial: Cacao Maya Procedente de Belice","og_description":"Cacao de Grado Ceremonial 100% Puro, procedente de la Monta\u00f1a Maya, Belice, cultivado y cosechado por tribus nativas mayas.","og_url":"https:\/\/www.sinchisinchi.com\/es\/producto\/cacao-maya-de-belice\/","og_site_name":"SINCHI RAP\u00c9","article_publisher":"https:\/\/www.facebook.com\/sinchirape\/","article_modified_time":"2026-01-13T08:06:22+00:00","og_image":[{"width":2048,"height":1365,"url":"https:\/\/www.sinchisinchi.com\/wp-content\/uploads\/2024\/05\/2-Cacao-Ceremonial1-1.webp","type":"image\/webp"}],"twitter_card":"summary_large_image","twitter_misc":{"Tiempo de lectura":"5 minutos"},"schema":{"@context":"https:\/\/schema.org","@graph":[{"@type":"WebPage","@id":"https:\/\/www.sinchisinchi.com\/es\/producto\/cacao-maya-de-belice\/","url":"https:\/\/www.sinchisinchi.com\/es\/producto\/cacao-maya-de-belice\/","name":"Cacao Ceremonial: Cacao Maya Procedente de Belice","isPartOf":{"@id":"https:\/\/www.sinchisinchi.com\/es\/#website"},"primaryImageOfPage":{"@id":"https:\/\/www.sinchisinchi.com\/es\/producto\/cacao-maya-de-belice\/#primaryimage"},"image":{"@id":"https:\/\/www.sinchisinchi.com\/es\/producto\/cacao-maya-de-belice\/#primaryimage"},"thumbnailUrl":"https:\/\/www.sinchisinchi.com\/wp-content\/uploads\/2024\/05\/2-Cacao-Ceremonial1-1.webp","datePublished":"2024-05-27T09:51:40+00:00","dateModified":"2026-01-13T08:06:22+00:00","description":"Cacao de Grado Ceremonial 100% Puro, procedente de la Monta\u00f1a Maya, Belice, cultivado y cosechado por tribus nativas mayas.","breadcrumb":{"@id":"https:\/\/www.sinchisinchi.com\/es\/producto\/cacao-maya-de-belice\/#breadcrumb"},"inLanguage":"es","potentialAction":[{"@type":"ReadAction","target":["https:\/\/www.sinchisinchi.com\/es\/producto\/cacao-maya-de-belice\/"]}]},{"@type":"ImageObject","inLanguage":"es","@id":"https:\/\/www.sinchisinchi.com\/es\/producto\/cacao-maya-de-belice\/#primaryimage","url":"https:\/\/www.sinchisinchi.com\/wp-content\/uploads\/2024\/05\/2-Cacao-Ceremonial1-1.webp","contentUrl":"https:\/\/www.sinchisinchi.com\/wp-content\/uploads\/2024\/05\/2-Cacao-Ceremonial1-1.webp","width":2048,"height":1365,"caption":"Imagen de Cacao Ceremonial"},{"@type":"BreadcrumbList","@id":"https:\/\/www.sinchisinchi.com\/es\/producto\/cacao-maya-de-belice\/#breadcrumb","itemListElement":[{"@type":"ListItem","position":1,"name":"Prima pagina","item":"https:\/\/www.sinchisinchi.com\/es\/"},{"@type":"ListItem","position":2,"name":"Productos","item":"https:\/\/www.sinchisinchi.com\/es\/shop\/"},{"@type":"ListItem","position":3,"name":"Cacao Ceremonial Maya"}]},{"@type":"WebSite","@id":"https:\/\/www.sinchisinchi.com\/es\/#website","url":"https:\/\/www.sinchisinchi.com\/es\/","name":"SINCHI","description":"Sinchi Medicine","publisher":{"@id":"https:\/\/www.sinchisinchi.com\/es\/#organization"},"potentialAction":[{"@type":"SearchAction","target":{"@type":"EntryPoint","urlTemplate":"https:\/\/www.sinchisinchi.com\/es\/?s={search_term_string}"},"query-input":{"@type":"PropertyValueSpecification","valueRequired":true,"valueName":"search_term_string"}}],"inLanguage":"es"},{"@type":"Organization","@id":"https:\/\/www.sinchisinchi.com\/es\/#organization","name":"SINCHI S.L","url":"https:\/\/www.sinchisinchi.com\/es\/","logo":{"@type":"ImageObject","inLanguage":"es","@id":"https:\/\/www.sinchisinchi.com\/es\/#\/schema\/logo\/image\/","url":"https:\/\/www.sinchisinchi.com\/wp-content\/uploads\/2026\/01\/3b-Verde-SIMPLIFICADO-HORIZONTAL-F-TRANSPARENTE-scaled.png","contentUrl":"https:\/\/www.sinchisinchi.com\/wp-content\/uploads\/2026\/01\/3b-Verde-SIMPLIFICADO-HORIZONTAL-F-TRANSPARENTE-scaled.png","width":2560,"height":457,"caption":"SINCHI S.L"},"image":{"@id":"https:\/\/www.sinchisinchi.com\/es\/#\/schema\/logo\/image\/"},"sameAs":["https:\/\/www.facebook.com\/sinchirape\/","https:\/\/www.instagram.com\/sinchi_rape\/"]}]}},"_links":{"self":[{"href":"https:\/\/www.sinchisinchi.com\/es\/wp-json\/wp\/v2\/product\/14254","targetHints":{"allow":["GET"]}}],"collection":[{"href":"https:\/\/www.sinchisinchi.com\/es\/wp-json\/wp\/v2\/product"}],"about":[{"href":"https:\/\/www.sinchisinchi.com\/es\/wp-json\/wp\/v2\/types\/product"}],"wp:featuredmedia":[{"embeddable":true,"href":"https:\/\/www.sinchisinchi.com\/es\/wp-json\/wp\/v2\/media\/14395"}],"wp:attachment":[{"href":"https:\/\/www.sinchisinchi.com\/es\/wp-json\/wp\/v2\/media?parent=14254"}],"wp:term":[{"taxonomy":"product_brand","embeddable":true,"href":"https:\/\/www.sinchisinchi.com\/es\/wp-json\/wp\/v2\/product_brand?post=14254"},{"taxonomy":"product_cat","embeddable":true,"href":"https:\/\/www.sinchisinchi.com\/es\/wp-json\/wp\/v2\/product_cat?post=14254"},{"taxonomy":"product_tag","embeddable":true,"href":"https:\/\/www.sinchisinchi.com\/es\/wp-json\/wp\/v2\/product_tag?post=14254"}],"curies":[{"name":"wp","href":"https:\/\/api.w.org\/{rel}","templated":true}]}}