{"id":14329,"date":"2024-05-27T13:00:33","date_gmt":"2024-05-27T13:00:33","guid":{"rendered":"https:\/\/www.sinchisinchi.com\/?post_type=product&#038;p=14329"},"modified":"2026-01-13T08:05:25","modified_gmt":"2026-01-13T08:05:25","slug":"cacao-amazonas-tribu-piaroa","status":"publish","type":"product","link":"https:\/\/www.sinchisinchi.com\/es\/producto\/cacao-amazonas-tribu-piaroa\/","title":{"rendered":"Cacao Amazonas Tribu Piaroa"},"content":{"rendered":"<h2 style=\"font-weight: 400; text-align: center;\"><strong>El cacao de los Piaroa<\/strong><\/h2>\n<p style=\"font-weight: 400;\">La comunidad ind\u00edgena Piaroa tiene un sistema de producci\u00f3n basado en la utilizaci\u00f3n de diferentes espacios ecol\u00f3gicos; bosques, r\u00edos y ca\u00f1os, y \u00e1reas de uso agr\u00edcola.<\/p>\n<h3 style=\"font-weight: 400; text-align: center;\"><strong>Tribu Piaroa<\/strong><\/h3>\n<p style=\"font-weight: 400;\">La tribu Piaroa es uno de los pueblos ind\u00edgenas m\u00e1s importantes de Venezuela, y su amplio territorio abarca los estados Amazonas y Bol\u00edvar. Los Piaroa habitan en diferentes espacios territoriales, sobre todo de selva h\u00fameda tropical.<\/p>\n<p style=\"font-weight: 400;\">Los Piaroa tambi\u00e9n se encuentran asentados desde hace d\u00e9cadas a lo largo de los ejes carreteros norte y sur de Puerto Ayacucho, estado Amazonas, en la margen derecha del Orinoco, entre la desembocadura del Ventuari y Samariapo, y en el Alto Orinoco, en la zona de Tama-Tama.<\/p>\n<p style=\"font-weight: 400;\">Tambi\u00e9n hay Piaroas en territorio colombiano, en el departamento del Vichada, concretamente en los r\u00edos Zama, In\u00edrida, Matav\u00e9n y Guaviare.<\/p>\n<p style=\"font-weight: 400;\">Los Piaroa son actualmente unas 15.000 personas, que habitan sobre todo en los estados Amazonas y Bol\u00edvar.<\/p>\n<p style=\"font-weight: 400;\">Su territorio en Venezuela ocupa una extensi\u00f3n de alrededor de 30 mil Km\u00b2, que abarca las cuencas de los r\u00edos Sipapo, Autana, Cuao, Guayapo, Samariapo, Cataniapo, Paria, Parguaza, Ventuari y Manapiare, adem\u00e1s de los ejes carreteros que conectan Puerto Ayacucho, capital del estado Amazonas, con el puerto de Samariapo, al sur, la cuenca media del Cataniapo, al este, y el estado Bol\u00edvar, al norte.<\/p>\n<p style=\"font-weight: 400;\">Los piaroa viven generalmente en peque\u00f1as comunidades de menos de cien personas, separadas entre ellas por una distancia un d\u00eda de camino, aproximadamente.<\/p>\n<p style=\"font-weight: 400;\">Tradicionalmente, los piaroa viv\u00edan en una casa comunal, donde las diferentes familias estaban emparentadas. En la actualidad, aunque contin\u00faa existiendo la casa comunal, las aldeas est\u00e1n formadas por casas principalmente unifamiliares, esta tendencia ha reforzado el rol de la familia nuclear como unidad econ\u00f3mica aut\u00f3noma.<\/p>\n<p style=\"font-weight: 400;\">Los Piaroa son m\u00e1s recolectores que agricultores. La caza y la pesca son la base de su alimentaci\u00f3n, especialmente la pesca fluvial. Tejen el algod\u00f3n natural y hacen cester\u00eda.<\/p>\n<p style=\"font-weight: 400;\">El Warime o baile de la m\u00e1scara, es la danza m\u00e1s importante para el pueblo Piaroa, en \u00e9l participan Chamanes Piaroa (Me\u00f1er\u00faa) de diferentes comunidades, cubiertos con un traje elaborado con palma de moriche y una m\u00e1scara que les cubre el rostro, celebran la buena cosecha, las uniones matrimoniales y la reuni\u00f3n en armon\u00eda de las familias que viven lejos.<\/p>\n<p style=\"font-weight: 400;\">El cerro Autana representa el \u00e1rbol de la vida, que dio origen a todas las frutas que le dan sustento a los hombres y a los animales. Para los Piaroa es una monta\u00f1a sagrada en la que no se adentran.<\/p>\n<p style=\"font-weight: 400;\">Los piaroas hablan el idioma s\u00e1liba, que hasta tiempos recientes era de transmisi\u00f3n oral. Actualmente, han desarrollado un sistema de escritura para su lengua.<\/p>\n<p style=\"font-weight: 400;\">\n","protected":false},"excerpt":{"rendered":"<p style=\"font-weight: 400;\"><span style=\"color: #000000;\">Cacao Ceremonial cultivado por la comunidad ind\u00edgena Piaroa, a orillas del\u00a0 Rio Orinoco, en el Amazonas venezolano.<\/span><\/p>\n<p style=\"font-weight: 400;\"><span style=\"color: #000000;\">Se cultiva siguiendo la tradici\u00f3n ancestral transmitida de generaci\u00f3n en generaci\u00f3n. La comunidad Piaroa utiliza de diferentes escenarios ecol\u00f3gicos; bosques, r\u00edos y ca\u00f1os, y \u00e1reas abiertas.<\/span><\/p>\n<p style=\"font-weight: 400;\"><span style=\"color: #000000;\">Es ideal para uso ceremonial, para reemplazar el caf\u00e9, como energetizante deportivo, e incluso para la reposter\u00eda y confecci\u00f3n de chocolates. Conservar en un lugar seco, fresco y alejado de la luz solar.<\/span><\/p>\n<p style=\"font-weight: 400;\"><span style=\"color: #000000;\"><strong>Tipo: <\/strong>Cacao de Grado Ceremonial.<\/span><\/p>\n<p style=\"font-weight: 400;\"><span style=\"color: #000000;\"><strong>Ingredientes:<\/strong> 100% Cacao puro de Grado Ceremonial.<\/span><\/p>\n<p style=\"font-weight: 400;\"><span style=\"color: #000000;\"><strong>Procedencia:<\/strong>\u00a0 Amazonas, Venezuela<\/span><\/p>\n<p style=\"font-weight: 400;\"><span style=\"color: #000000;\"><strong>Presentaci\u00f3n: <\/strong>Cacao en Barra.<\/span><\/p>\n<p style=\"font-weight: 400;\"><span style=\"color: #000000;\"><strong>Variedad:<\/strong> Criollo Piaroa<\/span><\/p>\n<p style=\"font-weight: 400;\"><span style=\"color: #000000;\"><strong>Tama\u00f1o:<\/strong> 500gr<\/span><\/p>\n<p style=\"font-weight: 400;\"><span style=\"color: #000000;\"><strong>Almacenamiento: <\/strong>Almacenar en un lugar fresco y seco lejos de la luz solar directa.<\/span><\/p>\n<p style=\"font-weight: 400;\">\n","protected":false},"featured_media":15911,"template":"","meta":{"_joinchat":[]},"product_brand":[],"product_cat":[400,512],"product_tag":[],"class_list":{"0":"post-14329","1":"product","2":"type-product","3":"status-publish","4":"has-post-thumbnail","6":"product_cat-cacao","7":"product_cat-ceremonial","9":"first","10":"instock","11":"taxable","12":"shipping-taxable","13":"purchasable","14":"product-type-simple"},"yoast_head":"<!-- This site is optimized with the Yoast SEO plugin v27.1.1 - https:\/\/yoast.com\/product\/yoast-seo-wordpress\/ -->\n<title>Cacao Ceremonial del Amazonas, Tribu Piaroa<\/title>\n<meta name=\"description\" content=\"Cacao Ceremonial de la tribu nativa Piaroa, cultivado siguiendo la tradici\u00f3n ancestral transmitida de generaci\u00f3n en generaci\u00f3n.\" \/>\n<meta name=\"robots\" content=\"index, follow, max-snippet:-1, max-image-preview:large, max-video-preview:-1\" \/>\n<link rel=\"canonical\" href=\"https:\/\/www.sinchisinchi.com\/es\/producto\/cacao-amazonas-tribu-piaroa\/\" \/>\n<meta property=\"og:locale\" content=\"es_ES\" \/>\n<meta property=\"og:type\" content=\"article\" \/>\n<meta property=\"og:title\" content=\"Cacao Ceremonial del Amazonas, Tribu Piaroa\" \/>\n<meta property=\"og:description\" content=\"Cacao Ceremonial de la tribu nativa Piaroa, cultivado siguiendo la tradici\u00f3n ancestral transmitida de generaci\u00f3n en generaci\u00f3n.\" \/>\n<meta property=\"og:url\" content=\"https:\/\/www.sinchisinchi.com\/es\/producto\/cacao-amazonas-tribu-piaroa\/\" \/>\n<meta property=\"og:site_name\" content=\"SINCHI RAP\u00c9\" \/>\n<meta property=\"article:publisher\" content=\"https:\/\/www.facebook.com\/sinchirape\/\" \/>\n<meta property=\"article:modified_time\" content=\"2026-01-13T08:05:25+00:00\" \/>\n<meta property=\"og:image\" content=\"https:\/\/www.sinchisinchi.com\/wp-content\/uploads\/2024\/05\/2-Cacao-Ceremonial1-1-1024x683-copia.jpg\" \/>\n\t<meta property=\"og:image:width\" content=\"1024\" \/>\n\t<meta property=\"og:image:height\" content=\"683\" \/>\n\t<meta property=\"og:image:type\" content=\"image\/jpeg\" \/>\n<meta name=\"twitter:card\" content=\"summary_large_image\" \/>\n<meta name=\"twitter:label1\" content=\"Tiempo de lectura\" \/>\n\t<meta name=\"twitter:data1\" content=\"3 minutos\" \/>\n<script type=\"application\/ld+json\" class=\"yoast-schema-graph\">{\"@context\":\"https:\/\/schema.org\",\"@graph\":[{\"@type\":\"WebPage\",\"@id\":\"https:\/\/www.sinchisinchi.com\/es\/producto\/cacao-amazonas-tribu-piaroa\/\",\"url\":\"https:\/\/www.sinchisinchi.com\/es\/producto\/cacao-amazonas-tribu-piaroa\/\",\"name\":\"Cacao Ceremonial del Amazonas, Tribu Piaroa\",\"isPartOf\":{\"@id\":\"https:\/\/www.sinchisinchi.com\/es\/#website\"},\"primaryImageOfPage\":{\"@id\":\"https:\/\/www.sinchisinchi.com\/es\/producto\/cacao-amazonas-tribu-piaroa\/#primaryimage\"},\"image\":{\"@id\":\"https:\/\/www.sinchisinchi.com\/es\/producto\/cacao-amazonas-tribu-piaroa\/#primaryimage\"},\"thumbnailUrl\":\"https:\/\/www.sinchisinchi.com\/wp-content\/uploads\/2024\/05\/2-Cacao-Ceremonial1-1-1024x683-copia.jpg\",\"datePublished\":\"2024-05-27T13:00:33+00:00\",\"dateModified\":\"2026-01-13T08:05:25+00:00\",\"description\":\"Cacao Ceremonial de la tribu nativa Piaroa, cultivado siguiendo la tradici\u00f3n ancestral transmitida de generaci\u00f3n en generaci\u00f3n.\",\"breadcrumb\":{\"@id\":\"https:\/\/www.sinchisinchi.com\/es\/producto\/cacao-amazonas-tribu-piaroa\/#breadcrumb\"},\"inLanguage\":\"es\",\"potentialAction\":[{\"@type\":\"ReadAction\",\"target\":[\"https:\/\/www.sinchisinchi.com\/es\/producto\/cacao-amazonas-tribu-piaroa\/\"]}]},{\"@type\":\"ImageObject\",\"inLanguage\":\"es\",\"@id\":\"https:\/\/www.sinchisinchi.com\/es\/producto\/cacao-amazonas-tribu-piaroa\/#primaryimage\",\"url\":\"https:\/\/www.sinchisinchi.com\/wp-content\/uploads\/2024\/05\/2-Cacao-Ceremonial1-1-1024x683-copia.jpg\",\"contentUrl\":\"https:\/\/www.sinchisinchi.com\/wp-content\/uploads\/2024\/05\/2-Cacao-Ceremonial1-1-1024x683-copia.jpg\",\"width\":1024,\"height\":683},{\"@type\":\"BreadcrumbList\",\"@id\":\"https:\/\/www.sinchisinchi.com\/es\/producto\/cacao-amazonas-tribu-piaroa\/#breadcrumb\",\"itemListElement\":[{\"@type\":\"ListItem\",\"position\":1,\"name\":\"Prima pagina\",\"item\":\"https:\/\/www.sinchisinchi.com\/es\/\"},{\"@type\":\"ListItem\",\"position\":2,\"name\":\"Productos\",\"item\":\"https:\/\/www.sinchisinchi.com\/es\/shop\/\"},{\"@type\":\"ListItem\",\"position\":3,\"name\":\"Cacao Amazonas Tribu Piaroa\"}]},{\"@type\":\"WebSite\",\"@id\":\"https:\/\/www.sinchisinchi.com\/es\/#website\",\"url\":\"https:\/\/www.sinchisinchi.com\/es\/\",\"name\":\"SINCHI\",\"description\":\"Sinchi Medicine\",\"publisher\":{\"@id\":\"https:\/\/www.sinchisinchi.com\/es\/#organization\"},\"potentialAction\":[{\"@type\":\"SearchAction\",\"target\":{\"@type\":\"EntryPoint\",\"urlTemplate\":\"https:\/\/www.sinchisinchi.com\/es\/?s={search_term_string}\"},\"query-input\":{\"@type\":\"PropertyValueSpecification\",\"valueRequired\":true,\"valueName\":\"search_term_string\"}}],\"inLanguage\":\"es\"},{\"@type\":\"Organization\",\"@id\":\"https:\/\/www.sinchisinchi.com\/es\/#organization\",\"name\":\"SINCHI S.L\",\"url\":\"https:\/\/www.sinchisinchi.com\/es\/\",\"logo\":{\"@type\":\"ImageObject\",\"inLanguage\":\"es\",\"@id\":\"https:\/\/www.sinchisinchi.com\/es\/#\/schema\/logo\/image\/\",\"url\":\"https:\/\/www.sinchisinchi.com\/wp-content\/uploads\/2026\/01\/3b-Verde-SIMPLIFICADO-HORIZONTAL-F-TRANSPARENTE-scaled.png\",\"contentUrl\":\"https:\/\/www.sinchisinchi.com\/wp-content\/uploads\/2026\/01\/3b-Verde-SIMPLIFICADO-HORIZONTAL-F-TRANSPARENTE-scaled.png\",\"width\":2560,\"height\":457,\"caption\":\"SINCHI S.L\"},\"image\":{\"@id\":\"https:\/\/www.sinchisinchi.com\/es\/#\/schema\/logo\/image\/\"},\"sameAs\":[\"https:\/\/www.facebook.com\/sinchirape\/\",\"https:\/\/www.instagram.com\/sinchi_rape\/\"]}]}<\/script>\n<!-- \/ Yoast SEO plugin. -->","yoast_head_json":{"title":"Cacao Ceremonial del Amazonas, Tribu Piaroa","description":"Cacao Ceremonial de la tribu nativa Piaroa, cultivado siguiendo la tradici\u00f3n ancestral transmitida de generaci\u00f3n en generaci\u00f3n.","robots":{"index":"index","follow":"follow","max-snippet":"max-snippet:-1","max-image-preview":"max-image-preview:large","max-video-preview":"max-video-preview:-1"},"canonical":"https:\/\/www.sinchisinchi.com\/es\/producto\/cacao-amazonas-tribu-piaroa\/","og_locale":"es_ES","og_type":"article","og_title":"Cacao Ceremonial del Amazonas, Tribu Piaroa","og_description":"Cacao Ceremonial de la tribu nativa Piaroa, cultivado siguiendo la tradici\u00f3n ancestral transmitida de generaci\u00f3n en generaci\u00f3n.","og_url":"https:\/\/www.sinchisinchi.com\/es\/producto\/cacao-amazonas-tribu-piaroa\/","og_site_name":"SINCHI RAP\u00c9","article_publisher":"https:\/\/www.facebook.com\/sinchirape\/","article_modified_time":"2026-01-13T08:05:25+00:00","og_image":[{"width":1024,"height":683,"url":"https:\/\/www.sinchisinchi.com\/wp-content\/uploads\/2024\/05\/2-Cacao-Ceremonial1-1-1024x683-copia.jpg","type":"image\/jpeg"}],"twitter_card":"summary_large_image","twitter_misc":{"Tiempo de lectura":"3 minutos"},"schema":{"@context":"https:\/\/schema.org","@graph":[{"@type":"WebPage","@id":"https:\/\/www.sinchisinchi.com\/es\/producto\/cacao-amazonas-tribu-piaroa\/","url":"https:\/\/www.sinchisinchi.com\/es\/producto\/cacao-amazonas-tribu-piaroa\/","name":"Cacao Ceremonial del Amazonas, Tribu Piaroa","isPartOf":{"@id":"https:\/\/www.sinchisinchi.com\/es\/#website"},"primaryImageOfPage":{"@id":"https:\/\/www.sinchisinchi.com\/es\/producto\/cacao-amazonas-tribu-piaroa\/#primaryimage"},"image":{"@id":"https:\/\/www.sinchisinchi.com\/es\/producto\/cacao-amazonas-tribu-piaroa\/#primaryimage"},"thumbnailUrl":"https:\/\/www.sinchisinchi.com\/wp-content\/uploads\/2024\/05\/2-Cacao-Ceremonial1-1-1024x683-copia.jpg","datePublished":"2024-05-27T13:00:33+00:00","dateModified":"2026-01-13T08:05:25+00:00","description":"Cacao Ceremonial de la tribu nativa Piaroa, cultivado siguiendo la tradici\u00f3n ancestral transmitida de generaci\u00f3n en generaci\u00f3n.","breadcrumb":{"@id":"https:\/\/www.sinchisinchi.com\/es\/producto\/cacao-amazonas-tribu-piaroa\/#breadcrumb"},"inLanguage":"es","potentialAction":[{"@type":"ReadAction","target":["https:\/\/www.sinchisinchi.com\/es\/producto\/cacao-amazonas-tribu-piaroa\/"]}]},{"@type":"ImageObject","inLanguage":"es","@id":"https:\/\/www.sinchisinchi.com\/es\/producto\/cacao-amazonas-tribu-piaroa\/#primaryimage","url":"https:\/\/www.sinchisinchi.com\/wp-content\/uploads\/2024\/05\/2-Cacao-Ceremonial1-1-1024x683-copia.jpg","contentUrl":"https:\/\/www.sinchisinchi.com\/wp-content\/uploads\/2024\/05\/2-Cacao-Ceremonial1-1-1024x683-copia.jpg","width":1024,"height":683},{"@type":"BreadcrumbList","@id":"https:\/\/www.sinchisinchi.com\/es\/producto\/cacao-amazonas-tribu-piaroa\/#breadcrumb","itemListElement":[{"@type":"ListItem","position":1,"name":"Prima pagina","item":"https:\/\/www.sinchisinchi.com\/es\/"},{"@type":"ListItem","position":2,"name":"Productos","item":"https:\/\/www.sinchisinchi.com\/es\/shop\/"},{"@type":"ListItem","position":3,"name":"Cacao Amazonas Tribu Piaroa"}]},{"@type":"WebSite","@id":"https:\/\/www.sinchisinchi.com\/es\/#website","url":"https:\/\/www.sinchisinchi.com\/es\/","name":"SINCHI","description":"Sinchi Medicine","publisher":{"@id":"https:\/\/www.sinchisinchi.com\/es\/#organization"},"potentialAction":[{"@type":"SearchAction","target":{"@type":"EntryPoint","urlTemplate":"https:\/\/www.sinchisinchi.com\/es\/?s={search_term_string}"},"query-input":{"@type":"PropertyValueSpecification","valueRequired":true,"valueName":"search_term_string"}}],"inLanguage":"es"},{"@type":"Organization","@id":"https:\/\/www.sinchisinchi.com\/es\/#organization","name":"SINCHI S.L","url":"https:\/\/www.sinchisinchi.com\/es\/","logo":{"@type":"ImageObject","inLanguage":"es","@id":"https:\/\/www.sinchisinchi.com\/es\/#\/schema\/logo\/image\/","url":"https:\/\/www.sinchisinchi.com\/wp-content\/uploads\/2026\/01\/3b-Verde-SIMPLIFICADO-HORIZONTAL-F-TRANSPARENTE-scaled.png","contentUrl":"https:\/\/www.sinchisinchi.com\/wp-content\/uploads\/2026\/01\/3b-Verde-SIMPLIFICADO-HORIZONTAL-F-TRANSPARENTE-scaled.png","width":2560,"height":457,"caption":"SINCHI S.L"},"image":{"@id":"https:\/\/www.sinchisinchi.com\/es\/#\/schema\/logo\/image\/"},"sameAs":["https:\/\/www.facebook.com\/sinchirape\/","https:\/\/www.instagram.com\/sinchi_rape\/"]}]}},"_links":{"self":[{"href":"https:\/\/www.sinchisinchi.com\/es\/wp-json\/wp\/v2\/product\/14329","targetHints":{"allow":["GET"]}}],"collection":[{"href":"https:\/\/www.sinchisinchi.com\/es\/wp-json\/wp\/v2\/product"}],"about":[{"href":"https:\/\/www.sinchisinchi.com\/es\/wp-json\/wp\/v2\/types\/product"}],"wp:featuredmedia":[{"embeddable":true,"href":"https:\/\/www.sinchisinchi.com\/es\/wp-json\/wp\/v2\/media\/15911"}],"wp:attachment":[{"href":"https:\/\/www.sinchisinchi.com\/es\/wp-json\/wp\/v2\/media?parent=14329"}],"wp:term":[{"taxonomy":"product_brand","embeddable":true,"href":"https:\/\/www.sinchisinchi.com\/es\/wp-json\/wp\/v2\/product_brand?post=14329"},{"taxonomy":"product_cat","embeddable":true,"href":"https:\/\/www.sinchisinchi.com\/es\/wp-json\/wp\/v2\/product_cat?post=14329"},{"taxonomy":"product_tag","embeddable":true,"href":"https:\/\/www.sinchisinchi.com\/es\/wp-json\/wp\/v2\/product_tag?post=14329"}],"curies":[{"name":"wp","href":"https:\/\/api.w.org\/{rel}","templated":true}]}}