{"id":14333,"date":"2024-05-27T13:15:09","date_gmt":"2024-05-27T13:15:09","guid":{"rendered":"https:\/\/www.sinchisinchi.com\/?post_type=product&#038;p=14333"},"modified":"2026-01-13T08:04:53","modified_gmt":"2026-01-13T08:04:53","slug":"cacao-ceremonial-tribu-arhuaca-colombia","status":"publish","type":"product","link":"https:\/\/www.sinchisinchi.com\/es\/producto\/cacao-ceremonial-tribu-arhuaca-colombia\/","title":{"rendered":"Cacao Tribu Arhuaca, Colombia"},"content":{"rendered":"<h2 style=\"font-weight: 400; text-align: center;\"><span style=\"color: #000000;\"><strong>Tribu Arhuaca<\/strong><\/span><\/h2>\n<p style=\"font-weight: 400;\"><span style=\"color: #000000;\">El pueblo Arhuaco se autodenomina \u201c<em>Iku\u201d<\/em>, que significa \u201cgente\u201d en lengua Ika. Son nativos de la Sierra Nevada de Santa Marta, en la costa Caribe de Colombia, y descendientes de la cultura precolombina Tairona.<\/span><\/p>\n<p style=\"font-weight: 400;\"><span style=\"color: #000000;\">Es uno de los pueblos nativos m\u00e1s conocidos de Colombia, y representan el 1,59% de la poblaci\u00f3n ind\u00edgena de Colombia.<\/span><\/p>\n<p style=\"font-weight: 400;\"><span style=\"color: #000000;\">La tribu arhuaca se encuentra establecida principalmente en las monta\u00f1as de la Sierra Nevada de Santa Marta, y en menor medida, en las cuencas de los r\u00edos Don Diego, Mingueo y Guatapur\u00ed (Valledupar, Mamatoco).<\/span><\/p>\n<p style=\"font-weight: 400;\"><span style=\"color: #000000;\">Gu\u00edan su vida y su d\u00eda a d\u00eda en base a la espiritualidad, el respeto a sus dioses creadores del universo y la solidaridad con los miembros de la comunidad y de los pueblos vecinos, concibiendo el territorio en el que viven como un todo donde habitan seres tanto del mundo material como en el espiritual.<\/span><\/p>\n<p style=\"font-weight: 400;\"><span style=\"color: #000000;\">Las mujeres arhuaca ocupan su tiempo libre en hilar algod\u00f3n y lana para los vestidos, y en torcer la fibra del <em>maguey <\/em>(\u00c1gave en n\u00e1huatl, lengua de los aztecas) para sus mochilas.<\/span><\/p>\n<p style=\"font-weight: 400;\"><span style=\"color: #000000;\">Aman y respetan a sus semejantes, considerando como tales, adem\u00e1s de a los humanos, a los animales, las plantas y los seres inanimados.<\/span><\/p>\n<p style=\"font-weight: 400;\"><span style=\"color: #000000;\">Al le\u00f3n, rey de la selva, lo llaman <strong><em>gui\u0301aj&#8217;ina,<\/em><\/strong> que significa \u201cHermano de todos\u201d. No son cazadores, y nunca azotan ni cargan pesadamente a sus bueyes y caballos.<\/span><\/p>\n<p style=\"font-weight: 400;\"><span style=\"color: #000000;\">Los arhuacos siempre llevan dentro de su mochila de lana hojas tostadas de <strong><em>Ha\u0301yu <\/em>(planta de coca); <\/strong>al encontrarse, su saludo tradicional consiste en intercambiar un pun\u0303ado de estas hojas.<\/span><\/p>\n<p style=\"font-weight: 400;\"><span style=\"color: #000000;\"><strong><em>Ambi\u0301ra,<\/em><\/strong> es el mapacho que usan los arhuacos en forma de extracto. La preparan cocimiendo a fuego muy lento las hojas de mapacho, obteniendo una sustancia espesa de color oscuro.<\/span><\/p>\n<p style=\"font-weight: 400;\"><span style=\"color: #000000;\">Las mujeres arhuacas no toman coca ni <em>ambi\u0301ra, s<\/em>u uso esta\u0301 reservado a los varones adultos.<\/span><\/p>\n<p style=\"font-weight: 400;\"><span style=\"color: #000000;\">Los otros tres pueblos nativos que habitan en Sierra Nevada junto con los arhuacas, son los Koguis, los Wiwa y los Kankuamos.<\/span><\/p>\n<p style=\"font-weight: 400;\"><span style=\"color: #000000;\">El pueblo Ika o Arhuaco habita en las cuencas altas de los r\u00edos Aracataca, Fundaci\u00f3n y Ariguan\u00ed en la vertiente occidental de la Sierra Nevada de Santa Marta.<\/span><\/p>\n<p style=\"font-weight: 400;\"><span style=\"color: #000000;\">La Sierra Nevada de Santa Marta es una cordillera de Colombia que constituye por s\u00ed mismo un sistema aislado de Cordillera de los Andes, sobre la costa Caribe de Colombia, elev\u00e1ndose abruptamente desde las costas del Mar Caribe hasta alcanzar picos que permanecen nevados durante todo el a\u00f1o, con una altura m\u00e1xima de 5.775 metros, siendo la monta\u00f1a m\u00e1s alta del mundo a orillas del mar.<\/span><\/p>\n","protected":false},"excerpt":{"rendered":"<p style=\"font-weight: 400;\"><span style=\"color: #000000;\">Cacao ceremonial, org\u00e1nico crudo 100% puro, elaborado de forma artesanal por la tribu Arhuaco, siguiendo el m\u00e9todo ancestral.<\/span><\/p>\n<p style=\"font-weight: 400;\"><span style=\"color: #000000;\">El cacao cultivado por los Arhuacos es catalogado como uno de los mejores del mundo por su sabor, aroma, excelente calidad y caracter\u00edsticas \u00fanicas.<\/span><\/p>\n<p style=\"font-weight: 400;\"><span style=\"color: #000000;\">La tribu Arhuaca de la Sierra Nevada en Colombia cultiva el cacao en sus tierras ancestrales, como se ha hecho durante siglos. Seg\u00fan ellos, el cacao es la bebida de los padres divinos. Forma parte de la cultura Arhuaca, cuyas familias transmiten los conocimientos y ense\u00f1anzas de sus ancestros de generaci\u00f3n en generaci\u00f3n.<\/span><\/p>\n<p style=\"font-weight: 400;\"><span style=\"color: #000000;\">Los granos de cacao son cosechados a mano. Despu\u00e9s se dejan fermentar, un proceso de transformaci\u00f3n en el que los granos desarrollan su caracter\u00edstico aroma y sabor a chocolate. Posteriormente, los granos se secan al sol.<\/span><\/p>\n<p style=\"font-weight: 400;\"><span style=\"color: #000000;\"><strong>Receta:<\/strong> Para preparar la bebida ceremonial, agrega una onza de cacao a cuatro onzas de agua y mezcla bien. Puedes agregar un poco de miel. Este cacao tambi\u00e9n se puede usar para hacer chocolate caliente, batidos o chocolate sin az\u00facar.<\/span><\/p>\n<p style=\"font-weight: 400;\"><span style=\"color: #000000;\"><strong>Tipo: <\/strong>Granulado<\/span><\/p>\n<p style=\"font-weight: 400;\"><span style=\"color: #000000;\"><strong>Procedencia:<\/strong>\u00a0 Tribu Arhuaca, Colombia<\/span><\/p>\n<p style=\"font-weight: 400;\"><span style=\"color: #000000;\"><strong>Ingredientes:<\/strong> 100% Cacao puro de grado ceremonial<\/span><\/p>\n<p style=\"font-weight: 400;\"><span style=\"color: #000000;\"><strong>Presentaci\u00f3n: <\/strong>Cacao en Barra.<\/span><\/p>\n<p style=\"font-weight: 400;\"><span style=\"color: #000000;\"><strong>Peso neto: <\/strong>450 Gr.<\/span><\/p>\n<p style=\"font-weight: 400;\"><span style=\"color: #000000;\"><strong>Almacenamiento: <\/strong>Almacenar en un lugar fresco y seco lejos de la luz solar directa.<\/span><\/p>\n<p style=\"font-weight: 400;\">\n","protected":false},"featured_media":15917,"template":"","meta":{"_joinchat":[]},"product_brand":[],"product_cat":[400,512],"product_tag":[],"class_list":{"0":"post-14333","1":"product","2":"type-product","3":"status-publish","4":"has-post-thumbnail","6":"product_cat-cacao","7":"product_cat-ceremonial","9":"first","10":"instock","11":"taxable","12":"shipping-taxable","13":"purchasable","14":"product-type-simple"},"yoast_head":"<!-- This site is optimized with the Yoast SEO plugin v27.4 - https:\/\/yoast.com\/product\/yoast-seo-wordpress\/ -->\n<title>Cacao Ceremonial Tribu Arhuaca, Colombia<\/title>\n<meta name=\"description\" content=\"Cacao ceremonial, org\u00e1nico crudo 100% puro, elaborado de forma artesanal por la tribu Arhuaco, siguiendo el m\u00e9todo ancestral.\" \/>\n<meta name=\"robots\" content=\"index, follow, max-snippet:-1, max-image-preview:large, max-video-preview:-1\" \/>\n<link rel=\"canonical\" href=\"https:\/\/www.sinchisinchi.com\/es\/producto\/cacao-ceremonial-tribu-arhuaca-colombia\/\" \/>\n<meta property=\"og:locale\" content=\"es_ES\" \/>\n<meta property=\"og:type\" content=\"article\" \/>\n<meta property=\"og:title\" content=\"Cacao Ceremonial Tribu Arhuaca, Colombia\" \/>\n<meta property=\"og:description\" content=\"Cacao ceremonial, org\u00e1nico crudo 100% puro, elaborado de forma artesanal por la tribu Arhuaco, siguiendo el m\u00e9todo ancestral.\" \/>\n<meta property=\"og:url\" content=\"https:\/\/www.sinchisinchi.com\/es\/producto\/cacao-ceremonial-tribu-arhuaca-colombia\/\" \/>\n<meta property=\"og:site_name\" content=\"SINCHI RAP\u00c9\" \/>\n<meta property=\"article:publisher\" content=\"https:\/\/www.facebook.com\/sinchirape\/\" \/>\n<meta property=\"article:modified_time\" content=\"2026-01-13T08:04:53+00:00\" \/>\n<meta property=\"og:image\" content=\"https:\/\/www.sinchisinchi.com\/wp-content\/uploads\/2024\/05\/2-Cacao-Ceremonaial1-1-1024x683-copia.jpg\" \/>\n\t<meta property=\"og:image:width\" content=\"1024\" \/>\n\t<meta property=\"og:image:height\" content=\"683\" \/>\n\t<meta property=\"og:image:type\" content=\"image\/jpeg\" \/>\n<meta name=\"twitter:card\" content=\"summary_large_image\" \/>\n<meta name=\"twitter:label1\" content=\"Tiempo de lectura\" \/>\n\t<meta name=\"twitter:data1\" content=\"2 minutos\" \/>\n<script type=\"application\/ld+json\" class=\"yoast-schema-graph\">{\"@context\":\"https:\\\/\\\/schema.org\",\"@graph\":[{\"@type\":\"WebPage\",\"@id\":\"https:\\\/\\\/www.sinchisinchi.com\\\/es\\\/producto\\\/cacao-ceremonial-tribu-arhuaca-colombia\\\/\",\"url\":\"https:\\\/\\\/www.sinchisinchi.com\\\/es\\\/producto\\\/cacao-ceremonial-tribu-arhuaca-colombia\\\/\",\"name\":\"Cacao Ceremonial Tribu Arhuaca, Colombia\",\"isPartOf\":{\"@id\":\"https:\\\/\\\/www.sinchisinchi.com\\\/es\\\/#website\"},\"primaryImageOfPage\":{\"@id\":\"https:\\\/\\\/www.sinchisinchi.com\\\/es\\\/producto\\\/cacao-ceremonial-tribu-arhuaca-colombia\\\/#primaryimage\"},\"image\":{\"@id\":\"https:\\\/\\\/www.sinchisinchi.com\\\/es\\\/producto\\\/cacao-ceremonial-tribu-arhuaca-colombia\\\/#primaryimage\"},\"thumbnailUrl\":\"https:\\\/\\\/www.sinchisinchi.com\\\/wp-content\\\/uploads\\\/2024\\\/05\\\/2-Cacao-Ceremonaial1-1-1024x683-copia.jpg\",\"datePublished\":\"2024-05-27T13:15:09+00:00\",\"dateModified\":\"2026-01-13T08:04:53+00:00\",\"description\":\"Cacao ceremonial, org\u00e1nico crudo 100% puro, elaborado de forma artesanal por la tribu Arhuaco, siguiendo el m\u00e9todo ancestral.\",\"breadcrumb\":{\"@id\":\"https:\\\/\\\/www.sinchisinchi.com\\\/es\\\/producto\\\/cacao-ceremonial-tribu-arhuaca-colombia\\\/#breadcrumb\"},\"inLanguage\":\"es\",\"potentialAction\":[{\"@type\":\"ReadAction\",\"target\":[\"https:\\\/\\\/www.sinchisinchi.com\\\/es\\\/producto\\\/cacao-ceremonial-tribu-arhuaca-colombia\\\/\"]}]},{\"@type\":\"ImageObject\",\"inLanguage\":\"es\",\"@id\":\"https:\\\/\\\/www.sinchisinchi.com\\\/es\\\/producto\\\/cacao-ceremonial-tribu-arhuaca-colombia\\\/#primaryimage\",\"url\":\"https:\\\/\\\/www.sinchisinchi.com\\\/wp-content\\\/uploads\\\/2024\\\/05\\\/2-Cacao-Ceremonaial1-1-1024x683-copia.jpg\",\"contentUrl\":\"https:\\\/\\\/www.sinchisinchi.com\\\/wp-content\\\/uploads\\\/2024\\\/05\\\/2-Cacao-Ceremonaial1-1-1024x683-copia.jpg\",\"width\":1024,\"height\":683},{\"@type\":\"BreadcrumbList\",\"@id\":\"https:\\\/\\\/www.sinchisinchi.com\\\/es\\\/producto\\\/cacao-ceremonial-tribu-arhuaca-colombia\\\/#breadcrumb\",\"itemListElement\":[{\"@type\":\"ListItem\",\"position\":1,\"name\":\"Prima pagina\",\"item\":\"https:\\\/\\\/www.sinchisinchi.com\\\/es\\\/\"},{\"@type\":\"ListItem\",\"position\":2,\"name\":\"Productos\",\"item\":\"https:\\\/\\\/www.sinchisinchi.com\\\/es\\\/shop\\\/\"},{\"@type\":\"ListItem\",\"position\":3,\"name\":\"Cacao Tribu Arhuaca, Colombia\"}]},{\"@type\":\"WebSite\",\"@id\":\"https:\\\/\\\/www.sinchisinchi.com\\\/es\\\/#website\",\"url\":\"https:\\\/\\\/www.sinchisinchi.com\\\/es\\\/\",\"name\":\"SINCHI\",\"description\":\"Sinchi Medicine\",\"publisher\":{\"@id\":\"https:\\\/\\\/www.sinchisinchi.com\\\/es\\\/#organization\"},\"potentialAction\":[{\"@type\":\"SearchAction\",\"target\":{\"@type\":\"EntryPoint\",\"urlTemplate\":\"https:\\\/\\\/www.sinchisinchi.com\\\/es\\\/?s={search_term_string}\"},\"query-input\":{\"@type\":\"PropertyValueSpecification\",\"valueRequired\":true,\"valueName\":\"search_term_string\"}}],\"inLanguage\":\"es\"},{\"@type\":\"Organization\",\"@id\":\"https:\\\/\\\/www.sinchisinchi.com\\\/es\\\/#organization\",\"name\":\"SINCHI S.L\",\"url\":\"https:\\\/\\\/www.sinchisinchi.com\\\/es\\\/\",\"logo\":{\"@type\":\"ImageObject\",\"inLanguage\":\"es\",\"@id\":\"https:\\\/\\\/www.sinchisinchi.com\\\/es\\\/#\\\/schema\\\/logo\\\/image\\\/\",\"url\":\"https:\\\/\\\/www.sinchisinchi.com\\\/wp-content\\\/uploads\\\/2026\\\/01\\\/3b-Verde-SIMPLIFICADO-HORIZONTAL-F-TRANSPARENTE-scaled.png\",\"contentUrl\":\"https:\\\/\\\/www.sinchisinchi.com\\\/wp-content\\\/uploads\\\/2026\\\/01\\\/3b-Verde-SIMPLIFICADO-HORIZONTAL-F-TRANSPARENTE-scaled.png\",\"width\":2560,\"height\":457,\"caption\":\"SINCHI S.L\"},\"image\":{\"@id\":\"https:\\\/\\\/www.sinchisinchi.com\\\/es\\\/#\\\/schema\\\/logo\\\/image\\\/\"},\"sameAs\":[\"https:\\\/\\\/www.facebook.com\\\/sinchirape\\\/\",\"https:\\\/\\\/www.instagram.com\\\/sinchi_rape\\\/\"]}]}<\/script>\n<!-- \/ Yoast SEO plugin. -->","yoast_head_json":{"title":"Cacao Ceremonial Tribu Arhuaca, Colombia","description":"Cacao ceremonial, org\u00e1nico crudo 100% puro, elaborado de forma artesanal por la tribu Arhuaco, siguiendo el m\u00e9todo ancestral.","robots":{"index":"index","follow":"follow","max-snippet":"max-snippet:-1","max-image-preview":"max-image-preview:large","max-video-preview":"max-video-preview:-1"},"canonical":"https:\/\/www.sinchisinchi.com\/es\/producto\/cacao-ceremonial-tribu-arhuaca-colombia\/","og_locale":"es_ES","og_type":"article","og_title":"Cacao Ceremonial Tribu Arhuaca, Colombia","og_description":"Cacao ceremonial, org\u00e1nico crudo 100% puro, elaborado de forma artesanal por la tribu Arhuaco, siguiendo el m\u00e9todo ancestral.","og_url":"https:\/\/www.sinchisinchi.com\/es\/producto\/cacao-ceremonial-tribu-arhuaca-colombia\/","og_site_name":"SINCHI RAP\u00c9","article_publisher":"https:\/\/www.facebook.com\/sinchirape\/","article_modified_time":"2026-01-13T08:04:53+00:00","og_image":[{"width":1024,"height":683,"url":"https:\/\/www.sinchisinchi.com\/wp-content\/uploads\/2024\/05\/2-Cacao-Ceremonaial1-1-1024x683-copia.jpg","type":"image\/jpeg"}],"twitter_card":"summary_large_image","twitter_misc":{"Tiempo de lectura":"2 minutos"},"schema":{"@context":"https:\/\/schema.org","@graph":[{"@type":"WebPage","@id":"https:\/\/www.sinchisinchi.com\/es\/producto\/cacao-ceremonial-tribu-arhuaca-colombia\/","url":"https:\/\/www.sinchisinchi.com\/es\/producto\/cacao-ceremonial-tribu-arhuaca-colombia\/","name":"Cacao Ceremonial Tribu Arhuaca, Colombia","isPartOf":{"@id":"https:\/\/www.sinchisinchi.com\/es\/#website"},"primaryImageOfPage":{"@id":"https:\/\/www.sinchisinchi.com\/es\/producto\/cacao-ceremonial-tribu-arhuaca-colombia\/#primaryimage"},"image":{"@id":"https:\/\/www.sinchisinchi.com\/es\/producto\/cacao-ceremonial-tribu-arhuaca-colombia\/#primaryimage"},"thumbnailUrl":"https:\/\/www.sinchisinchi.com\/wp-content\/uploads\/2024\/05\/2-Cacao-Ceremonaial1-1-1024x683-copia.jpg","datePublished":"2024-05-27T13:15:09+00:00","dateModified":"2026-01-13T08:04:53+00:00","description":"Cacao ceremonial, org\u00e1nico crudo 100% puro, elaborado de forma artesanal por la tribu Arhuaco, siguiendo el m\u00e9todo ancestral.","breadcrumb":{"@id":"https:\/\/www.sinchisinchi.com\/es\/producto\/cacao-ceremonial-tribu-arhuaca-colombia\/#breadcrumb"},"inLanguage":"es","potentialAction":[{"@type":"ReadAction","target":["https:\/\/www.sinchisinchi.com\/es\/producto\/cacao-ceremonial-tribu-arhuaca-colombia\/"]}]},{"@type":"ImageObject","inLanguage":"es","@id":"https:\/\/www.sinchisinchi.com\/es\/producto\/cacao-ceremonial-tribu-arhuaca-colombia\/#primaryimage","url":"https:\/\/www.sinchisinchi.com\/wp-content\/uploads\/2024\/05\/2-Cacao-Ceremonaial1-1-1024x683-copia.jpg","contentUrl":"https:\/\/www.sinchisinchi.com\/wp-content\/uploads\/2024\/05\/2-Cacao-Ceremonaial1-1-1024x683-copia.jpg","width":1024,"height":683},{"@type":"BreadcrumbList","@id":"https:\/\/www.sinchisinchi.com\/es\/producto\/cacao-ceremonial-tribu-arhuaca-colombia\/#breadcrumb","itemListElement":[{"@type":"ListItem","position":1,"name":"Prima pagina","item":"https:\/\/www.sinchisinchi.com\/es\/"},{"@type":"ListItem","position":2,"name":"Productos","item":"https:\/\/www.sinchisinchi.com\/es\/shop\/"},{"@type":"ListItem","position":3,"name":"Cacao Tribu Arhuaca, Colombia"}]},{"@type":"WebSite","@id":"https:\/\/www.sinchisinchi.com\/es\/#website","url":"https:\/\/www.sinchisinchi.com\/es\/","name":"SINCHI","description":"Sinchi Medicine","publisher":{"@id":"https:\/\/www.sinchisinchi.com\/es\/#organization"},"potentialAction":[{"@type":"SearchAction","target":{"@type":"EntryPoint","urlTemplate":"https:\/\/www.sinchisinchi.com\/es\/?s={search_term_string}"},"query-input":{"@type":"PropertyValueSpecification","valueRequired":true,"valueName":"search_term_string"}}],"inLanguage":"es"},{"@type":"Organization","@id":"https:\/\/www.sinchisinchi.com\/es\/#organization","name":"SINCHI S.L","url":"https:\/\/www.sinchisinchi.com\/es\/","logo":{"@type":"ImageObject","inLanguage":"es","@id":"https:\/\/www.sinchisinchi.com\/es\/#\/schema\/logo\/image\/","url":"https:\/\/www.sinchisinchi.com\/wp-content\/uploads\/2026\/01\/3b-Verde-SIMPLIFICADO-HORIZONTAL-F-TRANSPARENTE-scaled.png","contentUrl":"https:\/\/www.sinchisinchi.com\/wp-content\/uploads\/2026\/01\/3b-Verde-SIMPLIFICADO-HORIZONTAL-F-TRANSPARENTE-scaled.png","width":2560,"height":457,"caption":"SINCHI S.L"},"image":{"@id":"https:\/\/www.sinchisinchi.com\/es\/#\/schema\/logo\/image\/"},"sameAs":["https:\/\/www.facebook.com\/sinchirape\/","https:\/\/www.instagram.com\/sinchi_rape\/"]}]}},"_links":{"self":[{"href":"https:\/\/www.sinchisinchi.com\/es\/wp-json\/wp\/v2\/product\/14333","targetHints":{"allow":["GET"]}}],"collection":[{"href":"https:\/\/www.sinchisinchi.com\/es\/wp-json\/wp\/v2\/product"}],"about":[{"href":"https:\/\/www.sinchisinchi.com\/es\/wp-json\/wp\/v2\/types\/product"}],"wp:featuredmedia":[{"embeddable":true,"href":"https:\/\/www.sinchisinchi.com\/es\/wp-json\/wp\/v2\/media\/15917"}],"wp:attachment":[{"href":"https:\/\/www.sinchisinchi.com\/es\/wp-json\/wp\/v2\/media?parent=14333"}],"wp:term":[{"taxonomy":"product_brand","embeddable":true,"href":"https:\/\/www.sinchisinchi.com\/es\/wp-json\/wp\/v2\/product_brand?post=14333"},{"taxonomy":"product_cat","embeddable":true,"href":"https:\/\/www.sinchisinchi.com\/es\/wp-json\/wp\/v2\/product_cat?post=14333"},{"taxonomy":"product_tag","embeddable":true,"href":"https:\/\/www.sinchisinchi.com\/es\/wp-json\/wp\/v2\/product_tag?post=14333"}],"curies":[{"name":"wp","href":"https:\/\/api.w.org\/{rel}","templated":true}]}}