{"id":14485,"date":"2024-05-28T12:47:59","date_gmt":"2024-05-28T12:47:59","guid":{"rendered":"https:\/\/www.sinchisinchi.com\/?post_type=product&#038;p=14485"},"modified":"2026-01-13T08:04:32","modified_gmt":"2026-01-13T08:04:32","slug":"cacao-7-hongos","status":"publish","type":"product","link":"https:\/\/www.sinchisinchi.com\/es\/producto\/cacao-7-hongos\/","title":{"rendered":"Cacao 7 Hongos"},"content":{"rendered":"<h3 style=\"font-weight: 400; text-align: center;\"><span style=\"color: #000000;\"><strong>Propiedades de los hongos que incluye:<\/strong><\/span><\/h3>\n<p style=\"font-weight: 400;\"><span style=\"color: #000000;\">Cada extracto de hongo aporta propiedades \u00fanicas creando una sinergia que promueve el equilibrio y la armon\u00eda en el cuerpo, mente, esp\u00edritu y emociones.<\/span><\/p>\n<p style=\"font-weight: 400;\"><span style=\"color: #000000;\"><strong>Melena de le\u00f3n (Hericium erinaceus):<\/strong> mejora la funci\u00f3n cognitiva y apoya la salud del cerebro.<\/span><\/p>\n<p style=\"font-weight: 400;\"><span style=\"color: #000000;\"><strong>Reishi (Ganoderma lucidum):<\/strong> Promueve la relajaci\u00f3n, la reducci\u00f3n del estr\u00e9s y el bienestar general.<\/span><\/p>\n<p style=\"font-weight: 400;\"><span style=\"color: #000000;\"><strong>Chaga (Inonotus obliquus):<\/strong> Apoya la funci\u00f3n inmune y proporciona propiedades antioxidantes.<\/span><\/p>\n<p style=\"font-weight: 400;\"><span style=\"color: #000000;\"><strong>Cola de pavo (Trametes versicolor):<\/strong> Mejora la salud inmunol\u00f3gica y favorece la salud intestinal.<\/span><\/p>\n<p style=\"font-weight: 400;\"><span style=\"color: #000000;\"><strong>Cordyceps (Cordyceps Militaris):<\/strong> Mejora los niveles de energ\u00eda, la resistencia y el rendimiento atl\u00e9tico.<\/span><\/p>\n<p style=\"font-weight: 400;\"><span style=\"color: #000000;\"><strong>Agaricus (Agaricus blazei):<\/strong> Apoya la funci\u00f3n del sistema inmunol\u00f3gico y el bienestar general.<\/span><\/p>\n<p style=\"font-weight: 400;\"><span style=\"color: #000000;\"><strong>Maitake (Grifola frondosa):<\/strong> Proporciona apoyo inmunol\u00f3gico y contribuye a la vitalidad general.<\/span><\/p>\n","protected":false},"excerpt":{"rendered":"<p style=\"font-weight: 400;\"><span style=\"color: #000000;\">Cacao con Hongos M\u00e1gicos Medicinales de Grado Ceremonial, una mezcla cautivadora que combina el mejor cacao ceremonial con el poder de siete extraordinarios hongos medicinales.<\/span><\/p>\n<p style=\"font-weight: 400;\"><span style=\"color: #000000;\"><strong>Tipo: <\/strong>Cacao de Grado Ceremonial.<\/span><\/p>\n<p style=\"font-weight: 400;\"><span style=\"color: #000000;\"><strong>Ingredientes:<\/strong> Cacao (Theobroma cacao), manteca de cacao, combinaci\u00f3n de especias (canela, cardamomo, clavo y chiles amaz\u00f3nicos). Adem\u00e1s, contiene siete hongos tradicionales: Melena de Le\u00f3n, Reishi, Chag\u00e1, Cola de Pavo, Cord\u00edceps, Agarico, Maitake.<\/span><\/p>\n<p style=\"font-weight: 400;\"><span style=\"color: #000000;\"><strong>Procedencia:<\/strong>\u00a0 Colombia<\/span><\/p>\n<p style=\"font-weight: 400;\"><span style=\"color: #000000;\"><strong>Presentaci\u00f3n: <\/strong>Cacao en bloque.<\/span><\/p>\n<p style=\"font-weight: 400;\"><span style=\"color: #000000;\"><strong>Peso Neto:<\/strong> 400g<\/span><\/p>\n<p style=\"font-weight: 400;\"><span style=\"color: #000000;\"><strong>Almacenamiento: <\/strong>Almacenar en un lugar fresco y seco lejos de la luz solar directa.<\/span><\/p>\n","protected":false},"featured_media":14486,"template":"","meta":{"_joinchat":[]},"product_brand":[],"product_cat":[400,513],"product_tag":[],"class_list":{"0":"post-14485","1":"product","2":"type-product","3":"status-publish","4":"has-post-thumbnail","6":"product_cat-cacao","7":"product_cat-magic","9":"first","10":"instock","11":"taxable","12":"shipping-taxable","13":"purchasable","14":"product-type-simple"},"yoast_head":"<!-- This site is optimized with the Yoast SEO plugin v27.4 - https:\/\/yoast.com\/product\/yoast-seo-wordpress\/ -->\n<title>Cacao ceremonial 7 hongos \u2013 Sinchi, tienda cham\u00e1nica<\/title>\n<meta name=\"description\" content=\"Cacao con Hongos M\u00e1gicos, una mezcla cautivadora que combina el cacao ceremonial con el poder de siete extraordinarios hongos medicinales.\" \/>\n<meta name=\"robots\" content=\"index, follow, max-snippet:-1, max-image-preview:large, max-video-preview:-1\" \/>\n<link rel=\"canonical\" href=\"https:\/\/www.sinchisinchi.com\/es\/producto\/cacao-7-hongos\/\" \/>\n<meta property=\"og:locale\" content=\"es_ES\" \/>\n<meta property=\"og:type\" content=\"article\" \/>\n<meta property=\"og:title\" content=\"Cacao ceremonial 7 hongos \u2013 Sinchi, tienda cham\u00e1nica\" \/>\n<meta property=\"og:description\" content=\"Cacao con Hongos M\u00e1gicos, una mezcla cautivadora que combina el cacao ceremonial con el poder de siete extraordinarios hongos medicinales.\" \/>\n<meta property=\"og:url\" content=\"https:\/\/www.sinchisinchi.com\/es\/producto\/cacao-7-hongos\/\" \/>\n<meta property=\"og:site_name\" content=\"SINCHI RAP\u00c9\" \/>\n<meta property=\"article:publisher\" content=\"https:\/\/www.facebook.com\/sinchirape\/\" \/>\n<meta property=\"article:modified_time\" content=\"2026-01-13T08:04:32+00:00\" \/>\n<meta property=\"og:image\" content=\"https:\/\/www.sinchisinchi.com\/wp-content\/uploads\/2024\/05\/7-hongos.jpeg\" \/>\n\t<meta property=\"og:image:width\" content=\"990\" \/>\n\t<meta property=\"og:image:height\" content=\"990\" \/>\n\t<meta property=\"og:image:type\" content=\"image\/jpeg\" \/>\n<meta name=\"twitter:card\" content=\"summary_large_image\" \/>\n<meta name=\"twitter:label1\" content=\"Tiempo de lectura\" \/>\n\t<meta name=\"twitter:data1\" content=\"1 minuto\" \/>\n<script type=\"application\/ld+json\" class=\"yoast-schema-graph\">{\"@context\":\"https:\\\/\\\/schema.org\",\"@graph\":[{\"@type\":\"WebPage\",\"@id\":\"https:\\\/\\\/www.sinchisinchi.com\\\/es\\\/producto\\\/cacao-7-hongos\\\/\",\"url\":\"https:\\\/\\\/www.sinchisinchi.com\\\/es\\\/producto\\\/cacao-7-hongos\\\/\",\"name\":\"Cacao ceremonial 7 hongos \u2013 Sinchi, tienda cham\u00e1nica\",\"isPartOf\":{\"@id\":\"https:\\\/\\\/www.sinchisinchi.com\\\/es\\\/#website\"},\"primaryImageOfPage\":{\"@id\":\"https:\\\/\\\/www.sinchisinchi.com\\\/es\\\/producto\\\/cacao-7-hongos\\\/#primaryimage\"},\"image\":{\"@id\":\"https:\\\/\\\/www.sinchisinchi.com\\\/es\\\/producto\\\/cacao-7-hongos\\\/#primaryimage\"},\"thumbnailUrl\":\"https:\\\/\\\/www.sinchisinchi.com\\\/wp-content\\\/uploads\\\/2024\\\/05\\\/7-hongos.jpeg\",\"datePublished\":\"2024-05-28T12:47:59+00:00\",\"dateModified\":\"2026-01-13T08:04:32+00:00\",\"description\":\"Cacao con Hongos M\u00e1gicos, una mezcla cautivadora que combina el cacao ceremonial con el poder de siete extraordinarios hongos medicinales.\",\"breadcrumb\":{\"@id\":\"https:\\\/\\\/www.sinchisinchi.com\\\/es\\\/producto\\\/cacao-7-hongos\\\/#breadcrumb\"},\"inLanguage\":\"es\",\"potentialAction\":[{\"@type\":\"ReadAction\",\"target\":[\"https:\\\/\\\/www.sinchisinchi.com\\\/es\\\/producto\\\/cacao-7-hongos\\\/\"]}]},{\"@type\":\"ImageObject\",\"inLanguage\":\"es\",\"@id\":\"https:\\\/\\\/www.sinchisinchi.com\\\/es\\\/producto\\\/cacao-7-hongos\\\/#primaryimage\",\"url\":\"https:\\\/\\\/www.sinchisinchi.com\\\/wp-content\\\/uploads\\\/2024\\\/05\\\/7-hongos.jpeg\",\"contentUrl\":\"https:\\\/\\\/www.sinchisinchi.com\\\/wp-content\\\/uploads\\\/2024\\\/05\\\/7-hongos.jpeg\",\"width\":990,\"height\":990},{\"@type\":\"BreadcrumbList\",\"@id\":\"https:\\\/\\\/www.sinchisinchi.com\\\/es\\\/producto\\\/cacao-7-hongos\\\/#breadcrumb\",\"itemListElement\":[{\"@type\":\"ListItem\",\"position\":1,\"name\":\"Prima pagina\",\"item\":\"https:\\\/\\\/www.sinchisinchi.com\\\/es\\\/\"},{\"@type\":\"ListItem\",\"position\":2,\"name\":\"Productos\",\"item\":\"https:\\\/\\\/www.sinchisinchi.com\\\/es\\\/shop\\\/\"},{\"@type\":\"ListItem\",\"position\":3,\"name\":\"Cacao 7 Hongos\"}]},{\"@type\":\"WebSite\",\"@id\":\"https:\\\/\\\/www.sinchisinchi.com\\\/es\\\/#website\",\"url\":\"https:\\\/\\\/www.sinchisinchi.com\\\/es\\\/\",\"name\":\"SINCHI\",\"description\":\"Sinchi Medicine\",\"publisher\":{\"@id\":\"https:\\\/\\\/www.sinchisinchi.com\\\/es\\\/#organization\"},\"potentialAction\":[{\"@type\":\"SearchAction\",\"target\":{\"@type\":\"EntryPoint\",\"urlTemplate\":\"https:\\\/\\\/www.sinchisinchi.com\\\/es\\\/?s={search_term_string}\"},\"query-input\":{\"@type\":\"PropertyValueSpecification\",\"valueRequired\":true,\"valueName\":\"search_term_string\"}}],\"inLanguage\":\"es\"},{\"@type\":\"Organization\",\"@id\":\"https:\\\/\\\/www.sinchisinchi.com\\\/es\\\/#organization\",\"name\":\"SINCHI S.L\",\"url\":\"https:\\\/\\\/www.sinchisinchi.com\\\/es\\\/\",\"logo\":{\"@type\":\"ImageObject\",\"inLanguage\":\"es\",\"@id\":\"https:\\\/\\\/www.sinchisinchi.com\\\/es\\\/#\\\/schema\\\/logo\\\/image\\\/\",\"url\":\"https:\\\/\\\/www.sinchisinchi.com\\\/wp-content\\\/uploads\\\/2026\\\/01\\\/3b-Verde-SIMPLIFICADO-HORIZONTAL-F-TRANSPARENTE-scaled.png\",\"contentUrl\":\"https:\\\/\\\/www.sinchisinchi.com\\\/wp-content\\\/uploads\\\/2026\\\/01\\\/3b-Verde-SIMPLIFICADO-HORIZONTAL-F-TRANSPARENTE-scaled.png\",\"width\":2560,\"height\":457,\"caption\":\"SINCHI S.L\"},\"image\":{\"@id\":\"https:\\\/\\\/www.sinchisinchi.com\\\/es\\\/#\\\/schema\\\/logo\\\/image\\\/\"},\"sameAs\":[\"https:\\\/\\\/www.facebook.com\\\/sinchirape\\\/\",\"https:\\\/\\\/www.instagram.com\\\/sinchi_rape\\\/\"]}]}<\/script>\n<!-- \/ Yoast SEO plugin. -->","yoast_head_json":{"title":"Cacao ceremonial 7 hongos \u2013 Sinchi, tienda cham\u00e1nica","description":"Cacao con Hongos M\u00e1gicos, una mezcla cautivadora que combina el cacao ceremonial con el poder de siete extraordinarios hongos medicinales.","robots":{"index":"index","follow":"follow","max-snippet":"max-snippet:-1","max-image-preview":"max-image-preview:large","max-video-preview":"max-video-preview:-1"},"canonical":"https:\/\/www.sinchisinchi.com\/es\/producto\/cacao-7-hongos\/","og_locale":"es_ES","og_type":"article","og_title":"Cacao ceremonial 7 hongos \u2013 Sinchi, tienda cham\u00e1nica","og_description":"Cacao con Hongos M\u00e1gicos, una mezcla cautivadora que combina el cacao ceremonial con el poder de siete extraordinarios hongos medicinales.","og_url":"https:\/\/www.sinchisinchi.com\/es\/producto\/cacao-7-hongos\/","og_site_name":"SINCHI RAP\u00c9","article_publisher":"https:\/\/www.facebook.com\/sinchirape\/","article_modified_time":"2026-01-13T08:04:32+00:00","og_image":[{"width":990,"height":990,"url":"https:\/\/www.sinchisinchi.com\/wp-content\/uploads\/2024\/05\/7-hongos.jpeg","type":"image\/jpeg"}],"twitter_card":"summary_large_image","twitter_misc":{"Tiempo de lectura":"1 minuto"},"schema":{"@context":"https:\/\/schema.org","@graph":[{"@type":"WebPage","@id":"https:\/\/www.sinchisinchi.com\/es\/producto\/cacao-7-hongos\/","url":"https:\/\/www.sinchisinchi.com\/es\/producto\/cacao-7-hongos\/","name":"Cacao ceremonial 7 hongos \u2013 Sinchi, tienda cham\u00e1nica","isPartOf":{"@id":"https:\/\/www.sinchisinchi.com\/es\/#website"},"primaryImageOfPage":{"@id":"https:\/\/www.sinchisinchi.com\/es\/producto\/cacao-7-hongos\/#primaryimage"},"image":{"@id":"https:\/\/www.sinchisinchi.com\/es\/producto\/cacao-7-hongos\/#primaryimage"},"thumbnailUrl":"https:\/\/www.sinchisinchi.com\/wp-content\/uploads\/2024\/05\/7-hongos.jpeg","datePublished":"2024-05-28T12:47:59+00:00","dateModified":"2026-01-13T08:04:32+00:00","description":"Cacao con Hongos M\u00e1gicos, una mezcla cautivadora que combina el cacao ceremonial con el poder de siete extraordinarios hongos medicinales.","breadcrumb":{"@id":"https:\/\/www.sinchisinchi.com\/es\/producto\/cacao-7-hongos\/#breadcrumb"},"inLanguage":"es","potentialAction":[{"@type":"ReadAction","target":["https:\/\/www.sinchisinchi.com\/es\/producto\/cacao-7-hongos\/"]}]},{"@type":"ImageObject","inLanguage":"es","@id":"https:\/\/www.sinchisinchi.com\/es\/producto\/cacao-7-hongos\/#primaryimage","url":"https:\/\/www.sinchisinchi.com\/wp-content\/uploads\/2024\/05\/7-hongos.jpeg","contentUrl":"https:\/\/www.sinchisinchi.com\/wp-content\/uploads\/2024\/05\/7-hongos.jpeg","width":990,"height":990},{"@type":"BreadcrumbList","@id":"https:\/\/www.sinchisinchi.com\/es\/producto\/cacao-7-hongos\/#breadcrumb","itemListElement":[{"@type":"ListItem","position":1,"name":"Prima pagina","item":"https:\/\/www.sinchisinchi.com\/es\/"},{"@type":"ListItem","position":2,"name":"Productos","item":"https:\/\/www.sinchisinchi.com\/es\/shop\/"},{"@type":"ListItem","position":3,"name":"Cacao 7 Hongos"}]},{"@type":"WebSite","@id":"https:\/\/www.sinchisinchi.com\/es\/#website","url":"https:\/\/www.sinchisinchi.com\/es\/","name":"SINCHI","description":"Sinchi Medicine","publisher":{"@id":"https:\/\/www.sinchisinchi.com\/es\/#organization"},"potentialAction":[{"@type":"SearchAction","target":{"@type":"EntryPoint","urlTemplate":"https:\/\/www.sinchisinchi.com\/es\/?s={search_term_string}"},"query-input":{"@type":"PropertyValueSpecification","valueRequired":true,"valueName":"search_term_string"}}],"inLanguage":"es"},{"@type":"Organization","@id":"https:\/\/www.sinchisinchi.com\/es\/#organization","name":"SINCHI S.L","url":"https:\/\/www.sinchisinchi.com\/es\/","logo":{"@type":"ImageObject","inLanguage":"es","@id":"https:\/\/www.sinchisinchi.com\/es\/#\/schema\/logo\/image\/","url":"https:\/\/www.sinchisinchi.com\/wp-content\/uploads\/2026\/01\/3b-Verde-SIMPLIFICADO-HORIZONTAL-F-TRANSPARENTE-scaled.png","contentUrl":"https:\/\/www.sinchisinchi.com\/wp-content\/uploads\/2026\/01\/3b-Verde-SIMPLIFICADO-HORIZONTAL-F-TRANSPARENTE-scaled.png","width":2560,"height":457,"caption":"SINCHI S.L"},"image":{"@id":"https:\/\/www.sinchisinchi.com\/es\/#\/schema\/logo\/image\/"},"sameAs":["https:\/\/www.facebook.com\/sinchirape\/","https:\/\/www.instagram.com\/sinchi_rape\/"]}]}},"_links":{"self":[{"href":"https:\/\/www.sinchisinchi.com\/es\/wp-json\/wp\/v2\/product\/14485","targetHints":{"allow":["GET"]}}],"collection":[{"href":"https:\/\/www.sinchisinchi.com\/es\/wp-json\/wp\/v2\/product"}],"about":[{"href":"https:\/\/www.sinchisinchi.com\/es\/wp-json\/wp\/v2\/types\/product"}],"wp:featuredmedia":[{"embeddable":true,"href":"https:\/\/www.sinchisinchi.com\/es\/wp-json\/wp\/v2\/media\/14486"}],"wp:attachment":[{"href":"https:\/\/www.sinchisinchi.com\/es\/wp-json\/wp\/v2\/media?parent=14485"}],"wp:term":[{"taxonomy":"product_brand","embeddable":true,"href":"https:\/\/www.sinchisinchi.com\/es\/wp-json\/wp\/v2\/product_brand?post=14485"},{"taxonomy":"product_cat","embeddable":true,"href":"https:\/\/www.sinchisinchi.com\/es\/wp-json\/wp\/v2\/product_cat?post=14485"},{"taxonomy":"product_tag","embeddable":true,"href":"https:\/\/www.sinchisinchi.com\/es\/wp-json\/wp\/v2\/product_tag?post=14485"}],"curies":[{"name":"wp","href":"https:\/\/api.w.org\/{rel}","templated":true}]}}