{"id":14492,"date":"2024-05-28T12:52:45","date_gmt":"2024-05-28T12:52:45","guid":{"rendered":"https:\/\/www.sinchisinchi.com\/?post_type=product&#038;p=14492"},"modified":"2026-01-13T08:04:23","modified_gmt":"2026-01-13T08:04:23","slug":"cacao-ceremonial-corazon","status":"publish","type":"product","link":"https:\/\/www.sinchisinchi.com\/es\/producto\/cacao-ceremonial-corazon\/","title":{"rendered":"Cacao Coraz\u00f3n"},"content":{"rendered":"<h3 style=\"font-weight: 400; text-align: center;\"><span style=\"color: #000000;\"><strong>Verbena (Verbena bonariensis)<\/strong><\/span><\/h3>\n<p style=\"font-weight: 400;\"><span style=\"color: #000000;\">Verbena (Verbena bonariensis), es una planta perenne y de r\u00e1pido crecimiento, que forma matas. Tiene hojas aserradas, en forma de lanza, de color verde oscuro, de las cuales se elevan tallos erectos, delgados, y ramificados, de escasas hojas.<\/span><\/p>\n<p style=\"font-weight: 400;\"><span style=\"color: #000000;\">Tiene peque\u00f1as flores de color rosa a violeta que resultan muy atractivas para los colibr\u00edes, las mariposas y otros polinizadores. El nombre del g\u00e9nero proviene de un nombre latino utilizado en varias plantas muy usadas en ceremonias y medicina tradicional.<\/span><\/p>\n<p style=\"font-weight: 400;\"><span style=\"color: #000000;\">Verbena tiene poderosas propiedades analg\u00e9sicas y antiinflamatorias., y tambi\u00e9n puede utilizarse como desodorante natural. Tiene cualidades relajantes, habitualmente se utiliza como para combatir la ansiedad y el insomnio. Tambi\u00e9n tiene efectos sedantes y fortalece el sistema nervioso.<\/span><\/p>\n","protected":false},"excerpt":{"rendered":"<p style=\"font-weight: 400;\"><span style=\"color: #000000;\">Esta receta de cacao ceremonial contiene una poderosa mezcla de chiles y especias amaz\u00f3nicas dise\u00f1adas para abrir el coraz\u00f3n.<\/span><\/p>\n<p style=\"font-weight: 400;\"><span style=\"color: #000000;\">Potencia la conexi\u00f3n con el yo superior y una visi\u00f3n m\u00e1s profunda y comprensiva. Cuidadosamente formulado con hierbas de la selva amaz\u00f3nica, est\u00e1 dise\u00f1ado para abrir el coraz\u00f3n, expandir la conciencia y encender el fuego dentro de cada uno de nosotros.<\/span><\/p>\n<p style=\"font-weight: 400;\"><span style=\"color: #000000;\">Esta poderosa combinaci\u00f3n permite conectar con nuestra vibraci\u00f3n m\u00e1s alta y conectar con las verdades m\u00e1s profundas.<\/span><\/p>\n<p>&nbsp;<\/p>\n<p style=\"font-weight: 400;\"><span style=\"color: #000000;\"><strong>Tipo: <\/strong>Cacao de Grado Ceremonial.<\/span><\/p>\n<p style=\"font-weight: 400;\"><span style=\"color: #000000;\"><strong>Ingredientes:<\/strong> Cacao (theobroma cacao), manteca de cacao, combinaci\u00f3n de especias (canela, cardamomo, clavo y chiles). Verbena y basilicum trabajan sin\u00e9rgicamente con el cacao y las especias para crear una experiencia \u00fanica y transformadora.<\/span><\/p>\n<p style=\"font-weight: 400;\"><span style=\"color: #000000;\"><strong>Procedencia:<\/strong>\u00a0 Colombia<\/span><\/p>\n<p style=\"font-weight: 400;\"><span style=\"color: #000000;\"><strong>Presentaci\u00f3n: <\/strong>Cacao en bloque.<\/span><\/p>\n<p style=\"font-weight: 400;\"><span style=\"color: #000000;\"><strong>Peso Neto:<\/strong> 400g<\/span><\/p>\n<p style=\"font-weight: 400;\"><span style=\"color: #000000;\"><strong>Almacenamiento: <\/strong>Almacenar en un lugar fresco y seco lejos de la luz solar directa.<\/span><\/p>\n","protected":false},"featured_media":14499,"template":"","meta":{"_joinchat":[]},"product_brand":[],"product_cat":[400,513],"product_tag":[],"class_list":{"0":"post-14492","1":"product","2":"type-product","3":"status-publish","4":"has-post-thumbnail","6":"product_cat-cacao","7":"product_cat-magic","9":"first","10":"instock","11":"taxable","12":"shipping-taxable","13":"purchasable","14":"product-type-simple"},"yoast_head":"<!-- This site is optimized with the Yoast SEO plugin v27.4 - https:\/\/yoast.com\/product\/yoast-seo-wordpress\/ -->\n<title>Cacao ceremonial coraz\u00f3n \u2013 Sinchi, tienda cham\u00e1nica<\/title>\n<meta name=\"description\" content=\"Esta receta de cacao ceremonial contiene una poderosa mezcla de chiles y especias amaz\u00f3nicas dise\u00f1adas para abrir el coraz\u00f3n.\" \/>\n<meta name=\"robots\" content=\"index, follow, max-snippet:-1, max-image-preview:large, max-video-preview:-1\" \/>\n<link rel=\"canonical\" href=\"https:\/\/www.sinchisinchi.com\/es\/producto\/cacao-ceremonial-corazon\/\" \/>\n<meta property=\"og:locale\" content=\"es_ES\" \/>\n<meta property=\"og:type\" content=\"article\" \/>\n<meta property=\"og:title\" content=\"Cacao ceremonial coraz\u00f3n \u2013 Sinchi, tienda cham\u00e1nica\" \/>\n<meta property=\"og:description\" content=\"Esta receta de cacao ceremonial contiene una poderosa mezcla de chiles y especias amaz\u00f3nicas dise\u00f1adas para abrir el coraz\u00f3n.\" \/>\n<meta property=\"og:url\" content=\"https:\/\/www.sinchisinchi.com\/es\/producto\/cacao-ceremonial-corazon\/\" \/>\n<meta property=\"og:site_name\" content=\"SINCHI RAP\u00c9\" \/>\n<meta property=\"article:publisher\" content=\"https:\/\/www.facebook.com\/sinchirape\/\" \/>\n<meta property=\"article:modified_time\" content=\"2026-01-13T08:04:23+00:00\" \/>\n<meta property=\"og:image\" content=\"https:\/\/www.sinchisinchi.com\/wp-content\/uploads\/2024\/05\/open-heart.jpeg\" \/>\n\t<meta property=\"og:image:width\" content=\"990\" \/>\n\t<meta property=\"og:image:height\" content=\"990\" \/>\n\t<meta property=\"og:image:type\" content=\"image\/jpeg\" \/>\n<meta name=\"twitter:card\" content=\"summary_large_image\" \/>\n<meta name=\"twitter:label1\" content=\"Tiempo de lectura\" \/>\n\t<meta name=\"twitter:data1\" content=\"1 minuto\" \/>\n<script type=\"application\/ld+json\" class=\"yoast-schema-graph\">{\"@context\":\"https:\\\/\\\/schema.org\",\"@graph\":[{\"@type\":\"WebPage\",\"@id\":\"https:\\\/\\\/www.sinchisinchi.com\\\/es\\\/producto\\\/cacao-ceremonial-corazon\\\/\",\"url\":\"https:\\\/\\\/www.sinchisinchi.com\\\/es\\\/producto\\\/cacao-ceremonial-corazon\\\/\",\"name\":\"Cacao ceremonial coraz\u00f3n \u2013 Sinchi, tienda cham\u00e1nica\",\"isPartOf\":{\"@id\":\"https:\\\/\\\/www.sinchisinchi.com\\\/es\\\/#website\"},\"primaryImageOfPage\":{\"@id\":\"https:\\\/\\\/www.sinchisinchi.com\\\/es\\\/producto\\\/cacao-ceremonial-corazon\\\/#primaryimage\"},\"image\":{\"@id\":\"https:\\\/\\\/www.sinchisinchi.com\\\/es\\\/producto\\\/cacao-ceremonial-corazon\\\/#primaryimage\"},\"thumbnailUrl\":\"https:\\\/\\\/www.sinchisinchi.com\\\/wp-content\\\/uploads\\\/2024\\\/05\\\/open-heart.jpeg\",\"datePublished\":\"2024-05-28T12:52:45+00:00\",\"dateModified\":\"2026-01-13T08:04:23+00:00\",\"description\":\"Esta receta de cacao ceremonial contiene una poderosa mezcla de chiles y especias amaz\u00f3nicas dise\u00f1adas para abrir el coraz\u00f3n.\",\"breadcrumb\":{\"@id\":\"https:\\\/\\\/www.sinchisinchi.com\\\/es\\\/producto\\\/cacao-ceremonial-corazon\\\/#breadcrumb\"},\"inLanguage\":\"es\",\"potentialAction\":[{\"@type\":\"ReadAction\",\"target\":[\"https:\\\/\\\/www.sinchisinchi.com\\\/es\\\/producto\\\/cacao-ceremonial-corazon\\\/\"]}]},{\"@type\":\"ImageObject\",\"inLanguage\":\"es\",\"@id\":\"https:\\\/\\\/www.sinchisinchi.com\\\/es\\\/producto\\\/cacao-ceremonial-corazon\\\/#primaryimage\",\"url\":\"https:\\\/\\\/www.sinchisinchi.com\\\/wp-content\\\/uploads\\\/2024\\\/05\\\/open-heart.jpeg\",\"contentUrl\":\"https:\\\/\\\/www.sinchisinchi.com\\\/wp-content\\\/uploads\\\/2024\\\/05\\\/open-heart.jpeg\",\"width\":990,\"height\":990},{\"@type\":\"BreadcrumbList\",\"@id\":\"https:\\\/\\\/www.sinchisinchi.com\\\/es\\\/producto\\\/cacao-ceremonial-corazon\\\/#breadcrumb\",\"itemListElement\":[{\"@type\":\"ListItem\",\"position\":1,\"name\":\"Prima pagina\",\"item\":\"https:\\\/\\\/www.sinchisinchi.com\\\/es\\\/\"},{\"@type\":\"ListItem\",\"position\":2,\"name\":\"Productos\",\"item\":\"https:\\\/\\\/www.sinchisinchi.com\\\/es\\\/shop\\\/\"},{\"@type\":\"ListItem\",\"position\":3,\"name\":\"Cacao Coraz\u00f3n\"}]},{\"@type\":\"WebSite\",\"@id\":\"https:\\\/\\\/www.sinchisinchi.com\\\/es\\\/#website\",\"url\":\"https:\\\/\\\/www.sinchisinchi.com\\\/es\\\/\",\"name\":\"SINCHI\",\"description\":\"Sinchi Medicine\",\"publisher\":{\"@id\":\"https:\\\/\\\/www.sinchisinchi.com\\\/es\\\/#organization\"},\"potentialAction\":[{\"@type\":\"SearchAction\",\"target\":{\"@type\":\"EntryPoint\",\"urlTemplate\":\"https:\\\/\\\/www.sinchisinchi.com\\\/es\\\/?s={search_term_string}\"},\"query-input\":{\"@type\":\"PropertyValueSpecification\",\"valueRequired\":true,\"valueName\":\"search_term_string\"}}],\"inLanguage\":\"es\"},{\"@type\":\"Organization\",\"@id\":\"https:\\\/\\\/www.sinchisinchi.com\\\/es\\\/#organization\",\"name\":\"SINCHI S.L\",\"url\":\"https:\\\/\\\/www.sinchisinchi.com\\\/es\\\/\",\"logo\":{\"@type\":\"ImageObject\",\"inLanguage\":\"es\",\"@id\":\"https:\\\/\\\/www.sinchisinchi.com\\\/es\\\/#\\\/schema\\\/logo\\\/image\\\/\",\"url\":\"https:\\\/\\\/www.sinchisinchi.com\\\/wp-content\\\/uploads\\\/2026\\\/01\\\/3b-Verde-SIMPLIFICADO-HORIZONTAL-F-TRANSPARENTE-scaled.png\",\"contentUrl\":\"https:\\\/\\\/www.sinchisinchi.com\\\/wp-content\\\/uploads\\\/2026\\\/01\\\/3b-Verde-SIMPLIFICADO-HORIZONTAL-F-TRANSPARENTE-scaled.png\",\"width\":2560,\"height\":457,\"caption\":\"SINCHI S.L\"},\"image\":{\"@id\":\"https:\\\/\\\/www.sinchisinchi.com\\\/es\\\/#\\\/schema\\\/logo\\\/image\\\/\"},\"sameAs\":[\"https:\\\/\\\/www.facebook.com\\\/sinchirape\\\/\",\"https:\\\/\\\/www.instagram.com\\\/sinchi_rape\\\/\"]}]}<\/script>\n<!-- \/ Yoast SEO plugin. -->","yoast_head_json":{"title":"Cacao ceremonial coraz\u00f3n \u2013 Sinchi, tienda cham\u00e1nica","description":"Esta receta de cacao ceremonial contiene una poderosa mezcla de chiles y especias amaz\u00f3nicas dise\u00f1adas para abrir el coraz\u00f3n.","robots":{"index":"index","follow":"follow","max-snippet":"max-snippet:-1","max-image-preview":"max-image-preview:large","max-video-preview":"max-video-preview:-1"},"canonical":"https:\/\/www.sinchisinchi.com\/es\/producto\/cacao-ceremonial-corazon\/","og_locale":"es_ES","og_type":"article","og_title":"Cacao ceremonial coraz\u00f3n \u2013 Sinchi, tienda cham\u00e1nica","og_description":"Esta receta de cacao ceremonial contiene una poderosa mezcla de chiles y especias amaz\u00f3nicas dise\u00f1adas para abrir el coraz\u00f3n.","og_url":"https:\/\/www.sinchisinchi.com\/es\/producto\/cacao-ceremonial-corazon\/","og_site_name":"SINCHI RAP\u00c9","article_publisher":"https:\/\/www.facebook.com\/sinchirape\/","article_modified_time":"2026-01-13T08:04:23+00:00","og_image":[{"width":990,"height":990,"url":"https:\/\/www.sinchisinchi.com\/wp-content\/uploads\/2024\/05\/open-heart.jpeg","type":"image\/jpeg"}],"twitter_card":"summary_large_image","twitter_misc":{"Tiempo de lectura":"1 minuto"},"schema":{"@context":"https:\/\/schema.org","@graph":[{"@type":"WebPage","@id":"https:\/\/www.sinchisinchi.com\/es\/producto\/cacao-ceremonial-corazon\/","url":"https:\/\/www.sinchisinchi.com\/es\/producto\/cacao-ceremonial-corazon\/","name":"Cacao ceremonial coraz\u00f3n \u2013 Sinchi, tienda cham\u00e1nica","isPartOf":{"@id":"https:\/\/www.sinchisinchi.com\/es\/#website"},"primaryImageOfPage":{"@id":"https:\/\/www.sinchisinchi.com\/es\/producto\/cacao-ceremonial-corazon\/#primaryimage"},"image":{"@id":"https:\/\/www.sinchisinchi.com\/es\/producto\/cacao-ceremonial-corazon\/#primaryimage"},"thumbnailUrl":"https:\/\/www.sinchisinchi.com\/wp-content\/uploads\/2024\/05\/open-heart.jpeg","datePublished":"2024-05-28T12:52:45+00:00","dateModified":"2026-01-13T08:04:23+00:00","description":"Esta receta de cacao ceremonial contiene una poderosa mezcla de chiles y especias amaz\u00f3nicas dise\u00f1adas para abrir el coraz\u00f3n.","breadcrumb":{"@id":"https:\/\/www.sinchisinchi.com\/es\/producto\/cacao-ceremonial-corazon\/#breadcrumb"},"inLanguage":"es","potentialAction":[{"@type":"ReadAction","target":["https:\/\/www.sinchisinchi.com\/es\/producto\/cacao-ceremonial-corazon\/"]}]},{"@type":"ImageObject","inLanguage":"es","@id":"https:\/\/www.sinchisinchi.com\/es\/producto\/cacao-ceremonial-corazon\/#primaryimage","url":"https:\/\/www.sinchisinchi.com\/wp-content\/uploads\/2024\/05\/open-heart.jpeg","contentUrl":"https:\/\/www.sinchisinchi.com\/wp-content\/uploads\/2024\/05\/open-heart.jpeg","width":990,"height":990},{"@type":"BreadcrumbList","@id":"https:\/\/www.sinchisinchi.com\/es\/producto\/cacao-ceremonial-corazon\/#breadcrumb","itemListElement":[{"@type":"ListItem","position":1,"name":"Prima pagina","item":"https:\/\/www.sinchisinchi.com\/es\/"},{"@type":"ListItem","position":2,"name":"Productos","item":"https:\/\/www.sinchisinchi.com\/es\/shop\/"},{"@type":"ListItem","position":3,"name":"Cacao Coraz\u00f3n"}]},{"@type":"WebSite","@id":"https:\/\/www.sinchisinchi.com\/es\/#website","url":"https:\/\/www.sinchisinchi.com\/es\/","name":"SINCHI","description":"Sinchi Medicine","publisher":{"@id":"https:\/\/www.sinchisinchi.com\/es\/#organization"},"potentialAction":[{"@type":"SearchAction","target":{"@type":"EntryPoint","urlTemplate":"https:\/\/www.sinchisinchi.com\/es\/?s={search_term_string}"},"query-input":{"@type":"PropertyValueSpecification","valueRequired":true,"valueName":"search_term_string"}}],"inLanguage":"es"},{"@type":"Organization","@id":"https:\/\/www.sinchisinchi.com\/es\/#organization","name":"SINCHI S.L","url":"https:\/\/www.sinchisinchi.com\/es\/","logo":{"@type":"ImageObject","inLanguage":"es","@id":"https:\/\/www.sinchisinchi.com\/es\/#\/schema\/logo\/image\/","url":"https:\/\/www.sinchisinchi.com\/wp-content\/uploads\/2026\/01\/3b-Verde-SIMPLIFICADO-HORIZONTAL-F-TRANSPARENTE-scaled.png","contentUrl":"https:\/\/www.sinchisinchi.com\/wp-content\/uploads\/2026\/01\/3b-Verde-SIMPLIFICADO-HORIZONTAL-F-TRANSPARENTE-scaled.png","width":2560,"height":457,"caption":"SINCHI S.L"},"image":{"@id":"https:\/\/www.sinchisinchi.com\/es\/#\/schema\/logo\/image\/"},"sameAs":["https:\/\/www.facebook.com\/sinchirape\/","https:\/\/www.instagram.com\/sinchi_rape\/"]}]}},"_links":{"self":[{"href":"https:\/\/www.sinchisinchi.com\/es\/wp-json\/wp\/v2\/product\/14492","targetHints":{"allow":["GET"]}}],"collection":[{"href":"https:\/\/www.sinchisinchi.com\/es\/wp-json\/wp\/v2\/product"}],"about":[{"href":"https:\/\/www.sinchisinchi.com\/es\/wp-json\/wp\/v2\/types\/product"}],"wp:featuredmedia":[{"embeddable":true,"href":"https:\/\/www.sinchisinchi.com\/es\/wp-json\/wp\/v2\/media\/14499"}],"wp:attachment":[{"href":"https:\/\/www.sinchisinchi.com\/es\/wp-json\/wp\/v2\/media?parent=14492"}],"wp:term":[{"taxonomy":"product_brand","embeddable":true,"href":"https:\/\/www.sinchisinchi.com\/es\/wp-json\/wp\/v2\/product_brand?post=14492"},{"taxonomy":"product_cat","embeddable":true,"href":"https:\/\/www.sinchisinchi.com\/es\/wp-json\/wp\/v2\/product_cat?post=14492"},{"taxonomy":"product_tag","embeddable":true,"href":"https:\/\/www.sinchisinchi.com\/es\/wp-json\/wp\/v2\/product_tag?post=14492"}],"curies":[{"name":"wp","href":"https:\/\/api.w.org\/{rel}","templated":true}]}}