{"id":14521,"date":"2024-05-28T13:14:24","date_gmt":"2024-05-28T13:14:24","guid":{"rendered":"https:\/\/www.sinchisinchi.com\/?post_type=product&#038;p=14521"},"modified":"2026-01-13T08:03:44","modified_gmt":"2026-01-13T08:03:44","slug":"cacao-loto-rosa","status":"publish","type":"product","link":"https:\/\/www.sinchisinchi.com\/es\/producto\/cacao-loto-rosa\/","title":{"rendered":"Cacao Loto Rosa"},"content":{"rendered":"<p style=\"font-weight: 400;\"><span style=\"color: #000000;\">Es conocida en el budismo como una planta que puede traer la iluminaci\u00f3n; a pesar de que crece en el barro de los pantanos, la flor siempre emerge, flotando pura y limpia.<\/span><\/p>\n<p style=\"font-weight: 400;\"><span style=\"color: #000000;\">Tambi\u00e9n representa el sol y la rueda del nacimiento y del renacimiento, ya que sus p\u00e9talos se abren al amanecer y se cierran cuando oscurece.<\/span><\/p>\n<p style=\"font-weight: 400;\"><span style=\"color: #000000;\">La flor de loto se asociaba con la diosa Neferet\u00ed y el dios del sol Ra, que a veces se ilustraba como un ni\u00f1o acostado sobre una flor de loto. Los capiteles de las columnas egipcias se tallaban a menudo en forma de loto, tanto en capullo como en plena flor.<\/span><\/p>\n<p style=\"font-weight: 400;\"><span style=\"color: #000000;\">Uno de los emblemas m\u00e1s antiguos del arte asi\u00e1tico es el loto, que simboliza la creaci\u00f3n y la pureza. Su largo tallo es el cord\u00f3n umbilical que une al hombre a su origen mientras que su perfecta flor representa la iluminaci\u00f3n y la pureza a la que aspira el alma humana.<\/span><\/p>\n<p style=\"font-weight: 400;\"><span style=\"color: #000000;\">La flor del loto sagrado es el si\u0301mbolo nacional de la India, suele asociarse a Maha Lakshmi, diosa de la abundancia.<\/span><\/p>\n<p style=\"font-weight: 400;\"><span style=\"color: #000000;\">Segu\u0301n la mitolog\u00eda hind\u00fa, Buda aparecio\u0301 flotando sobre una enorme hoja de loto, y siempre se le representa sobre un pedestal con la forma de esta planta.<\/span><\/p>\n<p style=\"font-weight: 400;\"><span style=\"color: #000000;\">En La Odisea, Ulises y su tripulacio\u0301n desembarcan en la isla de los comedores de loto. En la peni\u0301nsula Ibe\u0301rica se han encontrado restos arqueolo\u0301gicos con forma de loto, en yacimientos sevillanos del periodo de Tartessos (750-550 a.C.).<\/span><\/p>\n","protected":false},"excerpt":{"rendered":"<p style=\"font-weight: 400;\"><span style=\"color: #000000;\">Cacao ceremonial con Loto Rosa. La combinaci\u00f3n de cacao ceremonial y loto rosa apoya el autodescubrimiento y la conexi\u00f3n con la conciencia superior. Fortalece la conexi\u00f3n a Tierra, al reino vegetal y la sabidur\u00eda del Universo. Apoya la apertura y alineaci\u00f3n del coraz\u00f3n.<\/span><\/p>\n<p style=\"font-weight: 400;\"><span style=\"color: #000000;\"><strong>Tipo: <\/strong>Cacao de Grado Ceremonial<\/span><\/p>\n<p style=\"font-weight: 400;\"><span style=\"color: #000000;\"><strong>Ingredientes:<\/strong> Cacao (Theobroma cacao), manteca de cacao, combinaci\u00f3n de especias (canela, cardamomo, clavo y chiles), loto rosa (Nelumbo nucifera) 0,8 g de extracto por porci\u00f3n.<\/span><\/p>\n<p style=\"font-weight: 400;\"><span style=\"color: #000000;\">Contiene extracto de proporci\u00f3n 50:1. Cada porci\u00f3n incluye 0,8g de extracto de Loto Rosa 50:1, lo que equivale a 40 gramos del material vegetal original.<\/span><\/p>\n<p style=\"font-weight: 400;\"><span style=\"color: #000000;\"><strong>Procedencia:<\/strong> Colombia<\/span><\/p>\n<p style=\"font-weight: 400;\"><span style=\"color: #000000;\"><strong>Presentaci\u00f3n: <\/strong>Cacao en bloque.<\/span><\/p>\n<p style=\"font-weight: 400;\"><span style=\"color: #000000;\"><strong>Peso Neto:<\/strong> 400g<\/span><\/p>\n<p style=\"font-weight: 400;\"><span style=\"color: #000000;\"><strong>Almacenamiento: <\/strong>Almacenar en un lugar fresco y seco lejos de la luz solar directa.<\/span><\/p>\n","protected":false},"featured_media":14522,"template":"","meta":{"_joinchat":[]},"product_brand":[],"product_cat":[400,513],"product_tag":[],"class_list":{"0":"post-14521","1":"product","2":"type-product","3":"status-publish","4":"has-post-thumbnail","6":"product_cat-cacao","7":"product_cat-magic","9":"first","10":"instock","11":"taxable","12":"shipping-taxable","13":"purchasable","14":"product-type-simple"},"yoast_head":"<!-- This site is optimized with the Yoast SEO plugin v27.4 - https:\/\/yoast.com\/product\/yoast-seo-wordpress\/ -->\n<title>Cacao ceremonial loto rosa \u2013 Sinchi, Tienda Cham\u00e1nica<\/title>\n<meta name=\"description\" content=\"Cacao ceremonial con Loto Rosa. La combinaci\u00f3n de cacao ceremonial y loto rosa apoya el autodescubrimiento y la conexi\u00f3n con la conciencia superior.\" \/>\n<meta name=\"robots\" content=\"index, follow, max-snippet:-1, max-image-preview:large, max-video-preview:-1\" \/>\n<link rel=\"canonical\" href=\"https:\/\/www.sinchisinchi.com\/es\/producto\/cacao-loto-rosa\/\" \/>\n<meta property=\"og:locale\" content=\"es_ES\" \/>\n<meta property=\"og:type\" content=\"article\" \/>\n<meta property=\"og:title\" content=\"Cacao ceremonial loto rosa \u2013 Sinchi, Tienda Cham\u00e1nica\" \/>\n<meta property=\"og:description\" content=\"Cacao ceremonial con Loto Rosa. La combinaci\u00f3n de cacao ceremonial y loto rosa apoya el autodescubrimiento y la conexi\u00f3n con la conciencia superior.\" \/>\n<meta property=\"og:url\" content=\"https:\/\/www.sinchisinchi.com\/es\/producto\/cacao-loto-rosa\/\" \/>\n<meta property=\"og:site_name\" content=\"SINCHI RAP\u00c9\" \/>\n<meta property=\"article:publisher\" content=\"https:\/\/www.facebook.com\/sinchirape\/\" \/>\n<meta property=\"article:modified_time\" content=\"2026-01-13T08:03:44+00:00\" \/>\n<meta property=\"og:image\" content=\"https:\/\/www.sinchisinchi.com\/wp-content\/uploads\/2024\/05\/loto-rosa.webp\" \/>\n\t<meta property=\"og:image:width\" content=\"1946\" \/>\n\t<meta property=\"og:image:height\" content=\"1946\" \/>\n\t<meta property=\"og:image:type\" content=\"image\/webp\" \/>\n<meta name=\"twitter:card\" content=\"summary_large_image\" \/>\n<meta name=\"twitter:label1\" content=\"Tiempo de lectura\" \/>\n\t<meta name=\"twitter:data1\" content=\"2 minutos\" \/>\n<script type=\"application\/ld+json\" class=\"yoast-schema-graph\">{\"@context\":\"https:\\\/\\\/schema.org\",\"@graph\":[{\"@type\":\"WebPage\",\"@id\":\"https:\\\/\\\/www.sinchisinchi.com\\\/es\\\/producto\\\/cacao-loto-rosa\\\/\",\"url\":\"https:\\\/\\\/www.sinchisinchi.com\\\/es\\\/producto\\\/cacao-loto-rosa\\\/\",\"name\":\"Cacao ceremonial loto rosa \u2013 Sinchi, Tienda Cham\u00e1nica\",\"isPartOf\":{\"@id\":\"https:\\\/\\\/www.sinchisinchi.com\\\/es\\\/#website\"},\"primaryImageOfPage\":{\"@id\":\"https:\\\/\\\/www.sinchisinchi.com\\\/es\\\/producto\\\/cacao-loto-rosa\\\/#primaryimage\"},\"image\":{\"@id\":\"https:\\\/\\\/www.sinchisinchi.com\\\/es\\\/producto\\\/cacao-loto-rosa\\\/#primaryimage\"},\"thumbnailUrl\":\"https:\\\/\\\/www.sinchisinchi.com\\\/wp-content\\\/uploads\\\/2024\\\/05\\\/loto-rosa.webp\",\"datePublished\":\"2024-05-28T13:14:24+00:00\",\"dateModified\":\"2026-01-13T08:03:44+00:00\",\"description\":\"Cacao ceremonial con Loto Rosa. La combinaci\u00f3n de cacao ceremonial y loto rosa apoya el autodescubrimiento y la conexi\u00f3n con la conciencia superior.\",\"breadcrumb\":{\"@id\":\"https:\\\/\\\/www.sinchisinchi.com\\\/es\\\/producto\\\/cacao-loto-rosa\\\/#breadcrumb\"},\"inLanguage\":\"es\",\"potentialAction\":[{\"@type\":\"ReadAction\",\"target\":[\"https:\\\/\\\/www.sinchisinchi.com\\\/es\\\/producto\\\/cacao-loto-rosa\\\/\"]}]},{\"@type\":\"ImageObject\",\"inLanguage\":\"es\",\"@id\":\"https:\\\/\\\/www.sinchisinchi.com\\\/es\\\/producto\\\/cacao-loto-rosa\\\/#primaryimage\",\"url\":\"https:\\\/\\\/www.sinchisinchi.com\\\/wp-content\\\/uploads\\\/2024\\\/05\\\/loto-rosa.webp\",\"contentUrl\":\"https:\\\/\\\/www.sinchisinchi.com\\\/wp-content\\\/uploads\\\/2024\\\/05\\\/loto-rosa.webp\",\"width\":1946,\"height\":1946,\"caption\":\"Imagen de cacao ceremonial\"},{\"@type\":\"BreadcrumbList\",\"@id\":\"https:\\\/\\\/www.sinchisinchi.com\\\/es\\\/producto\\\/cacao-loto-rosa\\\/#breadcrumb\",\"itemListElement\":[{\"@type\":\"ListItem\",\"position\":1,\"name\":\"Prima pagina\",\"item\":\"https:\\\/\\\/www.sinchisinchi.com\\\/es\\\/\"},{\"@type\":\"ListItem\",\"position\":2,\"name\":\"Productos\",\"item\":\"https:\\\/\\\/www.sinchisinchi.com\\\/es\\\/shop\\\/\"},{\"@type\":\"ListItem\",\"position\":3,\"name\":\"Cacao Loto Rosa\"}]},{\"@type\":\"WebSite\",\"@id\":\"https:\\\/\\\/www.sinchisinchi.com\\\/es\\\/#website\",\"url\":\"https:\\\/\\\/www.sinchisinchi.com\\\/es\\\/\",\"name\":\"SINCHI\",\"description\":\"Sinchi Medicine\",\"publisher\":{\"@id\":\"https:\\\/\\\/www.sinchisinchi.com\\\/es\\\/#organization\"},\"potentialAction\":[{\"@type\":\"SearchAction\",\"target\":{\"@type\":\"EntryPoint\",\"urlTemplate\":\"https:\\\/\\\/www.sinchisinchi.com\\\/es\\\/?s={search_term_string}\"},\"query-input\":{\"@type\":\"PropertyValueSpecification\",\"valueRequired\":true,\"valueName\":\"search_term_string\"}}],\"inLanguage\":\"es\"},{\"@type\":\"Organization\",\"@id\":\"https:\\\/\\\/www.sinchisinchi.com\\\/es\\\/#organization\",\"name\":\"SINCHI S.L\",\"url\":\"https:\\\/\\\/www.sinchisinchi.com\\\/es\\\/\",\"logo\":{\"@type\":\"ImageObject\",\"inLanguage\":\"es\",\"@id\":\"https:\\\/\\\/www.sinchisinchi.com\\\/es\\\/#\\\/schema\\\/logo\\\/image\\\/\",\"url\":\"https:\\\/\\\/www.sinchisinchi.com\\\/wp-content\\\/uploads\\\/2026\\\/01\\\/3b-Verde-SIMPLIFICADO-HORIZONTAL-F-TRANSPARENTE-scaled.png\",\"contentUrl\":\"https:\\\/\\\/www.sinchisinchi.com\\\/wp-content\\\/uploads\\\/2026\\\/01\\\/3b-Verde-SIMPLIFICADO-HORIZONTAL-F-TRANSPARENTE-scaled.png\",\"width\":2560,\"height\":457,\"caption\":\"SINCHI S.L\"},\"image\":{\"@id\":\"https:\\\/\\\/www.sinchisinchi.com\\\/es\\\/#\\\/schema\\\/logo\\\/image\\\/\"},\"sameAs\":[\"https:\\\/\\\/www.facebook.com\\\/sinchirape\\\/\",\"https:\\\/\\\/www.instagram.com\\\/sinchi_rape\\\/\"]}]}<\/script>\n<!-- \/ Yoast SEO plugin. -->","yoast_head_json":{"title":"Cacao ceremonial loto rosa \u2013 Sinchi, Tienda Cham\u00e1nica","description":"Cacao ceremonial con Loto Rosa. La combinaci\u00f3n de cacao ceremonial y loto rosa apoya el autodescubrimiento y la conexi\u00f3n con la conciencia superior.","robots":{"index":"index","follow":"follow","max-snippet":"max-snippet:-1","max-image-preview":"max-image-preview:large","max-video-preview":"max-video-preview:-1"},"canonical":"https:\/\/www.sinchisinchi.com\/es\/producto\/cacao-loto-rosa\/","og_locale":"es_ES","og_type":"article","og_title":"Cacao ceremonial loto rosa \u2013 Sinchi, Tienda Cham\u00e1nica","og_description":"Cacao ceremonial con Loto Rosa. La combinaci\u00f3n de cacao ceremonial y loto rosa apoya el autodescubrimiento y la conexi\u00f3n con la conciencia superior.","og_url":"https:\/\/www.sinchisinchi.com\/es\/producto\/cacao-loto-rosa\/","og_site_name":"SINCHI RAP\u00c9","article_publisher":"https:\/\/www.facebook.com\/sinchirape\/","article_modified_time":"2026-01-13T08:03:44+00:00","og_image":[{"width":1946,"height":1946,"url":"https:\/\/www.sinchisinchi.com\/wp-content\/uploads\/2024\/05\/loto-rosa.webp","type":"image\/webp"}],"twitter_card":"summary_large_image","twitter_misc":{"Tiempo de lectura":"2 minutos"},"schema":{"@context":"https:\/\/schema.org","@graph":[{"@type":"WebPage","@id":"https:\/\/www.sinchisinchi.com\/es\/producto\/cacao-loto-rosa\/","url":"https:\/\/www.sinchisinchi.com\/es\/producto\/cacao-loto-rosa\/","name":"Cacao ceremonial loto rosa \u2013 Sinchi, Tienda Cham\u00e1nica","isPartOf":{"@id":"https:\/\/www.sinchisinchi.com\/es\/#website"},"primaryImageOfPage":{"@id":"https:\/\/www.sinchisinchi.com\/es\/producto\/cacao-loto-rosa\/#primaryimage"},"image":{"@id":"https:\/\/www.sinchisinchi.com\/es\/producto\/cacao-loto-rosa\/#primaryimage"},"thumbnailUrl":"https:\/\/www.sinchisinchi.com\/wp-content\/uploads\/2024\/05\/loto-rosa.webp","datePublished":"2024-05-28T13:14:24+00:00","dateModified":"2026-01-13T08:03:44+00:00","description":"Cacao ceremonial con Loto Rosa. La combinaci\u00f3n de cacao ceremonial y loto rosa apoya el autodescubrimiento y la conexi\u00f3n con la conciencia superior.","breadcrumb":{"@id":"https:\/\/www.sinchisinchi.com\/es\/producto\/cacao-loto-rosa\/#breadcrumb"},"inLanguage":"es","potentialAction":[{"@type":"ReadAction","target":["https:\/\/www.sinchisinchi.com\/es\/producto\/cacao-loto-rosa\/"]}]},{"@type":"ImageObject","inLanguage":"es","@id":"https:\/\/www.sinchisinchi.com\/es\/producto\/cacao-loto-rosa\/#primaryimage","url":"https:\/\/www.sinchisinchi.com\/wp-content\/uploads\/2024\/05\/loto-rosa.webp","contentUrl":"https:\/\/www.sinchisinchi.com\/wp-content\/uploads\/2024\/05\/loto-rosa.webp","width":1946,"height":1946,"caption":"Imagen de cacao ceremonial"},{"@type":"BreadcrumbList","@id":"https:\/\/www.sinchisinchi.com\/es\/producto\/cacao-loto-rosa\/#breadcrumb","itemListElement":[{"@type":"ListItem","position":1,"name":"Prima pagina","item":"https:\/\/www.sinchisinchi.com\/es\/"},{"@type":"ListItem","position":2,"name":"Productos","item":"https:\/\/www.sinchisinchi.com\/es\/shop\/"},{"@type":"ListItem","position":3,"name":"Cacao Loto Rosa"}]},{"@type":"WebSite","@id":"https:\/\/www.sinchisinchi.com\/es\/#website","url":"https:\/\/www.sinchisinchi.com\/es\/","name":"SINCHI","description":"Sinchi Medicine","publisher":{"@id":"https:\/\/www.sinchisinchi.com\/es\/#organization"},"potentialAction":[{"@type":"SearchAction","target":{"@type":"EntryPoint","urlTemplate":"https:\/\/www.sinchisinchi.com\/es\/?s={search_term_string}"},"query-input":{"@type":"PropertyValueSpecification","valueRequired":true,"valueName":"search_term_string"}}],"inLanguage":"es"},{"@type":"Organization","@id":"https:\/\/www.sinchisinchi.com\/es\/#organization","name":"SINCHI S.L","url":"https:\/\/www.sinchisinchi.com\/es\/","logo":{"@type":"ImageObject","inLanguage":"es","@id":"https:\/\/www.sinchisinchi.com\/es\/#\/schema\/logo\/image\/","url":"https:\/\/www.sinchisinchi.com\/wp-content\/uploads\/2026\/01\/3b-Verde-SIMPLIFICADO-HORIZONTAL-F-TRANSPARENTE-scaled.png","contentUrl":"https:\/\/www.sinchisinchi.com\/wp-content\/uploads\/2026\/01\/3b-Verde-SIMPLIFICADO-HORIZONTAL-F-TRANSPARENTE-scaled.png","width":2560,"height":457,"caption":"SINCHI S.L"},"image":{"@id":"https:\/\/www.sinchisinchi.com\/es\/#\/schema\/logo\/image\/"},"sameAs":["https:\/\/www.facebook.com\/sinchirape\/","https:\/\/www.instagram.com\/sinchi_rape\/"]}]}},"_links":{"self":[{"href":"https:\/\/www.sinchisinchi.com\/es\/wp-json\/wp\/v2\/product\/14521","targetHints":{"allow":["GET"]}}],"collection":[{"href":"https:\/\/www.sinchisinchi.com\/es\/wp-json\/wp\/v2\/product"}],"about":[{"href":"https:\/\/www.sinchisinchi.com\/es\/wp-json\/wp\/v2\/types\/product"}],"wp:featuredmedia":[{"embeddable":true,"href":"https:\/\/www.sinchisinchi.com\/es\/wp-json\/wp\/v2\/media\/14522"}],"wp:attachment":[{"href":"https:\/\/www.sinchisinchi.com\/es\/wp-json\/wp\/v2\/media?parent=14521"}],"wp:term":[{"taxonomy":"product_brand","embeddable":true,"href":"https:\/\/www.sinchisinchi.com\/es\/wp-json\/wp\/v2\/product_brand?post=14521"},{"taxonomy":"product_cat","embeddable":true,"href":"https:\/\/www.sinchisinchi.com\/es\/wp-json\/wp\/v2\/product_cat?post=14521"},{"taxonomy":"product_tag","embeddable":true,"href":"https:\/\/www.sinchisinchi.com\/es\/wp-json\/wp\/v2\/product_tag?post=14521"}],"curies":[{"name":"wp","href":"https:\/\/api.w.org\/{rel}","templated":true}]}}