{"id":146,"date":"2018-11-21T23:04:56","date_gmt":"2018-11-21T23:04:56","guid":{"rendered":"https:\/\/www.sinchisinchi.com\/?post_type=product&#038;p=146"},"modified":"2026-01-13T08:27:55","modified_gmt":"2026-01-13T08:27:55","slug":"tepi","status":"publish","type":"product","link":"https:\/\/www.sinchisinchi.com\/es\/producto\/tepi\/","title":{"rendered":"Tepi madera de Sawo"},"content":{"rendered":"<h2 style=\"font-weight: 400; text-align: center;\">Uso del Tepi: <strong>C\u00f3mo aplicar rap\u00e9<\/strong><\/h2>\n<p style=\"font-weight: 400;\">Hay varios soplos que pueden ser utilizados, variando la duraci\u00f3n, la intensidad, y el cierre.<\/p>\n<p style=\"font-weight: 400;\">Se deben evitar soplos con interrupciones, y los muy fuertes o demasiado flojos; el soplo debe ser lindo y fluido como una melod\u00eda musical.<\/p>\n<p style=\"font-weight: 400;\">El soplo utilizado en la proyecci\u00f3n y la propia conexi\u00f3n que tenemos con la medicina, influye en gran medida en el efecto de la toma.<\/p>\n<p style=\"font-weight: 400;\">Seg\u00fan los Huni Kuin, es mejor evitar aplicar Rap\u00e9 con p\u00fablico que no conoce acerca de su uso; se puede recibir una energ\u00eda negativa de quien observa, al no conocer que se trata de una medicina sagrada, confundi\u00e9ndolo con otros h\u00e1bitos.<\/p>\n<p style=\"font-weight: 400;\">Es mejor evitar tomar Rap\u00e9 bajo el sol, especialmente si est\u00e1 muy intenso.<\/p>\n","protected":false},"excerpt":{"rendered":"<p style=\"font-weight: 400;\">Tepi elaborado en una sola pieza de madera de Sawo, de finos acabados y unas medidas ideales para un uso c\u00f3modo y armonioso.<\/p>\n<p style=\"font-weight: 400;\">El tepi es un proyector largo, usado para proyectar rap\u00e9 a otra persona.<\/p>\n<p style=\"font-weight: 400;\">Proyectar rap\u00e9 a otra persona implica cierta responsabilidad, ya que seg\u00fan las tradiciones se produce un fuerte intercambio energ\u00e9tico, especialmente de la persona que lo aplica a quien lo reciba.<\/p>\n","protected":false},"featured_media":28889,"template":"","meta":{"_joinchat":[]},"product_brand":[],"product_cat":[187],"product_tag":[],"class_list":{"0":"post-146","1":"product","2":"type-product","3":"status-publish","4":"has-post-thumbnail","6":"product_cat-tepis","8":"first","9":"instock","10":"taxable","11":"shipping-taxable","12":"purchasable","13":"product-type-simple"},"yoast_head":"<!-- This site is optimized with the Yoast SEO plugin v27.1.1 - https:\/\/yoast.com\/product\/yoast-seo-wordpress\/ -->\n<title>Tepi madera de Sawo - SINCHI RAP\u00c9<\/title>\n<meta name=\"description\" content=\"Tepi de madera, esmaltado y decorado con hilo verde, de finos acabados y unas medidas ideales para un uso c\u00f3modo y armonioso.\" \/>\n<meta name=\"robots\" content=\"index, follow, max-snippet:-1, max-image-preview:large, max-video-preview:-1\" \/>\n<link rel=\"canonical\" href=\"https:\/\/www.sinchisinchi.com\/es\/producto\/tepi\/\" \/>\n<meta property=\"og:locale\" content=\"es_ES\" \/>\n<meta property=\"og:type\" content=\"article\" \/>\n<meta property=\"og:title\" content=\"Tepi madera de Sawo - SINCHI RAP\u00c9\" \/>\n<meta property=\"og:description\" content=\"Tepi de madera, esmaltado y decorado con hilo verde, de finos acabados y unas medidas ideales para un uso c\u00f3modo y armonioso.\" \/>\n<meta property=\"og:url\" content=\"https:\/\/www.sinchisinchi.com\/es\/producto\/tepi\/\" \/>\n<meta property=\"og:site_name\" content=\"SINCHI RAP\u00c9\" \/>\n<meta property=\"article:publisher\" content=\"https:\/\/www.facebook.com\/sinchirape\/\" \/>\n<meta property=\"article:modified_time\" content=\"2026-01-13T08:27:55+00:00\" \/>\n<meta property=\"og:image\" content=\"https:\/\/www.sinchisinchi.com\/wp-content\/uploads\/2023\/02\/2-Tepi-Sawo-copia.jpg\" \/>\n\t<meta property=\"og:image:width\" content=\"900\" \/>\n\t<meta property=\"og:image:height\" content=\"600\" \/>\n\t<meta property=\"og:image:type\" content=\"image\/jpeg\" \/>\n<meta name=\"twitter:card\" content=\"summary_large_image\" \/>\n<meta name=\"twitter:label1\" content=\"Tiempo de lectura\" \/>\n\t<meta name=\"twitter:data1\" content=\"1 minuto\" \/>\n<script type=\"application\/ld+json\" class=\"yoast-schema-graph\">{\"@context\":\"https:\/\/schema.org\",\"@graph\":[{\"@type\":\"WebPage\",\"@id\":\"https:\/\/www.sinchisinchi.com\/es\/producto\/tepi\/\",\"url\":\"https:\/\/www.sinchisinchi.com\/es\/producto\/tepi\/\",\"name\":\"Tepi madera de Sawo - SINCHI RAP\u00c9\",\"isPartOf\":{\"@id\":\"https:\/\/www.sinchisinchi.com\/es\/#website\"},\"primaryImageOfPage\":{\"@id\":\"https:\/\/www.sinchisinchi.com\/es\/producto\/tepi\/#primaryimage\"},\"image\":{\"@id\":\"https:\/\/www.sinchisinchi.com\/es\/producto\/tepi\/#primaryimage\"},\"thumbnailUrl\":\"https:\/\/www.sinchisinchi.com\/wp-content\/uploads\/2023\/02\/2-Tepi-Sawo-copia.jpg\",\"datePublished\":\"2018-11-21T23:04:56+00:00\",\"dateModified\":\"2026-01-13T08:27:55+00:00\",\"description\":\"Tepi de madera, esmaltado y decorado con hilo verde, de finos acabados y unas medidas ideales para un uso c\u00f3modo y armonioso.\",\"breadcrumb\":{\"@id\":\"https:\/\/www.sinchisinchi.com\/es\/producto\/tepi\/#breadcrumb\"},\"inLanguage\":\"es\",\"potentialAction\":[{\"@type\":\"ReadAction\",\"target\":[\"https:\/\/www.sinchisinchi.com\/es\/producto\/tepi\/\"]}]},{\"@type\":\"ImageObject\",\"inLanguage\":\"es\",\"@id\":\"https:\/\/www.sinchisinchi.com\/es\/producto\/tepi\/#primaryimage\",\"url\":\"https:\/\/www.sinchisinchi.com\/wp-content\/uploads\/2023\/02\/2-Tepi-Sawo-copia.jpg\",\"contentUrl\":\"https:\/\/www.sinchisinchi.com\/wp-content\/uploads\/2023\/02\/2-Tepi-Sawo-copia.jpg\",\"width\":900,\"height\":600},{\"@type\":\"BreadcrumbList\",\"@id\":\"https:\/\/www.sinchisinchi.com\/es\/producto\/tepi\/#breadcrumb\",\"itemListElement\":[{\"@type\":\"ListItem\",\"position\":1,\"name\":\"Prima pagina\",\"item\":\"https:\/\/www.sinchisinchi.com\/es\/\"},{\"@type\":\"ListItem\",\"position\":2,\"name\":\"Productos\",\"item\":\"https:\/\/www.sinchisinchi.com\/es\/shop\/\"},{\"@type\":\"ListItem\",\"position\":3,\"name\":\"Tepi madera de Sawo\"}]},{\"@type\":\"WebSite\",\"@id\":\"https:\/\/www.sinchisinchi.com\/es\/#website\",\"url\":\"https:\/\/www.sinchisinchi.com\/es\/\",\"name\":\"SINCHI\",\"description\":\"Sinchi Medicine\",\"publisher\":{\"@id\":\"https:\/\/www.sinchisinchi.com\/es\/#organization\"},\"potentialAction\":[{\"@type\":\"SearchAction\",\"target\":{\"@type\":\"EntryPoint\",\"urlTemplate\":\"https:\/\/www.sinchisinchi.com\/es\/?s={search_term_string}\"},\"query-input\":{\"@type\":\"PropertyValueSpecification\",\"valueRequired\":true,\"valueName\":\"search_term_string\"}}],\"inLanguage\":\"es\"},{\"@type\":\"Organization\",\"@id\":\"https:\/\/www.sinchisinchi.com\/es\/#organization\",\"name\":\"SINCHI S.L\",\"url\":\"https:\/\/www.sinchisinchi.com\/es\/\",\"logo\":{\"@type\":\"ImageObject\",\"inLanguage\":\"es\",\"@id\":\"https:\/\/www.sinchisinchi.com\/es\/#\/schema\/logo\/image\/\",\"url\":\"https:\/\/www.sinchisinchi.com\/wp-content\/uploads\/2026\/01\/3b-Verde-SIMPLIFICADO-HORIZONTAL-F-TRANSPARENTE-scaled.png\",\"contentUrl\":\"https:\/\/www.sinchisinchi.com\/wp-content\/uploads\/2026\/01\/3b-Verde-SIMPLIFICADO-HORIZONTAL-F-TRANSPARENTE-scaled.png\",\"width\":2560,\"height\":457,\"caption\":\"SINCHI S.L\"},\"image\":{\"@id\":\"https:\/\/www.sinchisinchi.com\/es\/#\/schema\/logo\/image\/\"},\"sameAs\":[\"https:\/\/www.facebook.com\/sinchirape\/\",\"https:\/\/www.instagram.com\/sinchi_rape\/\"]}]}<\/script>\n<!-- \/ Yoast SEO plugin. -->","yoast_head_json":{"title":"Tepi madera de Sawo - SINCHI RAP\u00c9","description":"Tepi de madera, esmaltado y decorado con hilo verde, de finos acabados y unas medidas ideales para un uso c\u00f3modo y armonioso.","robots":{"index":"index","follow":"follow","max-snippet":"max-snippet:-1","max-image-preview":"max-image-preview:large","max-video-preview":"max-video-preview:-1"},"canonical":"https:\/\/www.sinchisinchi.com\/es\/producto\/tepi\/","og_locale":"es_ES","og_type":"article","og_title":"Tepi madera de Sawo - SINCHI RAP\u00c9","og_description":"Tepi de madera, esmaltado y decorado con hilo verde, de finos acabados y unas medidas ideales para un uso c\u00f3modo y armonioso.","og_url":"https:\/\/www.sinchisinchi.com\/es\/producto\/tepi\/","og_site_name":"SINCHI RAP\u00c9","article_publisher":"https:\/\/www.facebook.com\/sinchirape\/","article_modified_time":"2026-01-13T08:27:55+00:00","og_image":[{"width":900,"height":600,"url":"https:\/\/www.sinchisinchi.com\/wp-content\/uploads\/2023\/02\/2-Tepi-Sawo-copia.jpg","type":"image\/jpeg"}],"twitter_card":"summary_large_image","twitter_misc":{"Tiempo de lectura":"1 minuto"},"schema":{"@context":"https:\/\/schema.org","@graph":[{"@type":"WebPage","@id":"https:\/\/www.sinchisinchi.com\/es\/producto\/tepi\/","url":"https:\/\/www.sinchisinchi.com\/es\/producto\/tepi\/","name":"Tepi madera de Sawo - SINCHI RAP\u00c9","isPartOf":{"@id":"https:\/\/www.sinchisinchi.com\/es\/#website"},"primaryImageOfPage":{"@id":"https:\/\/www.sinchisinchi.com\/es\/producto\/tepi\/#primaryimage"},"image":{"@id":"https:\/\/www.sinchisinchi.com\/es\/producto\/tepi\/#primaryimage"},"thumbnailUrl":"https:\/\/www.sinchisinchi.com\/wp-content\/uploads\/2023\/02\/2-Tepi-Sawo-copia.jpg","datePublished":"2018-11-21T23:04:56+00:00","dateModified":"2026-01-13T08:27:55+00:00","description":"Tepi de madera, esmaltado y decorado con hilo verde, de finos acabados y unas medidas ideales para un uso c\u00f3modo y armonioso.","breadcrumb":{"@id":"https:\/\/www.sinchisinchi.com\/es\/producto\/tepi\/#breadcrumb"},"inLanguage":"es","potentialAction":[{"@type":"ReadAction","target":["https:\/\/www.sinchisinchi.com\/es\/producto\/tepi\/"]}]},{"@type":"ImageObject","inLanguage":"es","@id":"https:\/\/www.sinchisinchi.com\/es\/producto\/tepi\/#primaryimage","url":"https:\/\/www.sinchisinchi.com\/wp-content\/uploads\/2023\/02\/2-Tepi-Sawo-copia.jpg","contentUrl":"https:\/\/www.sinchisinchi.com\/wp-content\/uploads\/2023\/02\/2-Tepi-Sawo-copia.jpg","width":900,"height":600},{"@type":"BreadcrumbList","@id":"https:\/\/www.sinchisinchi.com\/es\/producto\/tepi\/#breadcrumb","itemListElement":[{"@type":"ListItem","position":1,"name":"Prima pagina","item":"https:\/\/www.sinchisinchi.com\/es\/"},{"@type":"ListItem","position":2,"name":"Productos","item":"https:\/\/www.sinchisinchi.com\/es\/shop\/"},{"@type":"ListItem","position":3,"name":"Tepi madera de Sawo"}]},{"@type":"WebSite","@id":"https:\/\/www.sinchisinchi.com\/es\/#website","url":"https:\/\/www.sinchisinchi.com\/es\/","name":"SINCHI","description":"Sinchi Medicine","publisher":{"@id":"https:\/\/www.sinchisinchi.com\/es\/#organization"},"potentialAction":[{"@type":"SearchAction","target":{"@type":"EntryPoint","urlTemplate":"https:\/\/www.sinchisinchi.com\/es\/?s={search_term_string}"},"query-input":{"@type":"PropertyValueSpecification","valueRequired":true,"valueName":"search_term_string"}}],"inLanguage":"es"},{"@type":"Organization","@id":"https:\/\/www.sinchisinchi.com\/es\/#organization","name":"SINCHI S.L","url":"https:\/\/www.sinchisinchi.com\/es\/","logo":{"@type":"ImageObject","inLanguage":"es","@id":"https:\/\/www.sinchisinchi.com\/es\/#\/schema\/logo\/image\/","url":"https:\/\/www.sinchisinchi.com\/wp-content\/uploads\/2026\/01\/3b-Verde-SIMPLIFICADO-HORIZONTAL-F-TRANSPARENTE-scaled.png","contentUrl":"https:\/\/www.sinchisinchi.com\/wp-content\/uploads\/2026\/01\/3b-Verde-SIMPLIFICADO-HORIZONTAL-F-TRANSPARENTE-scaled.png","width":2560,"height":457,"caption":"SINCHI S.L"},"image":{"@id":"https:\/\/www.sinchisinchi.com\/es\/#\/schema\/logo\/image\/"},"sameAs":["https:\/\/www.facebook.com\/sinchirape\/","https:\/\/www.instagram.com\/sinchi_rape\/"]}]}},"_links":{"self":[{"href":"https:\/\/www.sinchisinchi.com\/es\/wp-json\/wp\/v2\/product\/146","targetHints":{"allow":["GET"]}}],"collection":[{"href":"https:\/\/www.sinchisinchi.com\/es\/wp-json\/wp\/v2\/product"}],"about":[{"href":"https:\/\/www.sinchisinchi.com\/es\/wp-json\/wp\/v2\/types\/product"}],"wp:featuredmedia":[{"embeddable":true,"href":"https:\/\/www.sinchisinchi.com\/es\/wp-json\/wp\/v2\/media\/28889"}],"wp:attachment":[{"href":"https:\/\/www.sinchisinchi.com\/es\/wp-json\/wp\/v2\/media?parent=146"}],"wp:term":[{"taxonomy":"product_brand","embeddable":true,"href":"https:\/\/www.sinchisinchi.com\/es\/wp-json\/wp\/v2\/product_brand?post=146"},{"taxonomy":"product_cat","embeddable":true,"href":"https:\/\/www.sinchisinchi.com\/es\/wp-json\/wp\/v2\/product_cat?post=146"},{"taxonomy":"product_tag","embeddable":true,"href":"https:\/\/www.sinchisinchi.com\/es\/wp-json\/wp\/v2\/product_tag?post=146"}],"curies":[{"name":"wp","href":"https:\/\/api.w.org\/{rel}","templated":true}]}}