{"id":1577,"date":"2023-12-07T08:24:25","date_gmt":"2023-12-07T08:24:25","guid":{"rendered":"https:\/\/www.sinchisinchi.com\/?post_type=product&#038;p=1577"},"modified":"2026-01-13T08:16:36","modified_gmt":"2026-01-13T08:16:36","slug":"mapacho-moi","status":"publish","type":"product","link":"https:\/\/www.sinchisinchi.com\/es\/producto\/mapacho-moi\/","title":{"rendered":"Mapacho Moi"},"content":{"rendered":"<h2 style=\"text-align: center;\"><strong>Almacenamiento del Mapacho Sabi\u00e1<\/strong><\/h2>\n<p>El mapacho se puede conservar durante muchos meses si est\u00e1 envasado al vac\u00edo, sin abrir. Una vez abierto, se debe guardar en un envoltorio de papel. Cuando el exterior se vuelve quebradizo con el tiempo, puede rociar el exterior con agua destilada, de modo que el material absorber\u00e1 lentamente el agua y la capa exterior volver\u00e1 a estar fresca. Embala el Mapacho humidificado en una bolsa de pl\u00e1stico durante uno o dos d\u00edas como m\u00e1ximo. Luego cons\u00e9rvalo nuevamente en papel seco.<\/p>\n<p>El Mapacho no se puede almacenar en una bolsa de pl\u00e1stico si no est\u00e1 envasado al vac\u00edo, ya que esto puede causar que se forme moho. Gu\u00e1rdalo en papel, en un lugar fresco y seco.<\/p>\n","protected":false},"excerpt":{"rendered":"<p><span style=\"color: #000000;\">Rollo de Mapacho org\u00e1nico procedente de Brasil.<\/span><\/p>\n<p style=\"font-weight: 400;\"><span style=\"color: #000000;\">El Mapacho es un conglomerado de hojas secas, curadas y picadas de Nicotiana r\u00fastica.<\/span><\/p>\n<p style=\"font-weight: 400;\"><span style=\"color: #000000;\">Moi Mapacho es un tipo de Mapacho delicado y exquisito, m\u00e1s suave en comparaci\u00f3n a otras variedades r\u00fasticas, tiene un aroma cautivador y distintivo.<\/span><\/p>\n<p style=\"font-weight: 400;\"><span style=\"color: #000000;\">El mapacho Moi es producido en la Reserva Extrativista, en las profundidades del Amazonas brasile\u00f1o, cerca de la frontera con Per\u00fa. Es cultivado por comunidades locales, que descienden de la mezcla entre las tribus ind\u00edgenas y los inmigrantes llegados del nordeste durante el auge del caucho.<\/span><\/p>\n<p style=\"font-weight: 400;\"><span style=\"color: #000000;\">El alto Jurua es el hogar de tribus nativas como los Ashaninka, Kuntanawa, Arara Shaw\u00e3dawa y la tribu Kaxinawa, entre otras.<\/span><\/p>\n<p style=\"font-weight: 400;\"><span style=\"color: #000000;\">Nicotiana Rustica se ha usado desde hace miles de a\u00f1os en diversas formas y fines: masticado, pulverizado e inhalado, fumado, macerado bebible o en uso externo, en cataplasma, ba\u00f1o o gotas, para prevenir o tratar males f\u00edsicos, tambi\u00e9n se utilizaban en rituales por su car\u00e1cter de planta sagrada.<\/span><\/p>\n<p style=\"font-weight: 400;\"><span style=\"color: #000000;\">Cuando se realizan sahumerios, se utiliza como una manera de despejar la energ\u00eda de un espacio o persona. En Am\u00e9rica del Norte, el paso de la pipa estaba vinculado al uso de la palabra y la conexi\u00f3n con lo sagrado, por ejemplo, era usado cuando importantes decisiones deb\u00edan ser tomadas, antes de que nadie hablara todo el grupo inhalaba primero de la pipa; esta conexi\u00f3n previa con lo que consideraban sagrado refleja la importancia que daban a hablar con la verdad y desde el coraz\u00f3n, lo que se puede considerar como la finalidad \u00faltima de esta pr\u00e1ctica.<\/span><\/p>\n<p>&nbsp;<\/p>\n<p>&nbsp;<\/p>\n<p style=\"font-weight: 400;\">\n","protected":false},"featured_media":12947,"template":"","meta":{"_joinchat":[]},"product_brand":[],"product_cat":[302],"product_tag":[],"class_list":{"0":"post-1577","1":"product","2":"type-product","3":"status-publish","4":"has-post-thumbnail","6":"product_cat-mapacho-roll","8":"first","9":"instock","10":"taxable","11":"shipping-taxable","12":"purchasable","13":"product-type-variable","14":"has-default-attributes"},"yoast_head":"<!-- This site is optimized with the Yoast SEO plugin v27.4 - https:\/\/yoast.com\/product\/yoast-seo-wordpress\/ -->\n<title>Comprar Mapacho Moi de Brasil 100% natural - Tienda Cham\u00e1nica<\/title>\n<meta name=\"description\" content=\"Moi Mapacho es un tipo de Mapacho delicado y exquisito, m\u00e1s suave en comparaci\u00f3n a otras variedades r\u00fasticas, tiene un aroma cautivador y distintivo.\" \/>\n<meta name=\"robots\" content=\"index, follow, max-snippet:-1, max-image-preview:large, max-video-preview:-1\" \/>\n<link rel=\"canonical\" href=\"https:\/\/www.sinchisinchi.com\/es\/producto\/mapacho-moi\/\" \/>\n<meta property=\"og:locale\" content=\"es_ES\" \/>\n<meta property=\"og:type\" content=\"article\" \/>\n<meta property=\"og:title\" content=\"Comprar Mapacho Moi de Brasil 100% natural - Tienda Cham\u00e1nica\" \/>\n<meta property=\"og:description\" content=\"Moi Mapacho es un tipo de Mapacho delicado y exquisito, m\u00e1s suave en comparaci\u00f3n a otras variedades r\u00fasticas, tiene un aroma cautivador y distintivo.\" \/>\n<meta property=\"og:url\" content=\"https:\/\/www.sinchisinchi.com\/es\/producto\/mapacho-moi\/\" \/>\n<meta property=\"og:site_name\" content=\"SINCHI RAP\u00c9\" \/>\n<meta property=\"article:publisher\" content=\"https:\/\/www.facebook.com\/sinchirape\/\" \/>\n<meta property=\"article:modified_time\" content=\"2026-01-13T08:16:36+00:00\" \/>\n<meta property=\"og:image\" content=\"https:\/\/www.sinchisinchi.com\/wp-content\/uploads\/2023\/12\/Moi-Mapacho.jpg\" \/>\n\t<meta property=\"og:image:width\" content=\"900\" \/>\n\t<meta property=\"og:image:height\" content=\"900\" \/>\n\t<meta property=\"og:image:type\" content=\"image\/jpeg\" \/>\n<meta name=\"twitter:card\" content=\"summary_large_image\" \/>\n<meta name=\"twitter:label1\" content=\"Tiempo de lectura\" \/>\n\t<meta name=\"twitter:data1\" content=\"1 minuto\" \/>\n<script type=\"application\/ld+json\" class=\"yoast-schema-graph\">{\"@context\":\"https:\\\/\\\/schema.org\",\"@graph\":[{\"@type\":\"WebPage\",\"@id\":\"https:\\\/\\\/www.sinchisinchi.com\\\/es\\\/producto\\\/mapacho-moi\\\/\",\"url\":\"https:\\\/\\\/www.sinchisinchi.com\\\/es\\\/producto\\\/mapacho-moi\\\/\",\"name\":\"Comprar Mapacho Moi de Brasil 100% natural - Tienda Cham\u00e1nica\",\"isPartOf\":{\"@id\":\"https:\\\/\\\/www.sinchisinchi.com\\\/es\\\/#website\"},\"primaryImageOfPage\":{\"@id\":\"https:\\\/\\\/www.sinchisinchi.com\\\/es\\\/producto\\\/mapacho-moi\\\/#primaryimage\"},\"image\":{\"@id\":\"https:\\\/\\\/www.sinchisinchi.com\\\/es\\\/producto\\\/mapacho-moi\\\/#primaryimage\"},\"thumbnailUrl\":\"https:\\\/\\\/www.sinchisinchi.com\\\/wp-content\\\/uploads\\\/2023\\\/12\\\/Moi-Mapacho.jpg\",\"datePublished\":\"2023-12-07T08:24:25+00:00\",\"dateModified\":\"2026-01-13T08:16:36+00:00\",\"description\":\"Moi Mapacho es un tipo de Mapacho delicado y exquisito, m\u00e1s suave en comparaci\u00f3n a otras variedades r\u00fasticas, tiene un aroma cautivador y distintivo.\",\"breadcrumb\":{\"@id\":\"https:\\\/\\\/www.sinchisinchi.com\\\/es\\\/producto\\\/mapacho-moi\\\/#breadcrumb\"},\"inLanguage\":\"es\",\"potentialAction\":[{\"@type\":\"ReadAction\",\"target\":[\"https:\\\/\\\/www.sinchisinchi.com\\\/es\\\/producto\\\/mapacho-moi\\\/\"]}]},{\"@type\":\"ImageObject\",\"inLanguage\":\"es\",\"@id\":\"https:\\\/\\\/www.sinchisinchi.com\\\/es\\\/producto\\\/mapacho-moi\\\/#primaryimage\",\"url\":\"https:\\\/\\\/www.sinchisinchi.com\\\/wp-content\\\/uploads\\\/2023\\\/12\\\/Moi-Mapacho.jpg\",\"contentUrl\":\"https:\\\/\\\/www.sinchisinchi.com\\\/wp-content\\\/uploads\\\/2023\\\/12\\\/Moi-Mapacho.jpg\",\"width\":900,\"height\":900},{\"@type\":\"BreadcrumbList\",\"@id\":\"https:\\\/\\\/www.sinchisinchi.com\\\/es\\\/producto\\\/mapacho-moi\\\/#breadcrumb\",\"itemListElement\":[{\"@type\":\"ListItem\",\"position\":1,\"name\":\"Prima pagina\",\"item\":\"https:\\\/\\\/www.sinchisinchi.com\\\/es\\\/\"},{\"@type\":\"ListItem\",\"position\":2,\"name\":\"Productos\",\"item\":\"https:\\\/\\\/www.sinchisinchi.com\\\/es\\\/shop\\\/\"},{\"@type\":\"ListItem\",\"position\":3,\"name\":\"Mapacho Moi\"}]},{\"@type\":\"WebSite\",\"@id\":\"https:\\\/\\\/www.sinchisinchi.com\\\/es\\\/#website\",\"url\":\"https:\\\/\\\/www.sinchisinchi.com\\\/es\\\/\",\"name\":\"SINCHI\",\"description\":\"Sinchi Medicine\",\"publisher\":{\"@id\":\"https:\\\/\\\/www.sinchisinchi.com\\\/es\\\/#organization\"},\"potentialAction\":[{\"@type\":\"SearchAction\",\"target\":{\"@type\":\"EntryPoint\",\"urlTemplate\":\"https:\\\/\\\/www.sinchisinchi.com\\\/es\\\/?s={search_term_string}\"},\"query-input\":{\"@type\":\"PropertyValueSpecification\",\"valueRequired\":true,\"valueName\":\"search_term_string\"}}],\"inLanguage\":\"es\"},{\"@type\":\"Organization\",\"@id\":\"https:\\\/\\\/www.sinchisinchi.com\\\/es\\\/#organization\",\"name\":\"SINCHI S.L\",\"url\":\"https:\\\/\\\/www.sinchisinchi.com\\\/es\\\/\",\"logo\":{\"@type\":\"ImageObject\",\"inLanguage\":\"es\",\"@id\":\"https:\\\/\\\/www.sinchisinchi.com\\\/es\\\/#\\\/schema\\\/logo\\\/image\\\/\",\"url\":\"https:\\\/\\\/www.sinchisinchi.com\\\/wp-content\\\/uploads\\\/2026\\\/01\\\/3b-Verde-SIMPLIFICADO-HORIZONTAL-F-TRANSPARENTE-scaled.png\",\"contentUrl\":\"https:\\\/\\\/www.sinchisinchi.com\\\/wp-content\\\/uploads\\\/2026\\\/01\\\/3b-Verde-SIMPLIFICADO-HORIZONTAL-F-TRANSPARENTE-scaled.png\",\"width\":2560,\"height\":457,\"caption\":\"SINCHI S.L\"},\"image\":{\"@id\":\"https:\\\/\\\/www.sinchisinchi.com\\\/es\\\/#\\\/schema\\\/logo\\\/image\\\/\"},\"sameAs\":[\"https:\\\/\\\/www.facebook.com\\\/sinchirape\\\/\",\"https:\\\/\\\/www.instagram.com\\\/sinchi_rape\\\/\"]}]}<\/script>\n<!-- \/ Yoast SEO plugin. -->","yoast_head_json":{"title":"Comprar Mapacho Moi de Brasil 100% natural - Tienda Cham\u00e1nica","description":"Moi Mapacho es un tipo de Mapacho delicado y exquisito, m\u00e1s suave en comparaci\u00f3n a otras variedades r\u00fasticas, tiene un aroma cautivador y distintivo.","robots":{"index":"index","follow":"follow","max-snippet":"max-snippet:-1","max-image-preview":"max-image-preview:large","max-video-preview":"max-video-preview:-1"},"canonical":"https:\/\/www.sinchisinchi.com\/es\/producto\/mapacho-moi\/","og_locale":"es_ES","og_type":"article","og_title":"Comprar Mapacho Moi de Brasil 100% natural - Tienda Cham\u00e1nica","og_description":"Moi Mapacho es un tipo de Mapacho delicado y exquisito, m\u00e1s suave en comparaci\u00f3n a otras variedades r\u00fasticas, tiene un aroma cautivador y distintivo.","og_url":"https:\/\/www.sinchisinchi.com\/es\/producto\/mapacho-moi\/","og_site_name":"SINCHI RAP\u00c9","article_publisher":"https:\/\/www.facebook.com\/sinchirape\/","article_modified_time":"2026-01-13T08:16:36+00:00","og_image":[{"width":900,"height":900,"url":"https:\/\/www.sinchisinchi.com\/wp-content\/uploads\/2023\/12\/Moi-Mapacho.jpg","type":"image\/jpeg"}],"twitter_card":"summary_large_image","twitter_misc":{"Tiempo de lectura":"1 minuto"},"schema":{"@context":"https:\/\/schema.org","@graph":[{"@type":"WebPage","@id":"https:\/\/www.sinchisinchi.com\/es\/producto\/mapacho-moi\/","url":"https:\/\/www.sinchisinchi.com\/es\/producto\/mapacho-moi\/","name":"Comprar Mapacho Moi de Brasil 100% natural - Tienda Cham\u00e1nica","isPartOf":{"@id":"https:\/\/www.sinchisinchi.com\/es\/#website"},"primaryImageOfPage":{"@id":"https:\/\/www.sinchisinchi.com\/es\/producto\/mapacho-moi\/#primaryimage"},"image":{"@id":"https:\/\/www.sinchisinchi.com\/es\/producto\/mapacho-moi\/#primaryimage"},"thumbnailUrl":"https:\/\/www.sinchisinchi.com\/wp-content\/uploads\/2023\/12\/Moi-Mapacho.jpg","datePublished":"2023-12-07T08:24:25+00:00","dateModified":"2026-01-13T08:16:36+00:00","description":"Moi Mapacho es un tipo de Mapacho delicado y exquisito, m\u00e1s suave en comparaci\u00f3n a otras variedades r\u00fasticas, tiene un aroma cautivador y distintivo.","breadcrumb":{"@id":"https:\/\/www.sinchisinchi.com\/es\/producto\/mapacho-moi\/#breadcrumb"},"inLanguage":"es","potentialAction":[{"@type":"ReadAction","target":["https:\/\/www.sinchisinchi.com\/es\/producto\/mapacho-moi\/"]}]},{"@type":"ImageObject","inLanguage":"es","@id":"https:\/\/www.sinchisinchi.com\/es\/producto\/mapacho-moi\/#primaryimage","url":"https:\/\/www.sinchisinchi.com\/wp-content\/uploads\/2023\/12\/Moi-Mapacho.jpg","contentUrl":"https:\/\/www.sinchisinchi.com\/wp-content\/uploads\/2023\/12\/Moi-Mapacho.jpg","width":900,"height":900},{"@type":"BreadcrumbList","@id":"https:\/\/www.sinchisinchi.com\/es\/producto\/mapacho-moi\/#breadcrumb","itemListElement":[{"@type":"ListItem","position":1,"name":"Prima pagina","item":"https:\/\/www.sinchisinchi.com\/es\/"},{"@type":"ListItem","position":2,"name":"Productos","item":"https:\/\/www.sinchisinchi.com\/es\/shop\/"},{"@type":"ListItem","position":3,"name":"Mapacho Moi"}]},{"@type":"WebSite","@id":"https:\/\/www.sinchisinchi.com\/es\/#website","url":"https:\/\/www.sinchisinchi.com\/es\/","name":"SINCHI","description":"Sinchi Medicine","publisher":{"@id":"https:\/\/www.sinchisinchi.com\/es\/#organization"},"potentialAction":[{"@type":"SearchAction","target":{"@type":"EntryPoint","urlTemplate":"https:\/\/www.sinchisinchi.com\/es\/?s={search_term_string}"},"query-input":{"@type":"PropertyValueSpecification","valueRequired":true,"valueName":"search_term_string"}}],"inLanguage":"es"},{"@type":"Organization","@id":"https:\/\/www.sinchisinchi.com\/es\/#organization","name":"SINCHI S.L","url":"https:\/\/www.sinchisinchi.com\/es\/","logo":{"@type":"ImageObject","inLanguage":"es","@id":"https:\/\/www.sinchisinchi.com\/es\/#\/schema\/logo\/image\/","url":"https:\/\/www.sinchisinchi.com\/wp-content\/uploads\/2026\/01\/3b-Verde-SIMPLIFICADO-HORIZONTAL-F-TRANSPARENTE-scaled.png","contentUrl":"https:\/\/www.sinchisinchi.com\/wp-content\/uploads\/2026\/01\/3b-Verde-SIMPLIFICADO-HORIZONTAL-F-TRANSPARENTE-scaled.png","width":2560,"height":457,"caption":"SINCHI S.L"},"image":{"@id":"https:\/\/www.sinchisinchi.com\/es\/#\/schema\/logo\/image\/"},"sameAs":["https:\/\/www.facebook.com\/sinchirape\/","https:\/\/www.instagram.com\/sinchi_rape\/"]}]}},"_links":{"self":[{"href":"https:\/\/www.sinchisinchi.com\/es\/wp-json\/wp\/v2\/product\/1577","targetHints":{"allow":["GET"]}}],"collection":[{"href":"https:\/\/www.sinchisinchi.com\/es\/wp-json\/wp\/v2\/product"}],"about":[{"href":"https:\/\/www.sinchisinchi.com\/es\/wp-json\/wp\/v2\/types\/product"}],"wp:featuredmedia":[{"embeddable":true,"href":"https:\/\/www.sinchisinchi.com\/es\/wp-json\/wp\/v2\/media\/12947"}],"wp:attachment":[{"href":"https:\/\/www.sinchisinchi.com\/es\/wp-json\/wp\/v2\/media?parent=1577"}],"wp:term":[{"taxonomy":"product_brand","embeddable":true,"href":"https:\/\/www.sinchisinchi.com\/es\/wp-json\/wp\/v2\/product_brand?post=1577"},{"taxonomy":"product_cat","embeddable":true,"href":"https:\/\/www.sinchisinchi.com\/es\/wp-json\/wp\/v2\/product_cat?post=1577"},{"taxonomy":"product_tag","embeddable":true,"href":"https:\/\/www.sinchisinchi.com\/es\/wp-json\/wp\/v2\/product_tag?post=1577"}],"curies":[{"name":"wp","href":"https:\/\/api.w.org\/{rel}","templated":true}]}}