{"id":1579,"date":"2023-12-07T08:44:15","date_gmt":"2023-12-07T08:44:15","guid":{"rendered":"https:\/\/www.sinchisinchi.com\/?post_type=product&#038;p=1579"},"modified":"2026-01-13T08:16:27","modified_gmt":"2026-01-13T08:16:27","slug":"palo-santo-grande","status":"publish","type":"product","link":"https:\/\/www.sinchisinchi.com\/es\/producto\/palo-santo-grande\/","title":{"rendered":"Palo Santo 1 Kg"},"content":{"rendered":"<h2 style=\"font-weight: 400; text-align: center;\"><strong>C\u00f3mo usar palo santo<\/strong><\/h2>\n<p style=\"font-weight: 400;\">A diferencia de otras especies de las que se extraen resinas, el Palo Santo s\u00f3lo requiere que se encienda un trozo de su madera para liberar su humo de poderosas propiedades.<\/p>\n<p style=\"font-weight: 400;\">El Palo Santo es una madera densa que no se quema f\u00e1cilmente, por lo que puede tardar unos segundos en encender.\u00a0 Lo ideal es dejar que se queme durante unos 30 segundos, y luego apagar la llama soplando suavemente. Al apagar la llama, permanece la brasa, que producir\u00e1 humo blanco durante varios minutos.<\/p>\n<p style=\"font-weight: 400;\">Es recomendable tener un\u00a0 recipiente para a prueba de fuego a mano, en el que ir depositando la ceniza, y donde colocar el palo santo al terminar.<\/p>\n<p style=\"font-weight: 400;\">Cuando la brasa se va extinguiendo, un poco de aire \u00a0ayudar\u00e1 a reavivarla, agitando el palito o soplando suavemente. \u00a0Esto solo suele funcionar como una medida temporal, por lo que es necesario encenderlo varias veces el para que se consuma por completo.<\/p>\n<p style=\"font-weight: 400;\"><strong>\u00a0<\/strong><\/p>\n<h3 style=\"font-weight: 400; text-align: center;\"><strong>Palo santo, limpieza energ\u00e9tica <\/strong><\/h3>\n<p style=\"font-weight: 400;\"><strong>Para la limpieza energ\u00e9tica de espacios, <\/strong>una vez encendido, agitando la brasa en el aire, se reparte el humo por la habitaci\u00f3n, y se gu\u00eda la madera a trav\u00e9s de las \u00e1reas que se desean limpiar, como las esquinas, los pasillos y los armarios.<\/p>\n<p style=\"font-weight: 400;\">Para una <strong>limpieza energ\u00e9tica<\/strong> <strong>profunda<\/strong>, se pueden quemar unos 3 a 4 palitos juntos, y dejar que el humo permanezca en el espacio unas 3 horas.<\/p>\n<p style=\"font-weight: 400;\">Tambi\u00e9n se puede hacer una limpieza energ\u00e9tica de piedras y gemas, que deben limpiarse peri\u00f3dicamente, ya que absorben y retienen las influencias energ\u00e9ticas.<\/p>\n<p>&nbsp;<\/p>\n<h3 style=\"font-weight: 400; text-align: center;\"><strong>Propiedades y beneficios del Palo Santo<\/strong><\/h3>\n<p style=\"font-weight: 400;\">Tradicionalmente, el palo santo se utiliza para aliviar resfriados comunes, estr\u00e9s, asma, dolores de cabeza, ansiedad, depresi\u00f3n, inflamaci\u00f3n, como antis\u00e9ptico, antiinflamatorio y diur\u00e9tico.<\/p>\n<p style=\"font-weight: 400;\">El olfato es el \u00fanico sentido directamente interconectado con las emociones, y tambi\u00e9n el \u00fanico que nunca duerme, por lo que tambi\u00e9n se relaciona con el sue\u00f1o l\u00facido.<\/p>\n<p style=\"font-weight: 400;\">En aromaterapia, el Palo Santo se utiliza com\u00fanmente en forma de aceite esencial, y sirve para liberar la tensi\u00f3n relacionada con el estr\u00e9s y la depresi\u00f3n.<\/p>\n<p style=\"font-weight: 400;\">Tambi\u00e9n es un excelente repelente natural contra moscas, mosquitos etc.<\/p>\n","protected":false},"excerpt":{"rendered":"<p>Tronco de palo Santo de 1 Kg aproximadamente.<\/p>\n<p style=\"font-weight: 400;\">El Palo Santo se utiliza en diferentes pa\u00edses y culturas para expulsar las energ\u00edas negativas y atraer las positivas, focalizando y potenciando lo positivo.<\/p>\n<p style=\"font-weight: 400;\">Limpia y purifica los ambientes, adem\u00e1s de aromatizarlos. Alivia la tensi\u00f3n nerviosa y ayuda a controlar las enfermedades o dolencias causadas por el estr\u00e9s, potenciando la armon\u00eda y el bienestar.<\/p>\n","protected":false},"featured_media":11849,"template":"","meta":{"_joinchat":[]},"product_brand":[],"product_cat":[37],"product_tag":[],"class_list":{"0":"post-1579","1":"product","2":"type-product","3":"status-publish","4":"has-post-thumbnail","6":"product_cat-incense","8":"first","9":"instock","10":"taxable","11":"shipping-taxable","12":"purchasable","13":"product-type-simple"},"yoast_head":"<!-- This site is optimized with the Yoast SEO plugin v27.4 - https:\/\/yoast.com\/product\/yoast-seo-wordpress\/ -->\n<title>Palo Santo Altar -Tienda Online de sahumerios sagrados<\/title>\n<meta name=\"description\" content=\"Palo Santo (Bursera Graveolens) es un \u00e1rbol m\u00edstico que crece en la costa de Am\u00e9rica del Sur y pertenece a la amilia Bureseracea...\" \/>\n<meta name=\"robots\" content=\"index, follow, max-snippet:-1, max-image-preview:large, max-video-preview:-1\" \/>\n<link rel=\"canonical\" href=\"https:\/\/www.sinchisinchi.com\/es\/producto\/palo-santo-grande\/\" \/>\n<meta property=\"og:locale\" content=\"es_ES\" \/>\n<meta property=\"og:type\" content=\"article\" \/>\n<meta property=\"og:title\" content=\"Palo Santo Altar -Tienda Online de sahumerios sagrados\" \/>\n<meta property=\"og:description\" content=\"Palo Santo (Bursera Graveolens) es un \u00e1rbol m\u00edstico que crece en la costa de Am\u00e9rica del Sur y pertenece a la amilia Bureseracea...\" \/>\n<meta property=\"og:url\" content=\"https:\/\/www.sinchisinchi.com\/es\/producto\/palo-santo-grande\/\" \/>\n<meta property=\"og:site_name\" content=\"SINCHI RAP\u00c9\" \/>\n<meta property=\"article:publisher\" content=\"https:\/\/www.facebook.com\/sinchirape\/\" \/>\n<meta property=\"article:modified_time\" content=\"2026-01-13T08:16:27+00:00\" \/>\n<meta property=\"og:image\" content=\"https:\/\/www.sinchisinchi.com\/wp-content\/uploads\/2023\/12\/palo-santo-de-tronco-grande-pack-1kg.jpeg\" \/>\n\t<meta property=\"og:image:width\" content=\"1000\" \/>\n\t<meta property=\"og:image:height\" content=\"1000\" \/>\n\t<meta property=\"og:image:type\" content=\"image\/jpeg\" \/>\n<meta name=\"twitter:card\" content=\"summary_large_image\" \/>\n<meta name=\"twitter:label1\" content=\"Tiempo de lectura\" \/>\n\t<meta name=\"twitter:data1\" content=\"2 minutos\" \/>\n<script type=\"application\/ld+json\" class=\"yoast-schema-graph\">{\"@context\":\"https:\\\/\\\/schema.org\",\"@graph\":[{\"@type\":\"WebPage\",\"@id\":\"https:\\\/\\\/www.sinchisinchi.com\\\/es\\\/producto\\\/palo-santo-grande\\\/\",\"url\":\"https:\\\/\\\/www.sinchisinchi.com\\\/es\\\/producto\\\/palo-santo-grande\\\/\",\"name\":\"Palo Santo Altar -Tienda Online de sahumerios sagrados\",\"isPartOf\":{\"@id\":\"https:\\\/\\\/www.sinchisinchi.com\\\/es\\\/#website\"},\"primaryImageOfPage\":{\"@id\":\"https:\\\/\\\/www.sinchisinchi.com\\\/es\\\/producto\\\/palo-santo-grande\\\/#primaryimage\"},\"image\":{\"@id\":\"https:\\\/\\\/www.sinchisinchi.com\\\/es\\\/producto\\\/palo-santo-grande\\\/#primaryimage\"},\"thumbnailUrl\":\"https:\\\/\\\/www.sinchisinchi.com\\\/wp-content\\\/uploads\\\/2023\\\/12\\\/palo-santo-de-tronco-grande-pack-1kg.jpeg\",\"datePublished\":\"2023-12-07T08:44:15+00:00\",\"dateModified\":\"2026-01-13T08:16:27+00:00\",\"description\":\"Palo Santo (Bursera Graveolens) es un \u00e1rbol m\u00edstico que crece en la costa de Am\u00e9rica del Sur y pertenece a la amilia Bureseracea...\",\"breadcrumb\":{\"@id\":\"https:\\\/\\\/www.sinchisinchi.com\\\/es\\\/producto\\\/palo-santo-grande\\\/#breadcrumb\"},\"inLanguage\":\"es\",\"potentialAction\":[{\"@type\":\"ReadAction\",\"target\":[\"https:\\\/\\\/www.sinchisinchi.com\\\/es\\\/producto\\\/palo-santo-grande\\\/\"]}]},{\"@type\":\"ImageObject\",\"inLanguage\":\"es\",\"@id\":\"https:\\\/\\\/www.sinchisinchi.com\\\/es\\\/producto\\\/palo-santo-grande\\\/#primaryimage\",\"url\":\"https:\\\/\\\/www.sinchisinchi.com\\\/wp-content\\\/uploads\\\/2023\\\/12\\\/palo-santo-de-tronco-grande-pack-1kg.jpeg\",\"contentUrl\":\"https:\\\/\\\/www.sinchisinchi.com\\\/wp-content\\\/uploads\\\/2023\\\/12\\\/palo-santo-de-tronco-grande-pack-1kg.jpeg\",\"width\":1000,\"height\":1000},{\"@type\":\"BreadcrumbList\",\"@id\":\"https:\\\/\\\/www.sinchisinchi.com\\\/es\\\/producto\\\/palo-santo-grande\\\/#breadcrumb\",\"itemListElement\":[{\"@type\":\"ListItem\",\"position\":1,\"name\":\"Prima pagina\",\"item\":\"https:\\\/\\\/www.sinchisinchi.com\\\/es\\\/\"},{\"@type\":\"ListItem\",\"position\":2,\"name\":\"Productos\",\"item\":\"https:\\\/\\\/www.sinchisinchi.com\\\/es\\\/shop\\\/\"},{\"@type\":\"ListItem\",\"position\":3,\"name\":\"Palo Santo 1 Kg\"}]},{\"@type\":\"WebSite\",\"@id\":\"https:\\\/\\\/www.sinchisinchi.com\\\/es\\\/#website\",\"url\":\"https:\\\/\\\/www.sinchisinchi.com\\\/es\\\/\",\"name\":\"SINCHI\",\"description\":\"Sinchi Medicine\",\"publisher\":{\"@id\":\"https:\\\/\\\/www.sinchisinchi.com\\\/es\\\/#organization\"},\"potentialAction\":[{\"@type\":\"SearchAction\",\"target\":{\"@type\":\"EntryPoint\",\"urlTemplate\":\"https:\\\/\\\/www.sinchisinchi.com\\\/es\\\/?s={search_term_string}\"},\"query-input\":{\"@type\":\"PropertyValueSpecification\",\"valueRequired\":true,\"valueName\":\"search_term_string\"}}],\"inLanguage\":\"es\"},{\"@type\":\"Organization\",\"@id\":\"https:\\\/\\\/www.sinchisinchi.com\\\/es\\\/#organization\",\"name\":\"SINCHI S.L\",\"url\":\"https:\\\/\\\/www.sinchisinchi.com\\\/es\\\/\",\"logo\":{\"@type\":\"ImageObject\",\"inLanguage\":\"es\",\"@id\":\"https:\\\/\\\/www.sinchisinchi.com\\\/es\\\/#\\\/schema\\\/logo\\\/image\\\/\",\"url\":\"https:\\\/\\\/www.sinchisinchi.com\\\/wp-content\\\/uploads\\\/2026\\\/01\\\/3b-Verde-SIMPLIFICADO-HORIZONTAL-F-TRANSPARENTE-scaled.png\",\"contentUrl\":\"https:\\\/\\\/www.sinchisinchi.com\\\/wp-content\\\/uploads\\\/2026\\\/01\\\/3b-Verde-SIMPLIFICADO-HORIZONTAL-F-TRANSPARENTE-scaled.png\",\"width\":2560,\"height\":457,\"caption\":\"SINCHI S.L\"},\"image\":{\"@id\":\"https:\\\/\\\/www.sinchisinchi.com\\\/es\\\/#\\\/schema\\\/logo\\\/image\\\/\"},\"sameAs\":[\"https:\\\/\\\/www.facebook.com\\\/sinchirape\\\/\",\"https:\\\/\\\/www.instagram.com\\\/sinchi_rape\\\/\"]}]}<\/script>\n<!-- \/ Yoast SEO plugin. -->","yoast_head_json":{"title":"Palo Santo Altar -Tienda Online de sahumerios sagrados","description":"Palo Santo (Bursera Graveolens) es un \u00e1rbol m\u00edstico que crece en la costa de Am\u00e9rica del Sur y pertenece a la amilia Bureseracea...","robots":{"index":"index","follow":"follow","max-snippet":"max-snippet:-1","max-image-preview":"max-image-preview:large","max-video-preview":"max-video-preview:-1"},"canonical":"https:\/\/www.sinchisinchi.com\/es\/producto\/palo-santo-grande\/","og_locale":"es_ES","og_type":"article","og_title":"Palo Santo Altar -Tienda Online de sahumerios sagrados","og_description":"Palo Santo (Bursera Graveolens) es un \u00e1rbol m\u00edstico que crece en la costa de Am\u00e9rica del Sur y pertenece a la amilia Bureseracea...","og_url":"https:\/\/www.sinchisinchi.com\/es\/producto\/palo-santo-grande\/","og_site_name":"SINCHI RAP\u00c9","article_publisher":"https:\/\/www.facebook.com\/sinchirape\/","article_modified_time":"2026-01-13T08:16:27+00:00","og_image":[{"width":1000,"height":1000,"url":"https:\/\/www.sinchisinchi.com\/wp-content\/uploads\/2023\/12\/palo-santo-de-tronco-grande-pack-1kg.jpeg","type":"image\/jpeg"}],"twitter_card":"summary_large_image","twitter_misc":{"Tiempo de lectura":"2 minutos"},"schema":{"@context":"https:\/\/schema.org","@graph":[{"@type":"WebPage","@id":"https:\/\/www.sinchisinchi.com\/es\/producto\/palo-santo-grande\/","url":"https:\/\/www.sinchisinchi.com\/es\/producto\/palo-santo-grande\/","name":"Palo Santo Altar -Tienda Online de sahumerios sagrados","isPartOf":{"@id":"https:\/\/www.sinchisinchi.com\/es\/#website"},"primaryImageOfPage":{"@id":"https:\/\/www.sinchisinchi.com\/es\/producto\/palo-santo-grande\/#primaryimage"},"image":{"@id":"https:\/\/www.sinchisinchi.com\/es\/producto\/palo-santo-grande\/#primaryimage"},"thumbnailUrl":"https:\/\/www.sinchisinchi.com\/wp-content\/uploads\/2023\/12\/palo-santo-de-tronco-grande-pack-1kg.jpeg","datePublished":"2023-12-07T08:44:15+00:00","dateModified":"2026-01-13T08:16:27+00:00","description":"Palo Santo (Bursera Graveolens) es un \u00e1rbol m\u00edstico que crece en la costa de Am\u00e9rica del Sur y pertenece a la amilia Bureseracea...","breadcrumb":{"@id":"https:\/\/www.sinchisinchi.com\/es\/producto\/palo-santo-grande\/#breadcrumb"},"inLanguage":"es","potentialAction":[{"@type":"ReadAction","target":["https:\/\/www.sinchisinchi.com\/es\/producto\/palo-santo-grande\/"]}]},{"@type":"ImageObject","inLanguage":"es","@id":"https:\/\/www.sinchisinchi.com\/es\/producto\/palo-santo-grande\/#primaryimage","url":"https:\/\/www.sinchisinchi.com\/wp-content\/uploads\/2023\/12\/palo-santo-de-tronco-grande-pack-1kg.jpeg","contentUrl":"https:\/\/www.sinchisinchi.com\/wp-content\/uploads\/2023\/12\/palo-santo-de-tronco-grande-pack-1kg.jpeg","width":1000,"height":1000},{"@type":"BreadcrumbList","@id":"https:\/\/www.sinchisinchi.com\/es\/producto\/palo-santo-grande\/#breadcrumb","itemListElement":[{"@type":"ListItem","position":1,"name":"Prima pagina","item":"https:\/\/www.sinchisinchi.com\/es\/"},{"@type":"ListItem","position":2,"name":"Productos","item":"https:\/\/www.sinchisinchi.com\/es\/shop\/"},{"@type":"ListItem","position":3,"name":"Palo Santo 1 Kg"}]},{"@type":"WebSite","@id":"https:\/\/www.sinchisinchi.com\/es\/#website","url":"https:\/\/www.sinchisinchi.com\/es\/","name":"SINCHI","description":"Sinchi Medicine","publisher":{"@id":"https:\/\/www.sinchisinchi.com\/es\/#organization"},"potentialAction":[{"@type":"SearchAction","target":{"@type":"EntryPoint","urlTemplate":"https:\/\/www.sinchisinchi.com\/es\/?s={search_term_string}"},"query-input":{"@type":"PropertyValueSpecification","valueRequired":true,"valueName":"search_term_string"}}],"inLanguage":"es"},{"@type":"Organization","@id":"https:\/\/www.sinchisinchi.com\/es\/#organization","name":"SINCHI S.L","url":"https:\/\/www.sinchisinchi.com\/es\/","logo":{"@type":"ImageObject","inLanguage":"es","@id":"https:\/\/www.sinchisinchi.com\/es\/#\/schema\/logo\/image\/","url":"https:\/\/www.sinchisinchi.com\/wp-content\/uploads\/2026\/01\/3b-Verde-SIMPLIFICADO-HORIZONTAL-F-TRANSPARENTE-scaled.png","contentUrl":"https:\/\/www.sinchisinchi.com\/wp-content\/uploads\/2026\/01\/3b-Verde-SIMPLIFICADO-HORIZONTAL-F-TRANSPARENTE-scaled.png","width":2560,"height":457,"caption":"SINCHI S.L"},"image":{"@id":"https:\/\/www.sinchisinchi.com\/es\/#\/schema\/logo\/image\/"},"sameAs":["https:\/\/www.facebook.com\/sinchirape\/","https:\/\/www.instagram.com\/sinchi_rape\/"]}]}},"_links":{"self":[{"href":"https:\/\/www.sinchisinchi.com\/es\/wp-json\/wp\/v2\/product\/1579","targetHints":{"allow":["GET"]}}],"collection":[{"href":"https:\/\/www.sinchisinchi.com\/es\/wp-json\/wp\/v2\/product"}],"about":[{"href":"https:\/\/www.sinchisinchi.com\/es\/wp-json\/wp\/v2\/types\/product"}],"wp:featuredmedia":[{"embeddable":true,"href":"https:\/\/www.sinchisinchi.com\/es\/wp-json\/wp\/v2\/media\/11849"}],"wp:attachment":[{"href":"https:\/\/www.sinchisinchi.com\/es\/wp-json\/wp\/v2\/media?parent=1579"}],"wp:term":[{"taxonomy":"product_brand","embeddable":true,"href":"https:\/\/www.sinchisinchi.com\/es\/wp-json\/wp\/v2\/product_brand?post=1579"},{"taxonomy":"product_cat","embeddable":true,"href":"https:\/\/www.sinchisinchi.com\/es\/wp-json\/wp\/v2\/product_cat?post=1579"},{"taxonomy":"product_tag","embeddable":true,"href":"https:\/\/www.sinchisinchi.com\/es\/wp-json\/wp\/v2\/product_tag?post=1579"}],"curies":[{"name":"wp","href":"https:\/\/api.w.org\/{rel}","templated":true}]}}