{"id":18671,"date":"2024-07-20T10:45:10","date_gmt":"2024-07-20T10:45:10","guid":{"rendered":"https:\/\/www.sinchisinchi.com\/?post_type=product&#038;p=18671"},"modified":"2026-01-13T07:59:20","modified_gmt":"2026-01-13T07:59:20","slug":"50gr-apurina-awiry","status":"publish","type":"product","link":"https:\/\/www.sinchisinchi.com\/es\/producto\/50gr-apurina-awiry\/","title":{"rendered":"Apurina Awiry 50gr"},"content":{"rendered":"<a href=\"https:\/\/www.sinchisinchi.com\/es\/producto\/apurina-rape\/\" target=\"_blank\" class=\"button secondary is-large lowercase expand\" rel=\"noopener\" >\n\t\t<span>DESCRIPCI\u00d3N COMPLETA<\/span>\n\t<\/a>\n\n","protected":false},"excerpt":{"rendered":"<p><strong>Rap\u00e9 Awiry de la tribu Apurina.<\/strong><\/p>\n<p>Los Apurin\u00e3 son famosos por su <strong>Rap\u00e9 verde<\/strong>, \u00fanico y completamente diferente al de las otras tribus de la regi\u00f3n. Es hecho a partir de una planta sagrada a la que llaman<strong> Awiry<\/strong>, considerada por algunos como un tipo de Tabaco salvaje.<\/p>\n<p>El Rap\u00e9 Apurina Awiry no contiene cenizas ni tabaco; \u00fanicamente hojas de Awiri molidas y finamente tamizadas que le dan su color verde caracter\u00edstico, y es una variedad perfecta para aquellos que desean un rap\u00e9 sin nicotina.<\/p>\n<p>Tama\u00f1o: 50 gramos.<\/p>\n<p>Ver link a la descripci\u00f3n m\u00e1s abajo.<\/p>\n","protected":false},"featured_media":17626,"template":"","meta":{"_joinchat":[]},"product_brand":[],"product_cat":[532,527,21],"product_tag":[],"class_list":{"0":"post-18671","1":"product","2":"type-product","3":"status-publish","4":"has-post-thumbnail","6":"product_cat-50gr-boa","7":"product_cat-50gr-rape","8":"product_cat-rape","10":"first","11":"instock","12":"taxable","13":"shipping-taxable","14":"purchasable","15":"product-type-simple"},"yoast_head":"<!-- This site is optimized with the Yoast SEO plugin v27.4 - https:\/\/yoast.com\/product\/yoast-seo-wordpress\/ -->\n<title>Apurina Awiry 50gr - SINCHI RAP\u00c9<\/title>\n<meta name=\"robots\" content=\"noindex, follow\" \/>\n<meta property=\"og:locale\" content=\"es_ES\" \/>\n<meta property=\"og:type\" content=\"article\" \/>\n<meta property=\"og:title\" content=\"Apurina Awiry 50gr - SINCHI RAP\u00c9\" \/>\n<meta property=\"og:description\" content=\"Rap\u00e9 Awiry de la tribu Apurina.  Los Apurin\u00e3 son famosos por su Rap\u00e9 verde, \u00fanico y completamente diferente al de las otras tribus de la regi\u00f3n. Es hecho a partir de una planta sagrada a la que llaman Awiry, considerada por algunos como un tipo de Tabaco salvaje.  El Rap\u00e9 Apurina Awiry no contiene cenizas ni tabaco; \u00fanicamente hojas de Awiri molidas y finamente tamizadas que le dan su color verde caracter\u00edstico, y es una variedad perfecta para aquellos que desean un rap\u00e9 sin nicotina.  Tama\u00f1o: 50 gramos.  Ver link a la descripci\u00f3n m\u00e1s abajo.\" \/>\n<meta property=\"og:url\" content=\"https:\/\/www.sinchisinchi.com\/es\/producto\/50gr-apurina-awiry\/\" \/>\n<meta property=\"og:site_name\" content=\"SINCHI RAP\u00c9\" \/>\n<meta property=\"article:publisher\" content=\"https:\/\/www.facebook.com\/sinchirape\/\" \/>\n<meta property=\"article:modified_time\" content=\"2026-01-13T07:59:20+00:00\" \/>\n<meta property=\"og:image\" content=\"https:\/\/www.sinchisinchi.com\/wp-content\/uploads\/2024\/07\/6.4-Rape-Awiry-Delantera.jpg\" \/>\n\t<meta property=\"og:image:width\" content=\"700\" \/>\n\t<meta property=\"og:image:height\" content=\"700\" \/>\n\t<meta property=\"og:image:type\" content=\"image\/jpeg\" \/>\n<meta name=\"twitter:card\" content=\"summary_large_image\" \/>\n<meta name=\"twitter:label1\" content=\"Tiempo de lectura\" \/>\n\t<meta name=\"twitter:data1\" content=\"1 minuto\" \/>\n<script type=\"application\/ld+json\" class=\"yoast-schema-graph\">{\"@context\":\"https:\\\/\\\/schema.org\",\"@graph\":[{\"@type\":\"WebPage\",\"@id\":\"https:\\\/\\\/www.sinchisinchi.com\\\/es\\\/producto\\\/50gr-apurina-awiry\\\/\",\"url\":\"https:\\\/\\\/www.sinchisinchi.com\\\/es\\\/producto\\\/50gr-apurina-awiry\\\/\",\"name\":\"Apurina Awiry 50gr - SINCHI RAP\u00c9\",\"isPartOf\":{\"@id\":\"https:\\\/\\\/www.sinchisinchi.com\\\/es\\\/#website\"},\"primaryImageOfPage\":{\"@id\":\"https:\\\/\\\/www.sinchisinchi.com\\\/es\\\/producto\\\/50gr-apurina-awiry\\\/#primaryimage\"},\"image\":{\"@id\":\"https:\\\/\\\/www.sinchisinchi.com\\\/es\\\/producto\\\/50gr-apurina-awiry\\\/#primaryimage\"},\"thumbnailUrl\":\"https:\\\/\\\/www.sinchisinchi.com\\\/wp-content\\\/uploads\\\/2024\\\/07\\\/6.4-Rape-Awiry-Delantera.jpg\",\"datePublished\":\"2024-07-20T10:45:10+00:00\",\"dateModified\":\"2026-01-13T07:59:20+00:00\",\"breadcrumb\":{\"@id\":\"https:\\\/\\\/www.sinchisinchi.com\\\/es\\\/producto\\\/50gr-apurina-awiry\\\/#breadcrumb\"},\"inLanguage\":\"es\",\"potentialAction\":[{\"@type\":\"ReadAction\",\"target\":[\"https:\\\/\\\/www.sinchisinchi.com\\\/es\\\/producto\\\/50gr-apurina-awiry\\\/\"]}]},{\"@type\":\"ImageObject\",\"inLanguage\":\"es\",\"@id\":\"https:\\\/\\\/www.sinchisinchi.com\\\/es\\\/producto\\\/50gr-apurina-awiry\\\/#primaryimage\",\"url\":\"https:\\\/\\\/www.sinchisinchi.com\\\/wp-content\\\/uploads\\\/2024\\\/07\\\/6.4-Rape-Awiry-Delantera.jpg\",\"contentUrl\":\"https:\\\/\\\/www.sinchisinchi.com\\\/wp-content\\\/uploads\\\/2024\\\/07\\\/6.4-Rape-Awiry-Delantera.jpg\",\"width\":700,\"height\":700},{\"@type\":\"BreadcrumbList\",\"@id\":\"https:\\\/\\\/www.sinchisinchi.com\\\/es\\\/producto\\\/50gr-apurina-awiry\\\/#breadcrumb\",\"itemListElement\":[{\"@type\":\"ListItem\",\"position\":1,\"name\":\"Prima pagina\",\"item\":\"https:\\\/\\\/www.sinchisinchi.com\\\/es\\\/\"},{\"@type\":\"ListItem\",\"position\":2,\"name\":\"Productos\",\"item\":\"https:\\\/\\\/www.sinchisinchi.com\\\/es\\\/shop\\\/\"},{\"@type\":\"ListItem\",\"position\":3,\"name\":\"Apurina Awiry 50gr\"}]},{\"@type\":\"WebSite\",\"@id\":\"https:\\\/\\\/www.sinchisinchi.com\\\/es\\\/#website\",\"url\":\"https:\\\/\\\/www.sinchisinchi.com\\\/es\\\/\",\"name\":\"SINCHI\",\"description\":\"Sinchi Medicine\",\"publisher\":{\"@id\":\"https:\\\/\\\/www.sinchisinchi.com\\\/es\\\/#organization\"},\"potentialAction\":[{\"@type\":\"SearchAction\",\"target\":{\"@type\":\"EntryPoint\",\"urlTemplate\":\"https:\\\/\\\/www.sinchisinchi.com\\\/es\\\/?s={search_term_string}\"},\"query-input\":{\"@type\":\"PropertyValueSpecification\",\"valueRequired\":true,\"valueName\":\"search_term_string\"}}],\"inLanguage\":\"es\"},{\"@type\":\"Organization\",\"@id\":\"https:\\\/\\\/www.sinchisinchi.com\\\/es\\\/#organization\",\"name\":\"SINCHI S.L\",\"url\":\"https:\\\/\\\/www.sinchisinchi.com\\\/es\\\/\",\"logo\":{\"@type\":\"ImageObject\",\"inLanguage\":\"es\",\"@id\":\"https:\\\/\\\/www.sinchisinchi.com\\\/es\\\/#\\\/schema\\\/logo\\\/image\\\/\",\"url\":\"https:\\\/\\\/www.sinchisinchi.com\\\/wp-content\\\/uploads\\\/2026\\\/01\\\/3b-Verde-SIMPLIFICADO-HORIZONTAL-F-TRANSPARENTE-scaled.png\",\"contentUrl\":\"https:\\\/\\\/www.sinchisinchi.com\\\/wp-content\\\/uploads\\\/2026\\\/01\\\/3b-Verde-SIMPLIFICADO-HORIZONTAL-F-TRANSPARENTE-scaled.png\",\"width\":2560,\"height\":457,\"caption\":\"SINCHI S.L\"},\"image\":{\"@id\":\"https:\\\/\\\/www.sinchisinchi.com\\\/es\\\/#\\\/schema\\\/logo\\\/image\\\/\"},\"sameAs\":[\"https:\\\/\\\/www.facebook.com\\\/sinchirape\\\/\",\"https:\\\/\\\/www.instagram.com\\\/sinchi_rape\\\/\"]}]}<\/script>\n<!-- \/ Yoast SEO plugin. -->","yoast_head_json":{"title":"Apurina Awiry 50gr - SINCHI RAP\u00c9","robots":{"index":"noindex","follow":"follow"},"og_locale":"es_ES","og_type":"article","og_title":"Apurina Awiry 50gr - SINCHI RAP\u00c9","og_description":"Rap\u00e9 Awiry de la tribu Apurina.  Los Apurin\u00e3 son famosos por su Rap\u00e9 verde, \u00fanico y completamente diferente al de las otras tribus de la regi\u00f3n. Es hecho a partir de una planta sagrada a la que llaman Awiry, considerada por algunos como un tipo de Tabaco salvaje.  El Rap\u00e9 Apurina Awiry no contiene cenizas ni tabaco; \u00fanicamente hojas de Awiri molidas y finamente tamizadas que le dan su color verde caracter\u00edstico, y es una variedad perfecta para aquellos que desean un rap\u00e9 sin nicotina.  Tama\u00f1o: 50 gramos.  Ver link a la descripci\u00f3n m\u00e1s abajo.","og_url":"https:\/\/www.sinchisinchi.com\/es\/producto\/50gr-apurina-awiry\/","og_site_name":"SINCHI RAP\u00c9","article_publisher":"https:\/\/www.facebook.com\/sinchirape\/","article_modified_time":"2026-01-13T07:59:20+00:00","og_image":[{"width":700,"height":700,"url":"https:\/\/www.sinchisinchi.com\/wp-content\/uploads\/2024\/07\/6.4-Rape-Awiry-Delantera.jpg","type":"image\/jpeg"}],"twitter_card":"summary_large_image","twitter_misc":{"Tiempo de lectura":"1 minuto"},"schema":{"@context":"https:\/\/schema.org","@graph":[{"@type":"WebPage","@id":"https:\/\/www.sinchisinchi.com\/es\/producto\/50gr-apurina-awiry\/","url":"https:\/\/www.sinchisinchi.com\/es\/producto\/50gr-apurina-awiry\/","name":"Apurina Awiry 50gr - SINCHI RAP\u00c9","isPartOf":{"@id":"https:\/\/www.sinchisinchi.com\/es\/#website"},"primaryImageOfPage":{"@id":"https:\/\/www.sinchisinchi.com\/es\/producto\/50gr-apurina-awiry\/#primaryimage"},"image":{"@id":"https:\/\/www.sinchisinchi.com\/es\/producto\/50gr-apurina-awiry\/#primaryimage"},"thumbnailUrl":"https:\/\/www.sinchisinchi.com\/wp-content\/uploads\/2024\/07\/6.4-Rape-Awiry-Delantera.jpg","datePublished":"2024-07-20T10:45:10+00:00","dateModified":"2026-01-13T07:59:20+00:00","breadcrumb":{"@id":"https:\/\/www.sinchisinchi.com\/es\/producto\/50gr-apurina-awiry\/#breadcrumb"},"inLanguage":"es","potentialAction":[{"@type":"ReadAction","target":["https:\/\/www.sinchisinchi.com\/es\/producto\/50gr-apurina-awiry\/"]}]},{"@type":"ImageObject","inLanguage":"es","@id":"https:\/\/www.sinchisinchi.com\/es\/producto\/50gr-apurina-awiry\/#primaryimage","url":"https:\/\/www.sinchisinchi.com\/wp-content\/uploads\/2024\/07\/6.4-Rape-Awiry-Delantera.jpg","contentUrl":"https:\/\/www.sinchisinchi.com\/wp-content\/uploads\/2024\/07\/6.4-Rape-Awiry-Delantera.jpg","width":700,"height":700},{"@type":"BreadcrumbList","@id":"https:\/\/www.sinchisinchi.com\/es\/producto\/50gr-apurina-awiry\/#breadcrumb","itemListElement":[{"@type":"ListItem","position":1,"name":"Prima pagina","item":"https:\/\/www.sinchisinchi.com\/es\/"},{"@type":"ListItem","position":2,"name":"Productos","item":"https:\/\/www.sinchisinchi.com\/es\/shop\/"},{"@type":"ListItem","position":3,"name":"Apurina Awiry 50gr"}]},{"@type":"WebSite","@id":"https:\/\/www.sinchisinchi.com\/es\/#website","url":"https:\/\/www.sinchisinchi.com\/es\/","name":"SINCHI","description":"Sinchi Medicine","publisher":{"@id":"https:\/\/www.sinchisinchi.com\/es\/#organization"},"potentialAction":[{"@type":"SearchAction","target":{"@type":"EntryPoint","urlTemplate":"https:\/\/www.sinchisinchi.com\/es\/?s={search_term_string}"},"query-input":{"@type":"PropertyValueSpecification","valueRequired":true,"valueName":"search_term_string"}}],"inLanguage":"es"},{"@type":"Organization","@id":"https:\/\/www.sinchisinchi.com\/es\/#organization","name":"SINCHI S.L","url":"https:\/\/www.sinchisinchi.com\/es\/","logo":{"@type":"ImageObject","inLanguage":"es","@id":"https:\/\/www.sinchisinchi.com\/es\/#\/schema\/logo\/image\/","url":"https:\/\/www.sinchisinchi.com\/wp-content\/uploads\/2026\/01\/3b-Verde-SIMPLIFICADO-HORIZONTAL-F-TRANSPARENTE-scaled.png","contentUrl":"https:\/\/www.sinchisinchi.com\/wp-content\/uploads\/2026\/01\/3b-Verde-SIMPLIFICADO-HORIZONTAL-F-TRANSPARENTE-scaled.png","width":2560,"height":457,"caption":"SINCHI S.L"},"image":{"@id":"https:\/\/www.sinchisinchi.com\/es\/#\/schema\/logo\/image\/"},"sameAs":["https:\/\/www.facebook.com\/sinchirape\/","https:\/\/www.instagram.com\/sinchi_rape\/"]}]}},"_links":{"self":[{"href":"https:\/\/www.sinchisinchi.com\/es\/wp-json\/wp\/v2\/product\/18671","targetHints":{"allow":["GET"]}}],"collection":[{"href":"https:\/\/www.sinchisinchi.com\/es\/wp-json\/wp\/v2\/product"}],"about":[{"href":"https:\/\/www.sinchisinchi.com\/es\/wp-json\/wp\/v2\/types\/product"}],"wp:featuredmedia":[{"embeddable":true,"href":"https:\/\/www.sinchisinchi.com\/es\/wp-json\/wp\/v2\/media\/17626"}],"wp:attachment":[{"href":"https:\/\/www.sinchisinchi.com\/es\/wp-json\/wp\/v2\/media?parent=18671"}],"wp:term":[{"taxonomy":"product_brand","embeddable":true,"href":"https:\/\/www.sinchisinchi.com\/es\/wp-json\/wp\/v2\/product_brand?post=18671"},{"taxonomy":"product_cat","embeddable":true,"href":"https:\/\/www.sinchisinchi.com\/es\/wp-json\/wp\/v2\/product_cat?post=18671"},{"taxonomy":"product_tag","embeddable":true,"href":"https:\/\/www.sinchisinchi.com\/es\/wp-json\/wp\/v2\/product_tag?post=18671"}],"curies":[{"name":"wp","href":"https:\/\/api.w.org\/{rel}","templated":true}]}}