{"id":2064,"date":"2020-12-06T22:25:34","date_gmt":"2020-12-06T22:25:34","guid":{"rendered":"https:\/\/www.sinchisinchi.com\/?post_type=product&#038;p=2064"},"modified":"2026-05-04T00:53:37","modified_gmt":"2026-05-04T00:53:37","slug":"rape-huni-kuin-cacao","status":"publish","type":"product","link":"https:\/\/www.sinchisinchi.com\/es\/producto\/rape-huni-kuin-cacao\/","title":{"rendered":"Huni Kuin Cacau"},"content":{"rendered":"<a href=\"https:\/\/www.sinchisinchi.com\/es\/producto\/rape-cacao-50gr\/\" target=\"_blank\" class=\"button secondary is-larger lowercase expand\" rel=\"noopener\" style=\"border-radius:10px;\">\n\t\t<span>Tama\u00f1o Mediano: 50g<\/span>\n\t<\/a>\n\n<a href=\"https:\/\/www.sinchisinchi.com\/es\/producto\/rape-cacao-100g\/\" target=\"_blank\" class=\"button secondary is-larger lowercase expand\" rel=\"noopener\" style=\"border-radius:10px;\">\n\t\t<span>Tama\u00f1o Grande: 100g<\/span>\n\t<\/a>\n\n\t<div id=\"gap-256874621\" class=\"gap-element clearfix\" style=\"display:block; height:auto;\">\n\t\t\n<style>\n#gap-256874621 {\n  padding-top: 30px;\n}\n<\/style>\n\t<\/div>\n\t\n\n  <div class=\"banner has-hover\" id=\"banner-1076455572\">\n          <div class=\"banner-inner fill\">\n        <div class=\"banner-bg fill\" >\n            <img loading=\"lazy\" decoding=\"async\" width=\"791\" height=\"1024\" src=\"https:\/\/www.sinchisinchi.com\/wp-content\/uploads\/2024\/09\/0-Huni-Kuin-Kaxinawa-791x1024.jpg\" class=\"bg attachment-large size-large\" alt=\"Retrato frontal de un hombre Huni Kuin con tocado ceremonial de plumas de guacamayo, pintura facial de uruc\u00fa con dise\u00f1os kene y pectoral de mostacillas con patrones geom\u00e9tricos tradicionales\" \/>                        <div class=\"overlay\"><\/div>            \n                    <\/div>\n\t\t\n        <div class=\"banner-layers container\">\n            <div class=\"fill banner-link\"><\/div>            \n   <div id=\"text-box-1649748554\" class=\"text-box banner-layer x5 md-x5 lg-x5 y50 md-y50 lg-y50 res-text\">\n                                <div class=\"text-box-content text box-shadow-3\">\n              \n              <div class=\"text-inner text-left\">\n                  \n<h2 class=\"uppercase\"><strong>TRIBU<\/strong><\/h2>\n<h3>Huni Kuin<\/h3>\n<p>La tribu de los Huni Kuin habita en peque\u00f1as comunidades localizadas desde las faldas de los Andes peruanos hasta fronteras brasile\u00f1as, en los estados de Acre y Sur de Amazonas, abarcando el \u00e1rea del Alto Juru\u00e1, Purus y el valle del Javari.<\/p>\n<a href=\"https:\/\/www.sinchisinchi.com\/es\/tribus\/rape-huni-kuin-kaxinawa\/\" target=\"_blank\" class=\"button primary is-underline expand\" rel=\"noopener\" >\n\t\t<span>Tribu<\/span>\n\t<\/a>\n\n<a href=\"https:\/\/www.sinchisinchi.com\/es\/tribus\/rape-huni-kuin-kaxinawa\/videos\/\" target=\"_blank\" class=\"button primary is-underline expand\" rel=\"noopener\" >\n\t\t<span>V\u00eddeos<\/span>\n\t<\/a>\n\n<a href=\"https:\/\/www.sinchisinchi.com\/es\/tribus\/rape-huni-kuin-kaxinawa\/musica\/\" target=\"_blank\" class=\"button primary is-underline expand\" rel=\"noopener\" >\n\t\t<span>M\u00fasica<\/span>\n\t<\/a>\n\n              <\/div>\n           <\/div>\n                            \n<style>\n#text-box-1649748554 .text-box-content {\n  background-color: rgb(255, 255, 255);\n  font-size: 100%;\n}\n#text-box-1649748554 .text-inner {\n  padding: 30px 30px 30px 30px;\n}\n#text-box-1649748554 {\n  width: 60%;\n}\n@media (min-width:550px) {\n  #text-box-1649748554 {\n    width: 40%;\n  }\n}\n<\/style>\n    <\/div>\n \n        <\/div>\n      <\/div>\n\n              <div class=\"height-fix is-invisible\"><img loading=\"lazy\" decoding=\"async\" width=\"791\" height=\"1024\" src=\"https:\/\/www.sinchisinchi.com\/wp-content\/uploads\/2024\/09\/0-Huni-Kuin-Kaxinawa-791x1024.jpg\" class=\"attachment-large size-large\" alt=\"Retrato frontal de un hombre Huni Kuin con tocado ceremonial de plumas de guacamayo, pintura facial de uruc\u00fa con dise\u00f1os kene y pectoral de mostacillas con patrones geom\u00e9tricos tradicionales\" srcset=\"https:\/\/www.sinchisinchi.com\/wp-content\/uploads\/2024\/09\/0-Huni-Kuin-Kaxinawa-791x1024.jpg 791w, https:\/\/www.sinchisinchi.com\/wp-content\/uploads\/2024\/09\/0-Huni-Kuin-Kaxinawa-463x600.jpg 463w, https:\/\/www.sinchisinchi.com\/wp-content\/uploads\/2024\/09\/0-Huni-Kuin-Kaxinawa-768x995.jpg 768w, https:\/\/www.sinchisinchi.com\/wp-content\/uploads\/2024\/09\/0-Huni-Kuin-Kaxinawa-1186x1536.jpg 1186w, https:\/\/www.sinchisinchi.com\/wp-content\/uploads\/2024\/09\/0-Huni-Kuin-Kaxinawa-247x320.jpg 247w, https:\/\/www.sinchisinchi.com\/wp-content\/uploads\/2024\/09\/0-Huni-Kuin-Kaxinawa-510x661.jpg 510w, https:\/\/www.sinchisinchi.com\/wp-content\/uploads\/2024\/09\/0-Huni-Kuin-Kaxinawa.jpg 1581w\" sizes=\"auto, (max-width: 791px) 100vw, 791px\" \/><\/div>\n            \n<style>\n#banner-1076455572 .overlay {\n  background-color: rgba(190, 190, 190, 0.2);\n}\n#banner-1076455572 {\n  background-color: rgb(255, 255, 255);\n}\n<\/style>\n  <\/div>\n\n\n","protected":false},"excerpt":{"rendered":"<p style=\"font-weight: 400;\">El rap\u00e9 de Cacao es una mezcla exquisita que proporciona resistencia y vivacidad, as\u00ed como un profundo estado de bienestar y fuerza interior f\u00edsica y mental.\u00a0 Contiene el alcaloide <strong>teobromina<\/strong>, el cual es vasodilatador, diur\u00e9tico y estimulante del coraz\u00f3n.<\/p>\n<p style=\"font-weight: 400;\">El \u00e1rbol del Cacao <strong>(Theobroma Cacao)<\/strong> es originario de la cuenca del Amazonas, desde donde se extendi\u00f3 a otras partes de las Am\u00e9ricas y desde all\u00ed alrededor del mundo.<\/p>\n<p style=\"font-weight: 400;\">Su nombre cient\u00edfico proviene del griego y significa <strong>\u201cAlimento de los dioses\u201d<\/strong>, muy apropiado teniendo en cuenta sus valiosas propiedades.<\/p>\n<p style=\"font-weight: 400;\"><strong>-Propiedades y beneficios:<\/strong>\u00a0 El Rap\u00e9 de Cacau es especialmente indicado para ceremonias y procesos de introspecci\u00f3n. Extra fuerte, es un Rap\u00e9 con pocas cenizas y tonalidad terrosa.<\/p>\n<p style=\"font-weight: 400;\"><strong>-Intensidad:<\/strong> Variedad de Rap\u00e9 muy fuerte.<\/p>\n<p style=\"font-weight: 400;\"><strong>-Proporci\u00f3n:<\/strong> Muy alta proporci\u00f3n de Mapacho.<\/p>\n<p style=\"font-weight: 400;\"><strong>-Tribu:<\/strong>\u00a0 Esta hermosa receta es elaborada por la tribu Huni Kuin, (Tambi\u00e9n conocidos como Kaxinaw\u00e1, \u00a0caxinau\u00e1)<\/p>\n<p style=\"font-weight: 400;\"><strong>-Composici\u00f3n:<\/strong>\u00a0 Contiene cenizas del cacao natural silvestre de la regi\u00f3n, y a veces tambi\u00e9n se utilizan las vainas de la fruta. El cacao es una planta nativa de esta parte del Amazonas y crece silvestre a la orilla del r\u00edo.<\/p>\n<p style=\"font-weight: 400;\"><strong>-Tama\u00f1o:<\/strong>\u00a0 Frascos de 10 ml (8 a 9 gramos)<\/p>\n<p style=\"font-weight: 400;\"><strong>-Uso:<\/strong>\u00a0\u00a0 Curiosidad etnobot\u00e1nica.<\/p>\n","protected":false},"featured_media":11735,"template":"","meta":{"_joinchat":[]},"product_brand":[],"product_cat":[41],"product_tag":[],"class_list":{"0":"post-2064","1":"product","2":"type-product","3":"status-publish","4":"has-post-thumbnail","6":"product_cat-huni-kuin","8":"first","9":"instock","10":"taxable","11":"shipping-taxable","12":"purchasable","13":"product-type-variable","14":"has-default-attributes"},"yoast_head":"<!-- This site is optimized with the Yoast SEO plugin v27.4 - https:\/\/yoast.com\/product\/yoast-seo-wordpress\/ -->\n<title>SINCHI: Rap\u00e9 Cacau de la tribu Amaz\u00f3nica Huni Kuin<\/title>\n<meta name=\"description\" content=\"El Rap\u00e9 Cacau es especialmente indicado para ceremonias y procesos de introspecci\u00f3n. Extra fuerte, es un Rap\u00e9 con pocas cenizas y tonalidad terrosa.\" \/>\n<meta name=\"robots\" content=\"index, follow, max-snippet:-1, max-image-preview:large, max-video-preview:-1\" \/>\n<link rel=\"canonical\" href=\"https:\/\/www.sinchisinchi.com\/es\/producto\/rape-huni-kuin-cacao\/\" \/>\n<meta property=\"og:locale\" content=\"es_ES\" \/>\n<meta property=\"og:type\" content=\"article\" \/>\n<meta property=\"og:title\" content=\"SINCHI: Rap\u00e9 Cacau de la tribu Amaz\u00f3nica Huni Kuin\" \/>\n<meta property=\"og:description\" content=\"El Rap\u00e9 Cacau es especialmente indicado para ceremonias y procesos de introspecci\u00f3n. Extra fuerte, es un Rap\u00e9 con pocas cenizas y tonalidad terrosa.\" \/>\n<meta property=\"og:url\" content=\"https:\/\/www.sinchisinchi.com\/es\/producto\/rape-huni-kuin-cacao\/\" \/>\n<meta property=\"og:site_name\" content=\"SINCHI RAP\u00c9\" \/>\n<meta property=\"article:publisher\" content=\"https:\/\/www.facebook.com\/sinchirape\/\" \/>\n<meta property=\"article:modified_time\" content=\"2026-05-04T00:53:37+00:00\" \/>\n<meta property=\"og:image\" content=\"https:\/\/www.sinchisinchi.com\/wp-content\/uploads\/2020\/12\/15-Cacau.jpg\" \/>\n\t<meta property=\"og:image:width\" content=\"700\" \/>\n\t<meta property=\"og:image:height\" content=\"700\" \/>\n\t<meta property=\"og:image:type\" content=\"image\/jpeg\" \/>\n<meta name=\"twitter:card\" content=\"summary_large_image\" \/>\n<meta name=\"twitter:label1\" content=\"Tiempo de lectura\" \/>\n\t<meta name=\"twitter:data1\" content=\"1 minuto\" \/>\n<script type=\"application\/ld+json\" class=\"yoast-schema-graph\">{\"@context\":\"https:\\\/\\\/schema.org\",\"@graph\":[{\"@type\":\"WebPage\",\"@id\":\"https:\\\/\\\/www.sinchisinchi.com\\\/es\\\/producto\\\/rape-huni-kuin-cacao\\\/\",\"url\":\"https:\\\/\\\/www.sinchisinchi.com\\\/es\\\/producto\\\/rape-huni-kuin-cacao\\\/\",\"name\":\"SINCHI: Rap\u00e9 Cacau de la tribu Amaz\u00f3nica Huni Kuin\",\"isPartOf\":{\"@id\":\"https:\\\/\\\/www.sinchisinchi.com\\\/es\\\/#website\"},\"primaryImageOfPage\":{\"@id\":\"https:\\\/\\\/www.sinchisinchi.com\\\/es\\\/producto\\\/rape-huni-kuin-cacao\\\/#primaryimage\"},\"image\":{\"@id\":\"https:\\\/\\\/www.sinchisinchi.com\\\/es\\\/producto\\\/rape-huni-kuin-cacao\\\/#primaryimage\"},\"thumbnailUrl\":\"https:\\\/\\\/www.sinchisinchi.com\\\/wp-content\\\/uploads\\\/2020\\\/12\\\/15-Cacau.jpg\",\"datePublished\":\"2020-12-06T22:25:34+00:00\",\"dateModified\":\"2026-05-04T00:53:37+00:00\",\"description\":\"El Rap\u00e9 Cacau es especialmente indicado para ceremonias y procesos de introspecci\u00f3n. Extra fuerte, es un Rap\u00e9 con pocas cenizas y tonalidad terrosa.\",\"breadcrumb\":{\"@id\":\"https:\\\/\\\/www.sinchisinchi.com\\\/es\\\/producto\\\/rape-huni-kuin-cacao\\\/#breadcrumb\"},\"inLanguage\":\"es\",\"potentialAction\":[{\"@type\":\"ReadAction\",\"target\":[\"https:\\\/\\\/www.sinchisinchi.com\\\/es\\\/producto\\\/rape-huni-kuin-cacao\\\/\"]}]},{\"@type\":\"ImageObject\",\"inLanguage\":\"es\",\"@id\":\"https:\\\/\\\/www.sinchisinchi.com\\\/es\\\/producto\\\/rape-huni-kuin-cacao\\\/#primaryimage\",\"url\":\"https:\\\/\\\/www.sinchisinchi.com\\\/wp-content\\\/uploads\\\/2020\\\/12\\\/15-Cacau.jpg\",\"contentUrl\":\"https:\\\/\\\/www.sinchisinchi.com\\\/wp-content\\\/uploads\\\/2020\\\/12\\\/15-Cacau.jpg\",\"width\":700,\"height\":700},{\"@type\":\"BreadcrumbList\",\"@id\":\"https:\\\/\\\/www.sinchisinchi.com\\\/es\\\/producto\\\/rape-huni-kuin-cacao\\\/#breadcrumb\",\"itemListElement\":[{\"@type\":\"ListItem\",\"position\":1,\"name\":\"Prima pagina\",\"item\":\"https:\\\/\\\/www.sinchisinchi.com\\\/es\\\/\"},{\"@type\":\"ListItem\",\"position\":2,\"name\":\"Productos\",\"item\":\"https:\\\/\\\/www.sinchisinchi.com\\\/es\\\/shop\\\/\"},{\"@type\":\"ListItem\",\"position\":3,\"name\":\"Huni Kuin Cacau\"}]},{\"@type\":\"WebSite\",\"@id\":\"https:\\\/\\\/www.sinchisinchi.com\\\/es\\\/#website\",\"url\":\"https:\\\/\\\/www.sinchisinchi.com\\\/es\\\/\",\"name\":\"SINCHI\",\"description\":\"Sinchi Medicine\",\"publisher\":{\"@id\":\"https:\\\/\\\/www.sinchisinchi.com\\\/es\\\/#organization\"},\"potentialAction\":[{\"@type\":\"SearchAction\",\"target\":{\"@type\":\"EntryPoint\",\"urlTemplate\":\"https:\\\/\\\/www.sinchisinchi.com\\\/es\\\/?s={search_term_string}\"},\"query-input\":{\"@type\":\"PropertyValueSpecification\",\"valueRequired\":true,\"valueName\":\"search_term_string\"}}],\"inLanguage\":\"es\"},{\"@type\":\"Organization\",\"@id\":\"https:\\\/\\\/www.sinchisinchi.com\\\/es\\\/#organization\",\"name\":\"SINCHI S.L\",\"url\":\"https:\\\/\\\/www.sinchisinchi.com\\\/es\\\/\",\"logo\":{\"@type\":\"ImageObject\",\"inLanguage\":\"es\",\"@id\":\"https:\\\/\\\/www.sinchisinchi.com\\\/es\\\/#\\\/schema\\\/logo\\\/image\\\/\",\"url\":\"https:\\\/\\\/www.sinchisinchi.com\\\/wp-content\\\/uploads\\\/2026\\\/01\\\/3b-Verde-SIMPLIFICADO-HORIZONTAL-F-TRANSPARENTE-scaled.png\",\"contentUrl\":\"https:\\\/\\\/www.sinchisinchi.com\\\/wp-content\\\/uploads\\\/2026\\\/01\\\/3b-Verde-SIMPLIFICADO-HORIZONTAL-F-TRANSPARENTE-scaled.png\",\"width\":2560,\"height\":457,\"caption\":\"SINCHI S.L\"},\"image\":{\"@id\":\"https:\\\/\\\/www.sinchisinchi.com\\\/es\\\/#\\\/schema\\\/logo\\\/image\\\/\"},\"sameAs\":[\"https:\\\/\\\/www.facebook.com\\\/sinchirape\\\/\",\"https:\\\/\\\/www.instagram.com\\\/sinchi_rape\\\/\"]}]}<\/script>\n<!-- \/ Yoast SEO plugin. -->","yoast_head_json":{"title":"SINCHI: Rap\u00e9 Cacau de la tribu Amaz\u00f3nica Huni Kuin","description":"El Rap\u00e9 Cacau es especialmente indicado para ceremonias y procesos de introspecci\u00f3n. Extra fuerte, es un Rap\u00e9 con pocas cenizas y tonalidad terrosa.","robots":{"index":"index","follow":"follow","max-snippet":"max-snippet:-1","max-image-preview":"max-image-preview:large","max-video-preview":"max-video-preview:-1"},"canonical":"https:\/\/www.sinchisinchi.com\/es\/producto\/rape-huni-kuin-cacao\/","og_locale":"es_ES","og_type":"article","og_title":"SINCHI: Rap\u00e9 Cacau de la tribu Amaz\u00f3nica Huni Kuin","og_description":"El Rap\u00e9 Cacau es especialmente indicado para ceremonias y procesos de introspecci\u00f3n. Extra fuerte, es un Rap\u00e9 con pocas cenizas y tonalidad terrosa.","og_url":"https:\/\/www.sinchisinchi.com\/es\/producto\/rape-huni-kuin-cacao\/","og_site_name":"SINCHI RAP\u00c9","article_publisher":"https:\/\/www.facebook.com\/sinchirape\/","article_modified_time":"2026-05-04T00:53:37+00:00","og_image":[{"width":700,"height":700,"url":"https:\/\/www.sinchisinchi.com\/wp-content\/uploads\/2020\/12\/15-Cacau.jpg","type":"image\/jpeg"}],"twitter_card":"summary_large_image","twitter_misc":{"Tiempo de lectura":"1 minuto"},"schema":{"@context":"https:\/\/schema.org","@graph":[{"@type":"WebPage","@id":"https:\/\/www.sinchisinchi.com\/es\/producto\/rape-huni-kuin-cacao\/","url":"https:\/\/www.sinchisinchi.com\/es\/producto\/rape-huni-kuin-cacao\/","name":"SINCHI: Rap\u00e9 Cacau de la tribu Amaz\u00f3nica Huni Kuin","isPartOf":{"@id":"https:\/\/www.sinchisinchi.com\/es\/#website"},"primaryImageOfPage":{"@id":"https:\/\/www.sinchisinchi.com\/es\/producto\/rape-huni-kuin-cacao\/#primaryimage"},"image":{"@id":"https:\/\/www.sinchisinchi.com\/es\/producto\/rape-huni-kuin-cacao\/#primaryimage"},"thumbnailUrl":"https:\/\/www.sinchisinchi.com\/wp-content\/uploads\/2020\/12\/15-Cacau.jpg","datePublished":"2020-12-06T22:25:34+00:00","dateModified":"2026-05-04T00:53:37+00:00","description":"El Rap\u00e9 Cacau es especialmente indicado para ceremonias y procesos de introspecci\u00f3n. Extra fuerte, es un Rap\u00e9 con pocas cenizas y tonalidad terrosa.","breadcrumb":{"@id":"https:\/\/www.sinchisinchi.com\/es\/producto\/rape-huni-kuin-cacao\/#breadcrumb"},"inLanguage":"es","potentialAction":[{"@type":"ReadAction","target":["https:\/\/www.sinchisinchi.com\/es\/producto\/rape-huni-kuin-cacao\/"]}]},{"@type":"ImageObject","inLanguage":"es","@id":"https:\/\/www.sinchisinchi.com\/es\/producto\/rape-huni-kuin-cacao\/#primaryimage","url":"https:\/\/www.sinchisinchi.com\/wp-content\/uploads\/2020\/12\/15-Cacau.jpg","contentUrl":"https:\/\/www.sinchisinchi.com\/wp-content\/uploads\/2020\/12\/15-Cacau.jpg","width":700,"height":700},{"@type":"BreadcrumbList","@id":"https:\/\/www.sinchisinchi.com\/es\/producto\/rape-huni-kuin-cacao\/#breadcrumb","itemListElement":[{"@type":"ListItem","position":1,"name":"Prima pagina","item":"https:\/\/www.sinchisinchi.com\/es\/"},{"@type":"ListItem","position":2,"name":"Productos","item":"https:\/\/www.sinchisinchi.com\/es\/shop\/"},{"@type":"ListItem","position":3,"name":"Huni Kuin Cacau"}]},{"@type":"WebSite","@id":"https:\/\/www.sinchisinchi.com\/es\/#website","url":"https:\/\/www.sinchisinchi.com\/es\/","name":"SINCHI","description":"Sinchi Medicine","publisher":{"@id":"https:\/\/www.sinchisinchi.com\/es\/#organization"},"potentialAction":[{"@type":"SearchAction","target":{"@type":"EntryPoint","urlTemplate":"https:\/\/www.sinchisinchi.com\/es\/?s={search_term_string}"},"query-input":{"@type":"PropertyValueSpecification","valueRequired":true,"valueName":"search_term_string"}}],"inLanguage":"es"},{"@type":"Organization","@id":"https:\/\/www.sinchisinchi.com\/es\/#organization","name":"SINCHI S.L","url":"https:\/\/www.sinchisinchi.com\/es\/","logo":{"@type":"ImageObject","inLanguage":"es","@id":"https:\/\/www.sinchisinchi.com\/es\/#\/schema\/logo\/image\/","url":"https:\/\/www.sinchisinchi.com\/wp-content\/uploads\/2026\/01\/3b-Verde-SIMPLIFICADO-HORIZONTAL-F-TRANSPARENTE-scaled.png","contentUrl":"https:\/\/www.sinchisinchi.com\/wp-content\/uploads\/2026\/01\/3b-Verde-SIMPLIFICADO-HORIZONTAL-F-TRANSPARENTE-scaled.png","width":2560,"height":457,"caption":"SINCHI S.L"},"image":{"@id":"https:\/\/www.sinchisinchi.com\/es\/#\/schema\/logo\/image\/"},"sameAs":["https:\/\/www.facebook.com\/sinchirape\/","https:\/\/www.instagram.com\/sinchi_rape\/"]}]}},"_links":{"self":[{"href":"https:\/\/www.sinchisinchi.com\/es\/wp-json\/wp\/v2\/product\/2064","targetHints":{"allow":["GET"]}}],"collection":[{"href":"https:\/\/www.sinchisinchi.com\/es\/wp-json\/wp\/v2\/product"}],"about":[{"href":"https:\/\/www.sinchisinchi.com\/es\/wp-json\/wp\/v2\/types\/product"}],"wp:featuredmedia":[{"embeddable":true,"href":"https:\/\/www.sinchisinchi.com\/es\/wp-json\/wp\/v2\/media\/11735"}],"wp:attachment":[{"href":"https:\/\/www.sinchisinchi.com\/es\/wp-json\/wp\/v2\/media?parent=2064"}],"wp:term":[{"taxonomy":"product_brand","embeddable":true,"href":"https:\/\/www.sinchisinchi.com\/es\/wp-json\/wp\/v2\/product_brand?post=2064"},{"taxonomy":"product_cat","embeddable":true,"href":"https:\/\/www.sinchisinchi.com\/es\/wp-json\/wp\/v2\/product_cat?post=2064"},{"taxonomy":"product_tag","embeddable":true,"href":"https:\/\/www.sinchisinchi.com\/es\/wp-json\/wp\/v2\/product_tag?post=2064"}],"curies":[{"name":"wp","href":"https:\/\/api.w.org\/{rel}","templated":true}]}}