{"id":2363,"date":"2019-04-04T02:06:08","date_gmt":"2019-04-04T02:06:08","guid":{"rendered":"https:\/\/www.sinchisinchi.com\/producto\/canela-de-velho-rape\/"},"modified":"2024-05-06T08:10:53","modified_gmt":"2024-05-06T08:10:53","slug":"canela-de-velho-rape","status":"publish","type":"product","link":"https:\/\/www.sinchisinchi.com\/es\/producto\/canela-de-velho-rape\/","title":{"rendered":"Rap\u00e9 Canela de Velho"},"content":{"rendered":"<h2 style=\"text-align: center;\">Canela de Velho Tree<\/h2>\r\nCanela de Velho rap\u00e9 is made from the beloved ash from the bark of the Canela de Velho tree (Miconia albicans). Canela de Velho, is a shrubby plant (0.7-3 m tall) of the Melastomataceae family, which is native to North and South America.\r\n\r\n<img loading=\"lazy\" decoding=\"async\" class=\"aligncenter\" title=\"canela-de-velho\" src=\"https:\/\/www.sinchisinchi.com\/wp-content\/uploads\/2019\/04\/canela-de-velho.jpg\" alt=\"canela-de-velho\" width=\"600\" height=\"310\" \/>\r\n\r\nCanela de Velho has been used as a remedy for a wide variety of chronic pain in the knees, spine and joints for centuries.\r\n\r\nParts used: Aerial parts of the plant (leaves) to consume in the form of tea, and bark to make tobacco.\r\nActive principles: flavonoids and triterpenic compounds (oleanolic acid and ursolic acid).\r\n\r\n&nbsp;\r\n\r\n<a href=\"https:\/\/www.sinchisinchi.com\/amazon-tribes\/kuntanawa\/\" target=\"_blank\" rel=\"https:\/\/www.sinchisinchi.com\/es\/tribus-del-amazonas\/kuntanawa\/ noopener\"><img loading=\"lazy\" decoding=\"async\" class=\"alignnone wp-image-2226 size-large\" src=\"https:\/\/www.sinchisinchi.com\/wp-content\/uploads\/2020\/02\/kuntanawa-tribe-1024x683.jpg\" alt=\"fotograf\u00eda de la tribu Kuntanawa\" width=\"1024\" height=\"683\" srcset=\"https:\/\/www.sinchisinchi.com\/wp-content\/uploads\/2020\/02\/kuntanawa-tribe-1024x683.jpg 1024w, https:\/\/www.sinchisinchi.com\/wp-content\/uploads\/2020\/02\/kuntanawa-tribe-247x165.jpg 247w, https:\/\/www.sinchisinchi.com\/wp-content\/uploads\/2020\/02\/kuntanawa-tribe-510x340.jpg 510w, https:\/\/www.sinchisinchi.com\/wp-content\/uploads\/2020\/02\/kuntanawa-tribe-300x200.jpg 300w, https:\/\/www.sinchisinchi.com\/wp-content\/uploads\/2020\/02\/kuntanawa-tribe-768x512.jpg 768w, https:\/\/www.sinchisinchi.com\/wp-content\/uploads\/2020\/02\/kuntanawa-tribe-1536x1024.jpg 1536w, https:\/\/www.sinchisinchi.com\/wp-content\/uploads\/2020\/02\/kuntanawa-tribe-600x400.jpg 600w, https:\/\/www.sinchisinchi.com\/wp-content\/uploads\/2020\/02\/kuntanawa-tribe.jpg 2048w\" sizes=\"auto, (max-width: 1024px) 100vw, 1024px\" \/><\/a>\r\n<h2 style=\"text-align: center;\">Kuntanawa tribe<\/h2>\r\nThe Kuntanawa tribe, or as they call themselves \u201cCoconut People\u201d, have always used plants to connect with beings and spirits of the forest, through them they learned to heal their tribe with their own traditional medicines, and always they have defended their spirituality as their principle of existence.\n","protected":false},"excerpt":{"rendered":"<p>Rap\u00e9 Canela de Velho is one of the strongest of the varieties available. It&#8217;s deep, it brings great grounding, and it&#8217;s very intense; overwhelming even. It performs a deep physical and energetic cleanse, so the purge is quite possible.<\/p>\n<p>Prayer and intention must play an important role in the use of any Rap\u00e9, and in this particular one it is fundamental.<\/p>\n<p>It is recommended to find a comfortable and suitable space, and time to integrate its effect. It is wise to start with a small amount and increase it as you become familiar with the medicine.<\/p>\n<p>&nbsp;<\/p>\n<p><strong>-Tribe:<\/strong> Made by the Kuntanawa tribe<\/p>\n<p><strong>-Composition:<\/strong> It is made with the precious ash from the bark of the Cinnamon tree (Miconia albicans), Amazonian tobacco, and other sacred medicinal plants of the Amazon.<\/p>\n<p><strong>-Size:<\/strong> 10 ml bottles (8 to 9 grams)<\/p>\n<p><strong>-Use:<\/strong> Ethnobotanical curiosity. Exclusive use for scientific, historical and ritualistic study.<\/p>\n","protected":false},"featured_media":0,"template":"","meta":{"_joinchat":[]},"product_brand":[],"product_cat":[83],"product_tag":[],"class_list":{"0":"post-2363","1":"product","2":"type-product","3":"status-publish","5":"product_cat-rape-2","7":"first","8":"instock","9":"taxable","10":"shipping-taxable","11":"purchasable","12":"product-type-simple"},"yoast_head":"<!-- This site is optimized with the Yoast SEO plugin v27.4 - https:\/\/yoast.com\/product\/yoast-seo-wordpress\/ -->\n<title>CANELA DE VELHO RAP\u00c9: Sacred Rap\u00e9 from the Amazon Online<\/title>\n<meta name=\"description\" content=\"Canela de Velho Rap\u00e9 is one of the strongest of the varieties available. It&#039;s deep, it brings great grounding.\" \/>\n<meta name=\"robots\" content=\"index, follow, max-snippet:-1, max-image-preview:large, max-video-preview:-1\" \/>\n<link rel=\"canonical\" href=\"https:\/\/www.sinchisinchi.com\/es\/producto\/canela-de-velho-rape\/\" \/>\n<meta property=\"og:locale\" content=\"es_ES\" \/>\n<meta property=\"og:type\" content=\"article\" \/>\n<meta property=\"og:title\" content=\"CANELA DE VELHO RAP\u00c9: Sacred Rap\u00e9 from the Amazon Online\" \/>\n<meta property=\"og:description\" content=\"Canela de Velho Rap\u00e9 is one of the strongest of the varieties available. It&#039;s deep, it brings great grounding.\" \/>\n<meta property=\"og:url\" content=\"https:\/\/www.sinchisinchi.com\/es\/producto\/canela-de-velho-rape\/\" \/>\n<meta property=\"og:site_name\" content=\"SINCHI RAP\u00c9\" \/>\n<meta property=\"article:publisher\" content=\"https:\/\/www.facebook.com\/sinchirape\/\" \/>\n<meta property=\"article:modified_time\" content=\"2024-05-06T08:10:53+00:00\" \/>\n<meta property=\"og:image\" content=\"https:\/\/www.sinchisinchi.com\/wp-content\/uploads\/2019\/04\/canela-de-velho.jpg\" \/>\n<meta name=\"twitter:card\" content=\"summary_large_image\" \/>\n<meta name=\"twitter:label1\" content=\"Tiempo de lectura\" \/>\n\t<meta name=\"twitter:data1\" content=\"2 minutos\" \/>\n<script type=\"application\/ld+json\" class=\"yoast-schema-graph\">{\"@context\":\"https:\\\/\\\/schema.org\",\"@graph\":[{\"@type\":\"WebPage\",\"@id\":\"https:\\\/\\\/www.sinchisinchi.com\\\/es\\\/producto\\\/canela-de-velho-rape\\\/\",\"url\":\"https:\\\/\\\/www.sinchisinchi.com\\\/es\\\/producto\\\/canela-de-velho-rape\\\/\",\"name\":\"CANELA DE VELHO RAP\u00c9: Sacred Rap\u00e9 from the Amazon Online\",\"isPartOf\":{\"@id\":\"https:\\\/\\\/www.sinchisinchi.com\\\/es\\\/#website\"},\"primaryImageOfPage\":{\"@id\":\"https:\\\/\\\/www.sinchisinchi.com\\\/es\\\/producto\\\/canela-de-velho-rape\\\/#primaryimage\"},\"image\":{\"@id\":\"https:\\\/\\\/www.sinchisinchi.com\\\/es\\\/producto\\\/canela-de-velho-rape\\\/#primaryimage\"},\"thumbnailUrl\":\"https:\\\/\\\/www.sinchisinchi.com\\\/wp-content\\\/uploads\\\/2019\\\/04\\\/canela-de-velho.jpg\",\"datePublished\":\"2019-04-04T02:06:08+00:00\",\"dateModified\":\"2024-05-06T08:10:53+00:00\",\"description\":\"Canela de Velho Rap\u00e9 is one of the strongest of the varieties available. It's deep, it brings great grounding.\",\"breadcrumb\":{\"@id\":\"https:\\\/\\\/www.sinchisinchi.com\\\/es\\\/producto\\\/canela-de-velho-rape\\\/#breadcrumb\"},\"inLanguage\":\"es\",\"potentialAction\":[{\"@type\":\"ReadAction\",\"target\":[\"https:\\\/\\\/www.sinchisinchi.com\\\/es\\\/producto\\\/canela-de-velho-rape\\\/\"]}]},{\"@type\":\"ImageObject\",\"inLanguage\":\"es\",\"@id\":\"https:\\\/\\\/www.sinchisinchi.com\\\/es\\\/producto\\\/canela-de-velho-rape\\\/#primaryimage\",\"url\":\"https:\\\/\\\/www.sinchisinchi.com\\\/wp-content\\\/uploads\\\/2019\\\/04\\\/canela-de-velho.jpg\",\"contentUrl\":\"https:\\\/\\\/www.sinchisinchi.com\\\/wp-content\\\/uploads\\\/2019\\\/04\\\/canela-de-velho.jpg\"},{\"@type\":\"BreadcrumbList\",\"@id\":\"https:\\\/\\\/www.sinchisinchi.com\\\/es\\\/producto\\\/canela-de-velho-rape\\\/#breadcrumb\",\"itemListElement\":[{\"@type\":\"ListItem\",\"position\":1,\"name\":\"Prima pagina\",\"item\":\"https:\\\/\\\/www.sinchisinchi.com\\\/es\\\/\"},{\"@type\":\"ListItem\",\"position\":2,\"name\":\"Productos\",\"item\":\"https:\\\/\\\/www.sinchisinchi.com\\\/es\\\/shop\\\/\"},{\"@type\":\"ListItem\",\"position\":3,\"name\":\"Rap\u00e9 Canela de Velho\"}]},{\"@type\":\"WebSite\",\"@id\":\"https:\\\/\\\/www.sinchisinchi.com\\\/es\\\/#website\",\"url\":\"https:\\\/\\\/www.sinchisinchi.com\\\/es\\\/\",\"name\":\"SINCHI\",\"description\":\"Sinchi Medicine\",\"publisher\":{\"@id\":\"https:\\\/\\\/www.sinchisinchi.com\\\/es\\\/#organization\"},\"potentialAction\":[{\"@type\":\"SearchAction\",\"target\":{\"@type\":\"EntryPoint\",\"urlTemplate\":\"https:\\\/\\\/www.sinchisinchi.com\\\/es\\\/?s={search_term_string}\"},\"query-input\":{\"@type\":\"PropertyValueSpecification\",\"valueRequired\":true,\"valueName\":\"search_term_string\"}}],\"inLanguage\":\"es\"},{\"@type\":\"Organization\",\"@id\":\"https:\\\/\\\/www.sinchisinchi.com\\\/es\\\/#organization\",\"name\":\"SINCHI S.L\",\"url\":\"https:\\\/\\\/www.sinchisinchi.com\\\/es\\\/\",\"logo\":{\"@type\":\"ImageObject\",\"inLanguage\":\"es\",\"@id\":\"https:\\\/\\\/www.sinchisinchi.com\\\/es\\\/#\\\/schema\\\/logo\\\/image\\\/\",\"url\":\"https:\\\/\\\/www.sinchisinchi.com\\\/wp-content\\\/uploads\\\/2026\\\/01\\\/3b-Verde-SIMPLIFICADO-HORIZONTAL-F-TRANSPARENTE-scaled.png\",\"contentUrl\":\"https:\\\/\\\/www.sinchisinchi.com\\\/wp-content\\\/uploads\\\/2026\\\/01\\\/3b-Verde-SIMPLIFICADO-HORIZONTAL-F-TRANSPARENTE-scaled.png\",\"width\":2560,\"height\":457,\"caption\":\"SINCHI S.L\"},\"image\":{\"@id\":\"https:\\\/\\\/www.sinchisinchi.com\\\/es\\\/#\\\/schema\\\/logo\\\/image\\\/\"},\"sameAs\":[\"https:\\\/\\\/www.facebook.com\\\/sinchirape\\\/\",\"https:\\\/\\\/www.instagram.com\\\/sinchi_rape\\\/\"]}]}<\/script>\n<!-- \/ Yoast SEO plugin. -->","yoast_head_json":{"title":"CANELA DE VELHO RAP\u00c9: Sacred Rap\u00e9 from the Amazon Online","description":"Canela de Velho Rap\u00e9 is one of the strongest of the varieties available. It's deep, it brings great grounding.","robots":{"index":"index","follow":"follow","max-snippet":"max-snippet:-1","max-image-preview":"max-image-preview:large","max-video-preview":"max-video-preview:-1"},"canonical":"https:\/\/www.sinchisinchi.com\/es\/producto\/canela-de-velho-rape\/","og_locale":"es_ES","og_type":"article","og_title":"CANELA DE VELHO RAP\u00c9: Sacred Rap\u00e9 from the Amazon Online","og_description":"Canela de Velho Rap\u00e9 is one of the strongest of the varieties available. It's deep, it brings great grounding.","og_url":"https:\/\/www.sinchisinchi.com\/es\/producto\/canela-de-velho-rape\/","og_site_name":"SINCHI RAP\u00c9","article_publisher":"https:\/\/www.facebook.com\/sinchirape\/","article_modified_time":"2024-05-06T08:10:53+00:00","og_image":[{"url":"https:\/\/www.sinchisinchi.com\/wp-content\/uploads\/2019\/04\/canela-de-velho.jpg","type":"","width":"","height":""}],"twitter_card":"summary_large_image","twitter_misc":{"Tiempo de lectura":"2 minutos"},"schema":{"@context":"https:\/\/schema.org","@graph":[{"@type":"WebPage","@id":"https:\/\/www.sinchisinchi.com\/es\/producto\/canela-de-velho-rape\/","url":"https:\/\/www.sinchisinchi.com\/es\/producto\/canela-de-velho-rape\/","name":"CANELA DE VELHO RAP\u00c9: Sacred Rap\u00e9 from the Amazon Online","isPartOf":{"@id":"https:\/\/www.sinchisinchi.com\/es\/#website"},"primaryImageOfPage":{"@id":"https:\/\/www.sinchisinchi.com\/es\/producto\/canela-de-velho-rape\/#primaryimage"},"image":{"@id":"https:\/\/www.sinchisinchi.com\/es\/producto\/canela-de-velho-rape\/#primaryimage"},"thumbnailUrl":"https:\/\/www.sinchisinchi.com\/wp-content\/uploads\/2019\/04\/canela-de-velho.jpg","datePublished":"2019-04-04T02:06:08+00:00","dateModified":"2024-05-06T08:10:53+00:00","description":"Canela de Velho Rap\u00e9 is one of the strongest of the varieties available. It's deep, it brings great grounding.","breadcrumb":{"@id":"https:\/\/www.sinchisinchi.com\/es\/producto\/canela-de-velho-rape\/#breadcrumb"},"inLanguage":"es","potentialAction":[{"@type":"ReadAction","target":["https:\/\/www.sinchisinchi.com\/es\/producto\/canela-de-velho-rape\/"]}]},{"@type":"ImageObject","inLanguage":"es","@id":"https:\/\/www.sinchisinchi.com\/es\/producto\/canela-de-velho-rape\/#primaryimage","url":"https:\/\/www.sinchisinchi.com\/wp-content\/uploads\/2019\/04\/canela-de-velho.jpg","contentUrl":"https:\/\/www.sinchisinchi.com\/wp-content\/uploads\/2019\/04\/canela-de-velho.jpg"},{"@type":"BreadcrumbList","@id":"https:\/\/www.sinchisinchi.com\/es\/producto\/canela-de-velho-rape\/#breadcrumb","itemListElement":[{"@type":"ListItem","position":1,"name":"Prima pagina","item":"https:\/\/www.sinchisinchi.com\/es\/"},{"@type":"ListItem","position":2,"name":"Productos","item":"https:\/\/www.sinchisinchi.com\/es\/shop\/"},{"@type":"ListItem","position":3,"name":"Rap\u00e9 Canela de Velho"}]},{"@type":"WebSite","@id":"https:\/\/www.sinchisinchi.com\/es\/#website","url":"https:\/\/www.sinchisinchi.com\/es\/","name":"SINCHI","description":"Sinchi Medicine","publisher":{"@id":"https:\/\/www.sinchisinchi.com\/es\/#organization"},"potentialAction":[{"@type":"SearchAction","target":{"@type":"EntryPoint","urlTemplate":"https:\/\/www.sinchisinchi.com\/es\/?s={search_term_string}"},"query-input":{"@type":"PropertyValueSpecification","valueRequired":true,"valueName":"search_term_string"}}],"inLanguage":"es"},{"@type":"Organization","@id":"https:\/\/www.sinchisinchi.com\/es\/#organization","name":"SINCHI S.L","url":"https:\/\/www.sinchisinchi.com\/es\/","logo":{"@type":"ImageObject","inLanguage":"es","@id":"https:\/\/www.sinchisinchi.com\/es\/#\/schema\/logo\/image\/","url":"https:\/\/www.sinchisinchi.com\/wp-content\/uploads\/2026\/01\/3b-Verde-SIMPLIFICADO-HORIZONTAL-F-TRANSPARENTE-scaled.png","contentUrl":"https:\/\/www.sinchisinchi.com\/wp-content\/uploads\/2026\/01\/3b-Verde-SIMPLIFICADO-HORIZONTAL-F-TRANSPARENTE-scaled.png","width":2560,"height":457,"caption":"SINCHI S.L"},"image":{"@id":"https:\/\/www.sinchisinchi.com\/es\/#\/schema\/logo\/image\/"},"sameAs":["https:\/\/www.facebook.com\/sinchirape\/","https:\/\/www.instagram.com\/sinchi_rape\/"]}]}},"_links":{"self":[{"href":"https:\/\/www.sinchisinchi.com\/es\/wp-json\/wp\/v2\/product\/2363","targetHints":{"allow":["GET"]}}],"collection":[{"href":"https:\/\/www.sinchisinchi.com\/es\/wp-json\/wp\/v2\/product"}],"about":[{"href":"https:\/\/www.sinchisinchi.com\/es\/wp-json\/wp\/v2\/types\/product"}],"wp:attachment":[{"href":"https:\/\/www.sinchisinchi.com\/es\/wp-json\/wp\/v2\/media?parent=2363"}],"wp:term":[{"taxonomy":"product_brand","embeddable":true,"href":"https:\/\/www.sinchisinchi.com\/es\/wp-json\/wp\/v2\/product_brand?post=2363"},{"taxonomy":"product_cat","embeddable":true,"href":"https:\/\/www.sinchisinchi.com\/es\/wp-json\/wp\/v2\/product_cat?post=2363"},{"taxonomy":"product_tag","embeddable":true,"href":"https:\/\/www.sinchisinchi.com\/es\/wp-json\/wp\/v2\/product_tag?post=2363"}],"curies":[{"name":"wp","href":"https:\/\/api.w.org\/{rel}","templated":true}]}}