{"id":255,"date":"2018-12-09T01:14:50","date_gmt":"2018-12-09T01:14:50","guid":{"rendered":"https:\/\/www.sinchisinchi.com\/?post_type=product&#038;p=255"},"modified":"2026-03-26T10:33:52","modified_gmt":"2026-03-26T10:33:52","slug":"sananga-comprar","status":"publish","type":"product","link":"https:\/\/www.sinchisinchi.com\/es\/producto\/sananga-comprar\/","title":{"rendered":"Sananga"},"content":{"rendered":"<div class=\"row\"  id=\"row-354205685\">\n\n\t<div id=\"col-2088393973\" class=\"col medium-3 small-12 large-3\"  >\n\t\t\t\t<div class=\"col-inner\"  >\n\t\t\t\n\t\t\t\n\t\t<\/div>\n\t\t\t\t\t<\/div>\n\n\t\n\n\t<div id=\"col-1726269709\" class=\"col medium-6 small-12 large-6\"  >\n\t\t\t\t<div class=\"col-inner\"  >\n\t\t\t\n\t\t\t\n\t<div class=\"img has-hover x md-x lg-x y md-y lg-y\" id=\"image_644281005\">\n\t\t\t\t\t\t\t\t<div class=\"img-inner dark\" >\n\t\t\t<img loading=\"lazy\" decoding=\"async\" width=\"500\" height=\"333\" src=\"https:\/\/www.sinchisinchi.com\/wp-content\/uploads\/2018\/12\/img_7129.jpg\" class=\"attachment-large size-large\" alt=\"Sananga comprar online\" srcset=\"https:\/\/www.sinchisinchi.com\/wp-content\/uploads\/2018\/12\/img_7129.jpg 500w, https:\/\/www.sinchisinchi.com\/wp-content\/uploads\/2018\/12\/img_7129-247x165.jpg 247w, https:\/\/www.sinchisinchi.com\/wp-content\/uploads\/2018\/12\/img_7129-300x200.jpg 300w\" sizes=\"auto, (max-width: 500px) 100vw, 500px\" \/>\t\t\t\t\t\t\n\t\t\t\t\t<\/div>\n\t\t\t\t\t\t\t\t\n<style>\n#image_644281005 {\n  width: 100%;\n}\n<\/style>\n\t<\/div>\n\t\n\t\t<\/div>\n\t\t\t\t\t<\/div>\n\n\t\n\n\t<div id=\"col-1603974135\" class=\"col medium-3 small-12 large-3\"  >\n\t\t\t\t<div class=\"col-inner\"  >\n\t\t\t\n\t\t\t\n\t\t<\/div>\n\t\t\t\t\t<\/div>\n\n\t\n<\/div>\n\t<div id=\"gap-1363910308\" class=\"gap-element clearfix\" style=\"display:block; height:auto;\">\n\t\t\n<style>\n#gap-1363910308 {\n  padding-top: 30px;\n}\n<\/style>\n\t<\/div>\n\t\n<h2 style=\"font-weight: 400; text-align: center;\"><strong>La planta Sananga: \u00bfQu\u00e9 es?<\/strong><\/h2>\n<p style=\"font-weight: 400;\"><strong>Sananga o Cyperus articulatus,<\/strong> es una planta\u00a0 tropical que crece a lo largo de los r\u00edos amaz\u00f3nicos y pertenece a la familia de las Cyperaceae.<\/p>\n<p style=\"font-weight: 400;\">Sananga es una planta amaz\u00f3nica nativa, pero crece en muchas otras \u00e1reas tropicales, incluyendo \u00c1frica y Asia. Existen cerca de 30 tipos diferentes de Sananga, que pertenecen a tres especies: Eleutherine bulbosa, Cyperus articulatus y Cyperus prolixus Kunth .<\/p>\n<p style=\"font-weight: 400;\">Sananga es utilizado por las tribus ind\u00edgenas amaz\u00f3nicas para\u00a0<strong>mejorar la visi\u00f3n<\/strong>\u00a0y con ello sus habilidades de caza (usado como colirio), adem\u00e1s de usarse para diversos fines medicinales como el tratamiento de mordeduras de serpientes y fiebres.<\/p>\n\t<div id=\"gap-1320104394\" class=\"gap-element clearfix\" style=\"display:block; height:auto;\">\n\t\t\n<style>\n#gap-1320104394 {\n  padding-top: 30px;\n}\n<\/style>\n\t<\/div>\n\t\n<div class=\"row\"  id=\"row-988842730\">\n\n\t<div id=\"col-909368231\" class=\"col medium-1 small-12 large-1\"  >\n\t\t\t\t<div class=\"col-inner\"  >\n\t\t\t\n\t\t\t\n\t\t<\/div>\n\t\t\t\t\t<\/div>\n\n\t\n\n\t<div id=\"col-231493347\" class=\"col medium-10 small-12 large-10\"  >\n\t\t\t\t<div class=\"col-inner\"  >\n\t\t\t\n\t\t\t\n<div class=\"video video-fit mb\" style=\"padding-top:56.25%;\"><p><iframe loading=\"lazy\" title=\"Sananga Ceremony | My Experience\" width=\"1020\" height=\"574\" src=\"https:\/\/www.youtube.com\/embed\/ZdjIOGSMgv8?feature=oembed\" frameborder=\"0\" allow=\"accelerometer; autoplay; clipboard-write; encrypted-media; gyroscope; picture-in-picture; web-share\" referrerpolicy=\"strict-origin-when-cross-origin\" allowfullscreen><\/iframe><\/p>\n<\/div>\n\t\t<\/div>\n\t\t\t\t\t<\/div>\n\n\t\n\n\t<div id=\"col-2079072221\" class=\"col medium-1 small-12 large-1\"  >\n\t\t\t\t<div class=\"col-inner\"  >\n\t\t\t\n\t\t\t\n\t\t<\/div>\n\t\t\t\t\t<\/div>\n\n\t\n<\/div>\n\t<div id=\"gap-1247112983\" class=\"gap-element clearfix\" style=\"display:block; height:auto;\">\n\t\t\n<style>\n#gap-1247112983 {\n  padding-top: 30px;\n}\n<\/style>\n\t<\/div>\n\t\n<h2 style=\"font-weight: 400; text-align: center;\"><strong>Colirio de Sananga<\/strong><\/h2>\n<h3 style=\"font-weight: 400; text-align: center;\"><strong> Beneficios y Propiedades Medicinales:<\/strong><\/h3>\n<h4 style=\"font-weight: 400; text-align: center;\"><strong>Efectos del Sananga a Nivel Energ\u00e9tico<\/strong><\/h4>\n<p style=\"font-weight: 400;\">&#8211; Sananga ayuda a abrir la visi\u00f3n interior, el tercer ojo.<\/p>\n<p style=\"font-weight: 400;\">&#8211; Activa la gl\u00e1ndula pineal.<\/p>\n<p style=\"font-weight: 400;\">&#8211; Despeja la confusi\u00f3n mental.<\/p>\n<p style=\"font-weight: 400;\">&#8211; Ayuda a alinear y abrir los chakras, en particular el chakra del tercer ojo y la corona.<\/p>\n<p style=\"font-weight: 400;\">&#8211; Sananga ayuda a limpiar profundamente a nivel energ\u00e9tico, f\u00edsico, emocional y espiritual.<\/p>\n<p style=\"font-weight: 400;\">&#8211; Ayuda a liberar traumas pasados, liberando energ\u00edas negativas estancadas, cerrando agujeros en nuestros campos energ\u00e9ticos causados \u200b\u200bpor estilos de vida negativos.<\/p>\n<p style=\"font-weight: 400;\">&#8211; Elimina cargas y acumulaciones energ\u00e9ticas negativas.<\/p>\n<p style=\"font-weight: 400;\">&#8211; Potencia los sue\u00f1os l\u00facidos.<\/p>\n<p style=\"font-weight: 400;\">La tribu Shipibo tambi\u00e9n usa las gotas de Sananga para mejorar su capacidad de enfocarse en artesan\u00edas como la costura, la pintura, y el bordado de textiles, por los que son famosos. Desde una edad temprana, las mujeres Shipibo son iniciadas por sus madres y abuelas en esta pr\u00e1ctica. Un Shipiba dice: \u00abCuando yo era una ni\u00f1a peque\u00f1a, mi madre meti\u00f3 gotas de Sananga en mis ojos para que tuviera la visi\u00f3n para los dise\u00f1os de mis pinturas\u00bb.<\/p>\n<p style=\"font-weight: 400;\">Sananga se suele usar antes y durante las ceremonias de Ayahuasca, ya que despu\u00e9s de su uso como colirio, las visiones se hacen m\u00e1s claras y detalladas. Algunas tribus incluso usan Sananga como aditivo a su bebida de Ayahuasca.<\/p>\n<h4 style=\"font-weight: 400; text-align: center;\"><strong>Efectos del Sananga a Nivel F\u00edsico<\/strong><\/h4>\n<p style=\"font-weight: 400;\">Sananga tambi\u00e9n es de ayuda en algunas enfermedades psicosom\u00e1ticas, ya que los ojos son las ventanas desde las que percibimos este mundo. Por lo tanto, esta medicina natural ayuda equilibrar y sanar desajustes en la percepci\u00f3n de lo que sucede a nuestro alrededor, brindando armon\u00eda y la consiguiente sanaci\u00f3n espiritual, emocional y f\u00edsica.<\/p>\n<p style=\"font-weight: 400;\"><strong>Tradicionalmente, <\/strong>se usa para contrarrestar la malaria aplicado por infusi\u00f3n nasal. Cuando se utiliza para heridas, se corta y se aplica externamente. Para problemas digestivos o n\u00e1useas se aplica como tintura. Para la tos y las fiebres, y para su uso como antiveneno se aplica oralmente por decocci\u00f3n.<\/p>\n<p style=\"font-weight: 400;\">Las flores y las hojas se utilizan para hacer un t\u00e9 que tiene fuertes efectos afrodis\u00edacos y, adem\u00e1s, aumenta los sue\u00f1os l\u00facidos. Por \u00faltimo, cuando los rizomas secos se mezclan con tabaco y se fuman, se describen efectos alucin\u00f3genos.<\/p>\n<p style=\"font-weight: 400;\">Sananga tambi\u00e9n ayuda a aliviar los problemas dentales, a contrarrestar las heridas y curar diversas lesiones oculares. Alivia n\u00e1useas y v\u00f3mitos, ayuda con problemas intestinales\/digestivos y seda\/tranquiliza<\/p>\n<p style=\"font-weight: 400;\">Sananga se us\u00f3 ampliamente en la tribu Shipibo como anticonceptivo, como abortivo y para evitar el dolor en el propio parto, probablemente debido a su contenido en alcaloides de ergot.<\/p>\n\t<div id=\"gap-1189541957\" class=\"gap-element clearfix\" style=\"display:block; height:auto;\">\n\t\t\n<style>\n#gap-1189541957 {\n  padding-top: 30px;\n}\n<\/style>\n\t<\/div>\n\t\n<div class=\"row\"  id=\"row-208535691\">\n\n\t<div id=\"col-313568690\" class=\"col medium-2 small-12 large-2\"  >\n\t\t\t\t<div class=\"col-inner\"  >\n\t\t\t\n\t\t\t\n\t\t<\/div>\n\t\t\t\t\t<\/div>\n\n\t\n\n\t<div id=\"col-222540402\" class=\"col medium-7 small-12 large-7\"  >\n\t\t\t\t<div class=\"col-inner\"  >\n\t\t\t\n\t\t\t\n\t<div class=\"img has-hover x md-x lg-x y md-y lg-y\" id=\"image_559595808\">\n\t\t\t\t\t\t\t\t<div class=\"img-inner dark\" >\n\t\t\t<img loading=\"lazy\" decoding=\"async\" width=\"500\" height=\"250\" src=\"https:\/\/www.sinchisinchi.com\/wp-content\/uploads\/2018\/12\/sananga-comprar-2.jpg\" class=\"attachment-large size-large\" alt=\"sananga comprar online en Espa\u00f1a\" srcset=\"https:\/\/www.sinchisinchi.com\/wp-content\/uploads\/2018\/12\/sananga-comprar-2.jpg 500w, https:\/\/www.sinchisinchi.com\/wp-content\/uploads\/2018\/12\/sananga-comprar-2-247x124.jpg 247w, https:\/\/www.sinchisinchi.com\/wp-content\/uploads\/2018\/12\/sananga-comprar-2-300x150.jpg 300w\" sizes=\"auto, (max-width: 500px) 100vw, 500px\" \/>\t\t\t\t\t\t\n\t\t\t\t\t<\/div>\n\t\t\t\t\t\t\t\t\n<style>\n#image_559595808 {\n  width: 100%;\n}\n<\/style>\n\t<\/div>\n\t\n\t\t<\/div>\n\t\t\t\t\t<\/div>\n\n\t\n\n\t<div id=\"col-1552046388\" class=\"col medium-3 small-12 large-3\"  >\n\t\t\t\t<div class=\"col-inner\"  >\n\t\t\t\n\t\t\t\n\t\t<\/div>\n\t\t\t\t\t<\/div>\n\n\t\n<\/div>\n\t<div id=\"gap-61308086\" class=\"gap-element clearfix\" style=\"display:block; height:auto;\">\n\t\t\n<style>\n#gap-61308086 {\n  padding-top: 30px;\n}\n<\/style>\n\t<\/div>\n\t\n<h4 style=\"font-weight: 400; text-align: center;\"><strong>Aplicaci\u00f3n y Dosis<\/strong> <strong>de las gotas de Sananga<\/strong><\/h4>\n<p style=\"font-weight: 400;\">Se recomienda encontrar un lugar tranquilo y utilizar preferiblemente por la tarde, para que la vista pueda descansar.<\/p>\n<p style=\"font-weight: 400;\">Puede ser buena idea contar con un compa\u00f1ero que te ayude a aplicarlo.<\/p>\n<p style=\"font-weight: 400;\">Es recomendable acostarse para permitir una buena aplicaci\u00f3n, y dejar los ojos cerrados durante la sesi\u00f3n. De 1 a 2 gotas por ojo son suficientes para una sesi\u00f3n.<\/p>\n<p style=\"font-weight: 400;\">A continuaci\u00f3n, parpadea para distribuir el l\u00edquido. Es importante aplicarlo en ambos ojos para equilibrar el canal energ\u00e9tico.<\/p>\n<p style=\"font-weight: 400;\">Al ser aplicado, produce una sensaci\u00f3n de ardor que dura hasta tres minutos, seg\u00fan el estado del usuario y la frecuencia con que el individuo hace uso de Sananga. Este ardor da paso a una sensaci\u00f3n de integridad y presencia, profundamente inmerso en un momento atemporal.<\/p>\n<p style=\"font-weight: 400;\">A la ma\u00f1ana siguiente, se pueden sentir los ojos un poco sensibles y secos, puedes lavarlos con agua fr\u00eda y pasar\u00e1 pronto; es parte del proceso de limpieza que provoca el Sananga.<\/p>\n<h4 style=\"font-weight: 400; text-align: center;\"><strong>Principios activos del Sananga, Colirio Ancestral<\/strong><\/h4>\n<p style=\"font-weight: 400;\">\u00a0Sananga contiene varios alcaloides, incluyendo flavonoides, polifenoles, saponinas, taninos y terpenos, aunque su acci\u00f3n biol\u00f3gica se atribuye principalmente a cyperones.<\/p>\n<p style=\"font-weight: 400;\">Uno de los principios activos encontrados es la iboga\u00edna. Iboga\u00edna provoca una experiencia psicoactiva que puede llevar a algunas personas a transiciones y\/o visiones r\u00e1pidas.<\/p>\n<p style=\"font-weight: 400;\">El espectro completo de los efectos y los ingredientes bioactivos de esta planta todav\u00eda no se entienden completamente. Adem\u00e1s, como la planta no se reproduce por semillas sino por vegetaci\u00f3n, existen muchas subespecies diferentes de Sananga con diferente composici\u00f3n de alcaloides.<\/p>\n\t<div id=\"gap-720648752\" class=\"gap-element clearfix\" style=\"display:block; height:auto;\">\n\t\t\n<style>\n#gap-720648752 {\n  padding-top: 30px;\n}\n<\/style>\n\t<\/div>\n\t\n<div class=\"row\"  id=\"row-1803378481\">\n\n\t<div id=\"col-1025831048\" class=\"col medium-2 small-12 large-2\"  >\n\t\t\t\t<div class=\"col-inner\"  >\n\t\t\t\n\t\t\t\n\t\t<\/div>\n\t\t\t\t\t<\/div>\n\n\t\n\n\t<div id=\"col-1260569209\" class=\"col medium-8 small-12 large-8\"  >\n\t\t\t\t<div class=\"col-inner\"  >\n\t\t\t\n\t\t\t\n\t<div class=\"img has-hover x md-x lg-x y md-y lg-y\" id=\"image_1863959854\">\n\t\t\t\t\t\t\t\t<div class=\"img-inner dark\" >\n\t\t\t<img loading=\"lazy\" decoding=\"async\" width=\"1020\" height=\"631\" src=\"https:\/\/www.sinchisinchi.com\/wp-content\/uploads\/2018\/12\/ob_015fe0_tabernaemontana-undulata-8-1024x633.jpg\" class=\"attachment-large size-large\" alt=\"\" srcset=\"https:\/\/www.sinchisinchi.com\/wp-content\/uploads\/2018\/12\/ob_015fe0_tabernaemontana-undulata-8-1024x633.jpg 1024w, https:\/\/www.sinchisinchi.com\/wp-content\/uploads\/2018\/12\/ob_015fe0_tabernaemontana-undulata-8-600x371.jpg 600w, https:\/\/www.sinchisinchi.com\/wp-content\/uploads\/2018\/12\/ob_015fe0_tabernaemontana-undulata-8-768x475.jpg 768w, https:\/\/www.sinchisinchi.com\/wp-content\/uploads\/2018\/12\/ob_015fe0_tabernaemontana-undulata-8-1536x949.jpg 1536w, https:\/\/www.sinchisinchi.com\/wp-content\/uploads\/2018\/12\/ob_015fe0_tabernaemontana-undulata-8-247x153.jpg 247w, https:\/\/www.sinchisinchi.com\/wp-content\/uploads\/2018\/12\/ob_015fe0_tabernaemontana-undulata-8-510x315.jpg 510w, https:\/\/www.sinchisinchi.com\/wp-content\/uploads\/2018\/12\/ob_015fe0_tabernaemontana-undulata-8.jpg 1600w\" sizes=\"auto, (max-width: 1020px) 100vw, 1020px\" \/>\t\t\t\t\t\t\n\t\t\t\t\t<\/div>\n\t\t\t\t\t\t\t\t\n<style>\n#image_1863959854 {\n  width: 100%;\n}\n<\/style>\n\t<\/div>\n\t\n\t\t<\/div>\n\t\t\t\t\t<\/div>\n\n\t\n\n\t<div id=\"col-628331866\" class=\"col medium-2 small-12 large-2\"  >\n\t\t\t\t<div class=\"col-inner\"  >\n\t\t\t\n\t\t\t\n\t\t<\/div>\n\t\t\t\t\t<\/div>\n\n\t\n<\/div>\n\t<div id=\"gap-1377237764\" class=\"gap-element clearfix\" style=\"display:block; height:auto;\">\n\t\t\n<style>\n#gap-1377237764 {\n  padding-top: 30px;\n}\n<\/style>\n\t<\/div>\n\t\n<h4 style=\"font-weight: 400; text-align: center;\"><strong>Preparaci\u00f3n del Sananga, Medicina Ancestral<\/strong><\/h4>\n<p style=\"font-weight: 400;\">La receta m\u00e1s habitual es secar los rizomas o tallos y se pulverizarlos, despu\u00e9s se prepara como t\u00e9 o colirio. Sin embargo, cada tribu tiene su propia manera de usar esta planta m\u00e1gica. La tribu Shipibo, por ejemplo, tritura los rizomas frescos y extrae el jugo para hacer las gotas para los ojos.<\/p>\n<h4 style=\"font-weight: 400; text-align: center;\"><strong>Sananga y los Huni Kuin &#8211; Kaxinaw\u00e1<\/strong><\/h4>\n<p style=\"font-weight: 400; text-align: left;\">La tribu Kaxinaw\u00e1 tiene la tradici\u00f3n ancestral de usar una o dos gotas de sananga en cada ojo antes de ir a cazar; agudiza su vista, facilitando distinguir la caza incluso en la oscuridad. Adem\u00e1s de resaltar las texturas visuales, la profundidad, los colores; seg\u00fan los indios, ayuda al instinto cazador en su b\u00fasqueda de presas en la selva.<\/p>\n","protected":false},"excerpt":{"rendered":"<p><span style=\"color: #000000;\">Sananga<\/span><span style=\"color: #333333;\">\u00a0es una medicina ancestral amaz\u00f3nica que se usa en forma de gotas aplicadas sobre los ojos a modo de colirio.<\/span><\/p>\n<p><span style=\"color: #333333;\">En la Amazonia, el colirio de Sananga es extensamente usado por varias tribus, ya que los efectos del Sananga les ayuda a mejorar sus habilidades de caza, mejorando su visi\u00f3n en la oscuridad y la profundidad de campo,\u00a0 con una visi\u00f3n m\u00e1s n\u00edtida y refinada. \u00a0<\/span><\/p>\n<p>&nbsp;<\/p>\n<p><span style=\"color: #333333;\"><strong>Presentaci\u00f3n:<\/strong>\u00a05ml<\/span><\/p>\n<p><span style=\"color: #333333;\"><strong>Precauciones:<\/strong>\u00a0Las lentes de contacto deben retirarse antes de aplicar Sananga.<\/span><\/p>\n<p><span style=\"color: #333333;\"><strong>Almacenamiento:<\/strong>\u00a0Mantenga la botella refrigerada.<\/span><\/p>\n","protected":false},"featured_media":12334,"template":"","meta":{"_joinchat":[]},"product_brand":[],"product_cat":[296],"product_tag":[],"class_list":{"0":"post-255","1":"product","2":"type-product","3":"status-publish","4":"has-post-thumbnail","6":"product_cat-liquido","8":"first","9":"outofstock","10":"taxable","11":"shipping-taxable","12":"purchasable","13":"product-type-simple"},"yoast_head":"<!-- This site is optimized with the Yoast SEO plugin v27.4 - https:\/\/yoast.com\/product\/yoast-seo-wordpress\/ -->\n<title>Comprar Sananga: Colirio ancestral de tribus Amaz\u00f3nicas<\/title>\n<meta name=\"description\" content=\"Comprar sananga: En la Amazonia, Sananga es usado desde hace miles de a\u00f1os por las tribus para fortalecer la visi\u00f3n a todos los niveles.\" \/>\n<meta name=\"robots\" content=\"index, follow, max-snippet:-1, max-image-preview:large, max-video-preview:-1\" \/>\n<link rel=\"canonical\" href=\"https:\/\/www.sinchisinchi.com\/es\/producto\/sananga-comprar\/\" \/>\n<meta property=\"og:locale\" content=\"es_ES\" \/>\n<meta property=\"og:type\" content=\"article\" \/>\n<meta property=\"og:title\" content=\"Comprar Sananga: Colirio ancestral de tribus Amaz\u00f3nicas\" \/>\n<meta property=\"og:description\" content=\"Comprar sananga: En la Amazonia, Sananga es usado desde hace miles de a\u00f1os por las tribus para fortalecer la visi\u00f3n a todos los niveles.\" \/>\n<meta property=\"og:url\" content=\"https:\/\/www.sinchisinchi.com\/es\/producto\/sananga-comprar\/\" \/>\n<meta property=\"og:site_name\" content=\"SINCHI RAP\u00c9\" \/>\n<meta property=\"article:publisher\" content=\"https:\/\/www.facebook.com\/sinchirape\/\" \/>\n<meta property=\"article:modified_time\" content=\"2026-03-26T10:33:52+00:00\" \/>\n<meta property=\"og:image\" content=\"https:\/\/www.sinchisinchi.com\/wp-content\/uploads\/2018\/12\/3IR0008.jpg\" \/>\n\t<meta property=\"og:image:width\" content=\"700\" \/>\n\t<meta property=\"og:image:height\" content=\"700\" \/>\n\t<meta property=\"og:image:type\" content=\"image\/jpeg\" \/>\n<meta name=\"twitter:card\" content=\"summary_large_image\" \/>\n<meta name=\"twitter:label1\" content=\"Tiempo de lectura\" \/>\n\t<meta name=\"twitter:data1\" content=\"5 minutos\" \/>\n<script type=\"application\/ld+json\" class=\"yoast-schema-graph\">{\"@context\":\"https:\\\/\\\/schema.org\",\"@graph\":[{\"@type\":\"WebPage\",\"@id\":\"https:\\\/\\\/www.sinchisinchi.com\\\/es\\\/producto\\\/sananga-comprar\\\/\",\"url\":\"https:\\\/\\\/www.sinchisinchi.com\\\/es\\\/producto\\\/sananga-comprar\\\/\",\"name\":\"Comprar Sananga: Colirio ancestral de tribus Amaz\u00f3nicas\",\"isPartOf\":{\"@id\":\"https:\\\/\\\/www.sinchisinchi.com\\\/es\\\/#website\"},\"primaryImageOfPage\":{\"@id\":\"https:\\\/\\\/www.sinchisinchi.com\\\/es\\\/producto\\\/sananga-comprar\\\/#primaryimage\"},\"image\":{\"@id\":\"https:\\\/\\\/www.sinchisinchi.com\\\/es\\\/producto\\\/sananga-comprar\\\/#primaryimage\"},\"thumbnailUrl\":\"https:\\\/\\\/www.sinchisinchi.com\\\/wp-content\\\/uploads\\\/2018\\\/12\\\/3IR0008.jpg\",\"datePublished\":\"2018-12-09T01:14:50+00:00\",\"dateModified\":\"2026-03-26T10:33:52+00:00\",\"description\":\"Comprar sananga: En la Amazonia, Sananga es usado desde hace miles de a\u00f1os por las tribus para fortalecer la visi\u00f3n a todos los niveles.\",\"breadcrumb\":{\"@id\":\"https:\\\/\\\/www.sinchisinchi.com\\\/es\\\/producto\\\/sananga-comprar\\\/#breadcrumb\"},\"inLanguage\":\"es\",\"potentialAction\":[{\"@type\":\"ReadAction\",\"target\":[\"https:\\\/\\\/www.sinchisinchi.com\\\/es\\\/producto\\\/sananga-comprar\\\/\"]}]},{\"@type\":\"ImageObject\",\"inLanguage\":\"es\",\"@id\":\"https:\\\/\\\/www.sinchisinchi.com\\\/es\\\/producto\\\/sananga-comprar\\\/#primaryimage\",\"url\":\"https:\\\/\\\/www.sinchisinchi.com\\\/wp-content\\\/uploads\\\/2018\\\/12\\\/3IR0008.jpg\",\"contentUrl\":\"https:\\\/\\\/www.sinchisinchi.com\\\/wp-content\\\/uploads\\\/2018\\\/12\\\/3IR0008.jpg\",\"width\":700,\"height\":700},{\"@type\":\"BreadcrumbList\",\"@id\":\"https:\\\/\\\/www.sinchisinchi.com\\\/es\\\/producto\\\/sananga-comprar\\\/#breadcrumb\",\"itemListElement\":[{\"@type\":\"ListItem\",\"position\":1,\"name\":\"Prima pagina\",\"item\":\"https:\\\/\\\/www.sinchisinchi.com\\\/es\\\/\"},{\"@type\":\"ListItem\",\"position\":2,\"name\":\"Productos\",\"item\":\"https:\\\/\\\/www.sinchisinchi.com\\\/es\\\/shop\\\/\"},{\"@type\":\"ListItem\",\"position\":3,\"name\":\"Sananga\"}]},{\"@type\":\"WebSite\",\"@id\":\"https:\\\/\\\/www.sinchisinchi.com\\\/es\\\/#website\",\"url\":\"https:\\\/\\\/www.sinchisinchi.com\\\/es\\\/\",\"name\":\"SINCHI\",\"description\":\"Sinchi Medicine\",\"publisher\":{\"@id\":\"https:\\\/\\\/www.sinchisinchi.com\\\/es\\\/#organization\"},\"potentialAction\":[{\"@type\":\"SearchAction\",\"target\":{\"@type\":\"EntryPoint\",\"urlTemplate\":\"https:\\\/\\\/www.sinchisinchi.com\\\/es\\\/?s={search_term_string}\"},\"query-input\":{\"@type\":\"PropertyValueSpecification\",\"valueRequired\":true,\"valueName\":\"search_term_string\"}}],\"inLanguage\":\"es\"},{\"@type\":\"Organization\",\"@id\":\"https:\\\/\\\/www.sinchisinchi.com\\\/es\\\/#organization\",\"name\":\"SINCHI S.L\",\"url\":\"https:\\\/\\\/www.sinchisinchi.com\\\/es\\\/\",\"logo\":{\"@type\":\"ImageObject\",\"inLanguage\":\"es\",\"@id\":\"https:\\\/\\\/www.sinchisinchi.com\\\/es\\\/#\\\/schema\\\/logo\\\/image\\\/\",\"url\":\"https:\\\/\\\/www.sinchisinchi.com\\\/wp-content\\\/uploads\\\/2026\\\/01\\\/3b-Verde-SIMPLIFICADO-HORIZONTAL-F-TRANSPARENTE-scaled.png\",\"contentUrl\":\"https:\\\/\\\/www.sinchisinchi.com\\\/wp-content\\\/uploads\\\/2026\\\/01\\\/3b-Verde-SIMPLIFICADO-HORIZONTAL-F-TRANSPARENTE-scaled.png\",\"width\":2560,\"height\":457,\"caption\":\"SINCHI S.L\"},\"image\":{\"@id\":\"https:\\\/\\\/www.sinchisinchi.com\\\/es\\\/#\\\/schema\\\/logo\\\/image\\\/\"},\"sameAs\":[\"https:\\\/\\\/www.facebook.com\\\/sinchirape\\\/\",\"https:\\\/\\\/www.instagram.com\\\/sinchi_rape\\\/\"]}]}<\/script>\n<!-- \/ Yoast SEO plugin. -->","yoast_head_json":{"title":"Comprar Sananga: Colirio ancestral de tribus Amaz\u00f3nicas","description":"Comprar sananga: En la Amazonia, Sananga es usado desde hace miles de a\u00f1os por las tribus para fortalecer la visi\u00f3n a todos los niveles.","robots":{"index":"index","follow":"follow","max-snippet":"max-snippet:-1","max-image-preview":"max-image-preview:large","max-video-preview":"max-video-preview:-1"},"canonical":"https:\/\/www.sinchisinchi.com\/es\/producto\/sananga-comprar\/","og_locale":"es_ES","og_type":"article","og_title":"Comprar Sananga: Colirio ancestral de tribus Amaz\u00f3nicas","og_description":"Comprar sananga: En la Amazonia, Sananga es usado desde hace miles de a\u00f1os por las tribus para fortalecer la visi\u00f3n a todos los niveles.","og_url":"https:\/\/www.sinchisinchi.com\/es\/producto\/sananga-comprar\/","og_site_name":"SINCHI RAP\u00c9","article_publisher":"https:\/\/www.facebook.com\/sinchirape\/","article_modified_time":"2026-03-26T10:33:52+00:00","og_image":[{"width":700,"height":700,"url":"https:\/\/www.sinchisinchi.com\/wp-content\/uploads\/2018\/12\/3IR0008.jpg","type":"image\/jpeg"}],"twitter_card":"summary_large_image","twitter_misc":{"Tiempo de lectura":"5 minutos"},"schema":{"@context":"https:\/\/schema.org","@graph":[{"@type":"WebPage","@id":"https:\/\/www.sinchisinchi.com\/es\/producto\/sananga-comprar\/","url":"https:\/\/www.sinchisinchi.com\/es\/producto\/sananga-comprar\/","name":"Comprar Sananga: Colirio ancestral de tribus Amaz\u00f3nicas","isPartOf":{"@id":"https:\/\/www.sinchisinchi.com\/es\/#website"},"primaryImageOfPage":{"@id":"https:\/\/www.sinchisinchi.com\/es\/producto\/sananga-comprar\/#primaryimage"},"image":{"@id":"https:\/\/www.sinchisinchi.com\/es\/producto\/sananga-comprar\/#primaryimage"},"thumbnailUrl":"https:\/\/www.sinchisinchi.com\/wp-content\/uploads\/2018\/12\/3IR0008.jpg","datePublished":"2018-12-09T01:14:50+00:00","dateModified":"2026-03-26T10:33:52+00:00","description":"Comprar sananga: En la Amazonia, Sananga es usado desde hace miles de a\u00f1os por las tribus para fortalecer la visi\u00f3n a todos los niveles.","breadcrumb":{"@id":"https:\/\/www.sinchisinchi.com\/es\/producto\/sananga-comprar\/#breadcrumb"},"inLanguage":"es","potentialAction":[{"@type":"ReadAction","target":["https:\/\/www.sinchisinchi.com\/es\/producto\/sananga-comprar\/"]}]},{"@type":"ImageObject","inLanguage":"es","@id":"https:\/\/www.sinchisinchi.com\/es\/producto\/sananga-comprar\/#primaryimage","url":"https:\/\/www.sinchisinchi.com\/wp-content\/uploads\/2018\/12\/3IR0008.jpg","contentUrl":"https:\/\/www.sinchisinchi.com\/wp-content\/uploads\/2018\/12\/3IR0008.jpg","width":700,"height":700},{"@type":"BreadcrumbList","@id":"https:\/\/www.sinchisinchi.com\/es\/producto\/sananga-comprar\/#breadcrumb","itemListElement":[{"@type":"ListItem","position":1,"name":"Prima pagina","item":"https:\/\/www.sinchisinchi.com\/es\/"},{"@type":"ListItem","position":2,"name":"Productos","item":"https:\/\/www.sinchisinchi.com\/es\/shop\/"},{"@type":"ListItem","position":3,"name":"Sananga"}]},{"@type":"WebSite","@id":"https:\/\/www.sinchisinchi.com\/es\/#website","url":"https:\/\/www.sinchisinchi.com\/es\/","name":"SINCHI","description":"Sinchi Medicine","publisher":{"@id":"https:\/\/www.sinchisinchi.com\/es\/#organization"},"potentialAction":[{"@type":"SearchAction","target":{"@type":"EntryPoint","urlTemplate":"https:\/\/www.sinchisinchi.com\/es\/?s={search_term_string}"},"query-input":{"@type":"PropertyValueSpecification","valueRequired":true,"valueName":"search_term_string"}}],"inLanguage":"es"},{"@type":"Organization","@id":"https:\/\/www.sinchisinchi.com\/es\/#organization","name":"SINCHI S.L","url":"https:\/\/www.sinchisinchi.com\/es\/","logo":{"@type":"ImageObject","inLanguage":"es","@id":"https:\/\/www.sinchisinchi.com\/es\/#\/schema\/logo\/image\/","url":"https:\/\/www.sinchisinchi.com\/wp-content\/uploads\/2026\/01\/3b-Verde-SIMPLIFICADO-HORIZONTAL-F-TRANSPARENTE-scaled.png","contentUrl":"https:\/\/www.sinchisinchi.com\/wp-content\/uploads\/2026\/01\/3b-Verde-SIMPLIFICADO-HORIZONTAL-F-TRANSPARENTE-scaled.png","width":2560,"height":457,"caption":"SINCHI S.L"},"image":{"@id":"https:\/\/www.sinchisinchi.com\/es\/#\/schema\/logo\/image\/"},"sameAs":["https:\/\/www.facebook.com\/sinchirape\/","https:\/\/www.instagram.com\/sinchi_rape\/"]}]}},"_links":{"self":[{"href":"https:\/\/www.sinchisinchi.com\/es\/wp-json\/wp\/v2\/product\/255","targetHints":{"allow":["GET"]}}],"collection":[{"href":"https:\/\/www.sinchisinchi.com\/es\/wp-json\/wp\/v2\/product"}],"about":[{"href":"https:\/\/www.sinchisinchi.com\/es\/wp-json\/wp\/v2\/types\/product"}],"wp:featuredmedia":[{"embeddable":true,"href":"https:\/\/www.sinchisinchi.com\/es\/wp-json\/wp\/v2\/media\/12334"}],"wp:attachment":[{"href":"https:\/\/www.sinchisinchi.com\/es\/wp-json\/wp\/v2\/media?parent=255"}],"wp:term":[{"taxonomy":"product_brand","embeddable":true,"href":"https:\/\/www.sinchisinchi.com\/es\/wp-json\/wp\/v2\/product_brand?post=255"},{"taxonomy":"product_cat","embeddable":true,"href":"https:\/\/www.sinchisinchi.com\/es\/wp-json\/wp\/v2\/product_cat?post=255"},{"taxonomy":"product_tag","embeddable":true,"href":"https:\/\/www.sinchisinchi.com\/es\/wp-json\/wp\/v2\/product_tag?post=255"}],"curies":[{"name":"wp","href":"https:\/\/api.w.org\/{rel}","templated":true}]}}