{"id":28011,"date":"2025-05-30T12:57:15","date_gmt":"2025-05-30T12:57:15","guid":{"rendered":"https:\/\/www.sinchisinchi.com\/?post_type=product&#038;p=28011"},"modified":"2026-01-13T07:50:45","modified_gmt":"2026-01-13T07:50:45","slug":"pau-pereira","status":"publish","type":"product","link":"https:\/\/www.sinchisinchi.com\/es\/producto\/pau-pereira\/","title":{"rendered":"Pau Pereira"},"content":{"rendered":"<h2 style=\"font-weight: 400; text-align: center;\">\u00c1rbol Pau Pereira<\/h2>\n<p style=\"font-weight: 400;\">Pau Pereira es un \u00e1rbol de tama\u00f1o mediano, originario de la selva amaz\u00f3nica; es de un amargor extremo, y habita en las zonas no inundables del bosque.<\/p>\n<p style=\"font-weight: 400;\">Tiene un tronco surcado de color marr\u00f3n claro a amarillo; las ramas producen l\u00e1tex.<\/p>\n<p style=\"font-weight: 400;\">Sus hojas presentan vellosidad dorada en el env\u00e9s, tiene vistosas flores blancas, frutos con forma de cuerno, amarillos al madurar, tambi\u00e9n producen l\u00e1tex. Sus semillas son numerosas, blancas y planas.<\/p>\n<h2 style=\"font-weight: 400; text-align: center;\">Propiedades Medicinales<\/h2>\n<p style=\"font-weight: 400;\">El \u00e1rbol Pau Pereira (Geissospermum vellosii), tambi\u00e9n llamado \u201cPao Pereira\u201d, es originario de la selva amaz\u00f3nica; en Am\u00e9rica del Sur ha sido utilizado en la medicina tradicional durante siglos, y forma parte de la herencia popular.<\/p>\n<p style=\"font-weight: 400;\">El Pau Pereira se consume de modo preventivo, para mantenerse saludable. Sus propiedades se obtienen de la corteza del \u00e1rbol, de sabor amargo, que se utiliza en numerosos remedios caseros:<\/p>\n<p style=\"font-weight: 400;\">Para casos de malaria, falta de apetito, mala digesti\u00f3n, mareos, estre\u00f1imiento, contra la fiebre y por sus propiedades t\u00f3nicas, hepatoprotectoras y digestivas.\u00a0 Adem\u00e1s, presenta una potente acci\u00f3n antiviral.<\/p>\n<p style=\"font-weight: 400;\">El extracto del Pao Pereira es amargo, se extrae de la parte interna de la corteza del \u00e1rbol.<\/p>\n<p style=\"font-weight: 400;\">El alcaloide pereirina, descubierto por el farmac\u00e9utico brasile\u00f1o Ezequiel Corr\u00eaa dos Santos, es el principal principio activo de Pau-pereira (Geissospermum vellosii), especialmente presente en su corteza.<\/p>\n<p style=\"font-weight: 400;\">Adem\u00e1s, se ha encontrado la presencia de otros alcaloides: 11-metoxigeissospermidina, flavopereirina y geissosreticulatina y geissospermiculatina.<\/p>\n<h3 style=\"font-weight: 400; text-align: center;\"><strong>Historia reciente<\/strong><\/h3>\n<p style=\"font-weight: 400;\">En 1848, Ezequiel Correa Dos Santos present\u00f3 su tesis en la Facultad de Medicina de R\u00edo de Janeiro, consider\u00e1ndose la primera monograf\u00eda sobre <strong>Pau pereira<\/strong>.<\/p>\n<p style=\"font-weight: 400;\">En 1879, el \u201cMedical Times\u201d public\u00f3 un art\u00edculo del Dr. Torres Homem, profesor de Medicina Cl\u00ednica en la Academia de R\u00edo de Janeiro, que describ\u00eda el m\u00e9todo de extracci\u00f3n del alcaloide pereirina, se\u00f1alando que \u201cno hay m\u00e9dico en Brasil que no haya obtenido buenos resultados usando este extracto en el tratamiento\u00a0de fiebres intermitentes\u201d.<\/p>\n<p style=\"font-weight: 400;\">El estudio \u201c<em>Remedios contra la malaria en la Guayana francesa: el conocimiento del comportamiento y de las pr\u00e1cticas<\/em>\u201d, publicado por la Revista Etnofarmacolog\u00eda, concluy\u00f3 que en la Guayana francesa se bebe un extracto alcoh\u00f3lico de Pau Pereira de forma preventiva, en cuanto aparecen los primeros s\u00edntomas de la fiebre.<\/p>\n<p style=\"font-weight: 400;\">\u201c<em>Fue sorprendente ver que el antipal\u00fadico m\u00e1s importante y conocido de la Amazon\u00eda, el\u00a0<\/em><strong><em>Geissospermum<\/em><\/strong><em>\u00a0spp., se usaba poco de forma curativa, y por el contrario era m\u00e1s utilizado de forma preventiva<\/em>\u201d.<\/p>\n<h3><strong>\u00a0<\/strong><\/h3>\n<h3 style=\"text-align: center;\"><strong>Acci\u00f3n Anticancerosa<\/strong><\/h3>\n<p style=\"font-weight: 400;\">Mirko Beljanski (1923-1998), Doctor en Ciencias e investigador del Institut Pasteur de Par\u00eds, fue el primero en estudiar la acci\u00f3n anticancerosa de\u00a0<em>Geissospermum Vellosii<\/em>, con un extracto selectivamente eficaz contra las c\u00e9lulas cancerosas, que no penetra en las c\u00e9lulas sanas.<\/p>\n<p style=\"font-weight: 400;\">En 1884, el \u201cMedical Times\u201d de Londres public\u00f3 en la secci\u00f3n \u201cNotas, consultas y respuestas\u00bb un comentario firmado por Richard G. Daunt (p 443): \u201cLa eficacia del pereirine es extraordinaria y a menudo he observado su \u00e9xito despu\u00e9s del fracaso de la quinina\u201d.<\/p>\n<p style=\"font-weight: 400;\">En Francia, 1884, el Dr. Tibiri\u00e7a de la\u00a0<em>Medical Unio<\/em>n escribi\u00f3 en \u201cThe Journal of the Newspapers\u201d: \u201c<em>Pereirina es m\u00e1s efectivo que la quinina, cuya acci\u00f3n terap\u00e9utica dobla, y al mismo tiempo previene los malos efectos cuando se aplica una dosis alta<\/em>\u201d.<\/p>\n<p>Los extractos de Pao Pereira no tienen efectos secundarios; En ausencia de c\u00e9lulas cancerosas donde se fijan, las mol\u00e9culas se eliminan r\u00e1pidamente, ya que solo se establecen en c\u00e9lulas desordenadas.<\/p>\n<p style=\"font-weight: 400;\">Por ello, estos extractos pueden usarse como medida preventiva en estados precancerosos o por personas en alto riesgo (familiar, ambiental&#8230;), as\u00ed como herramienta de mantenimiento para personas que acaban de regresar a la salud.<\/p>\n<p style=\"font-weight: 400;\">De forma similar, el fragmento de ARN puede usarse para prevenir y reparar roturas cromos\u00f3micas que acompa\u00f1an a los ex\u00e1menes de radiaci\u00f3n ionizante (mamograf\u00eda, gammagraf\u00eda, rayos X, etc.).<\/p>\n<p style=\"font-weight: 400;\">Adem\u00e1s, Pau Pereira posee una potente acci\u00f3n antiviral. El extracto de Pao Pereira inhibe la replicaci\u00f3n de los virus; inhibe tanto la transcriptasa inversa como la polimerasa, las cuales permiten que los virus se multipliquen, por lo que es un excelente agente antiviral de amplio espectro.<\/p>\n","protected":false},"excerpt":{"rendered":"<p style=\"font-weight: 400;\">Pau Pereira es un rap\u00e9 fuerte, tradicionalmente usado por tribus Amaz\u00f3nicas para limpiar y alinear los canales energ\u00e9ticos, proporcionar quietud a la mente, liberar energ\u00edas negativas, fortalecer el trabajo espiritual y promover pensamientos positivos.<\/p>\n<p style=\"font-weight: 400;\">Aunque el rap\u00e9 Pau Pereira suele confundirse con el de tsunu debido a los nombres populares regionales, tribus como los Yawanaw\u00e1 reconocen el Pau Pereira por sus propiedades \u00fanicas, y aprecian especialmente su ceniza por sus poderosas cualidades espirituales y medicinales, que centran y estabilizan.<\/p>\n<p><strong>-Tama\u00f1o<\/strong>: Frascos de 10 ml (8 a 9 gramos).<\/p>\n<p style=\"font-weight: 400;\"><strong>-Uso:<\/strong> Curiosidad etnobot\u00e1nica.<\/p>\n","protected":false},"featured_media":27947,"template":"","meta":{"_joinchat":[]},"product_brand":[],"product_cat":[712],"product_tag":[],"class_list":{"0":"post-28011","1":"product","2":"type-product","3":"status-publish","4":"has-post-thumbnail","6":"product_cat-etiqueta-roja","8":"first","9":"instock","10":"taxable","11":"shipping-taxable","12":"purchasable","13":"product-type-simple"},"yoast_head":"<!-- This site is optimized with the Yoast SEO plugin v27.4 - https:\/\/yoast.com\/product\/yoast-seo-wordpress\/ -->\n<title>Rap\u00e9 Amaz\u00f3nico Pau Pereira - SINCHI<\/title>\n<meta name=\"description\" content=\"Pau Pereira es un rap\u00e9 fuerte usado por tribus Amaz\u00f3nicas para limpiar y alinear los canales energ\u00e9ticos, as\u00ed como para proporcionar quietud a la mente.\" \/>\n<meta name=\"robots\" content=\"index, follow, max-snippet:-1, max-image-preview:large, max-video-preview:-1\" \/>\n<link rel=\"canonical\" href=\"https:\/\/www.sinchisinchi.com\/es\/producto\/pau-pereira\/\" \/>\n<meta property=\"og:locale\" content=\"es_ES\" \/>\n<meta property=\"og:type\" content=\"article\" \/>\n<meta property=\"og:title\" content=\"Rap\u00e9 Amaz\u00f3nico Pau Pereira - SINCHI\" \/>\n<meta property=\"og:description\" content=\"Pau Pereira es un rap\u00e9 fuerte usado por tribus Amaz\u00f3nicas para limpiar y alinear los canales energ\u00e9ticos, as\u00ed como para proporcionar quietud a la mente.\" \/>\n<meta property=\"og:url\" content=\"https:\/\/www.sinchisinchi.com\/es\/producto\/pau-pereira\/\" \/>\n<meta property=\"og:site_name\" content=\"SINCHI RAP\u00c9\" \/>\n<meta property=\"article:publisher\" content=\"https:\/\/www.facebook.com\/sinchirape\/\" \/>\n<meta property=\"article:modified_time\" content=\"2026-01-13T07:50:45+00:00\" \/>\n<meta property=\"og:image\" content=\"https:\/\/www.sinchisinchi.com\/wp-content\/uploads\/2025\/05\/5-Paupereira.jpg\" \/>\n\t<meta property=\"og:image:width\" content=\"700\" \/>\n\t<meta property=\"og:image:height\" content=\"700\" \/>\n\t<meta property=\"og:image:type\" content=\"image\/jpeg\" \/>\n<meta name=\"twitter:card\" content=\"summary_large_image\" \/>\n<meta name=\"twitter:label1\" content=\"Tiempo de lectura\" \/>\n\t<meta name=\"twitter:data1\" content=\"4 minutos\" \/>\n<script type=\"application\/ld+json\" class=\"yoast-schema-graph\">{\"@context\":\"https:\\\/\\\/schema.org\",\"@graph\":[{\"@type\":\"WebPage\",\"@id\":\"https:\\\/\\\/www.sinchisinchi.com\\\/es\\\/producto\\\/pau-pereira\\\/\",\"url\":\"https:\\\/\\\/www.sinchisinchi.com\\\/es\\\/producto\\\/pau-pereira\\\/\",\"name\":\"Rap\u00e9 Amaz\u00f3nico Pau Pereira - SINCHI\",\"isPartOf\":{\"@id\":\"https:\\\/\\\/www.sinchisinchi.com\\\/es\\\/#website\"},\"primaryImageOfPage\":{\"@id\":\"https:\\\/\\\/www.sinchisinchi.com\\\/es\\\/producto\\\/pau-pereira\\\/#primaryimage\"},\"image\":{\"@id\":\"https:\\\/\\\/www.sinchisinchi.com\\\/es\\\/producto\\\/pau-pereira\\\/#primaryimage\"},\"thumbnailUrl\":\"https:\\\/\\\/www.sinchisinchi.com\\\/wp-content\\\/uploads\\\/2025\\\/05\\\/5-Paupereira.jpg\",\"datePublished\":\"2025-05-30T12:57:15+00:00\",\"dateModified\":\"2026-01-13T07:50:45+00:00\",\"description\":\"Pau Pereira es un rap\u00e9 fuerte usado por tribus Amaz\u00f3nicas para limpiar y alinear los canales energ\u00e9ticos, as\u00ed como para proporcionar quietud a la mente.\",\"breadcrumb\":{\"@id\":\"https:\\\/\\\/www.sinchisinchi.com\\\/es\\\/producto\\\/pau-pereira\\\/#breadcrumb\"},\"inLanguage\":\"es\",\"potentialAction\":[{\"@type\":\"ReadAction\",\"target\":[\"https:\\\/\\\/www.sinchisinchi.com\\\/es\\\/producto\\\/pau-pereira\\\/\"]}]},{\"@type\":\"ImageObject\",\"inLanguage\":\"es\",\"@id\":\"https:\\\/\\\/www.sinchisinchi.com\\\/es\\\/producto\\\/pau-pereira\\\/#primaryimage\",\"url\":\"https:\\\/\\\/www.sinchisinchi.com\\\/wp-content\\\/uploads\\\/2025\\\/05\\\/5-Paupereira.jpg\",\"contentUrl\":\"https:\\\/\\\/www.sinchisinchi.com\\\/wp-content\\\/uploads\\\/2025\\\/05\\\/5-Paupereira.jpg\",\"width\":700,\"height\":700},{\"@type\":\"BreadcrumbList\",\"@id\":\"https:\\\/\\\/www.sinchisinchi.com\\\/es\\\/producto\\\/pau-pereira\\\/#breadcrumb\",\"itemListElement\":[{\"@type\":\"ListItem\",\"position\":1,\"name\":\"Prima pagina\",\"item\":\"https:\\\/\\\/www.sinchisinchi.com\\\/es\\\/\"},{\"@type\":\"ListItem\",\"position\":2,\"name\":\"Productos\",\"item\":\"https:\\\/\\\/www.sinchisinchi.com\\\/es\\\/shop\\\/\"},{\"@type\":\"ListItem\",\"position\":3,\"name\":\"Pau Pereira\"}]},{\"@type\":\"WebSite\",\"@id\":\"https:\\\/\\\/www.sinchisinchi.com\\\/es\\\/#website\",\"url\":\"https:\\\/\\\/www.sinchisinchi.com\\\/es\\\/\",\"name\":\"SINCHI\",\"description\":\"Sinchi Medicine\",\"publisher\":{\"@id\":\"https:\\\/\\\/www.sinchisinchi.com\\\/es\\\/#organization\"},\"potentialAction\":[{\"@type\":\"SearchAction\",\"target\":{\"@type\":\"EntryPoint\",\"urlTemplate\":\"https:\\\/\\\/www.sinchisinchi.com\\\/es\\\/?s={search_term_string}\"},\"query-input\":{\"@type\":\"PropertyValueSpecification\",\"valueRequired\":true,\"valueName\":\"search_term_string\"}}],\"inLanguage\":\"es\"},{\"@type\":\"Organization\",\"@id\":\"https:\\\/\\\/www.sinchisinchi.com\\\/es\\\/#organization\",\"name\":\"SINCHI S.L\",\"url\":\"https:\\\/\\\/www.sinchisinchi.com\\\/es\\\/\",\"logo\":{\"@type\":\"ImageObject\",\"inLanguage\":\"es\",\"@id\":\"https:\\\/\\\/www.sinchisinchi.com\\\/es\\\/#\\\/schema\\\/logo\\\/image\\\/\",\"url\":\"https:\\\/\\\/www.sinchisinchi.com\\\/wp-content\\\/uploads\\\/2026\\\/01\\\/3b-Verde-SIMPLIFICADO-HORIZONTAL-F-TRANSPARENTE-scaled.png\",\"contentUrl\":\"https:\\\/\\\/www.sinchisinchi.com\\\/wp-content\\\/uploads\\\/2026\\\/01\\\/3b-Verde-SIMPLIFICADO-HORIZONTAL-F-TRANSPARENTE-scaled.png\",\"width\":2560,\"height\":457,\"caption\":\"SINCHI S.L\"},\"image\":{\"@id\":\"https:\\\/\\\/www.sinchisinchi.com\\\/es\\\/#\\\/schema\\\/logo\\\/image\\\/\"},\"sameAs\":[\"https:\\\/\\\/www.facebook.com\\\/sinchirape\\\/\",\"https:\\\/\\\/www.instagram.com\\\/sinchi_rape\\\/\"]}]}<\/script>\n<!-- \/ Yoast SEO plugin. -->","yoast_head_json":{"title":"Rap\u00e9 Amaz\u00f3nico Pau Pereira - SINCHI","description":"Pau Pereira es un rap\u00e9 fuerte usado por tribus Amaz\u00f3nicas para limpiar y alinear los canales energ\u00e9ticos, as\u00ed como para proporcionar quietud a la mente.","robots":{"index":"index","follow":"follow","max-snippet":"max-snippet:-1","max-image-preview":"max-image-preview:large","max-video-preview":"max-video-preview:-1"},"canonical":"https:\/\/www.sinchisinchi.com\/es\/producto\/pau-pereira\/","og_locale":"es_ES","og_type":"article","og_title":"Rap\u00e9 Amaz\u00f3nico Pau Pereira - SINCHI","og_description":"Pau Pereira es un rap\u00e9 fuerte usado por tribus Amaz\u00f3nicas para limpiar y alinear los canales energ\u00e9ticos, as\u00ed como para proporcionar quietud a la mente.","og_url":"https:\/\/www.sinchisinchi.com\/es\/producto\/pau-pereira\/","og_site_name":"SINCHI RAP\u00c9","article_publisher":"https:\/\/www.facebook.com\/sinchirape\/","article_modified_time":"2026-01-13T07:50:45+00:00","og_image":[{"width":700,"height":700,"url":"https:\/\/www.sinchisinchi.com\/wp-content\/uploads\/2025\/05\/5-Paupereira.jpg","type":"image\/jpeg"}],"twitter_card":"summary_large_image","twitter_misc":{"Tiempo de lectura":"4 minutos"},"schema":{"@context":"https:\/\/schema.org","@graph":[{"@type":"WebPage","@id":"https:\/\/www.sinchisinchi.com\/es\/producto\/pau-pereira\/","url":"https:\/\/www.sinchisinchi.com\/es\/producto\/pau-pereira\/","name":"Rap\u00e9 Amaz\u00f3nico Pau Pereira - SINCHI","isPartOf":{"@id":"https:\/\/www.sinchisinchi.com\/es\/#website"},"primaryImageOfPage":{"@id":"https:\/\/www.sinchisinchi.com\/es\/producto\/pau-pereira\/#primaryimage"},"image":{"@id":"https:\/\/www.sinchisinchi.com\/es\/producto\/pau-pereira\/#primaryimage"},"thumbnailUrl":"https:\/\/www.sinchisinchi.com\/wp-content\/uploads\/2025\/05\/5-Paupereira.jpg","datePublished":"2025-05-30T12:57:15+00:00","dateModified":"2026-01-13T07:50:45+00:00","description":"Pau Pereira es un rap\u00e9 fuerte usado por tribus Amaz\u00f3nicas para limpiar y alinear los canales energ\u00e9ticos, as\u00ed como para proporcionar quietud a la mente.","breadcrumb":{"@id":"https:\/\/www.sinchisinchi.com\/es\/producto\/pau-pereira\/#breadcrumb"},"inLanguage":"es","potentialAction":[{"@type":"ReadAction","target":["https:\/\/www.sinchisinchi.com\/es\/producto\/pau-pereira\/"]}]},{"@type":"ImageObject","inLanguage":"es","@id":"https:\/\/www.sinchisinchi.com\/es\/producto\/pau-pereira\/#primaryimage","url":"https:\/\/www.sinchisinchi.com\/wp-content\/uploads\/2025\/05\/5-Paupereira.jpg","contentUrl":"https:\/\/www.sinchisinchi.com\/wp-content\/uploads\/2025\/05\/5-Paupereira.jpg","width":700,"height":700},{"@type":"BreadcrumbList","@id":"https:\/\/www.sinchisinchi.com\/es\/producto\/pau-pereira\/#breadcrumb","itemListElement":[{"@type":"ListItem","position":1,"name":"Prima pagina","item":"https:\/\/www.sinchisinchi.com\/es\/"},{"@type":"ListItem","position":2,"name":"Productos","item":"https:\/\/www.sinchisinchi.com\/es\/shop\/"},{"@type":"ListItem","position":3,"name":"Pau Pereira"}]},{"@type":"WebSite","@id":"https:\/\/www.sinchisinchi.com\/es\/#website","url":"https:\/\/www.sinchisinchi.com\/es\/","name":"SINCHI","description":"Sinchi Medicine","publisher":{"@id":"https:\/\/www.sinchisinchi.com\/es\/#organization"},"potentialAction":[{"@type":"SearchAction","target":{"@type":"EntryPoint","urlTemplate":"https:\/\/www.sinchisinchi.com\/es\/?s={search_term_string}"},"query-input":{"@type":"PropertyValueSpecification","valueRequired":true,"valueName":"search_term_string"}}],"inLanguage":"es"},{"@type":"Organization","@id":"https:\/\/www.sinchisinchi.com\/es\/#organization","name":"SINCHI S.L","url":"https:\/\/www.sinchisinchi.com\/es\/","logo":{"@type":"ImageObject","inLanguage":"es","@id":"https:\/\/www.sinchisinchi.com\/es\/#\/schema\/logo\/image\/","url":"https:\/\/www.sinchisinchi.com\/wp-content\/uploads\/2026\/01\/3b-Verde-SIMPLIFICADO-HORIZONTAL-F-TRANSPARENTE-scaled.png","contentUrl":"https:\/\/www.sinchisinchi.com\/wp-content\/uploads\/2026\/01\/3b-Verde-SIMPLIFICADO-HORIZONTAL-F-TRANSPARENTE-scaled.png","width":2560,"height":457,"caption":"SINCHI S.L"},"image":{"@id":"https:\/\/www.sinchisinchi.com\/es\/#\/schema\/logo\/image\/"},"sameAs":["https:\/\/www.facebook.com\/sinchirape\/","https:\/\/www.instagram.com\/sinchi_rape\/"]}]}},"_links":{"self":[{"href":"https:\/\/www.sinchisinchi.com\/es\/wp-json\/wp\/v2\/product\/28011","targetHints":{"allow":["GET"]}}],"collection":[{"href":"https:\/\/www.sinchisinchi.com\/es\/wp-json\/wp\/v2\/product"}],"about":[{"href":"https:\/\/www.sinchisinchi.com\/es\/wp-json\/wp\/v2\/types\/product"}],"wp:featuredmedia":[{"embeddable":true,"href":"https:\/\/www.sinchisinchi.com\/es\/wp-json\/wp\/v2\/media\/27947"}],"wp:attachment":[{"href":"https:\/\/www.sinchisinchi.com\/es\/wp-json\/wp\/v2\/media?parent=28011"}],"wp:term":[{"taxonomy":"product_brand","embeddable":true,"href":"https:\/\/www.sinchisinchi.com\/es\/wp-json\/wp\/v2\/product_brand?post=28011"},{"taxonomy":"product_cat","embeddable":true,"href":"https:\/\/www.sinchisinchi.com\/es\/wp-json\/wp\/v2\/product_cat?post=28011"},{"taxonomy":"product_tag","embeddable":true,"href":"https:\/\/www.sinchisinchi.com\/es\/wp-json\/wp\/v2\/product_tag?post=28011"}],"curies":[{"name":"wp","href":"https:\/\/api.w.org\/{rel}","templated":true}]}}