{"id":28020,"date":"2025-05-30T12:12:36","date_gmt":"2025-05-30T12:12:36","guid":{"rendered":"https:\/\/www.sinchisinchi.com\/?post_type=product&#038;p=28020"},"modified":"2026-01-13T07:51:06","modified_gmt":"2026-01-13T07:51:06","slug":"copaiba","status":"publish","type":"product","link":"https:\/\/www.sinchisinchi.com\/es\/producto\/copaiba\/","title":{"rendered":"Copa\u00edba"},"content":{"rendered":"<h2 style=\"font-weight: 400; text-align: center;\"><strong>El \u00e1rbol Copa\u00edba<\/strong><\/h2>\n<p style=\"font-weight: 400;\">El \u00e1rbol Copa\u00edba (Copaifera langsdorffii, Copaifera officinalis&#8230;), tambi\u00e9n conocido como \u00e1rbol del di\u00e9sel, es com\u00fan y muy popular en Brasil por su apreciada resina, muy usada desde hace miles de a\u00f1os como remedio medicinal para curar heridas tanto externas como internas.<\/p>\n<p style=\"font-weight: 400;\">El nombre Copa\u00edba proviene del guaran\u00ed y significa \u00bbel \u00e1rbol que cura\u00bb. Popularmente, tambi\u00e9n es llamada Palo de aceite, tacamaca, cabima, \u00e1rbol del aceite, copai o copaib\u00ed.<\/p>\n<p style=\"font-weight: 400;\">Pertenece a la familia de las fab\u00e1ceas, es originario de Latinoam\u00e9rica y \u00c1frica Occidental, con una gran presencia en la selva amaz\u00f3nica.<\/p>\n<p style=\"font-weight: 400;\">Es un \u00e1rbol de copa alta y abierta, de entre 10 y 40 metros de altura, con hojas sin vellosidad y brotes rojizos. Sus flores son blancas a verde crema, peque\u00f1as, hermafroditas, reunidas en racimos. Sus frutos, de hasta 3 cm de largo, son rojizos al madurar.<\/p>\n<p>Produce una gran cantidad de hidrocarburos en su madera y hojas, entre 30 a 53 litros por a\u00f1o. El compuesto principal en el aceite es una oleorresina \u00fatil para la producci\u00f3n de productos como biodi\u00e9sel.<\/p>\n<div class=\"row\"  id=\"row-1968869264\">\n\n\t<div id=\"col-90161831\" class=\"col medium-2 small-12 large-2\"  >\n\t\t\t\t<div class=\"col-inner\"  >\n\t\t\t\n\t\t\t\n\t\t<\/div>\n\t\t\t\t\t<\/div>\n\n\t\n\n\t<div id=\"col-1166295201\" class=\"col medium-8 small-12 large-8\"  >\n\t\t\t\t<div class=\"col-inner\"  >\n\t\t\t\n\t\t\t\n<div class=\"video video-fit mb\" style=\"padding-top:56.25%;\"><p><iframe loading=\"lazy\" title=\"Plan de Conservaci\u00f3n y Manejo del Palo de Aceite - Copaiba Tree Conservation and Management Plan\" width=\"1020\" height=\"574\" src=\"https:\/\/www.youtube.com\/embed\/KZsG17BomwA?feature=oembed\" frameborder=\"0\" allow=\"accelerometer; autoplay; clipboard-write; encrypted-media; gyroscope; picture-in-picture; web-share\" referrerpolicy=\"strict-origin-when-cross-origin\" allowfullscreen><\/iframe><\/p>\n<\/div>\n\t\t<\/div>\n\t\t\t\t\t<\/div>\n\n\t\n\n\t<div id=\"col-1805408835\" class=\"col medium-2 small-12 large-2\"  >\n\t\t\t\t<div class=\"col-inner\"  >\n\t\t\t\n\t\t\t\n\t\t<\/div>\n\t\t\t\t\t<\/div>\n\n\t\n<\/div>\n\t<div id=\"gap-1551925409\" class=\"gap-element clearfix\" style=\"display:block; height:auto;\">\n\t\t\n<style>\n#gap-1551925409 {\n  padding-top: 30px;\n}\n<\/style>\n\t<\/div>\n\t\n<h2 style=\"font-weight: 400; text-align: center;\"><strong>Resina Copa\u00edba<\/strong><\/h2>\n<p style=\"font-weight: 400;\"><strong>\u00a0<\/strong>La resina de Copaiba se extrae practicando un agujero en la corteza, del que brota una sustancia viscosa de color marr\u00f3n amarillento; de esta resina se obtiene el aceite de Copaiba, tambi\u00e9n <strong>conocido como el \u00abaceite de la vida\u00bb.<\/strong><\/p>\n<p style=\"font-weight: 400;\">Esta resina tiene poderosas propiedades antiinflamatorias y fortalece el sistema inmunitario, entre otras muchas propiedades medicinales. En la medicina popular, se usa para mejorar el estado de \u00e1nimo y aliviar el estr\u00e9s y la ansiedad.<\/p>\n<p style=\"font-weight: 400;\">En la selva amaz\u00f3nica, las tribus nativas usan productos extra\u00eddos del \u00e1rbol Copaiba desde hace m\u00e1s de 400 a\u00f1os, existiendo registros del uso de copaiba en Brasil desde antes de la colonizaci\u00f3n portuguesa.<\/p>\n<p style=\"font-weight: 400;\">Seg\u00fan la leyenda, los nativos brasile\u00f1os observaron que los animales se frotaban contra el tronco del \u00e1rbol de copaiba para sanar sus lesiones, descubriendo as\u00ed sus propiedades medicinales.<\/p>\n<p style=\"font-weight: 400;\">La especie Copa\u00edfera langsdorffii, tambi\u00e9n conocida como \u00e1rbol di\u00e9sel, Copa\u00edba-verdade, Copiava o B\u00e1lsamo de copa\u00edba, es la m\u00e1s apreciada por sus propiedades medicinales.<\/p>\n<div class=\"row\"  id=\"row-777764162\">\n\n\t<div id=\"col-1107998625\" class=\"col medium-2 small-12 large-2\"  >\n\t\t\t\t<div class=\"col-inner\"  >\n\t\t\t\n\t\t\t\n\t\t<\/div>\n\t\t\t\t\t<\/div>\n\n\t\n\n\t<div id=\"col-1491890453\" class=\"col medium-8 small-12 large-8\"  >\n\t\t\t\t<div class=\"col-inner\"  >\n\t\t\t\n\t\t\t\n<div class=\"video video-fit mb\" style=\"padding-top:56.25%;\"><p><iframe loading=\"lazy\" title=\"CAPUSLA ACEITE DE COPAIBO\" width=\"1020\" height=\"574\" src=\"https:\/\/www.youtube.com\/embed\/eVEoAGXdNYs?feature=oembed\" frameborder=\"0\" allow=\"accelerometer; autoplay; clipboard-write; encrypted-media; gyroscope; picture-in-picture; web-share\" referrerpolicy=\"strict-origin-when-cross-origin\" allowfullscreen><\/iframe><\/p>\n<\/div>\n\t\t<\/div>\n\t\t\t\t\t<\/div>\n\n\t\n\n\t<div id=\"col-1474049394\" class=\"col medium-2 small-12 large-2\"  >\n\t\t\t\t<div class=\"col-inner\"  >\n\t\t\t\n\t\t\t\n\t\t<\/div>\n\t\t\t\t\t<\/div>\n\n\t\n<\/div>\n\t<div id=\"gap-274674671\" class=\"gap-element clearfix\" style=\"display:block; height:auto;\">\n\t\t\n<style>\n#gap-274674671 {\n  padding-top: 30px;\n}\n<\/style>\n\t<\/div>\n\t\n<h2 style=\"font-weight: 400; text-align: center;\"><strong>Propiedades Medicinales<\/strong><\/h2>\n<p style=\"font-weight: 400;\">Todas las partes del \u00e1rbol de Copa\u00edba tienen aplicaciones medicinales, como las hojas y la corteza, pero el aceite obtenido de la resina re\u00fane concentradas sus propiedades medicinales.<\/p>\n<p style=\"font-weight: 400;\"><strong>\u00a0<\/strong>La copaiba es un poderoso antiinflamatorio, fortalece el sistema inmune, mejora el estado de \u00e1nimo aliviando el estr\u00e9s y la ansiedad.<\/p>\n<p style=\"font-weight: 400;\">Las propiedades de este \u00e1rbol, sagrado para las tribus amaz\u00f3nicas, son infinitas: antied\u00e9mica, analg\u00e9sica, antiblenorr\u00e1gica, antis\u00e9ptica, antif\u00fangica, hipotensora, diur\u00e9tica, antimicrobiana, relajante muscular, desinfectante, antibacteriana, expectorante, anticancer\u00edgena, antitumoral, astringente, antibi\u00f3tica, emoliente, energizante, cicatrizante del cuero cabelludo, estimulante, laxante, alivia el dolor reum\u00e1tico y mejora la funci\u00f3n renal.<\/p>\n<p style=\"font-weight: 400;\">Tradicionalmente, se usa especialmente en el tratamiento de enfermedades de la piel, picaduras de insectos y la curaci\u00f3n de heridas.<\/p>\n<p><span style=\"font-weight: 400;\">Adem\u00e1s, limpia y purifica la piel, ayuda a destapar los poros, trata el acn\u00e9, reduce el eczema, trata la psoriasis. Mantiene la piel suave y sana gracias a su hidrataci\u00f3n, y reduce las cicatrices.<br \/>\n<\/span><\/p>\n\t<div class=\"img has-hover x md-x lg-x y md-y lg-y\" id=\"image_1921981091\">\n\t\t\t\t\t\t\t\t<div class=\"img-inner dark\" >\n\t\t\t<img loading=\"lazy\" decoding=\"async\" width=\"1020\" height=\"663\" src=\"https:\/\/www.sinchisinchi.com\/wp-content\/uploads\/2025\/05\/1-Copaiba-Arbol-1024x666.jpeg\" class=\"attachment-large size-large\" alt=\"\" srcset=\"https:\/\/www.sinchisinchi.com\/wp-content\/uploads\/2025\/05\/1-Copaiba-Arbol-1024x666.jpeg 1024w, https:\/\/www.sinchisinchi.com\/wp-content\/uploads\/2025\/05\/1-Copaiba-Arbol-600x390.jpeg 600w, https:\/\/www.sinchisinchi.com\/wp-content\/uploads\/2025\/05\/1-Copaiba-Arbol-768x499.jpeg 768w, https:\/\/www.sinchisinchi.com\/wp-content\/uploads\/2025\/05\/1-Copaiba-Arbol-247x161.jpeg 247w, https:\/\/www.sinchisinchi.com\/wp-content\/uploads\/2025\/05\/1-Copaiba-Arbol-510x332.jpeg 510w, https:\/\/www.sinchisinchi.com\/wp-content\/uploads\/2025\/05\/1-Copaiba-Arbol.jpeg 1204w\" sizes=\"auto, (max-width: 1020px) 100vw, 1020px\" \/>\t\t\t\t\t\t\n\t\t\t\t\t<\/div>\n\t\t\t\t\t\t\t\t\n<style>\n#image_1921981091 {\n  width: 100%;\n}\n<\/style>\n\t<\/div>\n\t\n","protected":false},"excerpt":{"rendered":"<p style=\"font-weight: 400;\">El rap\u00e9 de Copa\u00edba es una variedad fuerte, tradicionalmente empleada en ocasiones puntuales; contiene cenizas del tronco del \u00e1rbol de copa\u00edba (Copaifera langsdorffii), tradicionalmente usada para la limpieza f\u00edsica, la purga y la liberaci\u00f3n de tensiones.<\/p>\n<p style=\"font-weight: 400;\">De aroma terroso, proporciona un reconfortante efecto calmante a cuerpo y mente.<\/p>\n<p style=\"font-weight: 400;\">Eleva la vibraci\u00f3n, clarifica la mente y promueve la armon\u00eda y el equilibrio f\u00edsico, mental y emocional, trabajando especialmente en los chakras corona y coraz\u00f3n.<\/p>\n<p style=\"font-weight: 400;\"><strong>-Tama\u00f1o<\/strong>: Frascos de 10 ml (8 a 9 gramos).<\/p>\n<p style=\"font-weight: 400;\"><strong>-Uso:<\/strong> Curiosidad etnobot\u00e1nica.<\/p>\n","protected":false},"featured_media":27915,"template":"","meta":{"_joinchat":[]},"product_brand":[],"product_cat":[711],"product_tag":[],"class_list":{"0":"post-28020","1":"product","2":"type-product","3":"status-publish","4":"has-post-thumbnail","6":"product_cat-etiqueta-verde","8":"first","9":"instock","10":"taxable","11":"shipping-taxable","12":"purchasable","13":"product-type-simple"},"yoast_head":"<!-- This site is optimized with the Yoast SEO plugin v27.4 - https:\/\/yoast.com\/product\/yoast-seo-wordpress\/ -->\n<title>Rap\u00e9 de Copa\u00edba - SINCHI RAP\u00c9<\/title>\n<meta name=\"description\" content=\"El Rap\u00e9 Copaiba eleva la vibraci\u00f3n, clarifica la mente y promueve el equilibrio f\u00edsico, mental y emocional, trabajando en los chakras corona y coraz\u00f3n.\" \/>\n<meta name=\"robots\" content=\"index, follow, max-snippet:-1, max-image-preview:large, max-video-preview:-1\" \/>\n<link rel=\"canonical\" href=\"https:\/\/www.sinchisinchi.com\/es\/producto\/copaiba\/\" \/>\n<meta property=\"og:locale\" content=\"es_ES\" \/>\n<meta property=\"og:type\" content=\"article\" \/>\n<meta property=\"og:title\" content=\"Rap\u00e9 de Copa\u00edba - SINCHI RAP\u00c9\" \/>\n<meta property=\"og:description\" content=\"El Rap\u00e9 Copaiba eleva la vibraci\u00f3n, clarifica la mente y promueve el equilibrio f\u00edsico, mental y emocional, trabajando en los chakras corona y coraz\u00f3n.\" \/>\n<meta property=\"og:url\" content=\"https:\/\/www.sinchisinchi.com\/es\/producto\/copaiba\/\" \/>\n<meta property=\"og:site_name\" content=\"SINCHI RAP\u00c9\" \/>\n<meta property=\"article:publisher\" content=\"https:\/\/www.facebook.com\/sinchirape\/\" \/>\n<meta property=\"article:modified_time\" content=\"2026-01-13T07:51:06+00:00\" \/>\n<meta property=\"og:image\" content=\"https:\/\/www.sinchisinchi.com\/wp-content\/uploads\/2025\/05\/3-Copaiba.jpg\" \/>\n\t<meta property=\"og:image:width\" content=\"700\" \/>\n\t<meta property=\"og:image:height\" content=\"700\" \/>\n\t<meta property=\"og:image:type\" content=\"image\/jpeg\" \/>\n<meta name=\"twitter:card\" content=\"summary_large_image\" \/>\n<meta name=\"twitter:label1\" content=\"Tiempo de lectura\" \/>\n\t<meta name=\"twitter:data1\" content=\"3 minutos\" \/>\n<script type=\"application\/ld+json\" class=\"yoast-schema-graph\">{\"@context\":\"https:\\\/\\\/schema.org\",\"@graph\":[{\"@type\":\"WebPage\",\"@id\":\"https:\\\/\\\/www.sinchisinchi.com\\\/es\\\/producto\\\/copaiba\\\/\",\"url\":\"https:\\\/\\\/www.sinchisinchi.com\\\/es\\\/producto\\\/copaiba\\\/\",\"name\":\"Rap\u00e9 de Copa\u00edba - SINCHI RAP\u00c9\",\"isPartOf\":{\"@id\":\"https:\\\/\\\/www.sinchisinchi.com\\\/es\\\/#website\"},\"primaryImageOfPage\":{\"@id\":\"https:\\\/\\\/www.sinchisinchi.com\\\/es\\\/producto\\\/copaiba\\\/#primaryimage\"},\"image\":{\"@id\":\"https:\\\/\\\/www.sinchisinchi.com\\\/es\\\/producto\\\/copaiba\\\/#primaryimage\"},\"thumbnailUrl\":\"https:\\\/\\\/www.sinchisinchi.com\\\/wp-content\\\/uploads\\\/2025\\\/05\\\/3-Copaiba.jpg\",\"datePublished\":\"2025-05-30T12:12:36+00:00\",\"dateModified\":\"2026-01-13T07:51:06+00:00\",\"description\":\"El Rap\u00e9 Copaiba eleva la vibraci\u00f3n, clarifica la mente y promueve el equilibrio f\u00edsico, mental y emocional, trabajando en los chakras corona y coraz\u00f3n.\",\"breadcrumb\":{\"@id\":\"https:\\\/\\\/www.sinchisinchi.com\\\/es\\\/producto\\\/copaiba\\\/#breadcrumb\"},\"inLanguage\":\"es\",\"potentialAction\":[{\"@type\":\"ReadAction\",\"target\":[\"https:\\\/\\\/www.sinchisinchi.com\\\/es\\\/producto\\\/copaiba\\\/\"]}]},{\"@type\":\"ImageObject\",\"inLanguage\":\"es\",\"@id\":\"https:\\\/\\\/www.sinchisinchi.com\\\/es\\\/producto\\\/copaiba\\\/#primaryimage\",\"url\":\"https:\\\/\\\/www.sinchisinchi.com\\\/wp-content\\\/uploads\\\/2025\\\/05\\\/3-Copaiba.jpg\",\"contentUrl\":\"https:\\\/\\\/www.sinchisinchi.com\\\/wp-content\\\/uploads\\\/2025\\\/05\\\/3-Copaiba.jpg\",\"width\":700,\"height\":700},{\"@type\":\"BreadcrumbList\",\"@id\":\"https:\\\/\\\/www.sinchisinchi.com\\\/es\\\/producto\\\/copaiba\\\/#breadcrumb\",\"itemListElement\":[{\"@type\":\"ListItem\",\"position\":1,\"name\":\"Prima pagina\",\"item\":\"https:\\\/\\\/www.sinchisinchi.com\\\/es\\\/\"},{\"@type\":\"ListItem\",\"position\":2,\"name\":\"Productos\",\"item\":\"https:\\\/\\\/www.sinchisinchi.com\\\/es\\\/shop\\\/\"},{\"@type\":\"ListItem\",\"position\":3,\"name\":\"Copa\u00edba\"}]},{\"@type\":\"WebSite\",\"@id\":\"https:\\\/\\\/www.sinchisinchi.com\\\/es\\\/#website\",\"url\":\"https:\\\/\\\/www.sinchisinchi.com\\\/es\\\/\",\"name\":\"SINCHI\",\"description\":\"Sinchi Medicine\",\"publisher\":{\"@id\":\"https:\\\/\\\/www.sinchisinchi.com\\\/es\\\/#organization\"},\"potentialAction\":[{\"@type\":\"SearchAction\",\"target\":{\"@type\":\"EntryPoint\",\"urlTemplate\":\"https:\\\/\\\/www.sinchisinchi.com\\\/es\\\/?s={search_term_string}\"},\"query-input\":{\"@type\":\"PropertyValueSpecification\",\"valueRequired\":true,\"valueName\":\"search_term_string\"}}],\"inLanguage\":\"es\"},{\"@type\":\"Organization\",\"@id\":\"https:\\\/\\\/www.sinchisinchi.com\\\/es\\\/#organization\",\"name\":\"SINCHI S.L\",\"url\":\"https:\\\/\\\/www.sinchisinchi.com\\\/es\\\/\",\"logo\":{\"@type\":\"ImageObject\",\"inLanguage\":\"es\",\"@id\":\"https:\\\/\\\/www.sinchisinchi.com\\\/es\\\/#\\\/schema\\\/logo\\\/image\\\/\",\"url\":\"https:\\\/\\\/www.sinchisinchi.com\\\/wp-content\\\/uploads\\\/2026\\\/01\\\/3b-Verde-SIMPLIFICADO-HORIZONTAL-F-TRANSPARENTE-scaled.png\",\"contentUrl\":\"https:\\\/\\\/www.sinchisinchi.com\\\/wp-content\\\/uploads\\\/2026\\\/01\\\/3b-Verde-SIMPLIFICADO-HORIZONTAL-F-TRANSPARENTE-scaled.png\",\"width\":2560,\"height\":457,\"caption\":\"SINCHI S.L\"},\"image\":{\"@id\":\"https:\\\/\\\/www.sinchisinchi.com\\\/es\\\/#\\\/schema\\\/logo\\\/image\\\/\"},\"sameAs\":[\"https:\\\/\\\/www.facebook.com\\\/sinchirape\\\/\",\"https:\\\/\\\/www.instagram.com\\\/sinchi_rape\\\/\"]}]}<\/script>\n<!-- \/ Yoast SEO plugin. -->","yoast_head_json":{"title":"Rap\u00e9 de Copa\u00edba - SINCHI RAP\u00c9","description":"El Rap\u00e9 Copaiba eleva la vibraci\u00f3n, clarifica la mente y promueve el equilibrio f\u00edsico, mental y emocional, trabajando en los chakras corona y coraz\u00f3n.","robots":{"index":"index","follow":"follow","max-snippet":"max-snippet:-1","max-image-preview":"max-image-preview:large","max-video-preview":"max-video-preview:-1"},"canonical":"https:\/\/www.sinchisinchi.com\/es\/producto\/copaiba\/","og_locale":"es_ES","og_type":"article","og_title":"Rap\u00e9 de Copa\u00edba - SINCHI RAP\u00c9","og_description":"El Rap\u00e9 Copaiba eleva la vibraci\u00f3n, clarifica la mente y promueve el equilibrio f\u00edsico, mental y emocional, trabajando en los chakras corona y coraz\u00f3n.","og_url":"https:\/\/www.sinchisinchi.com\/es\/producto\/copaiba\/","og_site_name":"SINCHI RAP\u00c9","article_publisher":"https:\/\/www.facebook.com\/sinchirape\/","article_modified_time":"2026-01-13T07:51:06+00:00","og_image":[{"width":700,"height":700,"url":"https:\/\/www.sinchisinchi.com\/wp-content\/uploads\/2025\/05\/3-Copaiba.jpg","type":"image\/jpeg"}],"twitter_card":"summary_large_image","twitter_misc":{"Tiempo de lectura":"3 minutos"},"schema":{"@context":"https:\/\/schema.org","@graph":[{"@type":"WebPage","@id":"https:\/\/www.sinchisinchi.com\/es\/producto\/copaiba\/","url":"https:\/\/www.sinchisinchi.com\/es\/producto\/copaiba\/","name":"Rap\u00e9 de Copa\u00edba - SINCHI RAP\u00c9","isPartOf":{"@id":"https:\/\/www.sinchisinchi.com\/es\/#website"},"primaryImageOfPage":{"@id":"https:\/\/www.sinchisinchi.com\/es\/producto\/copaiba\/#primaryimage"},"image":{"@id":"https:\/\/www.sinchisinchi.com\/es\/producto\/copaiba\/#primaryimage"},"thumbnailUrl":"https:\/\/www.sinchisinchi.com\/wp-content\/uploads\/2025\/05\/3-Copaiba.jpg","datePublished":"2025-05-30T12:12:36+00:00","dateModified":"2026-01-13T07:51:06+00:00","description":"El Rap\u00e9 Copaiba eleva la vibraci\u00f3n, clarifica la mente y promueve el equilibrio f\u00edsico, mental y emocional, trabajando en los chakras corona y coraz\u00f3n.","breadcrumb":{"@id":"https:\/\/www.sinchisinchi.com\/es\/producto\/copaiba\/#breadcrumb"},"inLanguage":"es","potentialAction":[{"@type":"ReadAction","target":["https:\/\/www.sinchisinchi.com\/es\/producto\/copaiba\/"]}]},{"@type":"ImageObject","inLanguage":"es","@id":"https:\/\/www.sinchisinchi.com\/es\/producto\/copaiba\/#primaryimage","url":"https:\/\/www.sinchisinchi.com\/wp-content\/uploads\/2025\/05\/3-Copaiba.jpg","contentUrl":"https:\/\/www.sinchisinchi.com\/wp-content\/uploads\/2025\/05\/3-Copaiba.jpg","width":700,"height":700},{"@type":"BreadcrumbList","@id":"https:\/\/www.sinchisinchi.com\/es\/producto\/copaiba\/#breadcrumb","itemListElement":[{"@type":"ListItem","position":1,"name":"Prima pagina","item":"https:\/\/www.sinchisinchi.com\/es\/"},{"@type":"ListItem","position":2,"name":"Productos","item":"https:\/\/www.sinchisinchi.com\/es\/shop\/"},{"@type":"ListItem","position":3,"name":"Copa\u00edba"}]},{"@type":"WebSite","@id":"https:\/\/www.sinchisinchi.com\/es\/#website","url":"https:\/\/www.sinchisinchi.com\/es\/","name":"SINCHI","description":"Sinchi Medicine","publisher":{"@id":"https:\/\/www.sinchisinchi.com\/es\/#organization"},"potentialAction":[{"@type":"SearchAction","target":{"@type":"EntryPoint","urlTemplate":"https:\/\/www.sinchisinchi.com\/es\/?s={search_term_string}"},"query-input":{"@type":"PropertyValueSpecification","valueRequired":true,"valueName":"search_term_string"}}],"inLanguage":"es"},{"@type":"Organization","@id":"https:\/\/www.sinchisinchi.com\/es\/#organization","name":"SINCHI S.L","url":"https:\/\/www.sinchisinchi.com\/es\/","logo":{"@type":"ImageObject","inLanguage":"es","@id":"https:\/\/www.sinchisinchi.com\/es\/#\/schema\/logo\/image\/","url":"https:\/\/www.sinchisinchi.com\/wp-content\/uploads\/2026\/01\/3b-Verde-SIMPLIFICADO-HORIZONTAL-F-TRANSPARENTE-scaled.png","contentUrl":"https:\/\/www.sinchisinchi.com\/wp-content\/uploads\/2026\/01\/3b-Verde-SIMPLIFICADO-HORIZONTAL-F-TRANSPARENTE-scaled.png","width":2560,"height":457,"caption":"SINCHI S.L"},"image":{"@id":"https:\/\/www.sinchisinchi.com\/es\/#\/schema\/logo\/image\/"},"sameAs":["https:\/\/www.facebook.com\/sinchirape\/","https:\/\/www.instagram.com\/sinchi_rape\/"]}]}},"_links":{"self":[{"href":"https:\/\/www.sinchisinchi.com\/es\/wp-json\/wp\/v2\/product\/28020","targetHints":{"allow":["GET"]}}],"collection":[{"href":"https:\/\/www.sinchisinchi.com\/es\/wp-json\/wp\/v2\/product"}],"about":[{"href":"https:\/\/www.sinchisinchi.com\/es\/wp-json\/wp\/v2\/types\/product"}],"wp:featuredmedia":[{"embeddable":true,"href":"https:\/\/www.sinchisinchi.com\/es\/wp-json\/wp\/v2\/media\/27915"}],"wp:attachment":[{"href":"https:\/\/www.sinchisinchi.com\/es\/wp-json\/wp\/v2\/media?parent=28020"}],"wp:term":[{"taxonomy":"product_brand","embeddable":true,"href":"https:\/\/www.sinchisinchi.com\/es\/wp-json\/wp\/v2\/product_brand?post=28020"},{"taxonomy":"product_cat","embeddable":true,"href":"https:\/\/www.sinchisinchi.com\/es\/wp-json\/wp\/v2\/product_cat?post=28020"},{"taxonomy":"product_tag","embeddable":true,"href":"https:\/\/www.sinchisinchi.com\/es\/wp-json\/wp\/v2\/product_tag?post=28020"}],"curies":[{"name":"wp","href":"https:\/\/api.w.org\/{rel}","templated":true}]}}