{"id":28944,"date":"2025-10-25T01:42:06","date_gmt":"2025-10-25T01:42:06","guid":{"rendered":"https:\/\/www.sinchisinchi.com\/?post_type=product&#038;p=28944"},"modified":"2026-01-13T07:49:11","modified_gmt":"2026-01-13T07:49:11","slug":"emburana","status":"publish","type":"product","link":"https:\/\/www.sinchisinchi.com\/es\/producto\/emburana\/","title":{"rendered":"Emburana"},"content":{"rendered":"","protected":false},"excerpt":{"rendered":"<p style=\"font-weight: 400;\">Esta poderosa variedad de rap\u00e9 contiene cenizas de Amburana cearensis, un \u00e1rbol nativo brasile\u00f1o conocido como emburana o \u00abcumaru de cheiro\u00bb.<\/p>\n<p style=\"font-weight: 400;\">Los Huni Kuin valoran el \u00e1rbol Emburana por sus propiedades espirituales, portador de energ\u00eda protectora y purificadora, y usan rap\u00e9 de Emburana tanto en ceremonias como en su d\u00eda a d\u00eda para la limpieza mental, energ\u00e9tica y f\u00edsica.<\/p>\n<p style=\"font-weight: 400;\">Emburana es un Rap\u00e9 de intensidad muy fuerte que trabaja los chakras y canales energ\u00e9ticos superiores; ayuda a la meditaci\u00f3n, agudizando los sentidos, aportando claridad mental y enfoque.<\/p>\n<h3 style=\"font-weight: 400; text-align: center;\"><strong>Propiedades medicinales<\/strong><\/h3>\n<p style=\"font-weight: 400;\">Emburana es habitualmente usado en la medicina tradicional Amaz\u00f3nica, muy valorado por sus poderosas propiedades antiinflamatorias, antimicrobianas y antif\u00fangicas.<\/p>\n<p style=\"font-weight: 400;\">Fortalece tanto el cuerpo como el esp\u00edritu, proporcionando una profunda limpieza y sanaci\u00f3n. Alivia los s\u00edntomas de las enfermedades respiratorias; tradicionalmente la corteza se usa en decocciones para aliviar la bronquitis, el asma y la tos.<\/p>\n<p style=\"font-weight: 400;\">Tambi\u00e9n se utiliza para el dolor y la inflamaci\u00f3n, especialmente los relacionados con el reumatismo y los problemas dentales.<\/p>\n<h3 style=\"font-weight: 400; text-align: center;\"><strong>\u00c1rbol Emburana (Amburana cearensis)<\/strong><\/h3>\n<p style=\"font-weight: 400;\">Emburana es nativa de Argentina, Bolivia, Brasil, Paraguay y del Per\u00fa, actualmente muy amenazada por la p\u00e9rdida de su h\u00e1bitat. Pertenece a la familia Fabaceae, y se han descrito seis especies, de las que solo dos son aceptadas.<\/p>\n<p style=\"font-weight: 400;\">Es un \u00e1rbol caducifolio, de 15 a 25 metros de altura, alxanzando en ocasiones hasta 35. Tiene un tronco recto, con corteza de color casta\u00f1o anaranjado, lisa, que se desprende en escamas.<\/p>\n<p style=\"font-weight: 400;\">Su copa es aplanada, con follaje verde oscuro y flores que crecen en racimo, de p\u00e9talos redondos y color blanco. Su fruto es una legumbre dura, de color pardo oscuro, y semilla ovoide de color marr\u00f3n.<\/p>\n<p style=\"font-weight: 400;\">El uso de semillas de Emburana es com\u00fan en la elaboraci\u00f3n de bebidas y otros productos, proporcionando un agradable aroma similar a la vainilla.<\/p>\n","protected":false},"featured_media":27979,"template":"","meta":{"_joinchat":[]},"product_brand":[],"product_cat":[712],"product_tag":[],"class_list":{"0":"post-28944","1":"product","2":"type-product","3":"status-publish","4":"has-post-thumbnail","6":"product_cat-etiqueta-roja","8":"first","9":"instock","10":"taxable","11":"shipping-taxable","12":"purchasable","13":"product-type-simple"},"yoast_head":"<!-- This site is optimized with the Yoast SEO plugin v27.4 - https:\/\/yoast.com\/product\/yoast-seo-wordpress\/ -->\n<title>Rap\u00e9 Amaz\u00f3nico Emburana - SINCHI RAP\u00c9<\/title>\n<meta name=\"description\" content=\"Esta poderosa variedad de rap\u00e9 contiene cenizas de Amburana cearensis, un \u00e1rbol nativo brasile\u00f1o conocido como emburana o &quot;cumaru de cheiro&quot;.\" \/>\n<meta name=\"robots\" content=\"index, follow, max-snippet:-1, max-image-preview:large, max-video-preview:-1\" \/>\n<link rel=\"canonical\" href=\"https:\/\/www.sinchisinchi.com\/es\/producto\/emburana\/\" \/>\n<meta property=\"og:locale\" content=\"es_ES\" \/>\n<meta property=\"og:type\" content=\"article\" \/>\n<meta property=\"og:title\" content=\"Rap\u00e9 Amaz\u00f3nico Emburana - SINCHI RAP\u00c9\" \/>\n<meta property=\"og:description\" content=\"Esta poderosa variedad de rap\u00e9 contiene cenizas de Amburana cearensis, un \u00e1rbol nativo brasile\u00f1o conocido como emburana o &quot;cumaru de cheiro&quot;.\" \/>\n<meta property=\"og:url\" content=\"https:\/\/www.sinchisinchi.com\/es\/producto\/emburana\/\" \/>\n<meta property=\"og:site_name\" content=\"SINCHI RAP\u00c9\" \/>\n<meta property=\"article:publisher\" content=\"https:\/\/www.facebook.com\/sinchirape\/\" \/>\n<meta property=\"article:modified_time\" content=\"2026-01-13T07:49:11+00:00\" \/>\n<meta property=\"og:image\" content=\"https:\/\/www.sinchisinchi.com\/wp-content\/uploads\/2025\/05\/7-Emburana.jpg\" \/>\n\t<meta property=\"og:image:width\" content=\"700\" \/>\n\t<meta property=\"og:image:height\" content=\"700\" \/>\n\t<meta property=\"og:image:type\" content=\"image\/jpeg\" \/>\n<meta name=\"twitter:card\" content=\"summary_large_image\" \/>\n<meta name=\"twitter:label1\" content=\"Tiempo de lectura\" \/>\n\t<meta name=\"twitter:data1\" content=\"1 minuto\" \/>\n<script type=\"application\/ld+json\" class=\"yoast-schema-graph\">{\"@context\":\"https:\\\/\\\/schema.org\",\"@graph\":[{\"@type\":\"WebPage\",\"@id\":\"https:\\\/\\\/www.sinchisinchi.com\\\/es\\\/producto\\\/emburana\\\/\",\"url\":\"https:\\\/\\\/www.sinchisinchi.com\\\/es\\\/producto\\\/emburana\\\/\",\"name\":\"Rap\u00e9 Amaz\u00f3nico Emburana - SINCHI RAP\u00c9\",\"isPartOf\":{\"@id\":\"https:\\\/\\\/www.sinchisinchi.com\\\/es\\\/#website\"},\"primaryImageOfPage\":{\"@id\":\"https:\\\/\\\/www.sinchisinchi.com\\\/es\\\/producto\\\/emburana\\\/#primaryimage\"},\"image\":{\"@id\":\"https:\\\/\\\/www.sinchisinchi.com\\\/es\\\/producto\\\/emburana\\\/#primaryimage\"},\"thumbnailUrl\":\"https:\\\/\\\/www.sinchisinchi.com\\\/wp-content\\\/uploads\\\/2025\\\/05\\\/7-Emburana.jpg\",\"datePublished\":\"2025-10-25T01:42:06+00:00\",\"dateModified\":\"2026-01-13T07:49:11+00:00\",\"description\":\"Esta poderosa variedad de rap\u00e9 contiene cenizas de Amburana cearensis, un \u00e1rbol nativo brasile\u00f1o conocido como emburana o \\\"cumaru de cheiro\\\".\",\"breadcrumb\":{\"@id\":\"https:\\\/\\\/www.sinchisinchi.com\\\/es\\\/producto\\\/emburana\\\/#breadcrumb\"},\"inLanguage\":\"es\",\"potentialAction\":[{\"@type\":\"ReadAction\",\"target\":[\"https:\\\/\\\/www.sinchisinchi.com\\\/es\\\/producto\\\/emburana\\\/\"]}]},{\"@type\":\"ImageObject\",\"inLanguage\":\"es\",\"@id\":\"https:\\\/\\\/www.sinchisinchi.com\\\/es\\\/producto\\\/emburana\\\/#primaryimage\",\"url\":\"https:\\\/\\\/www.sinchisinchi.com\\\/wp-content\\\/uploads\\\/2025\\\/05\\\/7-Emburana.jpg\",\"contentUrl\":\"https:\\\/\\\/www.sinchisinchi.com\\\/wp-content\\\/uploads\\\/2025\\\/05\\\/7-Emburana.jpg\",\"width\":700,\"height\":700},{\"@type\":\"BreadcrumbList\",\"@id\":\"https:\\\/\\\/www.sinchisinchi.com\\\/es\\\/producto\\\/emburana\\\/#breadcrumb\",\"itemListElement\":[{\"@type\":\"ListItem\",\"position\":1,\"name\":\"Prima pagina\",\"item\":\"https:\\\/\\\/www.sinchisinchi.com\\\/es\\\/\"},{\"@type\":\"ListItem\",\"position\":2,\"name\":\"Productos\",\"item\":\"https:\\\/\\\/www.sinchisinchi.com\\\/es\\\/shop\\\/\"},{\"@type\":\"ListItem\",\"position\":3,\"name\":\"Emburana\"}]},{\"@type\":\"WebSite\",\"@id\":\"https:\\\/\\\/www.sinchisinchi.com\\\/es\\\/#website\",\"url\":\"https:\\\/\\\/www.sinchisinchi.com\\\/es\\\/\",\"name\":\"SINCHI\",\"description\":\"Sinchi Medicine\",\"publisher\":{\"@id\":\"https:\\\/\\\/www.sinchisinchi.com\\\/es\\\/#organization\"},\"potentialAction\":[{\"@type\":\"SearchAction\",\"target\":{\"@type\":\"EntryPoint\",\"urlTemplate\":\"https:\\\/\\\/www.sinchisinchi.com\\\/es\\\/?s={search_term_string}\"},\"query-input\":{\"@type\":\"PropertyValueSpecification\",\"valueRequired\":true,\"valueName\":\"search_term_string\"}}],\"inLanguage\":\"es\"},{\"@type\":\"Organization\",\"@id\":\"https:\\\/\\\/www.sinchisinchi.com\\\/es\\\/#organization\",\"name\":\"SINCHI S.L\",\"url\":\"https:\\\/\\\/www.sinchisinchi.com\\\/es\\\/\",\"logo\":{\"@type\":\"ImageObject\",\"inLanguage\":\"es\",\"@id\":\"https:\\\/\\\/www.sinchisinchi.com\\\/es\\\/#\\\/schema\\\/logo\\\/image\\\/\",\"url\":\"https:\\\/\\\/www.sinchisinchi.com\\\/wp-content\\\/uploads\\\/2026\\\/01\\\/3b-Verde-SIMPLIFICADO-HORIZONTAL-F-TRANSPARENTE-scaled.png\",\"contentUrl\":\"https:\\\/\\\/www.sinchisinchi.com\\\/wp-content\\\/uploads\\\/2026\\\/01\\\/3b-Verde-SIMPLIFICADO-HORIZONTAL-F-TRANSPARENTE-scaled.png\",\"width\":2560,\"height\":457,\"caption\":\"SINCHI S.L\"},\"image\":{\"@id\":\"https:\\\/\\\/www.sinchisinchi.com\\\/es\\\/#\\\/schema\\\/logo\\\/image\\\/\"},\"sameAs\":[\"https:\\\/\\\/www.facebook.com\\\/sinchirape\\\/\",\"https:\\\/\\\/www.instagram.com\\\/sinchi_rape\\\/\"]}]}<\/script>\n<!-- \/ Yoast SEO plugin. -->","yoast_head_json":{"title":"Rap\u00e9 Amaz\u00f3nico Emburana - SINCHI RAP\u00c9","description":"Esta poderosa variedad de rap\u00e9 contiene cenizas de Amburana cearensis, un \u00e1rbol nativo brasile\u00f1o conocido como emburana o \"cumaru de cheiro\".","robots":{"index":"index","follow":"follow","max-snippet":"max-snippet:-1","max-image-preview":"max-image-preview:large","max-video-preview":"max-video-preview:-1"},"canonical":"https:\/\/www.sinchisinchi.com\/es\/producto\/emburana\/","og_locale":"es_ES","og_type":"article","og_title":"Rap\u00e9 Amaz\u00f3nico Emburana - SINCHI RAP\u00c9","og_description":"Esta poderosa variedad de rap\u00e9 contiene cenizas de Amburana cearensis, un \u00e1rbol nativo brasile\u00f1o conocido como emburana o \"cumaru de cheiro\".","og_url":"https:\/\/www.sinchisinchi.com\/es\/producto\/emburana\/","og_site_name":"SINCHI RAP\u00c9","article_publisher":"https:\/\/www.facebook.com\/sinchirape\/","article_modified_time":"2026-01-13T07:49:11+00:00","og_image":[{"width":700,"height":700,"url":"https:\/\/www.sinchisinchi.com\/wp-content\/uploads\/2025\/05\/7-Emburana.jpg","type":"image\/jpeg"}],"twitter_card":"summary_large_image","twitter_misc":{"Tiempo de lectura":"1 minuto"},"schema":{"@context":"https:\/\/schema.org","@graph":[{"@type":"WebPage","@id":"https:\/\/www.sinchisinchi.com\/es\/producto\/emburana\/","url":"https:\/\/www.sinchisinchi.com\/es\/producto\/emburana\/","name":"Rap\u00e9 Amaz\u00f3nico Emburana - SINCHI RAP\u00c9","isPartOf":{"@id":"https:\/\/www.sinchisinchi.com\/es\/#website"},"primaryImageOfPage":{"@id":"https:\/\/www.sinchisinchi.com\/es\/producto\/emburana\/#primaryimage"},"image":{"@id":"https:\/\/www.sinchisinchi.com\/es\/producto\/emburana\/#primaryimage"},"thumbnailUrl":"https:\/\/www.sinchisinchi.com\/wp-content\/uploads\/2025\/05\/7-Emburana.jpg","datePublished":"2025-10-25T01:42:06+00:00","dateModified":"2026-01-13T07:49:11+00:00","description":"Esta poderosa variedad de rap\u00e9 contiene cenizas de Amburana cearensis, un \u00e1rbol nativo brasile\u00f1o conocido como emburana o \"cumaru de cheiro\".","breadcrumb":{"@id":"https:\/\/www.sinchisinchi.com\/es\/producto\/emburana\/#breadcrumb"},"inLanguage":"es","potentialAction":[{"@type":"ReadAction","target":["https:\/\/www.sinchisinchi.com\/es\/producto\/emburana\/"]}]},{"@type":"ImageObject","inLanguage":"es","@id":"https:\/\/www.sinchisinchi.com\/es\/producto\/emburana\/#primaryimage","url":"https:\/\/www.sinchisinchi.com\/wp-content\/uploads\/2025\/05\/7-Emburana.jpg","contentUrl":"https:\/\/www.sinchisinchi.com\/wp-content\/uploads\/2025\/05\/7-Emburana.jpg","width":700,"height":700},{"@type":"BreadcrumbList","@id":"https:\/\/www.sinchisinchi.com\/es\/producto\/emburana\/#breadcrumb","itemListElement":[{"@type":"ListItem","position":1,"name":"Prima pagina","item":"https:\/\/www.sinchisinchi.com\/es\/"},{"@type":"ListItem","position":2,"name":"Productos","item":"https:\/\/www.sinchisinchi.com\/es\/shop\/"},{"@type":"ListItem","position":3,"name":"Emburana"}]},{"@type":"WebSite","@id":"https:\/\/www.sinchisinchi.com\/es\/#website","url":"https:\/\/www.sinchisinchi.com\/es\/","name":"SINCHI","description":"Sinchi Medicine","publisher":{"@id":"https:\/\/www.sinchisinchi.com\/es\/#organization"},"potentialAction":[{"@type":"SearchAction","target":{"@type":"EntryPoint","urlTemplate":"https:\/\/www.sinchisinchi.com\/es\/?s={search_term_string}"},"query-input":{"@type":"PropertyValueSpecification","valueRequired":true,"valueName":"search_term_string"}}],"inLanguage":"es"},{"@type":"Organization","@id":"https:\/\/www.sinchisinchi.com\/es\/#organization","name":"SINCHI S.L","url":"https:\/\/www.sinchisinchi.com\/es\/","logo":{"@type":"ImageObject","inLanguage":"es","@id":"https:\/\/www.sinchisinchi.com\/es\/#\/schema\/logo\/image\/","url":"https:\/\/www.sinchisinchi.com\/wp-content\/uploads\/2026\/01\/3b-Verde-SIMPLIFICADO-HORIZONTAL-F-TRANSPARENTE-scaled.png","contentUrl":"https:\/\/www.sinchisinchi.com\/wp-content\/uploads\/2026\/01\/3b-Verde-SIMPLIFICADO-HORIZONTAL-F-TRANSPARENTE-scaled.png","width":2560,"height":457,"caption":"SINCHI S.L"},"image":{"@id":"https:\/\/www.sinchisinchi.com\/es\/#\/schema\/logo\/image\/"},"sameAs":["https:\/\/www.facebook.com\/sinchirape\/","https:\/\/www.instagram.com\/sinchi_rape\/"]}]}},"_links":{"self":[{"href":"https:\/\/www.sinchisinchi.com\/es\/wp-json\/wp\/v2\/product\/28944","targetHints":{"allow":["GET"]}}],"collection":[{"href":"https:\/\/www.sinchisinchi.com\/es\/wp-json\/wp\/v2\/product"}],"about":[{"href":"https:\/\/www.sinchisinchi.com\/es\/wp-json\/wp\/v2\/types\/product"}],"wp:featuredmedia":[{"embeddable":true,"href":"https:\/\/www.sinchisinchi.com\/es\/wp-json\/wp\/v2\/media\/27979"}],"wp:attachment":[{"href":"https:\/\/www.sinchisinchi.com\/es\/wp-json\/wp\/v2\/media?parent=28944"}],"wp:term":[{"taxonomy":"product_brand","embeddable":true,"href":"https:\/\/www.sinchisinchi.com\/es\/wp-json\/wp\/v2\/product_brand?post=28944"},{"taxonomy":"product_cat","embeddable":true,"href":"https:\/\/www.sinchisinchi.com\/es\/wp-json\/wp\/v2\/product_cat?post=28944"},{"taxonomy":"product_tag","embeddable":true,"href":"https:\/\/www.sinchisinchi.com\/es\/wp-json\/wp\/v2\/product_tag?post=28944"}],"curies":[{"name":"wp","href":"https:\/\/api.w.org\/{rel}","templated":true}]}}